{"id":2062,"date":"2021-03-04T17:43:36","date_gmt":"2021-03-04T17:43:36","guid":{"rendered":"https:\/\/www.ghostysky.com\/?post_type=product&#038;p=2062"},"modified":"2024-05-06T22:52:18","modified_gmt":"2024-05-06T22:52:18","slug":"yuneec-etx-camera-for-h520e","status":"publish","type":"product","link":"https:\/\/www.ghostysky.com\/es\/product\/yuneec-etx-camera-for-h520e\/","title":{"rendered":"C\u00e1mara ETX (FLIR\u00ae) para H520E\/H850"},"content":{"rendered":"<div class=\"product--description\">\n<p><strong>C\u00c1MARA T\u00c9RMICA Y DE BAJA LUZ PARA H520E\/H850<\/strong><\/p>\n<p class=\"p1\">El ETX es una soluci\u00f3n rentable, segura y f\u00e1cil de usar para innumerables \u00e1reas de aplicaci\u00f3n:<\/p>\n<ul>\n<li class=\"p1\">Inspecci\u00f3n y construcci\u00f3n de edificios<\/li>\n<li class=\"p1\">Inspecci\u00f3n de sistemas fotovoltaicos<\/li>\n<li class=\"p1\">Agricultura y Bosques<\/li>\n<li class=\"p1\">extinci\u00f3n de incendios<\/li>\n<li class=\"p1\">Aplicaciones policiales y aduaneras<\/li>\n<li class=\"p1\">B\u00fasqueda y rescate<\/li>\n<\/ul>\n<p>&nbsp;<\/p>\n<p><strong>TODO DE UN VISTAZO<\/strong><\/p>\n<ul>\n<li>Medici\u00f3n y visualizaci\u00f3n de temperatura<\/li>\n<li>Varios espectros de color permiten una visualizaci\u00f3n precisa de las fuentes de calor.<\/li>\n<li>Escala de detecci\u00f3n de temperatura ajustable para centrarse en \u00e1reas relevantes<\/li>\n<li>IR montado en card\u00e1n para una visualizaci\u00f3n de detecci\u00f3n suave<\/li>\n<li>El sensor IR grande detecta m\u00e1s detalles en la oscuridad que el ojo humano y es ideal para la vigilancia<\/li>\n<li>Grabaci\u00f3n simult\u00e1nea dual HD e infrarrojos<\/li>\n<li>La luz t\u00e9rmica y disponible se graban simult\u00e1neamente, por lo que el video tiene una precisi\u00f3n de cuadro en la reproducci\u00f3n con c\u00f3digo de tiempo incorporado<\/li>\n<li>Compatible con H520E-OFDM<\/li>\n<\/ul>\n<p>&nbsp;<\/p>\n<\/div>\n<div class=\"product--properties panel has--border\">\n<table class=\"product--properties-table\">\n<tbody>\n<tr class=\"product--properties-row\">\n<td class=\"product--properties-label is--bold\">Peso:<\/td>\n<td class=\"product--properties-value\">326g<\/td>\n<\/tr>\n<tr class=\"product--properties-row\">\n<td class=\"product--properties-label is--bold\">card\u00e1n:<\/td>\n<td class=\"product--properties-value\">\u2014\u2014\u2014\u2014\u2014<\/td>\n<\/tr>\n<tr class=\"product--properties-row\">\n<td class=\"product--properties-label is--bold\">Rango de vibraci\u00f3n angular:<\/td>\n<td class=\"product--properties-value\">\u00b10,02\u00b0<\/td>\n<\/tr>\n<tr class=\"product--properties-row\">\n<td class=\"product--properties-label is--bold\">Rango controlable:<\/td>\n<td class=\"product--properties-value\">Inclinaci\u00f3n: -110 \u00b0 a 30 \u00b0 \/ Pan: \u00b1 165 \u00b0<\/td>\n<\/tr>\n<tr class=\"product--properties-row\">\n<td class=\"product--properties-label is--bold\">m\u00e1x. Velocidad angular:<\/td>\n<td class=\"product--properties-value\">Inclinaci\u00f3n: 15\u00b0\/s, panor\u00e1mica 120\u00b0\/s<\/td>\n<\/tr>\n<tr class=\"product--properties-row\">\n<td class=\"product--properties-label is--bold\">Temperatura de funcionamiento:<\/td>\n<td class=\"product--properties-value\">\ufe6310\u00b0C \u2013 65\u2103<\/td>\n<\/tr>\n<tr class=\"product--properties-row\">\n<td class=\"product--properties-label is--bold\">PARTE INFRARROJA:<\/td>\n<td class=\"product--properties-value\">\u2014\u2014\u2014\u2014\u2014<\/td>\n<\/tr>\n<tr class=\"product--properties-row\">\n<td class=\"product--properties-label is--bold\">campo de visi\u00f3n, diagonal:<\/td>\n<td class=\"product--properties-value\">C\u00e1mara con poca luz: 90\u00b0 \/\/ C\u00e1mara termogr\u00e1fica: 71\u00b0<\/td>\n<\/tr>\n<tr class=\"product--properties-row\">\n<td class=\"product--properties-label is--bold\">Campo de visi\u00f3n, horizontal:<\/td>\n<td class=\"product--properties-value\">C\u00e1mara termogr\u00e1fica: 56\u00b0<\/td>\n<\/tr>\n<tr class=\"product--properties-row\">\n<td class=\"product--properties-label is--bold\">Sensibilidad:<\/td>\n<td class=\"product--properties-value\">&lt; 50 mK<\/td>\n<\/tr>\n<tr class=\"product--properties-row\">\n<td class=\"product--properties-label is--bold\">Tama\u00f1o de p\u00edxel:<\/td>\n<td class=\"product--properties-value\">12um<\/td>\n<\/tr>\n<tr class=\"product--properties-row\">\n<td class=\"product--properties-label is--bold\">Frecuencia:<\/td>\n<td class=\"product--properties-value\">9Hz<\/td>\n<\/tr>\n<tr class=\"product--properties-row\">\n<td class=\"product--properties-label is--bold\">Formato de foto:<\/td>\n<td class=\"product--properties-value\">JPG, TIFF<\/td>\n<\/tr>\n<tr class=\"product--properties-row\">\n<td class=\"product--properties-label is--bold\">Formato de video:<\/td>\n<td class=\"product--properties-value\">MP4<\/td>\n<\/tr>\n<tr class=\"product--properties-row\">\n<td class=\"product--properties-label is--bold\">Compensaci\u00f3n de temperatura:<\/td>\n<td class=\"product--properties-value\">Auto<\/td>\n<\/tr>\n<tr class=\"product--properties-row\">\n<td class=\"product--properties-label is--bold\">Resoluci\u00f3n:<\/td>\n<td class=\"product--properties-value\">160X120<\/td>\n<\/tr>\n<tr class=\"product--properties-row\">\n<td class=\"product--properties-label is--bold\">Rango de medici\u00f3n de temperatura:<\/td>\n<td class=\"product--properties-value\">-10\u00b0 \u2013 180\u00b0<\/td>\n<\/tr>\n<tr class=\"product--properties-row\">\n<td class=\"product--properties-label is--bold\">PARTE \u00d3PTICA:<\/td>\n<td class=\"product--properties-value\">\u2014\u2014\u2014\u2013<\/td>\n<\/tr>\n<tr class=\"product--properties-row\">\n<td class=\"product--properties-label is--bold\">Sensor:<\/td>\n<td class=\"product--properties-value\">1\/2.8\u2033 2.13MP<\/td>\n<\/tr>\n<tr class=\"product--properties-row\">\n<td class=\"product--properties-label is--bold\">Abertura:<\/td>\n<td class=\"product--properties-value\">F2.8<\/td>\n<\/tr>\n<tr class=\"product--properties-row\">\n<td class=\"product--properties-label is--bold\">Equivalente, distancia focal:<\/td>\n<td class=\"product--properties-value\">23 mm<\/td>\n<\/tr>\n<tr class=\"product--properties-row\">\n<td class=\"product--properties-label is--bold\">Rango ISO:<\/td>\n<td class=\"product--properties-value\">100 \u2013 3200<\/td>\n<\/tr>\n<tr class=\"product--properties-row\">\n<td class=\"product--properties-label is--bold\">Velocidad de obturaci\u00f3n:<\/td>\n<td class=\"product--properties-value\">1\/30 - 1\/8000s<\/td>\n<\/tr>\n<tr class=\"product--properties-row\">\n<td class=\"product--properties-label is--bold\">Resoluci\u00f3n de video:<\/td>\n<td class=\"product--properties-value\">1920x1080p \/ 30FPS<\/td>\n<\/tr>\n<\/tbody>\n<\/table>\n<\/div>","protected":false},"excerpt":{"rendered":"<div class=\"content--title\">El ETX (FLIR<sup>\u00ae<\/sup>) es una combinaci\u00f3n innovadora de card\u00e1n de 3 ejes, c\u00e1mara termogr\u00e1fica y c\u00e1mara de poca luz. Mientras que la c\u00e1mara de im\u00e1genes t\u00e9rmicas mide selectivamente la temperatura en la imagen, lo que le permite mostrar las diferencias de temperatura relativas, la c\u00e1mara RGB para condiciones de poca luz tiene una sensibilidad 20 veces mayor que el ojo humano y a\u00fan puede tomar fotograf\u00edas excelentes incluso en condiciones de poca luz. Ambas im\u00e1genes se transmiten en vivo en su control remoto al mismo tiempo y se pueden ver por separado como una imagen en imagen o como una superposici\u00f3n. El card\u00e1n ETX es capaz de una rotaci\u00f3n continua del eje de gui\u00f1ada de 330\u00b0. Esta caracter\u00edstica \u00fanica, cuando se combina con el tren de aterrizaje retr\u00e1ctil H520E, proporciona al operador una vista de c\u00e1mara continua y sin obstrucciones y la capacidad de desplazar la c\u00e1mara continuamente sin desviar el fuselaje.<\/div>\n<p>&nbsp;<\/p>","protected":false},"featured_media":2063,"comment_status":"open","ping_status":"closed","template":"","meta":[],"product_brand":[],"product_cat":[120,29,118],"product_tag":[62,140,122,389,59,121],"class_list":{"0":"post-2062","1":"product","2":"type-product","3":"status-publish","4":"has-post-thumbnail","6":"product_cat-yuneec-cameras","7":"product_cat-drones","8":"product_cat-yuneec","9":"product_tag-camera","10":"product_tag-etx","11":"product_tag-h520e","12":"product_tag-h850","13":"product_tag-thermal-camera","14":"product_tag-yuneec","16":"first","17":"onbackorder","18":"taxable","19":"shipping-taxable","20":"product-type-simple"},"yoast_head":"<!-- This site is optimized with the Yoast SEO plugin v27.4 - https:\/\/yoast.com\/product\/yoast-seo-wordpress\/ -->\n<title>ETX (FLIR\u00ae) Camera for H520E\/H850 -<\/title>\n<meta name=\"description\" content=\"The ETX (FLIR\u00ae) is an innovative combination of 3-axis gimbal, thermal imaging camera and low-light camera. While the thermal imaging camera selectively measures the temperature in the image enabling it to display relative temperature differences, the low-light RGB camera has a 20 times higher sensitivity than the human eye and can still take excellent shots even in low light conditions.\" \/>\n<meta name=\"robots\" content=\"index, follow, max-snippet:-1, max-image-preview:large, max-video-preview:-1\" \/>\n<link rel=\"canonical\" href=\"https:\/\/www.ghostysky.com\/es\/producto-2\/yuneec-etx-camera-for-h520e\/\" \/>\n<meta property=\"og:locale\" content=\"es_ES\" \/>\n<meta property=\"og:type\" content=\"article\" \/>\n<meta property=\"og:title\" content=\"ETX (FLIR\u00ae) Camera for H520E\/H850 -\" \/>\n<meta property=\"og:description\" content=\"The ETX (FLIR\u00ae) is an innovative combination of 3-axis gimbal, thermal imaging camera and low-light camera. While the thermal imaging camera selectively measures the temperature in the image enabling it to display relative temperature differences, the low-light RGB camera has a 20 times higher sensitivity than the human eye and can still take excellent shots even in low light conditions.\" \/>\n<meta property=\"og:url\" content=\"https:\/\/www.ghostysky.com\/es\/producto-2\/yuneec-etx-camera-for-h520e\/\" \/>\n<meta property=\"og:site_name\" content=\"Ghostysky\" \/>\n<meta property=\"article:publisher\" content=\"https:\/\/www.facebook.com\/people\/Ghostysky\/100057676170234\/\" \/>\n<meta property=\"article:modified_time\" content=\"2024-05-06T22:52:18+00:00\" \/>\n<meta property=\"og:image\" content=\"https:\/\/www.ghostysky.com\/wp-content\/uploads\/2021\/03\/eng_pl_CGOETX-Camera-for-Yuneec-H520E-12417_1.png\" \/>\n\t<meta property=\"og:image:width\" content=\"435\" \/>\n\t<meta property=\"og:image:height\" content=\"600\" \/>\n\t<meta property=\"og:image:type\" content=\"image\/png\" \/>\n<meta name=\"twitter:card\" content=\"summary_large_image\" \/>\n<meta name=\"twitter:site\" content=\"@Gh0stysky\" \/>\n<meta name=\"twitter:label1\" content=\"Tiempo de lectura\" \/>\n\t<meta name=\"twitter:data1\" content=\"1 minuto\" \/>\n<script type=\"application\/ld+json\" class=\"yoast-schema-graph\">{\"@context\":\"https:\\\/\\\/schema.org\",\"@graph\":[{\"@type\":\"WebPage\",\"@id\":\"https:\\\/\\\/www.ghostysky.com\\\/product\\\/yuneec-etx-camera-for-h520e\\\/\",\"url\":\"https:\\\/\\\/www.ghostysky.com\\\/product\\\/yuneec-etx-camera-for-h520e\\\/\",\"name\":\"ETX (FLIR\u00ae) Camera for H520E\\\/H850 -\",\"isPartOf\":{\"@id\":\"https:\\\/\\\/www.ghostysky.com\\\/#website\"},\"primaryImageOfPage\":{\"@id\":\"https:\\\/\\\/www.ghostysky.com\\\/product\\\/yuneec-etx-camera-for-h520e\\\/#primaryimage\"},\"image\":{\"@id\":\"https:\\\/\\\/www.ghostysky.com\\\/product\\\/yuneec-etx-camera-for-h520e\\\/#primaryimage\"},\"thumbnailUrl\":\"https:\\\/\\\/www.ghostysky.com\\\/wp-content\\\/uploads\\\/2021\\\/03\\\/eng_pl_CGOETX-Camera-for-Yuneec-H520E-12417_1.png\",\"datePublished\":\"2021-03-04T17:43:36+00:00\",\"dateModified\":\"2024-05-06T22:52:18+00:00\",\"description\":\"The ETX (FLIR\u00ae) is an innovative combination of 3-axis gimbal, thermal imaging camera and low-light camera. While the thermal imaging camera selectively measures the temperature in the image enabling it to display relative temperature differences, the low-light RGB camera has a 20 times higher sensitivity than the human eye and can still take excellent shots even in low light conditions.\",\"breadcrumb\":{\"@id\":\"https:\\\/\\\/www.ghostysky.com\\\/product\\\/yuneec-etx-camera-for-h520e\\\/#breadcrumb\"},\"inLanguage\":\"es\",\"potentialAction\":[{\"@type\":\"ReadAction\",\"target\":[\"https:\\\/\\\/www.ghostysky.com\\\/product\\\/yuneec-etx-camera-for-h520e\\\/\"]}]},{\"@type\":\"ImageObject\",\"inLanguage\":\"es\",\"@id\":\"https:\\\/\\\/www.ghostysky.com\\\/product\\\/yuneec-etx-camera-for-h520e\\\/#primaryimage\",\"url\":\"https:\\\/\\\/www.ghostysky.com\\\/wp-content\\\/uploads\\\/2021\\\/03\\\/eng_pl_CGOETX-Camera-for-Yuneec-H520E-12417_1.png\",\"contentUrl\":\"https:\\\/\\\/www.ghostysky.com\\\/wp-content\\\/uploads\\\/2021\\\/03\\\/eng_pl_CGOETX-Camera-for-Yuneec-H520E-12417_1.png\",\"width\":435,\"height\":600},{\"@type\":\"BreadcrumbList\",\"@id\":\"https:\\\/\\\/www.ghostysky.com\\\/product\\\/yuneec-etx-camera-for-h520e\\\/#breadcrumb\",\"itemListElement\":[{\"@type\":\"ListItem\",\"position\":1,\"name\":\"Home\",\"item\":\"https:\\\/\\\/www.ghostysky.com\\\/\"},{\"@type\":\"ListItem\",\"position\":2,\"name\":\"Shop\",\"item\":\"https:\\\/\\\/www.ghostysky.com\\\/shop\\\/\"},{\"@type\":\"ListItem\",\"position\":3,\"name\":\"ETX (FLIR\u00ae) Camera for H520E\\\/H850\"}]},{\"@type\":\"WebSite\",\"@id\":\"https:\\\/\\\/www.ghostysky.com\\\/#website\",\"url\":\"https:\\\/\\\/www.ghostysky.com\\\/\",\"name\":\"Ghostysky\",\"description\":\"Delivering professional drones and robotics solutions\",\"publisher\":{\"@id\":\"https:\\\/\\\/www.ghostysky.com\\\/#organization\"},\"potentialAction\":[{\"@type\":\"SearchAction\",\"target\":{\"@type\":\"EntryPoint\",\"urlTemplate\":\"https:\\\/\\\/www.ghostysky.com\\\/?s={search_term_string}\"},\"query-input\":{\"@type\":\"PropertyValueSpecification\",\"valueRequired\":true,\"valueName\":\"search_term_string\"}}],\"inLanguage\":\"es\"},{\"@type\":\"Organization\",\"@id\":\"https:\\\/\\\/www.ghostysky.com\\\/#organization\",\"name\":\"Ghostysky\",\"url\":\"https:\\\/\\\/www.ghostysky.com\\\/\",\"logo\":{\"@type\":\"ImageObject\",\"inLanguage\":\"es\",\"@id\":\"https:\\\/\\\/www.ghostysky.com\\\/#\\\/schema\\\/logo\\\/image\\\/\",\"url\":\"https:\\\/\\\/www.ghostysky.com\\\/wp-content\\\/uploads\\\/2020\\\/06\\\/cropped-ghostyskylogo_text_white2.png\",\"contentUrl\":\"https:\\\/\\\/www.ghostysky.com\\\/wp-content\\\/uploads\\\/2020\\\/06\\\/cropped-ghostyskylogo_text_white2.png\",\"width\":169,\"height\":56,\"caption\":\"Ghostysky\"},\"image\":{\"@id\":\"https:\\\/\\\/www.ghostysky.com\\\/#\\\/schema\\\/logo\\\/image\\\/\"},\"sameAs\":[\"https:\\\/\\\/www.facebook.com\\\/people\\\/Ghostysky\\\/100057676170234\\\/\",\"https:\\\/\\\/x.com\\\/Gh0stysky\",\"https:\\\/\\\/www.linkedin.com\\\/company\\\/34739653\",\"https:\\\/\\\/www.instagram.com\\\/gh0stysky\"]}]}<\/script>\n<!-- \/ Yoast SEO plugin. -->","yoast_head_json":{"title":"C\u00e1mara ETX (FLIR\u00ae) para H520E\/H850 -","description":"El ETX (FLIR\u00ae) es una combinaci\u00f3n innovadora de card\u00e1n de 3 ejes, c\u00e1mara termogr\u00e1fica y c\u00e1mara para condiciones de poca luz. Mientras que la c\u00e1mara termogr\u00e1fica mide selectivamente la temperatura en la imagen, lo que le permite mostrar diferencias de temperatura relativas, la c\u00e1mara RGB con poca luz tiene una sensibilidad 20 veces mayor que la del ojo humano y a\u00fan puede tomar fotograf\u00edas excelentes incluso en condiciones de poca luz.","robots":{"index":"index","follow":"follow","max-snippet":"max-snippet:-1","max-image-preview":"max-image-preview:large","max-video-preview":"max-video-preview:-1"},"canonical":"https:\/\/www.ghostysky.com\/es\/producto-2\/yuneec-etx-camera-for-h520e\/","og_locale":"es_ES","og_type":"article","og_title":"ETX (FLIR\u00ae) Camera for H520E\/H850 -","og_description":"The ETX (FLIR\u00ae) is an innovative combination of 3-axis gimbal, thermal imaging camera and low-light camera. While the thermal imaging camera selectively measures the temperature in the image enabling it to display relative temperature differences, the low-light RGB camera has a 20 times higher sensitivity than the human eye and can still take excellent shots even in low light conditions.","og_url":"https:\/\/www.ghostysky.com\/es\/producto-2\/yuneec-etx-camera-for-h520e\/","og_site_name":"Ghostysky","article_publisher":"https:\/\/www.facebook.com\/people\/Ghostysky\/100057676170234\/","article_modified_time":"2024-05-06T22:52:18+00:00","og_image":[{"width":435,"height":600,"url":"https:\/\/www.ghostysky.com\/wp-content\/uploads\/2021\/03\/eng_pl_CGOETX-Camera-for-Yuneec-H520E-12417_1.png","type":"image\/png"}],"twitter_card":"summary_large_image","twitter_site":"@Gh0stysky","twitter_misc":{"Tiempo de lectura":"1 minuto"},"schema":{"@context":"https:\/\/schema.org","@graph":[{"@type":"WebPage","@id":"https:\/\/www.ghostysky.com\/product\/yuneec-etx-camera-for-h520e\/","url":"https:\/\/www.ghostysky.com\/product\/yuneec-etx-camera-for-h520e\/","name":"C\u00e1mara ETX (FLIR\u00ae) para H520E\/H850 -","isPartOf":{"@id":"https:\/\/www.ghostysky.com\/#website"},"primaryImageOfPage":{"@id":"https:\/\/www.ghostysky.com\/product\/yuneec-etx-camera-for-h520e\/#primaryimage"},"image":{"@id":"https:\/\/www.ghostysky.com\/product\/yuneec-etx-camera-for-h520e\/#primaryimage"},"thumbnailUrl":"https:\/\/www.ghostysky.com\/wp-content\/uploads\/2021\/03\/eng_pl_CGOETX-Camera-for-Yuneec-H520E-12417_1.png","datePublished":"2021-03-04T17:43:36+00:00","dateModified":"2024-05-06T22:52:18+00:00","description":"El ETX (FLIR\u00ae) es una combinaci\u00f3n innovadora de card\u00e1n de 3 ejes, c\u00e1mara termogr\u00e1fica y c\u00e1mara para condiciones de poca luz. Mientras que la c\u00e1mara termogr\u00e1fica mide selectivamente la temperatura en la imagen, lo que le permite mostrar diferencias de temperatura relativas, la c\u00e1mara RGB con poca luz tiene una sensibilidad 20 veces mayor que la del ojo humano y a\u00fan puede tomar fotograf\u00edas excelentes incluso en condiciones de poca luz.","breadcrumb":{"@id":"https:\/\/www.ghostysky.com\/product\/yuneec-etx-camera-for-h520e\/#breadcrumb"},"inLanguage":"es","potentialAction":[{"@type":"ReadAction","target":["https:\/\/www.ghostysky.com\/product\/yuneec-etx-camera-for-h520e\/"]}]},{"@type":"ImageObject","inLanguage":"es","@id":"https:\/\/www.ghostysky.com\/product\/yuneec-etx-camera-for-h520e\/#primaryimage","url":"https:\/\/www.ghostysky.com\/wp-content\/uploads\/2021\/03\/eng_pl_CGOETX-Camera-for-Yuneec-H520E-12417_1.png","contentUrl":"https:\/\/www.ghostysky.com\/wp-content\/uploads\/2021\/03\/eng_pl_CGOETX-Camera-for-Yuneec-H520E-12417_1.png","width":435,"height":600},{"@type":"BreadcrumbList","@id":"https:\/\/www.ghostysky.com\/product\/yuneec-etx-camera-for-h520e\/#breadcrumb","itemListElement":[{"@type":"ListItem","position":1,"name":"Home","item":"https:\/\/www.ghostysky.com\/"},{"@type":"ListItem","position":2,"name":"Shop","item":"https:\/\/www.ghostysky.com\/shop\/"},{"@type":"ListItem","position":3,"name":"ETX (FLIR\u00ae) Camera for H520E\/H850"}]},{"@type":"WebSite","@id":"https:\/\/www.ghostysky.com\/#website","url":"https:\/\/www.ghostysky.com\/","name":"Ghostysky","description":"Ofrecemos soluciones profesionales de drones y rob\u00f3tica.","publisher":{"@id":"https:\/\/www.ghostysky.com\/#organization"},"potentialAction":[{"@type":"SearchAction","target":{"@type":"EntryPoint","urlTemplate":"https:\/\/www.ghostysky.com\/?s={search_term_string}"},"query-input":{"@type":"PropertyValueSpecification","valueRequired":true,"valueName":"search_term_string"}}],"inLanguage":"es"},{"@type":"Organization","@id":"https:\/\/www.ghostysky.com\/#organization","name":"Ghostysky","url":"https:\/\/www.ghostysky.com\/","logo":{"@type":"ImageObject","inLanguage":"es","@id":"https:\/\/www.ghostysky.com\/#\/schema\/logo\/image\/","url":"https:\/\/www.ghostysky.com\/wp-content\/uploads\/2020\/06\/cropped-ghostyskylogo_text_white2.png","contentUrl":"https:\/\/www.ghostysky.com\/wp-content\/uploads\/2020\/06\/cropped-ghostyskylogo_text_white2.png","width":169,"height":56,"caption":"Ghostysky"},"image":{"@id":"https:\/\/www.ghostysky.com\/#\/schema\/logo\/image\/"},"sameAs":["https:\/\/www.facebook.com\/people\/Ghostysky\/100057676170234\/","https:\/\/x.com\/Gh0stysky","https:\/\/www.linkedin.com\/company\/34739653","https:\/\/www.instagram.com\/gh0stysky"]}]}},"_links":{"self":[{"href":"https:\/\/www.ghostysky.com\/es\/wp-json\/wp\/v2\/product\/2062","targetHints":{"allow":["GET"]}}],"collection":[{"href":"https:\/\/www.ghostysky.com\/es\/wp-json\/wp\/v2\/product"}],"about":[{"href":"https:\/\/www.ghostysky.com\/es\/wp-json\/wp\/v2\/types\/product"}],"replies":[{"embeddable":true,"href":"https:\/\/www.ghostysky.com\/es\/wp-json\/wp\/v2\/comments?post=2062"}],"version-history":[{"count":0,"href":"https:\/\/www.ghostysky.com\/es\/wp-json\/wp\/v2\/product\/2062\/revisions"}],"wp:featuredmedia":[{"embeddable":true,"href":"https:\/\/www.ghostysky.com\/es\/wp-json\/wp\/v2\/media\/2063"}],"wp:attachment":[{"href":"https:\/\/www.ghostysky.com\/es\/wp-json\/wp\/v2\/media?parent=2062"}],"wp:term":[{"taxonomy":"product_brand","embeddable":true,"href":"https:\/\/www.ghostysky.com\/es\/wp-json\/wp\/v2\/product_brand?post=2062"},{"taxonomy":"product_cat","embeddable":true,"href":"https:\/\/www.ghostysky.com\/es\/wp-json\/wp\/v2\/product_cat?post=2062"},{"taxonomy":"product_tag","embeddable":true,"href":"https:\/\/www.ghostysky.com\/es\/wp-json\/wp\/v2\/product_tag?post=2062"}],"curies":[{"name":"wp","href":"https:\/\/api.w.org\/{rel}","templated":true}]}}