{"id":2069,"date":"2021-03-04T17:57:23","date_gmt":"2021-03-04T17:57:23","guid":{"rendered":"https:\/\/www.ghostysky.com\/?post_type=product&#038;p=2069"},"modified":"2024-08-06T08:31:55","modified_gmt":"2024-08-06T08:31:55","slug":"laquinta-multispectral-camera-for-h520-incl-mount-and-sensor","status":"publish","type":"product","link":"https:\/\/www.ghostysky.com\/es\/product\/laquinta-multispectral-camera-for-h520-incl-mount-and-sensor\/","title":{"rendered":"Laquinta db2 vision multiespectral"},"content":{"rendered":"<p>&nbsp;<\/p>\n<table>\n<tbody>\n<tr>\n<td style=\"text-align: left;\"><img decoding=\"async\" src=\"data:image\/gif;base64,R0lGODlhAQABAAAAACH5BAEKAAEALAAAAAABAAEAAAICTAEAOw==\" width=\"100%\" height=\"NaN\" border=\"0\" class=\"lazyload\" data-src=\"https:\/\/aeromind.iai-shop.com\/data\/include\/cms\/LaQuinta-DB2\/LaQuinta_db2vision-2.png?v=1602672911694\"><\/td>\n<td style=\"text-align: left;\"><\/td>\n<td>\n<p style=\"text-align: left;\">La Quinta dB2 Visi\u00f3n<\/p>\n<p style=\"text-align: left;\">Una revolucionaria c\u00e1mara con sensor h\u00edbrido multiespectral para agricultura de precisi\u00f3n para identificar el estr\u00e9s de los cultivos antes de que el ojo humano pueda detectarlo<\/p>\n<p style=\"text-align: left;\">LaQuinta es la c\u00e1mara AG-Tech multiespectral m\u00e1s completa y de menor costo del mundo<\/p>\n<p style=\"text-align: left;\">Desarrollar equipos de alta tecnolog\u00eda pero de bajo costo para que sean financieramente accesibles para cada agricultor o agr\u00f3nomo.<\/p>\n<p style=\"text-align: left;\">\u00a1Permitiendo al agricultor maximizar la producci\u00f3n de su cultivo utilizando la cantidad m\u00ednima de recursos!<\/p>\n<\/td>\n<\/tr>\n<\/tbody>\n<\/table>\n<p>&nbsp;<\/p>\n<table>\n<tbody>\n<tr>\n<td>\n<p style=\"text-align: left;\">Ejemplo: Vi\u00f1edo<\/p>\n<p style=\"text-align: left;\">1. Esta imagen es generalmente la que ve un agricultor cuando trabaja su tierra<\/p>\n<ul style=\"text-align: left;\">\n<li>Problemas localizados dif\u00edciles de observar<\/li>\n<\/ul>\n<ul style=\"text-align: left;\">\n<li>P\u00e9rdida de tiempo<\/li>\n<\/ul>\n<ul style=\"text-align: left;\">\n<li>Algunos problemas subyacentes no son visibles a simple vista<\/li>\n<\/ul>\n<p style=\"text-align: left;\">2. Esta imagen es la que puede ver un agricultor sobrevolando su terreno con un dron y una c\u00e1mara normal<\/p>\n<ul style=\"text-align: left;\">\n<li>Menos tiempo para observar tu tierra<\/li>\n<\/ul>\n<ul style=\"text-align: left;\">\n<li>Pero... No hay signos claros de estr\u00e9s y vigor del cultivo.<\/li>\n<\/ul>\n<p style=\"text-align: left;\">3. Esta imagen es lo que un agricultor puede ver cuando vuela con tecnolog\u00eda multiespectral compleja y costosa<\/p>\n<ul style=\"text-align: left;\">\n<li>\u00c1reas problem\u00e1ticas f\u00e1ciles de identificar<\/li>\n<\/ul>\n<ul style=\"text-align: left;\">\n<li>Tratar durante la temporada, no despu\u00e9s<\/li>\n<\/ul>\n<ul>\n<li style=\"text-align: left;\">Mejore dr\u00e1sticamente la producci\u00f3n de cultivos y ahorre recursos valiosos<\/li>\n<\/ul>\n<\/td>\n<td><\/td>\n<td><img decoding=\"async\" src=\"data:image\/gif;base64,R0lGODlhAQABAAAAACH5BAEKAAEALAAAAAABAAEAAAICTAEAOw==\" alt=\"\" width=\"100%\" height=\"NaN\" border=\"0\" class=\"lazyload\" data-src=\"https:\/\/aeromind.iai-shop.com\/data\/include\/cms\/LaQuinta-DB2\/LaQuinta_db2vision-3.png?v=1602672911694\"><\/td>\n<\/tr>\n<\/tbody>\n<\/table>\n<p>&nbsp;<\/p>\n<table>\n<tbody>\n<tr>\n<td style=\"text-align: left;\"><img decoding=\"async\" src=\"data:image\/gif;base64,R0lGODlhAQABAAAAACH5BAEKAAEALAAAAAABAAEAAAICTAEAOw==\" alt=\"\" width=\"100%\" height=\"NaN\" border=\"0\" class=\"lazyload\" data-src=\"https:\/\/aeromind.iai-shop.com\/data\/include\/cms\/LaQuinta-DB2\/LaQuinta_db2vision-4v2.png?v=1602672911691\"><\/td>\n<td style=\"text-align: left;\"><\/td>\n<td>\n<p style=\"text-align: left;\">Con la ayuda del impresionante aumento de los veh\u00edculos a\u00e9reos no tripulados, el campo de la agricultura de precisi\u00f3n est\u00e1 creciendo exponencialmente<\/p>\n<p style=\"text-align: left;\"><strong>Adopci\u00f3n Masiva<br \/>\n<\/strong>DB2 Vision ha superado espectacularmente el problema de:<br \/>\n\u2013 el precio del equipo (de imagen) necesario<br \/>\n\u2013 la complejidad de su uso..<\/p>\n<p style=\"text-align: left;\"><strong>Precios<br \/>\n<\/strong>Simplemente el sensor UAV multiespectral de menor costo para la agricultura en el mundo.. De lejos.<\/p>\n<p style=\"text-align: left;\"><strong>Agn\u00f3stico del sistema<br \/>\n<\/strong>Ya sea UAV, Tractor o cualquier otro veh\u00edculo;<br \/>\nLaQuinta funciona sin dependencia de su operador; En cualquier lugar, en cualquier momento, en cualquier lugar<\/p>\n<p style=\"text-align: left;\"><strong>Multi-compatible<br \/>\n<\/strong>\u00a1No m\u00e1s sufrimiento de ansiedad de compatibilidad!<br \/>\nLaQuinta est\u00e1 hecha para ser compatible con todos los paquetes de SW de uso com\u00fan en el mercado.<\/p>\n<\/td>\n<\/tr>\n<\/tbody>\n<\/table>\n<p>&nbsp;<\/p>\n<table>\n<tbody>\n<tr>\n<td>\n<p style=\"text-align: left;\">Ejemplo: Mercado de China<\/p>\n<p style=\"text-align: left;\">Fabricante mundial de UAV #1: 70+% de todos los UAV en todo el mundo.<\/p>\n<p style=\"text-align: left;\">Los drones de fumigaci\u00f3n de cultivos son ampliamente aceptados y subsidiados por los gobiernos centrales y locales.<\/p>\n<p style=\"text-align: left;\">8% de la tierra cultivable total del mundo, alimentando alrededor de 21% de la poblaci\u00f3n mundial.<\/p>\n<p style=\"text-align: left;\">Producci\u00f3n total de cultivos: 1 mil millones de d\u00f3lares (RMB 6 mil millones)<\/p>\n<p style=\"text-align: left;\">P\u00e9rdida anual de 24 millones de toneladas de cultivos debido a plagas y enfermedades (2016)<\/p>\n<p style=\"text-align: left;\">300% mayor uso de pesticidas que otros pa\u00edses productores de cultivos importantes<\/p>\n<p style=\"text-align: left;\">Los efectos de la implementaci\u00f3n de drones de fumigaci\u00f3n de cultivos en China:<\/p>\n<p style=\"text-align: left;\">Un dron de fumigaci\u00f3n puede cubrir 50 veces m\u00e1s terreno por hora que la fumigaci\u00f3n manual<\/p>\n<p style=\"text-align: left;\">Al tiempo que ahorra 60% de productos l\u00edquidos para la protecci\u00f3n de cultivos en comparaci\u00f3n con la sobreaplicaci\u00f3n por pulverizaci\u00f3n manual.<\/p>\n<\/td>\n<td><\/td>\n<td><img decoding=\"async\" src=\"data:image\/gif;base64,R0lGODlhAQABAAAAACH5BAEKAAEALAAAAAABAAEAAAICTAEAOw==\" alt=\"\" width=\"100%\" height=\"NaN\" border=\"0\" class=\"lazyload\" data-src=\"https:\/\/aeromind.iai-shop.com\/data\/include\/cms\/LaQuinta-DB2\/LaQuinta_db2vision-5.png?v=1602672911691\"><\/td>\n<\/tr>\n<\/tbody>\n<\/table>\n<p style=\"text-align: left;\">Caracter\u00edsticas clave:<\/p>\n<ul style=\"text-align: left;\">\n<li>1 sensor de filtro espectral dual de alta resoluci\u00f3n y 1 ruta \u00f3ptica \/ 4 bandas estrechas en RGB-NIR \/ 4,1 megap\u00edxeles (1,02 MP RAW sin comprimir por banda), garantizando 4 im\u00e1genes espectrales id\u00e9nticas por captura<\/li>\n<\/ul>\n<ul style=\"text-align: left;\">\n<li>Calibraci\u00f3n de imagen completa a trav\u00e9s del sensor de irradiancia DB2 Adapt-2-Light\u00ae RGB-NIR<\/li>\n<\/ul>\n<ul style=\"text-align: left;\">\n<li>Adquisici\u00f3n de im\u00e1genes multiespectrales m\u00e1s r\u00e1pida (1.5FPS)<\/li>\n<\/ul>\n<ul style=\"text-align: left;\">\n<li>IMU, GPS + Geotagging + Br\u00fajula + Alt\u00edmetro para la ubicaci\u00f3n GPS exacta del objetivo<\/li>\n<\/ul>\n<ul style=\"text-align: left;\">\n<li>Totalmente compatible con los paquetes de software m\u00e1s utilizados (Pix4D Fields y Pix4D Mapper, Agisoft Photoscan \/ Metashape)<\/li>\n<\/ul>\n<ul style=\"text-align: left;\">\n<li>Bater\u00eda interna recargable<\/li>\n<\/ul>\n<ul style=\"text-align: left;\">\n<li>Lentes de longitud focal intercambiables para diferentes necesidades<\/li>\n<\/ul>\n<ul style=\"text-align: left;\">\n<li>Liviano \u2013 159gr incluyendo lente, bater\u00eda recargable y sensor Adapt-2-Light\/GPS<\/li>\n<\/ul>\n<ul>\n<li style=\"text-align: left;\">Costumbre\u00a0<a href=\"https:\/\/aeromind.pl\/product-eng-1768-Heksakopter-Yuneec-H520.html\" target=\"_blank\" rel=\"noopener\">Yuneec H520<\/a>\u00a0montaje para una f\u00e1cil fijaci\u00f3n<\/li>\n<\/ul>\n<p>&nbsp;<\/p>\n<p>&nbsp;<\/p>\n<p style=\"text-align: left;\">Especificaci\u00f3n t\u00e9cnica:<\/p>\n<table class=\"alignleft\" border=\"1\">\n<tbody>\n<tr>\n<td><strong>Tecnolog\u00eda<\/strong><\/td>\n<td>Sensor \u00fanico RGB-NIR<\/td>\n<\/tr>\n<tr>\n<td><strong>Canales estrechos<\/strong><\/td>\n<td>4<\/td>\n<\/tr>\n<tr>\n<td><strong>Lente \/ intercambiable<\/strong><\/td>\n<td>Monturas M12 \/ S\u00cd (8 mm = est\u00e1ndar)<\/td>\n<\/tr>\n<tr>\n<td><strong>sensores<\/strong><\/td>\n<td>1 x 4,1 MP (4 x 1 + MP por canal)<\/td>\n<\/tr>\n<tr>\n<td><strong>Almacenamiento<\/strong><\/td>\n<td>SD de 64GB<\/td>\n<\/tr>\n<tr>\n<td><strong>GPS<\/strong><\/td>\n<td>S\u00cd<\/td>\n<\/tr>\n<tr>\n<td><strong>Calibraci\u00f3n<\/strong><\/td>\n<td>Sensor de irradiaci\u00f3n<\/td>\n<\/tr>\n<tr>\n<td><strong>Salida de video<\/strong><\/td>\n<td>CAMARADA<\/td>\n<\/tr>\n<tr>\n<td><strong>Activar entrada\/salida<\/strong><\/td>\n<td>S\u00cd<\/td>\n<\/tr>\n<tr>\n<td><strong>Bater\u00eda \/ Interna o Externa<\/strong><\/td>\n<td>Interna recargable + externa opcional<\/td>\n<\/tr>\n<tr>\n<td><strong>Control<\/strong><\/td>\n<td>Bluetooth + aplicaci\u00f3n Android o iOS \/ pantalla t\u00e1ctil<\/td>\n<\/tr>\n<tr>\n<td><strong>Filtros \/ anchos de banda intercambiables<\/strong><\/td>\n<td>Opcional<\/td>\n<\/tr>\n<tr>\n<td><strong>Tama\u00f1o (mm) y peso<\/strong><\/td>\n<td>78 x 58 x 56 @ 159 g, incl. bater\u00eda interna de 1 hora<\/td>\n<\/tr>\n<tr>\n<td><strong>Formato de imagen<\/strong><\/td>\n<td>CRUDO<\/td>\n<\/tr>\n<tr>\n<td><strong>Velocidad de fotogramas (en el mejor formato)<\/strong><\/td>\n<td>1,5FPS<\/td>\n<\/tr>\n<\/tbody>\n<\/table>\n<p>&nbsp;<\/p>\n<p>Comparaci\u00f3n:<\/p>\n<p><a href=\"https:\/\/aeromind.pl\/data\/include\/cms\/LaQuinta-DB2\/compare_1.png\" target=\"_blank\" rel=\"noopener\"><img decoding=\"async\" src=\"data:image\/gif;base64,R0lGODlhAQABAAAAACH5BAEKAAEALAAAAAABAAEAAAICTAEAOw==\" width=\"100%\" height=\"NaN\" border=\"0\" class=\"lazyload\" data-src=\"https:\/\/yuneec.pl\/data\/include\/cms\/LaQuinta-DB2\/compare_1.png\"><\/a><\/p>\n<p>(HAGA CLIC EN LA TABLA PARA AMPLIAR)<\/p>\n<p>&nbsp;<\/p>\n<p><img decoding=\"async\" src=\"data:image\/gif;base64,R0lGODlhAQABAAAAACH5BAEKAAEALAAAAAABAAEAAAICTAEAOw==\" width=\"100%\" height=\"NaN\" border=\"0\" class=\"lazyload\" data-src=\"https:\/\/aeromind.iai-shop.com\/data\/include\/cms\/LaQuinta-DB2\/LaQuinta_db2vision-7.jpg?v=1602681799219\"><\/p>\n<p><img decoding=\"async\" src=\"data:image\/gif;base64,R0lGODlhAQABAAAAACH5BAEKAAEALAAAAAABAAEAAAICTAEAOw==\" alt=\"\" width=\"100%\" height=\"NaN\" border=\"0\" class=\"lazyload\" data-src=\"https:\/\/aeromind.iai-shop.com\/data\/include\/cms\/LaQuinta-DB2\/LaQuinta_db2vision-8.jpg?v=1602681799217\"><\/p>","protected":false},"excerpt":{"rendered":"<p><strong>La Quinta dB2 Visi\u00f3n<\/strong><\/p>\n<p>Una revolucionaria c\u00e1mara con sensor h\u00edbrido multiespectral para agricultura de precisi\u00f3n para identificar el estr\u00e9s de los cultivos antes de que el ojo humano pueda detectarlo. LaQuinta es la c\u00e1mara AG-Tech multiespectral m\u00e1s completa y econ\u00f3mica del mundo. Desarrollar equipos de alta tecnolog\u00eda pero de bajo costo para que sean financieramente accesibles para cada agricultor o agr\u00f3nomo. \u00a1Permitiendo al agricultor maximizar la producci\u00f3n de su cultivo utilizando la cantidad m\u00ednima de recursos!<\/p>\n<hr \/>","protected":false},"featured_media":5102,"comment_status":"open","ping_status":"closed","template":"","meta":[],"product_brand":[],"product_cat":[120,29,118],"product_tag":[62,122,66,121],"class_list":{"0":"post-2069","1":"product","2":"type-product","3":"status-publish","4":"has-post-thumbnail","6":"product_cat-yuneec-cameras","7":"product_cat-drones","8":"product_cat-yuneec","9":"product_tag-camera","10":"product_tag-h520e","11":"product_tag-multispectral-camera","12":"product_tag-yuneec","14":"first","15":"onbackorder","16":"taxable","17":"shipping-taxable","18":"purchasable","19":"product-type-simple"},"yoast_head":"<!-- This site is optimized with the Yoast SEO plugin v27.1.1 - https:\/\/yoast.com\/product\/yoast-seo-wordpress\/ -->\n<title>Laquinta db2 vision multispectral -<\/title>\n<meta name=\"description\" content=\"vA revolutionary multispectral hybrid sensor camera for Precision Agriculture to identify crop stress before the human eye can detect it. LaQuinta is the most fully featured, yet lowest cost Multispectral AG-Tech camera in the world. Developing high-tech yet low-cost equipment to become financially accessible to every individual farmer or agronomist. Enablingthe farmer to maximize its crop output while using the minimum amount of resources!\" \/>\n<meta name=\"robots\" content=\"index, follow, max-snippet:-1, max-image-preview:large, max-video-preview:-1\" \/>\n<link rel=\"canonical\" href=\"https:\/\/www.ghostysky.com\/es\/producto-2\/laquinta-multispectral-camera-for-h520-incl-mount-and-sensor\/\" \/>\n<meta property=\"og:locale\" content=\"es_ES\" \/>\n<meta property=\"og:type\" content=\"article\" \/>\n<meta property=\"og:title\" content=\"Laquinta db2 vision multispectral -\" \/>\n<meta property=\"og:description\" content=\"vA revolutionary multispectral hybrid sensor camera for Precision Agriculture to identify crop stress before the human eye can detect it. LaQuinta is the most fully featured, yet lowest cost Multispectral AG-Tech camera in the world. Developing high-tech yet low-cost equipment to become financially accessible to every individual farmer or agronomist. Enablingthe farmer to maximize its crop output while using the minimum amount of resources!\" \/>\n<meta property=\"og:url\" content=\"https:\/\/www.ghostysky.com\/es\/producto-2\/laquinta-multispectral-camera-for-h520-incl-mount-and-sensor\/\" \/>\n<meta property=\"og:site_name\" content=\"Ghostysky\" \/>\n<meta property=\"article:publisher\" content=\"https:\/\/www.facebook.com\/people\/Ghostysky\/100057676170234\/\" \/>\n<meta property=\"article:modified_time\" content=\"2024-08-06T08:31:55+00:00\" \/>\n<meta property=\"og:image\" content=\"https:\/\/www.ghostysky.com\/wp-content\/uploads\/2021\/03\/LaQuinta_db2vision-1.png\" \/>\n\t<meta property=\"og:image:width\" content=\"943\" \/>\n\t<meta property=\"og:image:height\" content=\"530\" \/>\n\t<meta property=\"og:image:type\" content=\"image\/png\" \/>\n<meta name=\"twitter:card\" content=\"summary_large_image\" \/>\n<meta name=\"twitter:site\" content=\"@Gh0stysky\" \/>\n<meta name=\"twitter:label1\" content=\"Tiempo de lectura\" \/>\n\t<meta name=\"twitter:data1\" content=\"4 minutos\" \/>\n<script type=\"application\/ld+json\" class=\"yoast-schema-graph\">{\"@context\":\"https:\/\/schema.org\",\"@graph\":[{\"@type\":\"WebPage\",\"@id\":\"https:\/\/www.ghostysky.com\/product\/laquinta-multispectral-camera-for-h520-incl-mount-and-sensor\/\",\"url\":\"https:\/\/www.ghostysky.com\/product\/laquinta-multispectral-camera-for-h520-incl-mount-and-sensor\/\",\"name\":\"Laquinta db2 vision multispectral -\",\"isPartOf\":{\"@id\":\"https:\/\/www.ghostysky.com\/#website\"},\"primaryImageOfPage\":{\"@id\":\"https:\/\/www.ghostysky.com\/product\/laquinta-multispectral-camera-for-h520-incl-mount-and-sensor\/#primaryimage\"},\"image\":{\"@id\":\"https:\/\/www.ghostysky.com\/product\/laquinta-multispectral-camera-for-h520-incl-mount-and-sensor\/#primaryimage\"},\"thumbnailUrl\":\"https:\/\/www.ghostysky.com\/wp-content\/uploads\/2021\/03\/LaQuinta_db2vision-1.png\",\"datePublished\":\"2021-03-04T17:57:23+00:00\",\"dateModified\":\"2024-08-06T08:31:55+00:00\",\"description\":\"vA revolutionary multispectral hybrid sensor camera for Precision Agriculture to identify crop stress before the human eye can detect it. LaQuinta is the most fully featured, yet lowest cost Multispectral AG-Tech camera in the world. Developing high-tech yet low-cost equipment to become financially accessible to every individual farmer or agronomist. Enablingthe farmer to maximize its crop output while using the minimum amount of resources!\",\"breadcrumb\":{\"@id\":\"https:\/\/www.ghostysky.com\/product\/laquinta-multispectral-camera-for-h520-incl-mount-and-sensor\/#breadcrumb\"},\"inLanguage\":\"es\",\"potentialAction\":[{\"@type\":\"ReadAction\",\"target\":[\"https:\/\/www.ghostysky.com\/product\/laquinta-multispectral-camera-for-h520-incl-mount-and-sensor\/\"]}]},{\"@type\":\"ImageObject\",\"inLanguage\":\"es\",\"@id\":\"https:\/\/www.ghostysky.com\/product\/laquinta-multispectral-camera-for-h520-incl-mount-and-sensor\/#primaryimage\",\"url\":\"https:\/\/www.ghostysky.com\/wp-content\/uploads\/2021\/03\/LaQuinta_db2vision-1.png\",\"contentUrl\":\"https:\/\/www.ghostysky.com\/wp-content\/uploads\/2021\/03\/LaQuinta_db2vision-1.png\",\"width\":943,\"height\":530},{\"@type\":\"BreadcrumbList\",\"@id\":\"https:\/\/www.ghostysky.com\/product\/laquinta-multispectral-camera-for-h520-incl-mount-and-sensor\/#breadcrumb\",\"itemListElement\":[{\"@type\":\"ListItem\",\"position\":1,\"name\":\"Home\",\"item\":\"https:\/\/www.ghostysky.com\/\"},{\"@type\":\"ListItem\",\"position\":2,\"name\":\"Shop\",\"item\":\"https:\/\/www.ghostysky.com\/shop\/\"},{\"@type\":\"ListItem\",\"position\":3,\"name\":\"Laquinta db2 vision multispectral\"}]},{\"@type\":\"WebSite\",\"@id\":\"https:\/\/www.ghostysky.com\/#website\",\"url\":\"https:\/\/www.ghostysky.com\/\",\"name\":\"Ghostysky\",\"description\":\"Delivering professional drones and services\",\"publisher\":{\"@id\":\"https:\/\/www.ghostysky.com\/#organization\"},\"potentialAction\":[{\"@type\":\"SearchAction\",\"target\":{\"@type\":\"EntryPoint\",\"urlTemplate\":\"https:\/\/www.ghostysky.com\/?s={search_term_string}\"},\"query-input\":{\"@type\":\"PropertyValueSpecification\",\"valueRequired\":true,\"valueName\":\"search_term_string\"}}],\"inLanguage\":\"es\"},{\"@type\":\"Organization\",\"@id\":\"https:\/\/www.ghostysky.com\/#organization\",\"name\":\"Ghostysky\",\"url\":\"https:\/\/www.ghostysky.com\/\",\"logo\":{\"@type\":\"ImageObject\",\"inLanguage\":\"es\",\"@id\":\"https:\/\/www.ghostysky.com\/#\/schema\/logo\/image\/\",\"url\":\"https:\/\/www.ghostysky.com\/wp-content\/uploads\/2020\/06\/cropped-ghostyskylogo_text_white2.png\",\"contentUrl\":\"https:\/\/www.ghostysky.com\/wp-content\/uploads\/2020\/06\/cropped-ghostyskylogo_text_white2.png\",\"width\":169,\"height\":56,\"caption\":\"Ghostysky\"},\"image\":{\"@id\":\"https:\/\/www.ghostysky.com\/#\/schema\/logo\/image\/\"},\"sameAs\":[\"https:\/\/www.facebook.com\/people\/Ghostysky\/100057676170234\/\",\"https:\/\/x.com\/Gh0stysky\",\"https:\/\/www.linkedin.com\/company\/34739653\",\"https:\/\/www.instagram.com\/gh0stysky\"]}]}<\/script>\n<!-- \/ Yoast SEO plugin. -->","yoast_head_json":{"title":"Laquinta db2 visi\u00f3n multiespectral -","description":"vUna revolucionaria c\u00e1mara con sensor h\u00edbrido multiespectral para agricultura de precisi\u00f3n para identificar el estr\u00e9s en los cultivos antes de que el ojo humano pueda detectarlo. LaQuinta es la c\u00e1mara multiespectral AG-Tech con m\u00e1s funciones y el menor costo del mundo. Desarrollar equipos de alta tecnolog\u00eda pero de bajo costo para que sean financieramente accesibles para cada agricultor o agr\u00f3nomo. \u00a1Permitir al agricultor maximizar la producci\u00f3n de sus cultivos mientras utiliza la cantidad m\u00ednima de recursos!","robots":{"index":"index","follow":"follow","max-snippet":"max-snippet:-1","max-image-preview":"max-image-preview:large","max-video-preview":"max-video-preview:-1"},"canonical":"https:\/\/www.ghostysky.com\/es\/producto-2\/laquinta-multispectral-camera-for-h520-incl-mount-and-sensor\/","og_locale":"es_ES","og_type":"article","og_title":"Laquinta db2 vision multispectral -","og_description":"vA revolutionary multispectral hybrid sensor camera for Precision Agriculture to identify crop stress before the human eye can detect it. LaQuinta is the most fully featured, yet lowest cost Multispectral AG-Tech camera in the world. Developing high-tech yet low-cost equipment to become financially accessible to every individual farmer or agronomist. Enablingthe farmer to maximize its crop output while using the minimum amount of resources!","og_url":"https:\/\/www.ghostysky.com\/es\/producto-2\/laquinta-multispectral-camera-for-h520-incl-mount-and-sensor\/","og_site_name":"Ghostysky","article_publisher":"https:\/\/www.facebook.com\/people\/Ghostysky\/100057676170234\/","article_modified_time":"2024-08-06T08:31:55+00:00","og_image":[{"width":943,"height":530,"url":"https:\/\/www.ghostysky.com\/wp-content\/uploads\/2021\/03\/LaQuinta_db2vision-1.png","type":"image\/png"}],"twitter_card":"summary_large_image","twitter_site":"@Gh0stysky","twitter_misc":{"Tiempo de lectura":"4 minutos"},"schema":{"@context":"https:\/\/schema.org","@graph":[{"@type":"WebPage","@id":"https:\/\/www.ghostysky.com\/product\/laquinta-multispectral-camera-for-h520-incl-mount-and-sensor\/","url":"https:\/\/www.ghostysky.com\/product\/laquinta-multispectral-camera-for-h520-incl-mount-and-sensor\/","name":"Laquinta db2 visi\u00f3n multiespectral -","isPartOf":{"@id":"https:\/\/www.ghostysky.com\/#website"},"primaryImageOfPage":{"@id":"https:\/\/www.ghostysky.com\/product\/laquinta-multispectral-camera-for-h520-incl-mount-and-sensor\/#primaryimage"},"image":{"@id":"https:\/\/www.ghostysky.com\/product\/laquinta-multispectral-camera-for-h520-incl-mount-and-sensor\/#primaryimage"},"thumbnailUrl":"https:\/\/www.ghostysky.com\/wp-content\/uploads\/2021\/03\/LaQuinta_db2vision-1.png","datePublished":"2021-03-04T17:57:23+00:00","dateModified":"2024-08-06T08:31:55+00:00","description":"vUna revolucionaria c\u00e1mara con sensor h\u00edbrido multiespectral para agricultura de precisi\u00f3n para identificar el estr\u00e9s en los cultivos antes de que el ojo humano pueda detectarlo. LaQuinta es la c\u00e1mara multiespectral AG-Tech con m\u00e1s funciones y el menor costo del mundo. Desarrollar equipos de alta tecnolog\u00eda pero de bajo costo para que sean financieramente accesibles para cada agricultor o agr\u00f3nomo. \u00a1Permitir al agricultor maximizar la producci\u00f3n de sus cultivos mientras utiliza la cantidad m\u00ednima de recursos!","breadcrumb":{"@id":"https:\/\/www.ghostysky.com\/product\/laquinta-multispectral-camera-for-h520-incl-mount-and-sensor\/#breadcrumb"},"inLanguage":"es","potentialAction":[{"@type":"ReadAction","target":["https:\/\/www.ghostysky.com\/product\/laquinta-multispectral-camera-for-h520-incl-mount-and-sensor\/"]}]},{"@type":"ImageObject","inLanguage":"es","@id":"https:\/\/www.ghostysky.com\/product\/laquinta-multispectral-camera-for-h520-incl-mount-and-sensor\/#primaryimage","url":"https:\/\/www.ghostysky.com\/wp-content\/uploads\/2021\/03\/LaQuinta_db2vision-1.png","contentUrl":"https:\/\/www.ghostysky.com\/wp-content\/uploads\/2021\/03\/LaQuinta_db2vision-1.png","width":943,"height":530},{"@type":"BreadcrumbList","@id":"https:\/\/www.ghostysky.com\/product\/laquinta-multispectral-camera-for-h520-incl-mount-and-sensor\/#breadcrumb","itemListElement":[{"@type":"ListItem","position":1,"name":"Home","item":"https:\/\/www.ghostysky.com\/"},{"@type":"ListItem","position":2,"name":"Shop","item":"https:\/\/www.ghostysky.com\/shop\/"},{"@type":"ListItem","position":3,"name":"Laquinta db2 vision multispectral"}]},{"@type":"WebSite","@id":"https:\/\/www.ghostysky.com\/#website","url":"https:\/\/www.ghostysky.com\/","name":"Ghostysky","description":"Entrega de drones y servicios profesionales","publisher":{"@id":"https:\/\/www.ghostysky.com\/#organization"},"potentialAction":[{"@type":"SearchAction","target":{"@type":"EntryPoint","urlTemplate":"https:\/\/www.ghostysky.com\/?s={search_term_string}"},"query-input":{"@type":"PropertyValueSpecification","valueRequired":true,"valueName":"search_term_string"}}],"inLanguage":"es"},{"@type":"Organization","@id":"https:\/\/www.ghostysky.com\/#organization","name":"Ghostysky","url":"https:\/\/www.ghostysky.com\/","logo":{"@type":"ImageObject","inLanguage":"es","@id":"https:\/\/www.ghostysky.com\/#\/schema\/logo\/image\/","url":"https:\/\/www.ghostysky.com\/wp-content\/uploads\/2020\/06\/cropped-ghostyskylogo_text_white2.png","contentUrl":"https:\/\/www.ghostysky.com\/wp-content\/uploads\/2020\/06\/cropped-ghostyskylogo_text_white2.png","width":169,"height":56,"caption":"Ghostysky"},"image":{"@id":"https:\/\/www.ghostysky.com\/#\/schema\/logo\/image\/"},"sameAs":["https:\/\/www.facebook.com\/people\/Ghostysky\/100057676170234\/","https:\/\/x.com\/Gh0stysky","https:\/\/www.linkedin.com\/company\/34739653","https:\/\/www.instagram.com\/gh0stysky"]}]}},"_links":{"self":[{"href":"https:\/\/www.ghostysky.com\/es\/wp-json\/wp\/v2\/product\/2069","targetHints":{"allow":["GET"]}}],"collection":[{"href":"https:\/\/www.ghostysky.com\/es\/wp-json\/wp\/v2\/product"}],"about":[{"href":"https:\/\/www.ghostysky.com\/es\/wp-json\/wp\/v2\/types\/product"}],"replies":[{"embeddable":true,"href":"https:\/\/www.ghostysky.com\/es\/wp-json\/wp\/v2\/comments?post=2069"}],"wp:featuredmedia":[{"embeddable":true,"href":"https:\/\/www.ghostysky.com\/es\/wp-json\/wp\/v2\/media\/5102"}],"wp:attachment":[{"href":"https:\/\/www.ghostysky.com\/es\/wp-json\/wp\/v2\/media?parent=2069"}],"wp:term":[{"taxonomy":"product_brand","embeddable":true,"href":"https:\/\/www.ghostysky.com\/es\/wp-json\/wp\/v2\/product_brand?post=2069"},{"taxonomy":"product_cat","embeddable":true,"href":"https:\/\/www.ghostysky.com\/es\/wp-json\/wp\/v2\/product_cat?post=2069"},{"taxonomy":"product_tag","embeddable":true,"href":"https:\/\/www.ghostysky.com\/es\/wp-json\/wp\/v2\/product_tag?post=2069"}],"curies":[{"name":"wp","href":"https:\/\/api.w.org\/{rel}","templated":true}]}}