{"id":2075,"date":"2021-03-04T18:08:38","date_gmt":"2021-03-04T18:08:38","guid":{"rendered":"https:\/\/www.ghostysky.com\/?post_type=product&#038;p=2075"},"modified":"2024-10-31T21:31:58","modified_gmt":"2024-10-31T21:31:58","slug":"tethered-system-r-standard","status":"publish","type":"product","link":"https:\/\/www.ghostysky.com\/es\/product\/tethered-system-r-standard\/","title":{"rendered":"Sistema anclado R est\u00e1ndar"},"content":{"rendered":"<p><strong>CARACTER\u00cdSTICAS CLAVE<\/strong><\/p>\n<ul>\n<li>Permite que el dron permanezca en el aire durante largos per\u00edodos de tiempo.<\/li>\n<li>Hasta 50m de altitud de vuelo<\/li>\n<li>Fuente de alimentaci\u00f3n a\u00e9rea ligera<\/li>\n<li>Cuerda ligera de 8,4 g por metro<\/li>\n<li>Versatilidad y portabilidad: 4 sistemas diferentes disponibles que se pueden operar directamente desde un veh\u00edculo o desde la red el\u00e9ctrica<\/li>\n<li>Resistencia a la tracci\u00f3n de la correa 98 kg<\/li>\n<li>Obtenga acceso a nuevas aplicaciones: vigilancia a\u00e9rea permanente, telecomunicaciones, monitoreo de tr\u00e1fico, inspecciones industriales sofisticadas, monitoreo de la calidad del aire y transmisi\u00f3n en vivo<\/li>\n<li>Bater\u00eda de respaldo en caso de falla: aprox. 4 minutos para aterrizar<\/li>\n<li>Seguro de usar: amperaje bajo\/corriente baja<\/li>\n<\/ul>\n<p>&nbsp;<\/p>\n<p><div class='wpo_youtube_preview_container'><img src=\"https:\/\/www.ghostysky.com\/wp-content\/cache\/wpo-youtube-thumbnails\/S7Hd5Xw49Cw-maxresdefault.jpg\" class=\"wpo_youtube_preview\" data-video-url=\"https:\/\/www.youtube.com\/embed\/S7Hd5Xw49Cw?feature=oembed\" alt=\"miniatura de YouTube\" data-iframe-attr=\"{&quot;title&quot;:&quot;Project Thundercat Trials | Op CABRIT | British Army&quot;,&quot;width&quot;:&quot;1170&quot;,&quot;height&quot;:&quot;658&quot;,&quot;src&quot;:&quot;https:\\\/\\\/www.youtube.com\\\/embed\\\/S7Hd5Xw49Cw?feature=oembed&quot;,&quot;frameborder&quot;:&quot;0&quot;,&quot;allow&quot;:&quot;accelerometer; autoplay; clipboard-write; encrypted-media; gyroscope; picture-in-picture; web-share&quot;,&quot;allowfullscreen&quot;:&quot;&quot;}\"\/><span class=\"wpo_youtube_preview_overlay\"><img src=\"https:\/\/www.ghostysky.com\/wp-content\/plugins\/wp-optimize-premium\/images\/icon\/icons8-youtube-96.svg\" alt=\"icono de YouTube\"\/><\/span><\/div><\/p>","protected":false},"excerpt":{"rendered":"<p>El sistema atado, nuestro nuevo accesorio certificado por YCAP, es lo \u00faltimo en sistemas de drones atados para el H520 y el H520E. Consiste en una estaci\u00f3n de energ\u00eda terrestre, una correa liviana en un carrete y una fuente de alimentaci\u00f3n a\u00e9rea universal (UAPS) que, combinadas, alimentan el H520 y el H520E durante horas a la vez.<\/p>\n<p>Con una fuente de alimentaci\u00f3n liviana en el extremo del dron, garantiza que se maximice la capacidad de carga \u00fatil. El sistema es seguro y f\u00e1cil de usar, con una bater\u00eda de respaldo en caso de falla.<\/p>\n<hr \/>","protected":false},"featured_media":2077,"comment_status":"open","ping_status":"closed","template":"","meta":[],"product_brand":[],"product_cat":[119,29,118],"product_tag":[122,143,121],"class_list":{"0":"post-2075","1":"product","2":"type-product","3":"status-publish","4":"has-post-thumbnail","6":"product_cat-yuneec-accessories","7":"product_cat-drones","8":"product_cat-yuneec","9":"product_tag-h520e","10":"product_tag-tethered-system","11":"product_tag-yuneec","13":"first","14":"instock","15":"taxable","16":"shipping-taxable","17":"product-type-simple"},"yoast_head":"<!-- This site is optimized with the Yoast SEO plugin v27.4 - https:\/\/yoast.com\/product\/yoast-seo-wordpress\/ -->\n<title>Tethered system R standard -<\/title>\n<meta name=\"description\" content=\"The Tethered system, our new YCAP Certified Accessory, is the ultimate in tethered drone systems for the H520 and H520E. It consists of a ground power station, a lightweight tether on a reel and a Universal Aerial Power Supply (UAPS) that combined, power the H520 and H520E for hours at a time.\" \/>\n<meta name=\"robots\" content=\"index, follow, max-snippet:-1, max-image-preview:large, max-video-preview:-1\" \/>\n<link rel=\"canonical\" href=\"https:\/\/www.ghostysky.com\/es\/producto-2\/tethered-system-r-standard\/\" \/>\n<meta property=\"og:locale\" content=\"es_ES\" \/>\n<meta property=\"og:type\" content=\"article\" \/>\n<meta property=\"og:title\" content=\"Tethered system R standard -\" \/>\n<meta property=\"og:description\" content=\"The Tethered system, our new YCAP Certified Accessory, is the ultimate in tethered drone systems for the H520 and H520E. It consists of a ground power station, a lightweight tether on a reel and a Universal Aerial Power Supply (UAPS) that combined, power the H520 and H520E for hours at a time.\" \/>\n<meta property=\"og:url\" content=\"https:\/\/www.ghostysky.com\/es\/producto-2\/tethered-system-r-standard\/\" \/>\n<meta property=\"og:site_name\" content=\"Ghostysky\" \/>\n<meta property=\"article:publisher\" content=\"https:\/\/www.facebook.com\/people\/Ghostysky\/100057676170234\/\" \/>\n<meta property=\"article:modified_time\" content=\"2024-10-31T21:31:58+00:00\" \/>\n<meta property=\"og:image\" content=\"https:\/\/www.ghostysky.com\/wp-content\/uploads\/2021\/03\/YUNH520-RMR_2.jpg\" \/>\n\t<meta property=\"og:image:width\" content=\"800\" \/>\n\t<meta property=\"og:image:height\" content=\"600\" \/>\n\t<meta property=\"og:image:type\" content=\"image\/jpeg\" \/>\n<meta name=\"twitter:card\" content=\"summary_large_image\" \/>\n<meta name=\"twitter:site\" content=\"@Gh0stysky\" \/>\n<meta name=\"twitter:label1\" content=\"Tiempo de lectura\" \/>\n\t<meta name=\"twitter:data1\" content=\"1 minuto\" \/>\n<script type=\"application\/ld+json\" class=\"yoast-schema-graph\">{\"@context\":\"https:\\\/\\\/schema.org\",\"@graph\":[{\"@type\":\"WebPage\",\"@id\":\"https:\\\/\\\/www.ghostysky.com\\\/product\\\/tethered-system-r-standard\\\/\",\"url\":\"https:\\\/\\\/www.ghostysky.com\\\/product\\\/tethered-system-r-standard\\\/\",\"name\":\"Tethered system R standard -\",\"isPartOf\":{\"@id\":\"https:\\\/\\\/www.ghostysky.com\\\/#website\"},\"primaryImageOfPage\":{\"@id\":\"https:\\\/\\\/www.ghostysky.com\\\/product\\\/tethered-system-r-standard\\\/#primaryimage\"},\"image\":{\"@id\":\"https:\\\/\\\/www.ghostysky.com\\\/product\\\/tethered-system-r-standard\\\/#primaryimage\"},\"thumbnailUrl\":\"https:\\\/\\\/www.ghostysky.com\\\/wp-content\\\/uploads\\\/2021\\\/03\\\/YUNH520-RMR_2.jpg\",\"datePublished\":\"2021-03-04T18:08:38+00:00\",\"dateModified\":\"2024-10-31T21:31:58+00:00\",\"description\":\"The Tethered system, our new YCAP Certified Accessory, is the ultimate in tethered drone systems for the H520 and H520E. It consists of a ground power station, a lightweight tether on a reel and a Universal Aerial Power Supply (UAPS) that combined, power the H520 and H520E for hours at a time.\",\"breadcrumb\":{\"@id\":\"https:\\\/\\\/www.ghostysky.com\\\/product\\\/tethered-system-r-standard\\\/#breadcrumb\"},\"inLanguage\":\"es\",\"potentialAction\":[{\"@type\":\"ReadAction\",\"target\":[\"https:\\\/\\\/www.ghostysky.com\\\/product\\\/tethered-system-r-standard\\\/\"]}]},{\"@type\":\"ImageObject\",\"inLanguage\":\"es\",\"@id\":\"https:\\\/\\\/www.ghostysky.com\\\/product\\\/tethered-system-r-standard\\\/#primaryimage\",\"url\":\"https:\\\/\\\/www.ghostysky.com\\\/wp-content\\\/uploads\\\/2021\\\/03\\\/YUNH520-RMR_2.jpg\",\"contentUrl\":\"https:\\\/\\\/www.ghostysky.com\\\/wp-content\\\/uploads\\\/2021\\\/03\\\/YUNH520-RMR_2.jpg\",\"width\":800,\"height\":600},{\"@type\":\"BreadcrumbList\",\"@id\":\"https:\\\/\\\/www.ghostysky.com\\\/product\\\/tethered-system-r-standard\\\/#breadcrumb\",\"itemListElement\":[{\"@type\":\"ListItem\",\"position\":1,\"name\":\"Home\",\"item\":\"https:\\\/\\\/www.ghostysky.com\\\/\"},{\"@type\":\"ListItem\",\"position\":2,\"name\":\"Shop\",\"item\":\"https:\\\/\\\/www.ghostysky.com\\\/shop\\\/\"},{\"@type\":\"ListItem\",\"position\":3,\"name\":\"Tethered system R standard\"}]},{\"@type\":\"WebSite\",\"@id\":\"https:\\\/\\\/www.ghostysky.com\\\/#website\",\"url\":\"https:\\\/\\\/www.ghostysky.com\\\/\",\"name\":\"Ghostysky\",\"description\":\"Delivering professional drones and services\",\"publisher\":{\"@id\":\"https:\\\/\\\/www.ghostysky.com\\\/#organization\"},\"potentialAction\":[{\"@type\":\"SearchAction\",\"target\":{\"@type\":\"EntryPoint\",\"urlTemplate\":\"https:\\\/\\\/www.ghostysky.com\\\/?s={search_term_string}\"},\"query-input\":{\"@type\":\"PropertyValueSpecification\",\"valueRequired\":true,\"valueName\":\"search_term_string\"}}],\"inLanguage\":\"es\"},{\"@type\":\"Organization\",\"@id\":\"https:\\\/\\\/www.ghostysky.com\\\/#organization\",\"name\":\"Ghostysky\",\"url\":\"https:\\\/\\\/www.ghostysky.com\\\/\",\"logo\":{\"@type\":\"ImageObject\",\"inLanguage\":\"es\",\"@id\":\"https:\\\/\\\/www.ghostysky.com\\\/#\\\/schema\\\/logo\\\/image\\\/\",\"url\":\"https:\\\/\\\/www.ghostysky.com\\\/wp-content\\\/uploads\\\/2020\\\/06\\\/cropped-ghostyskylogo_text_white2.png\",\"contentUrl\":\"https:\\\/\\\/www.ghostysky.com\\\/wp-content\\\/uploads\\\/2020\\\/06\\\/cropped-ghostyskylogo_text_white2.png\",\"width\":169,\"height\":56,\"caption\":\"Ghostysky\"},\"image\":{\"@id\":\"https:\\\/\\\/www.ghostysky.com\\\/#\\\/schema\\\/logo\\\/image\\\/\"},\"sameAs\":[\"https:\\\/\\\/www.facebook.com\\\/people\\\/Ghostysky\\\/100057676170234\\\/\",\"https:\\\/\\\/x.com\\\/Gh0stysky\",\"https:\\\/\\\/www.linkedin.com\\\/company\\\/34739653\",\"https:\\\/\\\/www.instagram.com\\\/gh0stysky\"]}]}<\/script>\n<!-- \/ Yoast SEO plugin. -->","yoast_head_json":{"title":"Sistema atado R est\u00e1ndar -","description":"El sistema atado, nuestro nuevo accesorio certificado por YCAP, es lo \u00faltimo en sistemas de drones atados para el H520 y el H520E. Consiste en una estaci\u00f3n de energ\u00eda terrestre, una correa liviana en un carrete y una fuente de alimentaci\u00f3n a\u00e9rea universal (UAPS) que, combinadas, alimentan el H520 y el H520E durante horas a la vez.","robots":{"index":"index","follow":"follow","max-snippet":"max-snippet:-1","max-image-preview":"max-image-preview:large","max-video-preview":"max-video-preview:-1"},"canonical":"https:\/\/www.ghostysky.com\/es\/producto-2\/tethered-system-r-standard\/","og_locale":"es_ES","og_type":"article","og_title":"Tethered system R standard -","og_description":"The Tethered system, our new YCAP Certified Accessory, is the ultimate in tethered drone systems for the H520 and H520E. It consists of a ground power station, a lightweight tether on a reel and a Universal Aerial Power Supply (UAPS) that combined, power the H520 and H520E for hours at a time.","og_url":"https:\/\/www.ghostysky.com\/es\/producto-2\/tethered-system-r-standard\/","og_site_name":"Ghostysky","article_publisher":"https:\/\/www.facebook.com\/people\/Ghostysky\/100057676170234\/","article_modified_time":"2024-10-31T21:31:58+00:00","og_image":[{"width":800,"height":600,"url":"https:\/\/www.ghostysky.com\/wp-content\/uploads\/2021\/03\/YUNH520-RMR_2.jpg","type":"image\/jpeg"}],"twitter_card":"summary_large_image","twitter_site":"@Gh0stysky","twitter_misc":{"Tiempo de lectura":"1 minuto"},"schema":{"@context":"https:\/\/schema.org","@graph":[{"@type":"WebPage","@id":"https:\/\/www.ghostysky.com\/product\/tethered-system-r-standard\/","url":"https:\/\/www.ghostysky.com\/product\/tethered-system-r-standard\/","name":"Sistema atado R est\u00e1ndar -","isPartOf":{"@id":"https:\/\/www.ghostysky.com\/#website"},"primaryImageOfPage":{"@id":"https:\/\/www.ghostysky.com\/product\/tethered-system-r-standard\/#primaryimage"},"image":{"@id":"https:\/\/www.ghostysky.com\/product\/tethered-system-r-standard\/#primaryimage"},"thumbnailUrl":"https:\/\/www.ghostysky.com\/wp-content\/uploads\/2021\/03\/YUNH520-RMR_2.jpg","datePublished":"2021-03-04T18:08:38+00:00","dateModified":"2024-10-31T21:31:58+00:00","description":"El sistema atado, nuestro nuevo accesorio certificado por YCAP, es lo \u00faltimo en sistemas de drones atados para el H520 y el H520E. Consiste en una estaci\u00f3n de energ\u00eda terrestre, una correa liviana en un carrete y una fuente de alimentaci\u00f3n a\u00e9rea universal (UAPS) que, combinadas, alimentan el H520 y el H520E durante horas a la vez.","breadcrumb":{"@id":"https:\/\/www.ghostysky.com\/product\/tethered-system-r-standard\/#breadcrumb"},"inLanguage":"es","potentialAction":[{"@type":"ReadAction","target":["https:\/\/www.ghostysky.com\/product\/tethered-system-r-standard\/"]}]},{"@type":"ImageObject","inLanguage":"es","@id":"https:\/\/www.ghostysky.com\/product\/tethered-system-r-standard\/#primaryimage","url":"https:\/\/www.ghostysky.com\/wp-content\/uploads\/2021\/03\/YUNH520-RMR_2.jpg","contentUrl":"https:\/\/www.ghostysky.com\/wp-content\/uploads\/2021\/03\/YUNH520-RMR_2.jpg","width":800,"height":600},{"@type":"BreadcrumbList","@id":"https:\/\/www.ghostysky.com\/product\/tethered-system-r-standard\/#breadcrumb","itemListElement":[{"@type":"ListItem","position":1,"name":"Home","item":"https:\/\/www.ghostysky.com\/"},{"@type":"ListItem","position":2,"name":"Shop","item":"https:\/\/www.ghostysky.com\/shop\/"},{"@type":"ListItem","position":3,"name":"Tethered system R standard"}]},{"@type":"WebSite","@id":"https:\/\/www.ghostysky.com\/#website","url":"https:\/\/www.ghostysky.com\/","name":"Ghostysky","description":"Entrega de drones y servicios profesionales","publisher":{"@id":"https:\/\/www.ghostysky.com\/#organization"},"potentialAction":[{"@type":"SearchAction","target":{"@type":"EntryPoint","urlTemplate":"https:\/\/www.ghostysky.com\/?s={search_term_string}"},"query-input":{"@type":"PropertyValueSpecification","valueRequired":true,"valueName":"search_term_string"}}],"inLanguage":"es"},{"@type":"Organization","@id":"https:\/\/www.ghostysky.com\/#organization","name":"Ghostysky","url":"https:\/\/www.ghostysky.com\/","logo":{"@type":"ImageObject","inLanguage":"es","@id":"https:\/\/www.ghostysky.com\/#\/schema\/logo\/image\/","url":"https:\/\/www.ghostysky.com\/wp-content\/uploads\/2020\/06\/cropped-ghostyskylogo_text_white2.png","contentUrl":"https:\/\/www.ghostysky.com\/wp-content\/uploads\/2020\/06\/cropped-ghostyskylogo_text_white2.png","width":169,"height":56,"caption":"Ghostysky"},"image":{"@id":"https:\/\/www.ghostysky.com\/#\/schema\/logo\/image\/"},"sameAs":["https:\/\/www.facebook.com\/people\/Ghostysky\/100057676170234\/","https:\/\/x.com\/Gh0stysky","https:\/\/www.linkedin.com\/company\/34739653","https:\/\/www.instagram.com\/gh0stysky"]}]}},"_links":{"self":[{"href":"https:\/\/www.ghostysky.com\/es\/wp-json\/wp\/v2\/product\/2075","targetHints":{"allow":["GET"]}}],"collection":[{"href":"https:\/\/www.ghostysky.com\/es\/wp-json\/wp\/v2\/product"}],"about":[{"href":"https:\/\/www.ghostysky.com\/es\/wp-json\/wp\/v2\/types\/product"}],"replies":[{"embeddable":true,"href":"https:\/\/www.ghostysky.com\/es\/wp-json\/wp\/v2\/comments?post=2075"}],"version-history":[{"count":0,"href":"https:\/\/www.ghostysky.com\/es\/wp-json\/wp\/v2\/product\/2075\/revisions"}],"wp:featuredmedia":[{"embeddable":true,"href":"https:\/\/www.ghostysky.com\/es\/wp-json\/wp\/v2\/media\/2077"}],"wp:attachment":[{"href":"https:\/\/www.ghostysky.com\/es\/wp-json\/wp\/v2\/media?parent=2075"}],"wp:term":[{"taxonomy":"product_brand","embeddable":true,"href":"https:\/\/www.ghostysky.com\/es\/wp-json\/wp\/v2\/product_brand?post=2075"},{"taxonomy":"product_cat","embeddable":true,"href":"https:\/\/www.ghostysky.com\/es\/wp-json\/wp\/v2\/product_cat?post=2075"},{"taxonomy":"product_tag","embeddable":true,"href":"https:\/\/www.ghostysky.com\/es\/wp-json\/wp\/v2\/product_tag?post=2075"}],"curies":[{"name":"wp","href":"https:\/\/api.w.org\/{rel}","templated":true}]}}