{"id":20771,"date":"2025-10-14T07:01:45","date_gmt":"2025-10-14T07:01:45","guid":{"rendered":"https:\/\/www.ghostysky.com\/?post_type=product&#038;p=20771"},"modified":"2026-03-23T12:20:28","modified_gmt":"2026-03-23T12:20:28","slug":"emlid-reach-rs4","status":"publish","type":"product","link":"https:\/\/www.ghostysky.com\/es\/product\/emlid-reach-rs4\/","title":{"rendered":"Emlid Reach RS4"},"content":{"rendered":"<h3><b>Caracter\u00edsticas y beneficios clave:<\/b><\/h3>\n<ul>\n<li><b><span class=\"citation-27\">RTK multiconstelaci\u00f3n y de todas las bandas:<\/span><\/b><span class=\"citation-27\"> Con una enorme <\/span><b><span class=\"citation-27\">motor de 672 canales<\/span><\/b><span class=\"citation-27 citation-end-27\">El RS4 rastrea todas las principales constelaciones y bandas de sat\u00e9lites, incluidas L1, L2, L5 y L6.<\/span> <span class=\"citation-26 citation-end-26\">Esta capacidad de seguimiento superior proporciona una soluci\u00f3n fija RTK confiable en condiciones t\u00edpicamente dif\u00edciles, como copas de \u00e1rboles densos o ca\u00f1ones urbanos.<\/span><\/li>\n<li><b><span class=\"citation-25\">Compensaci\u00f3n de inclinaci\u00f3n de IMU de pr\u00f3xima generaci\u00f3n:<\/span><\/b><span class=\"citation-25 citation-end-25\"> Mida puntos dif\u00edciles de alcanzar y marque m\u00e1s r\u00e1pido sin nivelar el poste.<\/span> <span class=\"citation-24\">La IMU avanzada ofrece <\/span><b><span class=\"citation-24\">Resultados con precisi\u00f3n centim\u00e9trica incluso cuando el poste est\u00e1 inclinado<\/span><\/b><span class=\"citation-24\">, y la inicializaci\u00f3n normalmente toma solo <\/span><b><span class=\"citation-24\">5-7 segundos<\/span><\/b><span class=\"citation-24 citation-end-24\">.<\/span> <span class=\"citation-23 citation-end-23\">Esta caracter\u00edstica est\u00e1 calibrada de f\u00e1brica y es inmune a las interferencias magn\u00e9ticas, lo que garantiza la precisi\u00f3n y ahorra un tiempo significativo en el sitio.<\/span><\/li>\n<li><b><span class=\"citation-22\">Operaciones flexibles de base y de rover:<\/span><\/b><span class=\"citation-22 citation-end-22\"> El RS4 puede funcionar como un rover vers\u00e1til y como una estaci\u00f3n base confiable.<\/span> <span class=\"citation-21\">Cuenta con un sistema de radio de doble banda, compatible <\/span><b><span class=\"citation-21\">UHF (410-470 MHz hasta 2 W)<\/span><\/b><span class=\"citation-21\"> y <\/span><b><span class=\"citation-21\">LoRa (868\/915 MHz hasta 1 W)<\/span><\/b><span class=\"citation-21 citation-end-21\">, junto con un m\u00f3dem LTE global integrado y soporte NTRIP para una entrega de correcci\u00f3n flexible.<\/span><\/li>\n<li><b><span class=\"citation-20\">Durabilidad inigualable:<\/span><\/b><span class=\"citation-20\"> Dise\u00f1ado para el trabajo de campo durante todo el a\u00f1o, el RS4 cuenta con un robusto <\/span><b><span class=\"citation-20\">cuerpo de aleaci\u00f3n de magnesio<\/span><\/b><span class=\"citation-20\"> que es resistente a los golpes y tiene un <\/span><b><span class=\"citation-20\">IP68<\/span><\/b><span class=\"citation-20 citation-end-20\"> clasificaci\u00f3n de protecci\u00f3n de ingreso.<\/span> <span class=\"citation-19\">Funciona de forma fiable en temperaturas extremas, desde <\/span><b><span class=\"citation-19\">-40\u00b0C a +65\u00b0C<\/span><\/b><span class=\"citation-19 citation-end-19\">.<\/span><\/li>\n<li><b><span class=\"citation-18\">Integraci\u00f3n perfecta del flujo de trabajo:<\/span><\/b><span class=\"citation-18\"> El receptor es totalmente compatible con el <\/span><b><span class=\"citation-18\">Emlid Flow<\/span><\/b><span class=\"citation-18\"> aplicaci\u00f3n m\u00f3vil y <\/span><b><span class=\"citation-18\">Emlid Flujo 360<\/span><\/b><span class=\"citation-18 citation-end-18\"> Plataforma en la nube para iOS y Android.<\/span> <span class=\"citation-17 citation-end-17\">Esto proporciona una soluci\u00f3n de extremo a extremo para la configuraci\u00f3n del receptor, la recopilaci\u00f3n de datos, el replanteo y la sincronizaci\u00f3n de datos en tiempo real entre el campo y la oficina.<\/span><\/li>\n<li><b><span class=\"citation-16\">Energ\u00eda para el largo recorrido:<\/span><\/b><span class=\"citation-16\"> La bater\u00eda interna de iones de litio ofrece hasta <\/span><b><span class=\"citation-16\">16 horas de autonom\u00eda<\/span><\/b><span class=\"citation-16 citation-end-16\"> como un rover RTK con compensaci\u00f3n de inclinaci\u00f3n y admite carga r\u00e1pida USB-C Power Delivery (PD) para recargas r\u00e1pidas o funcionamiento prolongado con un banco de energ\u00eda.<\/span><\/li>\n<\/ul>\n<h3><b><span class=\"citation-15 citation-end-15\">Especificaciones t\u00e9cnicas<\/span><\/b><\/h3>\n<ul class=\"product-specifications-list flex f-wrap\">\n<li>\n<h3 class=\"h3\">Mec\u00e1nico<\/h3>\n<div class=\"rte\">\n<p><strong>Dimensiones:<\/strong>\u00a0128,6 x 128,6 x 99,3 mm<\/p>\n<p><strong>Peso:<\/strong>\u00a0920 g (2,028 libras)<\/p>\n<p><strong>Temperatura de funcionamiento:<\/strong>\u00a0-40 a +65 \u00b0C (-40 a 149 \u00b0F)<\/p>\n<p><strong>Protecci\u00f3n contra la entrada<\/strong>:IP68<\/p>\n<\/div>\n<\/li>\n<li>\n<h3 class=\"h3\">El\u00e9ctrico<\/h3>\n<div class=\"rte\">\n<p><strong>Autonom\u00eda:\u00a0<\/strong>16 horas como rover RTK con inclinaci\u00f3n<\/p>\n<p><strong>Bater\u00eda:<\/strong>\u00a0Iones de litio de 5000 mAh, 7,2 V, 36 Wh<\/p>\n<p><strong>Cargando:<\/strong>\u00a0USB Tipo-C (PD): 5 V\u20143 A, 9 V\u20143 A, 12 V\u20143 A, 15 V\u20143 A<\/p>\n<\/div>\n<\/li>\n<li>\n<h3 class=\"h3\">Posicionamiento<\/h3>\n<div class=\"rte\">\n<p><strong>Est\u00e1tico:<\/strong>\u00a0Alto: 4 mm + 0,5 ppm | Ancho: 8 mm + 1 ppm<\/p>\n<p><strong>PPK:<\/strong>\u00a0Alto: 5 mm + 0,5 ppm | Ancho: 10 mm + 1 ppm<\/p>\n<p><strong>RTK:<\/strong>\u00a0Alto: 7 mm + 1 ppm | Ancho: 14 mm + 1 ppm<\/p>\n<p><strong>Compensaci\u00f3n de inclinaci\u00f3n:<\/strong>\u00a0RTK + 2 mm + 0,3 mm\/\u00b0<\/p>\n<p><strong>Tiempo de convergencia:<\/strong>\u00a0~5 s t\u00edpicamente<\/p>\n<\/div>\n<\/li>\n<li>\n<h3 class=\"h3\">Conectividad<\/h3>\n<div class=\"rte\">\n<p><strong>Radio LoRa:\u00a0<\/strong>hasta 1W<\/p>\n<p><strong>Rango de frecuencia:<\/strong>\u00a0868\/915 MHz<\/p>\n<p><strong>Fuerza:\u00a0<\/strong>0,1 W<\/p>\n<p><strong>Distancia:<\/strong>\u00a0Hasta 8 km<\/p>\n<p><strong>Radio UHF:\u00a0<\/strong>hasta 2W<\/p>\n<p><strong>Rango de frecuencia:<\/strong>\u00a0410 \u2013 470 MHz<\/p>\n<p><strong>Protocolos:<\/strong>\u00a0TRIMTALK 450S**<\/p>\n<p><strong>Tipo de modulaci\u00f3n:<\/strong>\u00a0GMSK<\/p>\n<p><strong>m\u00f3dem LTE<\/strong><\/p>\n<p><strong>Regiones:<\/strong>\u00a0Global<\/p>\n<p><strong>Alzacuello:<\/strong>\u00a0FDD-LTE: 1, 2, 3, 4, 5, 7, 8, 12, 13, 18, 19, 20, 26, 28 TD-LTE: 38, 39, 40, 41 UMTS (UHPS\/FDD): 1, 2, 5, 8 Cuatribanda, 850\/1900, 900\/1800 MHz<\/p>\n<p><strong>Tarjeta SIM:<\/strong>\u00a0Nano-SIM<\/p>\n<p><strong>Wi-Fi:<\/strong>\u00a0802.11 b\/g\/n<\/p>\n<p><strong>Bluetooth:<\/strong>\u00a0Bluetooth 5.1 (BR\/EDR + LE)<\/p>\n<p><strong>Puertos:<\/strong>\u00a0RS-232, USB Tipo-C<\/p>\n<p>*Utilice la antena correcta, LoRa o UHF, para su configuraci\u00f3n.<\/p>\n<p>**TRIMTALK es una marca comercial de Trimble Inc.<\/p>\n<\/div>\n<\/li>\n<li>\n<h3 class=\"h3\">Protocolos de datos<\/h3>\n<div class=\"rte\">\n<p><strong>Correcciones:<\/strong>\u00a0NTRIP, RTCM3<\/p>\n<p><strong>Salida de posici\u00f3n:<\/strong>\u00a0NMEA, LLH\/XYZ<\/p>\n<p><strong>Registro de datos:<\/strong>\u00a0RINEX, NMEA, LLH\/XYZ, UBX<\/p>\n<p><strong>Almacenamiento interno:<\/strong>\u00a016 GB<\/p>\n<\/div>\n<\/li>\n<li>\n<h3 class=\"h3\">GNSS<\/h3>\n<div class=\"rte\">\n<p><strong>Se\u00f1al rastreada:<\/strong>\u00a0GPS: L1C\/A, L2C, L5, GLONASS: L1OF, L2OF, Galileo: E1-B\/C, E5a, E6, BeiDou: B1I, B1C, B2a, B3I, QZSS: L1C\/A, L1C\/B11, L2C, L5, NavIC: Datos L1-SPS, L5-SPS<\/p>\n<p><strong>N\u00famero de canales:<\/strong>\u00a0672<\/p>\n<p><strong>Tasas de actualizaci\u00f3n:<\/strong>\u00a0hasta 10 Hz<\/p>\n<\/div>\n<p>&nbsp;<\/li>\n<\/ul>\n<h3>EN EL CUADRO<\/h3>\n<ul>\n<li><span class=\"discussion-id-273498ed-188c-8061-ae20-001c3a079042 notion-enable-hover\" data-token-index=\"1\">1x Emlid Reach RS4<\/span><\/li>\n<li>1x Estuche de transporte<\/li>\n<li>1x cable USB tipo C<\/li>\n<li>1x antena LoRa de 860-930 MHz<\/li>\n<li>1x antena UHF de 410-470 MHz<\/li>\n<\/ul>","protected":false},"excerpt":{"rendered":"<h3><b>Emlid Reach RS4: El caballo de batalla RTK de todas las bandas con compensaci\u00f3n de inclinaci\u00f3n de \u00faltima generaci\u00f3n<\/b><\/h3>\n<p><span class=\"citation-29 citation-end-29\">El Emlid Reach RS4 es un receptor GNSS resistente y de todas las bandas, dise\u00f1ado para brindar precisi\u00f3n confiable a nivel de cent\u00edmetros para proyectos profesionales de topograf\u00eda, dise\u00f1o de construcci\u00f3n y mapeo.<\/span> <span class=\"citation-28 citation-end-28\">Bas\u00e1ndose en la reputaci\u00f3n de Emlid de precisi\u00f3n y simplicidad, el RS4 presenta un nuevo y potente motor y una compensaci\u00f3n de inclinaci\u00f3n m\u00e1s r\u00e1pida para mantener a sus equipos de campo trabajando de manera eficiente, incluso en los entornos m\u00e1s desafiantes.<\/span><\/p>","protected":false},"featured_media":20781,"comment_status":"open","ping_status":"closed","template":"","meta":[],"product_brand":[1025],"product_cat":[1119,89,1117,1125,1127,30,365],"product_tag":[58,1027,1026],"class_list":{"0":"post-20771","1":"product","2":"type-product","3":"status-publish","4":"has-post-thumbnail","6":"product_brand-emlid","7":"product_cat-dji-matrice-4-accessories","8":"product_cat-emlid","9":"product_cat-matrice-4","10":"product_cat-matrice-400","11":"product_cat-matrice-400-accessories","12":"product_cat-mobile-station","13":"product_cat-receivers-emlid","14":"product_tag-emlid","15":"product_tag-emlid-rs-series","16":"product_tag-emlid-rs4","18":"first","19":"instock","20":"taxable","21":"shipping-taxable","22":"purchasable","23":"product-type-simple"},"yoast_head":"<!-- This site is optimized with the Yoast SEO plugin v27.4 - https:\/\/yoast.com\/product\/yoast-seo-wordpress\/ -->\n<title>Emlid Reach RS4 - Ghostysky<\/title>\n<meta name=\"description\" content=\"Emlid Reach RS4: The All-Band RTK Workhorse with Next-Gen Tilt CompensationThe Emlid Reach RS4 is a rugged, all-band GNSS receiver engineered to deliver reliable, centimeter-level precision for professional surveying, construction layout, and mapping projects. Building on Emlid&#039;s reputation for accuracy and simplicity, the RS4 introduces a powerful new engine and faster tilt compensation to keep your field teams working efficiently, even in the most challenging environments.\" \/>\n<meta name=\"robots\" content=\"index, follow, max-snippet:-1, max-image-preview:large, max-video-preview:-1\" \/>\n<link rel=\"canonical\" href=\"https:\/\/www.ghostysky.com\/es\/producto-2\/emlid-reach-rs4\/\" \/>\n<meta property=\"og:locale\" content=\"es_ES\" \/>\n<meta property=\"og:type\" content=\"article\" \/>\n<meta property=\"og:title\" content=\"Emlid Reach RS4 - Ghostysky\" \/>\n<meta property=\"og:description\" content=\"Emlid Reach RS4: The All-Band RTK Workhorse with Next-Gen Tilt CompensationThe Emlid Reach RS4 is a rugged, all-band GNSS receiver engineered to deliver reliable, centimeter-level precision for professional surveying, construction layout, and mapping projects. Building on Emlid&#039;s reputation for accuracy and simplicity, the RS4 introduces a powerful new engine and faster tilt compensation to keep your field teams working efficiently, even in the most challenging environments.\" \/>\n<meta property=\"og:url\" content=\"https:\/\/www.ghostysky.com\/es\/producto-2\/emlid-reach-rs4\/\" \/>\n<meta property=\"og:site_name\" content=\"Ghostysky\" \/>\n<meta property=\"article:publisher\" content=\"https:\/\/www.facebook.com\/people\/Ghostysky\/100057676170234\/\" \/>\n<meta property=\"article:modified_time\" content=\"2026-03-23T12:20:28+00:00\" \/>\n<meta property=\"og:image\" content=\"https:\/\/www.ghostysky.com\/wp-content\/uploads\/2025\/10\/GH_RS4_1.webp\" \/>\n\t<meta property=\"og:image:width\" content=\"2400\" \/>\n\t<meta property=\"og:image:height\" content=\"2400\" \/>\n\t<meta property=\"og:image:type\" content=\"image\/webp\" \/>\n<meta name=\"twitter:card\" content=\"summary_large_image\" \/>\n<meta name=\"twitter:site\" content=\"@Gh0stysky\" \/>\n<meta name=\"twitter:label1\" content=\"Tiempo de lectura\" \/>\n\t<meta name=\"twitter:data1\" content=\"3 minutos\" \/>\n<script type=\"application\/ld+json\" class=\"yoast-schema-graph\">{\"@context\":\"https:\\\/\\\/schema.org\",\"@graph\":[{\"@type\":\"WebPage\",\"@id\":\"https:\\\/\\\/www.ghostysky.com\\\/product\\\/emlid-reach-rs4\\\/\",\"url\":\"https:\\\/\\\/www.ghostysky.com\\\/product\\\/emlid-reach-rs4\\\/\",\"name\":\"Emlid Reach RS4 - Ghostysky\",\"isPartOf\":{\"@id\":\"https:\\\/\\\/www.ghostysky.com\\\/#website\"},\"primaryImageOfPage\":{\"@id\":\"https:\\\/\\\/www.ghostysky.com\\\/product\\\/emlid-reach-rs4\\\/#primaryimage\"},\"image\":{\"@id\":\"https:\\\/\\\/www.ghostysky.com\\\/product\\\/emlid-reach-rs4\\\/#primaryimage\"},\"thumbnailUrl\":\"https:\\\/\\\/www.ghostysky.com\\\/wp-content\\\/uploads\\\/2025\\\/10\\\/GH_RS4_1.webp\",\"datePublished\":\"2025-10-14T07:01:45+00:00\",\"dateModified\":\"2026-03-23T12:20:28+00:00\",\"description\":\"Emlid Reach RS4: The All-Band RTK Workhorse with Next-Gen Tilt CompensationThe Emlid Reach RS4 is a rugged, all-band GNSS receiver engineered to deliver reliable, centimeter-level precision for professional surveying, construction layout, and mapping projects. Building on Emlid's reputation for accuracy and simplicity, the RS4 introduces a powerful new engine and faster tilt compensation to keep your field teams working efficiently, even in the most challenging environments.\",\"breadcrumb\":{\"@id\":\"https:\\\/\\\/www.ghostysky.com\\\/product\\\/emlid-reach-rs4\\\/#breadcrumb\"},\"inLanguage\":\"es\",\"potentialAction\":[{\"@type\":\"ReadAction\",\"target\":[\"https:\\\/\\\/www.ghostysky.com\\\/product\\\/emlid-reach-rs4\\\/\"]}]},{\"@type\":\"ImageObject\",\"inLanguage\":\"es\",\"@id\":\"https:\\\/\\\/www.ghostysky.com\\\/product\\\/emlid-reach-rs4\\\/#primaryimage\",\"url\":\"https:\\\/\\\/www.ghostysky.com\\\/wp-content\\\/uploads\\\/2025\\\/10\\\/GH_RS4_1.webp\",\"contentUrl\":\"https:\\\/\\\/www.ghostysky.com\\\/wp-content\\\/uploads\\\/2025\\\/10\\\/GH_RS4_1.webp\",\"width\":2400,\"height\":2400},{\"@type\":\"BreadcrumbList\",\"@id\":\"https:\\\/\\\/www.ghostysky.com\\\/product\\\/emlid-reach-rs4\\\/#breadcrumb\",\"itemListElement\":[{\"@type\":\"ListItem\",\"position\":1,\"name\":\"Home\",\"item\":\"https:\\\/\\\/www.ghostysky.com\\\/\"},{\"@type\":\"ListItem\",\"position\":2,\"name\":\"Shop\",\"item\":\"https:\\\/\\\/www.ghostysky.com\\\/shop\\\/\"},{\"@type\":\"ListItem\",\"position\":3,\"name\":\"Emlid Reach RS4\"}]},{\"@type\":\"WebSite\",\"@id\":\"https:\\\/\\\/www.ghostysky.com\\\/#website\",\"url\":\"https:\\\/\\\/www.ghostysky.com\\\/\",\"name\":\"Ghostysky\",\"description\":\"Delivering professional drones and services\",\"publisher\":{\"@id\":\"https:\\\/\\\/www.ghostysky.com\\\/#organization\"},\"potentialAction\":[{\"@type\":\"SearchAction\",\"target\":{\"@type\":\"EntryPoint\",\"urlTemplate\":\"https:\\\/\\\/www.ghostysky.com\\\/?s={search_term_string}\"},\"query-input\":{\"@type\":\"PropertyValueSpecification\",\"valueRequired\":true,\"valueName\":\"search_term_string\"}}],\"inLanguage\":\"es\"},{\"@type\":\"Organization\",\"@id\":\"https:\\\/\\\/www.ghostysky.com\\\/#organization\",\"name\":\"Ghostysky\",\"url\":\"https:\\\/\\\/www.ghostysky.com\\\/\",\"logo\":{\"@type\":\"ImageObject\",\"inLanguage\":\"es\",\"@id\":\"https:\\\/\\\/www.ghostysky.com\\\/#\\\/schema\\\/logo\\\/image\\\/\",\"url\":\"https:\\\/\\\/www.ghostysky.com\\\/wp-content\\\/uploads\\\/2020\\\/06\\\/cropped-ghostyskylogo_text_white2.png\",\"contentUrl\":\"https:\\\/\\\/www.ghostysky.com\\\/wp-content\\\/uploads\\\/2020\\\/06\\\/cropped-ghostyskylogo_text_white2.png\",\"width\":169,\"height\":56,\"caption\":\"Ghostysky\"},\"image\":{\"@id\":\"https:\\\/\\\/www.ghostysky.com\\\/#\\\/schema\\\/logo\\\/image\\\/\"},\"sameAs\":[\"https:\\\/\\\/www.facebook.com\\\/people\\\/Ghostysky\\\/100057676170234\\\/\",\"https:\\\/\\\/x.com\\\/Gh0stysky\",\"https:\\\/\\\/www.linkedin.com\\\/company\\\/34739653\",\"https:\\\/\\\/www.instagram.com\\\/gh0stysky\"]}]}<\/script>\n<!-- \/ Yoast SEO plugin. -->","yoast_head_json":{"title":"Emlid Reach RS4 - Cielo fantasmal","description":"Emlid Reach RS4: El receptor RTK multibanda con compensaci\u00f3n de inclinaci\u00f3n de \u00faltima generaci\u00f3n. El Emlid Reach RS4 es un receptor GNSS multibanda robusto, dise\u00f1ado para ofrecer una precisi\u00f3n centim\u00e9trica fiable para proyectos profesionales de topograf\u00eda, dise\u00f1o de obra y cartograf\u00eda. Bas\u00e1ndose en la reputaci\u00f3n de Emlid de precisi\u00f3n y simplicidad, el RS4 incorpora un nuevo y potente motor y una compensaci\u00f3n de inclinaci\u00f3n m\u00e1s r\u00e1pida para que sus equipos de campo trabajen eficientemente, incluso en los entornos m\u00e1s exigentes.","robots":{"index":"index","follow":"follow","max-snippet":"max-snippet:-1","max-image-preview":"max-image-preview:large","max-video-preview":"max-video-preview:-1"},"canonical":"https:\/\/www.ghostysky.com\/es\/producto-2\/emlid-reach-rs4\/","og_locale":"es_ES","og_type":"article","og_title":"Emlid Reach RS4 - Ghostysky","og_description":"Emlid Reach RS4: The All-Band RTK Workhorse with Next-Gen Tilt CompensationThe Emlid Reach RS4 is a rugged, all-band GNSS receiver engineered to deliver reliable, centimeter-level precision for professional surveying, construction layout, and mapping projects. Building on Emlid's reputation for accuracy and simplicity, the RS4 introduces a powerful new engine and faster tilt compensation to keep your field teams working efficiently, even in the most challenging environments.","og_url":"https:\/\/www.ghostysky.com\/es\/producto-2\/emlid-reach-rs4\/","og_site_name":"Ghostysky","article_publisher":"https:\/\/www.facebook.com\/people\/Ghostysky\/100057676170234\/","article_modified_time":"2026-03-23T12:20:28+00:00","og_image":[{"width":2400,"height":2400,"url":"https:\/\/www.ghostysky.com\/wp-content\/uploads\/2025\/10\/GH_RS4_1.webp","type":"image\/webp"}],"twitter_card":"summary_large_image","twitter_site":"@Gh0stysky","twitter_misc":{"Tiempo de lectura":"3 minutos"},"schema":{"@context":"https:\/\/schema.org","@graph":[{"@type":"WebPage","@id":"https:\/\/www.ghostysky.com\/product\/emlid-reach-rs4\/","url":"https:\/\/www.ghostysky.com\/product\/emlid-reach-rs4\/","name":"Emlid Reach RS4 - Cielo fantasmal","isPartOf":{"@id":"https:\/\/www.ghostysky.com\/#website"},"primaryImageOfPage":{"@id":"https:\/\/www.ghostysky.com\/product\/emlid-reach-rs4\/#primaryimage"},"image":{"@id":"https:\/\/www.ghostysky.com\/product\/emlid-reach-rs4\/#primaryimage"},"thumbnailUrl":"https:\/\/www.ghostysky.com\/wp-content\/uploads\/2025\/10\/GH_RS4_1.webp","datePublished":"2025-10-14T07:01:45+00:00","dateModified":"2026-03-23T12:20:28+00:00","description":"Emlid Reach RS4: El receptor RTK multibanda con compensaci\u00f3n de inclinaci\u00f3n de \u00faltima generaci\u00f3n. El Emlid Reach RS4 es un receptor GNSS multibanda robusto, dise\u00f1ado para ofrecer una precisi\u00f3n centim\u00e9trica fiable para proyectos profesionales de topograf\u00eda, dise\u00f1o de obra y cartograf\u00eda. Bas\u00e1ndose en la reputaci\u00f3n de Emlid de precisi\u00f3n y simplicidad, el RS4 incorpora un nuevo y potente motor y una compensaci\u00f3n de inclinaci\u00f3n m\u00e1s r\u00e1pida para que sus equipos de campo trabajen eficientemente, incluso en los entornos m\u00e1s exigentes.","breadcrumb":{"@id":"https:\/\/www.ghostysky.com\/product\/emlid-reach-rs4\/#breadcrumb"},"inLanguage":"es","potentialAction":[{"@type":"ReadAction","target":["https:\/\/www.ghostysky.com\/product\/emlid-reach-rs4\/"]}]},{"@type":"ImageObject","inLanguage":"es","@id":"https:\/\/www.ghostysky.com\/product\/emlid-reach-rs4\/#primaryimage","url":"https:\/\/www.ghostysky.com\/wp-content\/uploads\/2025\/10\/GH_RS4_1.webp","contentUrl":"https:\/\/www.ghostysky.com\/wp-content\/uploads\/2025\/10\/GH_RS4_1.webp","width":2400,"height":2400},{"@type":"BreadcrumbList","@id":"https:\/\/www.ghostysky.com\/product\/emlid-reach-rs4\/#breadcrumb","itemListElement":[{"@type":"ListItem","position":1,"name":"Home","item":"https:\/\/www.ghostysky.com\/"},{"@type":"ListItem","position":2,"name":"Shop","item":"https:\/\/www.ghostysky.com\/shop\/"},{"@type":"ListItem","position":3,"name":"Emlid Reach RS4"}]},{"@type":"WebSite","@id":"https:\/\/www.ghostysky.com\/#website","url":"https:\/\/www.ghostysky.com\/","name":"Ghostysky","description":"Entrega de drones y servicios profesionales","publisher":{"@id":"https:\/\/www.ghostysky.com\/#organization"},"potentialAction":[{"@type":"SearchAction","target":{"@type":"EntryPoint","urlTemplate":"https:\/\/www.ghostysky.com\/?s={search_term_string}"},"query-input":{"@type":"PropertyValueSpecification","valueRequired":true,"valueName":"search_term_string"}}],"inLanguage":"es"},{"@type":"Organization","@id":"https:\/\/www.ghostysky.com\/#organization","name":"Ghostysky","url":"https:\/\/www.ghostysky.com\/","logo":{"@type":"ImageObject","inLanguage":"es","@id":"https:\/\/www.ghostysky.com\/#\/schema\/logo\/image\/","url":"https:\/\/www.ghostysky.com\/wp-content\/uploads\/2020\/06\/cropped-ghostyskylogo_text_white2.png","contentUrl":"https:\/\/www.ghostysky.com\/wp-content\/uploads\/2020\/06\/cropped-ghostyskylogo_text_white2.png","width":169,"height":56,"caption":"Ghostysky"},"image":{"@id":"https:\/\/www.ghostysky.com\/#\/schema\/logo\/image\/"},"sameAs":["https:\/\/www.facebook.com\/people\/Ghostysky\/100057676170234\/","https:\/\/x.com\/Gh0stysky","https:\/\/www.linkedin.com\/company\/34739653","https:\/\/www.instagram.com\/gh0stysky"]}]}},"_links":{"self":[{"href":"https:\/\/www.ghostysky.com\/es\/wp-json\/wp\/v2\/product\/20771","targetHints":{"allow":["GET"]}}],"collection":[{"href":"https:\/\/www.ghostysky.com\/es\/wp-json\/wp\/v2\/product"}],"about":[{"href":"https:\/\/www.ghostysky.com\/es\/wp-json\/wp\/v2\/types\/product"}],"replies":[{"embeddable":true,"href":"https:\/\/www.ghostysky.com\/es\/wp-json\/wp\/v2\/comments?post=20771"}],"wp:featuredmedia":[{"embeddable":true,"href":"https:\/\/www.ghostysky.com\/es\/wp-json\/wp\/v2\/media\/20781"}],"wp:attachment":[{"href":"https:\/\/www.ghostysky.com\/es\/wp-json\/wp\/v2\/media?parent=20771"}],"wp:term":[{"taxonomy":"product_brand","embeddable":true,"href":"https:\/\/www.ghostysky.com\/es\/wp-json\/wp\/v2\/product_brand?post=20771"},{"taxonomy":"product_cat","embeddable":true,"href":"https:\/\/www.ghostysky.com\/es\/wp-json\/wp\/v2\/product_cat?post=20771"},{"taxonomy":"product_tag","embeddable":true,"href":"https:\/\/www.ghostysky.com\/es\/wp-json\/wp\/v2\/product_tag?post=20771"}],"curies":[{"name":"wp","href":"https:\/\/api.w.org\/{rel}","templated":true}]}}