{"id":20782,"date":"2025-10-14T07:20:01","date_gmt":"2025-10-14T07:20:01","guid":{"rendered":"https:\/\/www.ghostysky.com\/?post_type=product&#038;p=20782"},"modified":"2026-03-23T12:20:37","modified_gmt":"2026-03-23T12:20:37","slug":"emlid-rs4-pro","status":"publish","type":"product","link":"https:\/\/www.ghostysky.com\/es\/product\/emlid-rs4-pro\/","title":{"rendered":"Emlid RS4 Pro"},"content":{"rendered":"<h3><b>Caracter\u00edsticas clave<\/b><\/h3>\n<ul>\n<li><b><span class=\"citation-63\">C\u00e1maras duales Full HD y flujos de trabajo visuales:<\/span><\/b><span class=\"citation-63 citation-end-63\"> La caracter\u00edstica destacada es la integraci\u00f3n de dos c\u00e1maras Full-HD calibradas de f\u00e1brica, que desbloquean potentes flujos de trabajo visuales:<\/span>\n<ul>\n<li><b><span class=\"citation-62\">Replanteo de AR:<\/span><\/b><span class=\"citation-62 citation-end-62\"> Superponga sus planos de dise\u00f1o directamente sobre el mundo real con la gu\u00eda de realidad aumentada, lo que hace que el replanteo sea m\u00e1s r\u00e1pido, m\u00e1s intuitivo y altamente eficiente.<\/span><\/li>\n<li><b>Medici\u00f3n a partir de im\u00e1genes:<\/b><span class=\"citation-61 citation-end-61\"> Capture de forma segura puntos inaccesibles (como fachadas de edificios, puntos a trav\u00e9s de carreteras con mucho tr\u00e1fico o \u00e1reas detr\u00e1s de vallas) simplemente tomando fotograf\u00edas, eliminando la necesidad de instalar estaciones totales en zonas peligrosas.<\/span><\/li>\n<\/ul>\n<\/li>\n<li><b>Precisi\u00f3n GNSS de nivel profesional:<\/b><span class=\"citation-60 citation-end-60\"> Realiza un seguimiento de las principales constelaciones y frecuencias de sat\u00e9lite (GPS, GLONASS, Galileo, BeiDou, QZSS, NavIC) con 672 canales para obtener soluciones r\u00e1pidas y confiables y un rendimiento s\u00f3lido en entornos desafiantes.<\/span>\n<ul>\n<li><b><span class=\"citation-59\">Precisi\u00f3n RTK (horizontal):<\/span><\/b> <span class=\"math-inline\"><span class=\"katex\"><span class=\"katex-html\" aria-hidden=\"true\"><span class=\"base\"><span class=\"mord\">7<\/span><span class=\"mord text\"><span class=\"mord\">\u00a0mil\u00edmetros<\/span><\/span><span class=\"mbin\">+<\/span><\/span><span class=\"base\"><span class=\"mord\">1<\/span><span class=\"mord text\"><span class=\"mord\">\u00a0ppm<\/span><\/span><\/span><\/span><\/span><\/span><\/li>\n<\/ul>\n<\/li>\n<li><b><span class=\"citation-58\">Compensaci\u00f3n de inclinaci\u00f3n avanzada:<\/span><\/b><span class=\"citation-58 citation-end-58\"> Cuenta con compensaci\u00f3n de inclinaci\u00f3n IMU de \u00faltima generaci\u00f3n, lo que permite realizar mediciones precisas sin necesidad de nivelar el poste, lo que acelera significativamente la recopilaci\u00f3n de datos.<\/span>\n<ul>\n<li><b>Precisi\u00f3n con inclinaci\u00f3n:<\/b> <span class=\"math-inline\"><span class=\"katex\"><span class=\"katex-html\" aria-hidden=\"true\"><span class=\"base\"><span class=\"mord\">2<\/span><span class=\"mord text\"><span class=\"mord\">\u00a0mil\u00edmetros<\/span><\/span><span class=\"mbin\">+<\/span><\/span><span class=\"base\"><span class=\"mord\">0.3<\/span><span class=\"mord\"><span class=\"mord text\">\u00a0mm\/<\/span><span class=\"msupsub\"><span class=\"vlist-t\"><span class=\"vlist-r\"><span class=\"vlist\"><span class=\"\"><span class=\"sizing reset-size6 size3 mtight\"><span class=\"mbin mtight\">\u2218<\/span><\/span><\/span><\/span><\/span><\/span><\/span><\/span><\/span><\/span><\/span><\/span><\/li>\n<\/ul>\n<\/li>\n<li><b>Conectividad robusta:<\/b><span class=\"citation-56 citation-end-56\"> Incluye un m\u00f3dem LTE global integrado para correcciones NTRIP, Wi-Fi de doble banda, Bluetooth y un sistema de radio multibanda Emlid (LoRa\/UHF) para comunicaci\u00f3n de largo alcance entre la base y el rover (hasta <\/span><span class=\"math-inline\"><span class=\"katex\"><span class=\"katex-html\" aria-hidden=\"true\"><span class=\"base\"><span class=\"mord\">8<\/span><span class=\"mord text\"><span class=\"mord\">\u00a0kil\u00f3metros<\/span><\/span><\/span><\/span><\/span><\/span><span class=\"citation-55 citation-end-55\">).<\/span><\/li>\n<li><b><span class=\"citation-54\">Dise\u00f1o resistente y duradero:<\/span><\/b><span class=\"citation-54 citation-end-54\"> Construido con un cuerpo de aleaci\u00f3n de magnesio duradero y protecci\u00f3n de ingreso IP68, el RS4 Pro est\u00e1 dise\u00f1ado para soportar las condiciones de campo m\u00e1s duras, desde fr\u00edo extremo (<\/span><span class=\"math-inline\"><span class=\"katex\"><span class=\"katex-html\" aria-hidden=\"true\"><span class=\"base\"><span class=\"mord text\"><span class=\"mord\">\u2013<\/span><\/span><span class=\"mord\">4<\/span><span class=\"mord\">0<span class=\"msupsub\"><span class=\"vlist-t\"><span class=\"vlist-r\"><span class=\"vlist\"><span class=\"\"><span class=\"sizing reset-size6 size3 mtight\"><span class=\"mbin mtight\">\u2218<\/span><\/span><\/span><\/span><\/span><\/span><\/span><\/span><span class=\"mord text\"><span class=\"mord\">do<\/span><\/span><\/span><\/span><\/span><\/span><span class=\"citation-53 citation-end-53\">) al calor intenso (<\/span><span class=\"math-inline\"><span class=\"katex\"><span class=\"katex-html\" aria-hidden=\"true\"><span class=\"base\"><span class=\"mord\"><span class=\"mord text\">+65<\/span><span class=\"msupsub\"><span class=\"vlist-t\"><span class=\"vlist-r\"><span class=\"vlist\"><span class=\"\"><span class=\"sizing reset-size6 size3 mtight\"><span class=\"mbin mtight\">\u2218<\/span><\/span><\/span><\/span><\/span><\/span><\/span><\/span><span class=\"mord text\"><span class=\"mord\">do<\/span><\/span><\/span><\/span><\/span><\/span><span class=\"citation-52 citation-end-52\">).<\/span><\/li>\n<li><b><span class=\"citation-51\">Integraci\u00f3n perfecta con Emlid Flow:<\/span><\/b><span class=\"citation-51\"> Desarrollado por el <\/span><b><span class=\"citation-51\">Emlid Flow<\/span><\/b><span class=\"citation-51 citation-end-51\"> Aplicaci\u00f3n m\u00f3vil y en la nube que garantiza un flujo de trabajo fluido del campo a la oficina y ofrece:<\/span>\n<ul>\n<li>F\u00e1cil instalaci\u00f3n y configuraci\u00f3n.<\/li>\n<li><span class=\"citation-50 citation-end-50\">Sincronizaci\u00f3n de datos en tiempo real con el servicio en nube Emlid Flow 360.<\/span><\/li>\n<li><span class=\"citation-49 citation-end-49\">Herramientas integrales para estudios topogr\u00e1ficos, replanteo, trabajos de l\u00edneas y caminos, c\u00e1lculos de corte y relleno y planos de obra.<\/span><\/li>\n<\/ul>\n<\/li>\n<li><b>Autonom\u00eda duradera:<\/b> Cuenta con una impresionante duraci\u00f3n de bater\u00eda de hasta 16 horas como un rover RTK con compensaci\u00f3n de inclinaci\u00f3n.<\/li>\n<\/ul>\n<h3><b>Especificaciones t\u00e9cnicas<\/b><\/h3>\n<ul class=\"product-specifications-list flex f-wrap\">\n<li>\n<h3 class=\"h3\">Im\u00e1genes<\/h3>\n<div class=\"rte\">\n<p><strong>Sensores de imagen:<\/strong>\u00a01\/2,6 pulg., CMOS, obturador global, Full HD<\/p>\n<p><strong>Campo de visi\u00f3n<\/strong><\/p>\n<p><strong>C\u00e1mara frontal:<\/strong>\u00a0Alto: 64.6<strong>\u00b0<\/strong>, V: 42.8<strong>\u00b0<\/strong><\/p>\n<p><strong>C\u00e1mara inferior:<\/strong>\u00a0Alto: 63<strong>\u00b0<\/strong>, V: 42<strong>\u00b0<\/strong><\/p>\n<p><strong>Velocidad de fotogramas del v\u00eddeo:\u00a0<\/strong>25 fps<\/p>\n<\/div>\n<\/li>\n<li>\n<h3 class=\"h3\">Mec\u00e1nico<\/h3>\n<div class=\"rte\">\n<p><strong>Dimensiones:<\/strong>\u00a0128,6 x 128,6 x 99,3 mm<\/p>\n<p><strong>Peso:<\/strong>\u00a0920 g (2,028 libras)<\/p>\n<p><strong>Temperatura de funcionamiento:<\/strong>\u00a0-40 a +65 \u00b0C (-40 a 149 \u00b0F)<\/p>\n<p><strong>Protecci\u00f3n contra la entrada<\/strong>:IP68<\/p>\n<\/div>\n<\/li>\n<li>\n<h3 class=\"h3\">El\u00e9ctrico<\/h3>\n<div class=\"rte\">\n<p><strong>Autonom\u00eda:\u00a0<\/strong>16 horas como rover RTK con inclinaci\u00f3n<\/p>\n<p><strong>Bater\u00eda:<\/strong>\u00a0Iones de litio de 5000 mAh, 7,2 V, 36 Wh<\/p>\n<p><strong>Cargando:<\/strong>\u00a0USB Tipo-C (PD): 5 V\u20143 A, 9 V\u20143 A, 12 V\u20143 A, 15 V\u20143 A<\/p>\n<\/div>\n<\/li>\n<li>\n<h3 class=\"h3\">Posicionamiento<\/h3>\n<div class=\"rte\">\n<p><strong>Est\u00e1tico:<\/strong>\u00a0Alto: 4 mm + 0,5 ppm | Ancho: 8 mm + 1 ppm<\/p>\n<p><strong>PPK:<\/strong>\u00a0Alto: 5 mm + 0,5 ppm | Ancho: 10 mm + 1 ppm<\/p>\n<p><strong>RTK:<\/strong>\u00a0Alto: 7 mm + 1 ppm | Ancho: 14 mm + 1 ppm<\/p>\n<p><strong>Compensaci\u00f3n de inclinaci\u00f3n:<\/strong>\u00a0RTK + 2 mm + 0,3 mm\/\u00b0<\/p>\n<p><strong>Tiempo de convergencia:<\/strong>\u00a0~5 s t\u00edpicamente<\/p>\n<\/div>\n<\/li>\n<li>\n<h3 class=\"h3\">Protocolos de datos<\/h3>\n<div class=\"rte\">\n<p><strong>Correcciones:<\/strong>\u00a0NTRIP, RTCM3<\/p>\n<p><strong>Salida de posici\u00f3n:<\/strong>\u00a0NMEA, LLH\/XYZ<\/p>\n<p><strong>Registro de datos:<\/strong>\u00a0RINEX, NMEA, LLH\/XYZ, UBX<\/p>\n<p><strong>Almacenamiento interno:<\/strong>\u00a016 GB<\/p>\n<\/div>\n<\/li>\n<li>\n<h3 class=\"h3\">GNSS<\/h3>\n<div class=\"rte\">\n<p><strong>Se\u00f1al rastreada:<\/strong>\u00a0GPS: L1C\/A, L2C, L5, GLONASS: L1OF, L2OF, Galileo: E1-B\/C, E5a, E6, BeiDou: B1I, B1C, B2a, B3I, QZSS: L1C\/A, L1C\/B11, L2C, L5, NavIC: Datos L1-SPS, L5-SPS<\/p>\n<p><strong>N\u00famero de canales:<\/strong>\u00a0672<\/p>\n<p><strong>Tasas de actualizaci\u00f3n:<\/strong>\u00a0hasta 10 Hz<\/p>\n<\/div>\n<\/li>\n<li>\n<h3 class=\"h3\">Conectividad<\/h3>\n<div class=\"rte\">\n<p><strong>Radio LoRa:\u00a0<\/strong>hasta 1W<\/p>\n<p><strong>Rango de frecuencia:<\/strong>\u00a0868\/915 MHz<\/p>\n<p><strong>Fuerza:\u00a0<\/strong>0,1 W<\/p>\n<p><strong>Distancia:<\/strong>\u00a0Hasta 8 km<\/p>\n<p><strong>Radio UHF:\u00a0<\/strong>hasta 2W<\/p>\n<p><strong>Rango de frecuencia:<\/strong>\u00a0410 \u2013 470 MHz<\/p>\n<p><strong>Protocolos:<\/strong>\u00a0TRIMTALK 450S**<\/p>\n<p><strong>Tipo de modulaci\u00f3n:<\/strong>\u00a0GMSK<\/p>\n<p><strong>m\u00f3dem LTE<\/strong><\/p>\n<p><strong>Regiones:<\/strong>\u00a0Global<\/p>\n<p><strong>Alzacuello:<\/strong>\u00a0FDD-LTE: 1, 2, 3, 4, 5, 7, 8, 12, 13, 18, 19, 20, 26, 28 TD-LTE: 38, 39, 40, 41 UMTS (UHPS\/FDD): 1, 2, 5, 8 Cuatribanda, 850\/1900, 900\/1800 MHz<\/p>\n<p><strong>Tarjeta SIM:<\/strong>\u00a0Nano-SIM<\/p>\n<p><strong>Wi-Fi:<\/strong>\u00a0802.11 b\/g\/n<\/p>\n<p><strong>Bluetooth:<\/strong>\u00a0Bluetooth 5.1 (BR\/EDR + LE)<\/p>\n<p><strong>Puertos:<\/strong>\u00a0RS-232, USB Tipo-C<\/p>\n<p>*Utilice la antena correcta, LoRa o UHF, para su configuraci\u00f3n.<\/p>\n<p>**TRIMTALK es una marca comercial de Trimble Inc.<\/p>\n<\/div>\n<p>&nbsp;<\/li>\n<\/ul>\n<h3>En el cuadro<\/h3>\n<ul>\n<li><span class=\"discussion-id-273498ed-188c-8061-ae20-001c3a079042 notion-enable-hover\" data-token-index=\"1\">1x Emlid Reach RS4 Pro<\/span><\/li>\n<li>1x Estuche de transporte<\/li>\n<li>1x cable USB tipo C<\/li>\n<li>1x antena LoRa de 860-930 MHz<\/li>\n<li>1x antena UHF de 410-470 MHz<\/li>\n<\/ul>","protected":false},"excerpt":{"rendered":"<p><span class=\"citation-65\">El <\/span><b><span class=\"citation-65\">Emlid Reach RS4 Pro<\/span><\/b><span class=\"citation-65 citation-end-65\"> es un receptor GNSS RTK multibanda de nivel profesional que establece un nuevo est\u00e1ndar para topograf\u00eda de alta precisi\u00f3n al integrar tecnolog\u00eda de visi\u00f3n avanzada.<\/span><\/p>\n<p><span class=\"citation-64 citation-end-64\">Es la soluci\u00f3n insignia para top\u00f3grafos, ingenieros y profesionales de la construcci\u00f3n que exigen precisi\u00f3n centim\u00e9trica, velocidad y mayor seguridad en proyectos exigentes.<\/span><\/p>","protected":false},"featured_media":20807,"comment_status":"open","ping_status":"closed","template":"","meta":[],"product_brand":[1025],"product_cat":[1119,89,1117,1125,1127,30,365],"product_tag":[58,1027,1028],"class_list":{"0":"post-20782","1":"product","2":"type-product","3":"status-publish","4":"has-post-thumbnail","6":"product_brand-emlid","7":"product_cat-dji-matrice-4-accessories","8":"product_cat-emlid","9":"product_cat-matrice-4","10":"product_cat-matrice-400","11":"product_cat-matrice-400-accessories","12":"product_cat-mobile-station","13":"product_cat-receivers-emlid","14":"product_tag-emlid","15":"product_tag-emlid-rs-series","16":"product_tag-emlid-rs4-pro","18":"first","19":"instock","20":"taxable","21":"shipping-taxable","22":"purchasable","23":"product-type-simple"},"yoast_head":"<!-- This site is optimized with the Yoast SEO plugin v27.4 - https:\/\/yoast.com\/product\/yoast-seo-wordpress\/ -->\n<title>Emlid RS4 Pro - Ghostysky<\/title>\n<meta name=\"description\" content=\"The Emlid Reach RS4 Pro is a professional-grade, multi-band RTK GNSS receiver that sets a new standard for high-precision surveying by integrating advanced vision technology.It&#039;s the flagship solution for surveyors, engineers, and construction professionals who demand centimeter-level accuracy, speed, and enhanced safety on demanding projects.\" \/>\n<meta name=\"robots\" content=\"index, follow, max-snippet:-1, max-image-preview:large, max-video-preview:-1\" \/>\n<link rel=\"canonical\" href=\"https:\/\/www.ghostysky.com\/es\/producto-2\/emlid-rs4-pro\/\" \/>\n<meta property=\"og:locale\" content=\"es_ES\" \/>\n<meta property=\"og:type\" content=\"article\" \/>\n<meta property=\"og:title\" content=\"Emlid RS4 Pro - Ghostysky\" \/>\n<meta property=\"og:description\" content=\"The Emlid Reach RS4 Pro is a professional-grade, multi-band RTK GNSS receiver that sets a new standard for high-precision surveying by integrating advanced vision technology.It&#039;s the flagship solution for surveyors, engineers, and construction professionals who demand centimeter-level accuracy, speed, and enhanced safety on demanding projects.\" \/>\n<meta property=\"og:url\" content=\"https:\/\/www.ghostysky.com\/es\/producto-2\/emlid-rs4-pro\/\" \/>\n<meta property=\"og:site_name\" content=\"Ghostysky\" \/>\n<meta property=\"article:publisher\" content=\"https:\/\/www.facebook.com\/people\/Ghostysky\/100057676170234\/\" \/>\n<meta property=\"article:modified_time\" content=\"2026-03-23T12:20:37+00:00\" \/>\n<meta property=\"og:image\" content=\"https:\/\/www.ghostysky.com\/wp-content\/uploads\/2025\/10\/GH_Emlid_RS4_Pro_1.webp\" \/>\n\t<meta property=\"og:image:width\" content=\"2400\" \/>\n\t<meta property=\"og:image:height\" content=\"2400\" \/>\n\t<meta property=\"og:image:type\" content=\"image\/webp\" \/>\n<meta name=\"twitter:card\" content=\"summary_large_image\" \/>\n<meta name=\"twitter:site\" content=\"@Gh0stysky\" \/>\n<meta name=\"twitter:label1\" content=\"Tiempo de lectura\" \/>\n\t<meta name=\"twitter:data1\" content=\"3 minutos\" \/>\n<script type=\"application\/ld+json\" class=\"yoast-schema-graph\">{\"@context\":\"https:\\\/\\\/schema.org\",\"@graph\":[{\"@type\":\"WebPage\",\"@id\":\"https:\\\/\\\/www.ghostysky.com\\\/product\\\/emlid-rs4-pro\\\/\",\"url\":\"https:\\\/\\\/www.ghostysky.com\\\/product\\\/emlid-rs4-pro\\\/\",\"name\":\"Emlid RS4 Pro - Ghostysky\",\"isPartOf\":{\"@id\":\"https:\\\/\\\/www.ghostysky.com\\\/#website\"},\"primaryImageOfPage\":{\"@id\":\"https:\\\/\\\/www.ghostysky.com\\\/product\\\/emlid-rs4-pro\\\/#primaryimage\"},\"image\":{\"@id\":\"https:\\\/\\\/www.ghostysky.com\\\/product\\\/emlid-rs4-pro\\\/#primaryimage\"},\"thumbnailUrl\":\"https:\\\/\\\/www.ghostysky.com\\\/wp-content\\\/uploads\\\/2025\\\/10\\\/GH_Emlid_RS4_Pro_1.webp\",\"datePublished\":\"2025-10-14T07:20:01+00:00\",\"dateModified\":\"2026-03-23T12:20:37+00:00\",\"description\":\"The Emlid Reach RS4 Pro is a professional-grade, multi-band RTK GNSS receiver that sets a new standard for high-precision surveying by integrating advanced vision technology.It's the flagship solution for surveyors, engineers, and construction professionals who demand centimeter-level accuracy, speed, and enhanced safety on demanding projects.\",\"breadcrumb\":{\"@id\":\"https:\\\/\\\/www.ghostysky.com\\\/product\\\/emlid-rs4-pro\\\/#breadcrumb\"},\"inLanguage\":\"es\",\"potentialAction\":[{\"@type\":\"ReadAction\",\"target\":[\"https:\\\/\\\/www.ghostysky.com\\\/product\\\/emlid-rs4-pro\\\/\"]}]},{\"@type\":\"ImageObject\",\"inLanguage\":\"es\",\"@id\":\"https:\\\/\\\/www.ghostysky.com\\\/product\\\/emlid-rs4-pro\\\/#primaryimage\",\"url\":\"https:\\\/\\\/www.ghostysky.com\\\/wp-content\\\/uploads\\\/2025\\\/10\\\/GH_Emlid_RS4_Pro_1.webp\",\"contentUrl\":\"https:\\\/\\\/www.ghostysky.com\\\/wp-content\\\/uploads\\\/2025\\\/10\\\/GH_Emlid_RS4_Pro_1.webp\",\"width\":2400,\"height\":2400},{\"@type\":\"BreadcrumbList\",\"@id\":\"https:\\\/\\\/www.ghostysky.com\\\/product\\\/emlid-rs4-pro\\\/#breadcrumb\",\"itemListElement\":[{\"@type\":\"ListItem\",\"position\":1,\"name\":\"Home\",\"item\":\"https:\\\/\\\/www.ghostysky.com\\\/\"},{\"@type\":\"ListItem\",\"position\":2,\"name\":\"Shop\",\"item\":\"https:\\\/\\\/www.ghostysky.com\\\/shop\\\/\"},{\"@type\":\"ListItem\",\"position\":3,\"name\":\"Emlid RS4 Pro\"}]},{\"@type\":\"WebSite\",\"@id\":\"https:\\\/\\\/www.ghostysky.com\\\/#website\",\"url\":\"https:\\\/\\\/www.ghostysky.com\\\/\",\"name\":\"Ghostysky\",\"description\":\"Delivering professional drones and services\",\"publisher\":{\"@id\":\"https:\\\/\\\/www.ghostysky.com\\\/#organization\"},\"potentialAction\":[{\"@type\":\"SearchAction\",\"target\":{\"@type\":\"EntryPoint\",\"urlTemplate\":\"https:\\\/\\\/www.ghostysky.com\\\/?s={search_term_string}\"},\"query-input\":{\"@type\":\"PropertyValueSpecification\",\"valueRequired\":true,\"valueName\":\"search_term_string\"}}],\"inLanguage\":\"es\"},{\"@type\":\"Organization\",\"@id\":\"https:\\\/\\\/www.ghostysky.com\\\/#organization\",\"name\":\"Ghostysky\",\"url\":\"https:\\\/\\\/www.ghostysky.com\\\/\",\"logo\":{\"@type\":\"ImageObject\",\"inLanguage\":\"es\",\"@id\":\"https:\\\/\\\/www.ghostysky.com\\\/#\\\/schema\\\/logo\\\/image\\\/\",\"url\":\"https:\\\/\\\/www.ghostysky.com\\\/wp-content\\\/uploads\\\/2020\\\/06\\\/cropped-ghostyskylogo_text_white2.png\",\"contentUrl\":\"https:\\\/\\\/www.ghostysky.com\\\/wp-content\\\/uploads\\\/2020\\\/06\\\/cropped-ghostyskylogo_text_white2.png\",\"width\":169,\"height\":56,\"caption\":\"Ghostysky\"},\"image\":{\"@id\":\"https:\\\/\\\/www.ghostysky.com\\\/#\\\/schema\\\/logo\\\/image\\\/\"},\"sameAs\":[\"https:\\\/\\\/www.facebook.com\\\/people\\\/Ghostysky\\\/100057676170234\\\/\",\"https:\\\/\\\/x.com\\\/Gh0stysky\",\"https:\\\/\\\/www.linkedin.com\\\/company\\\/34739653\",\"https:\\\/\\\/www.instagram.com\\\/gh0stysky\"]}]}<\/script>\n<!-- \/ Yoast SEO plugin. -->","yoast_head_json":{"title":"Emlid RS4 Pro - Ghostysky","description":"El Emlid Reach RS4 Pro es un receptor GNSS RTK multibanda de calidad profesional que establece un nuevo est\u00e1ndar para topograf\u00eda de alta precisi\u00f3n al integrar tecnolog\u00eda de visi\u00f3n avanzada. Es la soluci\u00f3n insignia para top\u00f3grafos, ingenieros y profesionales de la construcci\u00f3n que exigen precisi\u00f3n centim\u00e9trica, velocidad y mayor seguridad en proyectos exigentes.","robots":{"index":"index","follow":"follow","max-snippet":"max-snippet:-1","max-image-preview":"max-image-preview:large","max-video-preview":"max-video-preview:-1"},"canonical":"https:\/\/www.ghostysky.com\/es\/producto-2\/emlid-rs4-pro\/","og_locale":"es_ES","og_type":"article","og_title":"Emlid RS4 Pro - Ghostysky","og_description":"The Emlid Reach RS4 Pro is a professional-grade, multi-band RTK GNSS receiver that sets a new standard for high-precision surveying by integrating advanced vision technology.It's the flagship solution for surveyors, engineers, and construction professionals who demand centimeter-level accuracy, speed, and enhanced safety on demanding projects.","og_url":"https:\/\/www.ghostysky.com\/es\/producto-2\/emlid-rs4-pro\/","og_site_name":"Ghostysky","article_publisher":"https:\/\/www.facebook.com\/people\/Ghostysky\/100057676170234\/","article_modified_time":"2026-03-23T12:20:37+00:00","og_image":[{"width":2400,"height":2400,"url":"https:\/\/www.ghostysky.com\/wp-content\/uploads\/2025\/10\/GH_Emlid_RS4_Pro_1.webp","type":"image\/webp"}],"twitter_card":"summary_large_image","twitter_site":"@Gh0stysky","twitter_misc":{"Tiempo de lectura":"3 minutos"},"schema":{"@context":"https:\/\/schema.org","@graph":[{"@type":"WebPage","@id":"https:\/\/www.ghostysky.com\/product\/emlid-rs4-pro\/","url":"https:\/\/www.ghostysky.com\/product\/emlid-rs4-pro\/","name":"Emlid RS4 Pro - Ghostysky","isPartOf":{"@id":"https:\/\/www.ghostysky.com\/#website"},"primaryImageOfPage":{"@id":"https:\/\/www.ghostysky.com\/product\/emlid-rs4-pro\/#primaryimage"},"image":{"@id":"https:\/\/www.ghostysky.com\/product\/emlid-rs4-pro\/#primaryimage"},"thumbnailUrl":"https:\/\/www.ghostysky.com\/wp-content\/uploads\/2025\/10\/GH_Emlid_RS4_Pro_1.webp","datePublished":"2025-10-14T07:20:01+00:00","dateModified":"2026-03-23T12:20:37+00:00","description":"El Emlid Reach RS4 Pro es un receptor GNSS RTK multibanda de calidad profesional que establece un nuevo est\u00e1ndar para topograf\u00eda de alta precisi\u00f3n al integrar tecnolog\u00eda de visi\u00f3n avanzada. Es la soluci\u00f3n insignia para top\u00f3grafos, ingenieros y profesionales de la construcci\u00f3n que exigen precisi\u00f3n centim\u00e9trica, velocidad y mayor seguridad en proyectos exigentes.","breadcrumb":{"@id":"https:\/\/www.ghostysky.com\/product\/emlid-rs4-pro\/#breadcrumb"},"inLanguage":"es","potentialAction":[{"@type":"ReadAction","target":["https:\/\/www.ghostysky.com\/product\/emlid-rs4-pro\/"]}]},{"@type":"ImageObject","inLanguage":"es","@id":"https:\/\/www.ghostysky.com\/product\/emlid-rs4-pro\/#primaryimage","url":"https:\/\/www.ghostysky.com\/wp-content\/uploads\/2025\/10\/GH_Emlid_RS4_Pro_1.webp","contentUrl":"https:\/\/www.ghostysky.com\/wp-content\/uploads\/2025\/10\/GH_Emlid_RS4_Pro_1.webp","width":2400,"height":2400},{"@type":"BreadcrumbList","@id":"https:\/\/www.ghostysky.com\/product\/emlid-rs4-pro\/#breadcrumb","itemListElement":[{"@type":"ListItem","position":1,"name":"Home","item":"https:\/\/www.ghostysky.com\/"},{"@type":"ListItem","position":2,"name":"Shop","item":"https:\/\/www.ghostysky.com\/shop\/"},{"@type":"ListItem","position":3,"name":"Emlid RS4 Pro"}]},{"@type":"WebSite","@id":"https:\/\/www.ghostysky.com\/#website","url":"https:\/\/www.ghostysky.com\/","name":"Ghostysky","description":"Entrega de drones y servicios profesionales","publisher":{"@id":"https:\/\/www.ghostysky.com\/#organization"},"potentialAction":[{"@type":"SearchAction","target":{"@type":"EntryPoint","urlTemplate":"https:\/\/www.ghostysky.com\/?s={search_term_string}"},"query-input":{"@type":"PropertyValueSpecification","valueRequired":true,"valueName":"search_term_string"}}],"inLanguage":"es"},{"@type":"Organization","@id":"https:\/\/www.ghostysky.com\/#organization","name":"Ghostysky","url":"https:\/\/www.ghostysky.com\/","logo":{"@type":"ImageObject","inLanguage":"es","@id":"https:\/\/www.ghostysky.com\/#\/schema\/logo\/image\/","url":"https:\/\/www.ghostysky.com\/wp-content\/uploads\/2020\/06\/cropped-ghostyskylogo_text_white2.png","contentUrl":"https:\/\/www.ghostysky.com\/wp-content\/uploads\/2020\/06\/cropped-ghostyskylogo_text_white2.png","width":169,"height":56,"caption":"Ghostysky"},"image":{"@id":"https:\/\/www.ghostysky.com\/#\/schema\/logo\/image\/"},"sameAs":["https:\/\/www.facebook.com\/people\/Ghostysky\/100057676170234\/","https:\/\/x.com\/Gh0stysky","https:\/\/www.linkedin.com\/company\/34739653","https:\/\/www.instagram.com\/gh0stysky"]}]}},"_links":{"self":[{"href":"https:\/\/www.ghostysky.com\/es\/wp-json\/wp\/v2\/product\/20782","targetHints":{"allow":["GET"]}}],"collection":[{"href":"https:\/\/www.ghostysky.com\/es\/wp-json\/wp\/v2\/product"}],"about":[{"href":"https:\/\/www.ghostysky.com\/es\/wp-json\/wp\/v2\/types\/product"}],"replies":[{"embeddable":true,"href":"https:\/\/www.ghostysky.com\/es\/wp-json\/wp\/v2\/comments?post=20782"}],"wp:featuredmedia":[{"embeddable":true,"href":"https:\/\/www.ghostysky.com\/es\/wp-json\/wp\/v2\/media\/20807"}],"wp:attachment":[{"href":"https:\/\/www.ghostysky.com\/es\/wp-json\/wp\/v2\/media?parent=20782"}],"wp:term":[{"taxonomy":"product_brand","embeddable":true,"href":"https:\/\/www.ghostysky.com\/es\/wp-json\/wp\/v2\/product_brand?post=20782"},{"taxonomy":"product_cat","embeddable":true,"href":"https:\/\/www.ghostysky.com\/es\/wp-json\/wp\/v2\/product_cat?post=20782"},{"taxonomy":"product_tag","embeddable":true,"href":"https:\/\/www.ghostysky.com\/es\/wp-json\/wp\/v2\/product_tag?post=20782"}],"curies":[{"name":"wp","href":"https:\/\/api.w.org\/{rel}","templated":true}]}}