{"id":20808,"date":"2025-10-14T07:29:15","date_gmt":"2025-10-14T07:29:15","guid":{"rendered":"https:\/\/www.ghostysky.com\/?post_type=product&#038;p=20808"},"modified":"2026-02-10T07:15:50","modified_gmt":"2026-02-10T07:15:50","slug":"emlid-rx2","status":"publish","type":"product","link":"https:\/\/www.ghostysky.com\/es\/product\/emlid-rx2\/","title":{"rendered":"Emlid RX2"},"content":{"rendered":"<h3>Caracter\u00edsticas clave<\/h3>\n<ul>\n<li><b><span class=\"citation-98\">Compensaci\u00f3n de inclinaci\u00f3n de la IMU:<\/span><\/b><span class=\"citation-98 citation-end-98\"> Mida puntos con precisi\u00f3n sin necesidad de nivelar el poste.<\/span> <span class=\"citation-97 citation-end-97\">Capture fotograf\u00edas r\u00e1pidamente cerca de paredes, pendientes o en espacios reducidos manteniendo la precisi\u00f3n RTK.<\/span>\n<ul>\n<li><b>Inmunidad a la interferencia magn\u00e9tica:<\/b><span class=\"citation-96 citation-end-96\"> La IMU no depende de un magnet\u00f3metro, lo que garantiza mediciones estables y confiables alrededor de estructuras de acero y veh\u00edculos.<\/span><\/li>\n<li><b><span class=\"citation-95\">Sin calibraci\u00f3n de usuario:<\/span><\/b><span class=\"citation-95 citation-end-95\"> El RX2 viene calibrado de f\u00e1brica y est\u00e1 listo para realizar inspecciones despu\u00e9s de una inicializaci\u00f3n r\u00e1pida y sencilla en el sitio.<\/span><\/li>\n<\/ul>\n<\/li>\n<li><b><span class=\"citation-94\">Motor GNSS de todas las bandas:<\/span><\/b><span class=\"citation-94 citation-end-94\"> Con 672 canales, el RX2 rastrea todas las constelaciones de sat\u00e9lites principales (GPS, GLONASS, Galileo, BeiDou, QZSS y NavIC), brindando una localizaci\u00f3n r\u00e1pida, estable y confiable incluso en entornos dif\u00edciles como bajo el dosel o en \u00e1reas urbanas.<\/span><\/li>\n<li><b><span class=\"citation-93\">Pura simplicidad de NTRIP:<\/span><\/b><span class=\"citation-93 citation-end-93\"> Dise\u00f1ado para ser el mejor explorador de red, se conecta a cualquier servicio de correcci\u00f3n CORS o NTRIP a trav\u00e9s de la conexi\u00f3n a Internet de su tel\u00e9fono inteligente utilizando el formato RTCM3.<\/span> <span class=\"citation-92 citation-end-92\">Sin necesidad de configurar una estaci\u00f3n base ni de m\u00f3dems de radio, solo con\u00e9ctese y recopile.<\/span><\/li>\n<li><b><span class=\"citation-91\">De bolsillo y ligero:<\/span><\/b><span class=\"citation-91\"> Solo pesaje <\/span><b><span class=\"citation-91\">280 g (0,62 libras)<\/span><\/b><span class=\"citation-91 citation-end-91\">Su perfil compacto y delgado cabe f\u00e1cilmente en un bolsillo o en la guantera, lo que lo convierte en la herramienta m\u00e1s \u00e1gil para la recopilaci\u00f3n de datos.<\/span><\/li>\n<li><b>Resistente y confiable:<\/b><span class=\"citation-90\"> Dise\u00f1ado para uso en el mundo real con un <\/span><b><span class=\"citation-90\">Protecci\u00f3n de entrada IP68<\/span><\/b><span class=\"citation-90 citation-end-90\"> clasificaci\u00f3n, lo que lo hace resistente al polvo y al agua (sumergible hasta <\/span><span class=\"math-inline\"><span class=\"katex\"><span class=\"katex-html\" aria-hidden=\"true\"><span class=\"base\"><span class=\"mord\">1.5<\/span><span class=\"mord text\"><span class=\"mord\">\u00a0metro<\/span><\/span><\/span><\/span><\/span><\/span><span class=\"citation-89 citation-end-89\"> para <\/span><span class=\"math-inline\"><span class=\"katex\"><span class=\"katex-html\" aria-hidden=\"true\"><span class=\"base\"><span class=\"mord\">30<\/span><span class=\"mord text\"><span class=\"mord\">\u00a0minutos<\/span><\/span><\/span><\/span><\/span><\/span><span class=\"citation-88 citation-end-88\">).<\/span><\/li>\n<li><b>Duraci\u00f3n de la bater\u00eda durante todo el d\u00eda:<\/b><span class=\"citation-87\"> Llegar a <\/span><b><span class=\"citation-87\">16 horas<\/span><\/b><span class=\"citation-87 citation-end-87\"> de funcionamiento con una sola carga desde su bater\u00eda de alta capacidad, que se recarga r\u00e1pidamente a trav\u00e9s de USB-C.<\/span><\/li>\n<li><b><span class=\"citation-86\">Integraci\u00f3n perfecta de aplicaciones:<\/span><\/b><span class=\"citation-86\"> Funciona perfectamente con el <\/span><b><span class=\"citation-86\">Emlid Flow<\/span><\/b><span class=\"citation-86 citation-end-86\"> Aplicaci\u00f3n m\u00f3vil para f\u00e1cil configuraci\u00f3n, recopilaci\u00f3n de datos y sincronizaci\u00f3n en la nube.<\/span> <span class=\"citation-85\">Tambi\u00e9n se integra perfectamente con aplicaciones SIG populares como <\/span><b><span class=\"citation-85\">Mapas de campo de ArcGIS, Survey123, QField,<\/span><\/b><span class=\"citation-85\"> y admite escaneo terrestre de alta precisi\u00f3n con aplicaciones como <\/span><b><span class=\"citation-85\">PIX4Dcatch<\/span><\/b><span class=\"citation-85 citation-end-85\">.<\/span><\/li>\n<\/ul>\n<h3>Especificaciones t\u00e9cnicas<\/h3>\n<ul class=\"product-specifications-list flex f-wrap\">\n<li>\n<h3 class=\"h3\">Mec\u00e1nico<\/h3>\n<div class=\"rte\">\n<p><strong>Dimensiones:<\/strong>\u00a0172 x 51 x 51 mm (6,77 x 2,00 x 2,00 pulgadas)<\/p>\n<p><strong>Montar:<\/strong>\u00a05\/8\u201d-11 UNC y liberaci\u00f3n r\u00e1pida<\/p>\n<p><strong>Peso:<\/strong>\u00a0280 g (0,62 libras)<\/p>\n<p><strong>Temperatura de funcionamiento:<\/strong>\u00a0-20 a +65 \u00b0C (-4 a 149 \u00b0F)<\/p>\n<p><strong>Protecci\u00f3n contra la entrada<\/strong>:IP68 (profundidad m\u00e1xima de 1,5 metros hasta 30 minutos)<\/p>\n<\/div>\n<\/li>\n<li>\n<h3 class=\"h3\">El\u00e9ctrico<\/h3>\n<div class=\"rte\">\n<p><strong>Autonom\u00eda:\u00a0<\/strong>Hasta 16 horas<\/p>\n<p><strong>Bater\u00eda:<\/strong>\u00a0Iones de litio de 7000 mAh, 3,6 V, 25,2 Wh<\/p>\n<p><strong>Cargando:<\/strong>\u00a0USB Tipo-C 5 V 2 A<\/p>\n<p><strong>Proceso de dar un t\u00edtulo:<\/strong>\u00a0FCC, CE, IC, MFi<\/p>\n<\/div>\n<\/li>\n<li>\n<h3 class=\"h3\">Posicionamiento<\/h3>\n<div class=\"rte\">\n<p><strong>RTK:<\/strong>\u00a0Alto: 7 mm + 1 ppm | Ancho: 14 mm + 1 ppm<\/p>\n<p><strong>Inclinaci\u00f3n:<\/strong>\u00a0RTK + 2 mm + 0,3 mm\/\u00b0<\/p>\n<p><strong>Tiempo de convergencia:<\/strong>\u00a0~5 s t\u00edpicamente<\/p>\n<\/div>\n<\/li>\n<li>\n<h3 class=\"h3\">Conectividad<\/h3>\n<div class=\"rte\">\n<p><strong>Interfaz de comunicaci\u00f3n:<\/strong>\u00a0Bluetooth 4.2 (BR\/EDR + LE)<\/p>\n<p><strong>Puertos:<\/strong>\u00a0Puerto USB tipo C<\/p>\n<\/div>\n<\/li>\n<li>\n<h3 class=\"h3\">Datos<\/h3>\n<div class=\"rte\">\n<p><strong>Formato de datos de entrada:<\/strong>\u00a0RTCM3<\/p>\n<p><strong>Protocolo de datos de entrada:<\/strong>\u00a0NTRIP<\/p>\n<p><strong>Formato de datos de posici\u00f3n:<\/strong>\u00a0NMEA<\/p>\n<\/div>\n<\/li>\n<li>\n<h3 class=\"h3\">GNSS<\/h3>\n<div class=\"rte\">\n<p><strong>Se\u00f1al rastreada:<\/strong>\u00a0GPS: L1C\/A, L2C, L5<br \/>\nGLONASS: L1OF, L2OF<br \/>\nGalileo: E1-B\/C, E5a, E6<br \/>\nBeiDou: B1I, B1C, B2a, B3I<br \/>\nQZSS: L1C\/A, L1C\/B11, L2C, L5<br \/>\nNavIC: Datos L1-SPS, L5-SPS<\/p>\n<p><strong>N\u00famero de canales:<\/strong>\u00a0672<\/p>\n<p><strong>Tasas de actualizaci\u00f3n:<\/strong>\u00a05 Hz<\/p>\n<\/div>\n<\/li>\n<\/ul>\n<h3>En el cuadro<\/h3>\n<ul>\n<li>Alcance RX2<\/li>\n<li>Cable USB tipo C<\/li>\n<\/ul>","protected":false},"excerpt":{"rendered":"<p class=\"first-token\"><span class=\"\">Presentando el <\/span><b class=\"\">Emlid Reach RX2<\/b><span class=\"\">,<\/span><span class=\"\"> El receptor GNSS m\u00f3vil de red ultraport\u00e1til y potente que aporta precisi\u00f3n RTK de nivel centim\u00e9trico a su trabajo de campo diario.<\/span><span class=\"\"> Ahora con compensaci\u00f3n de inclinaci\u00f3n IMU.<\/span><\/p>\n<p><span class=\"\">Dise\u00f1ado para la simplicidad y el rendimiento,<\/span><span class=\"\"> El RX2 est\u00e1 dise\u00f1ado para equipos que exigen coordenadas de alta precisi\u00f3n sin la complejidad de los equipos de topograf\u00eda tradicionales.<\/span><span class=\"\"> Es la herramienta perfecta para los profesionales de SIG,<\/span><span class=\"\"> servicios p\u00fablicos,<\/span><span class=\"\"> construcci\u00f3n,<\/span><span class=\"\"> y paisajismo,<\/span><span class=\"\"> integr\u00e1ndose perfectamente con su flujo de trabajo m\u00f3vil.<\/span><\/p>","protected":false},"featured_media":20790,"comment_status":"open","ping_status":"closed","template":"","meta":[],"product_brand":[1025],"product_cat":[1119,89,1117,1125,1127,30,365],"product_tag":[58,1030,1029],"class_list":{"0":"post-20808","1":"product","2":"type-product","3":"status-publish","4":"has-post-thumbnail","6":"product_brand-emlid","7":"product_cat-dji-matrice-4-accessories","8":"product_cat-emlid","9":"product_cat-matrice-4","10":"product_cat-matrice-400","11":"product_cat-matrice-400-accessories","12":"product_cat-mobile-station","13":"product_cat-receivers-emlid","14":"product_tag-emlid","15":"product_tag-emlid-rx-series","16":"product_tag-emlid-rx2","18":"first","19":"instock","20":"taxable","21":"shipping-taxable","22":"purchasable","23":"product-type-simple"},"yoast_head":"<!-- This site is optimized with the Yoast SEO plugin v27.1.1 - https:\/\/yoast.com\/product\/yoast-seo-wordpress\/ -->\n<title>Emlid RX2 - Ghostysky<\/title>\n<meta name=\"description\" content=\"Introducing the Emlid Reach RX2, the ultra-portable and powerful network-rover GNSS receiver that brings centimeter-level RTK precision to your everyday fieldwork, now with IMU tilt compensation.Engineered for simplicity and performance, the RX2 is built for teams that demand high-accuracy coordinates without the complexity of traditional surveying equipment. It&#039;s the perfect tool for GIS professionals, utilities, construction, and landscaping, seamlessly integrating with your mobile workflow.\" \/>\n<meta name=\"robots\" content=\"index, follow, max-snippet:-1, max-image-preview:large, max-video-preview:-1\" \/>\n<link rel=\"canonical\" href=\"https:\/\/www.ghostysky.com\/es\/producto-2\/emlid-rx2\/\" \/>\n<meta property=\"og:locale\" content=\"es_ES\" \/>\n<meta property=\"og:type\" content=\"article\" \/>\n<meta property=\"og:title\" content=\"Emlid RX2 - Ghostysky\" \/>\n<meta property=\"og:description\" content=\"Introducing the Emlid Reach RX2, the ultra-portable and powerful network-rover GNSS receiver that brings centimeter-level RTK precision to your everyday fieldwork, now with IMU tilt compensation.Engineered for simplicity and performance, the RX2 is built for teams that demand high-accuracy coordinates without the complexity of traditional surveying equipment. It&#039;s the perfect tool for GIS professionals, utilities, construction, and landscaping, seamlessly integrating with your mobile workflow.\" \/>\n<meta property=\"og:url\" content=\"https:\/\/www.ghostysky.com\/es\/producto-2\/emlid-rx2\/\" \/>\n<meta property=\"og:site_name\" content=\"Ghostysky\" \/>\n<meta property=\"article:publisher\" content=\"https:\/\/www.facebook.com\/people\/Ghostysky\/100057676170234\/\" \/>\n<meta property=\"article:modified_time\" content=\"2026-02-10T07:15:50+00:00\" \/>\n<meta property=\"og:image\" content=\"https:\/\/www.ghostysky.com\/wp-content\/uploads\/2025\/10\/GH_Emlid_RX2_1.webp\" \/>\n\t<meta property=\"og:image:width\" content=\"2400\" \/>\n\t<meta property=\"og:image:height\" content=\"2400\" \/>\n\t<meta property=\"og:image:type\" content=\"image\/webp\" \/>\n<meta name=\"twitter:card\" content=\"summary_large_image\" \/>\n<meta name=\"twitter:site\" content=\"@Gh0stysky\" \/>\n<meta name=\"twitter:label1\" content=\"Tiempo de lectura\" \/>\n\t<meta name=\"twitter:data1\" content=\"3 minutos\" \/>\n<script type=\"application\/ld+json\" class=\"yoast-schema-graph\">{\"@context\":\"https:\/\/schema.org\",\"@graph\":[{\"@type\":\"WebPage\",\"@id\":\"https:\/\/www.ghostysky.com\/product\/emlid-rx2\/\",\"url\":\"https:\/\/www.ghostysky.com\/product\/emlid-rx2\/\",\"name\":\"Emlid RX2 - Ghostysky\",\"isPartOf\":{\"@id\":\"https:\/\/www.ghostysky.com\/#website\"},\"primaryImageOfPage\":{\"@id\":\"https:\/\/www.ghostysky.com\/product\/emlid-rx2\/#primaryimage\"},\"image\":{\"@id\":\"https:\/\/www.ghostysky.com\/product\/emlid-rx2\/#primaryimage\"},\"thumbnailUrl\":\"https:\/\/www.ghostysky.com\/wp-content\/uploads\/2025\/10\/GH_Emlid_RX2_1.webp\",\"datePublished\":\"2025-10-14T07:29:15+00:00\",\"dateModified\":\"2026-02-10T07:15:50+00:00\",\"description\":\"Introducing the Emlid Reach RX2, the ultra-portable and powerful network-rover GNSS receiver that brings centimeter-level RTK precision to your everyday fieldwork, now with IMU tilt compensation.Engineered for simplicity and performance, the RX2 is built for teams that demand high-accuracy coordinates without the complexity of traditional surveying equipment. It's the perfect tool for GIS professionals, utilities, construction, and landscaping, seamlessly integrating with your mobile workflow.\",\"breadcrumb\":{\"@id\":\"https:\/\/www.ghostysky.com\/product\/emlid-rx2\/#breadcrumb\"},\"inLanguage\":\"es\",\"potentialAction\":[{\"@type\":\"ReadAction\",\"target\":[\"https:\/\/www.ghostysky.com\/product\/emlid-rx2\/\"]}]},{\"@type\":\"ImageObject\",\"inLanguage\":\"es\",\"@id\":\"https:\/\/www.ghostysky.com\/product\/emlid-rx2\/#primaryimage\",\"url\":\"https:\/\/www.ghostysky.com\/wp-content\/uploads\/2025\/10\/GH_Emlid_RX2_1.webp\",\"contentUrl\":\"https:\/\/www.ghostysky.com\/wp-content\/uploads\/2025\/10\/GH_Emlid_RX2_1.webp\",\"width\":2400,\"height\":2400},{\"@type\":\"BreadcrumbList\",\"@id\":\"https:\/\/www.ghostysky.com\/product\/emlid-rx2\/#breadcrumb\",\"itemListElement\":[{\"@type\":\"ListItem\",\"position\":1,\"name\":\"Home\",\"item\":\"https:\/\/www.ghostysky.com\/\"},{\"@type\":\"ListItem\",\"position\":2,\"name\":\"Shop\",\"item\":\"https:\/\/www.ghostysky.com\/shop\/\"},{\"@type\":\"ListItem\",\"position\":3,\"name\":\"Emlid RX2\"}]},{\"@type\":\"WebSite\",\"@id\":\"https:\/\/www.ghostysky.com\/#website\",\"url\":\"https:\/\/www.ghostysky.com\/\",\"name\":\"Ghostysky\",\"description\":\"Delivering professional drones and services\",\"publisher\":{\"@id\":\"https:\/\/www.ghostysky.com\/#organization\"},\"potentialAction\":[{\"@type\":\"SearchAction\",\"target\":{\"@type\":\"EntryPoint\",\"urlTemplate\":\"https:\/\/www.ghostysky.com\/?s={search_term_string}\"},\"query-input\":{\"@type\":\"PropertyValueSpecification\",\"valueRequired\":true,\"valueName\":\"search_term_string\"}}],\"inLanguage\":\"es\"},{\"@type\":\"Organization\",\"@id\":\"https:\/\/www.ghostysky.com\/#organization\",\"name\":\"Ghostysky\",\"url\":\"https:\/\/www.ghostysky.com\/\",\"logo\":{\"@type\":\"ImageObject\",\"inLanguage\":\"es\",\"@id\":\"https:\/\/www.ghostysky.com\/#\/schema\/logo\/image\/\",\"url\":\"https:\/\/www.ghostysky.com\/wp-content\/uploads\/2020\/06\/cropped-ghostyskylogo_text_white2.png\",\"contentUrl\":\"https:\/\/www.ghostysky.com\/wp-content\/uploads\/2020\/06\/cropped-ghostyskylogo_text_white2.png\",\"width\":169,\"height\":56,\"caption\":\"Ghostysky\"},\"image\":{\"@id\":\"https:\/\/www.ghostysky.com\/#\/schema\/logo\/image\/\"},\"sameAs\":[\"https:\/\/www.facebook.com\/people\/Ghostysky\/100057676170234\/\",\"https:\/\/x.com\/Gh0stysky\",\"https:\/\/www.linkedin.com\/company\/34739653\",\"https:\/\/www.instagram.com\/gh0stysky\"]}]}<\/script>\n<!-- \/ Yoast SEO plugin. -->","yoast_head_json":{"title":"Emlid RX2 - Cielo fantasmal","description":"Presentamos el Emlid Reach RX2, el receptor GNSS m\u00f3vil de red ultraport\u00e1til y potente que aporta precisi\u00f3n RTK centim\u00e9trica a su trabajo de campo diario, ahora con compensaci\u00f3n de inclinaci\u00f3n de IMU. Dise\u00f1ado para la simplicidad y el rendimiento, el RX2 est\u00e1 dise\u00f1ado para equipos que requieren coordenadas de alta precisi\u00f3n sin la complejidad de los equipos topogr\u00e1ficos tradicionales. Es la herramienta perfecta para profesionales de SIG, servicios p\u00fablicos, construcci\u00f3n y paisajismo, integr\u00e1ndose a la perfecci\u00f3n con su flujo de trabajo m\u00f3vil.","robots":{"index":"index","follow":"follow","max-snippet":"max-snippet:-1","max-image-preview":"max-image-preview:large","max-video-preview":"max-video-preview:-1"},"canonical":"https:\/\/www.ghostysky.com\/es\/producto-2\/emlid-rx2\/","og_locale":"es_ES","og_type":"article","og_title":"Emlid RX2 - Ghostysky","og_description":"Introducing the Emlid Reach RX2, the ultra-portable and powerful network-rover GNSS receiver that brings centimeter-level RTK precision to your everyday fieldwork, now with IMU tilt compensation.Engineered for simplicity and performance, the RX2 is built for teams that demand high-accuracy coordinates without the complexity of traditional surveying equipment. It's the perfect tool for GIS professionals, utilities, construction, and landscaping, seamlessly integrating with your mobile workflow.","og_url":"https:\/\/www.ghostysky.com\/es\/producto-2\/emlid-rx2\/","og_site_name":"Ghostysky","article_publisher":"https:\/\/www.facebook.com\/people\/Ghostysky\/100057676170234\/","article_modified_time":"2026-02-10T07:15:50+00:00","og_image":[{"width":2400,"height":2400,"url":"https:\/\/www.ghostysky.com\/wp-content\/uploads\/2025\/10\/GH_Emlid_RX2_1.webp","type":"image\/webp"}],"twitter_card":"summary_large_image","twitter_site":"@Gh0stysky","twitter_misc":{"Tiempo de lectura":"3 minutos"},"schema":{"@context":"https:\/\/schema.org","@graph":[{"@type":"WebPage","@id":"https:\/\/www.ghostysky.com\/product\/emlid-rx2\/","url":"https:\/\/www.ghostysky.com\/product\/emlid-rx2\/","name":"Emlid RX2 - Cielo fantasmal","isPartOf":{"@id":"https:\/\/www.ghostysky.com\/#website"},"primaryImageOfPage":{"@id":"https:\/\/www.ghostysky.com\/product\/emlid-rx2\/#primaryimage"},"image":{"@id":"https:\/\/www.ghostysky.com\/product\/emlid-rx2\/#primaryimage"},"thumbnailUrl":"https:\/\/www.ghostysky.com\/wp-content\/uploads\/2025\/10\/GH_Emlid_RX2_1.webp","datePublished":"2025-10-14T07:29:15+00:00","dateModified":"2026-02-10T07:15:50+00:00","description":"Presentamos el Emlid Reach RX2, el receptor GNSS m\u00f3vil de red ultraport\u00e1til y potente que aporta precisi\u00f3n RTK centim\u00e9trica a su trabajo de campo diario, ahora con compensaci\u00f3n de inclinaci\u00f3n de IMU. Dise\u00f1ado para la simplicidad y el rendimiento, el RX2 est\u00e1 dise\u00f1ado para equipos que requieren coordenadas de alta precisi\u00f3n sin la complejidad de los equipos topogr\u00e1ficos tradicionales. Es la herramienta perfecta para profesionales de SIG, servicios p\u00fablicos, construcci\u00f3n y paisajismo, integr\u00e1ndose a la perfecci\u00f3n con su flujo de trabajo m\u00f3vil.","breadcrumb":{"@id":"https:\/\/www.ghostysky.com\/product\/emlid-rx2\/#breadcrumb"},"inLanguage":"es","potentialAction":[{"@type":"ReadAction","target":["https:\/\/www.ghostysky.com\/product\/emlid-rx2\/"]}]},{"@type":"ImageObject","inLanguage":"es","@id":"https:\/\/www.ghostysky.com\/product\/emlid-rx2\/#primaryimage","url":"https:\/\/www.ghostysky.com\/wp-content\/uploads\/2025\/10\/GH_Emlid_RX2_1.webp","contentUrl":"https:\/\/www.ghostysky.com\/wp-content\/uploads\/2025\/10\/GH_Emlid_RX2_1.webp","width":2400,"height":2400},{"@type":"BreadcrumbList","@id":"https:\/\/www.ghostysky.com\/product\/emlid-rx2\/#breadcrumb","itemListElement":[{"@type":"ListItem","position":1,"name":"Home","item":"https:\/\/www.ghostysky.com\/"},{"@type":"ListItem","position":2,"name":"Shop","item":"https:\/\/www.ghostysky.com\/shop\/"},{"@type":"ListItem","position":3,"name":"Emlid RX2"}]},{"@type":"WebSite","@id":"https:\/\/www.ghostysky.com\/#website","url":"https:\/\/www.ghostysky.com\/","name":"Ghostysky","description":"Entrega de drones y servicios profesionales","publisher":{"@id":"https:\/\/www.ghostysky.com\/#organization"},"potentialAction":[{"@type":"SearchAction","target":{"@type":"EntryPoint","urlTemplate":"https:\/\/www.ghostysky.com\/?s={search_term_string}"},"query-input":{"@type":"PropertyValueSpecification","valueRequired":true,"valueName":"search_term_string"}}],"inLanguage":"es"},{"@type":"Organization","@id":"https:\/\/www.ghostysky.com\/#organization","name":"Ghostysky","url":"https:\/\/www.ghostysky.com\/","logo":{"@type":"ImageObject","inLanguage":"es","@id":"https:\/\/www.ghostysky.com\/#\/schema\/logo\/image\/","url":"https:\/\/www.ghostysky.com\/wp-content\/uploads\/2020\/06\/cropped-ghostyskylogo_text_white2.png","contentUrl":"https:\/\/www.ghostysky.com\/wp-content\/uploads\/2020\/06\/cropped-ghostyskylogo_text_white2.png","width":169,"height":56,"caption":"Ghostysky"},"image":{"@id":"https:\/\/www.ghostysky.com\/#\/schema\/logo\/image\/"},"sameAs":["https:\/\/www.facebook.com\/people\/Ghostysky\/100057676170234\/","https:\/\/x.com\/Gh0stysky","https:\/\/www.linkedin.com\/company\/34739653","https:\/\/www.instagram.com\/gh0stysky"]}]}},"_links":{"self":[{"href":"https:\/\/www.ghostysky.com\/es\/wp-json\/wp\/v2\/product\/20808","targetHints":{"allow":["GET"]}}],"collection":[{"href":"https:\/\/www.ghostysky.com\/es\/wp-json\/wp\/v2\/product"}],"about":[{"href":"https:\/\/www.ghostysky.com\/es\/wp-json\/wp\/v2\/types\/product"}],"replies":[{"embeddable":true,"href":"https:\/\/www.ghostysky.com\/es\/wp-json\/wp\/v2\/comments?post=20808"}],"wp:featuredmedia":[{"embeddable":true,"href":"https:\/\/www.ghostysky.com\/es\/wp-json\/wp\/v2\/media\/20790"}],"wp:attachment":[{"href":"https:\/\/www.ghostysky.com\/es\/wp-json\/wp\/v2\/media?parent=20808"}],"wp:term":[{"taxonomy":"product_brand","embeddable":true,"href":"https:\/\/www.ghostysky.com\/es\/wp-json\/wp\/v2\/product_brand?post=20808"},{"taxonomy":"product_cat","embeddable":true,"href":"https:\/\/www.ghostysky.com\/es\/wp-json\/wp\/v2\/product_cat?post=20808"},{"taxonomy":"product_tag","embeddable":true,"href":"https:\/\/www.ghostysky.com\/es\/wp-json\/wp\/v2\/product_tag?post=20808"}],"curies":[{"name":"wp","href":"https:\/\/api.w.org\/{rel}","templated":true}]}}