{"id":20886,"date":"2025-10-14T14:03:19","date_gmt":"2025-10-14T14:03:19","guid":{"rendered":"https:\/\/www.ghostysky.com\/?post_type=product&#038;p=20886"},"modified":"2025-10-15T10:18:45","modified_gmt":"2025-10-15T10:18:45","slug":"dji-terra-standard-dji-modify-flagship-permanent","status":"publish","type":"product","link":"https:\/\/www.ghostysky.com\/es\/product\/dji-terra-standard-dji-modify-flagship-permanent\/","title":{"rendered":"DJI Terra Standard + DJI Modify Flagship Permanent"},"content":{"rendered":"<h3>1. <span class=\"citation-120 citation-end-120\">DJI Terra Standard (licencia permanente)<\/span><\/h3>\n<p><span class=\"citation-119 citation-end-119\">DJI Terra es el principal software de modelado y mapeo 3D que convierte los datos capturados por drones en activos digitales precisos.<\/span> <span class=\"citation-118\">El <\/span><b><span class=\"citation-118\">Est\u00e1ndar Permanente<\/span><\/b><span class=\"citation-118 citation-end-118\"> La licencia ofrece acceso perpetuo a funciones esenciales de nivel profesional:<\/span><\/p>\n<ul>\n<li><b>Fotogrametr\u00eda 2D y 3D:<\/b><span class=\"citation-117 citation-end-117\"> Genere r\u00e1pidamente ortomosaicos 2D de alta resoluci\u00f3n, nubes de puntos y modelos 3D de alta precisi\u00f3n a partir de im\u00e1genes de drones.<\/span><\/li>\n<li><b><span class=\"citation-116\">LiDAR y procesamiento multiespectral:<\/span><\/b><span class=\"citation-116 citation-end-116\"> Procesa datos de DJI Zenmuse LiDAR y sensores multiespectrales para crear nubes de puntos precisas, mapas 2D y mapas de \u00edndice de vegetaci\u00f3n (como NDVI\/NDRE) para la agricultura y la investigaci\u00f3n.<\/span><\/li>\n<li><b><span class=\"citation-115\">Reconstrucci\u00f3n de pr\u00f3xima generaci\u00f3n:<\/span><\/b><span class=\"citation-115\"> Cuenta con tecnolog\u00edas de reconstrucci\u00f3n avanzadas, que incluyen <\/span><b><span class=\"citation-115\">Salpicadura gaussiana 3D<\/span><\/b><span class=\"citation-115 citation-end-115\">, para generar modelos 3D excepcionalmente realistas con alta fidelidad visual, restaurando con precisi\u00f3n detalles finos, objetos transparentes y reflejos.<\/span><\/li>\n<li><b>Planificaci\u00f3n de la misi\u00f3n:<\/b><span class=\"citation-114 citation-end-114\"> Incluye herramientas para la planificaci\u00f3n automatizada de rutas de vuelo (puntos de referencia, \u00e1rea, oblicuas, misiones de corredor) para garantizar una captura de datos \u00f3ptima.<\/span><\/li>\n<li><b><span class=\"citation-113\">Acceso permanente:<\/span><\/b><span class=\"citation-113 citation-end-113\"> La licencia es permanente y le otorga propiedad perpetua y uso de las funciones del software.<\/span><\/li>\n<\/ul>\n<h3>2. DJI Modify Flagship (licencia permanente)<\/h3>\n<p><span class=\"citation-112 citation-end-112\">DJI Modify es el software complementario inteligente para refinar y pulir los modelos creados en DJI Terra.<\/span> <span class=\"citation-111\">El <\/span><b><span class=\"citation-111\">Buque insignia permanente<\/span><\/b><span class=\"citation-111 citation-end-111\"> La licencia proporciona un conjunto completo de herramientas de edici\u00f3n avanzadas asistidas por IA con una compra \u00fanica:<\/span><\/p>\n<ul>\n<li><b>Flujo de trabajo continuo:<\/b><span class=\"citation-110 citation-end-110\"> Funciona en conjunto con DJI Terra, lo que permite el lanzamiento con un solo clic desde un proyecto Terra para un flujo de trabajo eficiente de modelo a edici\u00f3n.<\/span><\/li>\n<li><b>Reparaci\u00f3n de malla inteligente:<\/b> Utiliza algoritmos inteligentes para identificar y reparar r\u00e1pidamente defectos comunes en mallas 3D, incluidos:\n<ul>\n<li><b><span class=\"citation-109\">Eliminaci\u00f3n de piezas flotantes:<\/span><\/b><span class=\"citation-109 citation-end-109\"> Limpie f\u00e1cilmente la geometr\u00eda suelta o suspendida.<\/span><\/li>\n<li><b>Relleno de agujeros:<\/b><span class=\"citation-108 citation-end-108\"> Repara autom\u00e1ticamente huecos y agujeros en la malla.<\/span><\/li>\n<li><b>Aplastamiento:<\/b><span class=\"citation-107 citation-end-107\"> Detectar y aplanar superficies (como quitar autom\u00f3viles o se\u00f1ales) para limpiar la textura y la superficie del modelo.<\/span><\/li>\n<li><b>Reparaci\u00f3n de la superficie del agua:<\/b> Crea de forma inteligente superficies de agua suaves y realistas.<\/li>\n<\/ul>\n<\/li>\n<li><b>Edici\u00f3n avanzada de nubes de puntos:<\/b><span class=\"citation-106 citation-end-106\"> Incluye potentes herramientas para suavizar nubes de puntos, reducir ruido, reducir el tama\u00f1o de la muestra y generar terrenos de forma automatizada.<\/span><\/li>\n<li><b><span class=\"citation-105\">Reparaci\u00f3n de textura:<\/span><\/b><span class=\"citation-105 citation-end-105\"> Herramientas avanzadas como \u201cBorrar\u201d y \u201cClonar\u201d para arreglar y combinar texturas en el modelo sin problemas.<\/span><\/li>\n<li><b><span class=\"citation-104\">Acceso permanente:<\/span><\/b><span class=\"citation-104 citation-end-104\"> Esta es una licencia permanente que proporciona acceso ilimitado y perpetuo a todas las funciones emblem\u00e1ticas sin tarifas de suscripci\u00f3n anuales.<\/span><\/li>\n<\/ul>\n<h3>Beneficios clave del paquete<\/h3>\n<ul>\n<li><b><span class=\"citation-103\">Soluci\u00f3n de extremo a extremo:<\/span><\/b><span class=\"citation-103 citation-end-103\"> Ofrece una plataforma unificada y \u00fanica para la adquisici\u00f3n, procesamiento, reconstrucci\u00f3n y refinamiento profesional de datos, eliminando la necesidad de software fragmentado de terceros.<\/span><\/li>\n<li><b><span class=\"citation-102\">Calidad Profesional:<\/span><\/b><span class=\"citation-102 citation-end-102\"> Ofrezca mapas 2D de gran precisi\u00f3n y modelos 3D fotorrealistas impresionantes gracias a la integraci\u00f3n de fotogrametr\u00eda avanzada, procesamiento LiDAR y salpicadura gaussiana.<\/span><\/li>\n<li><b>Eficiencia:<\/b><span class=\"citation-101 citation-end-101\"> Reduce significativamente el tiempo de posprocesamiento con las funciones de reparaci\u00f3n inteligentes con un solo clic de DJI Modify, lo que acelera la entrega del proyecto.<\/span><\/li>\n<li><b><span class=\"citation-100\">Propiedad perpetua:<\/span><\/b><span class=\"citation-100 citation-end-100\"> Las licencias permanentes proporcionan valor a largo plazo y uso sin restricciones del software, protegiendo su inversi\u00f3n.<\/span><\/li>\n<\/ul>","protected":false},"excerpt":{"rendered":"<p>Este paquete integral ofrece una soluci\u00f3n integral para topograf\u00eda a\u00e9rea, modelado 3D y posprocesamiento, combinando capacidades de reconstrucci\u00f3n b\u00e1sicas con herramientas de edici\u00f3n permanentes y avanzadas para profesionales de la topograf\u00eda, la cartograf\u00eda, la construcci\u00f3n y la infraestructura.<\/p>","protected":false},"featured_media":19353,"comment_status":"open","ping_status":"closed","template":"","meta":[],"product_brand":[1031],"product_cat":[37,939],"product_tag":[42,1032],"class_list":{"0":"post-20886","1":"product","2":"type-product","3":"status-publish","4":"has-post-thumbnail","6":"product_brand-dji","7":"product_cat-dji","8":"product_cat-software-dji","9":"product_tag-dji","10":"product_tag-dji-terra","12":"first","13":"onbackorder","14":"taxable","15":"shipping-taxable","16":"purchasable","17":"product-type-simple"},"yoast_head":"<!-- This site is optimized with the Yoast SEO plugin v27.1.1 - https:\/\/yoast.com\/product\/yoast-seo-wordpress\/ -->\n<title>DJI Terra Standard + DJI Modify Flagship Permanent - Ghostysky<\/title>\n<meta name=\"description\" content=\"This comprehensive package provides an end-to-end solution for aerial surveying, 3D modeling, and post-processing, combining core reconstruction capabilities with advanced, permanent editing tools for professionals in surveying, mapping, construction, and infrastructure.\" \/>\n<meta name=\"robots\" content=\"index, follow, max-snippet:-1, max-image-preview:large, max-video-preview:-1\" \/>\n<link rel=\"canonical\" href=\"https:\/\/www.ghostysky.com\/es\/producto-2\/dji-terra-standard-dji-modify-flagship-permanent\/\" \/>\n<meta property=\"og:locale\" content=\"es_ES\" \/>\n<meta property=\"og:type\" content=\"article\" \/>\n<meta property=\"og:title\" content=\"DJI Terra Standard + DJI Modify Flagship Permanent - Ghostysky\" \/>\n<meta property=\"og:description\" content=\"This comprehensive package provides an end-to-end solution for aerial surveying, 3D modeling, and post-processing, combining core reconstruction capabilities with advanced, permanent editing tools for professionals in surveying, mapping, construction, and infrastructure.\" \/>\n<meta property=\"og:url\" content=\"https:\/\/www.ghostysky.com\/es\/producto-2\/dji-terra-standard-dji-modify-flagship-permanent\/\" \/>\n<meta property=\"og:site_name\" content=\"Ghostysky\" \/>\n<meta property=\"article:publisher\" content=\"https:\/\/www.facebook.com\/people\/Ghostysky\/100057676170234\/\" \/>\n<meta property=\"article:modified_time\" content=\"2025-10-15T10:18:45+00:00\" \/>\n<meta property=\"og:image\" content=\"https:\/\/www.ghostysky.com\/wp-content\/uploads\/2024\/05\/GH_dji-terra-pro-overseas-perpetual-1.jpg\" \/>\n\t<meta property=\"og:image:width\" content=\"800\" \/>\n\t<meta property=\"og:image:height\" content=\"644\" \/>\n\t<meta property=\"og:image:type\" content=\"image\/jpeg\" \/>\n<meta name=\"twitter:card\" content=\"summary_large_image\" \/>\n<meta name=\"twitter:site\" content=\"@Gh0stysky\" \/>\n<meta name=\"twitter:label1\" content=\"Tiempo de lectura\" \/>\n\t<meta name=\"twitter:data1\" content=\"2 minutos\" \/>\n<script type=\"application\/ld+json\" class=\"yoast-schema-graph\">{\"@context\":\"https:\/\/schema.org\",\"@graph\":[{\"@type\":\"WebPage\",\"@id\":\"https:\/\/www.ghostysky.com\/product\/dji-terra-standard-dji-modify-flagship-permanent\/\",\"url\":\"https:\/\/www.ghostysky.com\/product\/dji-terra-standard-dji-modify-flagship-permanent\/\",\"name\":\"DJI Terra Standard + DJI Modify Flagship Permanent - Ghostysky\",\"isPartOf\":{\"@id\":\"https:\/\/www.ghostysky.com\/#website\"},\"primaryImageOfPage\":{\"@id\":\"https:\/\/www.ghostysky.com\/product\/dji-terra-standard-dji-modify-flagship-permanent\/#primaryimage\"},\"image\":{\"@id\":\"https:\/\/www.ghostysky.com\/product\/dji-terra-standard-dji-modify-flagship-permanent\/#primaryimage\"},\"thumbnailUrl\":\"https:\/\/www.ghostysky.com\/wp-content\/uploads\/2024\/05\/GH_dji-terra-pro-overseas-perpetual-1.jpg\",\"datePublished\":\"2025-10-14T14:03:19+00:00\",\"dateModified\":\"2025-10-15T10:18:45+00:00\",\"description\":\"This comprehensive package provides an end-to-end solution for aerial surveying, 3D modeling, and post-processing, combining core reconstruction capabilities with advanced, permanent editing tools for professionals in surveying, mapping, construction, and infrastructure.\",\"breadcrumb\":{\"@id\":\"https:\/\/www.ghostysky.com\/product\/dji-terra-standard-dji-modify-flagship-permanent\/#breadcrumb\"},\"inLanguage\":\"es\",\"potentialAction\":[{\"@type\":\"ReadAction\",\"target\":[\"https:\/\/www.ghostysky.com\/product\/dji-terra-standard-dji-modify-flagship-permanent\/\"]}]},{\"@type\":\"ImageObject\",\"inLanguage\":\"es\",\"@id\":\"https:\/\/www.ghostysky.com\/product\/dji-terra-standard-dji-modify-flagship-permanent\/#primaryimage\",\"url\":\"https:\/\/www.ghostysky.com\/wp-content\/uploads\/2024\/05\/GH_dji-terra-pro-overseas-perpetual-1.jpg\",\"contentUrl\":\"https:\/\/www.ghostysky.com\/wp-content\/uploads\/2024\/05\/GH_dji-terra-pro-overseas-perpetual-1.jpg\",\"width\":800,\"height\":644},{\"@type\":\"BreadcrumbList\",\"@id\":\"https:\/\/www.ghostysky.com\/product\/dji-terra-standard-dji-modify-flagship-permanent\/#breadcrumb\",\"itemListElement\":[{\"@type\":\"ListItem\",\"position\":1,\"name\":\"Home\",\"item\":\"https:\/\/www.ghostysky.com\/\"},{\"@type\":\"ListItem\",\"position\":2,\"name\":\"Shop\",\"item\":\"https:\/\/www.ghostysky.com\/shop\/\"},{\"@type\":\"ListItem\",\"position\":3,\"name\":\"DJI Terra Standard + DJI Modify Flagship Permanent\"}]},{\"@type\":\"WebSite\",\"@id\":\"https:\/\/www.ghostysky.com\/#website\",\"url\":\"https:\/\/www.ghostysky.com\/\",\"name\":\"Ghostysky\",\"description\":\"Delivering professional drones and services\",\"publisher\":{\"@id\":\"https:\/\/www.ghostysky.com\/#organization\"},\"potentialAction\":[{\"@type\":\"SearchAction\",\"target\":{\"@type\":\"EntryPoint\",\"urlTemplate\":\"https:\/\/www.ghostysky.com\/?s={search_term_string}\"},\"query-input\":{\"@type\":\"PropertyValueSpecification\",\"valueRequired\":true,\"valueName\":\"search_term_string\"}}],\"inLanguage\":\"es\"},{\"@type\":\"Organization\",\"@id\":\"https:\/\/www.ghostysky.com\/#organization\",\"name\":\"Ghostysky\",\"url\":\"https:\/\/www.ghostysky.com\/\",\"logo\":{\"@type\":\"ImageObject\",\"inLanguage\":\"es\",\"@id\":\"https:\/\/www.ghostysky.com\/#\/schema\/logo\/image\/\",\"url\":\"https:\/\/www.ghostysky.com\/wp-content\/uploads\/2020\/06\/cropped-ghostyskylogo_text_white2.png\",\"contentUrl\":\"https:\/\/www.ghostysky.com\/wp-content\/uploads\/2020\/06\/cropped-ghostyskylogo_text_white2.png\",\"width\":169,\"height\":56,\"caption\":\"Ghostysky\"},\"image\":{\"@id\":\"https:\/\/www.ghostysky.com\/#\/schema\/logo\/image\/\"},\"sameAs\":[\"https:\/\/www.facebook.com\/people\/Ghostysky\/100057676170234\/\",\"https:\/\/x.com\/Gh0stysky\",\"https:\/\/www.linkedin.com\/company\/34739653\",\"https:\/\/www.instagram.com\/gh0stysky\"]}]}<\/script>\n<!-- \/ Yoast SEO plugin. -->","yoast_head_json":{"title":"DJI Terra Standard + DJI Modify Flagship Permanente - Ghostysky","description":"Este paquete integral ofrece una soluci\u00f3n integral para topograf\u00eda a\u00e9rea, modelado 3D y posprocesamiento, combinando capacidades de reconstrucci\u00f3n b\u00e1sicas con herramientas de edici\u00f3n permanentes y avanzadas para profesionales de la topograf\u00eda, la cartograf\u00eda, la construcci\u00f3n y la infraestructura.","robots":{"index":"index","follow":"follow","max-snippet":"max-snippet:-1","max-image-preview":"max-image-preview:large","max-video-preview":"max-video-preview:-1"},"canonical":"https:\/\/www.ghostysky.com\/es\/producto-2\/dji-terra-standard-dji-modify-flagship-permanent\/","og_locale":"es_ES","og_type":"article","og_title":"DJI Terra Standard + DJI Modify Flagship Permanent - Ghostysky","og_description":"This comprehensive package provides an end-to-end solution for aerial surveying, 3D modeling, and post-processing, combining core reconstruction capabilities with advanced, permanent editing tools for professionals in surveying, mapping, construction, and infrastructure.","og_url":"https:\/\/www.ghostysky.com\/es\/producto-2\/dji-terra-standard-dji-modify-flagship-permanent\/","og_site_name":"Ghostysky","article_publisher":"https:\/\/www.facebook.com\/people\/Ghostysky\/100057676170234\/","article_modified_time":"2025-10-15T10:18:45+00:00","og_image":[{"width":800,"height":644,"url":"https:\/\/www.ghostysky.com\/wp-content\/uploads\/2024\/05\/GH_dji-terra-pro-overseas-perpetual-1.jpg","type":"image\/jpeg"}],"twitter_card":"summary_large_image","twitter_site":"@Gh0stysky","twitter_misc":{"Tiempo de lectura":"2 minutos"},"schema":{"@context":"https:\/\/schema.org","@graph":[{"@type":"WebPage","@id":"https:\/\/www.ghostysky.com\/product\/dji-terra-standard-dji-modify-flagship-permanent\/","url":"https:\/\/www.ghostysky.com\/product\/dji-terra-standard-dji-modify-flagship-permanent\/","name":"DJI Terra Standard + DJI Modify Flagship Permanente - Ghostysky","isPartOf":{"@id":"https:\/\/www.ghostysky.com\/#website"},"primaryImageOfPage":{"@id":"https:\/\/www.ghostysky.com\/product\/dji-terra-standard-dji-modify-flagship-permanent\/#primaryimage"},"image":{"@id":"https:\/\/www.ghostysky.com\/product\/dji-terra-standard-dji-modify-flagship-permanent\/#primaryimage"},"thumbnailUrl":"https:\/\/www.ghostysky.com\/wp-content\/uploads\/2024\/05\/GH_dji-terra-pro-overseas-perpetual-1.jpg","datePublished":"2025-10-14T14:03:19+00:00","dateModified":"2025-10-15T10:18:45+00:00","description":"Este paquete integral ofrece una soluci\u00f3n integral para topograf\u00eda a\u00e9rea, modelado 3D y posprocesamiento, combinando capacidades de reconstrucci\u00f3n b\u00e1sicas con herramientas de edici\u00f3n permanentes y avanzadas para profesionales de la topograf\u00eda, la cartograf\u00eda, la construcci\u00f3n y la infraestructura.","breadcrumb":{"@id":"https:\/\/www.ghostysky.com\/product\/dji-terra-standard-dji-modify-flagship-permanent\/#breadcrumb"},"inLanguage":"es","potentialAction":[{"@type":"ReadAction","target":["https:\/\/www.ghostysky.com\/product\/dji-terra-standard-dji-modify-flagship-permanent\/"]}]},{"@type":"ImageObject","inLanguage":"es","@id":"https:\/\/www.ghostysky.com\/product\/dji-terra-standard-dji-modify-flagship-permanent\/#primaryimage","url":"https:\/\/www.ghostysky.com\/wp-content\/uploads\/2024\/05\/GH_dji-terra-pro-overseas-perpetual-1.jpg","contentUrl":"https:\/\/www.ghostysky.com\/wp-content\/uploads\/2024\/05\/GH_dji-terra-pro-overseas-perpetual-1.jpg","width":800,"height":644},{"@type":"BreadcrumbList","@id":"https:\/\/www.ghostysky.com\/product\/dji-terra-standard-dji-modify-flagship-permanent\/#breadcrumb","itemListElement":[{"@type":"ListItem","position":1,"name":"Home","item":"https:\/\/www.ghostysky.com\/"},{"@type":"ListItem","position":2,"name":"Shop","item":"https:\/\/www.ghostysky.com\/shop\/"},{"@type":"ListItem","position":3,"name":"DJI Terra Standard + DJI Modify Flagship Permanent"}]},{"@type":"WebSite","@id":"https:\/\/www.ghostysky.com\/#website","url":"https:\/\/www.ghostysky.com\/","name":"Ghostysky","description":"Entrega de drones y servicios profesionales","publisher":{"@id":"https:\/\/www.ghostysky.com\/#organization"},"potentialAction":[{"@type":"SearchAction","target":{"@type":"EntryPoint","urlTemplate":"https:\/\/www.ghostysky.com\/?s={search_term_string}"},"query-input":{"@type":"PropertyValueSpecification","valueRequired":true,"valueName":"search_term_string"}}],"inLanguage":"es"},{"@type":"Organization","@id":"https:\/\/www.ghostysky.com\/#organization","name":"Ghostysky","url":"https:\/\/www.ghostysky.com\/","logo":{"@type":"ImageObject","inLanguage":"es","@id":"https:\/\/www.ghostysky.com\/#\/schema\/logo\/image\/","url":"https:\/\/www.ghostysky.com\/wp-content\/uploads\/2020\/06\/cropped-ghostyskylogo_text_white2.png","contentUrl":"https:\/\/www.ghostysky.com\/wp-content\/uploads\/2020\/06\/cropped-ghostyskylogo_text_white2.png","width":169,"height":56,"caption":"Ghostysky"},"image":{"@id":"https:\/\/www.ghostysky.com\/#\/schema\/logo\/image\/"},"sameAs":["https:\/\/www.facebook.com\/people\/Ghostysky\/100057676170234\/","https:\/\/x.com\/Gh0stysky","https:\/\/www.linkedin.com\/company\/34739653","https:\/\/www.instagram.com\/gh0stysky"]}]}},"_links":{"self":[{"href":"https:\/\/www.ghostysky.com\/es\/wp-json\/wp\/v2\/product\/20886","targetHints":{"allow":["GET"]}}],"collection":[{"href":"https:\/\/www.ghostysky.com\/es\/wp-json\/wp\/v2\/product"}],"about":[{"href":"https:\/\/www.ghostysky.com\/es\/wp-json\/wp\/v2\/types\/product"}],"replies":[{"embeddable":true,"href":"https:\/\/www.ghostysky.com\/es\/wp-json\/wp\/v2\/comments?post=20886"}],"wp:featuredmedia":[{"embeddable":true,"href":"https:\/\/www.ghostysky.com\/es\/wp-json\/wp\/v2\/media\/19353"}],"wp:attachment":[{"href":"https:\/\/www.ghostysky.com\/es\/wp-json\/wp\/v2\/media?parent=20886"}],"wp:term":[{"taxonomy":"product_brand","embeddable":true,"href":"https:\/\/www.ghostysky.com\/es\/wp-json\/wp\/v2\/product_brand?post=20886"},{"taxonomy":"product_cat","embeddable":true,"href":"https:\/\/www.ghostysky.com\/es\/wp-json\/wp\/v2\/product_cat?post=20886"},{"taxonomy":"product_tag","embeddable":true,"href":"https:\/\/www.ghostysky.com\/es\/wp-json\/wp\/v2\/product_tag?post=20886"}],"curies":[{"name":"wp","href":"https:\/\/api.w.org\/{rel}","templated":true}]}}