{"id":20888,"date":"2025-10-14T14:12:22","date_gmt":"2025-10-14T14:12:22","guid":{"rendered":"https:\/\/www.ghostysky.com\/?post_type=product&#038;p=20888"},"modified":"2025-10-15T10:18:15","modified_gmt":"2025-10-15T10:18:15","slug":"dji-terra-standard-to-flagship-version-upgrade-package-online","status":"publish","type":"product","link":"https:\/\/www.ghostysky.com\/es\/product\/dji-terra-standard-to-flagship-version-upgrade-package-online\/","title":{"rendered":"Paquete de actualizaci\u00f3n de DJI Terra de versi\u00f3n est\u00e1ndar a versi\u00f3n insignia (en l\u00ednea)"},"content":{"rendered":"<h3>Caracter\u00edsticas clave de la actualizaci\u00f3n al buque insignia<\/h3>\n<p><span class=\"citation-145 citation-end-145\">La actualizaci\u00f3n transforma su licencia est\u00e1ndar al agregar herramientas potentes optimizadas para aplicaciones industriales y de infraestructura avanzadas:<\/span><\/p>\n<ul>\n<li><b>Salpicadura gaussiana 3D:<\/b><span class=\"citation-144 citation-end-144\"> Genere modelos 3D ultraprecisos y altamente fotorrealistas a partir de im\u00e1genes de drones de manera r\u00e1pida y eficiente.<\/span> <span class=\"citation-143 citation-end-143\">Esta tecnolog\u00eda de vanguardia se destaca por restaurar con precisi\u00f3n escenas complejas, incluidas estructuras finas, objetos transparentes\/reflectantes y vegetaci\u00f3n densa.<\/span><\/li>\n<li><b><span class=\"citation-142\">Fusi\u00f3n LiDAR + Fotogrametr\u00eda:<\/span><\/b><span class=\"citation-142 citation-end-142\"> Integre sin problemas datos de luz visible con nubes de puntos capturadas por sensores LiDAR DJI Zenmuse (como L2) para crear nubes de puntos y modelos de malla 3D ricos y de gran precisi\u00f3n.<\/span><\/li>\n<li><b>Herramientas de electricidad e infraestructura:<\/b><span class=\"citation-141 citation-end-141\"> Obtenga acceso a flujos de trabajo especializados y un m\u00f3dulo dedicado para la inspecci\u00f3n y el mapeo detallados de l\u00edneas el\u00e9ctricas, corredores de transmisi\u00f3n y otra infraestructura cr\u00edtica.<\/span><\/li>\n<li><b>Administraci\u00f3n de m\u00faltiples dispositivos (funci\u00f3n principal):<\/b><span class=\"citation-140 citation-end-140\"> Si bien la versi\u00f3n est\u00e1ndar generalmente est\u00e1 vinculada a un solo dispositivo, la versi\u00f3n Flagship puede ofrecer soporte para vincularse a m\u00e1s dispositivos (consulte los t\u00e9rminos de licencia espec\u00edficos, ya que algunas versiones Flagship admiten hasta 10 dispositivos).<\/span><\/li>\n<\/ul>\n<h3>Resumen del producto<\/h3>\n<ul>\n<li><b>Producto:<\/b><span class=\"citation-139 citation-end-139\"> Paquete de actualizaci\u00f3n de DJI Terra de versi\u00f3n est\u00e1ndar a versi\u00f3n insignia (en l\u00ednea)<\/span><\/li>\n<li><b><span class=\"citation-138\">Objetivo:<\/span><\/b><span class=\"citation-138 citation-end-138\"> Eleva una licencia DJI Terra Standard existente a la versi\u00f3n Flagship con numerosas funciones.<\/span><\/li>\n<li><b><span class=\"citation-137\">Activaci\u00f3n:<\/span><\/b><span class=\"citation-137 citation-end-137\"> Se requiere autorizaci\u00f3n en l\u00ednea para la gesti\u00f3n y uso de la licencia.<\/span><\/li>\n<li><b>Usuario objetivo:<\/b><span class=\"citation-136 citation-end-136\"> Profesionales empresariales, top\u00f3grafos e ingenieros que necesitan reconstrucci\u00f3n 3D de m\u00e1xima fidelidad, herramientas de inspecci\u00f3n de infraestructura especializadas y capacidades avanzadas de procesamiento de datos.<\/span><\/li>\n<\/ul>\n<p><span class=\"citation-135 citation-end-135\">En esencia, este paquete es el puente profesional hacia la cartograf\u00eda de \u00faltima generaci\u00f3n, proporcionando tecnolog\u00eda avanzada para manejar los proyectos m\u00e1s exigentes en topograf\u00eda, construcci\u00f3n, energ\u00eda y modelado de infraestructura.<\/span><\/p>","protected":false},"excerpt":{"rendered":"<p><span class=\"citation-147\">El <\/span><b><span class=\"citation-147\">Paquete de actualizaci\u00f3n de DJI Terra de versi\u00f3n est\u00e1ndar a versi\u00f3n insignia (en l\u00ednea)<\/span><\/b><span class=\"citation-147 citation-end-147\"> es una actualizaci\u00f3n de licencia de software dise\u00f1ada para usuarios con una licencia DJI Terra Standard existente que deseen desbloquear las funciones completas y avanzadas de la versi\u00f3n Flagship.<\/span><\/p>\n<p><span class=\"citation-146 citation-end-146\">Esta actualizaci\u00f3n, disponible solo en l\u00ednea, brinda acceso al nivel m\u00e1s alto del software de mapeo y modelado 3D profesional de DJI, lo que agiliza los flujos de trabajo complejos de topograf\u00eda a\u00e9rea.<\/span><\/p>","protected":false},"featured_media":19353,"comment_status":"open","ping_status":"closed","template":"","meta":[],"product_brand":[1031],"product_cat":[37,29,939],"product_tag":[42,1032],"class_list":{"0":"post-20888","1":"product","2":"type-product","3":"status-publish","4":"has-post-thumbnail","6":"product_brand-dji","7":"product_cat-dji","8":"product_cat-drones","9":"product_cat-software-dji","10":"product_tag-dji","11":"product_tag-dji-terra","13":"first","14":"onbackorder","15":"taxable","16":"shipping-taxable","17":"product-type-simple"},"yoast_head":"<!-- This site is optimized with the Yoast SEO plugin v27.4 - https:\/\/yoast.com\/product\/yoast-seo-wordpress\/ -->\n<title>DJI Terra Standard to Flagship Version Upgrade Package (Online) - Ghostysky<\/title>\n<meta name=\"description\" content=\"The DJI Terra Standard to Flagship Version Upgrade Package (Online) is a software license upgrade designed for users with an existing DJI Terra Standard license who wish to unlock the full, advanced features of the Flagship version.This online-only upgrade provides access to the highest tier of DJI&#039;s professional 3D modeling and mapping software, streamlining complex aerial surveying workflows.\" \/>\n<meta name=\"robots\" content=\"index, follow, max-snippet:-1, max-image-preview:large, max-video-preview:-1\" \/>\n<link rel=\"canonical\" href=\"https:\/\/www.ghostysky.com\/es\/producto-2\/dji-terra-standard-to-flagship-version-upgrade-package-online\/\" \/>\n<meta property=\"og:locale\" content=\"es_ES\" \/>\n<meta property=\"og:type\" content=\"article\" \/>\n<meta property=\"og:title\" content=\"DJI Terra Standard to Flagship Version Upgrade Package (Online) - Ghostysky\" \/>\n<meta property=\"og:description\" content=\"The DJI Terra Standard to Flagship Version Upgrade Package (Online) is a software license upgrade designed for users with an existing DJI Terra Standard license who wish to unlock the full, advanced features of the Flagship version.This online-only upgrade provides access to the highest tier of DJI&#039;s professional 3D modeling and mapping software, streamlining complex aerial surveying workflows.\" \/>\n<meta property=\"og:url\" content=\"https:\/\/www.ghostysky.com\/es\/producto-2\/dji-terra-standard-to-flagship-version-upgrade-package-online\/\" \/>\n<meta property=\"og:site_name\" content=\"Ghostysky\" \/>\n<meta property=\"article:publisher\" content=\"https:\/\/www.facebook.com\/people\/Ghostysky\/100057676170234\/\" \/>\n<meta property=\"article:modified_time\" content=\"2025-10-15T10:18:15+00:00\" \/>\n<meta property=\"og:image\" content=\"https:\/\/www.ghostysky.com\/wp-content\/uploads\/2024\/05\/GH_dji-terra-pro-overseas-perpetual-1.jpg\" \/>\n\t<meta property=\"og:image:width\" content=\"800\" \/>\n\t<meta property=\"og:image:height\" content=\"644\" \/>\n\t<meta property=\"og:image:type\" content=\"image\/jpeg\" \/>\n<meta name=\"twitter:card\" content=\"summary_large_image\" \/>\n<meta name=\"twitter:site\" content=\"@Gh0stysky\" \/>\n<meta name=\"twitter:label1\" content=\"Tiempo de lectura\" \/>\n\t<meta name=\"twitter:data1\" content=\"2 minutos\" \/>\n<script type=\"application\/ld+json\" class=\"yoast-schema-graph\">{\"@context\":\"https:\\\/\\\/schema.org\",\"@graph\":[{\"@type\":\"WebPage\",\"@id\":\"https:\\\/\\\/www.ghostysky.com\\\/product\\\/dji-terra-standard-to-flagship-version-upgrade-package-online\\\/\",\"url\":\"https:\\\/\\\/www.ghostysky.com\\\/product\\\/dji-terra-standard-to-flagship-version-upgrade-package-online\\\/\",\"name\":\"DJI Terra Standard to Flagship Version Upgrade Package (Online) - Ghostysky\",\"isPartOf\":{\"@id\":\"https:\\\/\\\/www.ghostysky.com\\\/#website\"},\"primaryImageOfPage\":{\"@id\":\"https:\\\/\\\/www.ghostysky.com\\\/product\\\/dji-terra-standard-to-flagship-version-upgrade-package-online\\\/#primaryimage\"},\"image\":{\"@id\":\"https:\\\/\\\/www.ghostysky.com\\\/product\\\/dji-terra-standard-to-flagship-version-upgrade-package-online\\\/#primaryimage\"},\"thumbnailUrl\":\"https:\\\/\\\/www.ghostysky.com\\\/wp-content\\\/uploads\\\/2024\\\/05\\\/GH_dji-terra-pro-overseas-perpetual-1.jpg\",\"datePublished\":\"2025-10-14T14:12:22+00:00\",\"dateModified\":\"2025-10-15T10:18:15+00:00\",\"description\":\"The DJI Terra Standard to Flagship Version Upgrade Package (Online) is a software license upgrade designed for users with an existing DJI Terra Standard license who wish to unlock the full, advanced features of the Flagship version.This online-only upgrade provides access to the highest tier of DJI's professional 3D modeling and mapping software, streamlining complex aerial surveying workflows.\",\"breadcrumb\":{\"@id\":\"https:\\\/\\\/www.ghostysky.com\\\/product\\\/dji-terra-standard-to-flagship-version-upgrade-package-online\\\/#breadcrumb\"},\"inLanguage\":\"es\",\"potentialAction\":[{\"@type\":\"ReadAction\",\"target\":[\"https:\\\/\\\/www.ghostysky.com\\\/product\\\/dji-terra-standard-to-flagship-version-upgrade-package-online\\\/\"]}]},{\"@type\":\"ImageObject\",\"inLanguage\":\"es\",\"@id\":\"https:\\\/\\\/www.ghostysky.com\\\/product\\\/dji-terra-standard-to-flagship-version-upgrade-package-online\\\/#primaryimage\",\"url\":\"https:\\\/\\\/www.ghostysky.com\\\/wp-content\\\/uploads\\\/2024\\\/05\\\/GH_dji-terra-pro-overseas-perpetual-1.jpg\",\"contentUrl\":\"https:\\\/\\\/www.ghostysky.com\\\/wp-content\\\/uploads\\\/2024\\\/05\\\/GH_dji-terra-pro-overseas-perpetual-1.jpg\",\"width\":800,\"height\":644},{\"@type\":\"BreadcrumbList\",\"@id\":\"https:\\\/\\\/www.ghostysky.com\\\/product\\\/dji-terra-standard-to-flagship-version-upgrade-package-online\\\/#breadcrumb\",\"itemListElement\":[{\"@type\":\"ListItem\",\"position\":1,\"name\":\"Home\",\"item\":\"https:\\\/\\\/www.ghostysky.com\\\/\"},{\"@type\":\"ListItem\",\"position\":2,\"name\":\"Shop\",\"item\":\"https:\\\/\\\/www.ghostysky.com\\\/shop\\\/\"},{\"@type\":\"ListItem\",\"position\":3,\"name\":\"DJI Terra Standard to Flagship Version Upgrade Package (Online)\"}]},{\"@type\":\"WebSite\",\"@id\":\"https:\\\/\\\/www.ghostysky.com\\\/#website\",\"url\":\"https:\\\/\\\/www.ghostysky.com\\\/\",\"name\":\"Ghostysky\",\"description\":\"Delivering professional drones and robotics solutions\",\"publisher\":{\"@id\":\"https:\\\/\\\/www.ghostysky.com\\\/#organization\"},\"potentialAction\":[{\"@type\":\"SearchAction\",\"target\":{\"@type\":\"EntryPoint\",\"urlTemplate\":\"https:\\\/\\\/www.ghostysky.com\\\/?s={search_term_string}\"},\"query-input\":{\"@type\":\"PropertyValueSpecification\",\"valueRequired\":true,\"valueName\":\"search_term_string\"}}],\"inLanguage\":\"es\"},{\"@type\":\"Organization\",\"@id\":\"https:\\\/\\\/www.ghostysky.com\\\/#organization\",\"name\":\"Ghostysky\",\"url\":\"https:\\\/\\\/www.ghostysky.com\\\/\",\"logo\":{\"@type\":\"ImageObject\",\"inLanguage\":\"es\",\"@id\":\"https:\\\/\\\/www.ghostysky.com\\\/#\\\/schema\\\/logo\\\/image\\\/\",\"url\":\"https:\\\/\\\/www.ghostysky.com\\\/wp-content\\\/uploads\\\/2020\\\/06\\\/cropped-ghostyskylogo_text_white2.png\",\"contentUrl\":\"https:\\\/\\\/www.ghostysky.com\\\/wp-content\\\/uploads\\\/2020\\\/06\\\/cropped-ghostyskylogo_text_white2.png\",\"width\":169,\"height\":56,\"caption\":\"Ghostysky\"},\"image\":{\"@id\":\"https:\\\/\\\/www.ghostysky.com\\\/#\\\/schema\\\/logo\\\/image\\\/\"},\"sameAs\":[\"https:\\\/\\\/www.facebook.com\\\/people\\\/Ghostysky\\\/100057676170234\\\/\",\"https:\\\/\\\/x.com\\\/Gh0stysky\",\"https:\\\/\\\/www.linkedin.com\\\/company\\\/34739653\",\"https:\\\/\\\/www.instagram.com\\\/gh0stysky\"]}]}<\/script>\n<!-- \/ Yoast SEO plugin. -->","yoast_head_json":{"title":"Paquete de actualizaci\u00f3n de DJI Terra Standard a la versi\u00f3n insignia (en l\u00ednea) - Ghostysky","description":"El paquete de actualizaci\u00f3n de la versi\u00f3n est\u00e1ndar a la versi\u00f3n insignia de DJI Terra (en l\u00ednea) es una actualizaci\u00f3n de licencia de software dise\u00f1ada para usuarios con una licencia est\u00e1ndar de DJI Terra existente que desean desbloquear todas las funciones avanzadas de la versi\u00f3n insignia. Esta actualizaci\u00f3n, solo en l\u00ednea, brinda acceso al nivel m\u00e1s alto del software de mapeo y modelado 3D profesional de DJI, agilizando los flujos de trabajo complejos de topograf\u00eda a\u00e9rea.","robots":{"index":"index","follow":"follow","max-snippet":"max-snippet:-1","max-image-preview":"max-image-preview:large","max-video-preview":"max-video-preview:-1"},"canonical":"https:\/\/www.ghostysky.com\/es\/producto-2\/dji-terra-standard-to-flagship-version-upgrade-package-online\/","og_locale":"es_ES","og_type":"article","og_title":"DJI Terra Standard to Flagship Version Upgrade Package (Online) - Ghostysky","og_description":"The DJI Terra Standard to Flagship Version Upgrade Package (Online) is a software license upgrade designed for users with an existing DJI Terra Standard license who wish to unlock the full, advanced features of the Flagship version.This online-only upgrade provides access to the highest tier of DJI's professional 3D modeling and mapping software, streamlining complex aerial surveying workflows.","og_url":"https:\/\/www.ghostysky.com\/es\/producto-2\/dji-terra-standard-to-flagship-version-upgrade-package-online\/","og_site_name":"Ghostysky","article_publisher":"https:\/\/www.facebook.com\/people\/Ghostysky\/100057676170234\/","article_modified_time":"2025-10-15T10:18:15+00:00","og_image":[{"width":800,"height":644,"url":"https:\/\/www.ghostysky.com\/wp-content\/uploads\/2024\/05\/GH_dji-terra-pro-overseas-perpetual-1.jpg","type":"image\/jpeg"}],"twitter_card":"summary_large_image","twitter_site":"@Gh0stysky","twitter_misc":{"Tiempo de lectura":"2 minutos"},"schema":{"@context":"https:\/\/schema.org","@graph":[{"@type":"WebPage","@id":"https:\/\/www.ghostysky.com\/product\/dji-terra-standard-to-flagship-version-upgrade-package-online\/","url":"https:\/\/www.ghostysky.com\/product\/dji-terra-standard-to-flagship-version-upgrade-package-online\/","name":"Paquete de actualizaci\u00f3n de DJI Terra Standard a la versi\u00f3n insignia (en l\u00ednea) - Ghostysky","isPartOf":{"@id":"https:\/\/www.ghostysky.com\/#website"},"primaryImageOfPage":{"@id":"https:\/\/www.ghostysky.com\/product\/dji-terra-standard-to-flagship-version-upgrade-package-online\/#primaryimage"},"image":{"@id":"https:\/\/www.ghostysky.com\/product\/dji-terra-standard-to-flagship-version-upgrade-package-online\/#primaryimage"},"thumbnailUrl":"https:\/\/www.ghostysky.com\/wp-content\/uploads\/2024\/05\/GH_dji-terra-pro-overseas-perpetual-1.jpg","datePublished":"2025-10-14T14:12:22+00:00","dateModified":"2025-10-15T10:18:15+00:00","description":"El paquete de actualizaci\u00f3n de la versi\u00f3n est\u00e1ndar a la versi\u00f3n insignia de DJI Terra (en l\u00ednea) es una actualizaci\u00f3n de licencia de software dise\u00f1ada para usuarios con una licencia est\u00e1ndar de DJI Terra existente que desean desbloquear todas las funciones avanzadas de la versi\u00f3n insignia. Esta actualizaci\u00f3n, solo en l\u00ednea, brinda acceso al nivel m\u00e1s alto del software de mapeo y modelado 3D profesional de DJI, agilizando los flujos de trabajo complejos de topograf\u00eda a\u00e9rea.","breadcrumb":{"@id":"https:\/\/www.ghostysky.com\/product\/dji-terra-standard-to-flagship-version-upgrade-package-online\/#breadcrumb"},"inLanguage":"es","potentialAction":[{"@type":"ReadAction","target":["https:\/\/www.ghostysky.com\/product\/dji-terra-standard-to-flagship-version-upgrade-package-online\/"]}]},{"@type":"ImageObject","inLanguage":"es","@id":"https:\/\/www.ghostysky.com\/product\/dji-terra-standard-to-flagship-version-upgrade-package-online\/#primaryimage","url":"https:\/\/www.ghostysky.com\/wp-content\/uploads\/2024\/05\/GH_dji-terra-pro-overseas-perpetual-1.jpg","contentUrl":"https:\/\/www.ghostysky.com\/wp-content\/uploads\/2024\/05\/GH_dji-terra-pro-overseas-perpetual-1.jpg","width":800,"height":644},{"@type":"BreadcrumbList","@id":"https:\/\/www.ghostysky.com\/product\/dji-terra-standard-to-flagship-version-upgrade-package-online\/#breadcrumb","itemListElement":[{"@type":"ListItem","position":1,"name":"Home","item":"https:\/\/www.ghostysky.com\/"},{"@type":"ListItem","position":2,"name":"Shop","item":"https:\/\/www.ghostysky.com\/shop\/"},{"@type":"ListItem","position":3,"name":"DJI Terra Standard to Flagship Version Upgrade Package (Online)"}]},{"@type":"WebSite","@id":"https:\/\/www.ghostysky.com\/#website","url":"https:\/\/www.ghostysky.com\/","name":"Ghostysky","description":"Ofrecemos soluciones profesionales de drones y rob\u00f3tica.","publisher":{"@id":"https:\/\/www.ghostysky.com\/#organization"},"potentialAction":[{"@type":"SearchAction","target":{"@type":"EntryPoint","urlTemplate":"https:\/\/www.ghostysky.com\/?s={search_term_string}"},"query-input":{"@type":"PropertyValueSpecification","valueRequired":true,"valueName":"search_term_string"}}],"inLanguage":"es"},{"@type":"Organization","@id":"https:\/\/www.ghostysky.com\/#organization","name":"Ghostysky","url":"https:\/\/www.ghostysky.com\/","logo":{"@type":"ImageObject","inLanguage":"es","@id":"https:\/\/www.ghostysky.com\/#\/schema\/logo\/image\/","url":"https:\/\/www.ghostysky.com\/wp-content\/uploads\/2020\/06\/cropped-ghostyskylogo_text_white2.png","contentUrl":"https:\/\/www.ghostysky.com\/wp-content\/uploads\/2020\/06\/cropped-ghostyskylogo_text_white2.png","width":169,"height":56,"caption":"Ghostysky"},"image":{"@id":"https:\/\/www.ghostysky.com\/#\/schema\/logo\/image\/"},"sameAs":["https:\/\/www.facebook.com\/people\/Ghostysky\/100057676170234\/","https:\/\/x.com\/Gh0stysky","https:\/\/www.linkedin.com\/company\/34739653","https:\/\/www.instagram.com\/gh0stysky"]}]}},"_links":{"self":[{"href":"https:\/\/www.ghostysky.com\/es\/wp-json\/wp\/v2\/product\/20888","targetHints":{"allow":["GET"]}}],"collection":[{"href":"https:\/\/www.ghostysky.com\/es\/wp-json\/wp\/v2\/product"}],"about":[{"href":"https:\/\/www.ghostysky.com\/es\/wp-json\/wp\/v2\/types\/product"}],"replies":[{"embeddable":true,"href":"https:\/\/www.ghostysky.com\/es\/wp-json\/wp\/v2\/comments?post=20888"}],"version-history":[{"count":0,"href":"https:\/\/www.ghostysky.com\/es\/wp-json\/wp\/v2\/product\/20888\/revisions"}],"wp:featuredmedia":[{"embeddable":true,"href":"https:\/\/www.ghostysky.com\/es\/wp-json\/wp\/v2\/media\/19353"}],"wp:attachment":[{"href":"https:\/\/www.ghostysky.com\/es\/wp-json\/wp\/v2\/media?parent=20888"}],"wp:term":[{"taxonomy":"product_brand","embeddable":true,"href":"https:\/\/www.ghostysky.com\/es\/wp-json\/wp\/v2\/product_brand?post=20888"},{"taxonomy":"product_cat","embeddable":true,"href":"https:\/\/www.ghostysky.com\/es\/wp-json\/wp\/v2\/product_cat?post=20888"},{"taxonomy":"product_tag","embeddable":true,"href":"https:\/\/www.ghostysky.com\/es\/wp-json\/wp\/v2\/product_tag?post=20888"}],"curies":[{"name":"wp","href":"https:\/\/api.w.org\/{rel}","templated":true}]}}