{"id":20891,"date":"2025-10-14T14:59:33","date_gmt":"2025-10-14T14:59:33","guid":{"rendered":"https:\/\/www.ghostysky.com\/?post_type=product&#038;p=20891"},"modified":"2025-10-15T10:16:25","modified_gmt":"2025-10-15T10:16:25","slug":"dji-terra-standard-permanent","status":"publish","type":"product","link":"https:\/\/www.ghostysky.com\/es\/product\/dji-terra-standard-permanent\/","title":{"rendered":"DJI Terra Standard Permanent"},"content":{"rendered":"<h3><b>Caracter\u00edsticas principales de la Licencia Permanente Est\u00e1ndar<\/b><\/h3>\n<ul>\n<li><b><span class=\"citation-219\">Propiedad permanente:<\/span><\/b><span class=\"citation-219 citation-end-219\"> A diferencia de los modelos de suscripci\u00f3n, esta es una compra \u00fanica que le otorga uso de por vida del software en un solo dispositivo, eliminando los cargos recurrentes.<\/span><\/li>\n<li><b><span class=\"citation-218\">Reconstrucci\u00f3n 2D de alta precisi\u00f3n:<\/span><\/b><span class=\"citation-218 citation-end-218\"> Genere r\u00e1pidamente mapas de ortofotos digitales verdaderos (TDOM), modelos de superficie digitales (DSM) y otras salidas 2D de alta resoluci\u00f3n a partir de im\u00e1genes de luz visible.<\/span><\/li>\n<li><b><span class=\"citation-217\">Reconstrucci\u00f3n de malla 3D:<\/span><\/b><span class=\"citation-217 citation-end-217\"> Cree modelos 3D detallados de edificios, terreno e infraestructura a partir de fotograf\u00edas a\u00e9reas utilizando fotogrametr\u00eda.<\/span><\/li>\n<li><b>Procesamiento de nubes de puntos LiDAR:<\/b><span class=\"citation-216 citation-end-216\"> Admite el procesamiento y la integraci\u00f3n de datos de los sensores LiDAR DJI Zenmuse (como el L1 o L2) para producir nubes de puntos precisas, mapas 2D y modelos 3D.<\/span><\/li>\n<li><b><span class=\"citation-215\">Reconstrucci\u00f3n multiespectral:<\/span><\/b><span class=\"citation-215 citation-end-215\"> Procesar datos multiespectrales de drones DJI compatibles (por ejemplo, Mavic 3 Multispectral) para generar mapas de \u00edndice de vegetaci\u00f3n (NDVI, NDRE) para an\u00e1lisis e investigaci\u00f3n agr\u00edcola.<\/span><\/li>\n<li><b><span class=\"citation-214\">Integraci\u00f3n perfecta de hardware:<\/span><\/b><span class=\"citation-214 citation-end-214\"> Funciona de forma cohesiva con una gama de drones y cargas \u00fatiles DJI Enterprise, proporcionando una soluci\u00f3n unificada y eficiente desde la adquisici\u00f3n de datos hasta el resultado final.<\/span><\/li>\n<li><b>Salida de datos flexible:<\/b><span class=\"citation-213 citation-end-213\"> Exporte datos reconstruidos en formatos est\u00e1ndar de la industria (por ejemplo, TIFF, LAS, PLY, OBJ, B3DM) para una f\u00e1cil compatibilidad con software CAD y GIS externo.<\/span><\/li>\n<li><b>Modos de autorizaci\u00f3n:<\/b><span class=\"citation-212\"> Admite ambos <\/span><b><span class=\"citation-212\">En l\u00ednea<\/span><\/b><span class=\"citation-212\"> y <\/span><b><span class=\"citation-212\">Desconectado<\/span><\/b><span class=\"citation-212 citation-end-212\"> Modos de autorizaci\u00f3n para un uso flexible en diversos entornos de trabajo.<\/span><\/li>\n<\/ul>\n<h3><b>Casos de uso<\/b><\/h3>\n<p>La versi\u00f3n Permanente Est\u00e1ndar es una herramienta vers\u00e1til para crear activos digitales para:<\/p>\n<ul>\n<li><b>Topograf\u00eda y cartograf\u00eda:<\/b><span class=\"citation-211 citation-end-211\"> Generaci\u00f3n de mapas de nivel topogr\u00e1fico y modelos digitales del terreno.<\/span><\/li>\n<li><b><span class=\"citation-210\">Construcci\u00f3n:<\/span><\/b><span class=\"citation-210 citation-end-210\"> Monitoreo del avance de obra y mediciones volum\u00e9tricas.<\/span><\/li>\n<li><b><span class=\"citation-209\">Inspecci\u00f3n de infraestructura:<\/span><\/b><span class=\"citation-209 citation-end-209\"> Creaci\u00f3n de modelos para la gesti\u00f3n detallada de activos.<\/span><\/li>\n<li><b><span class=\"citation-208\">Agricultura:<\/span><\/b><span class=\"citation-208 citation-end-208\"> Analizar la salud de los cultivos y crear mapas de prescripci\u00f3n.<\/span>\n<div class=\"source-inline-chip-container ng-star-inserted\"><\/div>\n<\/li>\n<\/ul>\n<p><b>Nota sobre las versiones:<\/b><\/p>\n<p><span class=\"citation-207\">Si bien la versi\u00f3n est\u00e1ndar es una soluci\u00f3n robusta, cuenta con funciones avanzadas como <\/span><b><span class=\"citation-207\">Salpicadura gaussiana 3D<\/span><\/b><span class=\"citation-207\"> para modelos fotorrealistas y <\/span><b><span class=\"citation-207\">Computaci\u00f3n en cl\u00faster<\/span><\/b><span class=\"citation-207\"> Para proyectos masivos, normalmente son exclusivos del nivel superior. <\/span><b><span class=\"citation-207\">Buque insignia DJI Terra<\/span><\/b><span class=\"citation-207 citation-end-207\"> versi\u00f3n.<\/span> <span class=\"citation-206 citation-end-206\">La licencia est\u00e1ndar proporciona todas las funcionalidades b\u00e1sicas necesarias para la fotogrametr\u00eda profesional y el procesamiento de datos LiDAR.<\/span><\/p>","protected":false},"excerpt":{"rendered":"<p><span class=\"\">El <\/span><b class=\"\">DJI Terra Standard Permanent<\/b><span class=\"\"> La licencia es de nivel profesional,<\/span><span class=\"\"> Soluci\u00f3n de software de compra \u00fanica para transformar datos capturados por drones en mapas 2D y modelos 3D de alta precisi\u00f3n.<\/span><span class=\"\"> Proporciona perpetuo,<\/span><span class=\"\"> acceso ilimitado a las funciones esenciales de mapeo y reconstrucci\u00f3n de DJI Terra,<\/span><span class=\"\"> lo que lo convierte en una inversi\u00f3n ideal a largo plazo para los profesionales de la topograf\u00eda,<\/span><span class=\"\"> construcci\u00f3n,<\/span><span class=\"\"> infraestructura,<\/span><span class=\"\"> y la agricultura.<\/span><\/p>","protected":false},"featured_media":19353,"comment_status":"open","ping_status":"closed","template":"","meta":[],"product_brand":[1031],"product_cat":[29,939],"product_tag":[42,1032],"class_list":{"0":"post-20891","1":"product","2":"type-product","3":"status-publish","4":"has-post-thumbnail","6":"product_brand-dji","7":"product_cat-drones","8":"product_cat-software-dji","9":"product_tag-dji","10":"product_tag-dji-terra","12":"first","13":"onbackorder","14":"taxable","15":"shipping-taxable","16":"purchasable","17":"product-type-simple"},"yoast_head":"<!-- This site is optimized with the Yoast SEO plugin v27.1.1 - https:\/\/yoast.com\/product\/yoast-seo-wordpress\/ -->\n<title>DJI Terra Standard Permanent - Ghostysky<\/title>\n<meta name=\"description\" content=\"The DJI Terra Standard Permanent license is a professional-grade, one-time purchase software solution for transforming drone-captured data into highly accurate 2D maps and 3D models. It provides perpetual, unlimited access to DJI Terra&#039;s essential mapping and reconstruction features, making it an ideal long-term investment for professionals in surveying, construction, infrastructure, and agriculture.\" \/>\n<meta name=\"robots\" content=\"index, follow, max-snippet:-1, max-image-preview:large, max-video-preview:-1\" \/>\n<link rel=\"canonical\" href=\"https:\/\/www.ghostysky.com\/es\/producto-2\/dji-terra-standard-permanent\/\" \/>\n<meta property=\"og:locale\" content=\"es_ES\" \/>\n<meta property=\"og:type\" content=\"article\" \/>\n<meta property=\"og:title\" content=\"DJI Terra Standard Permanent - Ghostysky\" \/>\n<meta property=\"og:description\" content=\"The DJI Terra Standard Permanent license is a professional-grade, one-time purchase software solution for transforming drone-captured data into highly accurate 2D maps and 3D models. It provides perpetual, unlimited access to DJI Terra&#039;s essential mapping and reconstruction features, making it an ideal long-term investment for professionals in surveying, construction, infrastructure, and agriculture.\" \/>\n<meta property=\"og:url\" content=\"https:\/\/www.ghostysky.com\/es\/producto-2\/dji-terra-standard-permanent\/\" \/>\n<meta property=\"og:site_name\" content=\"Ghostysky\" \/>\n<meta property=\"article:publisher\" content=\"https:\/\/www.facebook.com\/people\/Ghostysky\/100057676170234\/\" \/>\n<meta property=\"article:modified_time\" content=\"2025-10-15T10:16:25+00:00\" \/>\n<meta property=\"og:image\" content=\"https:\/\/www.ghostysky.com\/wp-content\/uploads\/2024\/05\/GH_dji-terra-pro-overseas-perpetual-1.jpg\" \/>\n\t<meta property=\"og:image:width\" content=\"800\" \/>\n\t<meta property=\"og:image:height\" content=\"644\" \/>\n\t<meta property=\"og:image:type\" content=\"image\/jpeg\" \/>\n<meta name=\"twitter:card\" content=\"summary_large_image\" \/>\n<meta name=\"twitter:site\" content=\"@Gh0stysky\" \/>\n<meta name=\"twitter:label1\" content=\"Tiempo de lectura\" \/>\n\t<meta name=\"twitter:data1\" content=\"2 minutos\" \/>\n<script type=\"application\/ld+json\" class=\"yoast-schema-graph\">{\"@context\":\"https:\/\/schema.org\",\"@graph\":[{\"@type\":\"WebPage\",\"@id\":\"https:\/\/www.ghostysky.com\/product\/dji-terra-standard-permanent\/\",\"url\":\"https:\/\/www.ghostysky.com\/product\/dji-terra-standard-permanent\/\",\"name\":\"DJI Terra Standard Permanent - Ghostysky\",\"isPartOf\":{\"@id\":\"https:\/\/www.ghostysky.com\/#website\"},\"primaryImageOfPage\":{\"@id\":\"https:\/\/www.ghostysky.com\/product\/dji-terra-standard-permanent\/#primaryimage\"},\"image\":{\"@id\":\"https:\/\/www.ghostysky.com\/product\/dji-terra-standard-permanent\/#primaryimage\"},\"thumbnailUrl\":\"https:\/\/www.ghostysky.com\/wp-content\/uploads\/2024\/05\/GH_dji-terra-pro-overseas-perpetual-1.jpg\",\"datePublished\":\"2025-10-14T14:59:33+00:00\",\"dateModified\":\"2025-10-15T10:16:25+00:00\",\"description\":\"The DJI Terra Standard Permanent license is a professional-grade, one-time purchase software solution for transforming drone-captured data into highly accurate 2D maps and 3D models. It provides perpetual, unlimited access to DJI Terra's essential mapping and reconstruction features, making it an ideal long-term investment for professionals in surveying, construction, infrastructure, and agriculture.\",\"breadcrumb\":{\"@id\":\"https:\/\/www.ghostysky.com\/product\/dji-terra-standard-permanent\/#breadcrumb\"},\"inLanguage\":\"es\",\"potentialAction\":[{\"@type\":\"ReadAction\",\"target\":[\"https:\/\/www.ghostysky.com\/product\/dji-terra-standard-permanent\/\"]}]},{\"@type\":\"ImageObject\",\"inLanguage\":\"es\",\"@id\":\"https:\/\/www.ghostysky.com\/product\/dji-terra-standard-permanent\/#primaryimage\",\"url\":\"https:\/\/www.ghostysky.com\/wp-content\/uploads\/2024\/05\/GH_dji-terra-pro-overseas-perpetual-1.jpg\",\"contentUrl\":\"https:\/\/www.ghostysky.com\/wp-content\/uploads\/2024\/05\/GH_dji-terra-pro-overseas-perpetual-1.jpg\",\"width\":800,\"height\":644},{\"@type\":\"BreadcrumbList\",\"@id\":\"https:\/\/www.ghostysky.com\/product\/dji-terra-standard-permanent\/#breadcrumb\",\"itemListElement\":[{\"@type\":\"ListItem\",\"position\":1,\"name\":\"Home\",\"item\":\"https:\/\/www.ghostysky.com\/\"},{\"@type\":\"ListItem\",\"position\":2,\"name\":\"Shop\",\"item\":\"https:\/\/www.ghostysky.com\/shop\/\"},{\"@type\":\"ListItem\",\"position\":3,\"name\":\"DJI Terra Standard Permanent\"}]},{\"@type\":\"WebSite\",\"@id\":\"https:\/\/www.ghostysky.com\/#website\",\"url\":\"https:\/\/www.ghostysky.com\/\",\"name\":\"Ghostysky\",\"description\":\"Delivering professional drones and services\",\"publisher\":{\"@id\":\"https:\/\/www.ghostysky.com\/#organization\"},\"potentialAction\":[{\"@type\":\"SearchAction\",\"target\":{\"@type\":\"EntryPoint\",\"urlTemplate\":\"https:\/\/www.ghostysky.com\/?s={search_term_string}\"},\"query-input\":{\"@type\":\"PropertyValueSpecification\",\"valueRequired\":true,\"valueName\":\"search_term_string\"}}],\"inLanguage\":\"es\"},{\"@type\":\"Organization\",\"@id\":\"https:\/\/www.ghostysky.com\/#organization\",\"name\":\"Ghostysky\",\"url\":\"https:\/\/www.ghostysky.com\/\",\"logo\":{\"@type\":\"ImageObject\",\"inLanguage\":\"es\",\"@id\":\"https:\/\/www.ghostysky.com\/#\/schema\/logo\/image\/\",\"url\":\"https:\/\/www.ghostysky.com\/wp-content\/uploads\/2020\/06\/cropped-ghostyskylogo_text_white2.png\",\"contentUrl\":\"https:\/\/www.ghostysky.com\/wp-content\/uploads\/2020\/06\/cropped-ghostyskylogo_text_white2.png\",\"width\":169,\"height\":56,\"caption\":\"Ghostysky\"},\"image\":{\"@id\":\"https:\/\/www.ghostysky.com\/#\/schema\/logo\/image\/\"},\"sameAs\":[\"https:\/\/www.facebook.com\/people\/Ghostysky\/100057676170234\/\",\"https:\/\/x.com\/Gh0stysky\",\"https:\/\/www.linkedin.com\/company\/34739653\",\"https:\/\/www.instagram.com\/gh0stysky\"]}]}<\/script>\n<!-- \/ Yoast SEO plugin. -->","yoast_head_json":{"title":"DJI Terra Est\u00e1ndar Permanente - Ghostysky","description":"La licencia permanente est\u00e1ndar de DJI Terra es una soluci\u00f3n de software profesional de compra \u00fanica para transformar datos capturados por drones en mapas 2D y modelos 3D de alta precisi\u00f3n. Proporciona acceso ilimitado y perpetuo a las funciones esenciales de mapeo y reconstrucci\u00f3n de DJI Terra, lo que la convierte en una inversi\u00f3n ideal a largo plazo para profesionales de topograf\u00eda, construcci\u00f3n, infraestructura y agricultura.","robots":{"index":"index","follow":"follow","max-snippet":"max-snippet:-1","max-image-preview":"max-image-preview:large","max-video-preview":"max-video-preview:-1"},"canonical":"https:\/\/www.ghostysky.com\/es\/producto-2\/dji-terra-standard-permanent\/","og_locale":"es_ES","og_type":"article","og_title":"DJI Terra Standard Permanent - Ghostysky","og_description":"The DJI Terra Standard Permanent license is a professional-grade, one-time purchase software solution for transforming drone-captured data into highly accurate 2D maps and 3D models. It provides perpetual, unlimited access to DJI Terra's essential mapping and reconstruction features, making it an ideal long-term investment for professionals in surveying, construction, infrastructure, and agriculture.","og_url":"https:\/\/www.ghostysky.com\/es\/producto-2\/dji-terra-standard-permanent\/","og_site_name":"Ghostysky","article_publisher":"https:\/\/www.facebook.com\/people\/Ghostysky\/100057676170234\/","article_modified_time":"2025-10-15T10:16:25+00:00","og_image":[{"width":800,"height":644,"url":"https:\/\/www.ghostysky.com\/wp-content\/uploads\/2024\/05\/GH_dji-terra-pro-overseas-perpetual-1.jpg","type":"image\/jpeg"}],"twitter_card":"summary_large_image","twitter_site":"@Gh0stysky","twitter_misc":{"Tiempo de lectura":"2 minutos"},"schema":{"@context":"https:\/\/schema.org","@graph":[{"@type":"WebPage","@id":"https:\/\/www.ghostysky.com\/product\/dji-terra-standard-permanent\/","url":"https:\/\/www.ghostysky.com\/product\/dji-terra-standard-permanent\/","name":"DJI Terra Est\u00e1ndar Permanente - Ghostysky","isPartOf":{"@id":"https:\/\/www.ghostysky.com\/#website"},"primaryImageOfPage":{"@id":"https:\/\/www.ghostysky.com\/product\/dji-terra-standard-permanent\/#primaryimage"},"image":{"@id":"https:\/\/www.ghostysky.com\/product\/dji-terra-standard-permanent\/#primaryimage"},"thumbnailUrl":"https:\/\/www.ghostysky.com\/wp-content\/uploads\/2024\/05\/GH_dji-terra-pro-overseas-perpetual-1.jpg","datePublished":"2025-10-14T14:59:33+00:00","dateModified":"2025-10-15T10:16:25+00:00","description":"La licencia permanente est\u00e1ndar de DJI Terra es una soluci\u00f3n de software profesional de compra \u00fanica para transformar datos capturados por drones en mapas 2D y modelos 3D de alta precisi\u00f3n. Proporciona acceso ilimitado y perpetuo a las funciones esenciales de mapeo y reconstrucci\u00f3n de DJI Terra, lo que la convierte en una inversi\u00f3n ideal a largo plazo para profesionales de topograf\u00eda, construcci\u00f3n, infraestructura y agricultura.","breadcrumb":{"@id":"https:\/\/www.ghostysky.com\/product\/dji-terra-standard-permanent\/#breadcrumb"},"inLanguage":"es","potentialAction":[{"@type":"ReadAction","target":["https:\/\/www.ghostysky.com\/product\/dji-terra-standard-permanent\/"]}]},{"@type":"ImageObject","inLanguage":"es","@id":"https:\/\/www.ghostysky.com\/product\/dji-terra-standard-permanent\/#primaryimage","url":"https:\/\/www.ghostysky.com\/wp-content\/uploads\/2024\/05\/GH_dji-terra-pro-overseas-perpetual-1.jpg","contentUrl":"https:\/\/www.ghostysky.com\/wp-content\/uploads\/2024\/05\/GH_dji-terra-pro-overseas-perpetual-1.jpg","width":800,"height":644},{"@type":"BreadcrumbList","@id":"https:\/\/www.ghostysky.com\/product\/dji-terra-standard-permanent\/#breadcrumb","itemListElement":[{"@type":"ListItem","position":1,"name":"Home","item":"https:\/\/www.ghostysky.com\/"},{"@type":"ListItem","position":2,"name":"Shop","item":"https:\/\/www.ghostysky.com\/shop\/"},{"@type":"ListItem","position":3,"name":"DJI Terra Standard Permanent"}]},{"@type":"WebSite","@id":"https:\/\/www.ghostysky.com\/#website","url":"https:\/\/www.ghostysky.com\/","name":"Ghostysky","description":"Entrega de drones y servicios profesionales","publisher":{"@id":"https:\/\/www.ghostysky.com\/#organization"},"potentialAction":[{"@type":"SearchAction","target":{"@type":"EntryPoint","urlTemplate":"https:\/\/www.ghostysky.com\/?s={search_term_string}"},"query-input":{"@type":"PropertyValueSpecification","valueRequired":true,"valueName":"search_term_string"}}],"inLanguage":"es"},{"@type":"Organization","@id":"https:\/\/www.ghostysky.com\/#organization","name":"Ghostysky","url":"https:\/\/www.ghostysky.com\/","logo":{"@type":"ImageObject","inLanguage":"es","@id":"https:\/\/www.ghostysky.com\/#\/schema\/logo\/image\/","url":"https:\/\/www.ghostysky.com\/wp-content\/uploads\/2020\/06\/cropped-ghostyskylogo_text_white2.png","contentUrl":"https:\/\/www.ghostysky.com\/wp-content\/uploads\/2020\/06\/cropped-ghostyskylogo_text_white2.png","width":169,"height":56,"caption":"Ghostysky"},"image":{"@id":"https:\/\/www.ghostysky.com\/#\/schema\/logo\/image\/"},"sameAs":["https:\/\/www.facebook.com\/people\/Ghostysky\/100057676170234\/","https:\/\/x.com\/Gh0stysky","https:\/\/www.linkedin.com\/company\/34739653","https:\/\/www.instagram.com\/gh0stysky"]}]}},"_links":{"self":[{"href":"https:\/\/www.ghostysky.com\/es\/wp-json\/wp\/v2\/product\/20891","targetHints":{"allow":["GET"]}}],"collection":[{"href":"https:\/\/www.ghostysky.com\/es\/wp-json\/wp\/v2\/product"}],"about":[{"href":"https:\/\/www.ghostysky.com\/es\/wp-json\/wp\/v2\/types\/product"}],"replies":[{"embeddable":true,"href":"https:\/\/www.ghostysky.com\/es\/wp-json\/wp\/v2\/comments?post=20891"}],"wp:featuredmedia":[{"embeddable":true,"href":"https:\/\/www.ghostysky.com\/es\/wp-json\/wp\/v2\/media\/19353"}],"wp:attachment":[{"href":"https:\/\/www.ghostysky.com\/es\/wp-json\/wp\/v2\/media?parent=20891"}],"wp:term":[{"taxonomy":"product_brand","embeddable":true,"href":"https:\/\/www.ghostysky.com\/es\/wp-json\/wp\/v2\/product_brand?post=20891"},{"taxonomy":"product_cat","embeddable":true,"href":"https:\/\/www.ghostysky.com\/es\/wp-json\/wp\/v2\/product_cat?post=20891"},{"taxonomy":"product_tag","embeddable":true,"href":"https:\/\/www.ghostysky.com\/es\/wp-json\/wp\/v2\/product_tag?post=20891"}],"curies":[{"name":"wp","href":"https:\/\/api.w.org\/{rel}","templated":true}]}}