{"id":20892,"date":"2025-10-14T15:12:11","date_gmt":"2025-10-14T15:12:11","guid":{"rendered":"https:\/\/www.ghostysky.com\/?post_type=product&#038;p=20892"},"modified":"2025-10-15T10:15:57","modified_gmt":"2025-10-15T10:15:57","slug":"dji-terra-edu-permanent-10-control-devices","status":"publish","type":"product","link":"https:\/\/www.ghostysky.com\/es\/product\/dji-terra-edu-permanent-10-control-devices\/","title":{"rendered":"DJI Terra Edu Permanente - 10 dispositivos de control"},"content":{"rendered":"<h3><b>Aspectos destacados del producto<\/b><\/h3>\n<ul>\n<li><b><span class=\"citation-244\">Licencia Permanente Educativa:<\/span><\/b><span class=\"citation-244 citation-end-244\"> Una licencia permanente dise\u00f1ada para uso acad\u00e9mico, que proporciona acceso ilimitado para la instituci\u00f3n.<\/span><\/li>\n<li><b><span class=\"citation-243\">10 dispositivos de control:<\/span><\/b><span class=\"citation-243 citation-end-243\"> Permite utilizar el software en hasta 10 dispositivos independientes, lo que lo convierte en una soluci\u00f3n ideal para la ense\u00f1anza en el aula, entornos de laboratorio y equipos de investigaci\u00f3n.<\/span><\/li>\n<li><b>Modelado y mapeo 3D integral:<\/b><span class=\"citation-242\"> DJI Terra es un software robusto que utiliza fotogrametr\u00eda y tecnolog\u00edas de reconstrucci\u00f3n de \u00faltima generaci\u00f3n, incluyendo <\/span><b><span class=\"citation-242\">Salpicadura gaussiana 3D<\/span><\/b><span class=\"citation-242 citation-end-242\">, para transformar entornos del mundo real capturados por drones DJI en activos digitales de alta precisi\u00f3n.<\/span><\/li>\n<\/ul>\n<h3><b>Caracter\u00edsticas y capacidades clave<\/b><\/h3>\n<ul>\n<li><b>Reconstrucci\u00f3n de alta precisi\u00f3n:<\/b>\n<ul>\n<li><b><span class=\"citation-241\">Fotogrametr\u00eda:<\/span><\/b><span class=\"citation-241\"> Genera r\u00e1pidamente alta precisi\u00f3n <\/span><b><span class=\"citation-241\">Mapas de ortofotos 2D<\/span><\/b><span class=\"citation-241\"> (TDOM) y detallado <\/span><b><span class=\"citation-241\">Modelos 3D<\/span><\/b><span class=\"citation-241 citation-end-241\"> (incluidas nubes de puntos y DSM) a partir de im\u00e1genes de luz visible.<\/span><\/li>\n<li><b>Salpicadura gaussiana 3D (funci\u00f3n destacada):<\/b><span class=\"citation-240 citation-end-240\"> Genera r\u00e1pidamente modelos 3D incre\u00edblemente detallados y realistas con una representaci\u00f3n mejorada de elementos complejos como estructuras finas y vegetaci\u00f3n.<\/span><\/li>\n<\/ul>\n<\/li>\n<li><b><span class=\"citation-239\">Reconstrucci\u00f3n LiDAR:<\/span><\/b><span class=\"citation-239 citation-end-239\"> Admite una profunda integraci\u00f3n y procesamiento de datos recopilados por cargas \u00fatiles LiDAR de DJI (por ejemplo, Zenmuse L2) para generar nubes de puntos de color verdadero y modelos de malla 3D de gran precisi\u00f3n.<\/span><\/li>\n<li><b><span class=\"citation-238\">Reconstrucci\u00f3n multiespectral:<\/span><\/b><span class=\"citation-238\"> Aprovecha datos multiespectrales de drones compatibles (por ejemplo, DJI Mavic 3 Multispectral) para generar mapas de \u00edndice de vegetaci\u00f3n como <\/span><b><span class=\"citation-238\">NDVI<\/span><\/b><span class=\"citation-238\"> y <\/span><b><span class=\"citation-238\">NDRE<\/span><\/b><span class=\"citation-238 citation-end-238\"> para la investigaci\u00f3n en agricultura y teledetecci\u00f3n.<\/span><\/li>\n<li><b><span class=\"citation-237\">Integraci\u00f3n perfecta de hardware y software:<\/span><\/b><span class=\"citation-237 citation-end-237\"> Dise\u00f1ado para funcionar perfectamente con una gama de drones y cargas \u00fatiles DJI Enterprise (por ejemplo, serie Matrice, Zenmuse P1, Zenmuse L2), agilizando todo el flujo de trabajo de topograf\u00eda a\u00e9rea.<\/span><\/li>\n<li><b><span class=\"citation-236\">Herramientas de an\u00e1lisis de datos:<\/span><\/b><span class=\"citation-236 citation-end-236\"> Proporciona herramientas para medir f\u00e1cilmente coordenadas, distancias, \u00e1reas y vol\u00famenes dentro de los modelos reconstruidos.<\/span><\/li>\n<li><b>Flexibilidad de autorizaci\u00f3n:<\/b><span class=\"citation-235 citation-end-235\"> Admite modos de autorizaci\u00f3n en l\u00ednea y fuera de l\u00ednea.<\/span><\/li>\n<\/ul>\n<p><span class=\"citation-234\">Este paquete es una soluci\u00f3n completa que permite a los estudiantes e investigadores dominar las \u00faltimas t\u00e9cnicas de mapeo y an\u00e1lisis espacial con drones para diversas aplicaciones, incluidas <\/span><b><span class=\"citation-234 citation-end-234\">Topograf\u00eda y cartograf\u00eda, planificaci\u00f3n urbana inteligente, inspecci\u00f3n agr\u00edcola, forestal y de infraestructura.<\/span><\/b><\/p>","protected":false},"excerpt":{"rendered":"<p>DJI Terra Edu Permanent \u2013 10 Control Devices es una licencia de software especializada dise\u00f1ada para proporcionar a instituciones educativas, como universidades, colegios y centros de investigaci\u00f3n, una poderosa herramienta para topograf\u00eda a\u00e9rea, mapeo y modelado 3D.<\/p>","protected":false},"featured_media":19353,"comment_status":"open","ping_status":"closed","template":"","meta":[],"product_brand":[1031],"product_cat":[29,939],"product_tag":[42,1032],"class_list":{"0":"post-20892","1":"product","2":"type-product","3":"status-publish","4":"has-post-thumbnail","6":"product_brand-dji","7":"product_cat-drones","8":"product_cat-software-dji","9":"product_tag-dji","10":"product_tag-dji-terra","12":"first","13":"onbackorder","14":"taxable","15":"shipping-taxable","16":"product-type-simple"},"yoast_head":"<!-- This site is optimized with the Yoast SEO plugin v27.1.1 - https:\/\/yoast.com\/product\/yoast-seo-wordpress\/ -->\n<title>DJI Terra Edu Permanent- 10 Control Devices - Ghostysky<\/title>\n<meta name=\"description\" content=\"The DJI Terra Edu Permanent - 10 Control Devices is a specialized software license designed to provide educational institutions, such as universities, colleges, and research centers, with a powerful tool for aerial surveying, mapping, and 3D modeling.\" \/>\n<meta name=\"robots\" content=\"index, follow, max-snippet:-1, max-image-preview:large, max-video-preview:-1\" \/>\n<link rel=\"canonical\" href=\"https:\/\/www.ghostysky.com\/es\/producto-2\/dji-terra-edu-permanent-10-control-devices\/\" \/>\n<meta property=\"og:locale\" content=\"es_ES\" \/>\n<meta property=\"og:type\" content=\"article\" \/>\n<meta property=\"og:title\" content=\"DJI Terra Edu Permanent- 10 Control Devices - Ghostysky\" \/>\n<meta property=\"og:description\" content=\"The DJI Terra Edu Permanent - 10 Control Devices is a specialized software license designed to provide educational institutions, such as universities, colleges, and research centers, with a powerful tool for aerial surveying, mapping, and 3D modeling.\" \/>\n<meta property=\"og:url\" content=\"https:\/\/www.ghostysky.com\/es\/producto-2\/dji-terra-edu-permanent-10-control-devices\/\" \/>\n<meta property=\"og:site_name\" content=\"Ghostysky\" \/>\n<meta property=\"article:publisher\" content=\"https:\/\/www.facebook.com\/people\/Ghostysky\/100057676170234\/\" \/>\n<meta property=\"article:modified_time\" content=\"2025-10-15T10:15:57+00:00\" \/>\n<meta property=\"og:image\" content=\"https:\/\/www.ghostysky.com\/wp-content\/uploads\/2024\/05\/GH_dji-terra-pro-overseas-perpetual-1.jpg\" \/>\n\t<meta property=\"og:image:width\" content=\"800\" \/>\n\t<meta property=\"og:image:height\" content=\"644\" \/>\n\t<meta property=\"og:image:type\" content=\"image\/jpeg\" \/>\n<meta name=\"twitter:card\" content=\"summary_large_image\" \/>\n<meta name=\"twitter:site\" content=\"@Gh0stysky\" \/>\n<meta name=\"twitter:label1\" content=\"Tiempo de lectura\" \/>\n\t<meta name=\"twitter:data1\" content=\"2 minutos\" \/>\n<script type=\"application\/ld+json\" class=\"yoast-schema-graph\">{\"@context\":\"https:\/\/schema.org\",\"@graph\":[{\"@type\":\"WebPage\",\"@id\":\"https:\/\/www.ghostysky.com\/product\/dji-terra-edu-permanent-10-control-devices\/\",\"url\":\"https:\/\/www.ghostysky.com\/product\/dji-terra-edu-permanent-10-control-devices\/\",\"name\":\"DJI Terra Edu Permanent- 10 Control Devices - Ghostysky\",\"isPartOf\":{\"@id\":\"https:\/\/www.ghostysky.com\/#website\"},\"primaryImageOfPage\":{\"@id\":\"https:\/\/www.ghostysky.com\/product\/dji-terra-edu-permanent-10-control-devices\/#primaryimage\"},\"image\":{\"@id\":\"https:\/\/www.ghostysky.com\/product\/dji-terra-edu-permanent-10-control-devices\/#primaryimage\"},\"thumbnailUrl\":\"https:\/\/www.ghostysky.com\/wp-content\/uploads\/2024\/05\/GH_dji-terra-pro-overseas-perpetual-1.jpg\",\"datePublished\":\"2025-10-14T15:12:11+00:00\",\"dateModified\":\"2025-10-15T10:15:57+00:00\",\"description\":\"The DJI Terra Edu Permanent - 10 Control Devices is a specialized software license designed to provide educational institutions, such as universities, colleges, and research centers, with a powerful tool for aerial surveying, mapping, and 3D modeling.\",\"breadcrumb\":{\"@id\":\"https:\/\/www.ghostysky.com\/product\/dji-terra-edu-permanent-10-control-devices\/#breadcrumb\"},\"inLanguage\":\"es\",\"potentialAction\":[{\"@type\":\"ReadAction\",\"target\":[\"https:\/\/www.ghostysky.com\/product\/dji-terra-edu-permanent-10-control-devices\/\"]}]},{\"@type\":\"ImageObject\",\"inLanguage\":\"es\",\"@id\":\"https:\/\/www.ghostysky.com\/product\/dji-terra-edu-permanent-10-control-devices\/#primaryimage\",\"url\":\"https:\/\/www.ghostysky.com\/wp-content\/uploads\/2024\/05\/GH_dji-terra-pro-overseas-perpetual-1.jpg\",\"contentUrl\":\"https:\/\/www.ghostysky.com\/wp-content\/uploads\/2024\/05\/GH_dji-terra-pro-overseas-perpetual-1.jpg\",\"width\":800,\"height\":644},{\"@type\":\"BreadcrumbList\",\"@id\":\"https:\/\/www.ghostysky.com\/product\/dji-terra-edu-permanent-10-control-devices\/#breadcrumb\",\"itemListElement\":[{\"@type\":\"ListItem\",\"position\":1,\"name\":\"Home\",\"item\":\"https:\/\/www.ghostysky.com\/\"},{\"@type\":\"ListItem\",\"position\":2,\"name\":\"Shop\",\"item\":\"https:\/\/www.ghostysky.com\/shop\/\"},{\"@type\":\"ListItem\",\"position\":3,\"name\":\"DJI Terra Edu Permanent- 10 Control Devices\"}]},{\"@type\":\"WebSite\",\"@id\":\"https:\/\/www.ghostysky.com\/#website\",\"url\":\"https:\/\/www.ghostysky.com\/\",\"name\":\"Ghostysky\",\"description\":\"Delivering professional drones and services\",\"publisher\":{\"@id\":\"https:\/\/www.ghostysky.com\/#organization\"},\"potentialAction\":[{\"@type\":\"SearchAction\",\"target\":{\"@type\":\"EntryPoint\",\"urlTemplate\":\"https:\/\/www.ghostysky.com\/?s={search_term_string}\"},\"query-input\":{\"@type\":\"PropertyValueSpecification\",\"valueRequired\":true,\"valueName\":\"search_term_string\"}}],\"inLanguage\":\"es\"},{\"@type\":\"Organization\",\"@id\":\"https:\/\/www.ghostysky.com\/#organization\",\"name\":\"Ghostysky\",\"url\":\"https:\/\/www.ghostysky.com\/\",\"logo\":{\"@type\":\"ImageObject\",\"inLanguage\":\"es\",\"@id\":\"https:\/\/www.ghostysky.com\/#\/schema\/logo\/image\/\",\"url\":\"https:\/\/www.ghostysky.com\/wp-content\/uploads\/2020\/06\/cropped-ghostyskylogo_text_white2.png\",\"contentUrl\":\"https:\/\/www.ghostysky.com\/wp-content\/uploads\/2020\/06\/cropped-ghostyskylogo_text_white2.png\",\"width\":169,\"height\":56,\"caption\":\"Ghostysky\"},\"image\":{\"@id\":\"https:\/\/www.ghostysky.com\/#\/schema\/logo\/image\/\"},\"sameAs\":[\"https:\/\/www.facebook.com\/people\/Ghostysky\/100057676170234\/\",\"https:\/\/x.com\/Gh0stysky\",\"https:\/\/www.linkedin.com\/company\/34739653\",\"https:\/\/www.instagram.com\/gh0stysky\"]}]}<\/script>\n<!-- \/ Yoast SEO plugin. -->","yoast_head_json":{"title":"DJI Terra Edu Permanente - 10 Dispositivos de Control - Ghostysky","description":"DJI Terra Edu Permanent - 10 Control Devices es una licencia de software especializada dise\u00f1ada para proporcionar a las instituciones educativas, como universidades, colegios y centros de investigaci\u00f3n, una poderosa herramienta para la topograf\u00eda a\u00e9rea, el mapeo y el modelado 3D.","robots":{"index":"index","follow":"follow","max-snippet":"max-snippet:-1","max-image-preview":"max-image-preview:large","max-video-preview":"max-video-preview:-1"},"canonical":"https:\/\/www.ghostysky.com\/es\/producto-2\/dji-terra-edu-permanent-10-control-devices\/","og_locale":"es_ES","og_type":"article","og_title":"DJI Terra Edu Permanent- 10 Control Devices - Ghostysky","og_description":"The DJI Terra Edu Permanent - 10 Control Devices is a specialized software license designed to provide educational institutions, such as universities, colleges, and research centers, with a powerful tool for aerial surveying, mapping, and 3D modeling.","og_url":"https:\/\/www.ghostysky.com\/es\/producto-2\/dji-terra-edu-permanent-10-control-devices\/","og_site_name":"Ghostysky","article_publisher":"https:\/\/www.facebook.com\/people\/Ghostysky\/100057676170234\/","article_modified_time":"2025-10-15T10:15:57+00:00","og_image":[{"width":800,"height":644,"url":"https:\/\/www.ghostysky.com\/wp-content\/uploads\/2024\/05\/GH_dji-terra-pro-overseas-perpetual-1.jpg","type":"image\/jpeg"}],"twitter_card":"summary_large_image","twitter_site":"@Gh0stysky","twitter_misc":{"Tiempo de lectura":"2 minutos"},"schema":{"@context":"https:\/\/schema.org","@graph":[{"@type":"WebPage","@id":"https:\/\/www.ghostysky.com\/product\/dji-terra-edu-permanent-10-control-devices\/","url":"https:\/\/www.ghostysky.com\/product\/dji-terra-edu-permanent-10-control-devices\/","name":"DJI Terra Edu Permanente - 10 Dispositivos de Control - Ghostysky","isPartOf":{"@id":"https:\/\/www.ghostysky.com\/#website"},"primaryImageOfPage":{"@id":"https:\/\/www.ghostysky.com\/product\/dji-terra-edu-permanent-10-control-devices\/#primaryimage"},"image":{"@id":"https:\/\/www.ghostysky.com\/product\/dji-terra-edu-permanent-10-control-devices\/#primaryimage"},"thumbnailUrl":"https:\/\/www.ghostysky.com\/wp-content\/uploads\/2024\/05\/GH_dji-terra-pro-overseas-perpetual-1.jpg","datePublished":"2025-10-14T15:12:11+00:00","dateModified":"2025-10-15T10:15:57+00:00","description":"DJI Terra Edu Permanent - 10 Control Devices es una licencia de software especializada dise\u00f1ada para proporcionar a las instituciones educativas, como universidades, colegios y centros de investigaci\u00f3n, una poderosa herramienta para la topograf\u00eda a\u00e9rea, el mapeo y el modelado 3D.","breadcrumb":{"@id":"https:\/\/www.ghostysky.com\/product\/dji-terra-edu-permanent-10-control-devices\/#breadcrumb"},"inLanguage":"es","potentialAction":[{"@type":"ReadAction","target":["https:\/\/www.ghostysky.com\/product\/dji-terra-edu-permanent-10-control-devices\/"]}]},{"@type":"ImageObject","inLanguage":"es","@id":"https:\/\/www.ghostysky.com\/product\/dji-terra-edu-permanent-10-control-devices\/#primaryimage","url":"https:\/\/www.ghostysky.com\/wp-content\/uploads\/2024\/05\/GH_dji-terra-pro-overseas-perpetual-1.jpg","contentUrl":"https:\/\/www.ghostysky.com\/wp-content\/uploads\/2024\/05\/GH_dji-terra-pro-overseas-perpetual-1.jpg","width":800,"height":644},{"@type":"BreadcrumbList","@id":"https:\/\/www.ghostysky.com\/product\/dji-terra-edu-permanent-10-control-devices\/#breadcrumb","itemListElement":[{"@type":"ListItem","position":1,"name":"Home","item":"https:\/\/www.ghostysky.com\/"},{"@type":"ListItem","position":2,"name":"Shop","item":"https:\/\/www.ghostysky.com\/shop\/"},{"@type":"ListItem","position":3,"name":"DJI Terra Edu Permanent- 10 Control Devices"}]},{"@type":"WebSite","@id":"https:\/\/www.ghostysky.com\/#website","url":"https:\/\/www.ghostysky.com\/","name":"Ghostysky","description":"Entrega de drones y servicios profesionales","publisher":{"@id":"https:\/\/www.ghostysky.com\/#organization"},"potentialAction":[{"@type":"SearchAction","target":{"@type":"EntryPoint","urlTemplate":"https:\/\/www.ghostysky.com\/?s={search_term_string}"},"query-input":{"@type":"PropertyValueSpecification","valueRequired":true,"valueName":"search_term_string"}}],"inLanguage":"es"},{"@type":"Organization","@id":"https:\/\/www.ghostysky.com\/#organization","name":"Ghostysky","url":"https:\/\/www.ghostysky.com\/","logo":{"@type":"ImageObject","inLanguage":"es","@id":"https:\/\/www.ghostysky.com\/#\/schema\/logo\/image\/","url":"https:\/\/www.ghostysky.com\/wp-content\/uploads\/2020\/06\/cropped-ghostyskylogo_text_white2.png","contentUrl":"https:\/\/www.ghostysky.com\/wp-content\/uploads\/2020\/06\/cropped-ghostyskylogo_text_white2.png","width":169,"height":56,"caption":"Ghostysky"},"image":{"@id":"https:\/\/www.ghostysky.com\/#\/schema\/logo\/image\/"},"sameAs":["https:\/\/www.facebook.com\/people\/Ghostysky\/100057676170234\/","https:\/\/x.com\/Gh0stysky","https:\/\/www.linkedin.com\/company\/34739653","https:\/\/www.instagram.com\/gh0stysky"]}]}},"_links":{"self":[{"href":"https:\/\/www.ghostysky.com\/es\/wp-json\/wp\/v2\/product\/20892","targetHints":{"allow":["GET"]}}],"collection":[{"href":"https:\/\/www.ghostysky.com\/es\/wp-json\/wp\/v2\/product"}],"about":[{"href":"https:\/\/www.ghostysky.com\/es\/wp-json\/wp\/v2\/types\/product"}],"replies":[{"embeddable":true,"href":"https:\/\/www.ghostysky.com\/es\/wp-json\/wp\/v2\/comments?post=20892"}],"wp:featuredmedia":[{"embeddable":true,"href":"https:\/\/www.ghostysky.com\/es\/wp-json\/wp\/v2\/media\/19353"}],"wp:attachment":[{"href":"https:\/\/www.ghostysky.com\/es\/wp-json\/wp\/v2\/media?parent=20892"}],"wp:term":[{"taxonomy":"product_brand","embeddable":true,"href":"https:\/\/www.ghostysky.com\/es\/wp-json\/wp\/v2\/product_brand?post=20892"},{"taxonomy":"product_cat","embeddable":true,"href":"https:\/\/www.ghostysky.com\/es\/wp-json\/wp\/v2\/product_cat?post=20892"},{"taxonomy":"product_tag","embeddable":true,"href":"https:\/\/www.ghostysky.com\/es\/wp-json\/wp\/v2\/product_tag?post=20892"}],"curies":[{"name":"wp","href":"https:\/\/api.w.org\/{rel}","templated":true}]}}