{"id":20893,"date":"2025-10-14T15:16:28","date_gmt":"2025-10-14T15:16:28","guid":{"rendered":"https:\/\/www.ghostysky.com\/?post_type=product&#038;p=20893"},"modified":"2025-10-15T10:15:25","modified_gmt":"2025-10-15T10:15:25","slug":"dji-terra-flagship-1-year","status":"publish","type":"product","link":"https:\/\/www.ghostysky.com\/es\/product\/dji-terra-flagship-1-year\/","title":{"rendered":"DJI Terra Flagship 1 a\u00f1o"},"content":{"rendered":"<p><b>Caracter\u00edsticas principales de la licencia insignia de 1 a\u00f1o:<\/b><\/p>\n<ul>\n<li><b>Modelado 3D de siguiente nivel con salpicaduras gaussianas:<\/b><span class=\"citation-275\"> Generar de forma asombrosa <\/span><b><span class=\"citation-275\">modelos 3D fotorrealistas<\/span><\/b><span class=\"citation-275 citation-end-275\"> r\u00e1pida y eficientemente.<\/span> <span class=\"citation-274 citation-end-274\">La salpicadura gaussiana proporciona detalles excepcionales y una restauraci\u00f3n precisa de escenas complejas, incluidas estructuras intrincadas, vidrio, objetos reflectantes y vegetaci\u00f3n densa.<\/span><\/li>\n<li><b>Capacidades de reconstrucci\u00f3n integral:<\/b>\n<ul>\n<li><b><span class=\"citation-273\">Reconstrucci\u00f3n de mapas 2D:<\/span><\/b><span class=\"citation-273 citation-end-273\"> Cree ortomosaicos de alta precisi\u00f3n tanto para campos\/\u00e1rboles frutales como para escenarios urbanos.<\/span><\/li>\n<li><b><span class=\"citation-272\">Reconstrucci\u00f3n del modelo de malla 3D:<\/span><\/b><span class=\"citation-272 citation-end-272\"> Produzca r\u00e1pidamente modelos de malla 3D de alta fidelidad a partir de im\u00e1genes de luz visible.<\/span><\/li>\n<li><b><span class=\"citation-271\">Reconstrucci\u00f3n de nubes de puntos LiDAR:<\/span><\/b><span class=\"citation-271 citation-end-271\"> Procesa y fusiona datos de sensores LiDAR DJI (como el Zenmuse L2) e im\u00e1genes de luz visible para obtener nubes de puntos y modelos de alta precisi\u00f3n, esenciales para infraestructuras complejas.<\/span><\/li>\n<\/ul>\n<\/li>\n<li><b>Herramientas industriales especializadas:<\/b>\n<ul>\n<li><b><span class=\"citation-270\">M\u00f3dulo de aplicaci\u00f3n de electricidad:<\/span><\/b><span class=\"citation-270 citation-end-270\"> Herramientas y flujos de trabajo dedicados para la inspecci\u00f3n, modelado y an\u00e1lisis de l\u00edneas el\u00e9ctricas y corredores de transmisi\u00f3n.<\/span><\/li>\n<li><b><span class=\"citation-269\">Reconstrucci\u00f3n multiespectral 2D:<\/span><\/b><span class=\"citation-269 citation-end-269\"> Genere mapas de \u00edndice de vegetaci\u00f3n (NDVI, NDRE) y mapas de prescripci\u00f3n a partir de datos de drones multiespectrales para agricultura de precisi\u00f3n.<\/span><\/li>\n<\/ul>\n<\/li>\n<li><b>Funciones avanzadas para profesionales:<\/b>\n<ul>\n<li><b>Resultado del terreno:<\/b><span class=\"citation-268 citation-end-268\"> Genere modelos digitales de terreno (DTM) detallados para un an\u00e1lisis de superficie preciso.<\/span><\/li>\n<li><b>Edici\u00f3n de modelos de malla 3D y edici\u00f3n de nubes de puntos:<\/b><span class=\"citation-267 citation-end-267\"> Se integra perfectamente con DJI Modify para pulir y posprocesar sus modelos con herramientas de filtrado de ruido, suavizado y reducci\u00f3n de muestreo.<\/span><\/li>\n<li><b><span class=\"citation-266\">Autorizaci\u00f3n en l\u00ednea y fuera de l\u00ednea:<\/span><\/b><span class=\"citation-266 citation-end-266\"> Mantenga la flexibilidad operativa ya sea que tenga una conexi\u00f3n a Internet constante o est\u00e9 trabajando en ubicaciones remotas.<\/span><\/li>\n<\/ul>\n<\/li>\n<li><b>Flujo de trabajo integrado:<\/b><span class=\"citation-265 citation-end-265\"> DJI Terra ofrece una soluci\u00f3n unificada de hardware y software que funciona a la perfecci\u00f3n con los drones DJI Enterprise (como la serie Matrice, Zenmuse P1, Zenmuse L2) para optimizar la adquisici\u00f3n, el procesamiento y la aplicaci\u00f3n de datos.<\/span><\/li>\n<\/ul>\n<p>El <b>Licencia de 1 a\u00f1o para DJI Terra Flagship<\/b> es la herramienta definitiva para profesionales que requieren el mayor nivel de detalle, precisi\u00f3n y funcionalidad avanzada para sus proyectos de topograf\u00eda a\u00e9rea y gemelos digitales. <span class=\"citation-264 citation-end-264\">Incluye actualizaciones de software gratuitas a la \u00faltima versi\u00f3n durante el per\u00edodo de validez de 1 a\u00f1o.<\/span><\/p>\n<div class=\"source-inline-chip-container ng-star-inserted\"><\/div>\n<hr \/>\n<p><b>Detalles de la licencia:<\/b><\/p>\n<ul>\n<li><b><span class=\"citation-263\">Validez:<\/span><\/b><span class=\"citation-263 citation-end-263\"> 1 a\u00f1o<\/span><\/li>\n<li><b>Autorizaci\u00f3n:<\/b> Compatible con conexi\u00f3n en l\u00ednea y fuera de l\u00ednea<\/li>\n<li><b>Vinculaci\u00f3n del dispositivo:<\/b><span class=\"citation-262 citation-end-262\"> Generalmente vinculado a un solo dispositivo<\/span><\/li>\n<\/ul>","protected":false},"excerpt":{"rendered":"<p><b>Software avanzado de mapeo y reconstrucci\u00f3n 3D con salpicadura gaussiana y soporte LiDAR<\/b><\/p>\n<p><span class=\"citation-277 interactive-span-hovered\">Libere todo el poder de los datos de su dron con el <\/span><b><span class=\"citation-277 interactive-span-hovered\">Licencia de 1 a\u00f1o para DJI Terra Flagship<\/span><\/b><span class=\"citation-277 citation-end-277 interactive-span-hovered\">, la edici\u00f3n m\u00e1s completa del software de reconstrucci\u00f3n 2D y 3D profesional de DJI.<\/span> <span class=\"citation-276 citation-end-276\">Dise\u00f1ada para aplicaciones exigentes en topograf\u00eda, construcci\u00f3n, servicios p\u00fablicos e infraestructura, la versi\u00f3n Flagship incluye todas las caracter\u00edsticas est\u00e1ndar m\u00e1s herramientas avanzadas exclusivas para un rendimiento y precisi\u00f3n superiores.<\/span><\/p>","protected":false},"featured_media":19353,"comment_status":"open","ping_status":"closed","template":"","meta":[],"product_brand":[1031],"product_cat":[37,29,939],"product_tag":[42,1032],"class_list":{"0":"post-20893","1":"product","2":"type-product","3":"status-publish","4":"has-post-thumbnail","6":"product_brand-dji","7":"product_cat-dji","8":"product_cat-drones","9":"product_cat-software-dji","10":"product_tag-dji","11":"product_tag-dji-terra","13":"first","14":"onbackorder","15":"taxable","16":"shipping-taxable","17":"purchasable","18":"product-type-simple"},"yoast_head":"<!-- This site is optimized with the Yoast SEO plugin v27.1.1 - https:\/\/yoast.com\/product\/yoast-seo-wordpress\/ -->\n<title>DJI Terra Flagship 1 Year - Ghostysky<\/title>\n<meta name=\"description\" content=\"Advanced 3D Mapping and Reconstruction Software with Gaussian Splatting and LiDAR SupportUnleash the full power of your drone data with the DJI Terra Flagship 1-Year License, the most comprehensive edition of DJI&#039;s professional 2D and 3D reconstruction software. Designed for demanding applications in surveying, construction, utilities, and infrastructure, the Flagship version includes all Standard features plus exclusive advanced tools for superior performance and accuracy.\" \/>\n<meta name=\"robots\" content=\"index, follow, max-snippet:-1, max-image-preview:large, max-video-preview:-1\" \/>\n<link rel=\"canonical\" href=\"https:\/\/www.ghostysky.com\/es\/producto-2\/dji-terra-flagship-1-year\/\" \/>\n<meta property=\"og:locale\" content=\"es_ES\" \/>\n<meta property=\"og:type\" content=\"article\" \/>\n<meta property=\"og:title\" content=\"DJI Terra Flagship 1 Year - Ghostysky\" \/>\n<meta property=\"og:description\" content=\"Advanced 3D Mapping and Reconstruction Software with Gaussian Splatting and LiDAR SupportUnleash the full power of your drone data with the DJI Terra Flagship 1-Year License, the most comprehensive edition of DJI&#039;s professional 2D and 3D reconstruction software. Designed for demanding applications in surveying, construction, utilities, and infrastructure, the Flagship version includes all Standard features plus exclusive advanced tools for superior performance and accuracy.\" \/>\n<meta property=\"og:url\" content=\"https:\/\/www.ghostysky.com\/es\/producto-2\/dji-terra-flagship-1-year\/\" \/>\n<meta property=\"og:site_name\" content=\"Ghostysky\" \/>\n<meta property=\"article:publisher\" content=\"https:\/\/www.facebook.com\/people\/Ghostysky\/100057676170234\/\" \/>\n<meta property=\"article:modified_time\" content=\"2025-10-15T10:15:25+00:00\" \/>\n<meta property=\"og:image\" content=\"https:\/\/www.ghostysky.com\/wp-content\/uploads\/2024\/05\/GH_dji-terra-pro-overseas-perpetual-1.jpg\" \/>\n\t<meta property=\"og:image:width\" content=\"800\" \/>\n\t<meta property=\"og:image:height\" content=\"644\" \/>\n\t<meta property=\"og:image:type\" content=\"image\/jpeg\" \/>\n<meta name=\"twitter:card\" content=\"summary_large_image\" \/>\n<meta name=\"twitter:site\" content=\"@Gh0stysky\" \/>\n<meta name=\"twitter:label1\" content=\"Tiempo de lectura\" \/>\n\t<meta name=\"twitter:data1\" content=\"2 minutos\" \/>\n<script type=\"application\/ld+json\" class=\"yoast-schema-graph\">{\"@context\":\"https:\/\/schema.org\",\"@graph\":[{\"@type\":\"WebPage\",\"@id\":\"https:\/\/www.ghostysky.com\/product\/dji-terra-flagship-1-year\/\",\"url\":\"https:\/\/www.ghostysky.com\/product\/dji-terra-flagship-1-year\/\",\"name\":\"DJI Terra Flagship 1 Year - Ghostysky\",\"isPartOf\":{\"@id\":\"https:\/\/www.ghostysky.com\/#website\"},\"primaryImageOfPage\":{\"@id\":\"https:\/\/www.ghostysky.com\/product\/dji-terra-flagship-1-year\/#primaryimage\"},\"image\":{\"@id\":\"https:\/\/www.ghostysky.com\/product\/dji-terra-flagship-1-year\/#primaryimage\"},\"thumbnailUrl\":\"https:\/\/www.ghostysky.com\/wp-content\/uploads\/2024\/05\/GH_dji-terra-pro-overseas-perpetual-1.jpg\",\"datePublished\":\"2025-10-14T15:16:28+00:00\",\"dateModified\":\"2025-10-15T10:15:25+00:00\",\"description\":\"Advanced 3D Mapping and Reconstruction Software with Gaussian Splatting and LiDAR SupportUnleash the full power of your drone data with the DJI Terra Flagship 1-Year License, the most comprehensive edition of DJI's professional 2D and 3D reconstruction software. Designed for demanding applications in surveying, construction, utilities, and infrastructure, the Flagship version includes all Standard features plus exclusive advanced tools for superior performance and accuracy.\",\"breadcrumb\":{\"@id\":\"https:\/\/www.ghostysky.com\/product\/dji-terra-flagship-1-year\/#breadcrumb\"},\"inLanguage\":\"es\",\"potentialAction\":[{\"@type\":\"ReadAction\",\"target\":[\"https:\/\/www.ghostysky.com\/product\/dji-terra-flagship-1-year\/\"]}]},{\"@type\":\"ImageObject\",\"inLanguage\":\"es\",\"@id\":\"https:\/\/www.ghostysky.com\/product\/dji-terra-flagship-1-year\/#primaryimage\",\"url\":\"https:\/\/www.ghostysky.com\/wp-content\/uploads\/2024\/05\/GH_dji-terra-pro-overseas-perpetual-1.jpg\",\"contentUrl\":\"https:\/\/www.ghostysky.com\/wp-content\/uploads\/2024\/05\/GH_dji-terra-pro-overseas-perpetual-1.jpg\",\"width\":800,\"height\":644},{\"@type\":\"BreadcrumbList\",\"@id\":\"https:\/\/www.ghostysky.com\/product\/dji-terra-flagship-1-year\/#breadcrumb\",\"itemListElement\":[{\"@type\":\"ListItem\",\"position\":1,\"name\":\"Home\",\"item\":\"https:\/\/www.ghostysky.com\/\"},{\"@type\":\"ListItem\",\"position\":2,\"name\":\"Shop\",\"item\":\"https:\/\/www.ghostysky.com\/shop\/\"},{\"@type\":\"ListItem\",\"position\":3,\"name\":\"DJI Terra Flagship 1 Year\"}]},{\"@type\":\"WebSite\",\"@id\":\"https:\/\/www.ghostysky.com\/#website\",\"url\":\"https:\/\/www.ghostysky.com\/\",\"name\":\"Ghostysky\",\"description\":\"Delivering professional drones and services\",\"publisher\":{\"@id\":\"https:\/\/www.ghostysky.com\/#organization\"},\"potentialAction\":[{\"@type\":\"SearchAction\",\"target\":{\"@type\":\"EntryPoint\",\"urlTemplate\":\"https:\/\/www.ghostysky.com\/?s={search_term_string}\"},\"query-input\":{\"@type\":\"PropertyValueSpecification\",\"valueRequired\":true,\"valueName\":\"search_term_string\"}}],\"inLanguage\":\"es\"},{\"@type\":\"Organization\",\"@id\":\"https:\/\/www.ghostysky.com\/#organization\",\"name\":\"Ghostysky\",\"url\":\"https:\/\/www.ghostysky.com\/\",\"logo\":{\"@type\":\"ImageObject\",\"inLanguage\":\"es\",\"@id\":\"https:\/\/www.ghostysky.com\/#\/schema\/logo\/image\/\",\"url\":\"https:\/\/www.ghostysky.com\/wp-content\/uploads\/2020\/06\/cropped-ghostyskylogo_text_white2.png\",\"contentUrl\":\"https:\/\/www.ghostysky.com\/wp-content\/uploads\/2020\/06\/cropped-ghostyskylogo_text_white2.png\",\"width\":169,\"height\":56,\"caption\":\"Ghostysky\"},\"image\":{\"@id\":\"https:\/\/www.ghostysky.com\/#\/schema\/logo\/image\/\"},\"sameAs\":[\"https:\/\/www.facebook.com\/people\/Ghostysky\/100057676170234\/\",\"https:\/\/x.com\/Gh0stysky\",\"https:\/\/www.linkedin.com\/company\/34739653\",\"https:\/\/www.instagram.com\/gh0stysky\"]}]}<\/script>\n<!-- \/ Yoast SEO plugin. -->","yoast_head_json":{"title":"DJI Terra Flagship 1 a\u00f1o - Ghostysky","description":"Software avanzado de mapeo y reconstrucci\u00f3n 3D con dispersi\u00f3n gaussiana y compatibilidad con LiDAR. Libere todo el potencial de los datos de su dron con la licencia insignia de 1 a\u00f1o de DJI Terra, la edici\u00f3n m\u00e1s completa del software profesional de reconstrucci\u00f3n 2D y 3D de DJI. Dise\u00f1ada para aplicaciones exigentes en topograf\u00eda, construcci\u00f3n, servicios p\u00fablicos e infraestructura, la versi\u00f3n insignia incluye todas las funciones est\u00e1ndar, adem\u00e1s de herramientas avanzadas exclusivas para un rendimiento y una precisi\u00f3n superiores.","robots":{"index":"index","follow":"follow","max-snippet":"max-snippet:-1","max-image-preview":"max-image-preview:large","max-video-preview":"max-video-preview:-1"},"canonical":"https:\/\/www.ghostysky.com\/es\/producto-2\/dji-terra-flagship-1-year\/","og_locale":"es_ES","og_type":"article","og_title":"DJI Terra Flagship 1 Year - Ghostysky","og_description":"Advanced 3D Mapping and Reconstruction Software with Gaussian Splatting and LiDAR SupportUnleash the full power of your drone data with the DJI Terra Flagship 1-Year License, the most comprehensive edition of DJI's professional 2D and 3D reconstruction software. Designed for demanding applications in surveying, construction, utilities, and infrastructure, the Flagship version includes all Standard features plus exclusive advanced tools for superior performance and accuracy.","og_url":"https:\/\/www.ghostysky.com\/es\/producto-2\/dji-terra-flagship-1-year\/","og_site_name":"Ghostysky","article_publisher":"https:\/\/www.facebook.com\/people\/Ghostysky\/100057676170234\/","article_modified_time":"2025-10-15T10:15:25+00:00","og_image":[{"width":800,"height":644,"url":"https:\/\/www.ghostysky.com\/wp-content\/uploads\/2024\/05\/GH_dji-terra-pro-overseas-perpetual-1.jpg","type":"image\/jpeg"}],"twitter_card":"summary_large_image","twitter_site":"@Gh0stysky","twitter_misc":{"Tiempo de lectura":"2 minutos"},"schema":{"@context":"https:\/\/schema.org","@graph":[{"@type":"WebPage","@id":"https:\/\/www.ghostysky.com\/product\/dji-terra-flagship-1-year\/","url":"https:\/\/www.ghostysky.com\/product\/dji-terra-flagship-1-year\/","name":"DJI Terra Flagship 1 a\u00f1o - Ghostysky","isPartOf":{"@id":"https:\/\/www.ghostysky.com\/#website"},"primaryImageOfPage":{"@id":"https:\/\/www.ghostysky.com\/product\/dji-terra-flagship-1-year\/#primaryimage"},"image":{"@id":"https:\/\/www.ghostysky.com\/product\/dji-terra-flagship-1-year\/#primaryimage"},"thumbnailUrl":"https:\/\/www.ghostysky.com\/wp-content\/uploads\/2024\/05\/GH_dji-terra-pro-overseas-perpetual-1.jpg","datePublished":"2025-10-14T15:16:28+00:00","dateModified":"2025-10-15T10:15:25+00:00","description":"Software avanzado de mapeo y reconstrucci\u00f3n 3D con dispersi\u00f3n gaussiana y compatibilidad con LiDAR. Libere todo el potencial de los datos de su dron con la licencia insignia de 1 a\u00f1o de DJI Terra, la edici\u00f3n m\u00e1s completa del software profesional de reconstrucci\u00f3n 2D y 3D de DJI. Dise\u00f1ada para aplicaciones exigentes en topograf\u00eda, construcci\u00f3n, servicios p\u00fablicos e infraestructura, la versi\u00f3n insignia incluye todas las funciones est\u00e1ndar, adem\u00e1s de herramientas avanzadas exclusivas para un rendimiento y una precisi\u00f3n superiores.","breadcrumb":{"@id":"https:\/\/www.ghostysky.com\/product\/dji-terra-flagship-1-year\/#breadcrumb"},"inLanguage":"es","potentialAction":[{"@type":"ReadAction","target":["https:\/\/www.ghostysky.com\/product\/dji-terra-flagship-1-year\/"]}]},{"@type":"ImageObject","inLanguage":"es","@id":"https:\/\/www.ghostysky.com\/product\/dji-terra-flagship-1-year\/#primaryimage","url":"https:\/\/www.ghostysky.com\/wp-content\/uploads\/2024\/05\/GH_dji-terra-pro-overseas-perpetual-1.jpg","contentUrl":"https:\/\/www.ghostysky.com\/wp-content\/uploads\/2024\/05\/GH_dji-terra-pro-overseas-perpetual-1.jpg","width":800,"height":644},{"@type":"BreadcrumbList","@id":"https:\/\/www.ghostysky.com\/product\/dji-terra-flagship-1-year\/#breadcrumb","itemListElement":[{"@type":"ListItem","position":1,"name":"Home","item":"https:\/\/www.ghostysky.com\/"},{"@type":"ListItem","position":2,"name":"Shop","item":"https:\/\/www.ghostysky.com\/shop\/"},{"@type":"ListItem","position":3,"name":"DJI Terra Flagship 1 Year"}]},{"@type":"WebSite","@id":"https:\/\/www.ghostysky.com\/#website","url":"https:\/\/www.ghostysky.com\/","name":"Ghostysky","description":"Entrega de drones y servicios profesionales","publisher":{"@id":"https:\/\/www.ghostysky.com\/#organization"},"potentialAction":[{"@type":"SearchAction","target":{"@type":"EntryPoint","urlTemplate":"https:\/\/www.ghostysky.com\/?s={search_term_string}"},"query-input":{"@type":"PropertyValueSpecification","valueRequired":true,"valueName":"search_term_string"}}],"inLanguage":"es"},{"@type":"Organization","@id":"https:\/\/www.ghostysky.com\/#organization","name":"Ghostysky","url":"https:\/\/www.ghostysky.com\/","logo":{"@type":"ImageObject","inLanguage":"es","@id":"https:\/\/www.ghostysky.com\/#\/schema\/logo\/image\/","url":"https:\/\/www.ghostysky.com\/wp-content\/uploads\/2020\/06\/cropped-ghostyskylogo_text_white2.png","contentUrl":"https:\/\/www.ghostysky.com\/wp-content\/uploads\/2020\/06\/cropped-ghostyskylogo_text_white2.png","width":169,"height":56,"caption":"Ghostysky"},"image":{"@id":"https:\/\/www.ghostysky.com\/#\/schema\/logo\/image\/"},"sameAs":["https:\/\/www.facebook.com\/people\/Ghostysky\/100057676170234\/","https:\/\/x.com\/Gh0stysky","https:\/\/www.linkedin.com\/company\/34739653","https:\/\/www.instagram.com\/gh0stysky"]}]}},"_links":{"self":[{"href":"https:\/\/www.ghostysky.com\/es\/wp-json\/wp\/v2\/product\/20893","targetHints":{"allow":["GET"]}}],"collection":[{"href":"https:\/\/www.ghostysky.com\/es\/wp-json\/wp\/v2\/product"}],"about":[{"href":"https:\/\/www.ghostysky.com\/es\/wp-json\/wp\/v2\/types\/product"}],"replies":[{"embeddable":true,"href":"https:\/\/www.ghostysky.com\/es\/wp-json\/wp\/v2\/comments?post=20893"}],"wp:featuredmedia":[{"embeddable":true,"href":"https:\/\/www.ghostysky.com\/es\/wp-json\/wp\/v2\/media\/19353"}],"wp:attachment":[{"href":"https:\/\/www.ghostysky.com\/es\/wp-json\/wp\/v2\/media?parent=20893"}],"wp:term":[{"taxonomy":"product_brand","embeddable":true,"href":"https:\/\/www.ghostysky.com\/es\/wp-json\/wp\/v2\/product_brand?post=20893"},{"taxonomy":"product_cat","embeddable":true,"href":"https:\/\/www.ghostysky.com\/es\/wp-json\/wp\/v2\/product_cat?post=20893"},{"taxonomy":"product_tag","embeddable":true,"href":"https:\/\/www.ghostysky.com\/es\/wp-json\/wp\/v2\/product_tag?post=20893"}],"curies":[{"name":"wp","href":"https:\/\/api.w.org\/{rel}","templated":true}]}}