{"id":20895,"date":"2025-10-14T15:19:43","date_gmt":"2025-10-14T15:19:43","guid":{"rendered":"https:\/\/www.ghostysky.com\/?post_type=product&#038;p=20895"},"modified":"2025-10-15T10:14:47","modified_gmt":"2025-10-15T10:14:47","slug":"dji-modify-flagship-permanent","status":"publish","type":"product","link":"https:\/\/www.ghostysky.com\/es\/product\/dji-modify-flagship-permanent\/","title":{"rendered":"DJI modifica el buque insignia de forma permanente"},"content":{"rendered":"<h3>Caracter\u00edsticas principales de la licencia permanente insignia de DJI Modify<\/h3>\n<ul>\n<li><b>Licencia permanente:<\/b><span class=\"citation-306\"> Ofrece una <\/span><b><span class=\"citation-306\">compra \u00fanica<\/span><\/b><span class=\"citation-306 citation-end-306\"> para uso perpetuo e indefinido del software.<\/span><\/li>\n<li><b><span class=\"citation-305\">Caracter\u00edsticas principales:<\/span><\/b><span class=\"citation-305 citation-end-305\"> Proporciona acceso a las herramientas m\u00e1s avanzadas para la edici\u00f3n de mallas 3D y nubes de puntos.<\/span><\/li>\n<li><b><span class=\"citation-304\">Integraci\u00f3n perfecta con DJI Terra:<\/span><\/b><span class=\"citation-304 citation-end-304\"> Funciona en un flujo de trabajo eficiente de extremo a extremo con DJI Terra, lo que le permite iniciar Modificar directamente desde un proyecto Terra para el posprocesamiento.<\/span><\/li>\n<li><b>Reparaci\u00f3n inteligente de malla 3D:<\/b>\n<ul>\n<li><b><span class=\"citation-303\">Reparaci\u00f3n de defectos con un solo clic:<\/span><\/b><span class=\"citation-303\"> Identifica y repara con precisi\u00f3n defectos comunes de malla 3D como <\/span><b><span class=\"citation-303\">objetos flotantes<\/span><\/b><span class=\"citation-303\">, <\/span><b><span class=\"citation-303\">agujeros<\/span><\/b><span class=\"citation-303\">, y <\/span><b><span class=\"citation-303\">veh\u00edculos<\/span><\/b><span class=\"citation-303 citation-end-303\"> con un solo clic.<\/span><\/li>\n<li><b>Reparaci\u00f3n de textura:<\/b><span class=\"citation-302 citation-end-302\"> Incluye herramientas como \u201cBorrar\u201d y \u201cClonar\u201d para reparar texturas de forma r\u00e1pida y aut\u00e9ntica, garantizando un modelo final realista.<\/span><\/li>\n<li><b>Aplanamiento de la superficie:<\/b><span class=\"citation-301 citation-end-301\"> Aplana superficies de manera eficiente, como veh\u00edculos o terrenos irregulares.<\/span><\/li>\n<li><b>Reparaci\u00f3n de la superficie del agua:<\/b> Dibuja y repara f\u00e1cilmente superficies de agua, optimizando el efecto visual de las escenas de agua.<\/li>\n<\/ul>\n<\/li>\n<li><b>Edici\u00f3n eficiente de nubes de puntos 3D:<\/b>\n<ul>\n<li><b><span class=\"citation-300\">Clasificaci\u00f3n de nubes de puntos:<\/span><\/b><span class=\"citation-300 citation-end-300\"> Admite la clasificaci\u00f3n r\u00e1pida de categor\u00edas de nubes de puntos (por ejemplo, suelo, vegetaci\u00f3n, edificios) con ajuste con un solo clic.<\/span><\/li>\n<li><b><span class=\"citation-299\">Herramientas de procesamiento:<\/span><\/b><span class=\"citation-299\"> Las caracter\u00edsticas incluyen <\/span><b><span class=\"citation-299\">suavizado<\/span><\/b><span class=\"citation-299\">, <\/span><b><span class=\"citation-299\">reducci\u00f3n de ruido<\/span><\/b><span class=\"citation-299\">, y <\/span><b><span class=\"citation-299\">reducci\u00f3n de resoluci\u00f3n<\/span><\/b><span class=\"citation-299 citation-end-299\"> para mejorar la calidad general de la nube de puntos y gestionar la densidad de datos.<\/span><\/li>\n<li><b><span class=\"citation-298\">Generaci\u00f3n de resultados de terreno:<\/span><\/b><span class=\"citation-298 citation-end-298\"> Genera autom\u00e1ticamente resultados de terreno a partir de nubes de puntos clasificadas.<\/span>\n<div class=\"source-inline-chip-container ng-star-inserted\"><\/div>\n<\/li>\n<\/ul>\n<\/li>\n<li><b>Experiencia de usuario optimizada:<\/b><span class=\"citation-297 citation-end-297\"> Dise\u00f1ado para la simplicidad y la eficiencia con una interfaz intuitiva, reduciendo la carga de trabajo manual y la curva de aprendizaje.<\/span><\/li>\n<li><b>Entrega flexible:<\/b><span class=\"citation-296\"> Admite la importaci\u00f3n y exportaci\u00f3n r\u00e1pida de m\u00faltiples formatos est\u00e1ndar de la industria, incluidos <\/span><b><span class=\"citation-296\">PLY, OBJ, B3DM<\/span><\/b><span class=\"citation-296\"> para mallas, y <\/span><b><span class=\"citation-296\">LAS, PNTS, PLY, PCD, S3MB<\/span><\/b><span class=\"citation-296 citation-end-296\"> para nubes de puntos.<\/span><\/li>\n<li><b><span class=\"citation-295\">Compartir en la nube:<\/span><\/b><span class=\"citation-295 citation-end-295\"> Los modelos de malla 3D procesados se pueden compartir r\u00e1pidamente en la nube para una f\u00e1cil visualizaci\u00f3n en l\u00ednea a trav\u00e9s de la web o dispositivos m\u00f3viles.<\/span>\n<div class=\"source-inline-chip-container ng-star-inserted\"><\/div>\n<\/li>\n<\/ul>\n<p><span class=\"citation-294\">En resumen, el <\/span><b><span class=\"citation-294\">DJI modifica el buque insignia de forma permanente<\/span><\/b><span class=\"citation-294 citation-end-294\"> La licencia ofrece a los profesionales un conjunto de herramientas potente, inteligente y permanente para transformar datos de modelado a\u00e9reo sin procesar en activos 3D pulidos, de alta calidad y listos para usar.<\/span><\/p>","protected":false},"excerpt":{"rendered":"<p><span class=\"citation-309\">El <\/span><b><span class=\"citation-309\">DJI modifica el buque insignia de forma permanente<\/span><\/b><span class=\"citation-309\"> es la compra \u00fanica, licencia perpetua para el primer software de edici\u00f3n de modelos 3D inteligente de DJI, <\/span><b><span class=\"citation-309\">DJI Modificar<\/span><\/b><span class=\"citation-309 citation-end-309\">.<\/span><\/p>\n<p><span class=\"citation-308\">Est\u00e1 dise\u00f1ado para ser el compa\u00f1ero esencial para el posprocesamiento y refinamiento de los modelos 3D y las nubes de puntos generados por el software de mapeo de DJI. <\/span><b><span class=\"citation-308\">DJI Tierra<\/span><\/b><span class=\"citation-308 citation-end-308\">.<\/span> <span class=\"citation-307 citation-end-307\">La licencia permanente Flagship proporciona una soluci\u00f3n integral y profesional para usuarios en topograf\u00eda, cartograf\u00eda, arquitectura, seguridad p\u00fablica y otras aplicaciones empresariales.<\/span><\/p>","protected":false},"featured_media":19353,"comment_status":"open","ping_status":"closed","template":"","meta":[],"product_brand":[1031],"product_cat":[37,29,939],"product_tag":[42,1032],"class_list":{"0":"post-20895","1":"product","2":"type-product","3":"status-publish","4":"has-post-thumbnail","6":"product_brand-dji","7":"product_cat-dji","8":"product_cat-drones","9":"product_cat-software-dji","10":"product_tag-dji","11":"product_tag-dji-terra","13":"first","14":"onbackorder","15":"taxable","16":"shipping-taxable","17":"purchasable","18":"product-type-simple"},"yoast_head":"<!-- This site is optimized with the Yoast SEO plugin v27.1.1 - https:\/\/yoast.com\/product\/yoast-seo-wordpress\/ -->\n<title>DJI Modify Flagship Permanent - Ghostysky<\/title>\n<meta name=\"description\" content=\"The DJI Modify Flagship Permanent is the one-time purchase, perpetual license for DJI&#039;s first intelligent 3D model editing software, DJI Modify.It is designed to be the essential companion for post-processing and refining the 3D models and point clouds generated by DJI&#039;s mapping software, DJI Terra. The Flagship Permanent license provides a comprehensive, professional solution for users in surveying, mapping, architecture, public safety, and other enterprise applications.\" \/>\n<meta name=\"robots\" content=\"index, follow, max-snippet:-1, max-image-preview:large, max-video-preview:-1\" \/>\n<link rel=\"canonical\" href=\"https:\/\/www.ghostysky.com\/es\/producto-2\/dji-modify-flagship-permanent\/\" \/>\n<meta property=\"og:locale\" content=\"es_ES\" \/>\n<meta property=\"og:type\" content=\"article\" \/>\n<meta property=\"og:title\" content=\"DJI Modify Flagship Permanent - Ghostysky\" \/>\n<meta property=\"og:description\" content=\"The DJI Modify Flagship Permanent is the one-time purchase, perpetual license for DJI&#039;s first intelligent 3D model editing software, DJI Modify.It is designed to be the essential companion for post-processing and refining the 3D models and point clouds generated by DJI&#039;s mapping software, DJI Terra. The Flagship Permanent license provides a comprehensive, professional solution for users in surveying, mapping, architecture, public safety, and other enterprise applications.\" \/>\n<meta property=\"og:url\" content=\"https:\/\/www.ghostysky.com\/es\/producto-2\/dji-modify-flagship-permanent\/\" \/>\n<meta property=\"og:site_name\" content=\"Ghostysky\" \/>\n<meta property=\"article:publisher\" content=\"https:\/\/www.facebook.com\/people\/Ghostysky\/100057676170234\/\" \/>\n<meta property=\"article:modified_time\" content=\"2025-10-15T10:14:47+00:00\" \/>\n<meta property=\"og:image\" content=\"https:\/\/www.ghostysky.com\/wp-content\/uploads\/2024\/05\/GH_dji-terra-pro-overseas-perpetual-1.jpg\" \/>\n\t<meta property=\"og:image:width\" content=\"800\" \/>\n\t<meta property=\"og:image:height\" content=\"644\" \/>\n\t<meta property=\"og:image:type\" content=\"image\/jpeg\" \/>\n<meta name=\"twitter:card\" content=\"summary_large_image\" \/>\n<meta name=\"twitter:site\" content=\"@Gh0stysky\" \/>\n<meta name=\"twitter:label1\" content=\"Tiempo de lectura\" \/>\n\t<meta name=\"twitter:data1\" content=\"2 minutos\" \/>\n<script type=\"application\/ld+json\" class=\"yoast-schema-graph\">{\"@context\":\"https:\/\/schema.org\",\"@graph\":[{\"@type\":\"WebPage\",\"@id\":\"https:\/\/www.ghostysky.com\/product\/dji-modify-flagship-permanent\/\",\"url\":\"https:\/\/www.ghostysky.com\/product\/dji-modify-flagship-permanent\/\",\"name\":\"DJI Modify Flagship Permanent - Ghostysky\",\"isPartOf\":{\"@id\":\"https:\/\/www.ghostysky.com\/#website\"},\"primaryImageOfPage\":{\"@id\":\"https:\/\/www.ghostysky.com\/product\/dji-modify-flagship-permanent\/#primaryimage\"},\"image\":{\"@id\":\"https:\/\/www.ghostysky.com\/product\/dji-modify-flagship-permanent\/#primaryimage\"},\"thumbnailUrl\":\"https:\/\/www.ghostysky.com\/wp-content\/uploads\/2024\/05\/GH_dji-terra-pro-overseas-perpetual-1.jpg\",\"datePublished\":\"2025-10-14T15:19:43+00:00\",\"dateModified\":\"2025-10-15T10:14:47+00:00\",\"description\":\"The DJI Modify Flagship Permanent is the one-time purchase, perpetual license for DJI's first intelligent 3D model editing software, DJI Modify.It is designed to be the essential companion for post-processing and refining the 3D models and point clouds generated by DJI's mapping software, DJI Terra. The Flagship Permanent license provides a comprehensive, professional solution for users in surveying, mapping, architecture, public safety, and other enterprise applications.\",\"breadcrumb\":{\"@id\":\"https:\/\/www.ghostysky.com\/product\/dji-modify-flagship-permanent\/#breadcrumb\"},\"inLanguage\":\"es\",\"potentialAction\":[{\"@type\":\"ReadAction\",\"target\":[\"https:\/\/www.ghostysky.com\/product\/dji-modify-flagship-permanent\/\"]}]},{\"@type\":\"ImageObject\",\"inLanguage\":\"es\",\"@id\":\"https:\/\/www.ghostysky.com\/product\/dji-modify-flagship-permanent\/#primaryimage\",\"url\":\"https:\/\/www.ghostysky.com\/wp-content\/uploads\/2024\/05\/GH_dji-terra-pro-overseas-perpetual-1.jpg\",\"contentUrl\":\"https:\/\/www.ghostysky.com\/wp-content\/uploads\/2024\/05\/GH_dji-terra-pro-overseas-perpetual-1.jpg\",\"width\":800,\"height\":644},{\"@type\":\"BreadcrumbList\",\"@id\":\"https:\/\/www.ghostysky.com\/product\/dji-modify-flagship-permanent\/#breadcrumb\",\"itemListElement\":[{\"@type\":\"ListItem\",\"position\":1,\"name\":\"Home\",\"item\":\"https:\/\/www.ghostysky.com\/\"},{\"@type\":\"ListItem\",\"position\":2,\"name\":\"Shop\",\"item\":\"https:\/\/www.ghostysky.com\/shop\/\"},{\"@type\":\"ListItem\",\"position\":3,\"name\":\"DJI Modify Flagship Permanent\"}]},{\"@type\":\"WebSite\",\"@id\":\"https:\/\/www.ghostysky.com\/#website\",\"url\":\"https:\/\/www.ghostysky.com\/\",\"name\":\"Ghostysky\",\"description\":\"Delivering professional drones and services\",\"publisher\":{\"@id\":\"https:\/\/www.ghostysky.com\/#organization\"},\"potentialAction\":[{\"@type\":\"SearchAction\",\"target\":{\"@type\":\"EntryPoint\",\"urlTemplate\":\"https:\/\/www.ghostysky.com\/?s={search_term_string}\"},\"query-input\":{\"@type\":\"PropertyValueSpecification\",\"valueRequired\":true,\"valueName\":\"search_term_string\"}}],\"inLanguage\":\"es\"},{\"@type\":\"Organization\",\"@id\":\"https:\/\/www.ghostysky.com\/#organization\",\"name\":\"Ghostysky\",\"url\":\"https:\/\/www.ghostysky.com\/\",\"logo\":{\"@type\":\"ImageObject\",\"inLanguage\":\"es\",\"@id\":\"https:\/\/www.ghostysky.com\/#\/schema\/logo\/image\/\",\"url\":\"https:\/\/www.ghostysky.com\/wp-content\/uploads\/2020\/06\/cropped-ghostyskylogo_text_white2.png\",\"contentUrl\":\"https:\/\/www.ghostysky.com\/wp-content\/uploads\/2020\/06\/cropped-ghostyskylogo_text_white2.png\",\"width\":169,\"height\":56,\"caption\":\"Ghostysky\"},\"image\":{\"@id\":\"https:\/\/www.ghostysky.com\/#\/schema\/logo\/image\/\"},\"sameAs\":[\"https:\/\/www.facebook.com\/people\/Ghostysky\/100057676170234\/\",\"https:\/\/x.com\/Gh0stysky\",\"https:\/\/www.linkedin.com\/company\/34739653\",\"https:\/\/www.instagram.com\/gh0stysky\"]}]}<\/script>\n<!-- \/ Yoast SEO plugin. -->","yoast_head_json":{"title":"DJI modifica el buque insignia de forma permanente - Ghostysky","description":"DJI Modify Flagship Permanent es una licencia perpetua de compra \u00fanica para DJI Modify, el primer software inteligente de edici\u00f3n de modelos 3D de DJI. Est\u00e1 dise\u00f1ado para ser el complemento esencial para el posprocesamiento y el refinamiento de los modelos 3D y las nubes de puntos generados por DJI Terra, el software de mapeo de DJI. Esta licencia Flagship Permanent ofrece una soluci\u00f3n integral y profesional para usuarios de topograf\u00eda, mapeo, arquitectura, seguridad p\u00fablica y otras aplicaciones empresariales.","robots":{"index":"index","follow":"follow","max-snippet":"max-snippet:-1","max-image-preview":"max-image-preview:large","max-video-preview":"max-video-preview:-1"},"canonical":"https:\/\/www.ghostysky.com\/es\/producto-2\/dji-modify-flagship-permanent\/","og_locale":"es_ES","og_type":"article","og_title":"DJI Modify Flagship Permanent - Ghostysky","og_description":"The DJI Modify Flagship Permanent is the one-time purchase, perpetual license for DJI's first intelligent 3D model editing software, DJI Modify.It is designed to be the essential companion for post-processing and refining the 3D models and point clouds generated by DJI's mapping software, DJI Terra. The Flagship Permanent license provides a comprehensive, professional solution for users in surveying, mapping, architecture, public safety, and other enterprise applications.","og_url":"https:\/\/www.ghostysky.com\/es\/producto-2\/dji-modify-flagship-permanent\/","og_site_name":"Ghostysky","article_publisher":"https:\/\/www.facebook.com\/people\/Ghostysky\/100057676170234\/","article_modified_time":"2025-10-15T10:14:47+00:00","og_image":[{"width":800,"height":644,"url":"https:\/\/www.ghostysky.com\/wp-content\/uploads\/2024\/05\/GH_dji-terra-pro-overseas-perpetual-1.jpg","type":"image\/jpeg"}],"twitter_card":"summary_large_image","twitter_site":"@Gh0stysky","twitter_misc":{"Tiempo de lectura":"2 minutos"},"schema":{"@context":"https:\/\/schema.org","@graph":[{"@type":"WebPage","@id":"https:\/\/www.ghostysky.com\/product\/dji-modify-flagship-permanent\/","url":"https:\/\/www.ghostysky.com\/product\/dji-modify-flagship-permanent\/","name":"DJI modifica el buque insignia de forma permanente - Ghostysky","isPartOf":{"@id":"https:\/\/www.ghostysky.com\/#website"},"primaryImageOfPage":{"@id":"https:\/\/www.ghostysky.com\/product\/dji-modify-flagship-permanent\/#primaryimage"},"image":{"@id":"https:\/\/www.ghostysky.com\/product\/dji-modify-flagship-permanent\/#primaryimage"},"thumbnailUrl":"https:\/\/www.ghostysky.com\/wp-content\/uploads\/2024\/05\/GH_dji-terra-pro-overseas-perpetual-1.jpg","datePublished":"2025-10-14T15:19:43+00:00","dateModified":"2025-10-15T10:14:47+00:00","description":"DJI Modify Flagship Permanent es una licencia perpetua de compra \u00fanica para DJI Modify, el primer software inteligente de edici\u00f3n de modelos 3D de DJI. Est\u00e1 dise\u00f1ado para ser el complemento esencial para el posprocesamiento y el refinamiento de los modelos 3D y las nubes de puntos generados por DJI Terra, el software de mapeo de DJI. Esta licencia Flagship Permanent ofrece una soluci\u00f3n integral y profesional para usuarios de topograf\u00eda, mapeo, arquitectura, seguridad p\u00fablica y otras aplicaciones empresariales.","breadcrumb":{"@id":"https:\/\/www.ghostysky.com\/product\/dji-modify-flagship-permanent\/#breadcrumb"},"inLanguage":"es","potentialAction":[{"@type":"ReadAction","target":["https:\/\/www.ghostysky.com\/product\/dji-modify-flagship-permanent\/"]}]},{"@type":"ImageObject","inLanguage":"es","@id":"https:\/\/www.ghostysky.com\/product\/dji-modify-flagship-permanent\/#primaryimage","url":"https:\/\/www.ghostysky.com\/wp-content\/uploads\/2024\/05\/GH_dji-terra-pro-overseas-perpetual-1.jpg","contentUrl":"https:\/\/www.ghostysky.com\/wp-content\/uploads\/2024\/05\/GH_dji-terra-pro-overseas-perpetual-1.jpg","width":800,"height":644},{"@type":"BreadcrumbList","@id":"https:\/\/www.ghostysky.com\/product\/dji-modify-flagship-permanent\/#breadcrumb","itemListElement":[{"@type":"ListItem","position":1,"name":"Home","item":"https:\/\/www.ghostysky.com\/"},{"@type":"ListItem","position":2,"name":"Shop","item":"https:\/\/www.ghostysky.com\/shop\/"},{"@type":"ListItem","position":3,"name":"DJI Modify Flagship Permanent"}]},{"@type":"WebSite","@id":"https:\/\/www.ghostysky.com\/#website","url":"https:\/\/www.ghostysky.com\/","name":"Ghostysky","description":"Entrega de drones y servicios profesionales","publisher":{"@id":"https:\/\/www.ghostysky.com\/#organization"},"potentialAction":[{"@type":"SearchAction","target":{"@type":"EntryPoint","urlTemplate":"https:\/\/www.ghostysky.com\/?s={search_term_string}"},"query-input":{"@type":"PropertyValueSpecification","valueRequired":true,"valueName":"search_term_string"}}],"inLanguage":"es"},{"@type":"Organization","@id":"https:\/\/www.ghostysky.com\/#organization","name":"Ghostysky","url":"https:\/\/www.ghostysky.com\/","logo":{"@type":"ImageObject","inLanguage":"es","@id":"https:\/\/www.ghostysky.com\/#\/schema\/logo\/image\/","url":"https:\/\/www.ghostysky.com\/wp-content\/uploads\/2020\/06\/cropped-ghostyskylogo_text_white2.png","contentUrl":"https:\/\/www.ghostysky.com\/wp-content\/uploads\/2020\/06\/cropped-ghostyskylogo_text_white2.png","width":169,"height":56,"caption":"Ghostysky"},"image":{"@id":"https:\/\/www.ghostysky.com\/#\/schema\/logo\/image\/"},"sameAs":["https:\/\/www.facebook.com\/people\/Ghostysky\/100057676170234\/","https:\/\/x.com\/Gh0stysky","https:\/\/www.linkedin.com\/company\/34739653","https:\/\/www.instagram.com\/gh0stysky"]}]}},"_links":{"self":[{"href":"https:\/\/www.ghostysky.com\/es\/wp-json\/wp\/v2\/product\/20895","targetHints":{"allow":["GET"]}}],"collection":[{"href":"https:\/\/www.ghostysky.com\/es\/wp-json\/wp\/v2\/product"}],"about":[{"href":"https:\/\/www.ghostysky.com\/es\/wp-json\/wp\/v2\/types\/product"}],"replies":[{"embeddable":true,"href":"https:\/\/www.ghostysky.com\/es\/wp-json\/wp\/v2\/comments?post=20895"}],"wp:featuredmedia":[{"embeddable":true,"href":"https:\/\/www.ghostysky.com\/es\/wp-json\/wp\/v2\/media\/19353"}],"wp:attachment":[{"href":"https:\/\/www.ghostysky.com\/es\/wp-json\/wp\/v2\/media?parent=20895"}],"wp:term":[{"taxonomy":"product_brand","embeddable":true,"href":"https:\/\/www.ghostysky.com\/es\/wp-json\/wp\/v2\/product_brand?post=20895"},{"taxonomy":"product_cat","embeddable":true,"href":"https:\/\/www.ghostysky.com\/es\/wp-json\/wp\/v2\/product_cat?post=20895"},{"taxonomy":"product_tag","embeddable":true,"href":"https:\/\/www.ghostysky.com\/es\/wp-json\/wp\/v2\/product_tag?post=20895"}],"curies":[{"name":"wp","href":"https:\/\/api.w.org\/{rel}","templated":true}]}}