{"id":20896,"date":"2025-10-14T15:34:57","date_gmt":"2025-10-14T15:34:57","guid":{"rendered":"https:\/\/www.ghostysky.com\/?post_type=product&#038;p=20896"},"modified":"2025-10-15T10:14:18","modified_gmt":"2025-10-15T10:14:18","slug":"dji-terra-standard-1-year-offline","status":"publish","type":"product","link":"https:\/\/www.ghostysky.com\/es\/product\/dji-terra-standard-1-year-offline\/","title":{"rendered":"DJI Terra Standard 1 a\u00f1o (sin conexi\u00f3n)"},"content":{"rendered":"<h3><b>Caracter\u00edsticas principales de la versi\u00f3n est\u00e1ndar<\/b><\/h3>\n<ul>\n<li><b>Reconstrucci\u00f3n de mapas 2D (ortofotos):<\/b><span class=\"citation-331 citation-end-331\"> Genere mapas ortomosaicos 2D georreferenciados de alta resoluci\u00f3n a partir de im\u00e1genes de drones, ideales para mediciones detalladas, inspecciones y planificaci\u00f3n.<\/span><\/li>\n<li><b><span class=\"citation-330\">Reconstrucci\u00f3n de malla 3D:<\/span><\/b><span class=\"citation-330 citation-end-330\"> Cree modelos 3D altamente detallados de edificios, terrenos e infraestructura a partir de fotograf\u00edas de luz visible utilizando fotogrametr\u00eda avanzada.<\/span><\/li>\n<li><b><span class=\"citation-329\">Reconstrucci\u00f3n de nubes de puntos LiDAR:<\/span><\/b><span class=\"citation-329 citation-end-329\"> Procese e integre datos de las cargas \u00fatiles LiDAR de la serie L Zenmuse de DJI para producir nubes de puntos precisas, mapas 2D y modelos 3D.<\/span><\/li>\n<li><b><span class=\"citation-328\">Reconstrucci\u00f3n multiespectral:<\/span><\/b><span class=\"citation-328 citation-end-328\"> Analice datos multiespectrales de drones como el Mavic 3M para generar mapas de \u00edndice de vegetaci\u00f3n (por ejemplo, NDVI, NDRE) para aplicaciones agr\u00edcolas y ambientales.<\/span><\/li>\n<li><b>Resultado del terreno:<\/b><span class=\"citation-327 citation-end-327\"> Generar modelos digitales de superficie (DSM) y modelos digitales de elevaci\u00f3n (DEM).<\/span><\/li>\n<\/ul>\n<h3><b>Ventajas de la licencia sin conexi\u00f3n<\/b><\/h3>\n<ul>\n<li><b><span class=\"citation-326\">Funcionalidad sin conexi\u00f3n durante 1 a\u00f1o:<\/span><\/b><span class=\"citation-326 citation-end-326\"> Una vez que la licencia se activa y se vincula a una sola estaci\u00f3n de trabajo mediante el proceso de intercambio fuera de l\u00ednea, todas las funciones est\u00e1ndar pagas est\u00e1n completamente operativas durante 12 meses sin necesidad de una conexi\u00f3n a Internet permanente.<\/span><\/li>\n<li><b>Ideal para sitios seguros\/remotos:<\/b> Perfecto para gobierno, defensa, miner\u00eda, inspecci\u00f3n de infraestructura o cualquier proyecto donde la conectividad sea limitada, restringida o sensible.<\/li>\n<li><b>Vinculaci\u00f3n de un solo dispositivo:<\/b><span class=\"citation-325 citation-end-325\"> La licencia est\u00e1 vinculada de forma segura a una computadora y generalmente se permite una solicitud de desvinculaci\u00f3n por a\u00f1o calendario para cambios de hardware.<\/span><\/li>\n<\/ul>\n<p><b>Integraci\u00f3n perfecta del flujo de trabajo:<\/b><\/p>\n<p><span class=\"citation-324 citation-end-324\">DJI Terra Standard est\u00e1 dise\u00f1ado para integrarse perfectamente con una amplia gama de drones y cargas \u00fatiles DJI Enterprise, ofreciendo una soluci\u00f3n integral, unificada y eficiente para la adquisici\u00f3n, el procesamiento y la aplicaci\u00f3n de datos en industrias como la topograf\u00eda, la construcci\u00f3n, la energ\u00eda y la agricultura.<\/span><\/p>\n<div class=\"source-inline-chip-container ng-star-inserted\"><\/div>\n<hr \/>\n<p><b><span class=\"citation-323\">Nota sobre las limitaciones sin conexi\u00f3n:<\/span><\/b><span class=\"citation-323 citation-end-323\"> Si bien las funciones principales de mapeo y modelado son completamente funcionales sin conexi\u00f3n, ciertas funciones que dependen de la conexi\u00f3n (como el desbloqueo de zonas GEO, la b\u00fasqueda en mapas y algunas funciones de control de misi\u00f3n) no est\u00e1n disponibles en el modo sin conexi\u00f3n.<\/span> <span class=\"citation-322\">La funci\u00f3n avanzada de <\/span><b><span class=\"citation-322\">Salpicadura gaussiana<\/span><\/b><span class=\"citation-322\"> es <\/span><i><span class=\"citation-322\">no<\/span><\/i><span class=\"citation-322 citation-end-322\"> incluido en la versi\u00f3n Standard; est\u00e1 disponible en las versiones Flagship y Cluster.<\/span><\/p>","protected":false},"excerpt":{"rendered":"<p><b>Software profesional de modelado y mapeo a\u00e9reo para entornos de trabajo seguros y remotos<\/b><\/p>\n<p><span class=\"citation-333\">El <\/span><b><span class=\"citation-333\">DJI Terra Standard 1 a\u00f1o (sin conexi\u00f3n)<\/span><\/b><span class=\"citation-333 citation-end-333\"> La licencia proporciona a los usuarios profesionales una soluci\u00f3n robusta y de alta precisi\u00f3n para cartograf\u00eda y topograf\u00eda a\u00e9rea dise\u00f1ada espec\u00edficamente para entornos sin acceso a Internet confiable o continuo, como operaciones de campo remotas o instalaciones seguras.<\/span> <span class=\"citation-332 citation-end-332\">Esta licencia para un solo dispositivo por un a\u00f1o garantiza la m\u00e1xima autonom\u00eda y seguridad de los datos al permitir que todas las funciones principales se utilicen en modo fuera de l\u00ednea despu\u00e9s de una autorizaci\u00f3n inicial.<\/span><\/p>","protected":false},"featured_media":19353,"comment_status":"open","ping_status":"closed","template":"","meta":[],"product_brand":[1031],"product_cat":[37,29,939],"product_tag":[42,1032],"class_list":{"0":"post-20896","1":"product","2":"type-product","3":"status-publish","4":"has-post-thumbnail","6":"product_brand-dji","7":"product_cat-dji","8":"product_cat-drones","9":"product_cat-software-dji","10":"product_tag-dji","11":"product_tag-dji-terra","13":"first","14":"onbackorder","15":"taxable","16":"shipping-taxable","17":"purchasable","18":"product-type-simple"},"yoast_head":"<!-- This site is optimized with the Yoast SEO plugin v27.1.1 - https:\/\/yoast.com\/product\/yoast-seo-wordpress\/ -->\n<title>DJI Terra Standard 1 Year (Offline) - Ghostysky<\/title>\n<meta name=\"description\" content=\"Professional Aerial Mapping and Modeling Software for Secure and Remote Work EnvironmentsThe DJI Terra Standard 1-Year (Offline) license provides professional users with a robust, high-precision aerial surveying and mapping solution designed specifically for environments without reliable or continuous internet access, such as remote field operations or secure facilities. This one-year, single-device license ensures maximum autonomy and data security by enabling all core functions to be utilized in an offline mode after an initial authorization.\" \/>\n<meta name=\"robots\" content=\"index, follow, max-snippet:-1, max-image-preview:large, max-video-preview:-1\" \/>\n<link rel=\"canonical\" href=\"https:\/\/www.ghostysky.com\/es\/producto-2\/dji-terra-standard-1-year-offline\/\" \/>\n<meta property=\"og:locale\" content=\"es_ES\" \/>\n<meta property=\"og:type\" content=\"article\" \/>\n<meta property=\"og:title\" content=\"DJI Terra Standard 1 Year (Offline) - Ghostysky\" \/>\n<meta property=\"og:description\" content=\"Professional Aerial Mapping and Modeling Software for Secure and Remote Work EnvironmentsThe DJI Terra Standard 1-Year (Offline) license provides professional users with a robust, high-precision aerial surveying and mapping solution designed specifically for environments without reliable or continuous internet access, such as remote field operations or secure facilities. This one-year, single-device license ensures maximum autonomy and data security by enabling all core functions to be utilized in an offline mode after an initial authorization.\" \/>\n<meta property=\"og:url\" content=\"https:\/\/www.ghostysky.com\/es\/producto-2\/dji-terra-standard-1-year-offline\/\" \/>\n<meta property=\"og:site_name\" content=\"Ghostysky\" \/>\n<meta property=\"article:publisher\" content=\"https:\/\/www.facebook.com\/people\/Ghostysky\/100057676170234\/\" \/>\n<meta property=\"article:modified_time\" content=\"2025-10-15T10:14:18+00:00\" \/>\n<meta property=\"og:image\" content=\"https:\/\/www.ghostysky.com\/wp-content\/uploads\/2024\/05\/GH_dji-terra-pro-overseas-perpetual-1.jpg\" \/>\n\t<meta property=\"og:image:width\" content=\"800\" \/>\n\t<meta property=\"og:image:height\" content=\"644\" \/>\n\t<meta property=\"og:image:type\" content=\"image\/jpeg\" \/>\n<meta name=\"twitter:card\" content=\"summary_large_image\" \/>\n<meta name=\"twitter:site\" content=\"@Gh0stysky\" \/>\n<meta name=\"twitter:label1\" content=\"Tiempo de lectura\" \/>\n\t<meta name=\"twitter:data1\" content=\"2 minutos\" \/>\n<script type=\"application\/ld+json\" class=\"yoast-schema-graph\">{\"@context\":\"https:\/\/schema.org\",\"@graph\":[{\"@type\":\"WebPage\",\"@id\":\"https:\/\/www.ghostysky.com\/product\/dji-terra-standard-1-year-offline\/\",\"url\":\"https:\/\/www.ghostysky.com\/product\/dji-terra-standard-1-year-offline\/\",\"name\":\"DJI Terra Standard 1 Year (Offline) - Ghostysky\",\"isPartOf\":{\"@id\":\"https:\/\/www.ghostysky.com\/#website\"},\"primaryImageOfPage\":{\"@id\":\"https:\/\/www.ghostysky.com\/product\/dji-terra-standard-1-year-offline\/#primaryimage\"},\"image\":{\"@id\":\"https:\/\/www.ghostysky.com\/product\/dji-terra-standard-1-year-offline\/#primaryimage\"},\"thumbnailUrl\":\"https:\/\/www.ghostysky.com\/wp-content\/uploads\/2024\/05\/GH_dji-terra-pro-overseas-perpetual-1.jpg\",\"datePublished\":\"2025-10-14T15:34:57+00:00\",\"dateModified\":\"2025-10-15T10:14:18+00:00\",\"description\":\"Professional Aerial Mapping and Modeling Software for Secure and Remote Work EnvironmentsThe DJI Terra Standard 1-Year (Offline) license provides professional users with a robust, high-precision aerial surveying and mapping solution designed specifically for environments without reliable or continuous internet access, such as remote field operations or secure facilities. This one-year, single-device license ensures maximum autonomy and data security by enabling all core functions to be utilized in an offline mode after an initial authorization.\",\"breadcrumb\":{\"@id\":\"https:\/\/www.ghostysky.com\/product\/dji-terra-standard-1-year-offline\/#breadcrumb\"},\"inLanguage\":\"es\",\"potentialAction\":[{\"@type\":\"ReadAction\",\"target\":[\"https:\/\/www.ghostysky.com\/product\/dji-terra-standard-1-year-offline\/\"]}]},{\"@type\":\"ImageObject\",\"inLanguage\":\"es\",\"@id\":\"https:\/\/www.ghostysky.com\/product\/dji-terra-standard-1-year-offline\/#primaryimage\",\"url\":\"https:\/\/www.ghostysky.com\/wp-content\/uploads\/2024\/05\/GH_dji-terra-pro-overseas-perpetual-1.jpg\",\"contentUrl\":\"https:\/\/www.ghostysky.com\/wp-content\/uploads\/2024\/05\/GH_dji-terra-pro-overseas-perpetual-1.jpg\",\"width\":800,\"height\":644},{\"@type\":\"BreadcrumbList\",\"@id\":\"https:\/\/www.ghostysky.com\/product\/dji-terra-standard-1-year-offline\/#breadcrumb\",\"itemListElement\":[{\"@type\":\"ListItem\",\"position\":1,\"name\":\"Home\",\"item\":\"https:\/\/www.ghostysky.com\/\"},{\"@type\":\"ListItem\",\"position\":2,\"name\":\"Shop\",\"item\":\"https:\/\/www.ghostysky.com\/shop\/\"},{\"@type\":\"ListItem\",\"position\":3,\"name\":\"DJI Terra Standard 1 Year (Offline)\"}]},{\"@type\":\"WebSite\",\"@id\":\"https:\/\/www.ghostysky.com\/#website\",\"url\":\"https:\/\/www.ghostysky.com\/\",\"name\":\"Ghostysky\",\"description\":\"Delivering professional drones and services\",\"publisher\":{\"@id\":\"https:\/\/www.ghostysky.com\/#organization\"},\"potentialAction\":[{\"@type\":\"SearchAction\",\"target\":{\"@type\":\"EntryPoint\",\"urlTemplate\":\"https:\/\/www.ghostysky.com\/?s={search_term_string}\"},\"query-input\":{\"@type\":\"PropertyValueSpecification\",\"valueRequired\":true,\"valueName\":\"search_term_string\"}}],\"inLanguage\":\"es\"},{\"@type\":\"Organization\",\"@id\":\"https:\/\/www.ghostysky.com\/#organization\",\"name\":\"Ghostysky\",\"url\":\"https:\/\/www.ghostysky.com\/\",\"logo\":{\"@type\":\"ImageObject\",\"inLanguage\":\"es\",\"@id\":\"https:\/\/www.ghostysky.com\/#\/schema\/logo\/image\/\",\"url\":\"https:\/\/www.ghostysky.com\/wp-content\/uploads\/2020\/06\/cropped-ghostyskylogo_text_white2.png\",\"contentUrl\":\"https:\/\/www.ghostysky.com\/wp-content\/uploads\/2020\/06\/cropped-ghostyskylogo_text_white2.png\",\"width\":169,\"height\":56,\"caption\":\"Ghostysky\"},\"image\":{\"@id\":\"https:\/\/www.ghostysky.com\/#\/schema\/logo\/image\/\"},\"sameAs\":[\"https:\/\/www.facebook.com\/people\/Ghostysky\/100057676170234\/\",\"https:\/\/x.com\/Gh0stysky\",\"https:\/\/www.linkedin.com\/company\/34739653\",\"https:\/\/www.instagram.com\/gh0stysky\"]}]}<\/script>\n<!-- \/ Yoast SEO plugin. -->","yoast_head_json":{"title":"DJI Terra Standard 1 a\u00f1o (sin conexi\u00f3n) - Ghostysky","description":"Software profesional de cartograf\u00eda y modelado a\u00e9reo para entornos de trabajo seguros y remotos. La licencia est\u00e1ndar de 1 a\u00f1o (sin conexi\u00f3n) de DJI Terra ofrece a los usuarios profesionales una soluci\u00f3n robusta y de alta precisi\u00f3n para la topograf\u00eda y el mapeo a\u00e9reo, dise\u00f1ada espec\u00edficamente para entornos sin acceso a internet fiable o continuo, como operaciones de campo remotas o instalaciones seguras. Esta licencia de un a\u00f1o para un solo dispositivo garantiza la m\u00e1xima autonom\u00eda y seguridad de los datos, permitiendo el uso de todas las funciones principales sin conexi\u00f3n tras una autorizaci\u00f3n inicial.","robots":{"index":"index","follow":"follow","max-snippet":"max-snippet:-1","max-image-preview":"max-image-preview:large","max-video-preview":"max-video-preview:-1"},"canonical":"https:\/\/www.ghostysky.com\/es\/producto-2\/dji-terra-standard-1-year-offline\/","og_locale":"es_ES","og_type":"article","og_title":"DJI Terra Standard 1 Year (Offline) - Ghostysky","og_description":"Professional Aerial Mapping and Modeling Software for Secure and Remote Work EnvironmentsThe DJI Terra Standard 1-Year (Offline) license provides professional users with a robust, high-precision aerial surveying and mapping solution designed specifically for environments without reliable or continuous internet access, such as remote field operations or secure facilities. This one-year, single-device license ensures maximum autonomy and data security by enabling all core functions to be utilized in an offline mode after an initial authorization.","og_url":"https:\/\/www.ghostysky.com\/es\/producto-2\/dji-terra-standard-1-year-offline\/","og_site_name":"Ghostysky","article_publisher":"https:\/\/www.facebook.com\/people\/Ghostysky\/100057676170234\/","article_modified_time":"2025-10-15T10:14:18+00:00","og_image":[{"width":800,"height":644,"url":"https:\/\/www.ghostysky.com\/wp-content\/uploads\/2024\/05\/GH_dji-terra-pro-overseas-perpetual-1.jpg","type":"image\/jpeg"}],"twitter_card":"summary_large_image","twitter_site":"@Gh0stysky","twitter_misc":{"Tiempo de lectura":"2 minutos"},"schema":{"@context":"https:\/\/schema.org","@graph":[{"@type":"WebPage","@id":"https:\/\/www.ghostysky.com\/product\/dji-terra-standard-1-year-offline\/","url":"https:\/\/www.ghostysky.com\/product\/dji-terra-standard-1-year-offline\/","name":"DJI Terra Standard 1 a\u00f1o (sin conexi\u00f3n) - Ghostysky","isPartOf":{"@id":"https:\/\/www.ghostysky.com\/#website"},"primaryImageOfPage":{"@id":"https:\/\/www.ghostysky.com\/product\/dji-terra-standard-1-year-offline\/#primaryimage"},"image":{"@id":"https:\/\/www.ghostysky.com\/product\/dji-terra-standard-1-year-offline\/#primaryimage"},"thumbnailUrl":"https:\/\/www.ghostysky.com\/wp-content\/uploads\/2024\/05\/GH_dji-terra-pro-overseas-perpetual-1.jpg","datePublished":"2025-10-14T15:34:57+00:00","dateModified":"2025-10-15T10:14:18+00:00","description":"Software profesional de cartograf\u00eda y modelado a\u00e9reo para entornos de trabajo seguros y remotos. La licencia est\u00e1ndar de 1 a\u00f1o (sin conexi\u00f3n) de DJI Terra ofrece a los usuarios profesionales una soluci\u00f3n robusta y de alta precisi\u00f3n para la topograf\u00eda y el mapeo a\u00e9reo, dise\u00f1ada espec\u00edficamente para entornos sin acceso a internet fiable o continuo, como operaciones de campo remotas o instalaciones seguras. Esta licencia de un a\u00f1o para un solo dispositivo garantiza la m\u00e1xima autonom\u00eda y seguridad de los datos, permitiendo el uso de todas las funciones principales sin conexi\u00f3n tras una autorizaci\u00f3n inicial.","breadcrumb":{"@id":"https:\/\/www.ghostysky.com\/product\/dji-terra-standard-1-year-offline\/#breadcrumb"},"inLanguage":"es","potentialAction":[{"@type":"ReadAction","target":["https:\/\/www.ghostysky.com\/product\/dji-terra-standard-1-year-offline\/"]}]},{"@type":"ImageObject","inLanguage":"es","@id":"https:\/\/www.ghostysky.com\/product\/dji-terra-standard-1-year-offline\/#primaryimage","url":"https:\/\/www.ghostysky.com\/wp-content\/uploads\/2024\/05\/GH_dji-terra-pro-overseas-perpetual-1.jpg","contentUrl":"https:\/\/www.ghostysky.com\/wp-content\/uploads\/2024\/05\/GH_dji-terra-pro-overseas-perpetual-1.jpg","width":800,"height":644},{"@type":"BreadcrumbList","@id":"https:\/\/www.ghostysky.com\/product\/dji-terra-standard-1-year-offline\/#breadcrumb","itemListElement":[{"@type":"ListItem","position":1,"name":"Home","item":"https:\/\/www.ghostysky.com\/"},{"@type":"ListItem","position":2,"name":"Shop","item":"https:\/\/www.ghostysky.com\/shop\/"},{"@type":"ListItem","position":3,"name":"DJI Terra Standard 1 Year (Offline)"}]},{"@type":"WebSite","@id":"https:\/\/www.ghostysky.com\/#website","url":"https:\/\/www.ghostysky.com\/","name":"Ghostysky","description":"Entrega de drones y servicios profesionales","publisher":{"@id":"https:\/\/www.ghostysky.com\/#organization"},"potentialAction":[{"@type":"SearchAction","target":{"@type":"EntryPoint","urlTemplate":"https:\/\/www.ghostysky.com\/?s={search_term_string}"},"query-input":{"@type":"PropertyValueSpecification","valueRequired":true,"valueName":"search_term_string"}}],"inLanguage":"es"},{"@type":"Organization","@id":"https:\/\/www.ghostysky.com\/#organization","name":"Ghostysky","url":"https:\/\/www.ghostysky.com\/","logo":{"@type":"ImageObject","inLanguage":"es","@id":"https:\/\/www.ghostysky.com\/#\/schema\/logo\/image\/","url":"https:\/\/www.ghostysky.com\/wp-content\/uploads\/2020\/06\/cropped-ghostyskylogo_text_white2.png","contentUrl":"https:\/\/www.ghostysky.com\/wp-content\/uploads\/2020\/06\/cropped-ghostyskylogo_text_white2.png","width":169,"height":56,"caption":"Ghostysky"},"image":{"@id":"https:\/\/www.ghostysky.com\/#\/schema\/logo\/image\/"},"sameAs":["https:\/\/www.facebook.com\/people\/Ghostysky\/100057676170234\/","https:\/\/x.com\/Gh0stysky","https:\/\/www.linkedin.com\/company\/34739653","https:\/\/www.instagram.com\/gh0stysky"]}]}},"_links":{"self":[{"href":"https:\/\/www.ghostysky.com\/es\/wp-json\/wp\/v2\/product\/20896","targetHints":{"allow":["GET"]}}],"collection":[{"href":"https:\/\/www.ghostysky.com\/es\/wp-json\/wp\/v2\/product"}],"about":[{"href":"https:\/\/www.ghostysky.com\/es\/wp-json\/wp\/v2\/types\/product"}],"replies":[{"embeddable":true,"href":"https:\/\/www.ghostysky.com\/es\/wp-json\/wp\/v2\/comments?post=20896"}],"wp:featuredmedia":[{"embeddable":true,"href":"https:\/\/www.ghostysky.com\/es\/wp-json\/wp\/v2\/media\/19353"}],"wp:attachment":[{"href":"https:\/\/www.ghostysky.com\/es\/wp-json\/wp\/v2\/media?parent=20896"}],"wp:term":[{"taxonomy":"product_brand","embeddable":true,"href":"https:\/\/www.ghostysky.com\/es\/wp-json\/wp\/v2\/product_brand?post=20896"},{"taxonomy":"product_cat","embeddable":true,"href":"https:\/\/www.ghostysky.com\/es\/wp-json\/wp\/v2\/product_cat?post=20896"},{"taxonomy":"product_tag","embeddable":true,"href":"https:\/\/www.ghostysky.com\/es\/wp-json\/wp\/v2\/product_tag?post=20896"}],"curies":[{"name":"wp","href":"https:\/\/api.w.org\/{rel}","templated":true}]}}