{"id":21012,"date":"2025-10-15T10:34:23","date_gmt":"2025-10-15T10:34:23","guid":{"rendered":"https:\/\/www.ghostysky.com\/?post_type=product&#038;p=21012"},"modified":"2026-01-10T09:19:17","modified_gmt":"2026-01-10T09:19:17","slug":"agilex-scout-2-0","status":"publish","type":"product","link":"https:\/\/www.ghostysky.com\/es\/product\/agilex-scout-2-0\/","title":{"rendered":"Agilex Scout 2.0"},"content":{"rendered":"<div id=\"chat-history\" class=\"chat-history-scroll-container\">\n<div id=\"64c00dc25f2b5435\" class=\"conversation-container message-actions-hover-boundary ng-star-inserted\">\n<div>\n<div class=\"response-container ng-tns-c1359467799-25 response-container-with-gpi ng-star-inserted response-container-has-multiple-responses\" data-hveid=\"1\">\n<div class=\"presented-response-container ng-tns-c1359467799-25\">\n<div class=\"response-container-content ng-tns-c1359467799-25\">\n<div class=\"response-content ng-tns-c1359467799-25\">\n<div id=\"model-response-message-contentr_64c00dc25f2b5435\" class=\"markdown markdown-main-panel stronger enable-updated-hr-color\" dir=\"ltr\">\n<h3><b>Caracter\u00edsticas principales y aspectos destacados<\/b><\/h3>\n<ul>\n<li><b><span class=\"citation-60\">Movilidad todoterreno robusta:<\/span><\/b><span class=\"citation-60\"> Cuenta con una <\/span><b><span class=\"citation-60\">Tracci\u00f3n en las 4 ruedas (4WD)<\/span><\/b><span class=\"citation-60\"> sistema y <\/span><b><span class=\"citation-60\">suspensi\u00f3n independiente<\/span><\/b><span class=\"citation-60 citation-end-60\"> para garantizar un movimiento estable y capaz en entornos interiores y exteriores, incluidos terrenos accidentados o irregulares.<\/span> <span class=\"citation-59 citation-end-59\">Puede gestionar pendientes de hasta <\/span><b><span class=\"math-inline\"><span class=\"katex\"><span class=\"katex-html\" aria-hidden=\"true\"><span class=\"base\"><span class=\"mord\">3<\/span><span class=\"mord\">0<span class=\"msupsub\"><span class=\"vlist-t\"><span class=\"vlist-r\"><span class=\"vlist\"><span class=\"\"><span class=\"sizing reset-size6 size3 mtight\"><span class=\"mbin mtight\">\u2218<\/span><\/span><\/span><\/span><\/span><\/span><\/span><\/span><\/span><\/span><\/span><\/span><\/b><span class=\"citation-58 citation-end-58\">.<\/span><\/li>\n<li><b><span class=\"citation-57\">Compacto y de alto rendimiento:<\/span><\/b><span class=\"citation-57\"> A pesar de su cuerpo relativamente compacto, el Scout 2.0 cuenta con un peso sustancial. <\/span><b><span class=\"citation-57\">Carga \u00fatil m\u00e1xima de 50 kg (110 lb)<\/span><\/b><span class=\"citation-57\"> capacidad y una velocidad m\u00e1xima de hasta <\/span><b><span class=\"citation-57\">1,5 m\/s<\/span><\/b><span class=\"citation-57 citation-end-57\">.<\/span><\/li>\n<li><b>Dise\u00f1ado para el desarrollo:<\/b><span class=\"citation-56\"> Es una base m\u00f3vil de calidad profesional con un <\/span><b><span class=\"citation-56\">est\u00e1ndar de comunicaci\u00f3n de c\u00f3digo abierto<\/span><\/b><span class=\"citation-56\"> y apoyo total al desarrollo secundario a trav\u00e9s de <\/span><b><span class=\"citation-56\">ROS (Sistema operativo rob\u00f3tico)<\/span><\/b><span class=\"citation-56 citation-end-56\">.<\/span> <span class=\"citation-55\">La comunicaci\u00f3n se facilita a trav\u00e9s de <\/span><b><span class=\"citation-55\">Bus CAN<\/span><\/b><span class=\"citation-55\"> y <\/span><b><span class=\"citation-55\">Interfaces seriales RS-232<\/span><\/b><span class=\"citation-55 citation-end-55\">.<\/span><\/li>\n<li><b><span class=\"citation-54\">Amplia personalizaci\u00f3n:<\/span><\/b><span class=\"citation-54 citation-end-54\"> La plataforma est\u00e1 equipada con interfaces de montaje est\u00e1ndar (como rieles deslizantes o placas de expansi\u00f3n) para una f\u00e1cil integraci\u00f3n de sensores, componentes y paquetes de hardware modulares como LiDAR, c\u00e1maras de profundidad, m\u00f3dulos GPS\/IMU y manipuladores rob\u00f3ticos.<\/span><\/li>\n<li><b>Resiliencia industrial:<\/b><span class=\"citation-53\"> Construido con un chasis duradero, cuenta con un sistema mejorado <\/span><b><span class=\"citation-53\">sistema de refrigeraci\u00f3n circulante<\/span><\/b><span class=\"citation-53 citation-end-53\"> para mantener un rendimiento \u00f3ptimo durante operaciones de alta intensidad y en cualquier clima.<\/span> <span class=\"citation-52\">La clasificaci\u00f3n de protecci\u00f3n de ingreso (IP) est\u00e1ndar es <\/span><b><span class=\"citation-52\">IP22<\/span><\/b><span class=\"citation-52\">, con opciones de personalizaci\u00f3n hasta <\/span><b><span class=\"citation-52\">IP64<\/span><\/b><span class=\"citation-52 citation-end-52\">.<\/span><\/li>\n<li><b>Direcci\u00f3n flexible:<\/b><span class=\"citation-51\"> Utiliza <\/span><b><span class=\"citation-51\">direcci\u00f3n diferencial en las cuatro ruedas<\/span><\/b><span class=\"citation-51\"> lo que permite una <\/span><b><span class=\"citation-51\">radio de giro m\u00ednimo de 0 metros<\/span><\/b><span class=\"citation-51 citation-end-51\"> (giro en el lugar), lo que permite una maniobrabilidad excepcional en espacios reducidos.<\/span><\/li>\n<\/ul>\n<p><span class=\"citation-50\">El Agilex Scout 2.0 sirve como base ideal para desarrollar soluciones en \u00e1reas como <\/span><b><span class=\"citation-50 citation-end-50\">inspecci\u00f3n aut\u00f3noma, transporte de materiales, patrullaje de seguridad, detecci\u00f3n ambiental e investigaci\u00f3n acad\u00e9mica avanzada.<\/span><\/b><\/p>\n<\/div>\n<\/div>\n<\/div>\n<\/div>\n<\/div>\n<\/div>\n<\/div>\n<\/div>\n<div class=\"input-area-container ng-tns-c1742710069-2 ng-trigger ng-trigger-inputAreaAnimation ng-star-inserted\">\n<div class=\"contextual-actions-container ng-tns-c1742710069-2 ng-star-inserted\">\n<div class=\"container hidden\"><\/div>\n<\/div>\n<div class=\"input-area ng-tns-c1646704378-7 with-toolbox-drawer\" data-node-type=\"input-area\">\n<div class=\"text-input-field ng-tns-c1646704378-7 with-toolbox-drawer height-expanded-past-single-line\">\n<div class=\"text-input-field_textarea-wrapper ng-tns-c1646704378-7\">\n<div class=\"text-input-field-main-area ng-tns-c1646704378-7\">\n<div class=\"text-input-field_textarea-inner ng-tns-c1646704378-7\">\n<div class=\"ql-editor textarea new-input-ui ql-blank\" role=\"textbox\" contenteditable=\"true\" data-gramm=\"false\" aria-multiline=\"true\" aria-label=\"Introduza um comando aqui\" data-placeholder=\"Pe\u00e7a ao Gemini\"><\/div>\n<\/div>\n<\/div>\n<\/div>\n<\/div>\n<\/div>\n<\/div>","protected":false},"excerpt":{"rendered":"<p><span class=\"\">El <\/span><b class=\"\">Agilex Scout 2.0<\/b><span class=\"\"> Es un modelo robusto y vers\u00e1til. <\/span><b class=\"\">Veh\u00edculo terrestre no tripulado (UGV)<\/b><span class=\"\"> Plataforma dise\u00f1ada para la investigaci\u00f3n rob\u00f3tica,<\/span><span class=\"\"> educaci\u00f3n,<\/span><span class=\"\"> y diversas aplicaciones industriales.<\/span><\/p>","protected":false},"featured_media":21013,"comment_status":"open","ping_status":"closed","template":"","meta":[],"product_brand":[1046],"product_cat":[1043,1044,1042,1037],"product_tag":[1047,1049,1048],"class_list":{"0":"post-21012","1":"product","2":"type-product","3":"status-publish","4":"has-post-thumbnail","6":"product_brand-agilex","7":"product_cat-agilex","8":"product_cat-agilex-robots","9":"product_cat-chassis","10":"product_cat-robotics","11":"product_tag-agilex","12":"product_tag-agliex-chassis","13":"product_tag-scout-2-0","15":"first","16":"onbackorder","17":"taxable","18":"shipping-taxable","19":"product-type-simple"},"yoast_head":"<!-- This site is optimized with the Yoast SEO plugin v27.4 - https:\/\/yoast.com\/product\/yoast-seo-wordpress\/ -->\n<title>Agilex Scout 2.0 - Ghostysky<\/title>\n<meta name=\"description\" content=\"The AgileX 2.0 series offers versatile, robust, and highly customizable Unmanned Ground Vehicles (UGVs) engineered for modern robotics research, industrial inspection, logistics, and autonomous driving applications. Built for both indoor and challenging outdoor environments, these platforms provide a reliable foundation for rapid secondary development and system integration.\" \/>\n<meta name=\"robots\" content=\"index, follow, max-snippet:-1, max-image-preview:large, max-video-preview:-1\" \/>\n<link rel=\"canonical\" href=\"https:\/\/www.ghostysky.com\/es\/producto-2\/agilex-scout-2-0\/\" \/>\n<meta property=\"og:locale\" content=\"es_ES\" \/>\n<meta property=\"og:type\" content=\"article\" \/>\n<meta property=\"og:title\" content=\"Agilex Scout 2.0 - Ghostysky\" \/>\n<meta property=\"og:description\" content=\"The AgileX 2.0 series offers versatile, robust, and highly customizable Unmanned Ground Vehicles (UGVs) engineered for modern robotics research, industrial inspection, logistics, and autonomous driving applications. Built for both indoor and challenging outdoor environments, these platforms provide a reliable foundation for rapid secondary development and system integration.\" \/>\n<meta property=\"og:url\" content=\"https:\/\/www.ghostysky.com\/es\/producto-2\/agilex-scout-2-0\/\" \/>\n<meta property=\"og:site_name\" content=\"Ghostysky\" \/>\n<meta property=\"article:publisher\" content=\"https:\/\/www.facebook.com\/people\/Ghostysky\/100057676170234\/\" \/>\n<meta property=\"article:modified_time\" content=\"2026-01-10T09:19:17+00:00\" \/>\n<meta property=\"og:image\" content=\"https:\/\/www.ghostysky.com\/wp-content\/uploads\/2025\/10\/GH_Agilex_Scout2.0_1.jpg\" \/>\n\t<meta property=\"og:image:width\" content=\"800\" \/>\n\t<meta property=\"og:image:height\" content=\"800\" \/>\n\t<meta property=\"og:image:type\" content=\"image\/jpeg\" \/>\n<meta name=\"twitter:card\" content=\"summary_large_image\" \/>\n<meta name=\"twitter:site\" content=\"@Gh0stysky\" \/>\n<meta name=\"twitter:label1\" content=\"Tiempo de lectura\" \/>\n\t<meta name=\"twitter:data1\" content=\"2 minutos\" \/>\n<script type=\"application\/ld+json\" class=\"yoast-schema-graph\">{\"@context\":\"https:\\\/\\\/schema.org\",\"@graph\":[{\"@type\":\"WebPage\",\"@id\":\"https:\\\/\\\/www.ghostysky.com\\\/product\\\/agilex-scout-2-0\\\/\",\"url\":\"https:\\\/\\\/www.ghostysky.com\\\/product\\\/agilex-scout-2-0\\\/\",\"name\":\"Agilex Scout 2.0 - Ghostysky\",\"isPartOf\":{\"@id\":\"https:\\\/\\\/www.ghostysky.com\\\/#website\"},\"primaryImageOfPage\":{\"@id\":\"https:\\\/\\\/www.ghostysky.com\\\/product\\\/agilex-scout-2-0\\\/#primaryimage\"},\"image\":{\"@id\":\"https:\\\/\\\/www.ghostysky.com\\\/product\\\/agilex-scout-2-0\\\/#primaryimage\"},\"thumbnailUrl\":\"https:\\\/\\\/www.ghostysky.com\\\/wp-content\\\/uploads\\\/2025\\\/10\\\/GH_Agilex_Scout2.0_1.jpg\",\"datePublished\":\"2025-10-15T10:34:23+00:00\",\"dateModified\":\"2026-01-10T09:19:17+00:00\",\"description\":\"The AgileX 2.0 series offers versatile, robust, and highly customizable Unmanned Ground Vehicles (UGVs) engineered for modern robotics research, industrial inspection, logistics, and autonomous driving applications. Built for both indoor and challenging outdoor environments, these platforms provide a reliable foundation for rapid secondary development and system integration.\",\"breadcrumb\":{\"@id\":\"https:\\\/\\\/www.ghostysky.com\\\/product\\\/agilex-scout-2-0\\\/#breadcrumb\"},\"inLanguage\":\"es\",\"potentialAction\":[{\"@type\":\"ReadAction\",\"target\":[\"https:\\\/\\\/www.ghostysky.com\\\/product\\\/agilex-scout-2-0\\\/\"]}]},{\"@type\":\"ImageObject\",\"inLanguage\":\"es\",\"@id\":\"https:\\\/\\\/www.ghostysky.com\\\/product\\\/agilex-scout-2-0\\\/#primaryimage\",\"url\":\"https:\\\/\\\/www.ghostysky.com\\\/wp-content\\\/uploads\\\/2025\\\/10\\\/GH_Agilex_Scout2.0_1.jpg\",\"contentUrl\":\"https:\\\/\\\/www.ghostysky.com\\\/wp-content\\\/uploads\\\/2025\\\/10\\\/GH_Agilex_Scout2.0_1.jpg\",\"width\":800,\"height\":800,\"caption\":\"Created with GIMP\"},{\"@type\":\"BreadcrumbList\",\"@id\":\"https:\\\/\\\/www.ghostysky.com\\\/product\\\/agilex-scout-2-0\\\/#breadcrumb\",\"itemListElement\":[{\"@type\":\"ListItem\",\"position\":1,\"name\":\"Home\",\"item\":\"https:\\\/\\\/www.ghostysky.com\\\/\"},{\"@type\":\"ListItem\",\"position\":2,\"name\":\"Shop\",\"item\":\"https:\\\/\\\/www.ghostysky.com\\\/shop\\\/\"},{\"@type\":\"ListItem\",\"position\":3,\"name\":\"Agilex Scout 2.0\"}]},{\"@type\":\"WebSite\",\"@id\":\"https:\\\/\\\/www.ghostysky.com\\\/#website\",\"url\":\"https:\\\/\\\/www.ghostysky.com\\\/\",\"name\":\"Ghostysky\",\"description\":\"Delivering professional drones and robotics solutions\",\"publisher\":{\"@id\":\"https:\\\/\\\/www.ghostysky.com\\\/#organization\"},\"potentialAction\":[{\"@type\":\"SearchAction\",\"target\":{\"@type\":\"EntryPoint\",\"urlTemplate\":\"https:\\\/\\\/www.ghostysky.com\\\/?s={search_term_string}\"},\"query-input\":{\"@type\":\"PropertyValueSpecification\",\"valueRequired\":true,\"valueName\":\"search_term_string\"}}],\"inLanguage\":\"es\"},{\"@type\":\"Organization\",\"@id\":\"https:\\\/\\\/www.ghostysky.com\\\/#organization\",\"name\":\"Ghostysky\",\"url\":\"https:\\\/\\\/www.ghostysky.com\\\/\",\"logo\":{\"@type\":\"ImageObject\",\"inLanguage\":\"es\",\"@id\":\"https:\\\/\\\/www.ghostysky.com\\\/#\\\/schema\\\/logo\\\/image\\\/\",\"url\":\"https:\\\/\\\/www.ghostysky.com\\\/wp-content\\\/uploads\\\/2020\\\/06\\\/cropped-ghostyskylogo_text_white2.png\",\"contentUrl\":\"https:\\\/\\\/www.ghostysky.com\\\/wp-content\\\/uploads\\\/2020\\\/06\\\/cropped-ghostyskylogo_text_white2.png\",\"width\":169,\"height\":56,\"caption\":\"Ghostysky\"},\"image\":{\"@id\":\"https:\\\/\\\/www.ghostysky.com\\\/#\\\/schema\\\/logo\\\/image\\\/\"},\"sameAs\":[\"https:\\\/\\\/www.facebook.com\\\/people\\\/Ghostysky\\\/100057676170234\\\/\",\"https:\\\/\\\/x.com\\\/Gh0stysky\",\"https:\\\/\\\/www.linkedin.com\\\/company\\\/34739653\",\"https:\\\/\\\/www.instagram.com\\\/gh0stysky\"]}]}<\/script>\n<!-- \/ Yoast SEO plugin. -->","yoast_head_json":{"title":"Agilex Scout 2.0 - Ghostysky","description":"La serie AgileX 2.0 ofrece veh\u00edculos terrestres no tripulados (UGV) vers\u00e1tiles, robustos y altamente personalizables, dise\u00f1ados para la investigaci\u00f3n rob\u00f3tica moderna, la inspecci\u00f3n industrial, la log\u00edstica y las aplicaciones de conducci\u00f3n aut\u00f3noma. Dise\u00f1adas tanto para entornos interiores como exteriores exigentes, estas plataformas proporcionan una base s\u00f3lida para un r\u00e1pido desarrollo secundario e integraci\u00f3n de sistemas.","robots":{"index":"index","follow":"follow","max-snippet":"max-snippet:-1","max-image-preview":"max-image-preview:large","max-video-preview":"max-video-preview:-1"},"canonical":"https:\/\/www.ghostysky.com\/es\/producto-2\/agilex-scout-2-0\/","og_locale":"es_ES","og_type":"article","og_title":"Agilex Scout 2.0 - Ghostysky","og_description":"The AgileX 2.0 series offers versatile, robust, and highly customizable Unmanned Ground Vehicles (UGVs) engineered for modern robotics research, industrial inspection, logistics, and autonomous driving applications. Built for both indoor and challenging outdoor environments, these platforms provide a reliable foundation for rapid secondary development and system integration.","og_url":"https:\/\/www.ghostysky.com\/es\/producto-2\/agilex-scout-2-0\/","og_site_name":"Ghostysky","article_publisher":"https:\/\/www.facebook.com\/people\/Ghostysky\/100057676170234\/","article_modified_time":"2026-01-10T09:19:17+00:00","og_image":[{"width":800,"height":800,"url":"https:\/\/www.ghostysky.com\/wp-content\/uploads\/2025\/10\/GH_Agilex_Scout2.0_1.jpg","type":"image\/jpeg"}],"twitter_card":"summary_large_image","twitter_site":"@Gh0stysky","twitter_misc":{"Tiempo de lectura":"2 minutos"},"schema":{"@context":"https:\/\/schema.org","@graph":[{"@type":"WebPage","@id":"https:\/\/www.ghostysky.com\/product\/agilex-scout-2-0\/","url":"https:\/\/www.ghostysky.com\/product\/agilex-scout-2-0\/","name":"Agilex Scout 2.0 - Ghostysky","isPartOf":{"@id":"https:\/\/www.ghostysky.com\/#website"},"primaryImageOfPage":{"@id":"https:\/\/www.ghostysky.com\/product\/agilex-scout-2-0\/#primaryimage"},"image":{"@id":"https:\/\/www.ghostysky.com\/product\/agilex-scout-2-0\/#primaryimage"},"thumbnailUrl":"https:\/\/www.ghostysky.com\/wp-content\/uploads\/2025\/10\/GH_Agilex_Scout2.0_1.jpg","datePublished":"2025-10-15T10:34:23+00:00","dateModified":"2026-01-10T09:19:17+00:00","description":"La serie AgileX 2.0 ofrece veh\u00edculos terrestres no tripulados (UGV) vers\u00e1tiles, robustos y altamente personalizables, dise\u00f1ados para la investigaci\u00f3n rob\u00f3tica moderna, la inspecci\u00f3n industrial, la log\u00edstica y las aplicaciones de conducci\u00f3n aut\u00f3noma. Dise\u00f1adas tanto para entornos interiores como exteriores exigentes, estas plataformas proporcionan una base s\u00f3lida para un r\u00e1pido desarrollo secundario e integraci\u00f3n de sistemas.","breadcrumb":{"@id":"https:\/\/www.ghostysky.com\/product\/agilex-scout-2-0\/#breadcrumb"},"inLanguage":"es","potentialAction":[{"@type":"ReadAction","target":["https:\/\/www.ghostysky.com\/product\/agilex-scout-2-0\/"]}]},{"@type":"ImageObject","inLanguage":"es","@id":"https:\/\/www.ghostysky.com\/product\/agilex-scout-2-0\/#primaryimage","url":"https:\/\/www.ghostysky.com\/wp-content\/uploads\/2025\/10\/GH_Agilex_Scout2.0_1.jpg","contentUrl":"https:\/\/www.ghostysky.com\/wp-content\/uploads\/2025\/10\/GH_Agilex_Scout2.0_1.jpg","width":800,"height":800,"caption":"Created with GIMP"},{"@type":"BreadcrumbList","@id":"https:\/\/www.ghostysky.com\/product\/agilex-scout-2-0\/#breadcrumb","itemListElement":[{"@type":"ListItem","position":1,"name":"Home","item":"https:\/\/www.ghostysky.com\/"},{"@type":"ListItem","position":2,"name":"Shop","item":"https:\/\/www.ghostysky.com\/shop\/"},{"@type":"ListItem","position":3,"name":"Agilex Scout 2.0"}]},{"@type":"WebSite","@id":"https:\/\/www.ghostysky.com\/#website","url":"https:\/\/www.ghostysky.com\/","name":"Ghostysky","description":"Ofrecemos soluciones profesionales de drones y rob\u00f3tica.","publisher":{"@id":"https:\/\/www.ghostysky.com\/#organization"},"potentialAction":[{"@type":"SearchAction","target":{"@type":"EntryPoint","urlTemplate":"https:\/\/www.ghostysky.com\/?s={search_term_string}"},"query-input":{"@type":"PropertyValueSpecification","valueRequired":true,"valueName":"search_term_string"}}],"inLanguage":"es"},{"@type":"Organization","@id":"https:\/\/www.ghostysky.com\/#organization","name":"Ghostysky","url":"https:\/\/www.ghostysky.com\/","logo":{"@type":"ImageObject","inLanguage":"es","@id":"https:\/\/www.ghostysky.com\/#\/schema\/logo\/image\/","url":"https:\/\/www.ghostysky.com\/wp-content\/uploads\/2020\/06\/cropped-ghostyskylogo_text_white2.png","contentUrl":"https:\/\/www.ghostysky.com\/wp-content\/uploads\/2020\/06\/cropped-ghostyskylogo_text_white2.png","width":169,"height":56,"caption":"Ghostysky"},"image":{"@id":"https:\/\/www.ghostysky.com\/#\/schema\/logo\/image\/"},"sameAs":["https:\/\/www.facebook.com\/people\/Ghostysky\/100057676170234\/","https:\/\/x.com\/Gh0stysky","https:\/\/www.linkedin.com\/company\/34739653","https:\/\/www.instagram.com\/gh0stysky"]}]}},"_links":{"self":[{"href":"https:\/\/www.ghostysky.com\/es\/wp-json\/wp\/v2\/product\/21012","targetHints":{"allow":["GET"]}}],"collection":[{"href":"https:\/\/www.ghostysky.com\/es\/wp-json\/wp\/v2\/product"}],"about":[{"href":"https:\/\/www.ghostysky.com\/es\/wp-json\/wp\/v2\/types\/product"}],"replies":[{"embeddable":true,"href":"https:\/\/www.ghostysky.com\/es\/wp-json\/wp\/v2\/comments?post=21012"}],"version-history":[{"count":0,"href":"https:\/\/www.ghostysky.com\/es\/wp-json\/wp\/v2\/product\/21012\/revisions"}],"wp:featuredmedia":[{"embeddable":true,"href":"https:\/\/www.ghostysky.com\/es\/wp-json\/wp\/v2\/media\/21013"}],"wp:attachment":[{"href":"https:\/\/www.ghostysky.com\/es\/wp-json\/wp\/v2\/media?parent=21012"}],"wp:term":[{"taxonomy":"product_brand","embeddable":true,"href":"https:\/\/www.ghostysky.com\/es\/wp-json\/wp\/v2\/product_brand?post=21012"},{"taxonomy":"product_cat","embeddable":true,"href":"https:\/\/www.ghostysky.com\/es\/wp-json\/wp\/v2\/product_cat?post=21012"},{"taxonomy":"product_tag","embeddable":true,"href":"https:\/\/www.ghostysky.com\/es\/wp-json\/wp\/v2\/product_tag?post=21012"}],"curies":[{"name":"wp","href":"https:\/\/api.w.org\/{rel}","templated":true}]}}