{"id":21016,"date":"2025-10-15T10:44:05","date_gmt":"2025-10-15T10:44:05","guid":{"rendered":"https:\/\/www.ghostysky.com\/?post_type=product&#038;p=21016"},"modified":"2026-01-10T09:58:47","modified_gmt":"2026-01-10T09:58:47","slug":"agilex-scout-mini-standard-wheel","status":"publish","type":"product","link":"https:\/\/www.ghostysky.com\/es\/product\/agilex-scout-mini-standard-wheel\/","title":{"rendered":"Agilex Scout Mini (rueda est\u00e1ndar)"},"content":{"rendered":"<h3><b>Caracter\u00edsticas clave<\/b><\/h3>\n<ul>\n<li><b>Agilidad de alta velocidad y todo terreno:<\/b>\n<ul>\n<li><span class=\"citation-106\">Cuenta con una <\/span><b><span class=\"citation-106\">tracci\u00f3n diferencial en las cuatro ruedas<\/span><\/b><span class=\"citation-106 citation-end-106\"> sistema.<\/span><\/li>\n<li><span class=\"citation-105\">Equipado con <\/span><b><span class=\"citation-105\">suspensi\u00f3n independiente<\/span><\/b><span class=\"citation-105 citation-end-105\"> (a menudo de doble horquilla) para un desplazamiento suave sobre terreno irregular.<\/span><\/li>\n<li><span class=\"citation-104\">Capaz de alcanzar una alta velocidad de hasta <\/span><b><span class=\"citation-104\">10 kil\u00f3metros por hora<\/span><\/b><span class=\"citation-104 citation-end-104\"> (3 m\/s).<\/span><\/li>\n<li><span class=\"citation-103\">Excelente capacidad de escalada, manejando pendientes de hasta <\/span><b><span class=\"citation-103\">30 grados<\/span><\/b><span class=\"citation-103 citation-end-103\">.<\/span><\/li>\n<li><b><span class=\"citation-102\">Radio de giro cero<\/span><\/b><span class=\"citation-102 citation-end-102\"> (puede girar en el lugar) para una alta maniobrabilidad en espacios reducidos.<\/span><\/li>\n<\/ul>\n<\/li>\n<li><b>Dise\u00f1o robusto y compacto:<\/b>\n<ul>\n<li>Ocupa poco espacio (aprox. <span class=\"math-inline\"><span class=\"katex\"><span class=\"katex-html\" aria-hidden=\"true\"><span class=\"base\"><span class=\"mord\">612<\/span><span class=\"mord text\"><span class=\"mord\">mil\u00edmetros<\/span><\/span><span class=\"mbin\">\u00d7<\/span><\/span><span class=\"base\"><span class=\"mord\">580<\/span><span class=\"mord text\"><span class=\"mord\">mil\u00edmetros<\/span><\/span><span class=\"mbin\">\u00d7<\/span><\/span><span class=\"base\"><span class=\"mord\">245<\/span><span class=\"mord text\"><span class=\"mord\">mil\u00edmetros<\/span><\/span><\/span><\/span><\/span><\/span><span class=\"citation-101 citation-end-101\">) y liviano para una implementaci\u00f3n r\u00e1pida.<\/span><\/li>\n<li><span class=\"citation-100 citation-end-100\">Construido con un chasis duradero (clasificaci\u00f3n IP22 para protecci\u00f3n contra polvo y agua) adecuado tanto para entornos interiores como exteriores.<\/span><\/li>\n<\/ul>\n<\/li>\n<li><b>Plataforma Abierta para el Desarrollo:<\/b>\n<ul>\n<li><span class=\"citation-99 citation-end-99\">Ideal para experimentos cient\u00edficos de vanguardia, educaci\u00f3n e investigaci\u00f3n rob\u00f3tica.<\/span><\/li>\n<li><span class=\"citation-98\">Totalmente compatible <\/span><b><span class=\"citation-98\">ROS (Sistema operativo rob\u00f3tico)<\/span><\/b><span class=\"citation-98 citation-end-98\"> y proporciona un SDK de c\u00f3digo abierto y recursos de software para el desarrollo secundario.<\/span><\/li>\n<li><span class=\"citation-97\">Comunicaci\u00f3n v\u00eda <\/span><b><span class=\"citation-97\">Bus CAN est\u00e1ndar<\/span><\/b><span class=\"citation-97 citation-end-97\"> y puerto serie RS-232.<\/span><\/li>\n<li><span class=\"citation-96\">Caracter\u00edsticas <\/span><b><span class=\"citation-96\">rieles de ranura en T de aluminio<\/span><\/b><span class=\"citation-96 citation-end-96\"> y aperturas preposicionadas para un montaje f\u00e1cil y seguro de cargas \u00fatiles personalizadas como LiDAR, c\u00e1maras, GPS, IMU o controladores industriales.<\/span><\/li>\n<\/ul>\n<\/li>\n<li><b>Especificaciones de rendimiento (rueda est\u00e1ndar):<\/b>\n<ul>\n<li><b><span class=\"citation-95\">M\u00e1ximo de carga \u00fatil:<\/span><\/b> <span class=\"math-inline\"><span class=\"katex\"><span class=\"katex-html\" aria-hidden=\"true\"><span class=\"base\"><span class=\"mord\">10<\/span><span class=\"mord text\"><span class=\"mord\">kg<\/span><\/span><\/span><\/span><\/span><\/span><\/li>\n<li><b><span class=\"citation-94\">Velocidad m\u00e1xima:<\/span><\/b> <span class=\"math-inline\"><span class=\"katex\"><span class=\"katex-html\" aria-hidden=\"true\"><span class=\"base\"><span class=\"mrel\">\u2264<\/span><\/span><span class=\"base\"><span class=\"mord\">10<\/span><span class=\"mord text\"><span class=\"mord\">kil\u00f3metros por hora<\/span><\/span><\/span><\/span><\/span><\/span><span class=\"citation-93 citation-end-93\"> (o <\/span><span class=\"math-inline\"><span class=\"katex\"><span class=\"katex-html\" aria-hidden=\"true\"><span class=\"base\"><span class=\"mrel\">\u223c<\/span><\/span><span class=\"base\"><span class=\"mord\">3<\/span><span class=\"mord text\"><span class=\"mord\">EM<\/span><\/span><\/span><\/span><\/span><\/span><span class=\"citation-92 citation-end-92\">)<\/span><\/li>\n<li><b><span class=\"citation-91\">\u00c1ngulo de escalada:<\/span><\/b> <span class=\"math-inline\"><span class=\"katex\"><span class=\"katex-html\" aria-hidden=\"true\"><span class=\"base\"><span class=\"mrel\">\u2264<\/span><\/span><span class=\"base\"><span class=\"mord\">3<\/span><span class=\"mord\">0<span class=\"msupsub\"><span class=\"vlist-t\"><span class=\"vlist-r\"><span class=\"vlist\"><span class=\"\"><span class=\"sizing reset-size6 size3 mtight\"><span class=\"mbin mtight\">\u2218<\/span><\/span><\/span><\/span><\/span><\/span><\/span><\/span><\/span><\/span><\/span><\/span><\/li>\n<li><b>Bater\u00eda:<\/b> <span class=\"math-inline\"><span class=\"katex\"><span class=\"katex-html\" aria-hidden=\"true\"><span class=\"base\"><span class=\"mord\">24<\/span><span class=\"mord text\"><span class=\"mord\">V<\/span><\/span><span class=\"mord\">\/15<\/span><span class=\"mord text\"><span class=\"mord\">Ah<\/span><\/span><\/span><\/span><\/span><\/span><span class=\"citation-89 citation-end-89\"> Iones de litio, con una autonom\u00eda de hasta <\/span><span class=\"math-inline\"><span class=\"katex\"><span class=\"katex-html\" aria-hidden=\"true\"><span class=\"base\"><span class=\"mord\">10<\/span><span class=\"mord text\"><span class=\"mord\">kil\u00f3metros<\/span><\/span><\/span><\/span><\/span><\/span><span class=\"citation-88 citation-end-88\"> (descargado).<\/span><\/li>\n<li><b><span class=\"citation-87\">Motores:<\/span><\/b> <span class=\"math-inline\"><span class=\"katex\"><span class=\"katex-html\" aria-hidden=\"true\"><span class=\"base\"><span class=\"mord\">4<\/span><span class=\"mbin\">\u00d7<\/span><\/span><span class=\"base\"><span class=\"mord\">150<\/span><span class=\"mord text\"><span class=\"mord\">O<\/span><\/span><\/span><\/span><\/span><\/span><span class=\"citation-86 citation-end-86\"> Motores DC sin escobillas.<\/span><\/li>\n<\/ul>\n<\/li>\n<\/ul>\n<p><span class=\"citation-85 citation-end-85\">El Agilex Scout Mini ofrece a los investigadores, desarrolladores e ingenieros un chasis potente, flexible y robusto para centrarse en el desarrollo de algoritmos y la integraci\u00f3n de sistemas en lugar del control del veh\u00edculo.<\/span><\/p>","protected":false},"excerpt":{"rendered":"<p>El Agilex Scout Mini (rueda est\u00e1ndar) es un veh\u00edculo terrestre no tripulado (UGV) compacto, de alta velocidad y todo terreno, dise\u00f1ado como una plataforma m\u00f3vil vers\u00e1til de investigaci\u00f3n y desarrollo.<\/p>","protected":false},"featured_media":21017,"comment_status":"open","ping_status":"closed","template":"","meta":[],"product_brand":[1046],"product_cat":[1043,1044,1042,1037],"product_tag":[1047,1050,1052,1051],"class_list":{"0":"post-21016","1":"product","2":"type-product","3":"status-publish","4":"has-post-thumbnail","6":"product_brand-agilex","7":"product_cat-agilex","8":"product_cat-agilex-robots","9":"product_cat-chassis","10":"product_cat-robotics","11":"product_tag-agilex","12":"product_tag-agilex-chasis","13":"product_tag-agilex-robots","14":"product_tag-agilex-scout-mini-standard-wheel","16":"first","17":"onbackorder","18":"taxable","19":"shipping-taxable","20":"purchasable","21":"product-type-simple"},"yoast_head":"<!-- This site is optimized with the Yoast SEO plugin v27.4 - https:\/\/yoast.com\/product\/yoast-seo-wordpress\/ -->\n<title>Agilex Scout Mini (Standard Wheel) - Ghostysky<\/title>\n<meta name=\"description\" content=\"The Agilex Scout Mini (Standard Wheel) is a compact, high-speed, all-terrain Unmanned Ground Vehicle (UGV) designed as a versatile mobile research and development platform.\" \/>\n<meta name=\"robots\" content=\"index, follow, max-snippet:-1, max-image-preview:large, max-video-preview:-1\" \/>\n<link rel=\"canonical\" href=\"https:\/\/www.ghostysky.com\/es\/producto-2\/agilex-scout-mini-standard-wheel\/\" \/>\n<meta property=\"og:locale\" content=\"es_ES\" \/>\n<meta property=\"og:type\" content=\"article\" \/>\n<meta property=\"og:title\" content=\"Agilex Scout Mini (Standard Wheel) - Ghostysky\" \/>\n<meta property=\"og:description\" content=\"The Agilex Scout Mini (Standard Wheel) is a compact, high-speed, all-terrain Unmanned Ground Vehicle (UGV) designed as a versatile mobile research and development platform.\" \/>\n<meta property=\"og:url\" content=\"https:\/\/www.ghostysky.com\/es\/producto-2\/agilex-scout-mini-standard-wheel\/\" \/>\n<meta property=\"og:site_name\" content=\"Ghostysky\" \/>\n<meta property=\"article:publisher\" content=\"https:\/\/www.facebook.com\/people\/Ghostysky\/100057676170234\/\" \/>\n<meta property=\"article:modified_time\" content=\"2026-01-10T09:58:47+00:00\" \/>\n<meta property=\"og:image\" content=\"https:\/\/www.ghostysky.com\/wp-content\/uploads\/2025\/10\/GH_Agilex_ScoutMini_SW_4.jpg\" \/>\n\t<meta property=\"og:image:width\" content=\"650\" \/>\n\t<meta property=\"og:image:height\" content=\"650\" \/>\n\t<meta property=\"og:image:type\" content=\"image\/jpeg\" \/>\n<meta name=\"twitter:card\" content=\"summary_large_image\" \/>\n<meta name=\"twitter:site\" content=\"@Gh0stysky\" \/>\n<meta name=\"twitter:label1\" content=\"Tiempo de lectura\" \/>\n\t<meta name=\"twitter:data1\" content=\"2 minutos\" \/>\n<script type=\"application\/ld+json\" class=\"yoast-schema-graph\">{\"@context\":\"https:\\\/\\\/schema.org\",\"@graph\":[{\"@type\":\"WebPage\",\"@id\":\"https:\\\/\\\/www.ghostysky.com\\\/product\\\/agilex-scout-mini-standard-wheel\\\/\",\"url\":\"https:\\\/\\\/www.ghostysky.com\\\/product\\\/agilex-scout-mini-standard-wheel\\\/\",\"name\":\"Agilex Scout Mini (Standard Wheel) - Ghostysky\",\"isPartOf\":{\"@id\":\"https:\\\/\\\/www.ghostysky.com\\\/#website\"},\"primaryImageOfPage\":{\"@id\":\"https:\\\/\\\/www.ghostysky.com\\\/product\\\/agilex-scout-mini-standard-wheel\\\/#primaryimage\"},\"image\":{\"@id\":\"https:\\\/\\\/www.ghostysky.com\\\/product\\\/agilex-scout-mini-standard-wheel\\\/#primaryimage\"},\"thumbnailUrl\":\"https:\\\/\\\/www.ghostysky.com\\\/wp-content\\\/uploads\\\/2025\\\/10\\\/GH_Agilex_ScoutMini_SW_4.jpg\",\"datePublished\":\"2025-10-15T10:44:05+00:00\",\"dateModified\":\"2026-01-10T09:58:47+00:00\",\"description\":\"The Agilex Scout Mini (Standard Wheel) is a compact, high-speed, all-terrain Unmanned Ground Vehicle (UGV) designed as a versatile mobile research and development platform.\",\"breadcrumb\":{\"@id\":\"https:\\\/\\\/www.ghostysky.com\\\/product\\\/agilex-scout-mini-standard-wheel\\\/#breadcrumb\"},\"inLanguage\":\"es\",\"potentialAction\":[{\"@type\":\"ReadAction\",\"target\":[\"https:\\\/\\\/www.ghostysky.com\\\/product\\\/agilex-scout-mini-standard-wheel\\\/\"]}]},{\"@type\":\"ImageObject\",\"inLanguage\":\"es\",\"@id\":\"https:\\\/\\\/www.ghostysky.com\\\/product\\\/agilex-scout-mini-standard-wheel\\\/#primaryimage\",\"url\":\"https:\\\/\\\/www.ghostysky.com\\\/wp-content\\\/uploads\\\/2025\\\/10\\\/GH_Agilex_ScoutMini_SW_4.jpg\",\"contentUrl\":\"https:\\\/\\\/www.ghostysky.com\\\/wp-content\\\/uploads\\\/2025\\\/10\\\/GH_Agilex_ScoutMini_SW_4.jpg\",\"width\":650,\"height\":650},{\"@type\":\"BreadcrumbList\",\"@id\":\"https:\\\/\\\/www.ghostysky.com\\\/product\\\/agilex-scout-mini-standard-wheel\\\/#breadcrumb\",\"itemListElement\":[{\"@type\":\"ListItem\",\"position\":1,\"name\":\"Home\",\"item\":\"https:\\\/\\\/www.ghostysky.com\\\/\"},{\"@type\":\"ListItem\",\"position\":2,\"name\":\"Shop\",\"item\":\"https:\\\/\\\/www.ghostysky.com\\\/shop\\\/\"},{\"@type\":\"ListItem\",\"position\":3,\"name\":\"Agilex Scout Mini (Standard Wheel)\"}]},{\"@type\":\"WebSite\",\"@id\":\"https:\\\/\\\/www.ghostysky.com\\\/#website\",\"url\":\"https:\\\/\\\/www.ghostysky.com\\\/\",\"name\":\"Ghostysky\",\"description\":\"Delivering professional drones and robotics solutions\",\"publisher\":{\"@id\":\"https:\\\/\\\/www.ghostysky.com\\\/#organization\"},\"potentialAction\":[{\"@type\":\"SearchAction\",\"target\":{\"@type\":\"EntryPoint\",\"urlTemplate\":\"https:\\\/\\\/www.ghostysky.com\\\/?s={search_term_string}\"},\"query-input\":{\"@type\":\"PropertyValueSpecification\",\"valueRequired\":true,\"valueName\":\"search_term_string\"}}],\"inLanguage\":\"es\"},{\"@type\":\"Organization\",\"@id\":\"https:\\\/\\\/www.ghostysky.com\\\/#organization\",\"name\":\"Ghostysky\",\"url\":\"https:\\\/\\\/www.ghostysky.com\\\/\",\"logo\":{\"@type\":\"ImageObject\",\"inLanguage\":\"es\",\"@id\":\"https:\\\/\\\/www.ghostysky.com\\\/#\\\/schema\\\/logo\\\/image\\\/\",\"url\":\"https:\\\/\\\/www.ghostysky.com\\\/wp-content\\\/uploads\\\/2020\\\/06\\\/cropped-ghostyskylogo_text_white2.png\",\"contentUrl\":\"https:\\\/\\\/www.ghostysky.com\\\/wp-content\\\/uploads\\\/2020\\\/06\\\/cropped-ghostyskylogo_text_white2.png\",\"width\":169,\"height\":56,\"caption\":\"Ghostysky\"},\"image\":{\"@id\":\"https:\\\/\\\/www.ghostysky.com\\\/#\\\/schema\\\/logo\\\/image\\\/\"},\"sameAs\":[\"https:\\\/\\\/www.facebook.com\\\/people\\\/Ghostysky\\\/100057676170234\\\/\",\"https:\\\/\\\/x.com\\\/Gh0stysky\",\"https:\\\/\\\/www.linkedin.com\\\/company\\\/34739653\",\"https:\\\/\\\/www.instagram.com\\\/gh0stysky\"]}]}<\/script>\n<!-- \/ Yoast SEO plugin. -->","yoast_head_json":{"title":"Agilex Scout Mini (rueda est\u00e1ndar) - Ghostysky","description":"El Agilex Scout Mini (rueda est\u00e1ndar) es un veh\u00edculo terrestre no tripulado (UGV) compacto, de alta velocidad y todo terreno, dise\u00f1ado como una plataforma m\u00f3vil vers\u00e1til de investigaci\u00f3n y desarrollo.","robots":{"index":"index","follow":"follow","max-snippet":"max-snippet:-1","max-image-preview":"max-image-preview:large","max-video-preview":"max-video-preview:-1"},"canonical":"https:\/\/www.ghostysky.com\/es\/producto-2\/agilex-scout-mini-standard-wheel\/","og_locale":"es_ES","og_type":"article","og_title":"Agilex Scout Mini (Standard Wheel) - Ghostysky","og_description":"The Agilex Scout Mini (Standard Wheel) is a compact, high-speed, all-terrain Unmanned Ground Vehicle (UGV) designed as a versatile mobile research and development platform.","og_url":"https:\/\/www.ghostysky.com\/es\/producto-2\/agilex-scout-mini-standard-wheel\/","og_site_name":"Ghostysky","article_publisher":"https:\/\/www.facebook.com\/people\/Ghostysky\/100057676170234\/","article_modified_time":"2026-01-10T09:58:47+00:00","og_image":[{"width":650,"height":650,"url":"https:\/\/www.ghostysky.com\/wp-content\/uploads\/2025\/10\/GH_Agilex_ScoutMini_SW_4.jpg","type":"image\/jpeg"}],"twitter_card":"summary_large_image","twitter_site":"@Gh0stysky","twitter_misc":{"Tiempo de lectura":"2 minutos"},"schema":{"@context":"https:\/\/schema.org","@graph":[{"@type":"WebPage","@id":"https:\/\/www.ghostysky.com\/product\/agilex-scout-mini-standard-wheel\/","url":"https:\/\/www.ghostysky.com\/product\/agilex-scout-mini-standard-wheel\/","name":"Agilex Scout Mini (rueda est\u00e1ndar) - Ghostysky","isPartOf":{"@id":"https:\/\/www.ghostysky.com\/#website"},"primaryImageOfPage":{"@id":"https:\/\/www.ghostysky.com\/product\/agilex-scout-mini-standard-wheel\/#primaryimage"},"image":{"@id":"https:\/\/www.ghostysky.com\/product\/agilex-scout-mini-standard-wheel\/#primaryimage"},"thumbnailUrl":"https:\/\/www.ghostysky.com\/wp-content\/uploads\/2025\/10\/GH_Agilex_ScoutMini_SW_4.jpg","datePublished":"2025-10-15T10:44:05+00:00","dateModified":"2026-01-10T09:58:47+00:00","description":"El Agilex Scout Mini (rueda est\u00e1ndar) es un veh\u00edculo terrestre no tripulado (UGV) compacto, de alta velocidad y todo terreno, dise\u00f1ado como una plataforma m\u00f3vil vers\u00e1til de investigaci\u00f3n y desarrollo.","breadcrumb":{"@id":"https:\/\/www.ghostysky.com\/product\/agilex-scout-mini-standard-wheel\/#breadcrumb"},"inLanguage":"es","potentialAction":[{"@type":"ReadAction","target":["https:\/\/www.ghostysky.com\/product\/agilex-scout-mini-standard-wheel\/"]}]},{"@type":"ImageObject","inLanguage":"es","@id":"https:\/\/www.ghostysky.com\/product\/agilex-scout-mini-standard-wheel\/#primaryimage","url":"https:\/\/www.ghostysky.com\/wp-content\/uploads\/2025\/10\/GH_Agilex_ScoutMini_SW_4.jpg","contentUrl":"https:\/\/www.ghostysky.com\/wp-content\/uploads\/2025\/10\/GH_Agilex_ScoutMini_SW_4.jpg","width":650,"height":650},{"@type":"BreadcrumbList","@id":"https:\/\/www.ghostysky.com\/product\/agilex-scout-mini-standard-wheel\/#breadcrumb","itemListElement":[{"@type":"ListItem","position":1,"name":"Home","item":"https:\/\/www.ghostysky.com\/"},{"@type":"ListItem","position":2,"name":"Shop","item":"https:\/\/www.ghostysky.com\/shop\/"},{"@type":"ListItem","position":3,"name":"Agilex Scout Mini (Standard Wheel)"}]},{"@type":"WebSite","@id":"https:\/\/www.ghostysky.com\/#website","url":"https:\/\/www.ghostysky.com\/","name":"Ghostysky","description":"Ofrecemos soluciones profesionales de drones y rob\u00f3tica.","publisher":{"@id":"https:\/\/www.ghostysky.com\/#organization"},"potentialAction":[{"@type":"SearchAction","target":{"@type":"EntryPoint","urlTemplate":"https:\/\/www.ghostysky.com\/?s={search_term_string}"},"query-input":{"@type":"PropertyValueSpecification","valueRequired":true,"valueName":"search_term_string"}}],"inLanguage":"es"},{"@type":"Organization","@id":"https:\/\/www.ghostysky.com\/#organization","name":"Ghostysky","url":"https:\/\/www.ghostysky.com\/","logo":{"@type":"ImageObject","inLanguage":"es","@id":"https:\/\/www.ghostysky.com\/#\/schema\/logo\/image\/","url":"https:\/\/www.ghostysky.com\/wp-content\/uploads\/2020\/06\/cropped-ghostyskylogo_text_white2.png","contentUrl":"https:\/\/www.ghostysky.com\/wp-content\/uploads\/2020\/06\/cropped-ghostyskylogo_text_white2.png","width":169,"height":56,"caption":"Ghostysky"},"image":{"@id":"https:\/\/www.ghostysky.com\/#\/schema\/logo\/image\/"},"sameAs":["https:\/\/www.facebook.com\/people\/Ghostysky\/100057676170234\/","https:\/\/x.com\/Gh0stysky","https:\/\/www.linkedin.com\/company\/34739653","https:\/\/www.instagram.com\/gh0stysky"]}]}},"_links":{"self":[{"href":"https:\/\/www.ghostysky.com\/es\/wp-json\/wp\/v2\/product\/21016","targetHints":{"allow":["GET"]}}],"collection":[{"href":"https:\/\/www.ghostysky.com\/es\/wp-json\/wp\/v2\/product"}],"about":[{"href":"https:\/\/www.ghostysky.com\/es\/wp-json\/wp\/v2\/types\/product"}],"replies":[{"embeddable":true,"href":"https:\/\/www.ghostysky.com\/es\/wp-json\/wp\/v2\/comments?post=21016"}],"version-history":[{"count":0,"href":"https:\/\/www.ghostysky.com\/es\/wp-json\/wp\/v2\/product\/21016\/revisions"}],"wp:featuredmedia":[{"embeddable":true,"href":"https:\/\/www.ghostysky.com\/es\/wp-json\/wp\/v2\/media\/21017"}],"wp:attachment":[{"href":"https:\/\/www.ghostysky.com\/es\/wp-json\/wp\/v2\/media?parent=21016"}],"wp:term":[{"taxonomy":"product_brand","embeddable":true,"href":"https:\/\/www.ghostysky.com\/es\/wp-json\/wp\/v2\/product_brand?post=21016"},{"taxonomy":"product_cat","embeddable":true,"href":"https:\/\/www.ghostysky.com\/es\/wp-json\/wp\/v2\/product_cat?post=21016"},{"taxonomy":"product_tag","embeddable":true,"href":"https:\/\/www.ghostysky.com\/es\/wp-json\/wp\/v2\/product_tag?post=21016"}],"curies":[{"name":"wp","href":"https:\/\/api.w.org\/{rel}","templated":true}]}}