{"id":21022,"date":"2025-10-15T11:20:55","date_gmt":"2025-10-15T11:20:55","guid":{"rendered":"https:\/\/www.ghostysky.com\/?post_type=product&#038;p=21022"},"modified":"2026-02-23T13:20:37","modified_gmt":"2026-02-23T13:20:37","slug":"agilex-piper","status":"publish","type":"product","link":"https:\/\/www.ghostysky.com\/es\/product\/agilex-piper\/","title":{"rendered":"Piper de Agilex"},"content":{"rendered":"<p><b><span class=\"citation-144 citation-end-144\">El Agilex PiPER es un brazo rob\u00f3tico de 6 grados de libertad, potente pero liviano, que combina agilidad, precisi\u00f3n y compatibilidad de c\u00f3digo abierto para acelerar la innovaci\u00f3n en el desarrollo de rob\u00f3tica y automatizaci\u00f3n de tareas livianas.<\/span><\/b><\/p>\n<p><span class=\"citation-143 citation-end-143\">El PiPER est\u00e1 dise\u00f1ado para ser vers\u00e1til, con un dise\u00f1o compacto y f\u00e1cil de usar que permite integrarlo f\u00e1cilmente en laboratorios, aulas y diversos entornos comerciales.<\/span><\/p>\n<h4><b>Caracter\u00edsticas y especificaciones clave<\/b><\/h4>\n<ul>\n<li><b><span class=\"citation-142\">Grados de libertad (GDL):<\/span><\/b><span class=\"citation-142 citation-end-142\"> 6, ofreciendo flexibilidad operativa de rango completo para movimientos complejos.<\/span><\/li>\n<li><b><span class=\"citation-141\">Ligero y compacto:<\/span><\/b><span class=\"citation-141\"> Solo pesaje <\/span><b><span class=\"citation-141\">4,2 kilogramos<\/span><\/b><span class=\"citation-141 citation-end-141\">El PiPER es muy port\u00e1til y f\u00e1cil de montar.<\/span><\/li>\n<li><b>Capacidad de carga \u00fatil:<\/b><span class=\"citation-140\"> Soporta un establo <\/span><b><span class=\"citation-140\">1,5 kilogramos<\/span><\/b><span class=\"citation-140 citation-end-140\"> carga \u00fatil.<\/span><\/li>\n<li><b>Precisi\u00f3n y alcance:<\/b>\n<ul>\n<li><b>Repetibilidad:<\/b> <span class=\"math-inline\"><span class=\"katex\"><span class=\"katex-html\" aria-hidden=\"true\"><span class=\"base\"><span class=\"mord\">\u00b1<\/span><span class=\"mord\">0.1<\/span><span class=\"mord text\"><span class=\"mord\">\u00a0mil\u00edmetros<\/span><\/span><\/span><\/span><\/span><\/span><span class=\"citation-138 citation-end-138\">, garantizando operaciones precisas y consistentes para tareas delicadas.<\/span><\/li>\n<li><b>Alcanzar:<\/b> <span class=\"math-inline\"><span class=\"katex\"><span class=\"katex-html\" aria-hidden=\"true\"><span class=\"base\"><span class=\"mord\">626<\/span><span class=\"mord text\"><span class=\"mord\">\u00a0mil\u00edmetros<\/span><\/span><\/span><\/span><\/span><\/span> radio de trabajo.<\/li>\n<\/ul>\n<\/li>\n<li><b>Control y programaci\u00f3n vers\u00e1tiles:<\/b>\n<ul>\n<li><b>Soporte de c\u00f3digo abierto:<\/b><span class=\"citation-137\"> Totalmente compatible con <\/span><b><span class=\"citation-137\">ROS 1 y ROS 2<\/span><\/b><span class=\"citation-137 citation-end-137\">, ofreciendo la m\u00e1xima flexibilidad para los desarrolladores.<\/span><\/li>\n<li><b>M\u00e9todos de programaci\u00f3n:<\/b><span class=\"citation-136\"> Soportes <\/span><b><span class=\"citation-136\">Ense\u00f1anza del Drag<\/span><\/b><span class=\"citation-136\"> (gu\u00eda f\u00edsica intuitiva), <\/span><b><span class=\"citation-136\">Planificaci\u00f3n de trayectoria sin conexi\u00f3n<\/span><\/b><span class=\"citation-136\">, <\/span><b><span class=\"citation-136\">Control de API<\/span><\/b><span class=\"citation-136 citation-end-136\"> (por ejemplo, API de Python) y control basado en PC.<\/span><\/li>\n<\/ul>\n<\/li>\n<li><b><span class=\"citation-135\">Dise\u00f1o integrado:<\/span><\/b><span class=\"citation-135 citation-end-135\"> Cuenta con seis motores articulados integrados para un control suave y preciso, y un controlador totalmente integrado.<\/span><\/li>\n<li><b><span class=\"citation-134\">Construcci\u00f3n robusta:<\/span><\/b><span class=\"citation-134 citation-end-134\"> Construido con un cuerpo de aleaci\u00f3n de aluminio y una carcasa de pol\u00edmero, dise\u00f1ado para funcionar de manera confiable en entornos desafiantes con temperaturas que var\u00edan desde <\/span><span class=\"math-inline\"><span class=\"katex\"><span class=\"katex-html\" aria-hidden=\"true\"><span class=\"base\"><span class=\"mord\">\u2212<\/span><span class=\"mord\">2<\/span><span class=\"mord\">0<span class=\"msupsub\"><span class=\"vlist-t\"><span class=\"vlist-r\"><span class=\"vlist\"><span class=\"\"><span class=\"sizing reset-size6 size3 mtight\"><span class=\"mbin mtight\">\u2218<\/span><\/span><\/span><\/span><\/span><\/span><\/span><\/span><span class=\"mord text\"><span class=\"mord\">do<\/span><\/span><\/span><\/span><\/span><\/span><span class=\"citation-133 citation-end-133\"> a <\/span><span class=\"math-inline\"><span class=\"katex\"><span class=\"katex-html\" aria-hidden=\"true\"><span class=\"base\"><span class=\"mord\">5<\/span><span class=\"mord\">0<span class=\"msupsub\"><span class=\"vlist-t\"><span class=\"vlist-r\"><span class=\"vlist\"><span class=\"\"><span class=\"sizing reset-size6 size3 mtight\"><span class=\"mbin mtight\">\u2218<\/span><\/span><\/span><\/span><\/span><\/span><\/span><\/span><span class=\"mord text\"><span class=\"mord\">do<\/span><\/span><\/span><\/span><\/span><\/span><span class=\"citation-132 citation-end-132\">.<\/span><\/li>\n<\/ul>\n<h4><b>Aplicaciones ideales<\/b><\/h4>\n<ul>\n<li><b><span class=\"citation-131\">Educaci\u00f3n e investigaci\u00f3n:<\/span><\/b><span class=\"citation-131 citation-end-131\"> Perfecto para instituciones acad\u00e9micas y laboratorios centrados en rob\u00f3tica, IA e inteligencia incorporada para la recopilaci\u00f3n de datos del mundo real.<\/span><\/li>\n<li><b><span class=\"citation-130\">Automatizaci\u00f3n industrial:<\/span><\/b><span class=\"citation-130 citation-end-130\"> Adecuado para tareas livianas como ensamblaje, clasificaci\u00f3n, control de calidad y operaciones de selecci\u00f3n y colocaci\u00f3n.<\/span><\/li>\n<li><b><span class=\"citation-129\">Desarrollo de rob\u00f3tica:<\/span><\/b><span class=\"citation-129 citation-end-129\"> Proporciona una plataforma flexible y de c\u00f3digo abierto para desarrollar y probar aplicaciones rob\u00f3ticas avanzadas.<\/span><\/li>\n<li><b><span class=\"citation-128\">Otros campos:<\/span><\/b><span class=\"citation-128 citation-end-128\"> Aplicable en la operaci\u00f3n de equipos m\u00e9dicos, automatizaci\u00f3n de laboratorio y m\u00e1s.<\/span><\/li>\n<\/ul>\n<p><span class=\"citation-127 citation-end-127\">Agilex PiPER es la soluci\u00f3n b\u00e1sica de alto rendimiento para usuarios que buscan aprovechar el poder de la rob\u00f3tica avanzada sin la complejidad y el costo de brazos industriales m\u00e1s grandes.<\/span><\/p>","protected":false},"excerpt":{"rendered":"<p><span class=\"citation-145\">El Agilex PiPER es un brazo rob\u00f3tico compacto y vers\u00e1til de 6 grados de libertad (DOF), dise\u00f1ado para proporcionar alta precisi\u00f3n y control confiable para una amplia gama de aplicaciones en <\/span><b><span class=\"citation-145\">Investigaci\u00f3n, educaci\u00f3n y automatizaci\u00f3n industrial ligera<\/span><\/b><span class=\"citation-145 citation-end-145\">.<\/span><\/p>","protected":false},"featured_media":21027,"comment_status":"open","ping_status":"closed","template":"","meta":[],"product_brand":[1046],"product_cat":[1043,1045,1042,1037],"product_tag":[1047,1054,1053],"class_list":{"0":"post-21022","1":"product","2":"type-product","3":"status-publish","4":"has-post-thumbnail","6":"product_brand-agilex","7":"product_cat-agilex","8":"product_cat-agilex-accessories","9":"product_cat-chassis","10":"product_cat-robotics","11":"product_tag-agilex","12":"product_tag-agilex-accessories","13":"product_tag-agilex-piper","15":"first","16":"onbackorder","17":"taxable","18":"shipping-taxable","19":"product-type-simple"},"yoast_head":"<!-- This site is optimized with the Yoast SEO plugin v27.4 - https:\/\/yoast.com\/product\/yoast-seo-wordpress\/ -->\n<title>Agilex Piper - Ghostysky<\/title>\n<meta name=\"robots\" content=\"index, follow, max-snippet:-1, max-image-preview:large, max-video-preview:-1\" \/>\n<link rel=\"canonical\" href=\"https:\/\/www.ghostysky.com\/es\/producto-2\/agilex-piper\/\" \/>\n<meta property=\"og:locale\" content=\"es_ES\" \/>\n<meta property=\"og:type\" content=\"article\" \/>\n<meta property=\"og:title\" content=\"Agilex Piper - Ghostysky\" \/>\n<meta property=\"og:description\" content=\"The Agilex PiPER is a compact and versatile 6-degree-of-freedom (DOF) robotic arm, designed to provide high precision and reliable control for a wide array of applications in research, education, and light industrial automation.\" \/>\n<meta property=\"og:url\" content=\"https:\/\/www.ghostysky.com\/es\/producto-2\/agilex-piper\/\" \/>\n<meta property=\"og:site_name\" content=\"Ghostysky\" \/>\n<meta property=\"article:publisher\" content=\"https:\/\/www.facebook.com\/people\/Ghostysky\/100057676170234\/\" \/>\n<meta property=\"article:modified_time\" content=\"2026-02-23T13:20:37+00:00\" \/>\n<meta property=\"og:image\" content=\"https:\/\/www.ghostysky.com\/wp-content\/uploads\/2025\/10\/GH_Agilex-piper_3.webp\" \/>\n\t<meta property=\"og:image:width\" content=\"550\" \/>\n\t<meta property=\"og:image:height\" content=\"550\" \/>\n\t<meta property=\"og:image:type\" content=\"image\/webp\" \/>\n<meta name=\"twitter:card\" content=\"summary_large_image\" \/>\n<meta name=\"twitter:site\" content=\"@Gh0stysky\" \/>\n<meta name=\"twitter:label1\" content=\"Tiempo de lectura\" \/>\n\t<meta name=\"twitter:data1\" content=\"2 minutos\" \/>\n<script type=\"application\/ld+json\" class=\"yoast-schema-graph\">{\"@context\":\"https:\\\/\\\/schema.org\",\"@graph\":[{\"@type\":\"WebPage\",\"@id\":\"https:\\\/\\\/www.ghostysky.com\\\/product\\\/agilex-piper\\\/\",\"url\":\"https:\\\/\\\/www.ghostysky.com\\\/product\\\/agilex-piper\\\/\",\"name\":\"Agilex Piper - Ghostysky\",\"isPartOf\":{\"@id\":\"https:\\\/\\\/www.ghostysky.com\\\/#website\"},\"primaryImageOfPage\":{\"@id\":\"https:\\\/\\\/www.ghostysky.com\\\/product\\\/agilex-piper\\\/#primaryimage\"},\"image\":{\"@id\":\"https:\\\/\\\/www.ghostysky.com\\\/product\\\/agilex-piper\\\/#primaryimage\"},\"thumbnailUrl\":\"https:\\\/\\\/www.ghostysky.com\\\/wp-content\\\/uploads\\\/2025\\\/10\\\/GH_Agilex-piper_3.webp\",\"datePublished\":\"2025-10-15T11:20:55+00:00\",\"dateModified\":\"2026-02-23T13:20:37+00:00\",\"breadcrumb\":{\"@id\":\"https:\\\/\\\/www.ghostysky.com\\\/product\\\/agilex-piper\\\/#breadcrumb\"},\"inLanguage\":\"es\",\"potentialAction\":[{\"@type\":\"ReadAction\",\"target\":[\"https:\\\/\\\/www.ghostysky.com\\\/product\\\/agilex-piper\\\/\"]}]},{\"@type\":\"ImageObject\",\"inLanguage\":\"es\",\"@id\":\"https:\\\/\\\/www.ghostysky.com\\\/product\\\/agilex-piper\\\/#primaryimage\",\"url\":\"https:\\\/\\\/www.ghostysky.com\\\/wp-content\\\/uploads\\\/2025\\\/10\\\/GH_Agilex-piper_3.webp\",\"contentUrl\":\"https:\\\/\\\/www.ghostysky.com\\\/wp-content\\\/uploads\\\/2025\\\/10\\\/GH_Agilex-piper_3.webp\",\"width\":550,\"height\":550},{\"@type\":\"BreadcrumbList\",\"@id\":\"https:\\\/\\\/www.ghostysky.com\\\/product\\\/agilex-piper\\\/#breadcrumb\",\"itemListElement\":[{\"@type\":\"ListItem\",\"position\":1,\"name\":\"Home\",\"item\":\"https:\\\/\\\/www.ghostysky.com\\\/\"},{\"@type\":\"ListItem\",\"position\":2,\"name\":\"Shop\",\"item\":\"https:\\\/\\\/www.ghostysky.com\\\/shop\\\/\"},{\"@type\":\"ListItem\",\"position\":3,\"name\":\"Agilex Piper\"}]},{\"@type\":\"WebSite\",\"@id\":\"https:\\\/\\\/www.ghostysky.com\\\/#website\",\"url\":\"https:\\\/\\\/www.ghostysky.com\\\/\",\"name\":\"Ghostysky\",\"description\":\"Delivering professional drones and robotics solutions\",\"publisher\":{\"@id\":\"https:\\\/\\\/www.ghostysky.com\\\/#organization\"},\"potentialAction\":[{\"@type\":\"SearchAction\",\"target\":{\"@type\":\"EntryPoint\",\"urlTemplate\":\"https:\\\/\\\/www.ghostysky.com\\\/?s={search_term_string}\"},\"query-input\":{\"@type\":\"PropertyValueSpecification\",\"valueRequired\":true,\"valueName\":\"search_term_string\"}}],\"inLanguage\":\"es\"},{\"@type\":\"Organization\",\"@id\":\"https:\\\/\\\/www.ghostysky.com\\\/#organization\",\"name\":\"Ghostysky\",\"url\":\"https:\\\/\\\/www.ghostysky.com\\\/\",\"logo\":{\"@type\":\"ImageObject\",\"inLanguage\":\"es\",\"@id\":\"https:\\\/\\\/www.ghostysky.com\\\/#\\\/schema\\\/logo\\\/image\\\/\",\"url\":\"https:\\\/\\\/www.ghostysky.com\\\/wp-content\\\/uploads\\\/2020\\\/06\\\/cropped-ghostyskylogo_text_white2.png\",\"contentUrl\":\"https:\\\/\\\/www.ghostysky.com\\\/wp-content\\\/uploads\\\/2020\\\/06\\\/cropped-ghostyskylogo_text_white2.png\",\"width\":169,\"height\":56,\"caption\":\"Ghostysky\"},\"image\":{\"@id\":\"https:\\\/\\\/www.ghostysky.com\\\/#\\\/schema\\\/logo\\\/image\\\/\"},\"sameAs\":[\"https:\\\/\\\/www.facebook.com\\\/people\\\/Ghostysky\\\/100057676170234\\\/\",\"https:\\\/\\\/x.com\\\/Gh0stysky\",\"https:\\\/\\\/www.linkedin.com\\\/company\\\/34739653\",\"https:\\\/\\\/www.instagram.com\\\/gh0stysky\"]}]}<\/script>\n<!-- \/ Yoast SEO plugin. -->","yoast_head_json":{"title":"Agilex Piper - Cielo fantasmal","robots":{"index":"index","follow":"follow","max-snippet":"max-snippet:-1","max-image-preview":"max-image-preview:large","max-video-preview":"max-video-preview:-1"},"canonical":"https:\/\/www.ghostysky.com\/es\/producto-2\/agilex-piper\/","og_locale":"es_ES","og_type":"article","og_title":"Agilex Piper - Ghostysky","og_description":"The Agilex PiPER is a compact and versatile 6-degree-of-freedom (DOF) robotic arm, designed to provide high precision and reliable control for a wide array of applications in research, education, and light industrial automation.","og_url":"https:\/\/www.ghostysky.com\/es\/producto-2\/agilex-piper\/","og_site_name":"Ghostysky","article_publisher":"https:\/\/www.facebook.com\/people\/Ghostysky\/100057676170234\/","article_modified_time":"2026-02-23T13:20:37+00:00","og_image":[{"width":550,"height":550,"url":"https:\/\/www.ghostysky.com\/wp-content\/uploads\/2025\/10\/GH_Agilex-piper_3.webp","type":"image\/webp"}],"twitter_card":"summary_large_image","twitter_site":"@Gh0stysky","twitter_misc":{"Tiempo de lectura":"2 minutos"},"schema":{"@context":"https:\/\/schema.org","@graph":[{"@type":"WebPage","@id":"https:\/\/www.ghostysky.com\/product\/agilex-piper\/","url":"https:\/\/www.ghostysky.com\/product\/agilex-piper\/","name":"Agilex Piper - Cielo fantasmal","isPartOf":{"@id":"https:\/\/www.ghostysky.com\/#website"},"primaryImageOfPage":{"@id":"https:\/\/www.ghostysky.com\/product\/agilex-piper\/#primaryimage"},"image":{"@id":"https:\/\/www.ghostysky.com\/product\/agilex-piper\/#primaryimage"},"thumbnailUrl":"https:\/\/www.ghostysky.com\/wp-content\/uploads\/2025\/10\/GH_Agilex-piper_3.webp","datePublished":"2025-10-15T11:20:55+00:00","dateModified":"2026-02-23T13:20:37+00:00","breadcrumb":{"@id":"https:\/\/www.ghostysky.com\/product\/agilex-piper\/#breadcrumb"},"inLanguage":"es","potentialAction":[{"@type":"ReadAction","target":["https:\/\/www.ghostysky.com\/product\/agilex-piper\/"]}]},{"@type":"ImageObject","inLanguage":"es","@id":"https:\/\/www.ghostysky.com\/product\/agilex-piper\/#primaryimage","url":"https:\/\/www.ghostysky.com\/wp-content\/uploads\/2025\/10\/GH_Agilex-piper_3.webp","contentUrl":"https:\/\/www.ghostysky.com\/wp-content\/uploads\/2025\/10\/GH_Agilex-piper_3.webp","width":550,"height":550},{"@type":"BreadcrumbList","@id":"https:\/\/www.ghostysky.com\/product\/agilex-piper\/#breadcrumb","itemListElement":[{"@type":"ListItem","position":1,"name":"Home","item":"https:\/\/www.ghostysky.com\/"},{"@type":"ListItem","position":2,"name":"Shop","item":"https:\/\/www.ghostysky.com\/shop\/"},{"@type":"ListItem","position":3,"name":"Agilex Piper"}]},{"@type":"WebSite","@id":"https:\/\/www.ghostysky.com\/#website","url":"https:\/\/www.ghostysky.com\/","name":"Ghostysky","description":"Ofrecemos soluciones profesionales de drones y rob\u00f3tica.","publisher":{"@id":"https:\/\/www.ghostysky.com\/#organization"},"potentialAction":[{"@type":"SearchAction","target":{"@type":"EntryPoint","urlTemplate":"https:\/\/www.ghostysky.com\/?s={search_term_string}"},"query-input":{"@type":"PropertyValueSpecification","valueRequired":true,"valueName":"search_term_string"}}],"inLanguage":"es"},{"@type":"Organization","@id":"https:\/\/www.ghostysky.com\/#organization","name":"Ghostysky","url":"https:\/\/www.ghostysky.com\/","logo":{"@type":"ImageObject","inLanguage":"es","@id":"https:\/\/www.ghostysky.com\/#\/schema\/logo\/image\/","url":"https:\/\/www.ghostysky.com\/wp-content\/uploads\/2020\/06\/cropped-ghostyskylogo_text_white2.png","contentUrl":"https:\/\/www.ghostysky.com\/wp-content\/uploads\/2020\/06\/cropped-ghostyskylogo_text_white2.png","width":169,"height":56,"caption":"Ghostysky"},"image":{"@id":"https:\/\/www.ghostysky.com\/#\/schema\/logo\/image\/"},"sameAs":["https:\/\/www.facebook.com\/people\/Ghostysky\/100057676170234\/","https:\/\/x.com\/Gh0stysky","https:\/\/www.linkedin.com\/company\/34739653","https:\/\/www.instagram.com\/gh0stysky"]}]}},"_links":{"self":[{"href":"https:\/\/www.ghostysky.com\/es\/wp-json\/wp\/v2\/product\/21022","targetHints":{"allow":["GET"]}}],"collection":[{"href":"https:\/\/www.ghostysky.com\/es\/wp-json\/wp\/v2\/product"}],"about":[{"href":"https:\/\/www.ghostysky.com\/es\/wp-json\/wp\/v2\/types\/product"}],"replies":[{"embeddable":true,"href":"https:\/\/www.ghostysky.com\/es\/wp-json\/wp\/v2\/comments?post=21022"}],"version-history":[{"count":0,"href":"https:\/\/www.ghostysky.com\/es\/wp-json\/wp\/v2\/product\/21022\/revisions"}],"wp:featuredmedia":[{"embeddable":true,"href":"https:\/\/www.ghostysky.com\/es\/wp-json\/wp\/v2\/media\/21027"}],"wp:attachment":[{"href":"https:\/\/www.ghostysky.com\/es\/wp-json\/wp\/v2\/media?parent=21022"}],"wp:term":[{"taxonomy":"product_brand","embeddable":true,"href":"https:\/\/www.ghostysky.com\/es\/wp-json\/wp\/v2\/product_brand?post=21022"},{"taxonomy":"product_cat","embeddable":true,"href":"https:\/\/www.ghostysky.com\/es\/wp-json\/wp\/v2\/product_cat?post=21022"},{"taxonomy":"product_tag","embeddable":true,"href":"https:\/\/www.ghostysky.com\/es\/wp-json\/wp\/v2\/product_tag?post=21022"}],"curies":[{"name":"wp","href":"https:\/\/api.w.org\/{rel}","templated":true}]}}