{"id":21042,"date":"2025-10-15T11:43:06","date_gmt":"2025-10-15T11:43:06","guid":{"rendered":"https:\/\/www.ghostysky.com\/?post_type=product&#038;p=21042"},"modified":"2026-01-10T09:18:58","modified_gmt":"2026-01-10T09:18:58","slug":"agilex-hunter-2-0","status":"publish","type":"product","link":"https:\/\/www.ghostysky.com\/es\/product\/agilex-hunter-2-0\/","title":{"rendered":"Cazador Agilex 2.0"},"content":{"rendered":"<p><b>Caracter\u00edsticas clave:<\/b><\/p>\n<ul>\n<li><b>Alta capacidad de carga \u00fatil:<\/b><span class=\"citation-177\"> Admite una carga \u00fatil sustancial de hasta <\/span><b><span class=\"citation-177\">150 kg (330 libras)<\/span><\/b><span class=\"citation-177 citation-end-177\">, permitiendo un transporte eficiente y la integraci\u00f3n de equipos pesados.<\/span><\/li>\n<li><b><span class=\"citation-176\">Transmisi\u00f3n y suspensi\u00f3n robustas:<\/span><\/b><span class=\"citation-176\"> Utiliza <\/span><b><span class=\"citation-176\">Direcci\u00f3n Ackermann en las ruedas delanteras<\/span><\/b><span class=\"citation-176\"> y un <\/span><b><span class=\"citation-176\">sistema de suspensi\u00f3n basculante<\/span><\/b><span class=\"citation-176 citation-end-176\"> para sortear obst\u00e1culos comunes en la carretera, como badenes y pendientes, hasta <\/span><span class=\"math-inline\"><span class=\"katex\"><span class=\"katex-html\" aria-hidden=\"true\"><span class=\"base\"><span class=\"mord\">1<\/span><span class=\"mord\">0<span class=\"msupsub\"><span class=\"vlist-t\"><span class=\"vlist-r\"><span class=\"vlist\"><span class=\"\"><span class=\"sizing reset-size6 size3 mtight\"><span class=\"mbin mtight\">\u2218<\/span><\/span><\/span><\/span><\/span><\/span><\/span><\/span><\/span><\/span><\/span><\/span><span class=\"citation-175 citation-end-175\">, minimizando al mismo tiempo el desgaste de los neum\u00e1ticos.<\/span> <span class=\"citation-174\">Est\u00e1 impulsado por un potente <\/span><b><span class=\"citation-174\">servomotores duales de 400 W<\/span><\/b><span class=\"citation-174 citation-end-174\">.<\/span><\/li>\n<li><b>Excelente resistencia:<\/b><span class=\"citation-173 citation-end-173\"> El est\u00e1ndar <\/span><span class=\"math-inline\"><span class=\"katex\"><span class=\"katex-html\" aria-hidden=\"true\"><span class=\"base\"><span class=\"mord\">24<\/span><span class=\"mord mathnormal\">V<\/span><span class=\"mord\">30<\/span><span class=\"mord mathnormal\">A<\/span><span class=\"mord mathnormal\">h<\/span><\/span><\/span><\/span><\/span><span class=\"citation-172\"> La bater\u00eda proporciona una autonom\u00eda sin carga de <\/span><b><span class=\"citation-172\">22 km (13,6 millas)<\/span><\/b><span class=\"citation-172\">, que puede ampliarse hasta <\/span><b><span class=\"citation-172\">40 km (24,9 millas)<\/span><\/b><span class=\"citation-172 citation-end-172\"> con un opcional <\/span><span class=\"math-inline\"><span class=\"katex\"><span class=\"katex-html\" aria-hidden=\"true\"><span class=\"base\"><span class=\"mord\">24<\/span><span class=\"mord mathnormal\">V<\/span><span class=\"mord\">60<\/span><span class=\"mord mathnormal\">A<\/span><span class=\"mord mathnormal\">h<\/span><\/span><\/span><\/span><\/span><span class=\"citation-171 citation-end-171\"> Actualizaci\u00f3n de la bater\u00eda.<\/span> <span class=\"citation-170 citation-end-170\">El revolucionario compartimento de la bater\u00eda permite un reemplazo r\u00e1pido.<\/span><\/li>\n<li><b>Estacionamiento seguro sin electricidad:<\/b><span class=\"citation-169 citation-end-169\"> Un sistema especialmente dise\u00f1ado garantiza un estacionamiento confiable y estable, incluso en pendientes, al bloquear las ruedas en caso de p\u00e9rdida de potencia o mal funcionamiento.<\/span><\/li>\n<li><b>Desarrollo secundario r\u00e1pido:<\/b><span class=\"citation-168\"> Cuenta con una <\/span><b><span class=\"citation-168\">Interfaz de bus CAN<\/span><\/b><span class=\"citation-168\"> e incluye c\u00f3digo abierto <\/span><b><span class=\"citation-168\">Paquetes de C++ y ROS<\/span><\/b><span class=\"citation-168 citation-end-168\"> (Sistema Operativo Rob\u00f3tico) para facilitar el desarrollo y la integraci\u00f3n r\u00e1pidos.<\/span> <span class=\"citation-167\">La parte superior de la plataforma est\u00e1 equipada con <\/span><b><span class=\"citation-167\">rieles de ranura en T de aluminio<\/span><\/b><span class=\"citation-167 citation-end-167\"> para un montaje f\u00e1cil y seguro de sensores, plataformas de c\u00e1lculo y otros equipos externos.<\/span><\/li>\n<li><b>Rendimiento personalizable:<\/b><span class=\"citation-166 citation-end-166\"> La velocidad m\u00e1xima est\u00e1ndar es <\/span><span class=\"math-inline\"><span class=\"katex\"><span class=\"katex-html\" aria-hidden=\"true\"><span class=\"base\"><span class=\"mord\">6<\/span><span class=\"mord mathnormal\">kil\u00f3metros<\/span><span class=\"mord\">\/<\/span><span class=\"mord mathnormal\">h<\/span><\/span><\/span><\/span><\/span><span class=\"citation-165 citation-end-165\">, con la opci\u00f3n de personalizarlo y actualizarlo hasta <\/span><b><span class=\"math-inline\"><span class=\"katex\"><span class=\"katex-html\" aria-hidden=\"true\"><span class=\"base\"><span class=\"mord\">10<\/span><span class=\"mord mathnormal\">kil\u00f3metros<\/span><span class=\"mord\">\/<\/span><span class=\"mord mathnormal\">h<\/span><\/span><\/span><\/span><\/span><\/b><span class=\"citation-164 citation-end-164\"> Para adaptarse a diversas aplicaciones industriales y de conducci\u00f3n aut\u00f3noma.<\/span><\/li>\n<\/ul>\n<p><span class=\"citation-163\">Hunter 2.0 es una plataforma vers\u00e1til perfectamente adecuada para aplicaciones en <\/span><b><span class=\"citation-163 citation-end-163\">inspecci\u00f3n aut\u00f3noma, log\u00edstica\/transporte de materiales, patrullaje de seguridad, investigaci\u00f3n acad\u00e9mica y gobierno\/servicio p\u00fablico.<\/span><\/b><\/p>","protected":false},"excerpt":{"rendered":"<p><span class=\"citation-179\">El <\/span><b><span class=\"citation-179\">Cazador Agilex 2.0<\/span><\/b><span class=\"citation-179\"> es un veh\u00edculo terrestre no tripulado (UGV) robusto y de peso medio dise\u00f1ado para <\/span><b><span class=\"citation-179\">escenarios de conducci\u00f3n aut\u00f3noma a baja velocidad<\/span><\/b><span class=\"citation-179 citation-end-179\"> que exigen una gran capacidad de carga \u00fatil, una resistencia superior y una excelente adaptabilidad.<\/span><\/p>\n<p><span class=\"citation-178\">Construido sobre un <\/span><b><span class=\"citation-178\">Modelo de direcci\u00f3n de Ackermann<\/span><\/b><span class=\"citation-178\"> Similar a un autom\u00f3vil, este chasis de robot m\u00f3vil programable cuenta con un dise\u00f1o duradero, <\/span><b><span class=\"citation-178\">cuerpo totalmente de acero<\/span><\/b><span class=\"citation-178 citation-end-178\"> y un sistema de potencia avanzado, lo que lo hace ideal para trabajos de alta intensidad tanto en interiores como en exteriores, particularmente en carreteras de concreto y asfalto.<\/span><\/p>","protected":false},"featured_media":21044,"comment_status":"open","ping_status":"closed","template":"","meta":[],"product_brand":[1046],"product_cat":[1043,1044,1042,1037],"product_tag":[1047,1055,1052,1056],"class_list":{"0":"post-21042","1":"product","2":"type-product","3":"status-publish","4":"has-post-thumbnail","6":"product_brand-agilex","7":"product_cat-agilex","8":"product_cat-agilex-robots","9":"product_cat-chassis","10":"product_cat-robotics","11":"product_tag-agilex","12":"product_tag-agilex-chassis","13":"product_tag-agilex-robots","14":"product_tag-hunter2-0","16":"first","17":"onbackorder","18":"taxable","19":"shipping-taxable","20":"product-type-simple"},"yoast_head":"<!-- This site is optimized with the Yoast SEO plugin v27.1.1 - https:\/\/yoast.com\/product\/yoast-seo-wordpress\/ -->\n<title>Agilex Hunter 2.0 - Ghostysky<\/title>\n<meta name=\"description\" content=\"The Agilex Hunter 2.0 is a robust, mid-weight Unmanned Ground Vehicle (UGV) engineered for low-speed autonomous driving scenarios that demand high payload capacity, superior endurance, and excellent adaptability.\" \/>\n<meta name=\"robots\" content=\"index, follow, max-snippet:-1, max-image-preview:large, max-video-preview:-1\" \/>\n<link rel=\"canonical\" href=\"https:\/\/www.ghostysky.com\/es\/producto-2\/agilex-hunter-2-0\/\" \/>\n<meta property=\"og:locale\" content=\"es_ES\" \/>\n<meta property=\"og:type\" content=\"article\" \/>\n<meta property=\"og:title\" content=\"Agilex Hunter 2.0 - Ghostysky\" \/>\n<meta property=\"og:description\" content=\"The Agilex Hunter 2.0 is a robust, mid-weight Unmanned Ground Vehicle (UGV) engineered for low-speed autonomous driving scenarios that demand high payload capacity, superior endurance, and excellent adaptability.\" \/>\n<meta property=\"og:url\" content=\"https:\/\/www.ghostysky.com\/es\/producto-2\/agilex-hunter-2-0\/\" \/>\n<meta property=\"og:site_name\" content=\"Ghostysky\" \/>\n<meta property=\"article:publisher\" content=\"https:\/\/www.facebook.com\/people\/Ghostysky\/100057676170234\/\" \/>\n<meta property=\"article:modified_time\" content=\"2026-01-10T09:18:58+00:00\" \/>\n<meta property=\"og:image\" content=\"https:\/\/www.ghostysky.com\/wp-content\/uploads\/2025\/10\/GH_Agilex_Hunter2.0_1.webp\" \/>\n\t<meta property=\"og:image:width\" content=\"600\" \/>\n\t<meta property=\"og:image:height\" content=\"600\" \/>\n\t<meta property=\"og:image:type\" content=\"image\/webp\" \/>\n<meta name=\"twitter:card\" content=\"summary_large_image\" \/>\n<meta name=\"twitter:site\" content=\"@Gh0stysky\" \/>\n<meta name=\"twitter:label1\" content=\"Tiempo de lectura\" \/>\n\t<meta name=\"twitter:data1\" content=\"2 minutos\" \/>\n<script type=\"application\/ld+json\" class=\"yoast-schema-graph\">{\"@context\":\"https:\/\/schema.org\",\"@graph\":[{\"@type\":\"WebPage\",\"@id\":\"https:\/\/www.ghostysky.com\/product\/agilex-hunter-2-0\/\",\"url\":\"https:\/\/www.ghostysky.com\/product\/agilex-hunter-2-0\/\",\"name\":\"Agilex Hunter 2.0 - Ghostysky\",\"isPartOf\":{\"@id\":\"https:\/\/www.ghostysky.com\/#website\"},\"primaryImageOfPage\":{\"@id\":\"https:\/\/www.ghostysky.com\/product\/agilex-hunter-2-0\/#primaryimage\"},\"image\":{\"@id\":\"https:\/\/www.ghostysky.com\/product\/agilex-hunter-2-0\/#primaryimage\"},\"thumbnailUrl\":\"https:\/\/www.ghostysky.com\/wp-content\/uploads\/2025\/10\/GH_Agilex_Hunter2.0_1.webp\",\"datePublished\":\"2025-10-15T11:43:06+00:00\",\"dateModified\":\"2026-01-10T09:18:58+00:00\",\"description\":\"The Agilex Hunter 2.0 is a robust, mid-weight Unmanned Ground Vehicle (UGV) engineered for low-speed autonomous driving scenarios that demand high payload capacity, superior endurance, and excellent adaptability.\",\"breadcrumb\":{\"@id\":\"https:\/\/www.ghostysky.com\/product\/agilex-hunter-2-0\/#breadcrumb\"},\"inLanguage\":\"es\",\"potentialAction\":[{\"@type\":\"ReadAction\",\"target\":[\"https:\/\/www.ghostysky.com\/product\/agilex-hunter-2-0\/\"]}]},{\"@type\":\"ImageObject\",\"inLanguage\":\"es\",\"@id\":\"https:\/\/www.ghostysky.com\/product\/agilex-hunter-2-0\/#primaryimage\",\"url\":\"https:\/\/www.ghostysky.com\/wp-content\/uploads\/2025\/10\/GH_Agilex_Hunter2.0_1.webp\",\"contentUrl\":\"https:\/\/www.ghostysky.com\/wp-content\/uploads\/2025\/10\/GH_Agilex_Hunter2.0_1.webp\",\"width\":600,\"height\":600},{\"@type\":\"BreadcrumbList\",\"@id\":\"https:\/\/www.ghostysky.com\/product\/agilex-hunter-2-0\/#breadcrumb\",\"itemListElement\":[{\"@type\":\"ListItem\",\"position\":1,\"name\":\"Home\",\"item\":\"https:\/\/www.ghostysky.com\/\"},{\"@type\":\"ListItem\",\"position\":2,\"name\":\"Shop\",\"item\":\"https:\/\/www.ghostysky.com\/shop\/\"},{\"@type\":\"ListItem\",\"position\":3,\"name\":\"Agilex Hunter 2.0\"}]},{\"@type\":\"WebSite\",\"@id\":\"https:\/\/www.ghostysky.com\/#website\",\"url\":\"https:\/\/www.ghostysky.com\/\",\"name\":\"Ghostysky\",\"description\":\"Delivering professional drones and services\",\"publisher\":{\"@id\":\"https:\/\/www.ghostysky.com\/#organization\"},\"potentialAction\":[{\"@type\":\"SearchAction\",\"target\":{\"@type\":\"EntryPoint\",\"urlTemplate\":\"https:\/\/www.ghostysky.com\/?s={search_term_string}\"},\"query-input\":{\"@type\":\"PropertyValueSpecification\",\"valueRequired\":true,\"valueName\":\"search_term_string\"}}],\"inLanguage\":\"es\"},{\"@type\":\"Organization\",\"@id\":\"https:\/\/www.ghostysky.com\/#organization\",\"name\":\"Ghostysky\",\"url\":\"https:\/\/www.ghostysky.com\/\",\"logo\":{\"@type\":\"ImageObject\",\"inLanguage\":\"es\",\"@id\":\"https:\/\/www.ghostysky.com\/#\/schema\/logo\/image\/\",\"url\":\"https:\/\/www.ghostysky.com\/wp-content\/uploads\/2020\/06\/cropped-ghostyskylogo_text_white2.png\",\"contentUrl\":\"https:\/\/www.ghostysky.com\/wp-content\/uploads\/2020\/06\/cropped-ghostyskylogo_text_white2.png\",\"width\":169,\"height\":56,\"caption\":\"Ghostysky\"},\"image\":{\"@id\":\"https:\/\/www.ghostysky.com\/#\/schema\/logo\/image\/\"},\"sameAs\":[\"https:\/\/www.facebook.com\/people\/Ghostysky\/100057676170234\/\",\"https:\/\/x.com\/Gh0stysky\",\"https:\/\/www.linkedin.com\/company\/34739653\",\"https:\/\/www.instagram.com\/gh0stysky\"]}]}<\/script>\n<!-- \/ Yoast SEO plugin. -->","yoast_head_json":{"title":"Cazador Agilex 2.0 - Ghostysky","description":"El Agilex Hunter 2.0 es un veh\u00edculo terrestre no tripulado (UGV) robusto y de peso medio, dise\u00f1ado para escenarios de conducci\u00f3n aut\u00f3noma de baja velocidad que exigen gran capacidad de carga \u00fatil, resistencia superior y excelente adaptabilidad.","robots":{"index":"index","follow":"follow","max-snippet":"max-snippet:-1","max-image-preview":"max-image-preview:large","max-video-preview":"max-video-preview:-1"},"canonical":"https:\/\/www.ghostysky.com\/es\/producto-2\/agilex-hunter-2-0\/","og_locale":"es_ES","og_type":"article","og_title":"Agilex Hunter 2.0 - Ghostysky","og_description":"The Agilex Hunter 2.0 is a robust, mid-weight Unmanned Ground Vehicle (UGV) engineered for low-speed autonomous driving scenarios that demand high payload capacity, superior endurance, and excellent adaptability.","og_url":"https:\/\/www.ghostysky.com\/es\/producto-2\/agilex-hunter-2-0\/","og_site_name":"Ghostysky","article_publisher":"https:\/\/www.facebook.com\/people\/Ghostysky\/100057676170234\/","article_modified_time":"2026-01-10T09:18:58+00:00","og_image":[{"width":600,"height":600,"url":"https:\/\/www.ghostysky.com\/wp-content\/uploads\/2025\/10\/GH_Agilex_Hunter2.0_1.webp","type":"image\/webp"}],"twitter_card":"summary_large_image","twitter_site":"@Gh0stysky","twitter_misc":{"Tiempo de lectura":"2 minutos"},"schema":{"@context":"https:\/\/schema.org","@graph":[{"@type":"WebPage","@id":"https:\/\/www.ghostysky.com\/product\/agilex-hunter-2-0\/","url":"https:\/\/www.ghostysky.com\/product\/agilex-hunter-2-0\/","name":"Cazador Agilex 2.0 - Ghostysky","isPartOf":{"@id":"https:\/\/www.ghostysky.com\/#website"},"primaryImageOfPage":{"@id":"https:\/\/www.ghostysky.com\/product\/agilex-hunter-2-0\/#primaryimage"},"image":{"@id":"https:\/\/www.ghostysky.com\/product\/agilex-hunter-2-0\/#primaryimage"},"thumbnailUrl":"https:\/\/www.ghostysky.com\/wp-content\/uploads\/2025\/10\/GH_Agilex_Hunter2.0_1.webp","datePublished":"2025-10-15T11:43:06+00:00","dateModified":"2026-01-10T09:18:58+00:00","description":"El Agilex Hunter 2.0 es un veh\u00edculo terrestre no tripulado (UGV) robusto y de peso medio, dise\u00f1ado para escenarios de conducci\u00f3n aut\u00f3noma de baja velocidad que exigen gran capacidad de carga \u00fatil, resistencia superior y excelente adaptabilidad.","breadcrumb":{"@id":"https:\/\/www.ghostysky.com\/product\/agilex-hunter-2-0\/#breadcrumb"},"inLanguage":"es","potentialAction":[{"@type":"ReadAction","target":["https:\/\/www.ghostysky.com\/product\/agilex-hunter-2-0\/"]}]},{"@type":"ImageObject","inLanguage":"es","@id":"https:\/\/www.ghostysky.com\/product\/agilex-hunter-2-0\/#primaryimage","url":"https:\/\/www.ghostysky.com\/wp-content\/uploads\/2025\/10\/GH_Agilex_Hunter2.0_1.webp","contentUrl":"https:\/\/www.ghostysky.com\/wp-content\/uploads\/2025\/10\/GH_Agilex_Hunter2.0_1.webp","width":600,"height":600},{"@type":"BreadcrumbList","@id":"https:\/\/www.ghostysky.com\/product\/agilex-hunter-2-0\/#breadcrumb","itemListElement":[{"@type":"ListItem","position":1,"name":"Home","item":"https:\/\/www.ghostysky.com\/"},{"@type":"ListItem","position":2,"name":"Shop","item":"https:\/\/www.ghostysky.com\/shop\/"},{"@type":"ListItem","position":3,"name":"Agilex Hunter 2.0"}]},{"@type":"WebSite","@id":"https:\/\/www.ghostysky.com\/#website","url":"https:\/\/www.ghostysky.com\/","name":"Ghostysky","description":"Entrega de drones y servicios profesionales","publisher":{"@id":"https:\/\/www.ghostysky.com\/#organization"},"potentialAction":[{"@type":"SearchAction","target":{"@type":"EntryPoint","urlTemplate":"https:\/\/www.ghostysky.com\/?s={search_term_string}"},"query-input":{"@type":"PropertyValueSpecification","valueRequired":true,"valueName":"search_term_string"}}],"inLanguage":"es"},{"@type":"Organization","@id":"https:\/\/www.ghostysky.com\/#organization","name":"Ghostysky","url":"https:\/\/www.ghostysky.com\/","logo":{"@type":"ImageObject","inLanguage":"es","@id":"https:\/\/www.ghostysky.com\/#\/schema\/logo\/image\/","url":"https:\/\/www.ghostysky.com\/wp-content\/uploads\/2020\/06\/cropped-ghostyskylogo_text_white2.png","contentUrl":"https:\/\/www.ghostysky.com\/wp-content\/uploads\/2020\/06\/cropped-ghostyskylogo_text_white2.png","width":169,"height":56,"caption":"Ghostysky"},"image":{"@id":"https:\/\/www.ghostysky.com\/#\/schema\/logo\/image\/"},"sameAs":["https:\/\/www.facebook.com\/people\/Ghostysky\/100057676170234\/","https:\/\/x.com\/Gh0stysky","https:\/\/www.linkedin.com\/company\/34739653","https:\/\/www.instagram.com\/gh0stysky"]}]}},"_links":{"self":[{"href":"https:\/\/www.ghostysky.com\/es\/wp-json\/wp\/v2\/product\/21042","targetHints":{"allow":["GET"]}}],"collection":[{"href":"https:\/\/www.ghostysky.com\/es\/wp-json\/wp\/v2\/product"}],"about":[{"href":"https:\/\/www.ghostysky.com\/es\/wp-json\/wp\/v2\/types\/product"}],"replies":[{"embeddable":true,"href":"https:\/\/www.ghostysky.com\/es\/wp-json\/wp\/v2\/comments?post=21042"}],"wp:featuredmedia":[{"embeddable":true,"href":"https:\/\/www.ghostysky.com\/es\/wp-json\/wp\/v2\/media\/21044"}],"wp:attachment":[{"href":"https:\/\/www.ghostysky.com\/es\/wp-json\/wp\/v2\/media?parent=21042"}],"wp:term":[{"taxonomy":"product_brand","embeddable":true,"href":"https:\/\/www.ghostysky.com\/es\/wp-json\/wp\/v2\/product_brand?post=21042"},{"taxonomy":"product_cat","embeddable":true,"href":"https:\/\/www.ghostysky.com\/es\/wp-json\/wp\/v2\/product_cat?post=21042"},{"taxonomy":"product_tag","embeddable":true,"href":"https:\/\/www.ghostysky.com\/es\/wp-json\/wp\/v2\/product_tag?post=21042"}],"curies":[{"name":"wp","href":"https:\/\/api.w.org\/{rel}","templated":true}]}}