{"id":21057,"date":"2025-10-15T12:26:06","date_gmt":"2025-10-15T12:26:06","guid":{"rendered":"https:\/\/www.ghostysky.com\/?post_type=product&#038;p=21057"},"modified":"2025-10-15T12:28:05","modified_gmt":"2025-10-15T12:28:05","slug":"agilex-titan","status":"publish","type":"product","link":"https:\/\/www.ghostysky.com\/es\/product\/agilex-titan\/","title":{"rendered":"Tit\u00e1n Agilex"},"content":{"rendered":"<h3>Caracter\u00edsticas y especificaciones clave<\/h3>\n<ul>\n<li><b>Alta capacidad de carga \u00fatil:<\/b><span class=\"citation-230\"> Apoya una cantidad sustancial <\/span><b><span class=\"citation-230\">300 kilos<\/span><\/b><span class=\"citation-230 citation-end-230\"> carga \u00fatil, lo que lo hace adecuado para transportar equipos pesados o grandes conjuntos de sensores.<\/span><\/li>\n<li><b>Capacidad todoterreno:<\/b><span class=\"citation-229\"> Dise\u00f1ado para funcionar de manera confiable en <\/span><b><span class=\"citation-229\">entornos duros y extremos<\/span><\/b><span class=\"citation-229 citation-end-229\">Cuenta con un chasis robusto con brazos oscilantes delanteros adaptables y amortiguadores traseros para mejorar la estabilidad, la conducci\u00f3n y las curvas en superficies dif\u00edciles (mojadas, resbaladizas, sueltas, irregulares, colinas empinadas).<\/span>\n<ul>\n<li><b><span class=\"citation-228\">Distancia m\u00e1xima de obst\u00e1culos:<\/span><\/b><span class=\"citation-228 citation-end-228\"> 120 mil\u00edmetros<\/span><\/li>\n<li><b>Capacidad m\u00e1xima de escalada:<\/b> <span class=\"math-inline\"><span class=\"katex\"><span class=\"katex-html\" aria-hidden=\"true\"><span class=\"base\"><span class=\"mord\">1<\/span><span class=\"mord\">0<span class=\"msupsub\"><span class=\"vlist-t\"><span class=\"vlist-r\"><span class=\"vlist\"><span class=\"\"><span class=\"sizing reset-size6 size3 mtight\"><span class=\"mbin mtight\">\u2218<\/span><\/span><\/span><\/span><\/span><\/span><\/span><\/span><\/span><\/span><\/span><\/span><\/li>\n<\/ul>\n<\/li>\n<li><b>Direcci\u00f3n y maniobrabilidad:<\/b><span class=\"citation-227\"> Equipado con <\/span><b><span class=\"citation-227\">Direcci\u00f3n Ackermann delantera y trasera<\/span><\/b><span class=\"citation-227 citation-end-227\"> para una maniobrabilidad y control superiores.<\/span><\/li>\n<li><b>Sistema de energ\u00eda:<\/b><span class=\"citation-226\"> Utiliza una bater\u00eda de litio (48 V 24 Ah, con soporte para dos bater\u00edas) y cuenta con un <\/span><b><span class=\"citation-226\">Compartimento de bater\u00eda port\u00e1til de doble cara intercambiable en caliente<\/span><\/b><span class=\"citation-226 citation-end-226\"> para minimizar el tiempo de inactividad mediante una carga r\u00e1pida y un reemplazo f\u00e1cil.<\/span>\n<ul>\n<li><b>Aparcamiento:<\/b><span class=\"citation-225\"> Cuenta con una <\/span><b><span class=\"citation-225\">Freno electromagn\u00e9tico de CC<\/span><\/b><span class=\"citation-225 citation-end-225\"> Para estacionamiento seguro.<\/span><\/li>\n<\/ul>\n<\/li>\n<li><b><span class=\"citation-224\">Conectividad:<\/span><\/b> <b><span class=\"citation-224\">Compatible con ROS<\/span><\/b><span class=\"citation-224\"> (Sistema Operativo de Robot) con comunicaci\u00f3n v\u00eda <\/span><b><span class=\"citation-224\">Bus CAN<\/span><\/b><span class=\"citation-224\"> y <\/span><b><span class=\"citation-224\">RS-232<\/span><\/b><span class=\"citation-224 citation-end-224\"> interfaces, facilitando la integraci\u00f3n con diversos sistemas de detecci\u00f3n y control para el funcionamiento y desarrollo aut\u00f3nomos.<\/span>\n<div class=\"source-inline-chip-container ng-star-inserted\"><\/div>\n<\/li>\n<\/ul>\n<hr \/>\n<p>&nbsp;<\/p>\n<h2>FPGAs Intel Agilex 7 con F-Tile (a menudo llamados &quot;Titan&quot; en referencia al r\u00e1pido F-Tile)<\/h2>\n<p><span class=\"citation-223\">El <\/span><b><span class=\"citation-223\">FPGAs Intel Agilex 7 con F-Tile<\/span><\/b><span class=\"citation-223 citation-end-223\"> Son matrices de puertas programables en campo de ultra alto rendimiento desarrolladas por Intel (ahora Altera).<\/span> La referencia \u201cTitan\u201d se utiliza a menudo de forma coloquial para resaltar la extrema velocidad y las capacidades de los transceptores F-Tile integrados en esta serie, que son cruciales para aplicaciones exigentes con uso intensivo de ancho de banda.<\/p>\n<h3>Caracter\u00edsticas y capacidades clave<\/h3>\n<ul>\n<li><b>Rendimiento de transceptor l\u00edder en la industria:<\/b><span class=\"citation-222\"> Cuenta con el sistema integrado <\/span><b><span class=\"citation-222\">Arquitectura F-Tile<\/span><\/b><span class=\"citation-222\"> que ofrece los transceptores FPGA m\u00e1s r\u00e1pidos del mercado, admitiendo velocidades de datos de hasta <\/span><b><span class=\"citation-222\">116 Gigabits por segundo (Gbps)<\/span><\/b><span class=\"citation-222 citation-end-222\">.<\/span><\/li>\n<li><b>Redes de alto ancho de banda:<\/b><span class=\"citation-221\"> Ofertas <\/span><b><span class=\"citation-221\">Propiedad intelectual (PI) de 400 Gigabit Ethernet (GbE) reforzada<\/span><\/b><span class=\"citation-221 citation-end-221\">, lo que permite una conectividad flexible, de alta densidad y alta velocidad desde velocidades Ethernet de 10G hasta 400G.<\/span><\/li>\n<li><b>Tecnolog\u00eda de procesos:<\/b><span class=\"citation-220\"> Construido sobre la base de la tecnolog\u00eda avanzada de Intel <\/span><b><span class=\"citation-220\">Tecnolog\u00eda de proceso SuperFin de 10 nm<\/span><\/b><span class=\"citation-220 citation-end-220\"> para mejorar la eficiencia energ\u00e9tica y el rendimiento.<\/span><\/li>\n<li><b>Aplicaciones vers\u00e1tiles:<\/b> Dise\u00f1ado para aplicaciones en las \u00e1reas con mayor uso intensivo de ancho de banda y computaci\u00f3n, incluidas:\n<ul>\n<li><b><span class=\"citation-219\">Centros de datos<\/span><\/b><span class=\"citation-219 citation-end-219\"> (aceleradores, UIP)<\/span><\/li>\n<li><b><span class=\"citation-218\">Redes<\/span><\/b><span class=\"citation-218 citation-end-218\"> (Redes \u00f3pticas de 400 Gbps a 1,6 Tbps, redes 5G)<\/span><\/li>\n<li><b>Transmisi\u00f3n<\/b> (est\u00e1ndares HDMI, SDI)<\/li>\n<li><b>Computaci\u00f3n integrada y de borde<\/b><\/li>\n<\/ul>\n<\/li>\n<li><b>Ventajas arquitect\u00f3nicas:<\/b><span class=\"citation-217\"> Soportes <\/span><b><span class=\"citation-217\">PCIe 5.0<\/span><\/b><span class=\"citation-217\"> y <\/span><b><span class=\"citation-217\">Compute Express Link (CXL)<\/span><\/b><span class=\"citation-217 citation-end-217\">, lo que permite una conectividad host-dispositivo de alta velocidad y coherencia de memoria en sistemas heterog\u00e9neos.<\/span><\/li>\n<li><b><span class=\"citation-216\">Flexibilidad e Integraci\u00f3n:<\/span><\/b><span class=\"citation-216 citation-end-216\"> Los FPGA ofrecen un alto grado de personalizaci\u00f3n e integraci\u00f3n heterog\u00e9nea, lo que permite a los desarrolladores crear dise\u00f1os de chips personalizados aprovechando bloques IP reforzados junto con la estructura FPGA programable.<\/span><\/li>\n<\/ul>","protected":false},"excerpt":{"rendered":"<p><span class=\"citation-231\">El <\/span><b><span class=\"citation-231\">Tit\u00e1n de rob\u00f3tica AgileX<\/span><\/b><span class=\"citation-231\"> es un <\/span><b><span class=\"citation-231\">Chasis de veh\u00edculo terrestre no tripulado (UGV) grande, resistente y multiprop\u00f3sito<\/span><\/b><span class=\"citation-231 citation-end-231\"> Dise\u00f1ado para entornos desafiantes al aire libre y todoterreno.<\/span> Sirve como una plataforma robusta y adaptable para la automatizaci\u00f3n en diversos campos, incluidos la industria, la log\u00edstica, el monitoreo ambiental y la investigaci\u00f3n cient\u00edfica.<\/p>","protected":false},"featured_media":21063,"comment_status":"open","ping_status":"closed","template":"","meta":[],"product_brand":[1046],"product_cat":[1043,1044,1042,1037],"product_tag":[1047,1055,1052,1058],"class_list":{"0":"post-21057","1":"product","2":"type-product","3":"status-publish","4":"has-post-thumbnail","6":"product_brand-agilex","7":"product_cat-agilex","8":"product_cat-agilex-robots","9":"product_cat-chassis","10":"product_cat-robotics","11":"product_tag-agilex","12":"product_tag-agilex-chassis","13":"product_tag-agilex-robots","14":"product_tag-agilex-titan","16":"first","17":"onbackorder","18":"taxable","19":"shipping-taxable","20":"product-type-simple"},"yoast_head":"<!-- This site is optimized with the Yoast SEO plugin v27.1.1 - https:\/\/yoast.com\/product\/yoast-seo-wordpress\/ -->\n<title>Agilex Titan - Ghostysky<\/title>\n<meta name=\"description\" content=\"The AgileX Robotics Titan is a large, heavy-duty, multi-purpose Unmanned Ground Vehicle (UGV) chassis designed for challenging outdoor and off-road environments. It serves as a robust, adaptable platform for automation in various fields, including industrial, logistics, environmental monitoring, and scientific research.\" \/>\n<meta name=\"robots\" content=\"index, follow, max-snippet:-1, max-image-preview:large, max-video-preview:-1\" \/>\n<link rel=\"canonical\" href=\"https:\/\/www.ghostysky.com\/es\/producto-2\/agilex-titan\/\" \/>\n<meta property=\"og:locale\" content=\"es_ES\" \/>\n<meta property=\"og:type\" content=\"article\" \/>\n<meta property=\"og:title\" content=\"Agilex Titan - Ghostysky\" \/>\n<meta property=\"og:description\" content=\"The AgileX Robotics Titan is a large, heavy-duty, multi-purpose Unmanned Ground Vehicle (UGV) chassis designed for challenging outdoor and off-road environments. It serves as a robust, adaptable platform for automation in various fields, including industrial, logistics, environmental monitoring, and scientific research.\" \/>\n<meta property=\"og:url\" content=\"https:\/\/www.ghostysky.com\/es\/producto-2\/agilex-titan\/\" \/>\n<meta property=\"og:site_name\" content=\"Ghostysky\" \/>\n<meta property=\"article:publisher\" content=\"https:\/\/www.facebook.com\/people\/Ghostysky\/100057676170234\/\" \/>\n<meta property=\"article:modified_time\" content=\"2025-10-15T12:28:05+00:00\" \/>\n<meta property=\"og:image\" content=\"https:\/\/www.ghostysky.com\/wp-content\/uploads\/2025\/10\/GH_AgilexTitan_1.webp\" \/>\n\t<meta property=\"og:image:width\" content=\"418\" \/>\n\t<meta property=\"og:image:height\" content=\"269\" \/>\n\t<meta property=\"og:image:type\" content=\"image\/webp\" \/>\n<meta name=\"twitter:card\" content=\"summary_large_image\" \/>\n<meta name=\"twitter:site\" content=\"@Gh0stysky\" \/>\n<meta name=\"twitter:label1\" content=\"Tiempo de lectura\" \/>\n\t<meta name=\"twitter:data1\" content=\"2 minutos\" \/>\n<script type=\"application\/ld+json\" class=\"yoast-schema-graph\">{\"@context\":\"https:\/\/schema.org\",\"@graph\":[{\"@type\":\"WebPage\",\"@id\":\"https:\/\/www.ghostysky.com\/product\/agilex-titan\/\",\"url\":\"https:\/\/www.ghostysky.com\/product\/agilex-titan\/\",\"name\":\"Agilex Titan - Ghostysky\",\"isPartOf\":{\"@id\":\"https:\/\/www.ghostysky.com\/#website\"},\"primaryImageOfPage\":{\"@id\":\"https:\/\/www.ghostysky.com\/product\/agilex-titan\/#primaryimage\"},\"image\":{\"@id\":\"https:\/\/www.ghostysky.com\/product\/agilex-titan\/#primaryimage\"},\"thumbnailUrl\":\"https:\/\/www.ghostysky.com\/wp-content\/uploads\/2025\/10\/GH_AgilexTitan_1.webp\",\"datePublished\":\"2025-10-15T12:26:06+00:00\",\"dateModified\":\"2025-10-15T12:28:05+00:00\",\"description\":\"The AgileX Robotics Titan is a large, heavy-duty, multi-purpose Unmanned Ground Vehicle (UGV) chassis designed for challenging outdoor and off-road environments. It serves as a robust, adaptable platform for automation in various fields, including industrial, logistics, environmental monitoring, and scientific research.\",\"breadcrumb\":{\"@id\":\"https:\/\/www.ghostysky.com\/product\/agilex-titan\/#breadcrumb\"},\"inLanguage\":\"es\",\"potentialAction\":[{\"@type\":\"ReadAction\",\"target\":[\"https:\/\/www.ghostysky.com\/product\/agilex-titan\/\"]}]},{\"@type\":\"ImageObject\",\"inLanguage\":\"es\",\"@id\":\"https:\/\/www.ghostysky.com\/product\/agilex-titan\/#primaryimage\",\"url\":\"https:\/\/www.ghostysky.com\/wp-content\/uploads\/2025\/10\/GH_AgilexTitan_1.webp\",\"contentUrl\":\"https:\/\/www.ghostysky.com\/wp-content\/uploads\/2025\/10\/GH_AgilexTitan_1.webp\",\"width\":418,\"height\":269},{\"@type\":\"BreadcrumbList\",\"@id\":\"https:\/\/www.ghostysky.com\/product\/agilex-titan\/#breadcrumb\",\"itemListElement\":[{\"@type\":\"ListItem\",\"position\":1,\"name\":\"Home\",\"item\":\"https:\/\/www.ghostysky.com\/\"},{\"@type\":\"ListItem\",\"position\":2,\"name\":\"Shop\",\"item\":\"https:\/\/www.ghostysky.com\/shop\/\"},{\"@type\":\"ListItem\",\"position\":3,\"name\":\"Agilex Titan\"}]},{\"@type\":\"WebSite\",\"@id\":\"https:\/\/www.ghostysky.com\/#website\",\"url\":\"https:\/\/www.ghostysky.com\/\",\"name\":\"Ghostysky\",\"description\":\"Delivering professional drones and services\",\"publisher\":{\"@id\":\"https:\/\/www.ghostysky.com\/#organization\"},\"potentialAction\":[{\"@type\":\"SearchAction\",\"target\":{\"@type\":\"EntryPoint\",\"urlTemplate\":\"https:\/\/www.ghostysky.com\/?s={search_term_string}\"},\"query-input\":{\"@type\":\"PropertyValueSpecification\",\"valueRequired\":true,\"valueName\":\"search_term_string\"}}],\"inLanguage\":\"es\"},{\"@type\":\"Organization\",\"@id\":\"https:\/\/www.ghostysky.com\/#organization\",\"name\":\"Ghostysky\",\"url\":\"https:\/\/www.ghostysky.com\/\",\"logo\":{\"@type\":\"ImageObject\",\"inLanguage\":\"es\",\"@id\":\"https:\/\/www.ghostysky.com\/#\/schema\/logo\/image\/\",\"url\":\"https:\/\/www.ghostysky.com\/wp-content\/uploads\/2020\/06\/cropped-ghostyskylogo_text_white2.png\",\"contentUrl\":\"https:\/\/www.ghostysky.com\/wp-content\/uploads\/2020\/06\/cropped-ghostyskylogo_text_white2.png\",\"width\":169,\"height\":56,\"caption\":\"Ghostysky\"},\"image\":{\"@id\":\"https:\/\/www.ghostysky.com\/#\/schema\/logo\/image\/\"},\"sameAs\":[\"https:\/\/www.facebook.com\/people\/Ghostysky\/100057676170234\/\",\"https:\/\/x.com\/Gh0stysky\",\"https:\/\/www.linkedin.com\/company\/34739653\",\"https:\/\/www.instagram.com\/gh0stysky\"]}]}<\/script>\n<!-- \/ Yoast SEO plugin. -->","yoast_head_json":{"title":"Tit\u00e1n Agilex - Ghostysky","description":"El AgileX Robotics Titan es un chasis de veh\u00edculo terrestre no tripulado (UGV) grande, robusto y multiprop\u00f3sito, dise\u00f1ado para entornos exteriores y todoterreno exigentes. Sirve como una plataforma robusta y adaptable para la automatizaci\u00f3n en diversos campos, como la industria, la log\u00edstica, la monitorizaci\u00f3n ambiental y la investigaci\u00f3n cient\u00edfica.","robots":{"index":"index","follow":"follow","max-snippet":"max-snippet:-1","max-image-preview":"max-image-preview:large","max-video-preview":"max-video-preview:-1"},"canonical":"https:\/\/www.ghostysky.com\/es\/producto-2\/agilex-titan\/","og_locale":"es_ES","og_type":"article","og_title":"Agilex Titan - Ghostysky","og_description":"The AgileX Robotics Titan is a large, heavy-duty, multi-purpose Unmanned Ground Vehicle (UGV) chassis designed for challenging outdoor and off-road environments. It serves as a robust, adaptable platform for automation in various fields, including industrial, logistics, environmental monitoring, and scientific research.","og_url":"https:\/\/www.ghostysky.com\/es\/producto-2\/agilex-titan\/","og_site_name":"Ghostysky","article_publisher":"https:\/\/www.facebook.com\/people\/Ghostysky\/100057676170234\/","article_modified_time":"2025-10-15T12:28:05+00:00","og_image":[{"width":418,"height":269,"url":"https:\/\/www.ghostysky.com\/wp-content\/uploads\/2025\/10\/GH_AgilexTitan_1.webp","type":"image\/webp"}],"twitter_card":"summary_large_image","twitter_site":"@Gh0stysky","twitter_misc":{"Tiempo de lectura":"2 minutos"},"schema":{"@context":"https:\/\/schema.org","@graph":[{"@type":"WebPage","@id":"https:\/\/www.ghostysky.com\/product\/agilex-titan\/","url":"https:\/\/www.ghostysky.com\/product\/agilex-titan\/","name":"Tit\u00e1n Agilex - Ghostysky","isPartOf":{"@id":"https:\/\/www.ghostysky.com\/#website"},"primaryImageOfPage":{"@id":"https:\/\/www.ghostysky.com\/product\/agilex-titan\/#primaryimage"},"image":{"@id":"https:\/\/www.ghostysky.com\/product\/agilex-titan\/#primaryimage"},"thumbnailUrl":"https:\/\/www.ghostysky.com\/wp-content\/uploads\/2025\/10\/GH_AgilexTitan_1.webp","datePublished":"2025-10-15T12:26:06+00:00","dateModified":"2025-10-15T12:28:05+00:00","description":"El AgileX Robotics Titan es un chasis de veh\u00edculo terrestre no tripulado (UGV) grande, robusto y multiprop\u00f3sito, dise\u00f1ado para entornos exteriores y todoterreno exigentes. Sirve como una plataforma robusta y adaptable para la automatizaci\u00f3n en diversos campos, como la industria, la log\u00edstica, la monitorizaci\u00f3n ambiental y la investigaci\u00f3n cient\u00edfica.","breadcrumb":{"@id":"https:\/\/www.ghostysky.com\/product\/agilex-titan\/#breadcrumb"},"inLanguage":"es","potentialAction":[{"@type":"ReadAction","target":["https:\/\/www.ghostysky.com\/product\/agilex-titan\/"]}]},{"@type":"ImageObject","inLanguage":"es","@id":"https:\/\/www.ghostysky.com\/product\/agilex-titan\/#primaryimage","url":"https:\/\/www.ghostysky.com\/wp-content\/uploads\/2025\/10\/GH_AgilexTitan_1.webp","contentUrl":"https:\/\/www.ghostysky.com\/wp-content\/uploads\/2025\/10\/GH_AgilexTitan_1.webp","width":418,"height":269},{"@type":"BreadcrumbList","@id":"https:\/\/www.ghostysky.com\/product\/agilex-titan\/#breadcrumb","itemListElement":[{"@type":"ListItem","position":1,"name":"Home","item":"https:\/\/www.ghostysky.com\/"},{"@type":"ListItem","position":2,"name":"Shop","item":"https:\/\/www.ghostysky.com\/shop\/"},{"@type":"ListItem","position":3,"name":"Agilex Titan"}]},{"@type":"WebSite","@id":"https:\/\/www.ghostysky.com\/#website","url":"https:\/\/www.ghostysky.com\/","name":"Ghostysky","description":"Entrega de drones y servicios profesionales","publisher":{"@id":"https:\/\/www.ghostysky.com\/#organization"},"potentialAction":[{"@type":"SearchAction","target":{"@type":"EntryPoint","urlTemplate":"https:\/\/www.ghostysky.com\/?s={search_term_string}"},"query-input":{"@type":"PropertyValueSpecification","valueRequired":true,"valueName":"search_term_string"}}],"inLanguage":"es"},{"@type":"Organization","@id":"https:\/\/www.ghostysky.com\/#organization","name":"Ghostysky","url":"https:\/\/www.ghostysky.com\/","logo":{"@type":"ImageObject","inLanguage":"es","@id":"https:\/\/www.ghostysky.com\/#\/schema\/logo\/image\/","url":"https:\/\/www.ghostysky.com\/wp-content\/uploads\/2020\/06\/cropped-ghostyskylogo_text_white2.png","contentUrl":"https:\/\/www.ghostysky.com\/wp-content\/uploads\/2020\/06\/cropped-ghostyskylogo_text_white2.png","width":169,"height":56,"caption":"Ghostysky"},"image":{"@id":"https:\/\/www.ghostysky.com\/#\/schema\/logo\/image\/"},"sameAs":["https:\/\/www.facebook.com\/people\/Ghostysky\/100057676170234\/","https:\/\/x.com\/Gh0stysky","https:\/\/www.linkedin.com\/company\/34739653","https:\/\/www.instagram.com\/gh0stysky"]}]}},"_links":{"self":[{"href":"https:\/\/www.ghostysky.com\/es\/wp-json\/wp\/v2\/product\/21057","targetHints":{"allow":["GET"]}}],"collection":[{"href":"https:\/\/www.ghostysky.com\/es\/wp-json\/wp\/v2\/product"}],"about":[{"href":"https:\/\/www.ghostysky.com\/es\/wp-json\/wp\/v2\/types\/product"}],"replies":[{"embeddable":true,"href":"https:\/\/www.ghostysky.com\/es\/wp-json\/wp\/v2\/comments?post=21057"}],"wp:featuredmedia":[{"embeddable":true,"href":"https:\/\/www.ghostysky.com\/es\/wp-json\/wp\/v2\/media\/21063"}],"wp:attachment":[{"href":"https:\/\/www.ghostysky.com\/es\/wp-json\/wp\/v2\/media?parent=21057"}],"wp:term":[{"taxonomy":"product_brand","embeddable":true,"href":"https:\/\/www.ghostysky.com\/es\/wp-json\/wp\/v2\/product_brand?post=21057"},{"taxonomy":"product_cat","embeddable":true,"href":"https:\/\/www.ghostysky.com\/es\/wp-json\/wp\/v2\/product_cat?post=21057"},{"taxonomy":"product_tag","embeddable":true,"href":"https:\/\/www.ghostysky.com\/es\/wp-json\/wp\/v2\/product_tag?post=21057"}],"curies":[{"name":"wp","href":"https:\/\/api.w.org\/{rel}","templated":true}]}}