{"id":21074,"date":"2025-10-15T12:42:40","date_gmt":"2025-10-15T12:42:40","guid":{"rendered":"https:\/\/www.ghostysky.com\/?post_type=product&#038;p=21074"},"modified":"2026-01-10T09:56:13","modified_gmt":"2026-01-10T09:56:13","slug":"agilex-ranger-mini-3-0","status":"publish","type":"product","link":"https:\/\/www.ghostysky.com\/es\/product\/agilex-ranger-mini-3-0\/","title":{"rendered":"Agilex Ranger Mini 3.0"},"content":{"rendered":"<h3><b>Caracter\u00edsticas y capacidades clave<\/b><\/h3>\n<ul>\n<li><b><span class=\"citation-305\">Movilidad omnidireccional:<\/span><\/b><span class=\"citation-305 citation-end-305\"> Cuenta con cuatro modos de movimiento (Girar, Traves\u00eda, Diagonal y Ackermann) y un <\/span><b><span class=\"math-inline\"><span class=\"katex\"><span class=\"katex-html\" aria-hidden=\"true\"><span class=\"base\"><span class=\"mord\">0<span class=\"msupsub\"><span class=\"vlist-t\"><span class=\"vlist-r\"><span class=\"vlist\"><span class=\"\"><span class=\"sizing reset-size6 size3 mtight\"><span class=\"mord mtight\">\u2218<\/span><\/span><\/span><\/span><\/span><\/span><\/span><\/span><\/span><\/span><\/span><\/span><span class=\"citation-304\"> radio de giro<\/span><\/b><span class=\"citation-304 citation-end-304\">, lo que permite una integraci\u00f3n perfecta <\/span><b><span class=\"math-inline\"><span class=\"katex\"><span class=\"katex-html\" aria-hidden=\"true\"><span class=\"base\"><span class=\"mord\">36<\/span><span class=\"mord\">0<span class=\"msupsub\"><span class=\"vlist-t\"><span class=\"vlist-r\"><span class=\"vlist\"><span class=\"\"><span class=\"sizing reset-size6 size3 mtight\"><span class=\"mord mtight\">\u2218<\/span><\/span><\/span><\/span><\/span><\/span><\/span><\/span><\/span><\/span><\/span><\/span><span class=\"citation-303\"> direcci\u00f3n in situ<\/span><\/b><span class=\"citation-303 citation-end-303\"> y navegaci\u00f3n \u00e1gil en espacios reducidos.<\/span><\/li>\n<li><b><span class=\"citation-302\">Rendimiento robusto:<\/span><\/b><span class=\"citation-302\"> Dise\u00f1ado para ambos <\/span><b><span class=\"citation-302\">Interior y exterior<\/span><\/b><span class=\"citation-302\"> operaci\u00f3n con un <\/span><b><span class=\"citation-302\">IP54<\/span><\/b><span class=\"citation-302 citation-end-302\"> \u00cdndice de protecci\u00f3n contra el polvo y el agua.<\/span> <span class=\"citation-301 citation-end-301\">El sistema de suspensi\u00f3n independiente en las cuatro ruedas garantiza una excelente adaptabilidad al terreno y la capacidad de subir <\/span><b><span class=\"math-inline\"><span class=\"katex\"><span class=\"katex-html\" aria-hidden=\"true\"><span class=\"base\"><span class=\"mord\">1<\/span><span class=\"mord\">5<span class=\"msupsub\"><span class=\"vlist-t\"><span class=\"vlist-r\"><span class=\"vlist\"><span class=\"\"><span class=\"sizing reset-size6 size3 mtight\"><span class=\"mord mtight\">\u2218<\/span><\/span><\/span><\/span><\/span><\/span><\/span><\/span><\/span><\/span><\/span><\/span><span class=\"citation-300\"> pendientes<\/span><\/b><span class=\"citation-300 citation-end-300\"> (con carga \u00fatil completa) con un <\/span><b><span class=\"math-inline\"><span class=\"katex\"><span class=\"katex-html\" aria-hidden=\"true\"><span class=\"base\"><span class=\"mord\">105<\/span><span class=\"mord text\"><span class=\"mord\">\u00a0mil\u00edmetros<\/span><\/span><\/span><\/span><\/span><\/span><span class=\"citation-299\"> distancia al suelo<\/span><\/b><span class=\"citation-299 citation-end-299\">.<\/span><\/li>\n<li><b><span class=\"citation-298\">Alta capacidad de carga \u00fatil:<\/span><\/b><span class=\"citation-298 citation-end-298\"> Capaz de transportar una carga \u00fatil sustancial de hasta <\/span><b><span class=\"math-inline\"><span class=\"katex\"><span class=\"katex-html\" aria-hidden=\"true\"><span class=\"base\"><span class=\"mord\">100<\/span><span class=\"mord text\"><span class=\"mord\">\u00a0kg<\/span><\/span><\/span><\/span><\/span><\/span><\/b><span class=\"citation-297 citation-end-297\"> (algunas fuentes indican <\/span><span class=\"math-inline\"><span class=\"katex\"><span class=\"katex-html\" aria-hidden=\"true\"><span class=\"base\"><span class=\"mord\">120<\/span><span class=\"mord text\"><span class=\"mord\">\u00a0kg<\/span><\/span><\/span><\/span><\/span><\/span><span class=\"citation-296 citation-end-296\"> en movimiento) mientras mantiene una velocidad m\u00e1xima de hasta <\/span><b><span class=\"math-inline\"><span class=\"katex\"><span class=\"katex-html\" aria-hidden=\"true\"><span class=\"base\"><span class=\"mord\">7.2<\/span><span class=\"mord text\"><span class=\"mord\">\u00a0kil\u00f3metros por hora<\/span><\/span><\/span><\/span><\/span><\/span><\/b><span class=\"citation-295 citation-end-295\">.<\/span><\/li>\n<li><b><span class=\"citation-294\">Operaci\u00f3n extendida y continua:<\/span><\/b><span class=\"citation-294 citation-end-294\"> Equipado con un <\/span><b><span class=\"math-inline\"><span class=\"katex\"><span class=\"katex-html\" aria-hidden=\"true\"><span class=\"base\"><span class=\"mord\">48<\/span><span class=\"mord text\"><span class=\"mord\">V\u00a0<\/span><\/span><span class=\"mord\">24<\/span><span class=\"mord text\"><span class=\"mord\">Ah<\/span><\/span><\/span><\/span><\/span><\/span><span class=\"citation-293\"> Bater\u00eda de litio<\/span><\/b><span class=\"citation-293 citation-end-293\">, ofreciendo una duraci\u00f3n de hasta <\/span><b><span class=\"math-inline\"><span class=\"katex\"><span class=\"katex-html\" aria-hidden=\"true\"><span class=\"base\"><span class=\"mord\">7<\/span><span class=\"mbin\">\u2212<\/span><\/span><span class=\"base\"><span class=\"mord\">8<\/span><\/span><\/span><\/span><\/span><span class=\"citation-292\"> horas<\/span><\/b><span class=\"citation-292 citation-end-292\"> y una gama potencial de <\/span><span class=\"math-inline\"><span class=\"katex\"><span class=\"katex-html\" aria-hidden=\"true\"><span class=\"base\"><span class=\"mord\">35<\/span><span class=\"mord text\"><span class=\"mord\">\u00a0kil\u00f3metros<\/span><\/span><\/span><\/span><\/span><\/span><span class=\"citation-291 citation-end-291\">.<\/span> <span class=\"citation-290\">El <\/span><b><span class=\"citation-290\">dise\u00f1o de bater\u00eda intercambiable en caliente<\/span><\/b><span class=\"citation-290 citation-end-290\"> Permite un reemplazo r\u00e1pido, minimizando el tiempo de inactividad para tareas continuas.<\/span><\/li>\n<li><b>Plataforma Abierta para el Desarrollo:<\/b><span class=\"citation-289\"> Cuenta con rieles con ranura en T para un f\u00e1cil montaje de sensores externos (Lidar, c\u00e1maras, etc.) y admite el <\/span><b><span class=\"citation-289\">Protocolo de bus CAN<\/span><\/b><span class=\"citation-289 citation-end-289\"> para la comunicaci\u00f3n.<\/span> <span class=\"citation-288 citation-end-288\">Agilex proporciona un SDK de c\u00f3digo abierto y recursos de software (incluidos ROS1\/ROS2\/Python) para facilitar el desarrollo secundario y la personalizaci\u00f3n de diversos proyectos de investigaci\u00f3n y comerciales.<\/span><\/li>\n<\/ul>\n<p>Con su combinaci\u00f3n de tama\u00f1o compacto (<span class=\"math-inline\"><span class=\"katex\"><span class=\"katex-html\" aria-hidden=\"true\"><span class=\"base\"><span class=\"mord text\"><span class=\"mord\">aprox.\u00a0<\/span><\/span><span class=\"mord\">720<\/span><span class=\"mbin\">\u00d7<\/span><\/span><span class=\"base\"><span class=\"mord\">500<\/span><span class=\"mbin\">\u00d7<\/span><\/span><span class=\"base\"><span class=\"mord\">345<\/span><span class=\"mord text\"><span class=\"mord\">\u00a0mil\u00edmetros<\/span><\/span><\/span><\/span><\/span><\/span><span class=\"citation-287 citation-end-287\">), dise\u00f1o robusto y opciones de movimiento flexibles, el Ranger Mini 3.0 es una plataforma vers\u00e1til para tareas como inspecci\u00f3n, vigilancia, automatizaci\u00f3n industrial e investigaci\u00f3n rob\u00f3tica avanzada.<\/span><\/p>","protected":false},"excerpt":{"rendered":"<p><span class=\"citation-307\">El <\/span><b><span class=\"citation-307\">Agilex Ranger Mini 3.0<\/span><\/b><span class=\"citation-307\"> es un chasis de veh\u00edculo terrestre no tripulado (UGV) omnidireccional avanzado, dise\u00f1ado espec\u00edficamente para los exigentes <\/span><b><span class=\"citation-307\">aplicaciones industriales y de I+D<\/span><\/b><span class=\"citation-307 citation-end-307\">.<\/span><\/p>\n<p><span class=\"citation-306 citation-end-306\">Este robot m\u00f3vil representa una iteraci\u00f3n mejorada de la serie Ranger Mini, con un cuerpo robusto totalmente met\u00e1lico y direcci\u00f3n independiente en las cuatro ruedas, que brinda maniobrabilidad y estabilidad excepcionales en diversos entornos.<\/span><\/p>","protected":false},"featured_media":21077,"comment_status":"open","ping_status":"closed","template":"","meta":[],"product_brand":[1046],"product_cat":[1043,1044,1042,1037],"product_tag":[1047,1055,1061,1052],"class_list":{"0":"post-21074","1":"product","2":"type-product","3":"status-publish","4":"has-post-thumbnail","6":"product_brand-agilex","7":"product_cat-agilex","8":"product_cat-agilex-robots","9":"product_cat-chassis","10":"product_cat-robotics","11":"product_tag-agilex","12":"product_tag-agilex-chassis","13":"product_tag-agilex-ranger-mini","14":"product_tag-agilex-robots","16":"first","17":"onbackorder","18":"taxable","19":"shipping-taxable","20":"purchasable","21":"product-type-simple"},"yoast_head":"<!-- This site is optimized with the Yoast SEO plugin v27.1.1 - https:\/\/yoast.com\/product\/yoast-seo-wordpress\/ -->\n<title>Agilex Ranger Mini 3.0 - Ghostysky<\/title>\n<meta name=\"description\" content=\"The Agilex Ranger Mini 3.0 is an advanced, omnidirectional Unmanned Ground Vehicle (UGV) chassis specifically engineered for demanding industrial and R&amp;D applications.This mobile robot represents an enhanced iteration of the Ranger Mini series, featuring a robust, all-metal body and four-wheel independent steering, which delivers exceptional maneuverability and stability in diverse environments.\" \/>\n<meta name=\"robots\" content=\"index, follow, max-snippet:-1, max-image-preview:large, max-video-preview:-1\" \/>\n<link rel=\"canonical\" href=\"https:\/\/www.ghostysky.com\/es\/producto-2\/agilex-ranger-mini-3-0\/\" \/>\n<meta property=\"og:locale\" content=\"es_ES\" \/>\n<meta property=\"og:type\" content=\"article\" \/>\n<meta property=\"og:title\" content=\"Agilex Ranger Mini 3.0 - Ghostysky\" \/>\n<meta property=\"og:description\" content=\"The Agilex Ranger Mini 3.0 is an advanced, omnidirectional Unmanned Ground Vehicle (UGV) chassis specifically engineered for demanding industrial and R&amp;D applications.This mobile robot represents an enhanced iteration of the Ranger Mini series, featuring a robust, all-metal body and four-wheel independent steering, which delivers exceptional maneuverability and stability in diverse environments.\" \/>\n<meta property=\"og:url\" content=\"https:\/\/www.ghostysky.com\/es\/producto-2\/agilex-ranger-mini-3-0\/\" \/>\n<meta property=\"og:site_name\" content=\"Ghostysky\" \/>\n<meta property=\"article:publisher\" content=\"https:\/\/www.facebook.com\/people\/Ghostysky\/100057676170234\/\" \/>\n<meta property=\"article:modified_time\" content=\"2026-01-10T09:56:13+00:00\" \/>\n<meta property=\"og:image\" content=\"https:\/\/www.ghostysky.com\/wp-content\/uploads\/2025\/10\/GH_AgilexRangerMini3_1.webp\" \/>\n\t<meta property=\"og:image:width\" content=\"1920\" \/>\n\t<meta property=\"og:image:height\" content=\"1920\" \/>\n\t<meta property=\"og:image:type\" content=\"image\/webp\" \/>\n<meta name=\"twitter:card\" content=\"summary_large_image\" \/>\n<meta name=\"twitter:site\" content=\"@Gh0stysky\" \/>\n<meta name=\"twitter:label1\" content=\"Tiempo de lectura\" \/>\n\t<meta name=\"twitter:data1\" content=\"2 minutos\" \/>\n<script type=\"application\/ld+json\" class=\"yoast-schema-graph\">{\"@context\":\"https:\/\/schema.org\",\"@graph\":[{\"@type\":\"WebPage\",\"@id\":\"https:\/\/www.ghostysky.com\/product\/agilex-ranger-mini-3-0\/\",\"url\":\"https:\/\/www.ghostysky.com\/product\/agilex-ranger-mini-3-0\/\",\"name\":\"Agilex Ranger Mini 3.0 - Ghostysky\",\"isPartOf\":{\"@id\":\"https:\/\/www.ghostysky.com\/#website\"},\"primaryImageOfPage\":{\"@id\":\"https:\/\/www.ghostysky.com\/product\/agilex-ranger-mini-3-0\/#primaryimage\"},\"image\":{\"@id\":\"https:\/\/www.ghostysky.com\/product\/agilex-ranger-mini-3-0\/#primaryimage\"},\"thumbnailUrl\":\"https:\/\/www.ghostysky.com\/wp-content\/uploads\/2025\/10\/GH_AgilexRangerMini3_1.webp\",\"datePublished\":\"2025-10-15T12:42:40+00:00\",\"dateModified\":\"2026-01-10T09:56:13+00:00\",\"description\":\"The Agilex Ranger Mini 3.0 is an advanced, omnidirectional Unmanned Ground Vehicle (UGV) chassis specifically engineered for demanding industrial and R&D applications.This mobile robot represents an enhanced iteration of the Ranger Mini series, featuring a robust, all-metal body and four-wheel independent steering, which delivers exceptional maneuverability and stability in diverse environments.\",\"breadcrumb\":{\"@id\":\"https:\/\/www.ghostysky.com\/product\/agilex-ranger-mini-3-0\/#breadcrumb\"},\"inLanguage\":\"es\",\"potentialAction\":[{\"@type\":\"ReadAction\",\"target\":[\"https:\/\/www.ghostysky.com\/product\/agilex-ranger-mini-3-0\/\"]}]},{\"@type\":\"ImageObject\",\"inLanguage\":\"es\",\"@id\":\"https:\/\/www.ghostysky.com\/product\/agilex-ranger-mini-3-0\/#primaryimage\",\"url\":\"https:\/\/www.ghostysky.com\/wp-content\/uploads\/2025\/10\/GH_AgilexRangerMini3_1.webp\",\"contentUrl\":\"https:\/\/www.ghostysky.com\/wp-content\/uploads\/2025\/10\/GH_AgilexRangerMini3_1.webp\",\"width\":1920,\"height\":1920},{\"@type\":\"BreadcrumbList\",\"@id\":\"https:\/\/www.ghostysky.com\/product\/agilex-ranger-mini-3-0\/#breadcrumb\",\"itemListElement\":[{\"@type\":\"ListItem\",\"position\":1,\"name\":\"Home\",\"item\":\"https:\/\/www.ghostysky.com\/\"},{\"@type\":\"ListItem\",\"position\":2,\"name\":\"Shop\",\"item\":\"https:\/\/www.ghostysky.com\/shop\/\"},{\"@type\":\"ListItem\",\"position\":3,\"name\":\"Agilex Ranger Mini 3.0\"}]},{\"@type\":\"WebSite\",\"@id\":\"https:\/\/www.ghostysky.com\/#website\",\"url\":\"https:\/\/www.ghostysky.com\/\",\"name\":\"Ghostysky\",\"description\":\"Delivering professional drones and services\",\"publisher\":{\"@id\":\"https:\/\/www.ghostysky.com\/#organization\"},\"potentialAction\":[{\"@type\":\"SearchAction\",\"target\":{\"@type\":\"EntryPoint\",\"urlTemplate\":\"https:\/\/www.ghostysky.com\/?s={search_term_string}\"},\"query-input\":{\"@type\":\"PropertyValueSpecification\",\"valueRequired\":true,\"valueName\":\"search_term_string\"}}],\"inLanguage\":\"es\"},{\"@type\":\"Organization\",\"@id\":\"https:\/\/www.ghostysky.com\/#organization\",\"name\":\"Ghostysky\",\"url\":\"https:\/\/www.ghostysky.com\/\",\"logo\":{\"@type\":\"ImageObject\",\"inLanguage\":\"es\",\"@id\":\"https:\/\/www.ghostysky.com\/#\/schema\/logo\/image\/\",\"url\":\"https:\/\/www.ghostysky.com\/wp-content\/uploads\/2020\/06\/cropped-ghostyskylogo_text_white2.png\",\"contentUrl\":\"https:\/\/www.ghostysky.com\/wp-content\/uploads\/2020\/06\/cropped-ghostyskylogo_text_white2.png\",\"width\":169,\"height\":56,\"caption\":\"Ghostysky\"},\"image\":{\"@id\":\"https:\/\/www.ghostysky.com\/#\/schema\/logo\/image\/\"},\"sameAs\":[\"https:\/\/www.facebook.com\/people\/Ghostysky\/100057676170234\/\",\"https:\/\/x.com\/Gh0stysky\",\"https:\/\/www.linkedin.com\/company\/34739653\",\"https:\/\/www.instagram.com\/gh0stysky\"]}]}<\/script>\n<!-- \/ Yoast SEO plugin. -->","yoast_head_json":{"title":"Agilex Ranger Mini 3.0 - Ghostysky","description":"El Agilex Ranger Mini 3.0 es un chasis de veh\u00edculo terrestre no tripulado (UGV) omnidireccional avanzado dise\u00f1ado espec\u00edficamente para aplicaciones industriales y de I+D exigentes. Este robot m\u00f3vil representa una iteraci\u00f3n mejorada de la serie Ranger Mini, con un cuerpo robusto totalmente met\u00e1lico y direcci\u00f3n independiente en las cuatro ruedas, que brinda maniobrabilidad y estabilidad excepcionales en diversos entornos.","robots":{"index":"index","follow":"follow","max-snippet":"max-snippet:-1","max-image-preview":"max-image-preview:large","max-video-preview":"max-video-preview:-1"},"canonical":"https:\/\/www.ghostysky.com\/es\/producto-2\/agilex-ranger-mini-3-0\/","og_locale":"es_ES","og_type":"article","og_title":"Agilex Ranger Mini 3.0 - Ghostysky","og_description":"The Agilex Ranger Mini 3.0 is an advanced, omnidirectional Unmanned Ground Vehicle (UGV) chassis specifically engineered for demanding industrial and R&D applications.This mobile robot represents an enhanced iteration of the Ranger Mini series, featuring a robust, all-metal body and four-wheel independent steering, which delivers exceptional maneuverability and stability in diverse environments.","og_url":"https:\/\/www.ghostysky.com\/es\/producto-2\/agilex-ranger-mini-3-0\/","og_site_name":"Ghostysky","article_publisher":"https:\/\/www.facebook.com\/people\/Ghostysky\/100057676170234\/","article_modified_time":"2026-01-10T09:56:13+00:00","og_image":[{"width":1920,"height":1920,"url":"https:\/\/www.ghostysky.com\/wp-content\/uploads\/2025\/10\/GH_AgilexRangerMini3_1.webp","type":"image\/webp"}],"twitter_card":"summary_large_image","twitter_site":"@Gh0stysky","twitter_misc":{"Tiempo de lectura":"2 minutos"},"schema":{"@context":"https:\/\/schema.org","@graph":[{"@type":"WebPage","@id":"https:\/\/www.ghostysky.com\/product\/agilex-ranger-mini-3-0\/","url":"https:\/\/www.ghostysky.com\/product\/agilex-ranger-mini-3-0\/","name":"Agilex Ranger Mini 3.0 - Ghostysky","isPartOf":{"@id":"https:\/\/www.ghostysky.com\/#website"},"primaryImageOfPage":{"@id":"https:\/\/www.ghostysky.com\/product\/agilex-ranger-mini-3-0\/#primaryimage"},"image":{"@id":"https:\/\/www.ghostysky.com\/product\/agilex-ranger-mini-3-0\/#primaryimage"},"thumbnailUrl":"https:\/\/www.ghostysky.com\/wp-content\/uploads\/2025\/10\/GH_AgilexRangerMini3_1.webp","datePublished":"2025-10-15T12:42:40+00:00","dateModified":"2026-01-10T09:56:13+00:00","description":"El Agilex Ranger Mini 3.0 es un chasis de veh\u00edculo terrestre no tripulado (UGV) omnidireccional avanzado dise\u00f1ado espec\u00edficamente para aplicaciones industriales y de I+D exigentes. Este robot m\u00f3vil representa una iteraci\u00f3n mejorada de la serie Ranger Mini, con un cuerpo robusto totalmente met\u00e1lico y direcci\u00f3n independiente en las cuatro ruedas, que brinda maniobrabilidad y estabilidad excepcionales en diversos entornos.","breadcrumb":{"@id":"https:\/\/www.ghostysky.com\/product\/agilex-ranger-mini-3-0\/#breadcrumb"},"inLanguage":"es","potentialAction":[{"@type":"ReadAction","target":["https:\/\/www.ghostysky.com\/product\/agilex-ranger-mini-3-0\/"]}]},{"@type":"ImageObject","inLanguage":"es","@id":"https:\/\/www.ghostysky.com\/product\/agilex-ranger-mini-3-0\/#primaryimage","url":"https:\/\/www.ghostysky.com\/wp-content\/uploads\/2025\/10\/GH_AgilexRangerMini3_1.webp","contentUrl":"https:\/\/www.ghostysky.com\/wp-content\/uploads\/2025\/10\/GH_AgilexRangerMini3_1.webp","width":1920,"height":1920},{"@type":"BreadcrumbList","@id":"https:\/\/www.ghostysky.com\/product\/agilex-ranger-mini-3-0\/#breadcrumb","itemListElement":[{"@type":"ListItem","position":1,"name":"Home","item":"https:\/\/www.ghostysky.com\/"},{"@type":"ListItem","position":2,"name":"Shop","item":"https:\/\/www.ghostysky.com\/shop\/"},{"@type":"ListItem","position":3,"name":"Agilex Ranger Mini 3.0"}]},{"@type":"WebSite","@id":"https:\/\/www.ghostysky.com\/#website","url":"https:\/\/www.ghostysky.com\/","name":"Ghostysky","description":"Entrega de drones y servicios profesionales","publisher":{"@id":"https:\/\/www.ghostysky.com\/#organization"},"potentialAction":[{"@type":"SearchAction","target":{"@type":"EntryPoint","urlTemplate":"https:\/\/www.ghostysky.com\/?s={search_term_string}"},"query-input":{"@type":"PropertyValueSpecification","valueRequired":true,"valueName":"search_term_string"}}],"inLanguage":"es"},{"@type":"Organization","@id":"https:\/\/www.ghostysky.com\/#organization","name":"Ghostysky","url":"https:\/\/www.ghostysky.com\/","logo":{"@type":"ImageObject","inLanguage":"es","@id":"https:\/\/www.ghostysky.com\/#\/schema\/logo\/image\/","url":"https:\/\/www.ghostysky.com\/wp-content\/uploads\/2020\/06\/cropped-ghostyskylogo_text_white2.png","contentUrl":"https:\/\/www.ghostysky.com\/wp-content\/uploads\/2020\/06\/cropped-ghostyskylogo_text_white2.png","width":169,"height":56,"caption":"Ghostysky"},"image":{"@id":"https:\/\/www.ghostysky.com\/#\/schema\/logo\/image\/"},"sameAs":["https:\/\/www.facebook.com\/people\/Ghostysky\/100057676170234\/","https:\/\/x.com\/Gh0stysky","https:\/\/www.linkedin.com\/company\/34739653","https:\/\/www.instagram.com\/gh0stysky"]}]}},"_links":{"self":[{"href":"https:\/\/www.ghostysky.com\/es\/wp-json\/wp\/v2\/product\/21074","targetHints":{"allow":["GET"]}}],"collection":[{"href":"https:\/\/www.ghostysky.com\/es\/wp-json\/wp\/v2\/product"}],"about":[{"href":"https:\/\/www.ghostysky.com\/es\/wp-json\/wp\/v2\/types\/product"}],"replies":[{"embeddable":true,"href":"https:\/\/www.ghostysky.com\/es\/wp-json\/wp\/v2\/comments?post=21074"}],"wp:featuredmedia":[{"embeddable":true,"href":"https:\/\/www.ghostysky.com\/es\/wp-json\/wp\/v2\/media\/21077"}],"wp:attachment":[{"href":"https:\/\/www.ghostysky.com\/es\/wp-json\/wp\/v2\/media?parent=21074"}],"wp:term":[{"taxonomy":"product_brand","embeddable":true,"href":"https:\/\/www.ghostysky.com\/es\/wp-json\/wp\/v2\/product_brand?post=21074"},{"taxonomy":"product_cat","embeddable":true,"href":"https:\/\/www.ghostysky.com\/es\/wp-json\/wp\/v2\/product_cat?post=21074"},{"taxonomy":"product_tag","embeddable":true,"href":"https:\/\/www.ghostysky.com\/es\/wp-json\/wp\/v2\/product_tag?post=21074"}],"curies":[{"name":"wp","href":"https:\/\/api.w.org\/{rel}","templated":true}]}}