{"id":21078,"date":"2025-10-15T12:50:03","date_gmt":"2025-10-15T12:50:03","guid":{"rendered":"https:\/\/www.ghostysky.com\/?post_type=product&#038;p=21078"},"modified":"2025-10-15T12:50:28","modified_gmt":"2025-10-15T12:50:28","slug":"agilex-robotics-umr","status":"publish","type":"product","link":"https:\/\/www.ghostysky.com\/es\/product\/agilex-robotics-umr\/","title":{"rendered":"Rob\u00f3tica AgileX UMR"},"content":{"rendered":"<h3><b>Caracter\u00edsticas clave<\/b><\/h3>\n<ul>\n<li><b><span class=\"citation-338\">Adaptabilidad universal:<\/span><\/b><span class=\"citation-338 citation-end-338\"> Dise\u00f1ado para una f\u00e1cil integraci\u00f3n con sistemas existentes y una r\u00e1pida personalizaci\u00f3n.<\/span> Admite API abiertas y el m\u00f3dulo Navis Plus, lo que lo hace ideal para que investigadores e ingenieros aceleren el desarrollo.<\/li>\n<li><b><span class=\"citation-337\">Operaci\u00f3n robusta y en todo entorno:<\/span><\/b><span class=\"citation-337\"> Construido con materiales de grado industrial y un <\/span><b><span class=\"citation-337\">Grado de protecci\u00f3n IP65<\/span><\/b><span class=\"citation-337 citation-end-337\"> Para resistencia al polvo y al agua.<\/span> <span class=\"citation-336 citation-end-336\">Puede funcionar de manera constante en un amplio rango de temperatura (normalmente -10 \u00b0C a 40 \u00b0C).<\/span> Sus cuatro motores de buje independientes permiten una f\u00e1cil navegaci\u00f3n en terrenos dif\u00edciles y en espacios reducidos.<\/li>\n<li><b><span class=\"citation-335\">Navegaci\u00f3n avanzada:<\/span><\/b><span class=\"citation-335\"> Cuenta con el sistema integrado <\/span><b><span class=\"citation-335\">Sistema de navegaci\u00f3n NAVIS<\/span><\/b><span class=\"citation-335 citation-end-335\"> Para una precisi\u00f3n sin igual.<\/span>\n<ul>\n<li><b>Precisi\u00f3n de posicionamiento:<\/b> <span class=\"math-inline\"><span class=\"katex\"><span class=\"katex-html\" aria-hidden=\"true\"><span class=\"base\"><span class=\"mord\">\u00b1<\/span><span class=\"mord\">2<\/span><\/span><\/span><\/span><\/span><span class=\"citation-333 citation-end-333\"> cent\u00edmetro.<\/span><\/li>\n<li><b><span class=\"citation-332\">Capacidad de mapeo:<\/span><\/b><span class=\"citation-332 citation-end-332\"> Puede mapear \u00e1reas de m\u00e1s de 2 millones de metros cuadrados.<\/span><\/li>\n<li><b>Funcionalidad:<\/b><span class=\"citation-331 citation-end-331\"> Incluye planificaci\u00f3n de ruta inteligente y evitaci\u00f3n de obst\u00e1culos para operaciones fluidas en entornos din\u00e1micos.<\/span><\/li>\n<\/ul>\n<\/li>\n<li><b><span class=\"citation-330\">Dise\u00f1o centrado en la seguridad:<\/span><\/b><span class=\"citation-330\"> Equipado con hasta <\/span><b><span class=\"citation-330\">15 sensores avanzados<\/span><\/b><span class=\"citation-330 citation-end-330\"> para una comprensi\u00f3n integral <\/span><span class=\"math-inline\"><span class=\"katex\"><span class=\"katex-html\" aria-hidden=\"true\"><span class=\"base\"><span class=\"mord\">36<\/span><span class=\"mord\">0<span class=\"msupsub\"><span class=\"vlist-t\"><span class=\"vlist-r\"><span class=\"vlist\"><span class=\"\"><span class=\"sizing reset-size6 size3 mtight\"><span class=\"mord mtight\">\u2218<\/span><\/span><\/span><\/span><\/span><\/span><\/span><\/span><\/span><\/span><\/span><\/span><span class=\"citation-329 citation-end-329\"> Conciencia ambiental, permitiendo un trabajo colaborativo seguro junto a humanos en espacios industriales concurridos.<\/span><\/li>\n<li><b>Especificaciones de rendimiento (t\u00edpicas):<\/b>\n<ul>\n<li><b>Carga \u00fatil:<\/b><span class=\"citation-328 citation-end-328\"> Hasta 80 kg.<\/span><\/li>\n<li><b>Velocidad m\u00e1xima:<\/b> 1,5 m\/s.<\/li>\n<li><b>Autonom\u00eda:<\/b><span class=\"citation-327 citation-end-327\"> Hasta 4 horas.<\/span><\/li>\n<li><b>Capacidad de escalada:<\/b> <span class=\"math-inline\"><span class=\"katex\"><span class=\"katex-html\" aria-hidden=\"true\"><span class=\"base\"><span class=\"mrel\">\u2264<\/span><\/span><span class=\"base\"><span class=\"mord\">2<\/span><span class=\"mord\">0<span class=\"msupsub\"><span class=\"vlist-t\"><span class=\"vlist-r\"><span class=\"vlist\"><span class=\"\"><span class=\"sizing reset-size6 size3 mtight\"><span class=\"mord mtight\">\u2218<\/span><\/span><\/span><\/span><\/span><\/span><\/span><\/span><\/span><\/span><\/span><\/span>.<\/li>\n<\/ul>\n<\/li>\n<\/ul>\n<p><span class=\"citation-326 citation-end-326\">La plataforma UMR es una opci\u00f3n poderosa para aplicaciones en log\u00edstica, fabricaci\u00f3n, investigaci\u00f3n y desarrollo, entrega y varias otras tareas de automatizaci\u00f3n industrial.<\/span><\/p>","protected":false},"excerpt":{"rendered":"<p><span class=\"citation-339\">El <\/span><b><span class=\"citation-339\">AgileX Robotics UMR (Robot M\u00f3vil Universal)<\/span><\/b><span class=\"citation-339 citation-end-339\"> es una plataforma rob\u00f3tica industrial avanzada y vers\u00e1til dise\u00f1ada para ser una soluci\u00f3n universal para diversos escenarios de automatizaci\u00f3n e investigaci\u00f3n, destac\u00e1ndose tanto en entornos interiores como exteriores.<\/span><\/p>\n<div class=\"source-inline-chip-container ng-star-inserted\"><\/div>\n<p>&nbsp;<\/p>","protected":false},"featured_media":21084,"comment_status":"open","ping_status":"closed","template":"","meta":[],"product_brand":[1046],"product_cat":[1043,1044,1042,1037],"product_tag":[1047,1055,1052,1062],"class_list":{"0":"post-21078","1":"product","2":"type-product","3":"status-publish","4":"has-post-thumbnail","6":"product_brand-agilex","7":"product_cat-agilex","8":"product_cat-agilex-robots","9":"product_cat-chassis","10":"product_cat-robotics","11":"product_tag-agilex","12":"product_tag-agilex-chassis","13":"product_tag-agilex-robots","14":"product_tag-agilex-umr","16":"first","17":"onbackorder","18":"taxable","19":"shipping-taxable","20":"product-type-simple"},"yoast_head":"<!-- This site is optimized with the Yoast SEO plugin v27.1.1 - https:\/\/yoast.com\/product\/yoast-seo-wordpress\/ -->\n<title>AgileX Robotics UMR - Ghostysky<\/title>\n<meta name=\"description\" content=\"The AgileX Robotics UMR (Universal Mobile Robot) is an advanced, versatile industrial robotic platform engineered to be a universal solution for various automation and research scenarios, excelling in both indoor and outdoor environments.\" \/>\n<meta name=\"robots\" content=\"index, follow, max-snippet:-1, max-image-preview:large, max-video-preview:-1\" \/>\n<link rel=\"canonical\" href=\"https:\/\/www.ghostysky.com\/es\/producto-2\/agilex-robotics-umr\/\" \/>\n<meta property=\"og:locale\" content=\"es_ES\" \/>\n<meta property=\"og:type\" content=\"article\" \/>\n<meta property=\"og:title\" content=\"AgileX Robotics UMR - Ghostysky\" \/>\n<meta property=\"og:description\" content=\"The AgileX Robotics UMR (Universal Mobile Robot) is an advanced, versatile industrial robotic platform engineered to be a universal solution for various automation and research scenarios, excelling in both indoor and outdoor environments.\" \/>\n<meta property=\"og:url\" content=\"https:\/\/www.ghostysky.com\/es\/producto-2\/agilex-robotics-umr\/\" \/>\n<meta property=\"og:site_name\" content=\"Ghostysky\" \/>\n<meta property=\"article:publisher\" content=\"https:\/\/www.facebook.com\/people\/Ghostysky\/100057676170234\/\" \/>\n<meta property=\"article:modified_time\" content=\"2025-10-15T12:50:28+00:00\" \/>\n<meta property=\"og:image\" content=\"https:\/\/www.ghostysky.com\/wp-content\/uploads\/2025\/10\/GH_Agilex_UMR.webp\" \/>\n\t<meta property=\"og:image:width\" content=\"1920\" \/>\n\t<meta property=\"og:image:height\" content=\"1920\" \/>\n\t<meta property=\"og:image:type\" content=\"image\/webp\" \/>\n<meta name=\"twitter:card\" content=\"summary_large_image\" \/>\n<meta name=\"twitter:site\" content=\"@Gh0stysky\" \/>\n<meta name=\"twitter:label1\" content=\"Tiempo de lectura\" \/>\n\t<meta name=\"twitter:data1\" content=\"2 minutos\" \/>\n<script type=\"application\/ld+json\" class=\"yoast-schema-graph\">{\"@context\":\"https:\/\/schema.org\",\"@graph\":[{\"@type\":\"WebPage\",\"@id\":\"https:\/\/www.ghostysky.com\/product\/agilex-robotics-umr\/\",\"url\":\"https:\/\/www.ghostysky.com\/product\/agilex-robotics-umr\/\",\"name\":\"AgileX Robotics UMR - Ghostysky\",\"isPartOf\":{\"@id\":\"https:\/\/www.ghostysky.com\/#website\"},\"primaryImageOfPage\":{\"@id\":\"https:\/\/www.ghostysky.com\/product\/agilex-robotics-umr\/#primaryimage\"},\"image\":{\"@id\":\"https:\/\/www.ghostysky.com\/product\/agilex-robotics-umr\/#primaryimage\"},\"thumbnailUrl\":\"https:\/\/www.ghostysky.com\/wp-content\/uploads\/2025\/10\/GH_Agilex_UMR.webp\",\"datePublished\":\"2025-10-15T12:50:03+00:00\",\"dateModified\":\"2025-10-15T12:50:28+00:00\",\"description\":\"The AgileX Robotics UMR (Universal Mobile Robot) is an advanced, versatile industrial robotic platform engineered to be a universal solution for various automation and research scenarios, excelling in both indoor and outdoor environments.\",\"breadcrumb\":{\"@id\":\"https:\/\/www.ghostysky.com\/product\/agilex-robotics-umr\/#breadcrumb\"},\"inLanguage\":\"es\",\"potentialAction\":[{\"@type\":\"ReadAction\",\"target\":[\"https:\/\/www.ghostysky.com\/product\/agilex-robotics-umr\/\"]}]},{\"@type\":\"ImageObject\",\"inLanguage\":\"es\",\"@id\":\"https:\/\/www.ghostysky.com\/product\/agilex-robotics-umr\/#primaryimage\",\"url\":\"https:\/\/www.ghostysky.com\/wp-content\/uploads\/2025\/10\/GH_Agilex_UMR.webp\",\"contentUrl\":\"https:\/\/www.ghostysky.com\/wp-content\/uploads\/2025\/10\/GH_Agilex_UMR.webp\",\"width\":1920,\"height\":1920},{\"@type\":\"BreadcrumbList\",\"@id\":\"https:\/\/www.ghostysky.com\/product\/agilex-robotics-umr\/#breadcrumb\",\"itemListElement\":[{\"@type\":\"ListItem\",\"position\":1,\"name\":\"Home\",\"item\":\"https:\/\/www.ghostysky.com\/\"},{\"@type\":\"ListItem\",\"position\":2,\"name\":\"Shop\",\"item\":\"https:\/\/www.ghostysky.com\/shop\/\"},{\"@type\":\"ListItem\",\"position\":3,\"name\":\"AgileX Robotics UMR\"}]},{\"@type\":\"WebSite\",\"@id\":\"https:\/\/www.ghostysky.com\/#website\",\"url\":\"https:\/\/www.ghostysky.com\/\",\"name\":\"Ghostysky\",\"description\":\"Delivering professional drones and services\",\"publisher\":{\"@id\":\"https:\/\/www.ghostysky.com\/#organization\"},\"potentialAction\":[{\"@type\":\"SearchAction\",\"target\":{\"@type\":\"EntryPoint\",\"urlTemplate\":\"https:\/\/www.ghostysky.com\/?s={search_term_string}\"},\"query-input\":{\"@type\":\"PropertyValueSpecification\",\"valueRequired\":true,\"valueName\":\"search_term_string\"}}],\"inLanguage\":\"es\"},{\"@type\":\"Organization\",\"@id\":\"https:\/\/www.ghostysky.com\/#organization\",\"name\":\"Ghostysky\",\"url\":\"https:\/\/www.ghostysky.com\/\",\"logo\":{\"@type\":\"ImageObject\",\"inLanguage\":\"es\",\"@id\":\"https:\/\/www.ghostysky.com\/#\/schema\/logo\/image\/\",\"url\":\"https:\/\/www.ghostysky.com\/wp-content\/uploads\/2020\/06\/cropped-ghostyskylogo_text_white2.png\",\"contentUrl\":\"https:\/\/www.ghostysky.com\/wp-content\/uploads\/2020\/06\/cropped-ghostyskylogo_text_white2.png\",\"width\":169,\"height\":56,\"caption\":\"Ghostysky\"},\"image\":{\"@id\":\"https:\/\/www.ghostysky.com\/#\/schema\/logo\/image\/\"},\"sameAs\":[\"https:\/\/www.facebook.com\/people\/Ghostysky\/100057676170234\/\",\"https:\/\/x.com\/Gh0stysky\",\"https:\/\/www.linkedin.com\/company\/34739653\",\"https:\/\/www.instagram.com\/gh0stysky\"]}]}<\/script>\n<!-- \/ Yoast SEO plugin. -->","yoast_head_json":{"title":"Rob\u00f3tica AgileX UMR - Ghostysky","description":"El UMR (Universal Mobile Robotics) de AgileX Robotics es una plataforma rob\u00f3tica industrial avanzada y vers\u00e1til dise\u00f1ada para ser una soluci\u00f3n universal para diversos escenarios de automatizaci\u00f3n e investigaci\u00f3n, destac\u00e1ndose tanto en entornos interiores como exteriores.","robots":{"index":"index","follow":"follow","max-snippet":"max-snippet:-1","max-image-preview":"max-image-preview:large","max-video-preview":"max-video-preview:-1"},"canonical":"https:\/\/www.ghostysky.com\/es\/producto-2\/agilex-robotics-umr\/","og_locale":"es_ES","og_type":"article","og_title":"AgileX Robotics UMR - Ghostysky","og_description":"The AgileX Robotics UMR (Universal Mobile Robot) is an advanced, versatile industrial robotic platform engineered to be a universal solution for various automation and research scenarios, excelling in both indoor and outdoor environments.","og_url":"https:\/\/www.ghostysky.com\/es\/producto-2\/agilex-robotics-umr\/","og_site_name":"Ghostysky","article_publisher":"https:\/\/www.facebook.com\/people\/Ghostysky\/100057676170234\/","article_modified_time":"2025-10-15T12:50:28+00:00","og_image":[{"width":1920,"height":1920,"url":"https:\/\/www.ghostysky.com\/wp-content\/uploads\/2025\/10\/GH_Agilex_UMR.webp","type":"image\/webp"}],"twitter_card":"summary_large_image","twitter_site":"@Gh0stysky","twitter_misc":{"Tiempo de lectura":"2 minutos"},"schema":{"@context":"https:\/\/schema.org","@graph":[{"@type":"WebPage","@id":"https:\/\/www.ghostysky.com\/product\/agilex-robotics-umr\/","url":"https:\/\/www.ghostysky.com\/product\/agilex-robotics-umr\/","name":"Rob\u00f3tica AgileX UMR - Ghostysky","isPartOf":{"@id":"https:\/\/www.ghostysky.com\/#website"},"primaryImageOfPage":{"@id":"https:\/\/www.ghostysky.com\/product\/agilex-robotics-umr\/#primaryimage"},"image":{"@id":"https:\/\/www.ghostysky.com\/product\/agilex-robotics-umr\/#primaryimage"},"thumbnailUrl":"https:\/\/www.ghostysky.com\/wp-content\/uploads\/2025\/10\/GH_Agilex_UMR.webp","datePublished":"2025-10-15T12:50:03+00:00","dateModified":"2025-10-15T12:50:28+00:00","description":"El UMR (Universal Mobile Robotics) de AgileX Robotics es una plataforma rob\u00f3tica industrial avanzada y vers\u00e1til dise\u00f1ada para ser una soluci\u00f3n universal para diversos escenarios de automatizaci\u00f3n e investigaci\u00f3n, destac\u00e1ndose tanto en entornos interiores como exteriores.","breadcrumb":{"@id":"https:\/\/www.ghostysky.com\/product\/agilex-robotics-umr\/#breadcrumb"},"inLanguage":"es","potentialAction":[{"@type":"ReadAction","target":["https:\/\/www.ghostysky.com\/product\/agilex-robotics-umr\/"]}]},{"@type":"ImageObject","inLanguage":"es","@id":"https:\/\/www.ghostysky.com\/product\/agilex-robotics-umr\/#primaryimage","url":"https:\/\/www.ghostysky.com\/wp-content\/uploads\/2025\/10\/GH_Agilex_UMR.webp","contentUrl":"https:\/\/www.ghostysky.com\/wp-content\/uploads\/2025\/10\/GH_Agilex_UMR.webp","width":1920,"height":1920},{"@type":"BreadcrumbList","@id":"https:\/\/www.ghostysky.com\/product\/agilex-robotics-umr\/#breadcrumb","itemListElement":[{"@type":"ListItem","position":1,"name":"Home","item":"https:\/\/www.ghostysky.com\/"},{"@type":"ListItem","position":2,"name":"Shop","item":"https:\/\/www.ghostysky.com\/shop\/"},{"@type":"ListItem","position":3,"name":"AgileX Robotics UMR"}]},{"@type":"WebSite","@id":"https:\/\/www.ghostysky.com\/#website","url":"https:\/\/www.ghostysky.com\/","name":"Ghostysky","description":"Entrega de drones y servicios profesionales","publisher":{"@id":"https:\/\/www.ghostysky.com\/#organization"},"potentialAction":[{"@type":"SearchAction","target":{"@type":"EntryPoint","urlTemplate":"https:\/\/www.ghostysky.com\/?s={search_term_string}"},"query-input":{"@type":"PropertyValueSpecification","valueRequired":true,"valueName":"search_term_string"}}],"inLanguage":"es"},{"@type":"Organization","@id":"https:\/\/www.ghostysky.com\/#organization","name":"Ghostysky","url":"https:\/\/www.ghostysky.com\/","logo":{"@type":"ImageObject","inLanguage":"es","@id":"https:\/\/www.ghostysky.com\/#\/schema\/logo\/image\/","url":"https:\/\/www.ghostysky.com\/wp-content\/uploads\/2020\/06\/cropped-ghostyskylogo_text_white2.png","contentUrl":"https:\/\/www.ghostysky.com\/wp-content\/uploads\/2020\/06\/cropped-ghostyskylogo_text_white2.png","width":169,"height":56,"caption":"Ghostysky"},"image":{"@id":"https:\/\/www.ghostysky.com\/#\/schema\/logo\/image\/"},"sameAs":["https:\/\/www.facebook.com\/people\/Ghostysky\/100057676170234\/","https:\/\/x.com\/Gh0stysky","https:\/\/www.linkedin.com\/company\/34739653","https:\/\/www.instagram.com\/gh0stysky"]}]}},"_links":{"self":[{"href":"https:\/\/www.ghostysky.com\/es\/wp-json\/wp\/v2\/product\/21078","targetHints":{"allow":["GET"]}}],"collection":[{"href":"https:\/\/www.ghostysky.com\/es\/wp-json\/wp\/v2\/product"}],"about":[{"href":"https:\/\/www.ghostysky.com\/es\/wp-json\/wp\/v2\/types\/product"}],"replies":[{"embeddable":true,"href":"https:\/\/www.ghostysky.com\/es\/wp-json\/wp\/v2\/comments?post=21078"}],"wp:featuredmedia":[{"embeddable":true,"href":"https:\/\/www.ghostysky.com\/es\/wp-json\/wp\/v2\/media\/21084"}],"wp:attachment":[{"href":"https:\/\/www.ghostysky.com\/es\/wp-json\/wp\/v2\/media?parent=21078"}],"wp:term":[{"taxonomy":"product_brand","embeddable":true,"href":"https:\/\/www.ghostysky.com\/es\/wp-json\/wp\/v2\/product_brand?post=21078"},{"taxonomy":"product_cat","embeddable":true,"href":"https:\/\/www.ghostysky.com\/es\/wp-json\/wp\/v2\/product_cat?post=21078"},{"taxonomy":"product_tag","embeddable":true,"href":"https:\/\/www.ghostysky.com\/es\/wp-json\/wp\/v2\/product_tag?post=21078"}],"curies":[{"name":"wp","href":"https:\/\/api.w.org\/{rel}","templated":true}]}}