{"id":21085,"date":"2025-10-15T13:41:41","date_gmt":"2025-10-15T13:41:41","guid":{"rendered":"https:\/\/www.ghostysky.com\/?post_type=product&#038;p=21085"},"modified":"2026-01-10T09:24:54","modified_gmt":"2026-01-10T09:24:54","slug":"agilex-bunker","status":"publish","type":"product","link":"https:\/\/www.ghostysky.com\/es\/product\/agilex-bunker\/","title":{"rendered":"B\u00fanker Agilex"},"content":{"rendered":"<h3><b>Caracter\u00edsticas clave<\/b><\/h3>\n<ul>\n<li><b><span class=\"citation-370 citation-end-370\">Movilidad todoterreno superior:<\/span><\/b><span class=\"citation-369 citation-end-369\"> Utiliza un sistema de transmisi\u00f3n por cable diferencial con orugas y una suspensi\u00f3n independiente Christie o multibrazo con amortiguadores de alta resistencia, lo que le permite conquistar terrenos dif\u00edciles, barro y pendientes pronunciadas (hasta <\/span><span class=\"math-inline\"><span class=\"katex\"><span class=\"katex-html\" aria-hidden=\"true\"><span class=\"base\"><span class=\"mord\">3<\/span><span class=\"mord\">6<span class=\"msupsub\"><span class=\"vlist-t\"><span class=\"vlist-r\"><span class=\"vlist\"><span class=\"\"><span class=\"sizing reset-size6 size3 mtight\"><span class=\"mbin mtight\">\u2218<\/span><\/span><\/span><\/span><\/span><\/span><\/span><\/span><\/span><\/span><\/span><\/span><span class=\"citation-368 citation-end-368\"> grado de escalada) y obst\u00e1culos.<\/span><\/li>\n<li><b>Alta capacidad de carga:<\/b><span class=\"citation-367 citation-end-367\"> Dise\u00f1ado para aplicaciones de trabajo pesado, puede soportar una carga \u00fatil significativa (por ejemplo, hasta 70 kg para el Bunker est\u00e1ndar y hasta 120 kg para el modelo Bunker Pro).<\/span><\/li>\n<li><b><span class=\"citation-366\">Construcci\u00f3n robusta y protecci\u00f3n:<\/span><\/b><span class=\"citation-366 citation-end-366\"> Cuenta con un dise\u00f1o industrial resistente con una alta clasificaci\u00f3n de protecci\u00f3n de ingreso (IP) (por ejemplo, est\u00e1ndar IP52 o IP67 para Bunker Pro), que proporciona resistencia al polvo, al agua y a las duras condiciones.<\/span><\/li>\n<li><b>Maniobrabilidad \u00e1gil:<\/b><span class=\"citation-365 citation-end-365\"> Admite rotaci\u00f3n in situ, lo que significa que puede girar en el lugar, lo que permite un movimiento preciso en espacios reducidos.<\/span><\/li>\n<li><b>Plataforma de desarrollo abierta:<\/b><span class=\"citation-364 citation-end-364\"> Altamente f\u00e1cil de desarrollar, con rieles de ranura en T de aluminio para un f\u00e1cil montaje de varios sensores, equipos y componentes de carga superior (c\u00e1maras, LiDAR, IMU, etc.).<\/span><\/li>\n<li><b><span class=\"citation-363\">Integraci\u00f3n perfecta:<\/span><\/b><span class=\"citation-363\"> Apoya el desarrollo secundario a trav\u00e9s de una <\/span><b><span class=\"citation-363\">Bus CAN<\/span><\/b><span class=\"citation-363\"> Interfaz de comunicaci\u00f3n y proporciona SDK de c\u00f3digo abierto y <\/span><b><span class=\"citation-363\">Paquetes ROS\/ROS2<\/span><\/b><span class=\"citation-363 citation-end-363\"> para la integraci\u00f3n con sistemas avanzados de conducci\u00f3n aut\u00f3noma y rob\u00f3tica (como Apollo).<\/span>\n<div class=\"source-inline-chip-container ng-star-inserted\"><\/div>\n<\/li>\n<\/ul>\n<h3><b>Aplicaciones<\/b><\/h3>\n<p>El BUNKER sirve como plataforma ideal para diversas aplicaciones especializadas e industriales, entre las que se incluyen:<\/p>\n<ul>\n<li><b><span class=\"citation-362\">Investigaci\u00f3n y desarrollo:<\/span><\/b><span class=\"citation-362 citation-end-362\"> Rob\u00f3tica, pruebas de algoritmos y estudios acad\u00e9micos en sistemas aut\u00f3nomos.<\/span><\/li>\n<li><b><span class=\"citation-361\">Inspecci\u00f3n Industrial:<\/span><\/b><span class=\"citation-361 citation-end-361\"> Vigilancia e inspecci\u00f3n de instalaciones industriales, interiores y exteriores, especialmente en zonas peligrosas o de dif\u00edcil acceso.<\/span><\/li>\n<li><b>Exploraci\u00f3n y Topograf\u00eda:<\/b><span class=\"citation-360 citation-end-360\"> Estudios geol\u00f3gicos y monitoreo remoto en terrenos dif\u00edciles.<\/span><\/li>\n<li><b><span class=\"citation-359\">Seguridad y defensa:<\/span><\/b><span class=\"citation-359 citation-end-359\"> Seguridad perimetral, vigilancia y desarrollo de robots de rescate o eliminaci\u00f3n de artefactos explosivos (EOD).<\/span><\/li>\n<li><b>Log\u00edstica y Agricultura:<\/b><span class=\"citation-358 citation-end-358\"> Transporte de materiales en entornos de construcci\u00f3n, almac\u00e9n o agr\u00edcolas.<\/span><\/li>\n<\/ul>\n<p><span class=\"citation-357 citation-end-357\">En esencia, Agilex BUNKER es la base rob\u00f3tica todoterreno de alta carga definitiva, dise\u00f1ada para desarrolladores e integradores que necesitan una soluci\u00f3n confiable, potente y personalizable para entornos complejos del mundo real.<\/span><\/p>","protected":false},"excerpt":{"rendered":"<p><span class=\"citation-371\">El Agilex <\/span><b><span class=\"citation-371\">B\u00daNKER<\/span><\/b><span class=\"citation-371\"> Es un modelo vers\u00e1til y robusto. <\/span><b><span class=\"citation-371\">Chasis de robot m\u00f3vil de veh\u00edculo terrestre no tripulado (UGV) con orugas<\/span><\/b><span class=\"citation-371 citation-end-371\"> Dise\u00f1ado para un rendimiento excepcional en entornos desafiantes y todoterreno.<\/span><\/p>","protected":false},"featured_media":21093,"comment_status":"open","ping_status":"closed","template":"","meta":[],"product_brand":[1046],"product_cat":[1043,1044,1042,1037],"product_tag":[1047,1055,1052],"class_list":{"0":"post-21085","1":"product","2":"type-product","3":"status-publish","4":"has-post-thumbnail","6":"product_brand-agilex","7":"product_cat-agilex","8":"product_cat-agilex-robots","9":"product_cat-chassis","10":"product_cat-robotics","11":"product_tag-agilex","12":"product_tag-agilex-chassis","13":"product_tag-agilex-robots","15":"first","16":"onbackorder","17":"taxable","18":"shipping-taxable","19":"product-type-simple"},"yoast_head":"<!-- This site is optimized with the Yoast SEO plugin v27.4 - https:\/\/yoast.com\/product\/yoast-seo-wordpress\/ -->\n<title>Agilex Bunker - Ghostysky<\/title>\n<meta name=\"description\" content=\"The Agilex BUNKER is a versatile and robust tracked Unmanned Ground Vehicle (UGV) mobile robot chassis designed for exceptional performance in challenging and off-road environments.\" \/>\n<meta name=\"robots\" content=\"index, follow, max-snippet:-1, max-image-preview:large, max-video-preview:-1\" \/>\n<link rel=\"canonical\" href=\"https:\/\/www.ghostysky.com\/es\/producto-2\/agilex-bunker\/\" \/>\n<meta property=\"og:locale\" content=\"es_ES\" \/>\n<meta property=\"og:type\" content=\"article\" \/>\n<meta property=\"og:title\" content=\"Agilex Bunker - Ghostysky\" \/>\n<meta property=\"og:description\" content=\"The Agilex BUNKER is a versatile and robust tracked Unmanned Ground Vehicle (UGV) mobile robot chassis designed for exceptional performance in challenging and off-road environments.\" \/>\n<meta property=\"og:url\" content=\"https:\/\/www.ghostysky.com\/es\/producto-2\/agilex-bunker\/\" \/>\n<meta property=\"og:site_name\" content=\"Ghostysky\" \/>\n<meta property=\"article:publisher\" content=\"https:\/\/www.facebook.com\/people\/Ghostysky\/100057676170234\/\" \/>\n<meta property=\"article:modified_time\" content=\"2026-01-10T09:24:54+00:00\" \/>\n<meta property=\"og:image\" content=\"https:\/\/www.ghostysky.com\/wp-content\/uploads\/2025\/10\/GH_AgilexBunker_1.png\" \/>\n\t<meta property=\"og:image:width\" content=\"1676\" \/>\n\t<meta property=\"og:image:height\" content=\"1676\" \/>\n\t<meta property=\"og:image:type\" content=\"image\/png\" \/>\n<meta name=\"twitter:card\" content=\"summary_large_image\" \/>\n<meta name=\"twitter:site\" content=\"@Gh0stysky\" \/>\n<meta name=\"twitter:label1\" content=\"Tiempo de lectura\" \/>\n\t<meta name=\"twitter:data1\" content=\"2 minutos\" \/>\n<script type=\"application\/ld+json\" class=\"yoast-schema-graph\">{\"@context\":\"https:\\\/\\\/schema.org\",\"@graph\":[{\"@type\":\"WebPage\",\"@id\":\"https:\\\/\\\/www.ghostysky.com\\\/product\\\/agilex-bunker\\\/\",\"url\":\"https:\\\/\\\/www.ghostysky.com\\\/product\\\/agilex-bunker\\\/\",\"name\":\"Agilex Bunker - Ghostysky\",\"isPartOf\":{\"@id\":\"https:\\\/\\\/www.ghostysky.com\\\/#website\"},\"primaryImageOfPage\":{\"@id\":\"https:\\\/\\\/www.ghostysky.com\\\/product\\\/agilex-bunker\\\/#primaryimage\"},\"image\":{\"@id\":\"https:\\\/\\\/www.ghostysky.com\\\/product\\\/agilex-bunker\\\/#primaryimage\"},\"thumbnailUrl\":\"https:\\\/\\\/www.ghostysky.com\\\/wp-content\\\/uploads\\\/2025\\\/10\\\/GH_AgilexBunker_1.png\",\"datePublished\":\"2025-10-15T13:41:41+00:00\",\"dateModified\":\"2026-01-10T09:24:54+00:00\",\"description\":\"The Agilex BUNKER is a versatile and robust tracked Unmanned Ground Vehicle (UGV) mobile robot chassis designed for exceptional performance in challenging and off-road environments.\",\"breadcrumb\":{\"@id\":\"https:\\\/\\\/www.ghostysky.com\\\/product\\\/agilex-bunker\\\/#breadcrumb\"},\"inLanguage\":\"es\",\"potentialAction\":[{\"@type\":\"ReadAction\",\"target\":[\"https:\\\/\\\/www.ghostysky.com\\\/product\\\/agilex-bunker\\\/\"]}]},{\"@type\":\"ImageObject\",\"inLanguage\":\"es\",\"@id\":\"https:\\\/\\\/www.ghostysky.com\\\/product\\\/agilex-bunker\\\/#primaryimage\",\"url\":\"https:\\\/\\\/www.ghostysky.com\\\/wp-content\\\/uploads\\\/2025\\\/10\\\/GH_AgilexBunker_1.png\",\"contentUrl\":\"https:\\\/\\\/www.ghostysky.com\\\/wp-content\\\/uploads\\\/2025\\\/10\\\/GH_AgilexBunker_1.png\",\"width\":1676,\"height\":1676},{\"@type\":\"BreadcrumbList\",\"@id\":\"https:\\\/\\\/www.ghostysky.com\\\/product\\\/agilex-bunker\\\/#breadcrumb\",\"itemListElement\":[{\"@type\":\"ListItem\",\"position\":1,\"name\":\"Home\",\"item\":\"https:\\\/\\\/www.ghostysky.com\\\/\"},{\"@type\":\"ListItem\",\"position\":2,\"name\":\"Shop\",\"item\":\"https:\\\/\\\/www.ghostysky.com\\\/shop\\\/\"},{\"@type\":\"ListItem\",\"position\":3,\"name\":\"Agilex Bunker\"}]},{\"@type\":\"WebSite\",\"@id\":\"https:\\\/\\\/www.ghostysky.com\\\/#website\",\"url\":\"https:\\\/\\\/www.ghostysky.com\\\/\",\"name\":\"Ghostysky\",\"description\":\"Delivering professional drones and robotics solutions\",\"publisher\":{\"@id\":\"https:\\\/\\\/www.ghostysky.com\\\/#organization\"},\"potentialAction\":[{\"@type\":\"SearchAction\",\"target\":{\"@type\":\"EntryPoint\",\"urlTemplate\":\"https:\\\/\\\/www.ghostysky.com\\\/?s={search_term_string}\"},\"query-input\":{\"@type\":\"PropertyValueSpecification\",\"valueRequired\":true,\"valueName\":\"search_term_string\"}}],\"inLanguage\":\"es\"},{\"@type\":\"Organization\",\"@id\":\"https:\\\/\\\/www.ghostysky.com\\\/#organization\",\"name\":\"Ghostysky\",\"url\":\"https:\\\/\\\/www.ghostysky.com\\\/\",\"logo\":{\"@type\":\"ImageObject\",\"inLanguage\":\"es\",\"@id\":\"https:\\\/\\\/www.ghostysky.com\\\/#\\\/schema\\\/logo\\\/image\\\/\",\"url\":\"https:\\\/\\\/www.ghostysky.com\\\/wp-content\\\/uploads\\\/2020\\\/06\\\/cropped-ghostyskylogo_text_white2.png\",\"contentUrl\":\"https:\\\/\\\/www.ghostysky.com\\\/wp-content\\\/uploads\\\/2020\\\/06\\\/cropped-ghostyskylogo_text_white2.png\",\"width\":169,\"height\":56,\"caption\":\"Ghostysky\"},\"image\":{\"@id\":\"https:\\\/\\\/www.ghostysky.com\\\/#\\\/schema\\\/logo\\\/image\\\/\"},\"sameAs\":[\"https:\\\/\\\/www.facebook.com\\\/people\\\/Ghostysky\\\/100057676170234\\\/\",\"https:\\\/\\\/x.com\\\/Gh0stysky\",\"https:\\\/\\\/www.linkedin.com\\\/company\\\/34739653\",\"https:\\\/\\\/www.instagram.com\\\/gh0stysky\"]}]}<\/script>\n<!-- \/ Yoast SEO plugin. -->","yoast_head_json":{"title":"B\u00fanker Agilex - Ghostysky","description":"El Agilex BUNKER es un chasis de robot m\u00f3vil no tripulado (UGV) con orugas, vers\u00e1til y robusto, dise\u00f1ado para un rendimiento excepcional en entornos desafiantes y todoterreno.","robots":{"index":"index","follow":"follow","max-snippet":"max-snippet:-1","max-image-preview":"max-image-preview:large","max-video-preview":"max-video-preview:-1"},"canonical":"https:\/\/www.ghostysky.com\/es\/producto-2\/agilex-bunker\/","og_locale":"es_ES","og_type":"article","og_title":"Agilex Bunker - Ghostysky","og_description":"The Agilex BUNKER is a versatile and robust tracked Unmanned Ground Vehicle (UGV) mobile robot chassis designed for exceptional performance in challenging and off-road environments.","og_url":"https:\/\/www.ghostysky.com\/es\/producto-2\/agilex-bunker\/","og_site_name":"Ghostysky","article_publisher":"https:\/\/www.facebook.com\/people\/Ghostysky\/100057676170234\/","article_modified_time":"2026-01-10T09:24:54+00:00","og_image":[{"width":1676,"height":1676,"url":"https:\/\/www.ghostysky.com\/wp-content\/uploads\/2025\/10\/GH_AgilexBunker_1.png","type":"image\/png"}],"twitter_card":"summary_large_image","twitter_site":"@Gh0stysky","twitter_misc":{"Tiempo de lectura":"2 minutos"},"schema":{"@context":"https:\/\/schema.org","@graph":[{"@type":"WebPage","@id":"https:\/\/www.ghostysky.com\/product\/agilex-bunker\/","url":"https:\/\/www.ghostysky.com\/product\/agilex-bunker\/","name":"B\u00fanker Agilex - Ghostysky","isPartOf":{"@id":"https:\/\/www.ghostysky.com\/#website"},"primaryImageOfPage":{"@id":"https:\/\/www.ghostysky.com\/product\/agilex-bunker\/#primaryimage"},"image":{"@id":"https:\/\/www.ghostysky.com\/product\/agilex-bunker\/#primaryimage"},"thumbnailUrl":"https:\/\/www.ghostysky.com\/wp-content\/uploads\/2025\/10\/GH_AgilexBunker_1.png","datePublished":"2025-10-15T13:41:41+00:00","dateModified":"2026-01-10T09:24:54+00:00","description":"El Agilex BUNKER es un chasis de robot m\u00f3vil no tripulado (UGV) con orugas, vers\u00e1til y robusto, dise\u00f1ado para un rendimiento excepcional en entornos desafiantes y todoterreno.","breadcrumb":{"@id":"https:\/\/www.ghostysky.com\/product\/agilex-bunker\/#breadcrumb"},"inLanguage":"es","potentialAction":[{"@type":"ReadAction","target":["https:\/\/www.ghostysky.com\/product\/agilex-bunker\/"]}]},{"@type":"ImageObject","inLanguage":"es","@id":"https:\/\/www.ghostysky.com\/product\/agilex-bunker\/#primaryimage","url":"https:\/\/www.ghostysky.com\/wp-content\/uploads\/2025\/10\/GH_AgilexBunker_1.png","contentUrl":"https:\/\/www.ghostysky.com\/wp-content\/uploads\/2025\/10\/GH_AgilexBunker_1.png","width":1676,"height":1676},{"@type":"BreadcrumbList","@id":"https:\/\/www.ghostysky.com\/product\/agilex-bunker\/#breadcrumb","itemListElement":[{"@type":"ListItem","position":1,"name":"Home","item":"https:\/\/www.ghostysky.com\/"},{"@type":"ListItem","position":2,"name":"Shop","item":"https:\/\/www.ghostysky.com\/shop\/"},{"@type":"ListItem","position":3,"name":"Agilex Bunker"}]},{"@type":"WebSite","@id":"https:\/\/www.ghostysky.com\/#website","url":"https:\/\/www.ghostysky.com\/","name":"Ghostysky","description":"Ofrecemos soluciones profesionales de drones y rob\u00f3tica.","publisher":{"@id":"https:\/\/www.ghostysky.com\/#organization"},"potentialAction":[{"@type":"SearchAction","target":{"@type":"EntryPoint","urlTemplate":"https:\/\/www.ghostysky.com\/?s={search_term_string}"},"query-input":{"@type":"PropertyValueSpecification","valueRequired":true,"valueName":"search_term_string"}}],"inLanguage":"es"},{"@type":"Organization","@id":"https:\/\/www.ghostysky.com\/#organization","name":"Ghostysky","url":"https:\/\/www.ghostysky.com\/","logo":{"@type":"ImageObject","inLanguage":"es","@id":"https:\/\/www.ghostysky.com\/#\/schema\/logo\/image\/","url":"https:\/\/www.ghostysky.com\/wp-content\/uploads\/2020\/06\/cropped-ghostyskylogo_text_white2.png","contentUrl":"https:\/\/www.ghostysky.com\/wp-content\/uploads\/2020\/06\/cropped-ghostyskylogo_text_white2.png","width":169,"height":56,"caption":"Ghostysky"},"image":{"@id":"https:\/\/www.ghostysky.com\/#\/schema\/logo\/image\/"},"sameAs":["https:\/\/www.facebook.com\/people\/Ghostysky\/100057676170234\/","https:\/\/x.com\/Gh0stysky","https:\/\/www.linkedin.com\/company\/34739653","https:\/\/www.instagram.com\/gh0stysky"]}]}},"_links":{"self":[{"href":"https:\/\/www.ghostysky.com\/es\/wp-json\/wp\/v2\/product\/21085","targetHints":{"allow":["GET"]}}],"collection":[{"href":"https:\/\/www.ghostysky.com\/es\/wp-json\/wp\/v2\/product"}],"about":[{"href":"https:\/\/www.ghostysky.com\/es\/wp-json\/wp\/v2\/types\/product"}],"replies":[{"embeddable":true,"href":"https:\/\/www.ghostysky.com\/es\/wp-json\/wp\/v2\/comments?post=21085"}],"version-history":[{"count":0,"href":"https:\/\/www.ghostysky.com\/es\/wp-json\/wp\/v2\/product\/21085\/revisions"}],"wp:featuredmedia":[{"embeddable":true,"href":"https:\/\/www.ghostysky.com\/es\/wp-json\/wp\/v2\/media\/21093"}],"wp:attachment":[{"href":"https:\/\/www.ghostysky.com\/es\/wp-json\/wp\/v2\/media?parent=21085"}],"wp:term":[{"taxonomy":"product_brand","embeddable":true,"href":"https:\/\/www.ghostysky.com\/es\/wp-json\/wp\/v2\/product_brand?post=21085"},{"taxonomy":"product_cat","embeddable":true,"href":"https:\/\/www.ghostysky.com\/es\/wp-json\/wp\/v2\/product_cat?post=21085"},{"taxonomy":"product_tag","embeddable":true,"href":"https:\/\/www.ghostysky.com\/es\/wp-json\/wp\/v2\/product_tag?post=21085"}],"curies":[{"name":"wp","href":"https:\/\/api.w.org\/{rel}","templated":true}]}}