{"id":21097,"date":"2025-10-15T13:49:11","date_gmt":"2025-10-15T13:49:11","guid":{"rendered":"https:\/\/www.ghostysky.com\/?post_type=product&#038;p=21097"},"modified":"2026-01-10T09:54:45","modified_gmt":"2026-01-10T09:54:45","slug":"agilex-bunker-mini-2-0","status":"publish","type":"product","link":"https:\/\/www.ghostysky.com\/es\/product\/agilex-bunker-mini-2-0\/","title":{"rendered":"B\u00fanker Mini 2.0 de Agilex"},"content":{"rendered":"<h3><b>Caracter\u00edsticas y capacidades clave<\/b><\/h3>\n<ul>\n<li><b>Rendimiento robusto en todo terreno:<\/b><span class=\"citation-402\"> Construido con una tecnolog\u00eda l\u00edder en la industria <\/span><b><span class=\"citation-402\">Grado de protecci\u00f3n IP67<\/span><\/b><span class=\"citation-402 citation-end-402\">El Bunker Mini 2.0 es altamente resistente a la entrada de arena, polvo y agua, lo que lo hace intr\u00e9pido en entornos de trabajo extremos como barro, \u00e1reas h\u00famedas y pendientes pronunciadas.<\/span> <span class=\"citation-401 citation-end-401\">Cuenta con un grado m\u00e1ximo de ascensi\u00f3n de <\/span><span class=\"math-inline\"><span class=\"katex\"><span class=\"katex-html\" aria-hidden=\"true\"><span class=\"base\"><span class=\"mord\">3<\/span><span class=\"mord\">0<span class=\"msupsub\"><span class=\"vlist-t\"><span class=\"vlist-r\"><span class=\"vlist\"><span class=\"\"><span class=\"sizing reset-size6 size3 mtight\"><span class=\"mbin mtight\">\u2218<\/span><\/span><\/span><\/span><\/span><\/span><\/span><\/span><\/span><\/span><\/span><\/span><span class=\"citation-400 citation-end-400\"> (sin carga \u00fatil).<\/span><\/li>\n<li><b>Tama\u00f1o compacto, gran carga \u00fatil:<\/b> A pesar de su peque\u00f1o tama\u00f1o (aprox. <span class=\"math-inline\"><span class=\"katex\"><span class=\"katex-html\" aria-hidden=\"true\"><span class=\"base\"><span class=\"mord\">660<\/span><span class=\"mbin\">\u00d7<\/span><\/span><span class=\"base\"><span class=\"mord\">584<\/span><span class=\"mbin\">\u00d7<\/span><\/span><span class=\"base\"><span class=\"mord\">340<\/span><\/span><\/span><\/span><\/span><span class=\"citation-399\"> mm), su dise\u00f1o robusto y modular permite una sustancial <\/span><b><span class=\"citation-399\">capacidad de carga \u00fatil de 25 kg<\/span><\/b><span class=\"citation-399 citation-end-399\">.<\/span> <span class=\"citation-398 citation-end-398\">Esto le permite transportar f\u00e1cilmente diversos equipos de inspecci\u00f3n, c\u00e1maras o plataformas de agarre y manipulaci\u00f3n de brazos rob\u00f3ticos.<\/span><\/li>\n<li><b>Maniobrabilidad \u00e1gil:<\/b><span class=\"citation-397\"> Su construcci\u00f3n con orugas y direcci\u00f3n diferencial permiten una <\/span><b><span class=\"citation-397\">radio de giro cero<\/span><\/b><span class=\"citation-397 citation-end-397\">, lo que le permite girar en el mismo lugar y navegar en espacios extremadamente estrechos y confinados con una agilidad superior.<\/span> <span class=\"citation-396 citation-end-396\">La velocidad m\u00e1xima es de hasta <\/span><span class=\"math-inline\"><span class=\"katex\"><span class=\"katex-html\" aria-hidden=\"true\"><span class=\"base\"><span class=\"mord\">5.4<\/span><span class=\"mord text\"><span class=\"mord\">\u00a0kil\u00f3metros por hora<\/span><\/span><\/span><\/span><\/span><\/span><span class=\"citation-395 citation-end-395\"> o <\/span><span class=\"math-inline\"><span class=\"katex\"><span class=\"katex-html\" aria-hidden=\"true\"><span class=\"base\"><span class=\"mord\">1.5<\/span><span class=\"mord text\"><span class=\"mord\">\u00a0EM<\/span><\/span><\/span><\/span><\/span><\/span><span class=\"citation-394 citation-end-394\">.<\/span><\/li>\n<li><b>Desarrollo secundario r\u00e1pido:<\/b><span class=\"citation-393\"> La plataforma est\u00e1 dise\u00f1ada con la ecolog\u00eda de c\u00f3digo abierto en mente, apoyando <\/span><b><span class=\"citation-393\">ROS (ROS1\/ROS2)<\/span><\/b><span class=\"citation-393 citation-end-393\">, Python y simulaci\u00f3n GAZEBO.<\/span> <span class=\"citation-392\">Cuenta con un est\u00e1ndar <\/span><b><span class=\"citation-392\">Interfaz de comunicaci\u00f3n de bus CAN<\/span><\/b><span class=\"citation-392 citation-end-392\"> y reserva aperturas de perfil est\u00e1ndar (rieles de ranura en T de aluminio) para un montaje r\u00e1pido de sensores externos, c\u00e1maras, IMU y sistemas de control.<\/span><\/li>\n<li><b>Aplicaciones vers\u00e1tiles:<\/b> El Bunker Mini 2.0 proporciona una plataforma m\u00f3vil ideal para desarrollar aplicaciones rob\u00f3ticas especiales, que incluyen:\n<ul>\n<li><span class=\"citation-391 citation-end-391\">Levantamiento y cartograf\u00eda de v\u00edas navegables<\/span><\/li>\n<li>Exploraci\u00f3n minera<\/li>\n<li>Inspecci\u00f3n de tuber\u00edas e infraestructura<\/li>\n<li><span class=\"citation-390 citation-end-390\">Seguridad y vigilancia<\/span><\/li>\n<li>Rescate de EOD (eliminaci\u00f3n de artefactos explosivos)<\/li>\n<li><span class=\"citation-389 citation-end-389\">Filmaci\u00f3n y transporte especializado<\/span><\/li>\n<\/ul>\n<\/li>\n<\/ul>\n<p><span class=\"citation-388 citation-end-388\">En esencia, el Bunker Mini 2.0 funciona como un chasis industrial flexible y vers\u00e1til que equilibra la necesidad de movilidad a campo traviesa con la capacidad de operar en espacios complejos y estrechos, lo que lo convierte en una excelente soluci\u00f3n para desarrolladores e investigadores.<\/span><\/p>","protected":false},"excerpt":{"rendered":"<p><span class=\"citation-403\">El AgileX <\/span><b><span class=\"citation-403\">Robot m\u00f3vil con orugas Bunker Mini 2.0<\/span><\/b><span class=\"citation-403 citation-end-403\"> es un chasis de veh\u00edculo terrestre no tripulado (UGV) compacto pero potente, dise\u00f1ado para navegar en entornos desafiantes y estrechos, tanto en interiores como en exteriores.<\/span><\/p>","protected":false},"featured_media":21100,"comment_status":"open","ping_status":"closed","template":"","meta":[],"product_brand":[1046],"product_cat":[1043,1044,1042,1037],"product_tag":[1047,1063,1055,1052],"class_list":{"0":"post-21097","1":"product","2":"type-product","3":"status-publish","4":"has-post-thumbnail","6":"product_brand-agilex","7":"product_cat-agilex","8":"product_cat-agilex-robots","9":"product_cat-chassis","10":"product_cat-robotics","11":"product_tag-agilex","12":"product_tag-agilex-bunker-mini-2-0","13":"product_tag-agilex-chassis","14":"product_tag-agilex-robots","16":"first","17":"onbackorder","18":"taxable","19":"shipping-taxable","20":"purchasable","21":"product-type-simple"},"yoast_head":"<!-- This site is optimized with the Yoast SEO plugin v27.1.1 - https:\/\/yoast.com\/product\/yoast-seo-wordpress\/ -->\n<title>Agilex Bunker Mini 2.0 - Ghostysky<\/title>\n<meta name=\"description\" content=\"The AgileX Bunker Mini 2.0 Mobile Tracked Robot is a compact yet powerful Unmanned Ground Vehicle (UGV) chassis designed to navigate challenging and narrow environments, both indoors and outdoors.\" \/>\n<meta name=\"robots\" content=\"index, follow, max-snippet:-1, max-image-preview:large, max-video-preview:-1\" \/>\n<link rel=\"canonical\" href=\"https:\/\/www.ghostysky.com\/es\/producto-2\/agilex-bunker-mini-2-0\/\" \/>\n<meta property=\"og:locale\" content=\"es_ES\" \/>\n<meta property=\"og:type\" content=\"article\" \/>\n<meta property=\"og:title\" content=\"Agilex Bunker Mini 2.0 - Ghostysky\" \/>\n<meta property=\"og:description\" content=\"The AgileX Bunker Mini 2.0 Mobile Tracked Robot is a compact yet powerful Unmanned Ground Vehicle (UGV) chassis designed to navigate challenging and narrow environments, both indoors and outdoors.\" \/>\n<meta property=\"og:url\" content=\"https:\/\/www.ghostysky.com\/es\/producto-2\/agilex-bunker-mini-2-0\/\" \/>\n<meta property=\"og:site_name\" content=\"Ghostysky\" \/>\n<meta property=\"article:publisher\" content=\"https:\/\/www.facebook.com\/people\/Ghostysky\/100057676170234\/\" \/>\n<meta property=\"article:modified_time\" content=\"2026-01-10T09:54:45+00:00\" \/>\n<meta property=\"og:image\" content=\"https:\/\/www.ghostysky.com\/wp-content\/uploads\/2025\/10\/GH_AgilexBunkerMini2.0_1.webp\" \/>\n\t<meta property=\"og:image:width\" content=\"1920\" \/>\n\t<meta property=\"og:image:height\" content=\"1920\" \/>\n\t<meta property=\"og:image:type\" content=\"image\/webp\" \/>\n<meta name=\"twitter:card\" content=\"summary_large_image\" \/>\n<meta name=\"twitter:site\" content=\"@Gh0stysky\" \/>\n<meta name=\"twitter:label1\" content=\"Tiempo de lectura\" \/>\n\t<meta name=\"twitter:data1\" content=\"2 minutos\" \/>\n<script type=\"application\/ld+json\" class=\"yoast-schema-graph\">{\"@context\":\"https:\/\/schema.org\",\"@graph\":[{\"@type\":\"WebPage\",\"@id\":\"https:\/\/www.ghostysky.com\/product\/agilex-bunker-mini-2-0\/\",\"url\":\"https:\/\/www.ghostysky.com\/product\/agilex-bunker-mini-2-0\/\",\"name\":\"Agilex Bunker Mini 2.0 - Ghostysky\",\"isPartOf\":{\"@id\":\"https:\/\/www.ghostysky.com\/#website\"},\"primaryImageOfPage\":{\"@id\":\"https:\/\/www.ghostysky.com\/product\/agilex-bunker-mini-2-0\/#primaryimage\"},\"image\":{\"@id\":\"https:\/\/www.ghostysky.com\/product\/agilex-bunker-mini-2-0\/#primaryimage\"},\"thumbnailUrl\":\"https:\/\/www.ghostysky.com\/wp-content\/uploads\/2025\/10\/GH_AgilexBunkerMini2.0_1.webp\",\"datePublished\":\"2025-10-15T13:49:11+00:00\",\"dateModified\":\"2026-01-10T09:54:45+00:00\",\"description\":\"The AgileX Bunker Mini 2.0 Mobile Tracked Robot is a compact yet powerful Unmanned Ground Vehicle (UGV) chassis designed to navigate challenging and narrow environments, both indoors and outdoors.\",\"breadcrumb\":{\"@id\":\"https:\/\/www.ghostysky.com\/product\/agilex-bunker-mini-2-0\/#breadcrumb\"},\"inLanguage\":\"es\",\"potentialAction\":[{\"@type\":\"ReadAction\",\"target\":[\"https:\/\/www.ghostysky.com\/product\/agilex-bunker-mini-2-0\/\"]}]},{\"@type\":\"ImageObject\",\"inLanguage\":\"es\",\"@id\":\"https:\/\/www.ghostysky.com\/product\/agilex-bunker-mini-2-0\/#primaryimage\",\"url\":\"https:\/\/www.ghostysky.com\/wp-content\/uploads\/2025\/10\/GH_AgilexBunkerMini2.0_1.webp\",\"contentUrl\":\"https:\/\/www.ghostysky.com\/wp-content\/uploads\/2025\/10\/GH_AgilexBunkerMini2.0_1.webp\",\"width\":1920,\"height\":1920},{\"@type\":\"BreadcrumbList\",\"@id\":\"https:\/\/www.ghostysky.com\/product\/agilex-bunker-mini-2-0\/#breadcrumb\",\"itemListElement\":[{\"@type\":\"ListItem\",\"position\":1,\"name\":\"Home\",\"item\":\"https:\/\/www.ghostysky.com\/\"},{\"@type\":\"ListItem\",\"position\":2,\"name\":\"Shop\",\"item\":\"https:\/\/www.ghostysky.com\/shop\/\"},{\"@type\":\"ListItem\",\"position\":3,\"name\":\"Agilex Bunker Mini 2.0\"}]},{\"@type\":\"WebSite\",\"@id\":\"https:\/\/www.ghostysky.com\/#website\",\"url\":\"https:\/\/www.ghostysky.com\/\",\"name\":\"Ghostysky\",\"description\":\"Delivering professional drones and services\",\"publisher\":{\"@id\":\"https:\/\/www.ghostysky.com\/#organization\"},\"potentialAction\":[{\"@type\":\"SearchAction\",\"target\":{\"@type\":\"EntryPoint\",\"urlTemplate\":\"https:\/\/www.ghostysky.com\/?s={search_term_string}\"},\"query-input\":{\"@type\":\"PropertyValueSpecification\",\"valueRequired\":true,\"valueName\":\"search_term_string\"}}],\"inLanguage\":\"es\"},{\"@type\":\"Organization\",\"@id\":\"https:\/\/www.ghostysky.com\/#organization\",\"name\":\"Ghostysky\",\"url\":\"https:\/\/www.ghostysky.com\/\",\"logo\":{\"@type\":\"ImageObject\",\"inLanguage\":\"es\",\"@id\":\"https:\/\/www.ghostysky.com\/#\/schema\/logo\/image\/\",\"url\":\"https:\/\/www.ghostysky.com\/wp-content\/uploads\/2020\/06\/cropped-ghostyskylogo_text_white2.png\",\"contentUrl\":\"https:\/\/www.ghostysky.com\/wp-content\/uploads\/2020\/06\/cropped-ghostyskylogo_text_white2.png\",\"width\":169,\"height\":56,\"caption\":\"Ghostysky\"},\"image\":{\"@id\":\"https:\/\/www.ghostysky.com\/#\/schema\/logo\/image\/\"},\"sameAs\":[\"https:\/\/www.facebook.com\/people\/Ghostysky\/100057676170234\/\",\"https:\/\/x.com\/Gh0stysky\",\"https:\/\/www.linkedin.com\/company\/34739653\",\"https:\/\/www.instagram.com\/gh0stysky\"]}]}<\/script>\n<!-- \/ Yoast SEO plugin. -->","yoast_head_json":{"title":"B\u00fanker Agilex Mini 2.0 - Ghostysky","description":"El robot m\u00f3vil con orugas AgileX Bunker Mini 2.0 es un chasis de veh\u00edculo terrestre no tripulado (UGV) compacto pero potente, dise\u00f1ado para navegar en entornos desafiantes y estrechos, tanto en interiores como en exteriores.","robots":{"index":"index","follow":"follow","max-snippet":"max-snippet:-1","max-image-preview":"max-image-preview:large","max-video-preview":"max-video-preview:-1"},"canonical":"https:\/\/www.ghostysky.com\/es\/producto-2\/agilex-bunker-mini-2-0\/","og_locale":"es_ES","og_type":"article","og_title":"Agilex Bunker Mini 2.0 - Ghostysky","og_description":"The AgileX Bunker Mini 2.0 Mobile Tracked Robot is a compact yet powerful Unmanned Ground Vehicle (UGV) chassis designed to navigate challenging and narrow environments, both indoors and outdoors.","og_url":"https:\/\/www.ghostysky.com\/es\/producto-2\/agilex-bunker-mini-2-0\/","og_site_name":"Ghostysky","article_publisher":"https:\/\/www.facebook.com\/people\/Ghostysky\/100057676170234\/","article_modified_time":"2026-01-10T09:54:45+00:00","og_image":[{"width":1920,"height":1920,"url":"https:\/\/www.ghostysky.com\/wp-content\/uploads\/2025\/10\/GH_AgilexBunkerMini2.0_1.webp","type":"image\/webp"}],"twitter_card":"summary_large_image","twitter_site":"@Gh0stysky","twitter_misc":{"Tiempo de lectura":"2 minutos"},"schema":{"@context":"https:\/\/schema.org","@graph":[{"@type":"WebPage","@id":"https:\/\/www.ghostysky.com\/product\/agilex-bunker-mini-2-0\/","url":"https:\/\/www.ghostysky.com\/product\/agilex-bunker-mini-2-0\/","name":"B\u00fanker Agilex Mini 2.0 - Ghostysky","isPartOf":{"@id":"https:\/\/www.ghostysky.com\/#website"},"primaryImageOfPage":{"@id":"https:\/\/www.ghostysky.com\/product\/agilex-bunker-mini-2-0\/#primaryimage"},"image":{"@id":"https:\/\/www.ghostysky.com\/product\/agilex-bunker-mini-2-0\/#primaryimage"},"thumbnailUrl":"https:\/\/www.ghostysky.com\/wp-content\/uploads\/2025\/10\/GH_AgilexBunkerMini2.0_1.webp","datePublished":"2025-10-15T13:49:11+00:00","dateModified":"2026-01-10T09:54:45+00:00","description":"El robot m\u00f3vil con orugas AgileX Bunker Mini 2.0 es un chasis de veh\u00edculo terrestre no tripulado (UGV) compacto pero potente, dise\u00f1ado para navegar en entornos desafiantes y estrechos, tanto en interiores como en exteriores.","breadcrumb":{"@id":"https:\/\/www.ghostysky.com\/product\/agilex-bunker-mini-2-0\/#breadcrumb"},"inLanguage":"es","potentialAction":[{"@type":"ReadAction","target":["https:\/\/www.ghostysky.com\/product\/agilex-bunker-mini-2-0\/"]}]},{"@type":"ImageObject","inLanguage":"es","@id":"https:\/\/www.ghostysky.com\/product\/agilex-bunker-mini-2-0\/#primaryimage","url":"https:\/\/www.ghostysky.com\/wp-content\/uploads\/2025\/10\/GH_AgilexBunkerMini2.0_1.webp","contentUrl":"https:\/\/www.ghostysky.com\/wp-content\/uploads\/2025\/10\/GH_AgilexBunkerMini2.0_1.webp","width":1920,"height":1920},{"@type":"BreadcrumbList","@id":"https:\/\/www.ghostysky.com\/product\/agilex-bunker-mini-2-0\/#breadcrumb","itemListElement":[{"@type":"ListItem","position":1,"name":"Home","item":"https:\/\/www.ghostysky.com\/"},{"@type":"ListItem","position":2,"name":"Shop","item":"https:\/\/www.ghostysky.com\/shop\/"},{"@type":"ListItem","position":3,"name":"Agilex Bunker Mini 2.0"}]},{"@type":"WebSite","@id":"https:\/\/www.ghostysky.com\/#website","url":"https:\/\/www.ghostysky.com\/","name":"Ghostysky","description":"Entrega de drones y servicios profesionales","publisher":{"@id":"https:\/\/www.ghostysky.com\/#organization"},"potentialAction":[{"@type":"SearchAction","target":{"@type":"EntryPoint","urlTemplate":"https:\/\/www.ghostysky.com\/?s={search_term_string}"},"query-input":{"@type":"PropertyValueSpecification","valueRequired":true,"valueName":"search_term_string"}}],"inLanguage":"es"},{"@type":"Organization","@id":"https:\/\/www.ghostysky.com\/#organization","name":"Ghostysky","url":"https:\/\/www.ghostysky.com\/","logo":{"@type":"ImageObject","inLanguage":"es","@id":"https:\/\/www.ghostysky.com\/#\/schema\/logo\/image\/","url":"https:\/\/www.ghostysky.com\/wp-content\/uploads\/2020\/06\/cropped-ghostyskylogo_text_white2.png","contentUrl":"https:\/\/www.ghostysky.com\/wp-content\/uploads\/2020\/06\/cropped-ghostyskylogo_text_white2.png","width":169,"height":56,"caption":"Ghostysky"},"image":{"@id":"https:\/\/www.ghostysky.com\/#\/schema\/logo\/image\/"},"sameAs":["https:\/\/www.facebook.com\/people\/Ghostysky\/100057676170234\/","https:\/\/x.com\/Gh0stysky","https:\/\/www.linkedin.com\/company\/34739653","https:\/\/www.instagram.com\/gh0stysky"]}]}},"_links":{"self":[{"href":"https:\/\/www.ghostysky.com\/es\/wp-json\/wp\/v2\/product\/21097","targetHints":{"allow":["GET"]}}],"collection":[{"href":"https:\/\/www.ghostysky.com\/es\/wp-json\/wp\/v2\/product"}],"about":[{"href":"https:\/\/www.ghostysky.com\/es\/wp-json\/wp\/v2\/types\/product"}],"replies":[{"embeddable":true,"href":"https:\/\/www.ghostysky.com\/es\/wp-json\/wp\/v2\/comments?post=21097"}],"wp:featuredmedia":[{"embeddable":true,"href":"https:\/\/www.ghostysky.com\/es\/wp-json\/wp\/v2\/media\/21100"}],"wp:attachment":[{"href":"https:\/\/www.ghostysky.com\/es\/wp-json\/wp\/v2\/media?parent=21097"}],"wp:term":[{"taxonomy":"product_brand","embeddable":true,"href":"https:\/\/www.ghostysky.com\/es\/wp-json\/wp\/v2\/product_brand?post=21097"},{"taxonomy":"product_cat","embeddable":true,"href":"https:\/\/www.ghostysky.com\/es\/wp-json\/wp\/v2\/product_cat?post=21097"},{"taxonomy":"product_tag","embeddable":true,"href":"https:\/\/www.ghostysky.com\/es\/wp-json\/wp\/v2\/product_tag?post=21097"}],"curies":[{"name":"wp","href":"https:\/\/api.w.org\/{rel}","templated":true}]}}