{"id":21108,"date":"2025-10-15T14:08:56","date_gmt":"2025-10-15T14:08:56","guid":{"rendered":"https:\/\/www.ghostysky.com\/?post_type=product&#038;p=21108"},"modified":"2026-01-10T09:53:06","modified_gmt":"2026-01-10T09:53:06","slug":"agilex-tracer-2-0","status":"publish","type":"product","link":"https:\/\/www.ghostysky.com\/es\/product\/agilex-tracer-2-0\/","title":{"rendered":"Agilex Tracer 2.0"},"content":{"rendered":"<h3><b>Caracter\u00edsticas y capacidades clave<\/b><\/h3>\n<ul>\n<li><b><span class=\"citation-448\">Rendimiento potente:<\/span><\/b><span class=\"citation-448\"> Equipado con <\/span><b><span class=\"citation-448\">2 motores de CC sin escobillas de 400 W<\/span><\/b><span class=\"citation-448\">El Tracer 2.0 ofrece un importante aumento de potencia, alcanzando una velocidad m\u00e1xima de <\/span><b><span class=\"citation-448\">2,0 m\/s<\/span><\/b><span class=\"citation-448\"> y soportar una capacidad de carga \u00fatil sustancial de hasta <\/span><b><span class=\"citation-448\">150 kilos<\/span><\/b><span class=\"citation-448 citation-end-448\"> (una mejora importante respecto a la generaci\u00f3n anterior).<\/span><\/li>\n<li><b><span class=\"citation-447\">Resistencia excepcional:<\/span><\/b><span class=\"citation-447\"> Una gran capacidad <\/span><b><span class=\"citation-447\">Bater\u00eda de fosfato de hierro y litio de 24 V y 30 Ah<\/span><\/b><span class=\"citation-447\"> garantiza un funcionamiento prolongado, con un alcance m\u00e1ximo de hasta <\/span><b><span class=\"citation-447\">80 kilometros<\/span><\/b><span class=\"citation-447\"> y una duraci\u00f3n m\u00e1xima de bater\u00eda de <\/span><b><span class=\"citation-447\">10 horas<\/span><\/b><span class=\"citation-447 citation-end-447\"> con una sola carga.<\/span><\/li>\n<li><b>Compacto y maniobrable:<\/b><span class=\"citation-446\"> Sus dimensiones optimizadas (<\/span><b><span class=\"citation-446\">702 x 610 x 169 mm<\/span><\/b><span class=\"citation-446\">) y la direcci\u00f3n diferencial le permiten realizar <\/span><b><span class=\"citation-446\">rotaci\u00f3n en el lugar<\/span><\/b><span class=\"citation-446 citation-end-446\">, lo que lo hace muy \u00e1gil para navegar en entornos interiores complejos y estrechos.<\/span><\/li>\n<li><b><span class=\"citation-445\">Dise\u00f1o robusto y estable:<\/span><\/b><span class=\"citation-445\"> Dise\u00f1ado para tareas dif\u00edciles con un <\/span><b><span class=\"citation-445\">Grado de protecci\u00f3n IP22<\/span><\/b><span class=\"citation-445\"> y un rango de temperatura de trabajo de <\/span><b><span class=\"citation-445\">-10\u00b0C a 40\u00b0C<\/span><\/b><span class=\"citation-445 citation-end-445\">.<\/span> Su estructura mejorada y su suspensi\u00f3n no independiente con brazo oscilante le ayudan a superar peque\u00f1os obst\u00e1culos como <b>Pasos de 10 mm<\/b> con facilidad.<\/li>\n<li><b>Abierto al desarrollo:<\/b><span class=\"citation-444\"> Tracer 2.0 es una plataforma de desarrollo vers\u00e1til que ofrece interfaces abiertas (incluidas <\/span><b><span class=\"citation-444\">Bus CAN<\/span><\/b><span class=\"citation-444\"> y interfaces seriales), un c\u00f3digo abierto <\/span><b><span class=\"citation-444\">Kit de desarrollo de software (SDK)<\/span><\/b><span class=\"citation-444\">, y compatibilidad total con <\/span><b><span class=\"citation-444\">ROS\/ROS 2<\/span><\/b><span class=\"citation-444 citation-end-444\">.<\/span> <span class=\"citation-443 citation-end-443\">Est\u00e1 dise\u00f1ado para el desarrollo secundario y la integraci\u00f3n sin problemas de varios sensores y componentes.<\/span><\/li>\n<li><b><span class=\"citation-442\">F\u00e1cil integraci\u00f3n:<\/span><\/b><span class=\"citation-442\"> Las posiciones de instalaci\u00f3n y las interfaces reservadas permiten el montaje r\u00e1pido de sensores externos como <\/span><b><span class=\"citation-442\">LiDAR, c\u00e1maras est\u00e9reo, RTK-GPS, IMU,<\/span><\/b><span class=\"citation-442 citation-end-442\"> y sistemas inform\u00e1ticos de a bordo (como Jetson o IPC).<\/span>\n<div class=\"source-inline-chip-container ng-star-inserted\"><\/div>\n<\/li>\n<\/ul>\n<h3><b>Aplicaciones ideales<\/b><\/h3>\n<ul>\n<li><b>Log\u00edstica y transporte automatizados en interiores<\/b><\/li>\n<li><b>Investigaci\u00f3n sobre navegaci\u00f3n y percepci\u00f3n aut\u00f3nomas<\/b><\/li>\n<li><b><span class=\"citation-441 citation-end-441\">Prueba y validaci\u00f3n de sensores (LiDAR, c\u00e1maras, etc.)<\/span><\/b><\/li>\n<li><b><span class=\"citation-440 citation-end-440\">Educaci\u00f3n, capacitaci\u00f3n y creaci\u00f3n de prototipos en rob\u00f3tica (utilizando ROS\/ROS 2)<\/span><\/b>\n<div class=\"source-inline-chip-container ng-star-inserted\"><\/div>\n<\/li>\n<\/ul>\n<p>Agilex Tracer 2.0 es la plataforma rob\u00f3tica definitiva, de alta velocidad y alta carga \u00fatil para ingenieros, investigadores e integradores de sistemas que buscan una base confiable para la pr\u00f3xima generaci\u00f3n de robots m\u00f3viles inteligentes.<\/p>","protected":false},"excerpt":{"rendered":"<p>El Agilex Tracer 2.0 es un veh\u00edculo de guiado aut\u00f3nomo (AGV) compacto y de alto rendimiento con diferencial de dos ruedas, dise\u00f1ado para ofrecer la combinaci\u00f3n perfecta entre robustez industrial y flexibilidad para la investigaci\u00f3n. Esta plataforma m\u00f3vil es la base ideal para una amplia gama de exigentes aplicaciones en interiores, como log\u00edstica automatizada, investigaci\u00f3n rob\u00f3tica avanzada y proyectos educativos.<\/p>","protected":false},"featured_media":21111,"comment_status":"open","ping_status":"closed","template":"","meta":[],"product_brand":[1046],"product_cat":[1043,1044,1042,1037],"product_tag":[1047,1055,1052,1065],"class_list":{"0":"post-21108","1":"product","2":"type-product","3":"status-publish","4":"has-post-thumbnail","6":"product_brand-agilex","7":"product_cat-agilex","8":"product_cat-agilex-robots","9":"product_cat-chassis","10":"product_cat-robotics","11":"product_tag-agilex","12":"product_tag-agilex-chassis","13":"product_tag-agilex-robots","14":"product_tag-agilex-tracer","16":"first","17":"onbackorder","18":"taxable","19":"shipping-taxable","20":"purchasable","21":"product-type-simple"},"yoast_head":"<!-- This site is optimized with the Yoast SEO plugin v27.1.1 - https:\/\/yoast.com\/product\/yoast-seo-wordpress\/ -->\n<title>Agilex Tracer 2.0 - Ghostysky<\/title>\n<meta name=\"description\" content=\"The Agilex Tracer 2.0 is a compact, high-performance two-wheel differential Autonomous Guided Vehicle (AGV) engineered to bridge the gap between industrial-grade robustness and research-level flexibility. This mobile platform is the ultimate base for a wide range of demanding indoor applications, including automated logistics, advanced robotics research, and educational projects.\" \/>\n<meta name=\"robots\" content=\"index, follow, max-snippet:-1, max-image-preview:large, max-video-preview:-1\" \/>\n<link rel=\"canonical\" href=\"https:\/\/www.ghostysky.com\/es\/producto-2\/agilex-tracer-2-0\/\" \/>\n<meta property=\"og:locale\" content=\"es_ES\" \/>\n<meta property=\"og:type\" content=\"article\" \/>\n<meta property=\"og:title\" content=\"Agilex Tracer 2.0 - Ghostysky\" \/>\n<meta property=\"og:description\" content=\"The Agilex Tracer 2.0 is a compact, high-performance two-wheel differential Autonomous Guided Vehicle (AGV) engineered to bridge the gap between industrial-grade robustness and research-level flexibility. This mobile platform is the ultimate base for a wide range of demanding indoor applications, including automated logistics, advanced robotics research, and educational projects.\" \/>\n<meta property=\"og:url\" content=\"https:\/\/www.ghostysky.com\/es\/producto-2\/agilex-tracer-2-0\/\" \/>\n<meta property=\"og:site_name\" content=\"Ghostysky\" \/>\n<meta property=\"article:publisher\" content=\"https:\/\/www.facebook.com\/people\/Ghostysky\/100057676170234\/\" \/>\n<meta property=\"article:modified_time\" content=\"2026-01-10T09:53:06+00:00\" \/>\n<meta property=\"og:image\" content=\"https:\/\/www.ghostysky.com\/wp-content\/uploads\/2025\/10\/GH_AgilexTracer2.0_1.webp\" \/>\n\t<meta property=\"og:image:width\" content=\"2400\" \/>\n\t<meta property=\"og:image:height\" content=\"2400\" \/>\n\t<meta property=\"og:image:type\" content=\"image\/webp\" \/>\n<meta name=\"twitter:card\" content=\"summary_large_image\" \/>\n<meta name=\"twitter:site\" content=\"@Gh0stysky\" \/>\n<meta name=\"twitter:label1\" content=\"Tiempo de lectura\" \/>\n\t<meta name=\"twitter:data1\" content=\"2 minutos\" \/>\n<script type=\"application\/ld+json\" class=\"yoast-schema-graph\">{\"@context\":\"https:\/\/schema.org\",\"@graph\":[{\"@type\":\"WebPage\",\"@id\":\"https:\/\/www.ghostysky.com\/product\/agilex-tracer-2-0\/\",\"url\":\"https:\/\/www.ghostysky.com\/product\/agilex-tracer-2-0\/\",\"name\":\"Agilex Tracer 2.0 - Ghostysky\",\"isPartOf\":{\"@id\":\"https:\/\/www.ghostysky.com\/#website\"},\"primaryImageOfPage\":{\"@id\":\"https:\/\/www.ghostysky.com\/product\/agilex-tracer-2-0\/#primaryimage\"},\"image\":{\"@id\":\"https:\/\/www.ghostysky.com\/product\/agilex-tracer-2-0\/#primaryimage\"},\"thumbnailUrl\":\"https:\/\/www.ghostysky.com\/wp-content\/uploads\/2025\/10\/GH_AgilexTracer2.0_1.webp\",\"datePublished\":\"2025-10-15T14:08:56+00:00\",\"dateModified\":\"2026-01-10T09:53:06+00:00\",\"description\":\"The Agilex Tracer 2.0 is a compact, high-performance two-wheel differential Autonomous Guided Vehicle (AGV) engineered to bridge the gap between industrial-grade robustness and research-level flexibility. This mobile platform is the ultimate base for a wide range of demanding indoor applications, including automated logistics, advanced robotics research, and educational projects.\",\"breadcrumb\":{\"@id\":\"https:\/\/www.ghostysky.com\/product\/agilex-tracer-2-0\/#breadcrumb\"},\"inLanguage\":\"es\",\"potentialAction\":[{\"@type\":\"ReadAction\",\"target\":[\"https:\/\/www.ghostysky.com\/product\/agilex-tracer-2-0\/\"]}]},{\"@type\":\"ImageObject\",\"inLanguage\":\"es\",\"@id\":\"https:\/\/www.ghostysky.com\/product\/agilex-tracer-2-0\/#primaryimage\",\"url\":\"https:\/\/www.ghostysky.com\/wp-content\/uploads\/2025\/10\/GH_AgilexTracer2.0_1.webp\",\"contentUrl\":\"https:\/\/www.ghostysky.com\/wp-content\/uploads\/2025\/10\/GH_AgilexTracer2.0_1.webp\",\"width\":2400,\"height\":2400},{\"@type\":\"BreadcrumbList\",\"@id\":\"https:\/\/www.ghostysky.com\/product\/agilex-tracer-2-0\/#breadcrumb\",\"itemListElement\":[{\"@type\":\"ListItem\",\"position\":1,\"name\":\"Home\",\"item\":\"https:\/\/www.ghostysky.com\/\"},{\"@type\":\"ListItem\",\"position\":2,\"name\":\"Shop\",\"item\":\"https:\/\/www.ghostysky.com\/shop\/\"},{\"@type\":\"ListItem\",\"position\":3,\"name\":\"Agilex Tracer 2.0\"}]},{\"@type\":\"WebSite\",\"@id\":\"https:\/\/www.ghostysky.com\/#website\",\"url\":\"https:\/\/www.ghostysky.com\/\",\"name\":\"Ghostysky\",\"description\":\"Delivering professional drones and services\",\"publisher\":{\"@id\":\"https:\/\/www.ghostysky.com\/#organization\"},\"potentialAction\":[{\"@type\":\"SearchAction\",\"target\":{\"@type\":\"EntryPoint\",\"urlTemplate\":\"https:\/\/www.ghostysky.com\/?s={search_term_string}\"},\"query-input\":{\"@type\":\"PropertyValueSpecification\",\"valueRequired\":true,\"valueName\":\"search_term_string\"}}],\"inLanguage\":\"es\"},{\"@type\":\"Organization\",\"@id\":\"https:\/\/www.ghostysky.com\/#organization\",\"name\":\"Ghostysky\",\"url\":\"https:\/\/www.ghostysky.com\/\",\"logo\":{\"@type\":\"ImageObject\",\"inLanguage\":\"es\",\"@id\":\"https:\/\/www.ghostysky.com\/#\/schema\/logo\/image\/\",\"url\":\"https:\/\/www.ghostysky.com\/wp-content\/uploads\/2020\/06\/cropped-ghostyskylogo_text_white2.png\",\"contentUrl\":\"https:\/\/www.ghostysky.com\/wp-content\/uploads\/2020\/06\/cropped-ghostyskylogo_text_white2.png\",\"width\":169,\"height\":56,\"caption\":\"Ghostysky\"},\"image\":{\"@id\":\"https:\/\/www.ghostysky.com\/#\/schema\/logo\/image\/\"},\"sameAs\":[\"https:\/\/www.facebook.com\/people\/Ghostysky\/100057676170234\/\",\"https:\/\/x.com\/Gh0stysky\",\"https:\/\/www.linkedin.com\/company\/34739653\",\"https:\/\/www.instagram.com\/gh0stysky\"]}]}<\/script>\n<!-- \/ Yoast SEO plugin. -->","yoast_head_json":{"title":"Agilex Tracer 2.0 - Ghostysky","description":"El Agilex Tracer 2.0 es un veh\u00edculo de guiado aut\u00f3nomo (AGV) compacto y de alto rendimiento con diferencial de dos ruedas, dise\u00f1ado para ofrecer la combinaci\u00f3n perfecta entre robustez industrial y flexibilidad para la investigaci\u00f3n. Esta plataforma m\u00f3vil es la base ideal para una amplia gama de exigentes aplicaciones en interiores, como log\u00edstica automatizada, investigaci\u00f3n rob\u00f3tica avanzada y proyectos educativos.","robots":{"index":"index","follow":"follow","max-snippet":"max-snippet:-1","max-image-preview":"max-image-preview:large","max-video-preview":"max-video-preview:-1"},"canonical":"https:\/\/www.ghostysky.com\/es\/producto-2\/agilex-tracer-2-0\/","og_locale":"es_ES","og_type":"article","og_title":"Agilex Tracer 2.0 - Ghostysky","og_description":"The Agilex Tracer 2.0 is a compact, high-performance two-wheel differential Autonomous Guided Vehicle (AGV) engineered to bridge the gap between industrial-grade robustness and research-level flexibility. This mobile platform is the ultimate base for a wide range of demanding indoor applications, including automated logistics, advanced robotics research, and educational projects.","og_url":"https:\/\/www.ghostysky.com\/es\/producto-2\/agilex-tracer-2-0\/","og_site_name":"Ghostysky","article_publisher":"https:\/\/www.facebook.com\/people\/Ghostysky\/100057676170234\/","article_modified_time":"2026-01-10T09:53:06+00:00","og_image":[{"width":2400,"height":2400,"url":"https:\/\/www.ghostysky.com\/wp-content\/uploads\/2025\/10\/GH_AgilexTracer2.0_1.webp","type":"image\/webp"}],"twitter_card":"summary_large_image","twitter_site":"@Gh0stysky","twitter_misc":{"Tiempo de lectura":"2 minutos"},"schema":{"@context":"https:\/\/schema.org","@graph":[{"@type":"WebPage","@id":"https:\/\/www.ghostysky.com\/product\/agilex-tracer-2-0\/","url":"https:\/\/www.ghostysky.com\/product\/agilex-tracer-2-0\/","name":"Agilex Tracer 2.0 - Ghostysky","isPartOf":{"@id":"https:\/\/www.ghostysky.com\/#website"},"primaryImageOfPage":{"@id":"https:\/\/www.ghostysky.com\/product\/agilex-tracer-2-0\/#primaryimage"},"image":{"@id":"https:\/\/www.ghostysky.com\/product\/agilex-tracer-2-0\/#primaryimage"},"thumbnailUrl":"https:\/\/www.ghostysky.com\/wp-content\/uploads\/2025\/10\/GH_AgilexTracer2.0_1.webp","datePublished":"2025-10-15T14:08:56+00:00","dateModified":"2026-01-10T09:53:06+00:00","description":"El Agilex Tracer 2.0 es un veh\u00edculo de guiado aut\u00f3nomo (AGV) compacto y de alto rendimiento con diferencial de dos ruedas, dise\u00f1ado para ofrecer la combinaci\u00f3n perfecta entre robustez industrial y flexibilidad para la investigaci\u00f3n. Esta plataforma m\u00f3vil es la base ideal para una amplia gama de exigentes aplicaciones en interiores, como log\u00edstica automatizada, investigaci\u00f3n rob\u00f3tica avanzada y proyectos educativos.","breadcrumb":{"@id":"https:\/\/www.ghostysky.com\/product\/agilex-tracer-2-0\/#breadcrumb"},"inLanguage":"es","potentialAction":[{"@type":"ReadAction","target":["https:\/\/www.ghostysky.com\/product\/agilex-tracer-2-0\/"]}]},{"@type":"ImageObject","inLanguage":"es","@id":"https:\/\/www.ghostysky.com\/product\/agilex-tracer-2-0\/#primaryimage","url":"https:\/\/www.ghostysky.com\/wp-content\/uploads\/2025\/10\/GH_AgilexTracer2.0_1.webp","contentUrl":"https:\/\/www.ghostysky.com\/wp-content\/uploads\/2025\/10\/GH_AgilexTracer2.0_1.webp","width":2400,"height":2400},{"@type":"BreadcrumbList","@id":"https:\/\/www.ghostysky.com\/product\/agilex-tracer-2-0\/#breadcrumb","itemListElement":[{"@type":"ListItem","position":1,"name":"Home","item":"https:\/\/www.ghostysky.com\/"},{"@type":"ListItem","position":2,"name":"Shop","item":"https:\/\/www.ghostysky.com\/shop\/"},{"@type":"ListItem","position":3,"name":"Agilex Tracer 2.0"}]},{"@type":"WebSite","@id":"https:\/\/www.ghostysky.com\/#website","url":"https:\/\/www.ghostysky.com\/","name":"Ghostysky","description":"Entrega de drones y servicios profesionales","publisher":{"@id":"https:\/\/www.ghostysky.com\/#organization"},"potentialAction":[{"@type":"SearchAction","target":{"@type":"EntryPoint","urlTemplate":"https:\/\/www.ghostysky.com\/?s={search_term_string}"},"query-input":{"@type":"PropertyValueSpecification","valueRequired":true,"valueName":"search_term_string"}}],"inLanguage":"es"},{"@type":"Organization","@id":"https:\/\/www.ghostysky.com\/#organization","name":"Ghostysky","url":"https:\/\/www.ghostysky.com\/","logo":{"@type":"ImageObject","inLanguage":"es","@id":"https:\/\/www.ghostysky.com\/#\/schema\/logo\/image\/","url":"https:\/\/www.ghostysky.com\/wp-content\/uploads\/2020\/06\/cropped-ghostyskylogo_text_white2.png","contentUrl":"https:\/\/www.ghostysky.com\/wp-content\/uploads\/2020\/06\/cropped-ghostyskylogo_text_white2.png","width":169,"height":56,"caption":"Ghostysky"},"image":{"@id":"https:\/\/www.ghostysky.com\/#\/schema\/logo\/image\/"},"sameAs":["https:\/\/www.facebook.com\/people\/Ghostysky\/100057676170234\/","https:\/\/x.com\/Gh0stysky","https:\/\/www.linkedin.com\/company\/34739653","https:\/\/www.instagram.com\/gh0stysky"]}]}},"_links":{"self":[{"href":"https:\/\/www.ghostysky.com\/es\/wp-json\/wp\/v2\/product\/21108","targetHints":{"allow":["GET"]}}],"collection":[{"href":"https:\/\/www.ghostysky.com\/es\/wp-json\/wp\/v2\/product"}],"about":[{"href":"https:\/\/www.ghostysky.com\/es\/wp-json\/wp\/v2\/types\/product"}],"replies":[{"embeddable":true,"href":"https:\/\/www.ghostysky.com\/es\/wp-json\/wp\/v2\/comments?post=21108"}],"wp:featuredmedia":[{"embeddable":true,"href":"https:\/\/www.ghostysky.com\/es\/wp-json\/wp\/v2\/media\/21111"}],"wp:attachment":[{"href":"https:\/\/www.ghostysky.com\/es\/wp-json\/wp\/v2\/media?parent=21108"}],"wp:term":[{"taxonomy":"product_brand","embeddable":true,"href":"https:\/\/www.ghostysky.com\/es\/wp-json\/wp\/v2\/product_brand?post=21108"},{"taxonomy":"product_cat","embeddable":true,"href":"https:\/\/www.ghostysky.com\/es\/wp-json\/wp\/v2\/product_cat?post=21108"},{"taxonomy":"product_tag","embeddable":true,"href":"https:\/\/www.ghostysky.com\/es\/wp-json\/wp\/v2\/product_tag?post=21108"}],"curies":[{"name":"wp","href":"https:\/\/api.w.org\/{rel}","templated":true}]}}