{"id":21119,"date":"2025-10-15T14:33:00","date_gmt":"2025-10-15T14:33:00","guid":{"rendered":"https:\/\/www.ghostysky.com\/?post_type=product&#038;p=21119"},"modified":"2026-01-10T09:35:28","modified_gmt":"2026-01-10T09:35:28","slug":"limo-pro-orin-nano","status":"publish","type":"product","link":"https:\/\/www.ghostysky.com\/es\/product\/limo-pro-orin-nano\/","title":{"rendered":"LIMO Pro (Orin Nano)"},"content":{"rendered":"<h3><b>Caracter\u00edsticas clave<\/b><\/h3>\n<ul>\n<li><b>Computaci\u00f3n avanzada de IA:<\/b><span class=\"citation-509\"> En su n\u00facleo se encuentra el <\/span><b><span class=\"citation-509\">NVIDIA Jetson Orin Nano<\/span><\/b><span class=\"citation-509 citation-end-509\">, que proporciona capacidades de computaci\u00f3n de borde extremadamente potentes para la fusi\u00f3n de datos multisensor estable y de alta velocidad y tareas complejas como SLAM (localizaci\u00f3n y mapeo simult\u00e1neos).<\/span><\/li>\n<li><b><span class=\"citation-508\">Suite de percepci\u00f3n robusta:<\/span><\/b><span class=\"citation-508\"> Equipado con el <\/span><b><span class=\"citation-508\">LiDAR EAI T-mini Pro<\/span><\/b><span class=\"citation-508\"> y un <\/span><b><span class=\"citation-508\">C\u00e1mara de profundidad Orbbec DaBai<\/span><\/b><span class=\"citation-508 citation-end-508\">LIMO Pro ofrece una conciencia ambiental incomparable.<\/span> <span class=\"citation-507 citation-end-507\">Esta combinaci\u00f3n de sensores permite realizar mapeo 3D preciso, localizaci\u00f3n aut\u00f3noma, planificaci\u00f3n de navegaci\u00f3n, evitaci\u00f3n din\u00e1mica de obst\u00e1culos y aplicaciones de reconocimiento visual.<\/span><\/li>\n<li><b>Direcci\u00f3n multimodal patentada:<\/b><span class=\"citation-506\"> El dise\u00f1o \u00fanico admite <\/span><b><span class=\"citation-506\">cuatro modos de direcci\u00f3n diferentes<\/span><\/b><span class=\"citation-506 citation-end-506\"> (Diferencial de cuatro ruedas, Ackermann, omnidireccional y con orugas) a trav\u00e9s de configuraciones de ruedas r\u00e1pidamente intercambiables, que ofrecen una versatilidad y adaptabilidad excepcionales a diversos escenarios y terrenos de investigaci\u00f3n.<\/span><\/li>\n<li><b>Compatibilidad ROS\/ROS 2:<\/b><span class=\"citation-505\"> La plataforma admite ambos <\/span><b><span class=\"citation-505\">ROS 1 (No\u00e9tico)<\/span><\/b><span class=\"citation-505\"> y <\/span><b><span class=\"citation-505\">ROS 2 (Astuto\/Humilde)<\/span><\/b><span class=\"citation-505 citation-end-505\">, lo que garantiza una integraci\u00f3n perfecta con los populares marcos de software de rob\u00f3tica de c\u00f3digo abierto y un amplio ecosistema de herramientas y paquetes.<\/span><\/li>\n<li><b>Resistencia extendida:<\/b><span class=\"citation-504\"> Con una versi\u00f3n mejorada <\/span><b><span class=\"citation-504\">Bater\u00eda de 10 Ah y 12 V<\/span><\/b><span class=\"citation-504\">, el LIMO Pro proporciona hasta <\/span><b><span class=\"citation-504\">2,5 horas de tiempo de trabajo continuo<\/span><\/b><span class=\"citation-504 citation-end-504\"> para la investigaci\u00f3n y experimentaci\u00f3n ininterrumpida.<\/span><\/li>\n<li><b><span class=\"citation-503\">C\u00f3digo abierto y personalizable:<\/span><\/b><span class=\"citation-503 citation-end-503\"> Dise\u00f1ado con una estructura escalable y modular, LIMO Pro ofrece un amplio espacio de expansi\u00f3n interna y es compatible con los principales lenguajes de programaci\u00f3n (Python, C++). Es una plataforma ideal para desarrollar y probar aplicaciones rob\u00f3ticas personalizadas, como conducci\u00f3n aut\u00f3noma, manipulaci\u00f3n m\u00f3vil y sistemas multirrobot.<\/span>\n<div class=\"source-inline-chip-container ng-star-inserted\"><\/div>\n<\/li>\n<\/ul>\n<p><span class=\"citation-502 citation-end-502\">LIMO Pro (Orin Nano) es la herramienta definitiva, compacta y de alto rendimiento para el aprendizaje pr\u00e1ctico, la educaci\u00f3n avanzada y la investigaci\u00f3n profesional en rob\u00f3tica e inteligencia artificial.<\/span><\/p>","protected":false},"excerpt":{"rendered":"<p><span class=\"citation-510\">El <\/span><b><span class=\"citation-510\">LIMO Pro (Orin Nano)<\/span><\/b><span class=\"citation-510 citation-end-510\"> es una potente plataforma rob\u00f3tica m\u00f3vil multimodal dise\u00f1ada para estudiantes, investigadores y desarrolladores que ampl\u00edan los l\u00edmites de la navegaci\u00f3n aut\u00f3noma, la inteligencia artificial y la investigaci\u00f3n rob\u00f3tica.<\/span><\/p>","protected":false},"featured_media":21123,"comment_status":"open","ping_status":"closed","template":"","meta":[],"product_brand":[1046],"product_cat":[1043,1044,1042,1037],"product_tag":[1047,1067,1068],"class_list":{"0":"post-21119","1":"product","2":"type-product","3":"status-publish","4":"has-post-thumbnail","6":"product_brand-agilex","7":"product_cat-agilex","8":"product_cat-agilex-robots","9":"product_cat-chassis","10":"product_cat-robotics","11":"product_tag-agilex","12":"product_tag-agilex-limo-education","13":"product_tag-agilex-limo-pro","15":"first","16":"onbackorder","17":"taxable","18":"shipping-taxable","19":"purchasable","20":"product-type-simple"},"yoast_head":"<!-- This site is optimized with the Yoast SEO plugin v27.4 - https:\/\/yoast.com\/product\/yoast-seo-wordpress\/ -->\n<title>LIMO Pro (Orin Nano) - Ghostysky<\/title>\n<meta name=\"description\" content=\"The LIMO Pro (Orin Nano) is a powerful, multi-modal mobile robotics platform designed for students, researchers, and developers pushing the boundaries of autonomous navigation, AI, and robotics research.\" \/>\n<meta name=\"robots\" content=\"index, follow, max-snippet:-1, max-image-preview:large, max-video-preview:-1\" \/>\n<link rel=\"canonical\" href=\"https:\/\/www.ghostysky.com\/es\/producto-2\/limo-pro-orin-nano\/\" \/>\n<meta property=\"og:locale\" content=\"es_ES\" \/>\n<meta property=\"og:type\" content=\"article\" \/>\n<meta property=\"og:title\" content=\"LIMO Pro (Orin Nano) - Ghostysky\" \/>\n<meta property=\"og:description\" content=\"The LIMO Pro (Orin Nano) is a powerful, multi-modal mobile robotics platform designed for students, researchers, and developers pushing the boundaries of autonomous navigation, AI, and robotics research.\" \/>\n<meta property=\"og:url\" content=\"https:\/\/www.ghostysky.com\/es\/producto-2\/limo-pro-orin-nano\/\" \/>\n<meta property=\"og:site_name\" content=\"Ghostysky\" \/>\n<meta property=\"article:publisher\" content=\"https:\/\/www.facebook.com\/people\/Ghostysky\/100057676170234\/\" \/>\n<meta property=\"article:modified_time\" content=\"2026-01-10T09:35:28+00:00\" \/>\n<meta property=\"og:image\" content=\"https:\/\/www.ghostysky.com\/wp-content\/uploads\/2025\/10\/GH_AgilexLimoPro_1.webp\" \/>\n\t<meta property=\"og:image:width\" content=\"2400\" \/>\n\t<meta property=\"og:image:height\" content=\"2400\" \/>\n\t<meta property=\"og:image:type\" content=\"image\/webp\" \/>\n<meta name=\"twitter:card\" content=\"summary_large_image\" \/>\n<meta name=\"twitter:site\" content=\"@Gh0stysky\" \/>\n<meta name=\"twitter:label1\" content=\"Tiempo de lectura\" \/>\n\t<meta name=\"twitter:data1\" content=\"2 minutos\" \/>\n<script type=\"application\/ld+json\" class=\"yoast-schema-graph\">{\"@context\":\"https:\\\/\\\/schema.org\",\"@graph\":[{\"@type\":\"WebPage\",\"@id\":\"https:\\\/\\\/www.ghostysky.com\\\/product\\\/limo-pro-orin-nano\\\/\",\"url\":\"https:\\\/\\\/www.ghostysky.com\\\/product\\\/limo-pro-orin-nano\\\/\",\"name\":\"LIMO Pro (Orin Nano) - Ghostysky\",\"isPartOf\":{\"@id\":\"https:\\\/\\\/www.ghostysky.com\\\/#website\"},\"primaryImageOfPage\":{\"@id\":\"https:\\\/\\\/www.ghostysky.com\\\/product\\\/limo-pro-orin-nano\\\/#primaryimage\"},\"image\":{\"@id\":\"https:\\\/\\\/www.ghostysky.com\\\/product\\\/limo-pro-orin-nano\\\/#primaryimage\"},\"thumbnailUrl\":\"https:\\\/\\\/www.ghostysky.com\\\/wp-content\\\/uploads\\\/2025\\\/10\\\/GH_AgilexLimoPro_1.webp\",\"datePublished\":\"2025-10-15T14:33:00+00:00\",\"dateModified\":\"2026-01-10T09:35:28+00:00\",\"description\":\"The LIMO Pro (Orin Nano) is a powerful, multi-modal mobile robotics platform designed for students, researchers, and developers pushing the boundaries of autonomous navigation, AI, and robotics research.\",\"breadcrumb\":{\"@id\":\"https:\\\/\\\/www.ghostysky.com\\\/product\\\/limo-pro-orin-nano\\\/#breadcrumb\"},\"inLanguage\":\"es\",\"potentialAction\":[{\"@type\":\"ReadAction\",\"target\":[\"https:\\\/\\\/www.ghostysky.com\\\/product\\\/limo-pro-orin-nano\\\/\"]}]},{\"@type\":\"ImageObject\",\"inLanguage\":\"es\",\"@id\":\"https:\\\/\\\/www.ghostysky.com\\\/product\\\/limo-pro-orin-nano\\\/#primaryimage\",\"url\":\"https:\\\/\\\/www.ghostysky.com\\\/wp-content\\\/uploads\\\/2025\\\/10\\\/GH_AgilexLimoPro_1.webp\",\"contentUrl\":\"https:\\\/\\\/www.ghostysky.com\\\/wp-content\\\/uploads\\\/2025\\\/10\\\/GH_AgilexLimoPro_1.webp\",\"width\":2400,\"height\":2400},{\"@type\":\"BreadcrumbList\",\"@id\":\"https:\\\/\\\/www.ghostysky.com\\\/product\\\/limo-pro-orin-nano\\\/#breadcrumb\",\"itemListElement\":[{\"@type\":\"ListItem\",\"position\":1,\"name\":\"Home\",\"item\":\"https:\\\/\\\/www.ghostysky.com\\\/\"},{\"@type\":\"ListItem\",\"position\":2,\"name\":\"Shop\",\"item\":\"https:\\\/\\\/www.ghostysky.com\\\/shop\\\/\"},{\"@type\":\"ListItem\",\"position\":3,\"name\":\"LIMO Pro (Orin Nano)\"}]},{\"@type\":\"WebSite\",\"@id\":\"https:\\\/\\\/www.ghostysky.com\\\/#website\",\"url\":\"https:\\\/\\\/www.ghostysky.com\\\/\",\"name\":\"Ghostysky\",\"description\":\"Delivering professional drones and robotics solutions\",\"publisher\":{\"@id\":\"https:\\\/\\\/www.ghostysky.com\\\/#organization\"},\"potentialAction\":[{\"@type\":\"SearchAction\",\"target\":{\"@type\":\"EntryPoint\",\"urlTemplate\":\"https:\\\/\\\/www.ghostysky.com\\\/?s={search_term_string}\"},\"query-input\":{\"@type\":\"PropertyValueSpecification\",\"valueRequired\":true,\"valueName\":\"search_term_string\"}}],\"inLanguage\":\"es\"},{\"@type\":\"Organization\",\"@id\":\"https:\\\/\\\/www.ghostysky.com\\\/#organization\",\"name\":\"Ghostysky\",\"url\":\"https:\\\/\\\/www.ghostysky.com\\\/\",\"logo\":{\"@type\":\"ImageObject\",\"inLanguage\":\"es\",\"@id\":\"https:\\\/\\\/www.ghostysky.com\\\/#\\\/schema\\\/logo\\\/image\\\/\",\"url\":\"https:\\\/\\\/www.ghostysky.com\\\/wp-content\\\/uploads\\\/2020\\\/06\\\/cropped-ghostyskylogo_text_white2.png\",\"contentUrl\":\"https:\\\/\\\/www.ghostysky.com\\\/wp-content\\\/uploads\\\/2020\\\/06\\\/cropped-ghostyskylogo_text_white2.png\",\"width\":169,\"height\":56,\"caption\":\"Ghostysky\"},\"image\":{\"@id\":\"https:\\\/\\\/www.ghostysky.com\\\/#\\\/schema\\\/logo\\\/image\\\/\"},\"sameAs\":[\"https:\\\/\\\/www.facebook.com\\\/people\\\/Ghostysky\\\/100057676170234\\\/\",\"https:\\\/\\\/x.com\\\/Gh0stysky\",\"https:\\\/\\\/www.linkedin.com\\\/company\\\/34739653\",\"https:\\\/\\\/www.instagram.com\\\/gh0stysky\"]}]}<\/script>\n<!-- \/ Yoast SEO plugin. -->","yoast_head_json":{"title":"LIMO Pro (Orin Nano) - Ghostysky","description":"LIMO Pro (Orin Nano) es una potente plataforma rob\u00f3tica m\u00f3vil multimodal dise\u00f1ada para estudiantes, investigadores y desarrolladores que ampl\u00edan los l\u00edmites de la navegaci\u00f3n aut\u00f3noma, la inteligencia artificial y la investigaci\u00f3n rob\u00f3tica.","robots":{"index":"index","follow":"follow","max-snippet":"max-snippet:-1","max-image-preview":"max-image-preview:large","max-video-preview":"max-video-preview:-1"},"canonical":"https:\/\/www.ghostysky.com\/es\/producto-2\/limo-pro-orin-nano\/","og_locale":"es_ES","og_type":"article","og_title":"LIMO Pro (Orin Nano) - Ghostysky","og_description":"The LIMO Pro (Orin Nano) is a powerful, multi-modal mobile robotics platform designed for students, researchers, and developers pushing the boundaries of autonomous navigation, AI, and robotics research.","og_url":"https:\/\/www.ghostysky.com\/es\/producto-2\/limo-pro-orin-nano\/","og_site_name":"Ghostysky","article_publisher":"https:\/\/www.facebook.com\/people\/Ghostysky\/100057676170234\/","article_modified_time":"2026-01-10T09:35:28+00:00","og_image":[{"width":2400,"height":2400,"url":"https:\/\/www.ghostysky.com\/wp-content\/uploads\/2025\/10\/GH_AgilexLimoPro_1.webp","type":"image\/webp"}],"twitter_card":"summary_large_image","twitter_site":"@Gh0stysky","twitter_misc":{"Tiempo de lectura":"2 minutos"},"schema":{"@context":"https:\/\/schema.org","@graph":[{"@type":"WebPage","@id":"https:\/\/www.ghostysky.com\/product\/limo-pro-orin-nano\/","url":"https:\/\/www.ghostysky.com\/product\/limo-pro-orin-nano\/","name":"LIMO Pro (Orin Nano) - Ghostysky","isPartOf":{"@id":"https:\/\/www.ghostysky.com\/#website"},"primaryImageOfPage":{"@id":"https:\/\/www.ghostysky.com\/product\/limo-pro-orin-nano\/#primaryimage"},"image":{"@id":"https:\/\/www.ghostysky.com\/product\/limo-pro-orin-nano\/#primaryimage"},"thumbnailUrl":"https:\/\/www.ghostysky.com\/wp-content\/uploads\/2025\/10\/GH_AgilexLimoPro_1.webp","datePublished":"2025-10-15T14:33:00+00:00","dateModified":"2026-01-10T09:35:28+00:00","description":"LIMO Pro (Orin Nano) es una potente plataforma rob\u00f3tica m\u00f3vil multimodal dise\u00f1ada para estudiantes, investigadores y desarrolladores que ampl\u00edan los l\u00edmites de la navegaci\u00f3n aut\u00f3noma, la inteligencia artificial y la investigaci\u00f3n rob\u00f3tica.","breadcrumb":{"@id":"https:\/\/www.ghostysky.com\/product\/limo-pro-orin-nano\/#breadcrumb"},"inLanguage":"es","potentialAction":[{"@type":"ReadAction","target":["https:\/\/www.ghostysky.com\/product\/limo-pro-orin-nano\/"]}]},{"@type":"ImageObject","inLanguage":"es","@id":"https:\/\/www.ghostysky.com\/product\/limo-pro-orin-nano\/#primaryimage","url":"https:\/\/www.ghostysky.com\/wp-content\/uploads\/2025\/10\/GH_AgilexLimoPro_1.webp","contentUrl":"https:\/\/www.ghostysky.com\/wp-content\/uploads\/2025\/10\/GH_AgilexLimoPro_1.webp","width":2400,"height":2400},{"@type":"BreadcrumbList","@id":"https:\/\/www.ghostysky.com\/product\/limo-pro-orin-nano\/#breadcrumb","itemListElement":[{"@type":"ListItem","position":1,"name":"Home","item":"https:\/\/www.ghostysky.com\/"},{"@type":"ListItem","position":2,"name":"Shop","item":"https:\/\/www.ghostysky.com\/shop\/"},{"@type":"ListItem","position":3,"name":"LIMO Pro (Orin Nano)"}]},{"@type":"WebSite","@id":"https:\/\/www.ghostysky.com\/#website","url":"https:\/\/www.ghostysky.com\/","name":"Ghostysky","description":"Ofrecemos soluciones profesionales de drones y rob\u00f3tica.","publisher":{"@id":"https:\/\/www.ghostysky.com\/#organization"},"potentialAction":[{"@type":"SearchAction","target":{"@type":"EntryPoint","urlTemplate":"https:\/\/www.ghostysky.com\/?s={search_term_string}"},"query-input":{"@type":"PropertyValueSpecification","valueRequired":true,"valueName":"search_term_string"}}],"inLanguage":"es"},{"@type":"Organization","@id":"https:\/\/www.ghostysky.com\/#organization","name":"Ghostysky","url":"https:\/\/www.ghostysky.com\/","logo":{"@type":"ImageObject","inLanguage":"es","@id":"https:\/\/www.ghostysky.com\/#\/schema\/logo\/image\/","url":"https:\/\/www.ghostysky.com\/wp-content\/uploads\/2020\/06\/cropped-ghostyskylogo_text_white2.png","contentUrl":"https:\/\/www.ghostysky.com\/wp-content\/uploads\/2020\/06\/cropped-ghostyskylogo_text_white2.png","width":169,"height":56,"caption":"Ghostysky"},"image":{"@id":"https:\/\/www.ghostysky.com\/#\/schema\/logo\/image\/"},"sameAs":["https:\/\/www.facebook.com\/people\/Ghostysky\/100057676170234\/","https:\/\/x.com\/Gh0stysky","https:\/\/www.linkedin.com\/company\/34739653","https:\/\/www.instagram.com\/gh0stysky"]}]}},"_links":{"self":[{"href":"https:\/\/www.ghostysky.com\/es\/wp-json\/wp\/v2\/product\/21119","targetHints":{"allow":["GET"]}}],"collection":[{"href":"https:\/\/www.ghostysky.com\/es\/wp-json\/wp\/v2\/product"}],"about":[{"href":"https:\/\/www.ghostysky.com\/es\/wp-json\/wp\/v2\/types\/product"}],"replies":[{"embeddable":true,"href":"https:\/\/www.ghostysky.com\/es\/wp-json\/wp\/v2\/comments?post=21119"}],"version-history":[{"count":0,"href":"https:\/\/www.ghostysky.com\/es\/wp-json\/wp\/v2\/product\/21119\/revisions"}],"wp:featuredmedia":[{"embeddable":true,"href":"https:\/\/www.ghostysky.com\/es\/wp-json\/wp\/v2\/media\/21123"}],"wp:attachment":[{"href":"https:\/\/www.ghostysky.com\/es\/wp-json\/wp\/v2\/media?parent=21119"}],"wp:term":[{"taxonomy":"product_brand","embeddable":true,"href":"https:\/\/www.ghostysky.com\/es\/wp-json\/wp\/v2\/product_brand?post=21119"},{"taxonomy":"product_cat","embeddable":true,"href":"https:\/\/www.ghostysky.com\/es\/wp-json\/wp\/v2\/product_cat?post=21119"},{"taxonomy":"product_tag","embeddable":true,"href":"https:\/\/www.ghostysky.com\/es\/wp-json\/wp\/v2\/product_tag?post=21119"}],"curies":[{"name":"wp","href":"https:\/\/api.w.org\/{rel}","templated":true}]}}