{"id":21126,"date":"2025-10-15T14:43:34","date_gmt":"2025-10-15T14:43:34","guid":{"rendered":"https:\/\/www.ghostysky.com\/?post_type=product&#038;p=21126"},"modified":"2026-01-10T09:34:32","modified_gmt":"2026-01-10T09:34:32","slug":"agilex-limo-ros2-intel-nuc","status":"publish","type":"product","link":"https:\/\/www.ghostysky.com\/es\/product\/agilex-limo-ros2-intel-nuc\/","title":{"rendered":"Agilex LIMO ROS2 (Intel NUC)"},"content":{"rendered":"<h3>Caracter\u00edsticas y especificaciones clave<\/h3>\n<h4>Computaci\u00f3n de alto rendimiento<\/h4>\n<ul>\n<li><b>Procesador:<\/b><span class=\"citation-543\"> Equipado con un <\/span><b><span class=\"citation-543\">Intel NUC i7<\/span><\/b><span class=\"citation-543\"> PC industrial que proporciona capacidades inform\u00e1ticas extremadamente potentes para un funcionamiento estable <\/span><b><span class=\"citation-543\">fusi\u00f3n de datos multisensor<\/span><\/b><span class=\"citation-543\"> y complejo <\/span><b><span class=\"citation-543\">SLAM (Localizaci\u00f3n y mapeo simult\u00e1neos)<\/span><\/b><span class=\"citation-543 citation-end-543\"> algoritmos.<\/span><\/li>\n<li><b><span class=\"citation-542\">Sistema operativo:<\/span><\/b><span class=\"citation-542\"> Carreras <\/span><b><span class=\"citation-542\">ROS 2 Humilde<\/span><\/b><span class=\"citation-542\"> en <\/span><b><span class=\"citation-542\">Ubuntu 22.04<\/span><\/b><span class=\"citation-542\">, que ofrece acceso completo a las \u00faltimas bibliotecas y marcos de c\u00f3digo abierto, incluidos <\/span><b><span class=\"citation-542\">Navegaci\u00f3n2<\/span><\/b><span class=\"citation-542\"> para la navegaci\u00f3n de robots m\u00f3viles y <\/span><b><span class=\"citation-542\">MoveIt2<\/span><\/b><span class=\"citation-542 citation-end-542\"> para la planificaci\u00f3n avanzada del movimiento del brazo rob\u00f3tico.<\/span><\/li>\n<\/ul>\n<p>&nbsp;<\/p>\n<h4>Detecci\u00f3n y navegaci\u00f3n precisas<\/h4>\n<ul>\n<li><b><span class=\"citation-541\">LiDAR:<\/span><\/b><span class=\"citation-541\"> Incluye un <\/span><b><span class=\"citation-541\">LiDAR EAI T-mini Pro<\/span><\/b><span class=\"citation-541\"> para <\/span><b><span class=\"citation-541\">Escaneo ambiental de 360\u00b0<\/span><\/b><span class=\"citation-541 citation-end-541\"> para permitir un mapeo de alta precisi\u00f3n y evitaci\u00f3n din\u00e1mica de obst\u00e1culos.<\/span><\/li>\n<li><b><span class=\"citation-540\">C\u00e1mara de profundidad:<\/span><\/b><span class=\"citation-540\"> Cuenta con una <\/span><b><span class=\"citation-540\">C\u00e1mara de profundidad Orbbec Dabai<\/span><\/b><span class=\"citation-540 citation-end-540\"> (RGB-D) para una medici\u00f3n precisa de la distancia y una mejor percepci\u00f3n del entorno.<\/span><\/li>\n<li><b>Mostrar:<\/b><span class=\"citation-539\"> Integrado <\/span><b><span class=\"citation-539\">Pantalla t\u00e1ctil de 7 pulgadas<\/span><\/b><span class=\"citation-539 citation-end-539\"> para una configuraci\u00f3n y control intuitivos.<\/span><\/li>\n<li><b><span class=\"citation-538\">Unidad de medida interna:<\/span><\/b><span class=\"citation-538 citation-end-538\"> Incluye una unidad de medici\u00f3n inercial para una detecci\u00f3n confiable de actitud y movimiento.<\/span>\n<div class=\"source-inline-chip-container ng-star-inserted\"><\/div>\n<\/li>\n<\/ul>\n<h4>Movilidad y dise\u00f1o vers\u00e1tiles<\/h4>\n<ul>\n<li><b>Direcci\u00f3n multimodal:<\/b><span class=\"citation-537\"> La plataforma m\u00f3vil LIMO es altamente adaptable y admite <\/span><b><span class=\"citation-537\">cuatro modos de direcci\u00f3n<\/span><\/b><span class=\"citation-537 citation-end-537\"> con ruedas intercambiables: direcci\u00f3n Omni Wheel, direcci\u00f3n de orugas, direcci\u00f3n diferencial en las cuatro ruedas y direcci\u00f3n Ackermann.<\/span><\/li>\n<li><b>Carga \u00fatil y velocidad:<\/b><span class=\"citation-536\"> Admite una <\/span><b><span class=\"citation-536\">4 kg de carga \u00fatil<\/span><\/b><span class=\"citation-536\"> y puede alcanzar una velocidad m\u00e1xima de avance de <\/span><b><span class=\"citation-536\">1 m\/s<\/span><\/b><span class=\"citation-536 citation-end-536\">.<\/span><\/li>\n<li><b>Bater\u00eda:<\/b><span class=\"citation-535\"> Extendido <\/span><b><span class=\"citation-535\">Bater\u00eda de 10000 mAh<\/span><\/b><span class=\"citation-535\"> proporciona hasta <\/span><b><span class=\"citation-535\">2,5 horas de funcionamiento continuo<\/span><\/b><span class=\"citation-535 citation-end-535\">.<\/span><\/li>\n<li><b><span class=\"citation-534\">Durabilidad:<\/span><\/b><span class=\"citation-534 citation-end-534\"> Cuenta con una construcci\u00f3n de chasis robusta de placa de aluminio con recubrimiento en polvo.<\/span><\/li>\n<li><b><span class=\"citation-533\">Tama\u00f1o compacto:<\/span><\/b><span class=\"citation-533 citation-end-533\"> Las dimensiones son aproximadas <\/span><b><span class=\"math-inline\"><span class=\"katex\"><span class=\"katex-html\" aria-hidden=\"true\"><span class=\"base\"><span class=\"mord\">322<\/span><span class=\"mbin\">\u00d7<\/span><\/span><span class=\"base\"><span class=\"mord\">220<\/span><span class=\"mbin\">\u00d7<\/span><\/span><span class=\"base\"><span class=\"mord\">251<\/span><span class=\"mord text\"><span class=\"mord\">mil\u00edmetros<\/span><\/span><\/span><\/span><\/span><\/span><\/b><span class=\"citation-532 citation-end-532\">, lo que lo hace adecuado para entornos de laboratorio en interiores.<\/span>\n<div class=\"source-inline-chip-container ng-star-inserted\"><\/div>\n<\/li>\n<\/ul>\n<hr \/>\n<p>&nbsp;<\/p>\n<h3>Aplicaciones ideales<\/h3>\n<p>LIMO ROS2 (Intel NUC) es una plataforma ideal para:<\/p>\n<ul>\n<li><b><span class=\"citation-531\">Educaci\u00f3n en rob\u00f3tica:<\/span><\/b><span class=\"citation-531 citation-end-531\"> Facilitar el aprendizaje pr\u00e1ctico en ROS 2, algoritmos de robots m\u00f3viles y desarrollo de IA para estudiantes y educadores.<\/span><\/li>\n<li><b>Investigaci\u00f3n y desarrollo (I+D):<\/b><span class=\"citation-530\"> Sirve como una plataforma escalable y flexible para desarrollar y probar aplicaciones avanzadas como <\/span><b><span class=\"citation-530\">navegaci\u00f3n aut\u00f3noma<\/span><\/b><span class=\"citation-530 citation-end-530\">, colaboraci\u00f3n entre m\u00faltiples robots (control de enjambre), detecci\u00f3n de objetos y reconocimiento visual.<\/span><\/li>\n<li><b>Prototipado:<\/b> Proporcionar una herramienta de desarrollo r\u00e1pida y eficiente para proyectos de prueba de concepto en conducci\u00f3n aut\u00f3noma y veh\u00edculos terrestres no tripulados (UGV).<\/li>\n<\/ul>\n<p><span class=\"citation-529\">El <\/span><b><span class=\"citation-529\">Agilex LIMO ROS2 (Intel NUC)<\/span><\/b><span class=\"citation-529\"> cuenta con el pleno apoyo de <\/span><b><span class=\"citation-529\">paquetes de c\u00f3digo abierto<\/span><\/b><span class=\"citation-529 citation-end-529\"> y es compatible con los principales lenguajes de programaci\u00f3n como Python y C++, lo que lo convierte en la herramienta definitiva para que los desarrolladores ampl\u00eden e implementen sus aplicaciones rob\u00f3ticas.<\/span><\/p>","protected":false},"excerpt":{"rendered":"<p><span class=\"\">El <\/span><b class=\"\">Agilex LIMO ROS2 (Intel NUC)<\/b><span class=\"\"> Es un dispositivo vers\u00e1til y potente. <\/span><b class=\"\">Robot m\u00f3vil aut\u00f3nomo (AMR)<\/b><span class=\"\"> Plataforma dise\u00f1ada espec\u00edficamente para <\/span><b class=\"\">Investigaci\u00f3n, educaci\u00f3n y desarrollo en rob\u00f3tica<\/b><span class=\"\"> en el campo de los sistemas aut\u00f3nomos.<\/span><span class=\"\"> Con una unidad inform\u00e1tica avanzada y un conjunto completo de sensores,<\/span><span class=\"\"> Este robot de c\u00f3digo abierto es una herramienta robusta para explorar aplicaciones ROS 2 de vanguardia.<\/span><\/p>","protected":false},"featured_media":21129,"comment_status":"open","ping_status":"closed","template":"","meta":[],"product_brand":[1046],"product_cat":[1044,1042,1037],"product_tag":[1047,1066,1067,1069],"class_list":{"0":"post-21126","1":"product","2":"type-product","3":"status-publish","4":"has-post-thumbnail","6":"product_brand-agilex","7":"product_cat-agilex-robots","8":"product_cat-chassis","9":"product_cat-robotics","10":"product_tag-agilex","11":"product_tag-agilex-limo","12":"product_tag-agilex-limo-education","13":"product_tag-agilex-limo-ros2","15":"first","16":"onbackorder","17":"taxable","18":"shipping-taxable","19":"purchasable","20":"product-type-simple"},"yoast_head":"<!-- This site is optimized with the Yoast SEO plugin v27.4 - https:\/\/yoast.com\/product\/yoast-seo-wordpress\/ -->\n<title>Agilex LIMO ROS2 (Intel NUC) - Ghostysky<\/title>\n<meta name=\"description\" content=\"The Agilex LIMO ROS2 (Intel NUC) is a versatile and powerful Autonomous Mobile Robot (AMR) platform specifically engineered for robotics research, education, and development in the field of autonomous systems. Featuring an advanced computing unit and comprehensive sensor suite, this open-source robot is a robust tool for exploring cutting-edge ROS 2 applications.\" \/>\n<meta name=\"robots\" content=\"index, follow, max-snippet:-1, max-image-preview:large, max-video-preview:-1\" \/>\n<link rel=\"canonical\" href=\"https:\/\/www.ghostysky.com\/es\/producto-2\/agilex-limo-ros2-intel-nuc\/\" \/>\n<meta property=\"og:locale\" content=\"es_ES\" \/>\n<meta property=\"og:type\" content=\"article\" \/>\n<meta property=\"og:title\" content=\"Agilex LIMO ROS2 (Intel NUC) - Ghostysky\" \/>\n<meta property=\"og:description\" content=\"The Agilex LIMO ROS2 (Intel NUC) is a versatile and powerful Autonomous Mobile Robot (AMR) platform specifically engineered for robotics research, education, and development in the field of autonomous systems. Featuring an advanced computing unit and comprehensive sensor suite, this open-source robot is a robust tool for exploring cutting-edge ROS 2 applications.\" \/>\n<meta property=\"og:url\" content=\"https:\/\/www.ghostysky.com\/es\/producto-2\/agilex-limo-ros2-intel-nuc\/\" \/>\n<meta property=\"og:site_name\" content=\"Ghostysky\" \/>\n<meta property=\"article:publisher\" content=\"https:\/\/www.facebook.com\/people\/Ghostysky\/100057676170234\/\" \/>\n<meta property=\"article:modified_time\" content=\"2026-01-10T09:34:32+00:00\" \/>\n<meta property=\"og:image\" content=\"https:\/\/www.ghostysky.com\/wp-content\/uploads\/2025\/10\/GH_AgilexLimoRos2_1.webp\" \/>\n\t<meta property=\"og:image:width\" content=\"2400\" \/>\n\t<meta property=\"og:image:height\" content=\"2400\" \/>\n\t<meta property=\"og:image:type\" content=\"image\/webp\" \/>\n<meta name=\"twitter:card\" content=\"summary_large_image\" \/>\n<meta name=\"twitter:site\" content=\"@Gh0stysky\" \/>\n<meta name=\"twitter:label1\" content=\"Tiempo de lectura\" \/>\n\t<meta name=\"twitter:data1\" content=\"2 minutos\" \/>\n<script type=\"application\/ld+json\" class=\"yoast-schema-graph\">{\"@context\":\"https:\\\/\\\/schema.org\",\"@graph\":[{\"@type\":\"WebPage\",\"@id\":\"https:\\\/\\\/www.ghostysky.com\\\/product\\\/agilex-limo-ros2-intel-nuc\\\/\",\"url\":\"https:\\\/\\\/www.ghostysky.com\\\/product\\\/agilex-limo-ros2-intel-nuc\\\/\",\"name\":\"Agilex LIMO ROS2 (Intel NUC) - Ghostysky\",\"isPartOf\":{\"@id\":\"https:\\\/\\\/www.ghostysky.com\\\/#website\"},\"primaryImageOfPage\":{\"@id\":\"https:\\\/\\\/www.ghostysky.com\\\/product\\\/agilex-limo-ros2-intel-nuc\\\/#primaryimage\"},\"image\":{\"@id\":\"https:\\\/\\\/www.ghostysky.com\\\/product\\\/agilex-limo-ros2-intel-nuc\\\/#primaryimage\"},\"thumbnailUrl\":\"https:\\\/\\\/www.ghostysky.com\\\/wp-content\\\/uploads\\\/2025\\\/10\\\/GH_AgilexLimoRos2_1.webp\",\"datePublished\":\"2025-10-15T14:43:34+00:00\",\"dateModified\":\"2026-01-10T09:34:32+00:00\",\"description\":\"The Agilex LIMO ROS2 (Intel NUC) is a versatile and powerful Autonomous Mobile Robot (AMR) platform specifically engineered for robotics research, education, and development in the field of autonomous systems. Featuring an advanced computing unit and comprehensive sensor suite, this open-source robot is a robust tool for exploring cutting-edge ROS 2 applications.\",\"breadcrumb\":{\"@id\":\"https:\\\/\\\/www.ghostysky.com\\\/product\\\/agilex-limo-ros2-intel-nuc\\\/#breadcrumb\"},\"inLanguage\":\"es\",\"potentialAction\":[{\"@type\":\"ReadAction\",\"target\":[\"https:\\\/\\\/www.ghostysky.com\\\/product\\\/agilex-limo-ros2-intel-nuc\\\/\"]}]},{\"@type\":\"ImageObject\",\"inLanguage\":\"es\",\"@id\":\"https:\\\/\\\/www.ghostysky.com\\\/product\\\/agilex-limo-ros2-intel-nuc\\\/#primaryimage\",\"url\":\"https:\\\/\\\/www.ghostysky.com\\\/wp-content\\\/uploads\\\/2025\\\/10\\\/GH_AgilexLimoRos2_1.webp\",\"contentUrl\":\"https:\\\/\\\/www.ghostysky.com\\\/wp-content\\\/uploads\\\/2025\\\/10\\\/GH_AgilexLimoRos2_1.webp\",\"width\":2400,\"height\":2400},{\"@type\":\"BreadcrumbList\",\"@id\":\"https:\\\/\\\/www.ghostysky.com\\\/product\\\/agilex-limo-ros2-intel-nuc\\\/#breadcrumb\",\"itemListElement\":[{\"@type\":\"ListItem\",\"position\":1,\"name\":\"Home\",\"item\":\"https:\\\/\\\/www.ghostysky.com\\\/\"},{\"@type\":\"ListItem\",\"position\":2,\"name\":\"Shop\",\"item\":\"https:\\\/\\\/www.ghostysky.com\\\/shop\\\/\"},{\"@type\":\"ListItem\",\"position\":3,\"name\":\"Agilex LIMO ROS2 (Intel NUC)\"}]},{\"@type\":\"WebSite\",\"@id\":\"https:\\\/\\\/www.ghostysky.com\\\/#website\",\"url\":\"https:\\\/\\\/www.ghostysky.com\\\/\",\"name\":\"Ghostysky\",\"description\":\"Delivering professional drones and robotics solutions\",\"publisher\":{\"@id\":\"https:\\\/\\\/www.ghostysky.com\\\/#organization\"},\"potentialAction\":[{\"@type\":\"SearchAction\",\"target\":{\"@type\":\"EntryPoint\",\"urlTemplate\":\"https:\\\/\\\/www.ghostysky.com\\\/?s={search_term_string}\"},\"query-input\":{\"@type\":\"PropertyValueSpecification\",\"valueRequired\":true,\"valueName\":\"search_term_string\"}}],\"inLanguage\":\"es\"},{\"@type\":\"Organization\",\"@id\":\"https:\\\/\\\/www.ghostysky.com\\\/#organization\",\"name\":\"Ghostysky\",\"url\":\"https:\\\/\\\/www.ghostysky.com\\\/\",\"logo\":{\"@type\":\"ImageObject\",\"inLanguage\":\"es\",\"@id\":\"https:\\\/\\\/www.ghostysky.com\\\/#\\\/schema\\\/logo\\\/image\\\/\",\"url\":\"https:\\\/\\\/www.ghostysky.com\\\/wp-content\\\/uploads\\\/2020\\\/06\\\/cropped-ghostyskylogo_text_white2.png\",\"contentUrl\":\"https:\\\/\\\/www.ghostysky.com\\\/wp-content\\\/uploads\\\/2020\\\/06\\\/cropped-ghostyskylogo_text_white2.png\",\"width\":169,\"height\":56,\"caption\":\"Ghostysky\"},\"image\":{\"@id\":\"https:\\\/\\\/www.ghostysky.com\\\/#\\\/schema\\\/logo\\\/image\\\/\"},\"sameAs\":[\"https:\\\/\\\/www.facebook.com\\\/people\\\/Ghostysky\\\/100057676170234\\\/\",\"https:\\\/\\\/x.com\\\/Gh0stysky\",\"https:\\\/\\\/www.linkedin.com\\\/company\\\/34739653\",\"https:\\\/\\\/www.instagram.com\\\/gh0stysky\"]}]}<\/script>\n<!-- \/ Yoast SEO plugin. -->","yoast_head_json":{"title":"Agilex LIMO ROS2 (Intel NUC) - Ghostysky","description":"El Agilex LIMO ROS2 (Intel NUC) es una plataforma vers\u00e1til y potente de Robot M\u00f3vil Aut\u00f3nomo (RAM), dise\u00f1ada espec\u00edficamente para la investigaci\u00f3n, la formaci\u00f3n y el desarrollo rob\u00f3tico en el campo de los sistemas aut\u00f3nomos. Con una unidad de c\u00f3mputo avanzada y un completo conjunto de sensores, este robot de c\u00f3digo abierto es una herramienta robusta para explorar aplicaciones ROS 2 de vanguardia.","robots":{"index":"index","follow":"follow","max-snippet":"max-snippet:-1","max-image-preview":"max-image-preview:large","max-video-preview":"max-video-preview:-1"},"canonical":"https:\/\/www.ghostysky.com\/es\/producto-2\/agilex-limo-ros2-intel-nuc\/","og_locale":"es_ES","og_type":"article","og_title":"Agilex LIMO ROS2 (Intel NUC) - Ghostysky","og_description":"The Agilex LIMO ROS2 (Intel NUC) is a versatile and powerful Autonomous Mobile Robot (AMR) platform specifically engineered for robotics research, education, and development in the field of autonomous systems. Featuring an advanced computing unit and comprehensive sensor suite, this open-source robot is a robust tool for exploring cutting-edge ROS 2 applications.","og_url":"https:\/\/www.ghostysky.com\/es\/producto-2\/agilex-limo-ros2-intel-nuc\/","og_site_name":"Ghostysky","article_publisher":"https:\/\/www.facebook.com\/people\/Ghostysky\/100057676170234\/","article_modified_time":"2026-01-10T09:34:32+00:00","og_image":[{"width":2400,"height":2400,"url":"https:\/\/www.ghostysky.com\/wp-content\/uploads\/2025\/10\/GH_AgilexLimoRos2_1.webp","type":"image\/webp"}],"twitter_card":"summary_large_image","twitter_site":"@Gh0stysky","twitter_misc":{"Tiempo de lectura":"2 minutos"},"schema":{"@context":"https:\/\/schema.org","@graph":[{"@type":"WebPage","@id":"https:\/\/www.ghostysky.com\/product\/agilex-limo-ros2-intel-nuc\/","url":"https:\/\/www.ghostysky.com\/product\/agilex-limo-ros2-intel-nuc\/","name":"Agilex LIMO ROS2 (Intel NUC) - Ghostysky","isPartOf":{"@id":"https:\/\/www.ghostysky.com\/#website"},"primaryImageOfPage":{"@id":"https:\/\/www.ghostysky.com\/product\/agilex-limo-ros2-intel-nuc\/#primaryimage"},"image":{"@id":"https:\/\/www.ghostysky.com\/product\/agilex-limo-ros2-intel-nuc\/#primaryimage"},"thumbnailUrl":"https:\/\/www.ghostysky.com\/wp-content\/uploads\/2025\/10\/GH_AgilexLimoRos2_1.webp","datePublished":"2025-10-15T14:43:34+00:00","dateModified":"2026-01-10T09:34:32+00:00","description":"El Agilex LIMO ROS2 (Intel NUC) es una plataforma vers\u00e1til y potente de Robot M\u00f3vil Aut\u00f3nomo (RAM), dise\u00f1ada espec\u00edficamente para la investigaci\u00f3n, la formaci\u00f3n y el desarrollo rob\u00f3tico en el campo de los sistemas aut\u00f3nomos. Con una unidad de c\u00f3mputo avanzada y un completo conjunto de sensores, este robot de c\u00f3digo abierto es una herramienta robusta para explorar aplicaciones ROS 2 de vanguardia.","breadcrumb":{"@id":"https:\/\/www.ghostysky.com\/product\/agilex-limo-ros2-intel-nuc\/#breadcrumb"},"inLanguage":"es","potentialAction":[{"@type":"ReadAction","target":["https:\/\/www.ghostysky.com\/product\/agilex-limo-ros2-intel-nuc\/"]}]},{"@type":"ImageObject","inLanguage":"es","@id":"https:\/\/www.ghostysky.com\/product\/agilex-limo-ros2-intel-nuc\/#primaryimage","url":"https:\/\/www.ghostysky.com\/wp-content\/uploads\/2025\/10\/GH_AgilexLimoRos2_1.webp","contentUrl":"https:\/\/www.ghostysky.com\/wp-content\/uploads\/2025\/10\/GH_AgilexLimoRos2_1.webp","width":2400,"height":2400},{"@type":"BreadcrumbList","@id":"https:\/\/www.ghostysky.com\/product\/agilex-limo-ros2-intel-nuc\/#breadcrumb","itemListElement":[{"@type":"ListItem","position":1,"name":"Home","item":"https:\/\/www.ghostysky.com\/"},{"@type":"ListItem","position":2,"name":"Shop","item":"https:\/\/www.ghostysky.com\/shop\/"},{"@type":"ListItem","position":3,"name":"Agilex LIMO ROS2 (Intel NUC)"}]},{"@type":"WebSite","@id":"https:\/\/www.ghostysky.com\/#website","url":"https:\/\/www.ghostysky.com\/","name":"Ghostysky","description":"Ofrecemos soluciones profesionales de drones y rob\u00f3tica.","publisher":{"@id":"https:\/\/www.ghostysky.com\/#organization"},"potentialAction":[{"@type":"SearchAction","target":{"@type":"EntryPoint","urlTemplate":"https:\/\/www.ghostysky.com\/?s={search_term_string}"},"query-input":{"@type":"PropertyValueSpecification","valueRequired":true,"valueName":"search_term_string"}}],"inLanguage":"es"},{"@type":"Organization","@id":"https:\/\/www.ghostysky.com\/#organization","name":"Ghostysky","url":"https:\/\/www.ghostysky.com\/","logo":{"@type":"ImageObject","inLanguage":"es","@id":"https:\/\/www.ghostysky.com\/#\/schema\/logo\/image\/","url":"https:\/\/www.ghostysky.com\/wp-content\/uploads\/2020\/06\/cropped-ghostyskylogo_text_white2.png","contentUrl":"https:\/\/www.ghostysky.com\/wp-content\/uploads\/2020\/06\/cropped-ghostyskylogo_text_white2.png","width":169,"height":56,"caption":"Ghostysky"},"image":{"@id":"https:\/\/www.ghostysky.com\/#\/schema\/logo\/image\/"},"sameAs":["https:\/\/www.facebook.com\/people\/Ghostysky\/100057676170234\/","https:\/\/x.com\/Gh0stysky","https:\/\/www.linkedin.com\/company\/34739653","https:\/\/www.instagram.com\/gh0stysky"]}]}},"_links":{"self":[{"href":"https:\/\/www.ghostysky.com\/es\/wp-json\/wp\/v2\/product\/21126","targetHints":{"allow":["GET"]}}],"collection":[{"href":"https:\/\/www.ghostysky.com\/es\/wp-json\/wp\/v2\/product"}],"about":[{"href":"https:\/\/www.ghostysky.com\/es\/wp-json\/wp\/v2\/types\/product"}],"replies":[{"embeddable":true,"href":"https:\/\/www.ghostysky.com\/es\/wp-json\/wp\/v2\/comments?post=21126"}],"version-history":[{"count":0,"href":"https:\/\/www.ghostysky.com\/es\/wp-json\/wp\/v2\/product\/21126\/revisions"}],"wp:featuredmedia":[{"embeddable":true,"href":"https:\/\/www.ghostysky.com\/es\/wp-json\/wp\/v2\/media\/21129"}],"wp:attachment":[{"href":"https:\/\/www.ghostysky.com\/es\/wp-json\/wp\/v2\/media?parent=21126"}],"wp:term":[{"taxonomy":"product_brand","embeddable":true,"href":"https:\/\/www.ghostysky.com\/es\/wp-json\/wp\/v2\/product_brand?post=21126"},{"taxonomy":"product_cat","embeddable":true,"href":"https:\/\/www.ghostysky.com\/es\/wp-json\/wp\/v2\/product_cat?post=21126"},{"taxonomy":"product_tag","embeddable":true,"href":"https:\/\/www.ghostysky.com\/es\/wp-json\/wp\/v2\/product_tag?post=21126"}],"curies":[{"name":"wp","href":"https:\/\/api.w.org\/{rel}","templated":true}]}}