{"id":21144,"date":"2025-10-15T15:43:05","date_gmt":"2025-10-15T15:43:05","guid":{"rendered":"https:\/\/www.ghostysky.com\/?post_type=product&#038;p=21144"},"modified":"2026-01-10T09:48:14","modified_gmt":"2026-01-10T09:48:14","slug":"agilex-cobot-s","status":"publish","type":"product","link":"https:\/\/www.ghostysky.com\/es\/product\/agilex-cobot-s\/","title":{"rendered":"Agilex Cobot S"},"content":{"rendered":"<h3><b>Caracter\u00edsticas y capacidades clave<\/b><\/h3>\n<ul>\n<li><b><span class=\"citation-598\">Ecosistema completo:<\/span><\/b><span class=\"citation-598\"> El Cobot S es una soluci\u00f3n completa de hardware y software construida sobre la robusta <\/span><b><span class=\"citation-598\">ROS (Sistema operativo rob\u00f3tico)<\/span><\/b><span class=\"citation-598 citation-end-598\"> marco, muy adecuado para el desarrollo de IA incorporada.<\/span><\/li>\n<li><b><span class=\"citation-597\">Plataforma m\u00f3vil:<\/span><\/b><span class=\"citation-597\"> Utiliza una base m\u00f3vil estable con <\/span><b><span class=\"citation-597\">Navegaci\u00f3n NAVIS<\/span><\/b><span class=\"citation-597 citation-end-597\"> para funcionamiento aut\u00f3nomo.<\/span>\n<ul>\n<li><b><span class=\"citation-596\">Navegaci\u00f3n:<\/span><\/b><span class=\"citation-596 citation-end-596\"> Caracter\u00edsticas como LiDAR SLAM y Visual SLAM permiten la navegaci\u00f3n aut\u00f3noma, el mapeo y la evitaci\u00f3n de obst\u00e1culos en entornos complejos, din\u00e1micos y no estructurados.<\/span><\/li>\n<li><b>Velocidad:<\/b><span class=\"citation-595\"> Capaz de una velocidad m\u00e1xima de <\/span><b><span class=\"citation-595\">1,6 m\/s<\/span><\/b><span class=\"citation-595 citation-end-595\">.<\/span><\/li>\n<li><b>Fuerza:<\/b><span class=\"citation-594\"> Equipado con un <\/span><b><span class=\"citation-594\">24 V 60 A<\/span><\/b><span class=\"citation-594 citation-end-594\"> bater\u00eda.<\/span><\/li>\n<li><b>Dimensiones\/Peso:<\/b> Aprox. <b><span class=\"citation-593\">500 x 754 x 1504 mm<\/span><\/b><span class=\"citation-593\"> con un peso de <\/span><b><span class=\"citation-593\">100 kilos<\/span><\/b><span class=\"citation-593 citation-end-593\">.<\/span><\/li>\n<\/ul>\n<\/li>\n<li><b><span class=\"citation-592\">Manipulaci\u00f3n flexible:<\/span><\/b><span class=\"citation-592 citation-end-592\"> Incluye un brazo rob\u00f3tico de m\u00faltiples grados de libertad para un manejo vers\u00e1til.<\/span>\n<ul>\n<li><b><span class=\"citation-591\">Brazo rob\u00f3tico:<\/span><\/b><span class=\"citation-591\"> A <\/span><b><span class=\"citation-591\">Manipulador RM75 de 7 grados de libertad<\/span><\/b><span class=\"citation-591 citation-end-591\"> con MoveIt!<\/span> Compatibilidad del sistema para la planificaci\u00f3n avanzada de movimientos y la ejecuci\u00f3n de tareas complejas.<\/li>\n<li><b><span class=\"citation-590\">Pinza:<\/span><\/b><span class=\"citation-590\"> Una pinza de dos dedos con una carga \u00fatil m\u00e1xima de <\/span><b><span class=\"citation-590\">5 kilos<\/span><\/b><span class=\"citation-590 citation-end-590\">.<\/span><\/li>\n<li><b><span class=\"citation-589\">Precisi\u00f3n:<\/span><\/b><span class=\"citation-589 citation-end-589\"> Repetibilidad del brazo de <\/span><b><span class=\"math-inline\"><span class=\"katex\"><span class=\"katex-html\" aria-hidden=\"true\"><span class=\"base\"><span class=\"mord\">\u00b1<\/span><span class=\"mord\">0.05<\/span><\/span><\/span><\/span><\/span><span class=\"citation-588\"> mil\u00edmetros<\/span><\/b><span class=\"citation-588 citation-end-588\">.<\/span><\/li>\n<li><b>Rango de trabajo mejorado:<\/b><span class=\"citation-587 citation-end-587\"> Cuenta con una <\/span><span class=\"math-inline\"><span class=\"katex\"><span class=\"katex-html\" aria-hidden=\"true\"><span class=\"base\"><span class=\"mord\"><span class=\"mord mathbf\">36<\/span><span class=\"mord mathbf\">0<\/span><span class=\"msupsub\"><span class=\"vlist-t\"><span class=\"vlist-r\"><span class=\"vlist\"><span class=\"\"><span class=\"sizing reset-size6 size3 mtight\"><span class=\"mbin mtight\">\u2218<\/span><\/span><\/span><\/span><\/span><\/span><\/span><\/span><\/span><\/span><\/span><\/span><span class=\"citation-586 citation-end-586\"> Funci\u00f3n de giro e inclinaci\u00f3n y rotaci\u00f3n para un amplio campo de visi\u00f3n y rango de trabajo.<\/span><\/li>\n<\/ul>\n<\/li>\n<li><b><span class=\"citation-585\">Percepci\u00f3n avanzada:<\/span><\/b><span class=\"citation-585 citation-end-585\"> Integrado con sensores de \u00faltima generaci\u00f3n para conciencia ambiental.<\/span>\n<ul>\n<li><span class=\"citation-584\">Incluye un <\/span><b><span class=\"citation-584\">computadora industrial de alto rendimiento<\/span><\/b><span class=\"citation-584\">, <\/span><b><span class=\"citation-584\">LiDAR<\/span><\/b><span class=\"citation-584\">, <\/span><b><span class=\"citation-584\">IMU<\/span><\/b><span class=\"citation-584\">, y un <\/span><b><span class=\"citation-584\">sistema de percepci\u00f3n visual<\/span><\/b><span class=\"citation-584 citation-end-584\"> (a menudo con una c\u00e1mara de alta precisi\u00f3n) para mapeo 3D en tiempo real e interacci\u00f3n inteligente.<\/span><\/li>\n<\/ul>\n<\/li>\n<li><b><span class=\"citation-583\">Potente plataforma de IA:<\/span><\/b><span class=\"citation-583 citation-end-583\"> La computaci\u00f3n de alto rendimiento incorporada le permite ejecutar algoritmos de IA complejos, lo que respalda la investigaci\u00f3n en aprendizaje autom\u00e1tico, visi\u00f3n artificial y procesamiento del lenguaje natural.<\/span><\/li>\n<li><b>Versatilidad:<\/b><span class=\"citation-582 citation-end-582\"> Su dise\u00f1o le permite sobresalir en una amplia variedad de tareas, incluyendo clasificaci\u00f3n, carga, asistencia m\u00e9dica y otros trabajos de manipulaci\u00f3n intrincados, adapt\u00e1ndose din\u00e1micamente a su entorno a trav\u00e9s del aprendizaje continuo.<\/span><\/li>\n<\/ul>","protected":false},"excerpt":{"rendered":"<p>El <strong>Agilex Cobot S<\/strong> es un robot colaborativo m\u00f3vil integral y de alto rendimiento dise\u00f1ado como un banco de pruebas definitivo para la investigaci\u00f3n, la educaci\u00f3n y el desarrollo de aplicaciones comerciales en rob\u00f3tica e inteligencia artificial (IA).<\/p>\n<p><strong>Incluye plataforma Bunker<\/strong><\/p>\n<ul>\n<li>Manipulador RM75<\/li>\n<li>YDLIDAR G4<\/li>\n<li>RS-Helios-16P<\/li>\n<li>Pinza DH AG95<\/li>\n<li>Intel D435<\/li>\n<li>Computadora industrial APQ<\/li>\n<li>Empaquetado en estuche de madera<\/li>\n<\/ul>","protected":false},"featured_media":21146,"comment_status":"open","ping_status":"closed","template":"","meta":[],"product_brand":[1046],"product_cat":[1043,1044,1042,1037],"product_tag":[1047,1055,1073,1052],"class_list":{"0":"post-21144","1":"product","2":"type-product","3":"status-publish","4":"has-post-thumbnail","6":"product_brand-agilex","7":"product_cat-agilex","8":"product_cat-agilex-robots","9":"product_cat-chassis","10":"product_cat-robotics","11":"product_tag-agilex","12":"product_tag-agilex-chassis","13":"product_tag-agilex-cobot-s","14":"product_tag-agilex-robots","16":"first","17":"onbackorder","18":"taxable","19":"shipping-taxable","20":"purchasable","21":"product-type-simple"},"yoast_head":"<!-- This site is optimized with the Yoast SEO plugin v27.1.1 - https:\/\/yoast.com\/product\/yoast-seo-wordpress\/ -->\n<title>Agilex Cobot S - Ghostysky<\/title>\n<meta name=\"description\" content=\"The Agilex Cobot S is a comprehensive, high-performance mobile collaborative robot designed as an ultimate testbed for robotics and Artificial Intelligence (AI) research, education, and commercial applications development.\" \/>\n<meta name=\"robots\" content=\"index, follow, max-snippet:-1, max-image-preview:large, max-video-preview:-1\" \/>\n<link rel=\"canonical\" href=\"https:\/\/www.ghostysky.com\/es\/producto-2\/agilex-cobot-s\/\" \/>\n<meta property=\"og:locale\" content=\"es_ES\" \/>\n<meta property=\"og:type\" content=\"article\" \/>\n<meta property=\"og:title\" content=\"Agilex Cobot S - Ghostysky\" \/>\n<meta property=\"og:description\" content=\"The Agilex Cobot S is a comprehensive, high-performance mobile collaborative robot designed as an ultimate testbed for robotics and Artificial Intelligence (AI) research, education, and commercial applications development.\" \/>\n<meta property=\"og:url\" content=\"https:\/\/www.ghostysky.com\/es\/producto-2\/agilex-cobot-s\/\" \/>\n<meta property=\"og:site_name\" content=\"Ghostysky\" \/>\n<meta property=\"article:publisher\" content=\"https:\/\/www.facebook.com\/people\/Ghostysky\/100057676170234\/\" \/>\n<meta property=\"article:modified_time\" content=\"2026-01-10T09:48:14+00:00\" \/>\n<meta property=\"og:image\" content=\"https:\/\/www.ghostysky.com\/wp-content\/uploads\/2025\/10\/GH_AgilexCobot_S.webp\" \/>\n\t<meta property=\"og:image:width\" content=\"2400\" \/>\n\t<meta property=\"og:image:height\" content=\"2400\" \/>\n\t<meta property=\"og:image:type\" content=\"image\/webp\" \/>\n<meta name=\"twitter:card\" content=\"summary_large_image\" \/>\n<meta name=\"twitter:site\" content=\"@Gh0stysky\" \/>\n<meta name=\"twitter:label1\" content=\"Tiempo de lectura\" \/>\n\t<meta name=\"twitter:data1\" content=\"2 minutos\" \/>\n<script type=\"application\/ld+json\" class=\"yoast-schema-graph\">{\"@context\":\"https:\/\/schema.org\",\"@graph\":[{\"@type\":\"WebPage\",\"@id\":\"https:\/\/www.ghostysky.com\/product\/agilex-cobot-s\/\",\"url\":\"https:\/\/www.ghostysky.com\/product\/agilex-cobot-s\/\",\"name\":\"Agilex Cobot S - Ghostysky\",\"isPartOf\":{\"@id\":\"https:\/\/www.ghostysky.com\/#website\"},\"primaryImageOfPage\":{\"@id\":\"https:\/\/www.ghostysky.com\/product\/agilex-cobot-s\/#primaryimage\"},\"image\":{\"@id\":\"https:\/\/www.ghostysky.com\/product\/agilex-cobot-s\/#primaryimage\"},\"thumbnailUrl\":\"https:\/\/www.ghostysky.com\/wp-content\/uploads\/2025\/10\/GH_AgilexCobot_S.webp\",\"datePublished\":\"2025-10-15T15:43:05+00:00\",\"dateModified\":\"2026-01-10T09:48:14+00:00\",\"description\":\"The Agilex Cobot S is a comprehensive, high-performance mobile collaborative robot designed as an ultimate testbed for robotics and Artificial Intelligence (AI) research, education, and commercial applications development.\",\"breadcrumb\":{\"@id\":\"https:\/\/www.ghostysky.com\/product\/agilex-cobot-s\/#breadcrumb\"},\"inLanguage\":\"es\",\"potentialAction\":[{\"@type\":\"ReadAction\",\"target\":[\"https:\/\/www.ghostysky.com\/product\/agilex-cobot-s\/\"]}]},{\"@type\":\"ImageObject\",\"inLanguage\":\"es\",\"@id\":\"https:\/\/www.ghostysky.com\/product\/agilex-cobot-s\/#primaryimage\",\"url\":\"https:\/\/www.ghostysky.com\/wp-content\/uploads\/2025\/10\/GH_AgilexCobot_S.webp\",\"contentUrl\":\"https:\/\/www.ghostysky.com\/wp-content\/uploads\/2025\/10\/GH_AgilexCobot_S.webp\",\"width\":2400,\"height\":2400},{\"@type\":\"BreadcrumbList\",\"@id\":\"https:\/\/www.ghostysky.com\/product\/agilex-cobot-s\/#breadcrumb\",\"itemListElement\":[{\"@type\":\"ListItem\",\"position\":1,\"name\":\"Home\",\"item\":\"https:\/\/www.ghostysky.com\/\"},{\"@type\":\"ListItem\",\"position\":2,\"name\":\"Shop\",\"item\":\"https:\/\/www.ghostysky.com\/shop\/\"},{\"@type\":\"ListItem\",\"position\":3,\"name\":\"Agilex Cobot S\"}]},{\"@type\":\"WebSite\",\"@id\":\"https:\/\/www.ghostysky.com\/#website\",\"url\":\"https:\/\/www.ghostysky.com\/\",\"name\":\"Ghostysky\",\"description\":\"Delivering professional drones and services\",\"publisher\":{\"@id\":\"https:\/\/www.ghostysky.com\/#organization\"},\"potentialAction\":[{\"@type\":\"SearchAction\",\"target\":{\"@type\":\"EntryPoint\",\"urlTemplate\":\"https:\/\/www.ghostysky.com\/?s={search_term_string}\"},\"query-input\":{\"@type\":\"PropertyValueSpecification\",\"valueRequired\":true,\"valueName\":\"search_term_string\"}}],\"inLanguage\":\"es\"},{\"@type\":\"Organization\",\"@id\":\"https:\/\/www.ghostysky.com\/#organization\",\"name\":\"Ghostysky\",\"url\":\"https:\/\/www.ghostysky.com\/\",\"logo\":{\"@type\":\"ImageObject\",\"inLanguage\":\"es\",\"@id\":\"https:\/\/www.ghostysky.com\/#\/schema\/logo\/image\/\",\"url\":\"https:\/\/www.ghostysky.com\/wp-content\/uploads\/2020\/06\/cropped-ghostyskylogo_text_white2.png\",\"contentUrl\":\"https:\/\/www.ghostysky.com\/wp-content\/uploads\/2020\/06\/cropped-ghostyskylogo_text_white2.png\",\"width\":169,\"height\":56,\"caption\":\"Ghostysky\"},\"image\":{\"@id\":\"https:\/\/www.ghostysky.com\/#\/schema\/logo\/image\/\"},\"sameAs\":[\"https:\/\/www.facebook.com\/people\/Ghostysky\/100057676170234\/\",\"https:\/\/x.com\/Gh0stysky\",\"https:\/\/www.linkedin.com\/company\/34739653\",\"https:\/\/www.instagram.com\/gh0stysky\"]}]}<\/script>\n<!-- \/ Yoast SEO plugin. -->","yoast_head_json":{"title":"Agilex Cobot S - Ghostysky","description":"El Agilex Cobot S es un robot colaborativo m\u00f3vil integral y de alto rendimiento dise\u00f1ado como un banco de pruebas definitivo para la investigaci\u00f3n, la educaci\u00f3n y el desarrollo de aplicaciones comerciales en rob\u00f3tica e inteligencia artificial (IA).","robots":{"index":"index","follow":"follow","max-snippet":"max-snippet:-1","max-image-preview":"max-image-preview:large","max-video-preview":"max-video-preview:-1"},"canonical":"https:\/\/www.ghostysky.com\/es\/producto-2\/agilex-cobot-s\/","og_locale":"es_ES","og_type":"article","og_title":"Agilex Cobot S - Ghostysky","og_description":"The Agilex Cobot S is a comprehensive, high-performance mobile collaborative robot designed as an ultimate testbed for robotics and Artificial Intelligence (AI) research, education, and commercial applications development.","og_url":"https:\/\/www.ghostysky.com\/es\/producto-2\/agilex-cobot-s\/","og_site_name":"Ghostysky","article_publisher":"https:\/\/www.facebook.com\/people\/Ghostysky\/100057676170234\/","article_modified_time":"2026-01-10T09:48:14+00:00","og_image":[{"width":2400,"height":2400,"url":"https:\/\/www.ghostysky.com\/wp-content\/uploads\/2025\/10\/GH_AgilexCobot_S.webp","type":"image\/webp"}],"twitter_card":"summary_large_image","twitter_site":"@Gh0stysky","twitter_misc":{"Tiempo de lectura":"2 minutos"},"schema":{"@context":"https:\/\/schema.org","@graph":[{"@type":"WebPage","@id":"https:\/\/www.ghostysky.com\/product\/agilex-cobot-s\/","url":"https:\/\/www.ghostysky.com\/product\/agilex-cobot-s\/","name":"Agilex Cobot S - Ghostysky","isPartOf":{"@id":"https:\/\/www.ghostysky.com\/#website"},"primaryImageOfPage":{"@id":"https:\/\/www.ghostysky.com\/product\/agilex-cobot-s\/#primaryimage"},"image":{"@id":"https:\/\/www.ghostysky.com\/product\/agilex-cobot-s\/#primaryimage"},"thumbnailUrl":"https:\/\/www.ghostysky.com\/wp-content\/uploads\/2025\/10\/GH_AgilexCobot_S.webp","datePublished":"2025-10-15T15:43:05+00:00","dateModified":"2026-01-10T09:48:14+00:00","description":"El Agilex Cobot S es un robot colaborativo m\u00f3vil integral y de alto rendimiento dise\u00f1ado como un banco de pruebas definitivo para la investigaci\u00f3n, la educaci\u00f3n y el desarrollo de aplicaciones comerciales en rob\u00f3tica e inteligencia artificial (IA).","breadcrumb":{"@id":"https:\/\/www.ghostysky.com\/product\/agilex-cobot-s\/#breadcrumb"},"inLanguage":"es","potentialAction":[{"@type":"ReadAction","target":["https:\/\/www.ghostysky.com\/product\/agilex-cobot-s\/"]}]},{"@type":"ImageObject","inLanguage":"es","@id":"https:\/\/www.ghostysky.com\/product\/agilex-cobot-s\/#primaryimage","url":"https:\/\/www.ghostysky.com\/wp-content\/uploads\/2025\/10\/GH_AgilexCobot_S.webp","contentUrl":"https:\/\/www.ghostysky.com\/wp-content\/uploads\/2025\/10\/GH_AgilexCobot_S.webp","width":2400,"height":2400},{"@type":"BreadcrumbList","@id":"https:\/\/www.ghostysky.com\/product\/agilex-cobot-s\/#breadcrumb","itemListElement":[{"@type":"ListItem","position":1,"name":"Home","item":"https:\/\/www.ghostysky.com\/"},{"@type":"ListItem","position":2,"name":"Shop","item":"https:\/\/www.ghostysky.com\/shop\/"},{"@type":"ListItem","position":3,"name":"Agilex Cobot S"}]},{"@type":"WebSite","@id":"https:\/\/www.ghostysky.com\/#website","url":"https:\/\/www.ghostysky.com\/","name":"Ghostysky","description":"Entrega de drones y servicios profesionales","publisher":{"@id":"https:\/\/www.ghostysky.com\/#organization"},"potentialAction":[{"@type":"SearchAction","target":{"@type":"EntryPoint","urlTemplate":"https:\/\/www.ghostysky.com\/?s={search_term_string}"},"query-input":{"@type":"PropertyValueSpecification","valueRequired":true,"valueName":"search_term_string"}}],"inLanguage":"es"},{"@type":"Organization","@id":"https:\/\/www.ghostysky.com\/#organization","name":"Ghostysky","url":"https:\/\/www.ghostysky.com\/","logo":{"@type":"ImageObject","inLanguage":"es","@id":"https:\/\/www.ghostysky.com\/#\/schema\/logo\/image\/","url":"https:\/\/www.ghostysky.com\/wp-content\/uploads\/2020\/06\/cropped-ghostyskylogo_text_white2.png","contentUrl":"https:\/\/www.ghostysky.com\/wp-content\/uploads\/2020\/06\/cropped-ghostyskylogo_text_white2.png","width":169,"height":56,"caption":"Ghostysky"},"image":{"@id":"https:\/\/www.ghostysky.com\/#\/schema\/logo\/image\/"},"sameAs":["https:\/\/www.facebook.com\/people\/Ghostysky\/100057676170234\/","https:\/\/x.com\/Gh0stysky","https:\/\/www.linkedin.com\/company\/34739653","https:\/\/www.instagram.com\/gh0stysky"]}]}},"_links":{"self":[{"href":"https:\/\/www.ghostysky.com\/es\/wp-json\/wp\/v2\/product\/21144","targetHints":{"allow":["GET"]}}],"collection":[{"href":"https:\/\/www.ghostysky.com\/es\/wp-json\/wp\/v2\/product"}],"about":[{"href":"https:\/\/www.ghostysky.com\/es\/wp-json\/wp\/v2\/types\/product"}],"replies":[{"embeddable":true,"href":"https:\/\/www.ghostysky.com\/es\/wp-json\/wp\/v2\/comments?post=21144"}],"wp:featuredmedia":[{"embeddable":true,"href":"https:\/\/www.ghostysky.com\/es\/wp-json\/wp\/v2\/media\/21146"}],"wp:attachment":[{"href":"https:\/\/www.ghostysky.com\/es\/wp-json\/wp\/v2\/media?parent=21144"}],"wp:term":[{"taxonomy":"product_brand","embeddable":true,"href":"https:\/\/www.ghostysky.com\/es\/wp-json\/wp\/v2\/product_brand?post=21144"},{"taxonomy":"product_cat","embeddable":true,"href":"https:\/\/www.ghostysky.com\/es\/wp-json\/wp\/v2\/product_cat?post=21144"},{"taxonomy":"product_tag","embeddable":true,"href":"https:\/\/www.ghostysky.com\/es\/wp-json\/wp\/v2\/product_tag?post=21144"}],"curies":[{"name":"wp","href":"https:\/\/api.w.org\/{rel}","templated":true}]}}