{"id":21165,"date":"2025-10-16T02:59:48","date_gmt":"2025-10-16T02:59:48","guid":{"rendered":"https:\/\/www.ghostysky.com\/?post_type=product&#038;p=21165"},"modified":"2026-01-10T10:07:49","modified_gmt":"2026-01-10T10:07:49","slug":"agilex-ros2-pro-kit","status":"publish","type":"product","link":"https:\/\/www.ghostysky.com\/es\/product\/agilex-ros2-pro-kit\/","title":{"rendered":"Kit Agilex ROS2 Pro"},"content":{"rendered":"<h3><b>Caracter\u00edsticas y capacidades clave<\/b><\/h3>\n<ul>\n<li><b>Conjunto avanzado de sensores:<\/b><span class=\"citation-15\"> La versi\u00f3n Pro se distingue por la inclusi\u00f3n de un procesador de alto rendimiento. <\/span><b><span class=\"citation-15\">LiDAR 3D<\/span><\/b><span class=\"citation-15\"> (como la edici\u00f3n educativa RS16) para una percepci\u00f3n ambiental superior, junto con una <\/span><b><span class=\"citation-15\">c\u00e1mara de profundidad<\/span><\/b><span class=\"citation-15\"> (por ejemplo, RealSense D435), un <\/span><b><span class=\"citation-15\">IMU<\/span><\/b><span class=\"citation-15 citation-end-15\"> (Unidad de Medida Inercial), y otros sensores necesarios.<\/span> Esta suite completa permite realizar mapas 3D avanzados y una navegaci\u00f3n m\u00e1s robusta.<\/li>\n<li><b>Computaci\u00f3n de alto rendimiento:<\/b><span class=\"citation-14\"> Cuenta con una m\u00e1quina de control industrial incorporada, a menudo una potente <\/span><b><span class=\"citation-14\">Mini PC<\/span><\/b><span class=\"citation-14\"> con un <\/span><b><span class=\"citation-14\">procesador i7<\/span><\/b><span class=\"citation-14\">, RAM sustancial (por ejemplo, 16 GB) y almacenamiento (por ejemplo, SSD de 512 GB), ejecut\u00e1ndose en un <\/span><b><span class=\"citation-14\">Arquitectura x86<\/span><\/b><span class=\"citation-14 citation-end-14\"> para el procesamiento eficiente de datos y la ejecuci\u00f3n de algoritmos complejos.<\/span><\/li>\n<li><b><span class=\"citation-13\">ROS 2 y Navegaci\u00f3n:<\/span><\/b><span class=\"citation-13\"> El kit est\u00e1 construido sobre el <\/span><b><span class=\"citation-13\">ROS 2 Foxy<\/span><\/b><span class=\"citation-13\"> marco y admite funciones rob\u00f3ticas avanzadas, incluida compatibilidad total con el <\/span><b><span class=\"citation-13\">Pila de navegaci\u00f3n NAV 2<\/span><\/b><span class=\"citation-13 citation-end-13\"> para navegaci\u00f3n aut\u00f3noma, planificaci\u00f3n de rutas y evitaci\u00f3n de obst\u00e1culos.<\/span><\/li>\n<li><b>Entorno de desarrollo integrado:<\/b><span class=\"citation-12\"> Viene preinstalado con el entorno de software, incluido <\/span><b><span class=\"citation-12\">Mirador 11<\/span><\/b><span class=\"citation-12\"> para simulaci\u00f3n realista de robots y una variedad de paquetes ROS 2 (por ejemplo, <\/span><code><span class=\"citation-12\">navegaci\u00f3n2<\/span><\/code><span class=\"citation-12\">, <\/span><code><span class=\"citation-12\">rtabmap_ros<\/span><\/code><span class=\"citation-12 citation-end-12\"> para Visual SLAM y paquetes de comunicaci\u00f3n de chasis), proporcionando una plataforma perfecta para el desarrollo.<\/span><\/li>\n<li><b>Compatibilidad multiplataforma:<\/b><span class=\"citation-11\"> El kit est\u00e1 dise\u00f1ado para montarse f\u00e1cilmente en varias plataformas de chasis de robots m\u00f3viles AgileX, como el <\/span><b><span class=\"citation-11\">Explorar<\/span><\/b><span class=\"citation-11\">, <\/span><b><span class=\"citation-11\">Cazador<\/span><\/b><span class=\"citation-11\">, y <\/span><b><span class=\"citation-11\">B\u00fanker<\/span><\/b><span class=\"citation-11\"> serie (nota: el chasis del robot m\u00f3vil normalmente es <\/span><b><span class=\"citation-11\">NO incluido<\/span><\/b><span class=\"citation-11 citation-end-11\"> y debe comprarse por separado).<\/span><\/li>\n<li><b>Conectividad e interfaz:<\/b><span class=\"citation-10 citation-end-10\"> Incluye perif\u00e9ricos esenciales como una pantalla port\u00e1til, un teclado inal\u00e1mbrico, un enrutador y un concentrador USB, y admite desarrollo directo y remoto (por ejemplo, a trav\u00e9s de Nomachine o LAN).<\/span><\/li>\n<li><b><span class=\"citation-9\">Enfoque educativo y de investigaci\u00f3n:<\/span><\/b><span class=\"citation-9 citation-end-9\"> Sirve como una plataforma de desarrollo integral e integrada con documentaci\u00f3n detallada para desarrolladores y recursos de demostraci\u00f3n, lo que la convierte en una herramienta ideal para el aprendizaje en profundidad, las pruebas y el desarrollo de aplicaciones avanzadas de robots m\u00f3viles como inspecci\u00f3n aut\u00f3noma, seguridad, log\u00edstica y exploraci\u00f3n.<\/span><\/li>\n<\/ul>\n<p>El kit AgileX ROS2 Pro proporciona a los investigadores y desarrolladores un sistema de hardware y software potente y totalmente configurado para comenzar a trabajar de inmediato en proyectos complejos de SLAM (localizaci\u00f3n y mapeo simult\u00e1neos), navegaci\u00f3n y visi\u00f3n artificial dentro del moderno ecosistema ROS 2.<\/p>","protected":false},"excerpt":{"rendered":"<p><span class=\"citation-17\">El AgileX <\/span><b><span class=\"citation-17\">Kit profesional ROS2 EDU<\/span><\/b><span class=\"citation-17\"> (a veces denominado el <\/span><b><span class=\"citation-17\">Kit de navegaci\u00f3n ROS2 Pro<\/span><\/b><span class=\"citation-17\"> o <\/span><b><span class=\"citation-17\">Kit de investigaci\u00f3n y desarrollo ROS2 Pro<\/span><\/b><span class=\"citation-17 citation-end-17\">) es una plataforma de desarrollo rob\u00f3tico avanzado y de c\u00f3digo abierto dise\u00f1ada para investigaci\u00f3n cient\u00edfica, educaci\u00f3n y aplicaciones rob\u00f3ticas profesionales.<\/span> <span class=\"citation-16 citation-end-16\">Est\u00e1 construido alrededor del marco Robot Operating System 2 (ROS 2), normalmente utilizando la distribuci\u00f3n ROS 2 Foxy en un sistema Ubuntu 20.04.<\/span><\/p>\n<p><strong>Modelo compatible: SCOUT\/HUNTER\/BUNKER<\/strong><br \/>\n<strong>NO incluye chasis de robot<\/strong><\/p>\n<ol>\n<li>PC: mini PC i7 16G 512G<\/li>\n<li>LiDAR 3D: RS16 (Edici\u00f3n Educativa)<\/li>\n<li>C\u00e1mara: RealSense D435<\/li>\n<li>Pantalla: 14 pulgadas IPS 1920*1080 HDMI<\/li>\n<li>teclado: k400 Plus<\/li>\n<li>Enrutador: GL.iNet AR750s<\/li>\n<li>Concentrador USB: Concentrador USB 3.0 de 7 puertos \/ 12 V<\/li>\n<li>Fuente de alimentaci\u00f3n regulada:<\/li>\n<li>24 V (15-40 V) a 12 V\/20 A<\/li>\n<\/ol>","protected":false},"featured_media":21167,"comment_status":"open","ping_status":"closed","template":"","meta":[],"product_brand":[1046],"product_cat":[1043,1045,1042,1037],"product_tag":[1047,1054,1075],"class_list":{"0":"post-21165","1":"product","2":"type-product","3":"status-publish","4":"has-post-thumbnail","6":"product_brand-agilex","7":"product_cat-agilex","8":"product_cat-agilex-accessories","9":"product_cat-chassis","10":"product_cat-robotics","11":"product_tag-agilex","12":"product_tag-agilex-accessories","13":"product_tag-agilex-ros2-pro-kit","15":"first","16":"onbackorder","17":"taxable","18":"shipping-taxable","19":"purchasable","20":"product-type-simple"},"yoast_head":"<!-- This site is optimized with the Yoast SEO plugin v27.1.1 - https:\/\/yoast.com\/product\/yoast-seo-wordpress\/ -->\n<title>Agilex ROS2 Pro Kit - Ghostysky<\/title>\n<meta name=\"description\" content=\"The AgileX ROS2 EDU Pro Kit (sometimes referred to as the ROS2 NAV Kit Pro or ROS2 R&amp;D Kit Pro) is an advanced, open-source robotics development platform designed for scientific research, education, and professional robotics applications. It is built around the Robot Operating System 2 (ROS 2) framework, typically utilizing the ROS 2 Foxy distribution on an Ubuntu 20.04 system.\" \/>\n<meta name=\"robots\" content=\"index, follow, max-snippet:-1, max-image-preview:large, max-video-preview:-1\" \/>\n<link rel=\"canonical\" href=\"https:\/\/www.ghostysky.com\/es\/producto-2\/agilex-ros2-pro-kit\/\" \/>\n<meta property=\"og:locale\" content=\"es_ES\" \/>\n<meta property=\"og:type\" content=\"article\" \/>\n<meta property=\"og:title\" content=\"Agilex ROS2 Pro Kit - Ghostysky\" \/>\n<meta property=\"og:description\" content=\"The AgileX ROS2 EDU Pro Kit (sometimes referred to as the ROS2 NAV Kit Pro or ROS2 R&amp;D Kit Pro) is an advanced, open-source robotics development platform designed for scientific research, education, and professional robotics applications. It is built around the Robot Operating System 2 (ROS 2) framework, typically utilizing the ROS 2 Foxy distribution on an Ubuntu 20.04 system.\" \/>\n<meta property=\"og:url\" content=\"https:\/\/www.ghostysky.com\/es\/producto-2\/agilex-ros2-pro-kit\/\" \/>\n<meta property=\"og:site_name\" content=\"Ghostysky\" \/>\n<meta property=\"article:publisher\" content=\"https:\/\/www.facebook.com\/people\/Ghostysky\/100057676170234\/\" \/>\n<meta property=\"article:modified_time\" content=\"2026-01-10T10:07:49+00:00\" \/>\n<meta property=\"og:image\" content=\"https:\/\/www.ghostysky.com\/wp-content\/uploads\/2025\/10\/GH_AgileXRoboticsRos2ProKit_1.webp\" \/>\n\t<meta property=\"og:image:width\" content=\"641\" \/>\n\t<meta property=\"og:image:height\" content=\"368\" \/>\n\t<meta property=\"og:image:type\" content=\"image\/webp\" \/>\n<meta name=\"twitter:card\" content=\"summary_large_image\" \/>\n<meta name=\"twitter:site\" content=\"@Gh0stysky\" \/>\n<meta name=\"twitter:label1\" content=\"Tiempo de lectura\" \/>\n\t<meta name=\"twitter:data1\" content=\"2 minutos\" \/>\n<script type=\"application\/ld+json\" class=\"yoast-schema-graph\">{\"@context\":\"https:\/\/schema.org\",\"@graph\":[{\"@type\":\"WebPage\",\"@id\":\"https:\/\/www.ghostysky.com\/product\/agilex-ros2-pro-kit\/\",\"url\":\"https:\/\/www.ghostysky.com\/product\/agilex-ros2-pro-kit\/\",\"name\":\"Agilex ROS2 Pro Kit - Ghostysky\",\"isPartOf\":{\"@id\":\"https:\/\/www.ghostysky.com\/#website\"},\"primaryImageOfPage\":{\"@id\":\"https:\/\/www.ghostysky.com\/product\/agilex-ros2-pro-kit\/#primaryimage\"},\"image\":{\"@id\":\"https:\/\/www.ghostysky.com\/product\/agilex-ros2-pro-kit\/#primaryimage\"},\"thumbnailUrl\":\"https:\/\/www.ghostysky.com\/wp-content\/uploads\/2025\/10\/GH_AgileXRoboticsRos2ProKit_1.webp\",\"datePublished\":\"2025-10-16T02:59:48+00:00\",\"dateModified\":\"2026-01-10T10:07:49+00:00\",\"description\":\"The AgileX ROS2 EDU Pro Kit (sometimes referred to as the ROS2 NAV Kit Pro or ROS2 R&D Kit Pro) is an advanced, open-source robotics development platform designed for scientific research, education, and professional robotics applications. It is built around the Robot Operating System 2 (ROS 2) framework, typically utilizing the ROS 2 Foxy distribution on an Ubuntu 20.04 system.\",\"breadcrumb\":{\"@id\":\"https:\/\/www.ghostysky.com\/product\/agilex-ros2-pro-kit\/#breadcrumb\"},\"inLanguage\":\"es\",\"potentialAction\":[{\"@type\":\"ReadAction\",\"target\":[\"https:\/\/www.ghostysky.com\/product\/agilex-ros2-pro-kit\/\"]}]},{\"@type\":\"ImageObject\",\"inLanguage\":\"es\",\"@id\":\"https:\/\/www.ghostysky.com\/product\/agilex-ros2-pro-kit\/#primaryimage\",\"url\":\"https:\/\/www.ghostysky.com\/wp-content\/uploads\/2025\/10\/GH_AgileXRoboticsRos2ProKit_1.webp\",\"contentUrl\":\"https:\/\/www.ghostysky.com\/wp-content\/uploads\/2025\/10\/GH_AgileXRoboticsRos2ProKit_1.webp\",\"width\":641,\"height\":368},{\"@type\":\"BreadcrumbList\",\"@id\":\"https:\/\/www.ghostysky.com\/product\/agilex-ros2-pro-kit\/#breadcrumb\",\"itemListElement\":[{\"@type\":\"ListItem\",\"position\":1,\"name\":\"Home\",\"item\":\"https:\/\/www.ghostysky.com\/\"},{\"@type\":\"ListItem\",\"position\":2,\"name\":\"Shop\",\"item\":\"https:\/\/www.ghostysky.com\/shop\/\"},{\"@type\":\"ListItem\",\"position\":3,\"name\":\"Agilex ROS2 Pro Kit\"}]},{\"@type\":\"WebSite\",\"@id\":\"https:\/\/www.ghostysky.com\/#website\",\"url\":\"https:\/\/www.ghostysky.com\/\",\"name\":\"Ghostysky\",\"description\":\"Delivering professional drones and services\",\"publisher\":{\"@id\":\"https:\/\/www.ghostysky.com\/#organization\"},\"potentialAction\":[{\"@type\":\"SearchAction\",\"target\":{\"@type\":\"EntryPoint\",\"urlTemplate\":\"https:\/\/www.ghostysky.com\/?s={search_term_string}\"},\"query-input\":{\"@type\":\"PropertyValueSpecification\",\"valueRequired\":true,\"valueName\":\"search_term_string\"}}],\"inLanguage\":\"es\"},{\"@type\":\"Organization\",\"@id\":\"https:\/\/www.ghostysky.com\/#organization\",\"name\":\"Ghostysky\",\"url\":\"https:\/\/www.ghostysky.com\/\",\"logo\":{\"@type\":\"ImageObject\",\"inLanguage\":\"es\",\"@id\":\"https:\/\/www.ghostysky.com\/#\/schema\/logo\/image\/\",\"url\":\"https:\/\/www.ghostysky.com\/wp-content\/uploads\/2020\/06\/cropped-ghostyskylogo_text_white2.png\",\"contentUrl\":\"https:\/\/www.ghostysky.com\/wp-content\/uploads\/2020\/06\/cropped-ghostyskylogo_text_white2.png\",\"width\":169,\"height\":56,\"caption\":\"Ghostysky\"},\"image\":{\"@id\":\"https:\/\/www.ghostysky.com\/#\/schema\/logo\/image\/\"},\"sameAs\":[\"https:\/\/www.facebook.com\/people\/Ghostysky\/100057676170234\/\",\"https:\/\/x.com\/Gh0stysky\",\"https:\/\/www.linkedin.com\/company\/34739653\",\"https:\/\/www.instagram.com\/gh0stysky\"]}]}<\/script>\n<!-- \/ Yoast SEO plugin. -->","yoast_head_json":{"title":"Kit Agilex ROS2 Pro - Ghostysky","description":"El Kit AgileX ROS2 EDU Pro (tambi\u00e9n conocido como Kit ROS2 NAV Pro o Kit ROS2 R&amp;D Pro) es una plataforma avanzada de desarrollo rob\u00f3tico de c\u00f3digo abierto dise\u00f1ada para la investigaci\u00f3n cient\u00edfica, la educaci\u00f3n y aplicaciones profesionales de rob\u00f3tica. Est\u00e1 basado en el marco Robot Operating System 2 (ROS 2) y utiliza habitualmente la distribuci\u00f3n ROS 2 Foxy en un sistema Ubuntu 20.04.","robots":{"index":"index","follow":"follow","max-snippet":"max-snippet:-1","max-image-preview":"max-image-preview:large","max-video-preview":"max-video-preview:-1"},"canonical":"https:\/\/www.ghostysky.com\/es\/producto-2\/agilex-ros2-pro-kit\/","og_locale":"es_ES","og_type":"article","og_title":"Agilex ROS2 Pro Kit - Ghostysky","og_description":"The AgileX ROS2 EDU Pro Kit (sometimes referred to as the ROS2 NAV Kit Pro or ROS2 R&D Kit Pro) is an advanced, open-source robotics development platform designed for scientific research, education, and professional robotics applications. It is built around the Robot Operating System 2 (ROS 2) framework, typically utilizing the ROS 2 Foxy distribution on an Ubuntu 20.04 system.","og_url":"https:\/\/www.ghostysky.com\/es\/producto-2\/agilex-ros2-pro-kit\/","og_site_name":"Ghostysky","article_publisher":"https:\/\/www.facebook.com\/people\/Ghostysky\/100057676170234\/","article_modified_time":"2026-01-10T10:07:49+00:00","og_image":[{"width":641,"height":368,"url":"https:\/\/www.ghostysky.com\/wp-content\/uploads\/2025\/10\/GH_AgileXRoboticsRos2ProKit_1.webp","type":"image\/webp"}],"twitter_card":"summary_large_image","twitter_site":"@Gh0stysky","twitter_misc":{"Tiempo de lectura":"2 minutos"},"schema":{"@context":"https:\/\/schema.org","@graph":[{"@type":"WebPage","@id":"https:\/\/www.ghostysky.com\/product\/agilex-ros2-pro-kit\/","url":"https:\/\/www.ghostysky.com\/product\/agilex-ros2-pro-kit\/","name":"Kit Agilex ROS2 Pro - Ghostysky","isPartOf":{"@id":"https:\/\/www.ghostysky.com\/#website"},"primaryImageOfPage":{"@id":"https:\/\/www.ghostysky.com\/product\/agilex-ros2-pro-kit\/#primaryimage"},"image":{"@id":"https:\/\/www.ghostysky.com\/product\/agilex-ros2-pro-kit\/#primaryimage"},"thumbnailUrl":"https:\/\/www.ghostysky.com\/wp-content\/uploads\/2025\/10\/GH_AgileXRoboticsRos2ProKit_1.webp","datePublished":"2025-10-16T02:59:48+00:00","dateModified":"2026-01-10T10:07:49+00:00","description":"El Kit AgileX ROS2 EDU Pro (tambi\u00e9n conocido como Kit ROS2 NAV Pro o Kit ROS2 R&amp;D Pro) es una plataforma avanzada de desarrollo rob\u00f3tico de c\u00f3digo abierto dise\u00f1ada para la investigaci\u00f3n cient\u00edfica, la educaci\u00f3n y aplicaciones profesionales de rob\u00f3tica. Est\u00e1 basado en el marco Robot Operating System 2 (ROS 2) y utiliza habitualmente la distribuci\u00f3n ROS 2 Foxy en un sistema Ubuntu 20.04.","breadcrumb":{"@id":"https:\/\/www.ghostysky.com\/product\/agilex-ros2-pro-kit\/#breadcrumb"},"inLanguage":"es","potentialAction":[{"@type":"ReadAction","target":["https:\/\/www.ghostysky.com\/product\/agilex-ros2-pro-kit\/"]}]},{"@type":"ImageObject","inLanguage":"es","@id":"https:\/\/www.ghostysky.com\/product\/agilex-ros2-pro-kit\/#primaryimage","url":"https:\/\/www.ghostysky.com\/wp-content\/uploads\/2025\/10\/GH_AgileXRoboticsRos2ProKit_1.webp","contentUrl":"https:\/\/www.ghostysky.com\/wp-content\/uploads\/2025\/10\/GH_AgileXRoboticsRos2ProKit_1.webp","width":641,"height":368},{"@type":"BreadcrumbList","@id":"https:\/\/www.ghostysky.com\/product\/agilex-ros2-pro-kit\/#breadcrumb","itemListElement":[{"@type":"ListItem","position":1,"name":"Home","item":"https:\/\/www.ghostysky.com\/"},{"@type":"ListItem","position":2,"name":"Shop","item":"https:\/\/www.ghostysky.com\/shop\/"},{"@type":"ListItem","position":3,"name":"Agilex ROS2 Pro Kit"}]},{"@type":"WebSite","@id":"https:\/\/www.ghostysky.com\/#website","url":"https:\/\/www.ghostysky.com\/","name":"Ghostysky","description":"Entrega de drones y servicios profesionales","publisher":{"@id":"https:\/\/www.ghostysky.com\/#organization"},"potentialAction":[{"@type":"SearchAction","target":{"@type":"EntryPoint","urlTemplate":"https:\/\/www.ghostysky.com\/?s={search_term_string}"},"query-input":{"@type":"PropertyValueSpecification","valueRequired":true,"valueName":"search_term_string"}}],"inLanguage":"es"},{"@type":"Organization","@id":"https:\/\/www.ghostysky.com\/#organization","name":"Ghostysky","url":"https:\/\/www.ghostysky.com\/","logo":{"@type":"ImageObject","inLanguage":"es","@id":"https:\/\/www.ghostysky.com\/#\/schema\/logo\/image\/","url":"https:\/\/www.ghostysky.com\/wp-content\/uploads\/2020\/06\/cropped-ghostyskylogo_text_white2.png","contentUrl":"https:\/\/www.ghostysky.com\/wp-content\/uploads\/2020\/06\/cropped-ghostyskylogo_text_white2.png","width":169,"height":56,"caption":"Ghostysky"},"image":{"@id":"https:\/\/www.ghostysky.com\/#\/schema\/logo\/image\/"},"sameAs":["https:\/\/www.facebook.com\/people\/Ghostysky\/100057676170234\/","https:\/\/x.com\/Gh0stysky","https:\/\/www.linkedin.com\/company\/34739653","https:\/\/www.instagram.com\/gh0stysky"]}]}},"_links":{"self":[{"href":"https:\/\/www.ghostysky.com\/es\/wp-json\/wp\/v2\/product\/21165","targetHints":{"allow":["GET"]}}],"collection":[{"href":"https:\/\/www.ghostysky.com\/es\/wp-json\/wp\/v2\/product"}],"about":[{"href":"https:\/\/www.ghostysky.com\/es\/wp-json\/wp\/v2\/types\/product"}],"replies":[{"embeddable":true,"href":"https:\/\/www.ghostysky.com\/es\/wp-json\/wp\/v2\/comments?post=21165"}],"wp:featuredmedia":[{"embeddable":true,"href":"https:\/\/www.ghostysky.com\/es\/wp-json\/wp\/v2\/media\/21167"}],"wp:attachment":[{"href":"https:\/\/www.ghostysky.com\/es\/wp-json\/wp\/v2\/media?parent=21165"}],"wp:term":[{"taxonomy":"product_brand","embeddable":true,"href":"https:\/\/www.ghostysky.com\/es\/wp-json\/wp\/v2\/product_brand?post=21165"},{"taxonomy":"product_cat","embeddable":true,"href":"https:\/\/www.ghostysky.com\/es\/wp-json\/wp\/v2\/product_cat?post=21165"},{"taxonomy":"product_tag","embeddable":true,"href":"https:\/\/www.ghostysky.com\/es\/wp-json\/wp\/v2\/product_tag?post=21165"}],"curies":[{"name":"wp","href":"https:\/\/api.w.org\/{rel}","templated":true}]}}