{"id":21171,"date":"2025-10-16T03:14:16","date_gmt":"2025-10-16T03:14:16","guid":{"rendered":"https:\/\/www.ghostysky.com\/?post_type=product&#038;p=21171"},"modified":"2026-01-10T10:05:48","modified_gmt":"2026-01-10T10:05:48","slug":"agilex-rd-kit-pro","status":"publish","type":"product","link":"https:\/\/www.ghostysky.com\/es\/product\/agilex-rd-kit-pro\/","title":{"rendered":"Kit de I+D Agilex Pro"},"content":{"rendered":"<h3><b>Caracter\u00edsticas y capacidades clave<\/b><\/h3>\n<ul>\n<li><b>Aplicaciones espec\u00edficas:<\/b><span class=\"citation-58\"> Apoya espec\u00edficamente la investigaci\u00f3n y el desarrollo en \u00e1reas como: <\/span><b><span class=\"citation-58\">Aplicaciones basadas en localizaci\u00f3n y mapeo simult\u00e1neos (SLAM), navegaci\u00f3n y visi\u00f3n en interiores<\/span><\/b><span class=\"citation-58 citation-end-58\">.<\/span><\/li>\n<li><b><span class=\"citation-57\">Computaci\u00f3n de alto rendimiento:<\/span><\/b><span class=\"citation-57\"> Desarrollado por un <\/span><b><span class=\"citation-57\">NVIDIA Jetson AGX Xavier<\/span><\/b><span class=\"citation-57 citation-end-57\"> computadora (o en algunas versiones, NVIDIA Jetson Nano\/otros modelos Xavier), que ofrece un rendimiento excepcional para tareas complejas como fusi\u00f3n de sensores, mapeo y algoritmos avanzados.<\/span><\/li>\n<li><b>Conjunto completo de sensores (versi\u00f3n Pro):<\/b> Equipado con sensores de nivel profesional, que a menudo incluyen:\n<ul>\n<li><b>LiDAR:<\/b><span class=\"citation-56 citation-end-56\"> Como un LiDAR 3D de 360\u00b0 y 16 haces de alta precisi\u00f3n (por ejemplo, Velodyne VLP16 o similar) para escaneo ambiental 3D detallado y de largo alcance.<\/span><\/li>\n<li><b>Sensor de visi\u00f3n:<\/b><span class=\"citation-55\"> Por lo general, un <\/span><b><span class=\"citation-55\">C\u00e1mara de profundidad est\u00e9reo Intel RealSense D435<\/span><\/b><span class=\"citation-55 citation-end-55\"> para la percepci\u00f3n de profundidad y datos de im\u00e1genes.<\/span><\/li>\n<\/ul>\n<\/li>\n<li><b><span class=\"citation-54\">Entorno de software listo para usar:<\/span><\/b><span class=\"citation-54\"> Llega <\/span><b><span class=\"citation-54\">preinstalado con Linux y ROS (sistema operativo robot)<\/span><\/b><span class=\"citation-54 citation-end-54\"> (a menudo Ubuntu 18.04\/otras versiones), junto con controladores de hardware preinstalados.<\/span><\/li>\n<li><b><span class=\"citation-53\">Integraci\u00f3n completa:<\/span><\/b><span class=\"citation-53\"> Ofrece una <\/span><b><span class=\"citation-53\">pila de hardware y software totalmente integrada<\/span><\/b><span class=\"citation-53 citation-end-53\">, eliminando la necesidad de dise\u00f1o, fabricaci\u00f3n e integraci\u00f3n de sistemas complejos, lo que permite a los desarrolladores centrarse en el desarrollo de algoritmos.<\/span><\/li>\n<li><b><span class=\"citation-52\">Herramientas de desarrollo:<\/span><\/b><span class=\"citation-52\"> Incluye soporte para herramientas de desarrollo, mapeo y SLAM de c\u00f3digo abierto como <\/span><b><span class=\"citation-52\">RViz, Gazebo y Nomachine<\/span><\/b><span class=\"citation-52 citation-end-52\">.<\/span><\/li>\n<li><b><span class=\"citation-51\">Compatibilidad:<\/span><\/b><span class=\"citation-51\"> Compatible con varias plataformas de robots m\u00f3viles Agilex, como el <\/span><b><span class=\"citation-51\">Scout Mini, Tracer y BUNKER<\/span><\/b><span class=\"citation-51 citation-end-51\">.<\/span><\/li>\n<li><b><span class=\"citation-50\">Dise\u00f1o industrial:<\/span><\/b><span class=\"citation-50 citation-end-50\"> Cuenta con una plataforma robusta, port\u00e1til y dise\u00f1ada met\u00f3dicamente con placas de montaje de sensores integradas para una ubicaci\u00f3n \u00f3ptima y, en algunos casos, clasificaciones IP altas (por ejemplo, nivel de protecci\u00f3n IP67 para componentes).<\/span><\/li>\n<\/ul>\n<p>El Agilex R&amp;D Kit Pro es la plataforma experimental ideal para desarrolladores de ROS de nivel b\u00e1sico y avanzado en investigaci\u00f3n cient\u00edfica, educaci\u00f3n, investigaci\u00f3n previa de productos y desarrollo secundario r\u00e1pido de aplicaciones rob\u00f3ticas.<\/p>","protected":false},"excerpt":{"rendered":"<p>El Agilex R&amp;D Kit Pro es una soluci\u00f3n totalmente integrada y de alto rendimiento dise\u00f1ada para acelerar la investigaci\u00f3n y el desarrollo en rob\u00f3tica, particularmente para aplicaciones como robots m\u00f3viles aut\u00f3nomos y veh\u00edculos terrestres no tripulados (UGV).<\/p>\n<p><strong>Sin incluir plataforma<\/strong><\/p>\n<ul>\n<li>Velodyne VLP 16<\/li>\n<li>Nvidia Xavier<\/li>\n<li>Compatible con Scout Mini, Tracer, SCOUT 2.0 y BUNKER<\/li>\n<\/ul>","protected":false},"featured_media":21172,"comment_status":"open","ping_status":"closed","template":"","meta":[],"product_brand":[1046],"product_cat":[1043,1045,1042,1037],"product_tag":[1047,1054,1077],"class_list":{"0":"post-21171","1":"product","2":"type-product","3":"status-publish","4":"has-post-thumbnail","6":"product_brand-agilex","7":"product_cat-agilex","8":"product_cat-agilex-accessories","9":"product_cat-chassis","10":"product_cat-robotics","11":"product_tag-agilex","12":"product_tag-agilex-accessories","13":"product_tag-agilex-rd-kit-pro","15":"first","16":"onbackorder","17":"taxable","18":"shipping-taxable","19":"purchasable","20":"product-type-simple"},"yoast_head":"<!-- This site is optimized with the Yoast SEO plugin v27.4 - https:\/\/yoast.com\/product\/yoast-seo-wordpress\/ -->\n<title>Agilex R&amp;D Kit Pro - Ghostysky<\/title>\n<meta name=\"description\" content=\"The Agilex R&amp;D Kit Pro is a fully integrated, high-performance solution designed to accelerate robotics research and development, particularly for applications like autonomous mobile robots and unmanned ground vehicles (UGVs).\" \/>\n<meta name=\"robots\" content=\"index, follow, max-snippet:-1, max-image-preview:large, max-video-preview:-1\" \/>\n<link rel=\"canonical\" href=\"https:\/\/www.ghostysky.com\/es\/producto-2\/agilex-rd-kit-pro\/\" \/>\n<meta property=\"og:locale\" content=\"es_ES\" \/>\n<meta property=\"og:type\" content=\"article\" \/>\n<meta property=\"og:title\" content=\"Agilex R&amp;D Kit Pro - Ghostysky\" \/>\n<meta property=\"og:description\" content=\"The Agilex R&amp;D Kit Pro is a fully integrated, high-performance solution designed to accelerate robotics research and development, particularly for applications like autonomous mobile robots and unmanned ground vehicles (UGVs).\" \/>\n<meta property=\"og:url\" content=\"https:\/\/www.ghostysky.com\/es\/producto-2\/agilex-rd-kit-pro\/\" \/>\n<meta property=\"og:site_name\" content=\"Ghostysky\" \/>\n<meta property=\"article:publisher\" content=\"https:\/\/www.facebook.com\/people\/Ghostysky\/100057676170234\/\" \/>\n<meta property=\"article:modified_time\" content=\"2026-01-10T10:05:48+00:00\" \/>\n<meta property=\"og:image\" content=\"https:\/\/www.ghostysky.com\/wp-content\/uploads\/2025\/10\/GH_AgileXRDProKit_1.webp\" \/>\n\t<meta property=\"og:image:width\" content=\"1000\" \/>\n\t<meta property=\"og:image:height\" content=\"1000\" \/>\n\t<meta property=\"og:image:type\" content=\"image\/webp\" \/>\n<meta name=\"twitter:card\" content=\"summary_large_image\" \/>\n<meta name=\"twitter:site\" content=\"@Gh0stysky\" \/>\n<meta name=\"twitter:label1\" content=\"Tiempo de lectura\" \/>\n\t<meta name=\"twitter:data1\" content=\"2 minutos\" \/>\n<script type=\"application\/ld+json\" class=\"yoast-schema-graph\">{\"@context\":\"https:\\\/\\\/schema.org\",\"@graph\":[{\"@type\":\"WebPage\",\"@id\":\"https:\\\/\\\/www.ghostysky.com\\\/product\\\/agilex-rd-kit-pro\\\/\",\"url\":\"https:\\\/\\\/www.ghostysky.com\\\/product\\\/agilex-rd-kit-pro\\\/\",\"name\":\"Agilex R&D Kit Pro - Ghostysky\",\"isPartOf\":{\"@id\":\"https:\\\/\\\/www.ghostysky.com\\\/#website\"},\"primaryImageOfPage\":{\"@id\":\"https:\\\/\\\/www.ghostysky.com\\\/product\\\/agilex-rd-kit-pro\\\/#primaryimage\"},\"image\":{\"@id\":\"https:\\\/\\\/www.ghostysky.com\\\/product\\\/agilex-rd-kit-pro\\\/#primaryimage\"},\"thumbnailUrl\":\"https:\\\/\\\/www.ghostysky.com\\\/wp-content\\\/uploads\\\/2025\\\/10\\\/GH_AgileXRDProKit_1.webp\",\"datePublished\":\"2025-10-16T03:14:16+00:00\",\"dateModified\":\"2026-01-10T10:05:48+00:00\",\"description\":\"The Agilex R&D Kit Pro is a fully integrated, high-performance solution designed to accelerate robotics research and development, particularly for applications like autonomous mobile robots and unmanned ground vehicles (UGVs).\",\"breadcrumb\":{\"@id\":\"https:\\\/\\\/www.ghostysky.com\\\/product\\\/agilex-rd-kit-pro\\\/#breadcrumb\"},\"inLanguage\":\"es\",\"potentialAction\":[{\"@type\":\"ReadAction\",\"target\":[\"https:\\\/\\\/www.ghostysky.com\\\/product\\\/agilex-rd-kit-pro\\\/\"]}]},{\"@type\":\"ImageObject\",\"inLanguage\":\"es\",\"@id\":\"https:\\\/\\\/www.ghostysky.com\\\/product\\\/agilex-rd-kit-pro\\\/#primaryimage\",\"url\":\"https:\\\/\\\/www.ghostysky.com\\\/wp-content\\\/uploads\\\/2025\\\/10\\\/GH_AgileXRDProKit_1.webp\",\"contentUrl\":\"https:\\\/\\\/www.ghostysky.com\\\/wp-content\\\/uploads\\\/2025\\\/10\\\/GH_AgileXRDProKit_1.webp\",\"width\":1000,\"height\":1000},{\"@type\":\"BreadcrumbList\",\"@id\":\"https:\\\/\\\/www.ghostysky.com\\\/product\\\/agilex-rd-kit-pro\\\/#breadcrumb\",\"itemListElement\":[{\"@type\":\"ListItem\",\"position\":1,\"name\":\"Home\",\"item\":\"https:\\\/\\\/www.ghostysky.com\\\/\"},{\"@type\":\"ListItem\",\"position\":2,\"name\":\"Shop\",\"item\":\"https:\\\/\\\/www.ghostysky.com\\\/shop\\\/\"},{\"@type\":\"ListItem\",\"position\":3,\"name\":\"Agilex R&#038;D Kit Pro\"}]},{\"@type\":\"WebSite\",\"@id\":\"https:\\\/\\\/www.ghostysky.com\\\/#website\",\"url\":\"https:\\\/\\\/www.ghostysky.com\\\/\",\"name\":\"Ghostysky\",\"description\":\"Delivering professional drones and robotics solutions\",\"publisher\":{\"@id\":\"https:\\\/\\\/www.ghostysky.com\\\/#organization\"},\"potentialAction\":[{\"@type\":\"SearchAction\",\"target\":{\"@type\":\"EntryPoint\",\"urlTemplate\":\"https:\\\/\\\/www.ghostysky.com\\\/?s={search_term_string}\"},\"query-input\":{\"@type\":\"PropertyValueSpecification\",\"valueRequired\":true,\"valueName\":\"search_term_string\"}}],\"inLanguage\":\"es\"},{\"@type\":\"Organization\",\"@id\":\"https:\\\/\\\/www.ghostysky.com\\\/#organization\",\"name\":\"Ghostysky\",\"url\":\"https:\\\/\\\/www.ghostysky.com\\\/\",\"logo\":{\"@type\":\"ImageObject\",\"inLanguage\":\"es\",\"@id\":\"https:\\\/\\\/www.ghostysky.com\\\/#\\\/schema\\\/logo\\\/image\\\/\",\"url\":\"https:\\\/\\\/www.ghostysky.com\\\/wp-content\\\/uploads\\\/2020\\\/06\\\/cropped-ghostyskylogo_text_white2.png\",\"contentUrl\":\"https:\\\/\\\/www.ghostysky.com\\\/wp-content\\\/uploads\\\/2020\\\/06\\\/cropped-ghostyskylogo_text_white2.png\",\"width\":169,\"height\":56,\"caption\":\"Ghostysky\"},\"image\":{\"@id\":\"https:\\\/\\\/www.ghostysky.com\\\/#\\\/schema\\\/logo\\\/image\\\/\"},\"sameAs\":[\"https:\\\/\\\/www.facebook.com\\\/people\\\/Ghostysky\\\/100057676170234\\\/\",\"https:\\\/\\\/x.com\\\/Gh0stysky\",\"https:\\\/\\\/www.linkedin.com\\\/company\\\/34739653\",\"https:\\\/\\\/www.instagram.com\\\/gh0stysky\"]}]}<\/script>\n<!-- \/ Yoast SEO plugin. -->","yoast_head_json":{"title":"Kit de I+D Pro de Agilex - Ghostysky","description":"El Agilex R&amp;D Kit Pro es una soluci\u00f3n totalmente integrada y de alto rendimiento dise\u00f1ada para acelerar la investigaci\u00f3n y el desarrollo en rob\u00f3tica, particularmente para aplicaciones como robots m\u00f3viles aut\u00f3nomos y veh\u00edculos terrestres no tripulados (UGV).","robots":{"index":"index","follow":"follow","max-snippet":"max-snippet:-1","max-image-preview":"max-image-preview:large","max-video-preview":"max-video-preview:-1"},"canonical":"https:\/\/www.ghostysky.com\/es\/producto-2\/agilex-rd-kit-pro\/","og_locale":"es_ES","og_type":"article","og_title":"Agilex R&D Kit Pro - Ghostysky","og_description":"The Agilex R&D Kit Pro is a fully integrated, high-performance solution designed to accelerate robotics research and development, particularly for applications like autonomous mobile robots and unmanned ground vehicles (UGVs).","og_url":"https:\/\/www.ghostysky.com\/es\/producto-2\/agilex-rd-kit-pro\/","og_site_name":"Ghostysky","article_publisher":"https:\/\/www.facebook.com\/people\/Ghostysky\/100057676170234\/","article_modified_time":"2026-01-10T10:05:48+00:00","og_image":[{"width":1000,"height":1000,"url":"https:\/\/www.ghostysky.com\/wp-content\/uploads\/2025\/10\/GH_AgileXRDProKit_1.webp","type":"image\/webp"}],"twitter_card":"summary_large_image","twitter_site":"@Gh0stysky","twitter_misc":{"Tiempo de lectura":"2 minutos"},"schema":{"@context":"https:\/\/schema.org","@graph":[{"@type":"WebPage","@id":"https:\/\/www.ghostysky.com\/product\/agilex-rd-kit-pro\/","url":"https:\/\/www.ghostysky.com\/product\/agilex-rd-kit-pro\/","name":"Kit de I+D Pro de Agilex - Ghostysky","isPartOf":{"@id":"https:\/\/www.ghostysky.com\/#website"},"primaryImageOfPage":{"@id":"https:\/\/www.ghostysky.com\/product\/agilex-rd-kit-pro\/#primaryimage"},"image":{"@id":"https:\/\/www.ghostysky.com\/product\/agilex-rd-kit-pro\/#primaryimage"},"thumbnailUrl":"https:\/\/www.ghostysky.com\/wp-content\/uploads\/2025\/10\/GH_AgileXRDProKit_1.webp","datePublished":"2025-10-16T03:14:16+00:00","dateModified":"2026-01-10T10:05:48+00:00","description":"El Agilex R&amp;D Kit Pro es una soluci\u00f3n totalmente integrada y de alto rendimiento dise\u00f1ada para acelerar la investigaci\u00f3n y el desarrollo en rob\u00f3tica, particularmente para aplicaciones como robots m\u00f3viles aut\u00f3nomos y veh\u00edculos terrestres no tripulados (UGV).","breadcrumb":{"@id":"https:\/\/www.ghostysky.com\/product\/agilex-rd-kit-pro\/#breadcrumb"},"inLanguage":"es","potentialAction":[{"@type":"ReadAction","target":["https:\/\/www.ghostysky.com\/product\/agilex-rd-kit-pro\/"]}]},{"@type":"ImageObject","inLanguage":"es","@id":"https:\/\/www.ghostysky.com\/product\/agilex-rd-kit-pro\/#primaryimage","url":"https:\/\/www.ghostysky.com\/wp-content\/uploads\/2025\/10\/GH_AgileXRDProKit_1.webp","contentUrl":"https:\/\/www.ghostysky.com\/wp-content\/uploads\/2025\/10\/GH_AgileXRDProKit_1.webp","width":1000,"height":1000},{"@type":"BreadcrumbList","@id":"https:\/\/www.ghostysky.com\/product\/agilex-rd-kit-pro\/#breadcrumb","itemListElement":[{"@type":"ListItem","position":1,"name":"Home","item":"https:\/\/www.ghostysky.com\/"},{"@type":"ListItem","position":2,"name":"Shop","item":"https:\/\/www.ghostysky.com\/shop\/"},{"@type":"ListItem","position":3,"name":"Agilex R&#038;D Kit Pro"}]},{"@type":"WebSite","@id":"https:\/\/www.ghostysky.com\/#website","url":"https:\/\/www.ghostysky.com\/","name":"Ghostysky","description":"Ofrecemos soluciones profesionales de drones y rob\u00f3tica.","publisher":{"@id":"https:\/\/www.ghostysky.com\/#organization"},"potentialAction":[{"@type":"SearchAction","target":{"@type":"EntryPoint","urlTemplate":"https:\/\/www.ghostysky.com\/?s={search_term_string}"},"query-input":{"@type":"PropertyValueSpecification","valueRequired":true,"valueName":"search_term_string"}}],"inLanguage":"es"},{"@type":"Organization","@id":"https:\/\/www.ghostysky.com\/#organization","name":"Ghostysky","url":"https:\/\/www.ghostysky.com\/","logo":{"@type":"ImageObject","inLanguage":"es","@id":"https:\/\/www.ghostysky.com\/#\/schema\/logo\/image\/","url":"https:\/\/www.ghostysky.com\/wp-content\/uploads\/2020\/06\/cropped-ghostyskylogo_text_white2.png","contentUrl":"https:\/\/www.ghostysky.com\/wp-content\/uploads\/2020\/06\/cropped-ghostyskylogo_text_white2.png","width":169,"height":56,"caption":"Ghostysky"},"image":{"@id":"https:\/\/www.ghostysky.com\/#\/schema\/logo\/image\/"},"sameAs":["https:\/\/www.facebook.com\/people\/Ghostysky\/100057676170234\/","https:\/\/x.com\/Gh0stysky","https:\/\/www.linkedin.com\/company\/34739653","https:\/\/www.instagram.com\/gh0stysky"]}]}},"_links":{"self":[{"href":"https:\/\/www.ghostysky.com\/es\/wp-json\/wp\/v2\/product\/21171","targetHints":{"allow":["GET"]}}],"collection":[{"href":"https:\/\/www.ghostysky.com\/es\/wp-json\/wp\/v2\/product"}],"about":[{"href":"https:\/\/www.ghostysky.com\/es\/wp-json\/wp\/v2\/types\/product"}],"replies":[{"embeddable":true,"href":"https:\/\/www.ghostysky.com\/es\/wp-json\/wp\/v2\/comments?post=21171"}],"version-history":[{"count":0,"href":"https:\/\/www.ghostysky.com\/es\/wp-json\/wp\/v2\/product\/21171\/revisions"}],"wp:featuredmedia":[{"embeddable":true,"href":"https:\/\/www.ghostysky.com\/es\/wp-json\/wp\/v2\/media\/21172"}],"wp:attachment":[{"href":"https:\/\/www.ghostysky.com\/es\/wp-json\/wp\/v2\/media?parent=21171"}],"wp:term":[{"taxonomy":"product_brand","embeddable":true,"href":"https:\/\/www.ghostysky.com\/es\/wp-json\/wp\/v2\/product_brand?post=21171"},{"taxonomy":"product_cat","embeddable":true,"href":"https:\/\/www.ghostysky.com\/es\/wp-json\/wp\/v2\/product_cat?post=21171"},{"taxonomy":"product_tag","embeddable":true,"href":"https:\/\/www.ghostysky.com\/es\/wp-json\/wp\/v2\/product_tag?post=21171"}],"curies":[{"name":"wp","href":"https:\/\/api.w.org\/{rel}","templated":true}]}}