{"id":21173,"date":"2025-10-16T03:21:04","date_gmt":"2025-10-16T03:21:04","guid":{"rendered":"https:\/\/www.ghostysky.com\/?post_type=product&#038;p=21173"},"modified":"2026-01-10T10:04:31","modified_gmt":"2026-01-10T10:04:31","slug":"agilex-autoware-open-source-autonomous-kit","status":"publish","type":"product","link":"https:\/\/www.ghostysky.com\/es\/product\/agilex-autoware-open-source-autonomous-kit\/","title":{"rendered":"Kit aut\u00f3nomo de c\u00f3digo abierto Agilex Autoware"},"content":{"rendered":"<h3><b>Caracter\u00edsticas y capacidades clave<\/b><\/h3>\n<ul>\n<li><b>Pila completa e integrada:<\/b><span class=\"citation-89\"> Combina un potente hardware de sensores con c\u00f3digo abierto <\/span><b><span class=\"citation-89\">Autoware<\/span><\/b><span class=\"citation-89\"> marco de software, construido sobre el <\/span><b><span class=\"citation-89\">Sistema operativo rob\u00f3tico (ROS)<\/span><\/b><span class=\"citation-89 citation-end-89\">.<sup class=\"superscript\" data-turn-source-index=\"3\">3<\/sup><\/span><\/li>\n<li><b><span class=\"citation-88\">Localizaci\u00f3n de alta precisi\u00f3n:<\/span><\/b><span class=\"citation-88\"> Utiliza <\/span><b><span class=\"citation-88\">3D SLAM (Localizaci\u00f3n y mapeo simult\u00e1neos)<\/span><\/b><span class=\"citation-88\"> tecnolog\u00eda de localizaci\u00f3n, que a menudo incluye una <\/span><b><span class=\"citation-88\">LiDAR multil\u00ednea<\/span><\/b><span class=\"citation-88 citation-end-88\"> (por ejemplo, RoboSense RS-LiDAR-16) para <sup class=\"superscript\" data-turn-source-index=\"4\">4<\/sup><\/span><span class=\"math-inline\" data-math=\"\\pm 2 \\text{cm}\">$\\pm 2 \\texto{cm}$<\/span><span class=\"citation-87 citation-end-87\"> precisi\u00f3n t\u00edpica y un rango de medici\u00f3n de hasta <sup class=\"superscript\" data-turn-source-index=\"5\">5<\/sup><\/span><span class=\"math-inline\" data-math=\"150 \\text{m}\">$150 \\texto{m}$<\/span><span class=\"citation-86 citation-end-86\">.<sup class=\"superscript\" data-turn-source-index=\"6\">6<\/sup><\/span><\/li>\n<li><b>Adaptabilidad a todo terreno:<\/b><span class=\"citation-85\"> Se integra perfectamente con varios chasis de robots todoterreno AgileX (como HUNTER, BUNKER, SCOUT, etc.), lo que lo hace adecuado tanto para <\/span><b><span class=\"citation-85\">v\u00eda urbana<\/span><\/b><span class=\"citation-85\"> y <\/span><b><span class=\"citation-85\">entornos todoterreno<\/span><\/b><span class=\"citation-85 citation-end-85\">.<sup class=\"superscript\" data-turn-source-index=\"7\">7<\/sup><\/span><\/li>\n<li><b>Funciones aut\u00f3nomas b\u00e1sicas:<\/b><span class=\"citation-84 citation-end-84\"> Admite funciones cr\u00edticas esenciales para la navegaci\u00f3n aut\u00f3noma:<sup class=\"superscript\" data-turn-source-index=\"8\">8<\/sup><\/span>\n<ul>\n<li><span class=\"citation-83 citation-end-83\">Mapeo de nubes de puntos 3D<sup class=\"superscript\" data-turn-source-index=\"9\">9<\/sup><\/span><\/li>\n<li><span class=\"citation-82 citation-end-82\">Localizaci\u00f3n y navegaci\u00f3n mediante datos de nubes de puntos 3D<sup class=\"superscript\" data-turn-source-index=\"10\">10<\/sup><\/span><\/li>\n<li>Planificaci\u00f3n de rutas aut\u00f3nomas con evitaci\u00f3n de obst\u00e1culos<\/li>\n<li>Maniobras avanzadas como estacionamiento y cambios de carril<\/li>\n<li><span class=\"citation-81 citation-end-81\">Edici\u00f3n de mapas vectoriales (para l\u00edneas de carriles, pasos de cebra, etc.)<sup class=\"superscript\" data-turn-source-index=\"11\">11<\/sup><\/span><\/li>\n<\/ul>\n<\/li>\n<li><b>C\u00f3digo abierto y extensible:<\/b><span class=\"citation-80 citation-end-80\"> La arquitectura basada en ROS permite una f\u00e1cil integraci\u00f3n de bibliotecas existentes o nuevas cargas \u00fatiles y sensores (como m\u00f3dulos GPS, c\u00e1maras de profundidad, etc.) para aplicaciones personalizadas.<sup class=\"superscript\" data-turn-source-index=\"12\">12<\/sup><\/span><\/li>\n<li><b>Listo para el desarrollo:<\/b><span class=\"citation-79 citation-end-79\"> Incluye un potente sistema de control industrial (por ejemplo, CPU Intel i7) y nodos ROS preinstalados, lo que permite a los usuarios iniciar r\u00e1pidamente la investigaci\u00f3n y la implementaci\u00f3n de robots aut\u00f3nomos.<sup class=\"superscript\" data-turn-source-index=\"13\">13<\/sup><\/span><\/li>\n<\/ul>\n<p><b>Ideal para:<\/b><\/p>\n<ul>\n<li><span class=\"citation-78 citation-end-78\">Investigaci\u00f3n acad\u00e9mica y educaci\u00f3n en rob\u00f3tica y sistemas aut\u00f3nomos.<sup class=\"superscript\" data-turn-source-index=\"14\">14<\/sup><\/span><\/li>\n<li><span class=\"citation-77 citation-end-77\">Desarrolladores de la industria que buscan una plataforma lista para usar para crear prototipos y validar algoritmos de conducci\u00f3n aut\u00f3noma.<sup class=\"superscript\" data-turn-source-index=\"15\">15<\/sup><\/span><\/li>\n<li><span class=\"citation-76 citation-end-76\">Proyectos que requieren operaci\u00f3n de veh\u00edculos controlados por cable a trav\u00e9s de ROS.<sup class=\"superscript\" data-turn-source-index=\"16\">16<\/sup><\/span><\/li>\n<\/ul>","protected":false},"excerpt":{"rendered":"<p><span class=\"citation-91 citation-end-91\">El kit aut\u00f3nomo de c\u00f3digo abierto AgileX Autoware (tambi\u00e9n conocido como AutoKit) es una soluci\u00f3n totalmente integrada, completa y rentable dise\u00f1ada para la investigaci\u00f3n, el desarrollo y la educaci\u00f3n en materia de conducci\u00f3n aut\u00f3noma.<\/span> <span class=\"citation-90 citation-end-90\">Proporciona una plataforma completa de hardware y software para desarrollar y verificar r\u00e1pidamente algoritmos de conducci\u00f3n aut\u00f3noma en una variedad de entornos.<\/span><\/p>\n<p><strong>No incluye plataforma No incluye GPS<\/strong><br \/>\n<strong>Compatible con HUNTER, HUNTER2.0, SCOUT2.0 y BUNKER<\/strong><br \/>\nEmpaquetado en caja de madera<\/p>","protected":false},"featured_media":21175,"comment_status":"open","ping_status":"closed","template":"","meta":[],"product_brand":[1046],"product_cat":[1043,1045,1042,1037],"product_tag":[1047,1054,1078],"class_list":{"0":"post-21173","1":"product","2":"type-product","3":"status-publish","4":"has-post-thumbnail","6":"product_brand-agilex","7":"product_cat-agilex","8":"product_cat-agilex-accessories","9":"product_cat-chassis","10":"product_cat-robotics","11":"product_tag-agilex","12":"product_tag-agilex-accessories","13":"product_tag-agilex-autoware-open-source-autonomous-kit","15":"first","16":"onbackorder","17":"taxable","18":"shipping-taxable","19":"purchasable","20":"product-type-simple"},"yoast_head":"<!-- This site is optimized with the Yoast SEO plugin v27.4 - https:\/\/yoast.com\/product\/yoast-seo-wordpress\/ -->\n<title>Agilex Autoware Open Source Autonomous Kit - Ghostysky<\/title>\n<meta name=\"description\" content=\"The AgileX Autoware Open Source Autonomous Kit (also known as AutoKit) is a fully integrated, full-stack, and cost-effective solution designed for autonomous driving research, development, and education. It provides a complete hardware and software platform for quickly developing and verifying autonomous driving algorithms in a variety of environments.\" \/>\n<meta name=\"robots\" content=\"index, follow, max-snippet:-1, max-image-preview:large, max-video-preview:-1\" \/>\n<link rel=\"canonical\" href=\"https:\/\/www.ghostysky.com\/es\/producto-2\/agilex-autoware-open-source-autonomous-kit\/\" \/>\n<meta property=\"og:locale\" content=\"es_ES\" \/>\n<meta property=\"og:type\" content=\"article\" \/>\n<meta property=\"og:title\" content=\"Agilex Autoware Open Source Autonomous Kit - Ghostysky\" \/>\n<meta property=\"og:description\" content=\"The AgileX Autoware Open Source Autonomous Kit (also known as AutoKit) is a fully integrated, full-stack, and cost-effective solution designed for autonomous driving research, development, and education. It provides a complete hardware and software platform for quickly developing and verifying autonomous driving algorithms in a variety of environments.\" \/>\n<meta property=\"og:url\" content=\"https:\/\/www.ghostysky.com\/es\/producto-2\/agilex-autoware-open-source-autonomous-kit\/\" \/>\n<meta property=\"og:site_name\" content=\"Ghostysky\" \/>\n<meta property=\"article:publisher\" content=\"https:\/\/www.facebook.com\/people\/Ghostysky\/100057676170234\/\" \/>\n<meta property=\"article:modified_time\" content=\"2026-01-10T10:04:31+00:00\" \/>\n<meta property=\"og:image\" content=\"https:\/\/www.ghostysky.com\/wp-content\/uploads\/2025\/10\/GH_AgileAutowareKit_1.webp\" \/>\n\t<meta property=\"og:image:width\" content=\"551\" \/>\n\t<meta property=\"og:image:height\" content=\"535\" \/>\n\t<meta property=\"og:image:type\" content=\"image\/webp\" \/>\n<meta name=\"twitter:card\" content=\"summary_large_image\" \/>\n<meta name=\"twitter:site\" content=\"@Gh0stysky\" \/>\n<meta name=\"twitter:label1\" content=\"Tiempo de lectura\" \/>\n\t<meta name=\"twitter:data1\" content=\"2 minutos\" \/>\n<script type=\"application\/ld+json\" class=\"yoast-schema-graph\">{\"@context\":\"https:\\\/\\\/schema.org\",\"@graph\":[{\"@type\":\"WebPage\",\"@id\":\"https:\\\/\\\/www.ghostysky.com\\\/product\\\/agilex-autoware-open-source-autonomous-kit\\\/\",\"url\":\"https:\\\/\\\/www.ghostysky.com\\\/product\\\/agilex-autoware-open-source-autonomous-kit\\\/\",\"name\":\"Agilex Autoware Open Source Autonomous Kit - Ghostysky\",\"isPartOf\":{\"@id\":\"https:\\\/\\\/www.ghostysky.com\\\/#website\"},\"primaryImageOfPage\":{\"@id\":\"https:\\\/\\\/www.ghostysky.com\\\/product\\\/agilex-autoware-open-source-autonomous-kit\\\/#primaryimage\"},\"image\":{\"@id\":\"https:\\\/\\\/www.ghostysky.com\\\/product\\\/agilex-autoware-open-source-autonomous-kit\\\/#primaryimage\"},\"thumbnailUrl\":\"https:\\\/\\\/www.ghostysky.com\\\/wp-content\\\/uploads\\\/2025\\\/10\\\/GH_AgileAutowareKit_1.webp\",\"datePublished\":\"2025-10-16T03:21:04+00:00\",\"dateModified\":\"2026-01-10T10:04:31+00:00\",\"description\":\"The AgileX Autoware Open Source Autonomous Kit (also known as AutoKit) is a fully integrated, full-stack, and cost-effective solution designed for autonomous driving research, development, and education. It provides a complete hardware and software platform for quickly developing and verifying autonomous driving algorithms in a variety of environments.\",\"breadcrumb\":{\"@id\":\"https:\\\/\\\/www.ghostysky.com\\\/product\\\/agilex-autoware-open-source-autonomous-kit\\\/#breadcrumb\"},\"inLanguage\":\"es\",\"potentialAction\":[{\"@type\":\"ReadAction\",\"target\":[\"https:\\\/\\\/www.ghostysky.com\\\/product\\\/agilex-autoware-open-source-autonomous-kit\\\/\"]}]},{\"@type\":\"ImageObject\",\"inLanguage\":\"es\",\"@id\":\"https:\\\/\\\/www.ghostysky.com\\\/product\\\/agilex-autoware-open-source-autonomous-kit\\\/#primaryimage\",\"url\":\"https:\\\/\\\/www.ghostysky.com\\\/wp-content\\\/uploads\\\/2025\\\/10\\\/GH_AgileAutowareKit_1.webp\",\"contentUrl\":\"https:\\\/\\\/www.ghostysky.com\\\/wp-content\\\/uploads\\\/2025\\\/10\\\/GH_AgileAutowareKit_1.webp\",\"width\":551,\"height\":535},{\"@type\":\"BreadcrumbList\",\"@id\":\"https:\\\/\\\/www.ghostysky.com\\\/product\\\/agilex-autoware-open-source-autonomous-kit\\\/#breadcrumb\",\"itemListElement\":[{\"@type\":\"ListItem\",\"position\":1,\"name\":\"Home\",\"item\":\"https:\\\/\\\/www.ghostysky.com\\\/\"},{\"@type\":\"ListItem\",\"position\":2,\"name\":\"Shop\",\"item\":\"https:\\\/\\\/www.ghostysky.com\\\/shop\\\/\"},{\"@type\":\"ListItem\",\"position\":3,\"name\":\"Agilex Autoware Open Source Autonomous Kit\"}]},{\"@type\":\"WebSite\",\"@id\":\"https:\\\/\\\/www.ghostysky.com\\\/#website\",\"url\":\"https:\\\/\\\/www.ghostysky.com\\\/\",\"name\":\"Ghostysky\",\"description\":\"Delivering professional drones and services\",\"publisher\":{\"@id\":\"https:\\\/\\\/www.ghostysky.com\\\/#organization\"},\"potentialAction\":[{\"@type\":\"SearchAction\",\"target\":{\"@type\":\"EntryPoint\",\"urlTemplate\":\"https:\\\/\\\/www.ghostysky.com\\\/?s={search_term_string}\"},\"query-input\":{\"@type\":\"PropertyValueSpecification\",\"valueRequired\":true,\"valueName\":\"search_term_string\"}}],\"inLanguage\":\"es\"},{\"@type\":\"Organization\",\"@id\":\"https:\\\/\\\/www.ghostysky.com\\\/#organization\",\"name\":\"Ghostysky\",\"url\":\"https:\\\/\\\/www.ghostysky.com\\\/\",\"logo\":{\"@type\":\"ImageObject\",\"inLanguage\":\"es\",\"@id\":\"https:\\\/\\\/www.ghostysky.com\\\/#\\\/schema\\\/logo\\\/image\\\/\",\"url\":\"https:\\\/\\\/www.ghostysky.com\\\/wp-content\\\/uploads\\\/2020\\\/06\\\/cropped-ghostyskylogo_text_white2.png\",\"contentUrl\":\"https:\\\/\\\/www.ghostysky.com\\\/wp-content\\\/uploads\\\/2020\\\/06\\\/cropped-ghostyskylogo_text_white2.png\",\"width\":169,\"height\":56,\"caption\":\"Ghostysky\"},\"image\":{\"@id\":\"https:\\\/\\\/www.ghostysky.com\\\/#\\\/schema\\\/logo\\\/image\\\/\"},\"sameAs\":[\"https:\\\/\\\/www.facebook.com\\\/people\\\/Ghostysky\\\/100057676170234\\\/\",\"https:\\\/\\\/x.com\\\/Gh0stysky\",\"https:\\\/\\\/www.linkedin.com\\\/company\\\/34739653\",\"https:\\\/\\\/www.instagram.com\\\/gh0stysky\"]}]}<\/script>\n<!-- \/ Yoast SEO plugin. -->","yoast_head_json":{"title":"Kit aut\u00f3nomo de c\u00f3digo abierto Agilex Autoware - Ghostysky","description":"El Kit Aut\u00f3nomo de C\u00f3digo Abierto AgileX Autoware (tambi\u00e9n conocido como AutoKit) es una soluci\u00f3n integral, completa y rentable, dise\u00f1ada para la investigaci\u00f3n, el desarrollo y la formaci\u00f3n en conducci\u00f3n aut\u00f3noma. Proporciona una plataforma completa de hardware y software para desarrollar y verificar r\u00e1pidamente algoritmos de conducci\u00f3n aut\u00f3noma en diversos entornos.","robots":{"index":"index","follow":"follow","max-snippet":"max-snippet:-1","max-image-preview":"max-image-preview:large","max-video-preview":"max-video-preview:-1"},"canonical":"https:\/\/www.ghostysky.com\/es\/producto-2\/agilex-autoware-open-source-autonomous-kit\/","og_locale":"es_ES","og_type":"article","og_title":"Agilex Autoware Open Source Autonomous Kit - Ghostysky","og_description":"The AgileX Autoware Open Source Autonomous Kit (also known as AutoKit) is a fully integrated, full-stack, and cost-effective solution designed for autonomous driving research, development, and education. It provides a complete hardware and software platform for quickly developing and verifying autonomous driving algorithms in a variety of environments.","og_url":"https:\/\/www.ghostysky.com\/es\/producto-2\/agilex-autoware-open-source-autonomous-kit\/","og_site_name":"Ghostysky","article_publisher":"https:\/\/www.facebook.com\/people\/Ghostysky\/100057676170234\/","article_modified_time":"2026-01-10T10:04:31+00:00","og_image":[{"width":551,"height":535,"url":"https:\/\/www.ghostysky.com\/wp-content\/uploads\/2025\/10\/GH_AgileAutowareKit_1.webp","type":"image\/webp"}],"twitter_card":"summary_large_image","twitter_site":"@Gh0stysky","twitter_misc":{"Tiempo de lectura":"2 minutos"},"schema":{"@context":"https:\/\/schema.org","@graph":[{"@type":"WebPage","@id":"https:\/\/www.ghostysky.com\/product\/agilex-autoware-open-source-autonomous-kit\/","url":"https:\/\/www.ghostysky.com\/product\/agilex-autoware-open-source-autonomous-kit\/","name":"Kit aut\u00f3nomo de c\u00f3digo abierto Agilex Autoware - Ghostysky","isPartOf":{"@id":"https:\/\/www.ghostysky.com\/#website"},"primaryImageOfPage":{"@id":"https:\/\/www.ghostysky.com\/product\/agilex-autoware-open-source-autonomous-kit\/#primaryimage"},"image":{"@id":"https:\/\/www.ghostysky.com\/product\/agilex-autoware-open-source-autonomous-kit\/#primaryimage"},"thumbnailUrl":"https:\/\/www.ghostysky.com\/wp-content\/uploads\/2025\/10\/GH_AgileAutowareKit_1.webp","datePublished":"2025-10-16T03:21:04+00:00","dateModified":"2026-01-10T10:04:31+00:00","description":"El Kit Aut\u00f3nomo de C\u00f3digo Abierto AgileX Autoware (tambi\u00e9n conocido como AutoKit) es una soluci\u00f3n integral, completa y rentable, dise\u00f1ada para la investigaci\u00f3n, el desarrollo y la formaci\u00f3n en conducci\u00f3n aut\u00f3noma. Proporciona una plataforma completa de hardware y software para desarrollar y verificar r\u00e1pidamente algoritmos de conducci\u00f3n aut\u00f3noma en diversos entornos.","breadcrumb":{"@id":"https:\/\/www.ghostysky.com\/product\/agilex-autoware-open-source-autonomous-kit\/#breadcrumb"},"inLanguage":"es","potentialAction":[{"@type":"ReadAction","target":["https:\/\/www.ghostysky.com\/product\/agilex-autoware-open-source-autonomous-kit\/"]}]},{"@type":"ImageObject","inLanguage":"es","@id":"https:\/\/www.ghostysky.com\/product\/agilex-autoware-open-source-autonomous-kit\/#primaryimage","url":"https:\/\/www.ghostysky.com\/wp-content\/uploads\/2025\/10\/GH_AgileAutowareKit_1.webp","contentUrl":"https:\/\/www.ghostysky.com\/wp-content\/uploads\/2025\/10\/GH_AgileAutowareKit_1.webp","width":551,"height":535},{"@type":"BreadcrumbList","@id":"https:\/\/www.ghostysky.com\/product\/agilex-autoware-open-source-autonomous-kit\/#breadcrumb","itemListElement":[{"@type":"ListItem","position":1,"name":"Home","item":"https:\/\/www.ghostysky.com\/"},{"@type":"ListItem","position":2,"name":"Shop","item":"https:\/\/www.ghostysky.com\/shop\/"},{"@type":"ListItem","position":3,"name":"Agilex Autoware Open Source Autonomous Kit"}]},{"@type":"WebSite","@id":"https:\/\/www.ghostysky.com\/#website","url":"https:\/\/www.ghostysky.com\/","name":"Ghostysky","description":"Entrega de drones y servicios profesionales","publisher":{"@id":"https:\/\/www.ghostysky.com\/#organization"},"potentialAction":[{"@type":"SearchAction","target":{"@type":"EntryPoint","urlTemplate":"https:\/\/www.ghostysky.com\/?s={search_term_string}"},"query-input":{"@type":"PropertyValueSpecification","valueRequired":true,"valueName":"search_term_string"}}],"inLanguage":"es"},{"@type":"Organization","@id":"https:\/\/www.ghostysky.com\/#organization","name":"Ghostysky","url":"https:\/\/www.ghostysky.com\/","logo":{"@type":"ImageObject","inLanguage":"es","@id":"https:\/\/www.ghostysky.com\/#\/schema\/logo\/image\/","url":"https:\/\/www.ghostysky.com\/wp-content\/uploads\/2020\/06\/cropped-ghostyskylogo_text_white2.png","contentUrl":"https:\/\/www.ghostysky.com\/wp-content\/uploads\/2020\/06\/cropped-ghostyskylogo_text_white2.png","width":169,"height":56,"caption":"Ghostysky"},"image":{"@id":"https:\/\/www.ghostysky.com\/#\/schema\/logo\/image\/"},"sameAs":["https:\/\/www.facebook.com\/people\/Ghostysky\/100057676170234\/","https:\/\/x.com\/Gh0stysky","https:\/\/www.linkedin.com\/company\/34739653","https:\/\/www.instagram.com\/gh0stysky"]}]}},"_links":{"self":[{"href":"https:\/\/www.ghostysky.com\/es\/wp-json\/wp\/v2\/product\/21173","targetHints":{"allow":["GET"]}}],"collection":[{"href":"https:\/\/www.ghostysky.com\/es\/wp-json\/wp\/v2\/product"}],"about":[{"href":"https:\/\/www.ghostysky.com\/es\/wp-json\/wp\/v2\/types\/product"}],"replies":[{"embeddable":true,"href":"https:\/\/www.ghostysky.com\/es\/wp-json\/wp\/v2\/comments?post=21173"}],"version-history":[{"count":0,"href":"https:\/\/www.ghostysky.com\/es\/wp-json\/wp\/v2\/product\/21173\/revisions"}],"wp:featuredmedia":[{"embeddable":true,"href":"https:\/\/www.ghostysky.com\/es\/wp-json\/wp\/v2\/media\/21175"}],"wp:attachment":[{"href":"https:\/\/www.ghostysky.com\/es\/wp-json\/wp\/v2\/media?parent=21173"}],"wp:term":[{"taxonomy":"product_brand","embeddable":true,"href":"https:\/\/www.ghostysky.com\/es\/wp-json\/wp\/v2\/product_brand?post=21173"},{"taxonomy":"product_cat","embeddable":true,"href":"https:\/\/www.ghostysky.com\/es\/wp-json\/wp\/v2\/product_cat?post=21173"},{"taxonomy":"product_tag","embeddable":true,"href":"https:\/\/www.ghostysky.com\/es\/wp-json\/wp\/v2\/product_tag?post=21173"}],"curies":[{"name":"wp","href":"https:\/\/api.w.org\/{rel}","templated":true}]}}