{"id":21176,"date":"2025-10-16T03:30:01","date_gmt":"2025-10-16T03:30:01","guid":{"rendered":"https:\/\/www.ghostysky.com\/?post_type=product&#038;p=21176"},"modified":"2026-01-10T10:04:00","modified_gmt":"2026-01-10T10:04:00","slug":"agilex-auto-kit-pro","status":"publish","type":"product","link":"https:\/\/www.ghostysky.com\/es\/product\/agilex-auto-kit-pro\/","title":{"rendered":"Kit de autom\u00f3vil Agilex Pro"},"content":{"rendered":"<div id=\"model-response-message-contentr_10995c785503e875\" class=\"markdown markdown-main-panel stronger enable-updated-hr-color\" dir=\"ltr\">\n<h3><b>Caracter\u00edsticas y componentes principales (configuraci\u00f3n t\u00edpica de nivel profesional)<\/b><\/h3>\n<ul>\n<li><b><span class=\"citation-103\">Pila de software de c\u00f3digo abierto:<\/span><\/b><span class=\"citation-103\"> Basado en marcos populares como <\/span><b><span class=\"citation-103\">Autoware<\/span><\/b><span class=\"citation-103\"> y totalmente compatible con <\/span><b><span class=\"citation-103\">ROS<\/span><\/b><span class=\"citation-103 citation-end-103\"> (potencialmente versi\u00f3n ROS 2\/Foxy dependiendo del modelo espec\u00edfico), lo que permite el desarrollo sin inconvenientes de aplicaciones de navegaci\u00f3n, percepci\u00f3n y control.<\/span><\/li>\n<li><b>Detecci\u00f3n de alto rendimiento:<\/b> Cuenta con un potente sistema de sensores de conducci\u00f3n aut\u00f3noma, que normalmente incluye:\n<ul>\n<li><b>LiDAR de l\u00ednea alta:<\/b><span class=\"citation-102 citation-end-102\"> Como un LiDAR de 16 l\u00edneas (por ejemplo, Velodyne VLP-16 o similar) para mapeo ambiental de alta definici\u00f3n de 360 grados y detecci\u00f3n de obst\u00e1culos.<\/span><\/li>\n<li><b><span class=\"citation-101\">C\u00e1mara de profundidad est\u00e9reo:<\/span><\/b><span class=\"citation-101\"> Me gusta el <\/span><b><span class=\"citation-101\">Intel RealSense D435i<\/span><\/b><span class=\"citation-101 citation-end-101\"> para SLAM visual, percepci\u00f3n de profundidad y tareas avanzadas de identidad visual.<\/span><\/li>\n<li><b>Computadora de a bordo (IPC):<\/b> Una PC industrial de alto rendimiento (por ejemplo, Intel i7\/i5 o sistemas integrados potentes como NVIDIA Xavier\/Jetson) para manejar tareas de procesamiento exigentes.<\/li>\n<\/ul>\n<\/li>\n<li><b>Listo para la navegaci\u00f3n aut\u00f3noma:<\/b> El kit es una soluci\u00f3n perfecta para implementar funciones como navegaci\u00f3n autom\u00e1tica LiDAR multil\u00ednea, localizaci\u00f3n y mapeo simult\u00e1neos (SLAM), evitaci\u00f3n de obst\u00e1culos y planificaci\u00f3n de rutas (a menudo utilizando paquetes como <code>navegaci\u00f3n2<\/code> y <code>mover_base<\/code>).<\/li>\n<li><b><span class=\"citation-100\">Compatibilidad del chasis:<\/span><\/b><span class=\"citation-100 citation-end-100\"> Dise\u00f1ado para integrarse f\u00e1cilmente con una gama de plataformas de chasis de veh\u00edculos terrestres no tripulados (UGV) robustos de AgileX (por ejemplo, Scout Mini, Scout 2.0, Hunter o Bunker).<\/span><\/li>\n<li><b>Aplicaciones objetivo:<\/b> Ideal para una amplia gama de aplicaciones de alta complejidad y alta integraci\u00f3n, que incluyen:\n<ul>\n<li><b>Investigaci\u00f3n acad\u00e9mica y educaci\u00f3n:<\/b> Proporcionar una plataforma completa para estudios y proyectos de nivel universitario en rob\u00f3tica y sistemas aut\u00f3nomos.<\/li>\n<li><b>Investigaci\u00f3n previa del producto:<\/b> Prototipado r\u00e1pido y desarrollo de veh\u00edculos aut\u00f3nomos especializados.<\/li>\n<li><b>Aplicaciones industriales:<\/b><span class=\"citation-99 citation-end-99\"> Desarrollando soluciones para inspecci\u00f3n, topograf\u00eda, seguridad, log\u00edstica y m\u00e1s.<\/span><\/li>\n<\/ul>\n<\/li>\n<li><b><span class=\"citation-98\">Integraci\u00f3n completa:<\/span><\/b><span class=\"citation-98 citation-end-98\"> Viene con entornos Linux y ROS preinstalados, controladores de hardware necesarios y montaje de sensor dise\u00f1ado met\u00f3dicamente para una ubicaci\u00f3n \u00f3ptima y una f\u00e1cil integraci\u00f3n.<\/span><\/li>\n<\/ul>\n<p>El <b>Kit de autom\u00f3vil AgileX Pro<\/b> es su herramienta integral para liberar todo el potencial de la tecnolog\u00eda de conducci\u00f3n aut\u00f3noma, ofreciendo una plataforma sofisticada e integrada para que investigadores y desarrolladores pasen r\u00e1pidamente del concepto a la implementaci\u00f3n.<\/p>\n<\/div>","protected":false},"excerpt":{"rendered":"<p>El <b>Kit de autom\u00f3vil AgileX Pro<\/b> Es un kit de desarrollo y formaci\u00f3n integral, completo y de alto rendimiento, dise\u00f1ado para impulsar la investigaci\u00f3n en conducci\u00f3n aut\u00f3noma y rob\u00f3tica avanzada. Desarrollado en torno a un marco de c\u00f3digo abierto, como <b>Autoware<\/b>, y el <b>Sistema operativo rob\u00f3tico (ROS)<\/b>Este kit de nivel profesional proporciona el hardware robusto y el software integrado necesarios para construir, probar y verificar algoritmos complejos de conducci\u00f3n aut\u00f3noma.<\/p>\n<p><strong>No incluye plataforma Incluye GPS Incluye c\u00e1mara infrarroja<\/strong><br \/>\n<strong>Compatible con HUNTER, HUNTER2.0, SCOUT2.0 y BUNKER<\/strong><br \/>\nEmpaquetado en estuche de madera<\/p>","protected":false},"featured_media":21175,"comment_status":"open","ping_status":"closed","template":"","meta":[],"product_brand":[1046],"product_cat":[1043,1045,1042,1037],"product_tag":[1047,1054,1079],"class_list":{"0":"post-21176","1":"product","2":"type-product","3":"status-publish","4":"has-post-thumbnail","6":"product_brand-agilex","7":"product_cat-agilex","8":"product_cat-agilex-accessories","9":"product_cat-chassis","10":"product_cat-robotics","11":"product_tag-agilex","12":"product_tag-agilex-accessories","13":"product_tag-agilex-auto-kit-pro","15":"first","16":"onbackorder","17":"taxable","18":"shipping-taxable","19":"purchasable","20":"product-type-simple"},"yoast_head":"<!-- This site is optimized with the Yoast SEO plugin v27.4 - https:\/\/yoast.com\/product\/yoast-seo-wordpress\/ -->\n<title>Agilex Auto Kit Pro - Ghostysky<\/title>\n<meta name=\"description\" content=\"The AgileX Auto Kit Pro is a comprehensive, full-stack, and high-performance development and education kit designed to jumpstart your autonomous driving and advanced robotics research. Built around an open-source framework, such as Autoware, and the Robot Operating System (ROS), this professional-grade kit provides the robust hardware and integrated software necessary to build, test, and verify complex autonomous driving algorithms.\" \/>\n<meta name=\"robots\" content=\"index, follow, max-snippet:-1, max-image-preview:large, max-video-preview:-1\" \/>\n<link rel=\"canonical\" href=\"https:\/\/www.ghostysky.com\/es\/producto-2\/agilex-auto-kit-pro\/\" \/>\n<meta property=\"og:locale\" content=\"es_ES\" \/>\n<meta property=\"og:type\" content=\"article\" \/>\n<meta property=\"og:title\" content=\"Agilex Auto Kit Pro - Ghostysky\" \/>\n<meta property=\"og:description\" content=\"The AgileX Auto Kit Pro is a comprehensive, full-stack, and high-performance development and education kit designed to jumpstart your autonomous driving and advanced robotics research. Built around an open-source framework, such as Autoware, and the Robot Operating System (ROS), this professional-grade kit provides the robust hardware and integrated software necessary to build, test, and verify complex autonomous driving algorithms.\" \/>\n<meta property=\"og:url\" content=\"https:\/\/www.ghostysky.com\/es\/producto-2\/agilex-auto-kit-pro\/\" \/>\n<meta property=\"og:site_name\" content=\"Ghostysky\" \/>\n<meta property=\"article:publisher\" content=\"https:\/\/www.facebook.com\/people\/Ghostysky\/100057676170234\/\" \/>\n<meta property=\"article:modified_time\" content=\"2026-01-10T10:04:00+00:00\" \/>\n<meta property=\"og:image\" content=\"https:\/\/www.ghostysky.com\/wp-content\/uploads\/2025\/10\/GH_AgileAutowareKit_1.webp\" \/>\n\t<meta property=\"og:image:width\" content=\"551\" \/>\n\t<meta property=\"og:image:height\" content=\"535\" \/>\n\t<meta property=\"og:image:type\" content=\"image\/webp\" \/>\n<meta name=\"twitter:card\" content=\"summary_large_image\" \/>\n<meta name=\"twitter:site\" content=\"@Gh0stysky\" \/>\n<meta name=\"twitter:label1\" content=\"Tiempo de lectura\" \/>\n\t<meta name=\"twitter:data1\" content=\"2 minutos\" \/>\n<script type=\"application\/ld+json\" class=\"yoast-schema-graph\">{\"@context\":\"https:\\\/\\\/schema.org\",\"@graph\":[{\"@type\":\"WebPage\",\"@id\":\"https:\\\/\\\/www.ghostysky.com\\\/product\\\/agilex-auto-kit-pro\\\/\",\"url\":\"https:\\\/\\\/www.ghostysky.com\\\/product\\\/agilex-auto-kit-pro\\\/\",\"name\":\"Agilex Auto Kit Pro - Ghostysky\",\"isPartOf\":{\"@id\":\"https:\\\/\\\/www.ghostysky.com\\\/#website\"},\"primaryImageOfPage\":{\"@id\":\"https:\\\/\\\/www.ghostysky.com\\\/product\\\/agilex-auto-kit-pro\\\/#primaryimage\"},\"image\":{\"@id\":\"https:\\\/\\\/www.ghostysky.com\\\/product\\\/agilex-auto-kit-pro\\\/#primaryimage\"},\"thumbnailUrl\":\"https:\\\/\\\/www.ghostysky.com\\\/wp-content\\\/uploads\\\/2025\\\/10\\\/GH_AgileAutowareKit_1.webp\",\"datePublished\":\"2025-10-16T03:30:01+00:00\",\"dateModified\":\"2026-01-10T10:04:00+00:00\",\"description\":\"The AgileX Auto Kit Pro is a comprehensive, full-stack, and high-performance development and education kit designed to jumpstart your autonomous driving and advanced robotics research. Built around an open-source framework, such as Autoware, and the Robot Operating System (ROS), this professional-grade kit provides the robust hardware and integrated software necessary to build, test, and verify complex autonomous driving algorithms.\",\"breadcrumb\":{\"@id\":\"https:\\\/\\\/www.ghostysky.com\\\/product\\\/agilex-auto-kit-pro\\\/#breadcrumb\"},\"inLanguage\":\"es\",\"potentialAction\":[{\"@type\":\"ReadAction\",\"target\":[\"https:\\\/\\\/www.ghostysky.com\\\/product\\\/agilex-auto-kit-pro\\\/\"]}]},{\"@type\":\"ImageObject\",\"inLanguage\":\"es\",\"@id\":\"https:\\\/\\\/www.ghostysky.com\\\/product\\\/agilex-auto-kit-pro\\\/#primaryimage\",\"url\":\"https:\\\/\\\/www.ghostysky.com\\\/wp-content\\\/uploads\\\/2025\\\/10\\\/GH_AgileAutowareKit_1.webp\",\"contentUrl\":\"https:\\\/\\\/www.ghostysky.com\\\/wp-content\\\/uploads\\\/2025\\\/10\\\/GH_AgileAutowareKit_1.webp\",\"width\":551,\"height\":535},{\"@type\":\"BreadcrumbList\",\"@id\":\"https:\\\/\\\/www.ghostysky.com\\\/product\\\/agilex-auto-kit-pro\\\/#breadcrumb\",\"itemListElement\":[{\"@type\":\"ListItem\",\"position\":1,\"name\":\"Home\",\"item\":\"https:\\\/\\\/www.ghostysky.com\\\/\"},{\"@type\":\"ListItem\",\"position\":2,\"name\":\"Shop\",\"item\":\"https:\\\/\\\/www.ghostysky.com\\\/shop\\\/\"},{\"@type\":\"ListItem\",\"position\":3,\"name\":\"Agilex Auto Kit Pro\"}]},{\"@type\":\"WebSite\",\"@id\":\"https:\\\/\\\/www.ghostysky.com\\\/#website\",\"url\":\"https:\\\/\\\/www.ghostysky.com\\\/\",\"name\":\"Ghostysky\",\"description\":\"Delivering professional drones and services\",\"publisher\":{\"@id\":\"https:\\\/\\\/www.ghostysky.com\\\/#organization\"},\"potentialAction\":[{\"@type\":\"SearchAction\",\"target\":{\"@type\":\"EntryPoint\",\"urlTemplate\":\"https:\\\/\\\/www.ghostysky.com\\\/?s={search_term_string}\"},\"query-input\":{\"@type\":\"PropertyValueSpecification\",\"valueRequired\":true,\"valueName\":\"search_term_string\"}}],\"inLanguage\":\"es\"},{\"@type\":\"Organization\",\"@id\":\"https:\\\/\\\/www.ghostysky.com\\\/#organization\",\"name\":\"Ghostysky\",\"url\":\"https:\\\/\\\/www.ghostysky.com\\\/\",\"logo\":{\"@type\":\"ImageObject\",\"inLanguage\":\"es\",\"@id\":\"https:\\\/\\\/www.ghostysky.com\\\/#\\\/schema\\\/logo\\\/image\\\/\",\"url\":\"https:\\\/\\\/www.ghostysky.com\\\/wp-content\\\/uploads\\\/2020\\\/06\\\/cropped-ghostyskylogo_text_white2.png\",\"contentUrl\":\"https:\\\/\\\/www.ghostysky.com\\\/wp-content\\\/uploads\\\/2020\\\/06\\\/cropped-ghostyskylogo_text_white2.png\",\"width\":169,\"height\":56,\"caption\":\"Ghostysky\"},\"image\":{\"@id\":\"https:\\\/\\\/www.ghostysky.com\\\/#\\\/schema\\\/logo\\\/image\\\/\"},\"sameAs\":[\"https:\\\/\\\/www.facebook.com\\\/people\\\/Ghostysky\\\/100057676170234\\\/\",\"https:\\\/\\\/x.com\\\/Gh0stysky\",\"https:\\\/\\\/www.linkedin.com\\\/company\\\/34739653\",\"https:\\\/\\\/www.instagram.com\\\/gh0stysky\"]}]}<\/script>\n<!-- \/ Yoast SEO plugin. -->","yoast_head_json":{"title":"Agilex Auto Kit Pro - Ghostysky","description":"AgileX Auto Kit Pro es un kit de desarrollo y formaci\u00f3n integral, completo y de alto rendimiento, dise\u00f1ado para impulsar la investigaci\u00f3n en conducci\u00f3n aut\u00f3noma y rob\u00f3tica avanzada. Desarrollado en torno a un marco de c\u00f3digo abierto, como Autoware, y el Sistema Operativo para Robots (ROS), este kit profesional proporciona el hardware robusto y el software integrado necesarios para desarrollar, probar y verificar algoritmos complejos de conducci\u00f3n aut\u00f3noma.","robots":{"index":"index","follow":"follow","max-snippet":"max-snippet:-1","max-image-preview":"max-image-preview:large","max-video-preview":"max-video-preview:-1"},"canonical":"https:\/\/www.ghostysky.com\/es\/producto-2\/agilex-auto-kit-pro\/","og_locale":"es_ES","og_type":"article","og_title":"Agilex Auto Kit Pro - Ghostysky","og_description":"The AgileX Auto Kit Pro is a comprehensive, full-stack, and high-performance development and education kit designed to jumpstart your autonomous driving and advanced robotics research. Built around an open-source framework, such as Autoware, and the Robot Operating System (ROS), this professional-grade kit provides the robust hardware and integrated software necessary to build, test, and verify complex autonomous driving algorithms.","og_url":"https:\/\/www.ghostysky.com\/es\/producto-2\/agilex-auto-kit-pro\/","og_site_name":"Ghostysky","article_publisher":"https:\/\/www.facebook.com\/people\/Ghostysky\/100057676170234\/","article_modified_time":"2026-01-10T10:04:00+00:00","og_image":[{"width":551,"height":535,"url":"https:\/\/www.ghostysky.com\/wp-content\/uploads\/2025\/10\/GH_AgileAutowareKit_1.webp","type":"image\/webp"}],"twitter_card":"summary_large_image","twitter_site":"@Gh0stysky","twitter_misc":{"Tiempo de lectura":"2 minutos"},"schema":{"@context":"https:\/\/schema.org","@graph":[{"@type":"WebPage","@id":"https:\/\/www.ghostysky.com\/product\/agilex-auto-kit-pro\/","url":"https:\/\/www.ghostysky.com\/product\/agilex-auto-kit-pro\/","name":"Agilex Auto Kit Pro - Ghostysky","isPartOf":{"@id":"https:\/\/www.ghostysky.com\/#website"},"primaryImageOfPage":{"@id":"https:\/\/www.ghostysky.com\/product\/agilex-auto-kit-pro\/#primaryimage"},"image":{"@id":"https:\/\/www.ghostysky.com\/product\/agilex-auto-kit-pro\/#primaryimage"},"thumbnailUrl":"https:\/\/www.ghostysky.com\/wp-content\/uploads\/2025\/10\/GH_AgileAutowareKit_1.webp","datePublished":"2025-10-16T03:30:01+00:00","dateModified":"2026-01-10T10:04:00+00:00","description":"AgileX Auto Kit Pro es un kit de desarrollo y formaci\u00f3n integral, completo y de alto rendimiento, dise\u00f1ado para impulsar la investigaci\u00f3n en conducci\u00f3n aut\u00f3noma y rob\u00f3tica avanzada. Desarrollado en torno a un marco de c\u00f3digo abierto, como Autoware, y el Sistema Operativo para Robots (ROS), este kit profesional proporciona el hardware robusto y el software integrado necesarios para desarrollar, probar y verificar algoritmos complejos de conducci\u00f3n aut\u00f3noma.","breadcrumb":{"@id":"https:\/\/www.ghostysky.com\/product\/agilex-auto-kit-pro\/#breadcrumb"},"inLanguage":"es","potentialAction":[{"@type":"ReadAction","target":["https:\/\/www.ghostysky.com\/product\/agilex-auto-kit-pro\/"]}]},{"@type":"ImageObject","inLanguage":"es","@id":"https:\/\/www.ghostysky.com\/product\/agilex-auto-kit-pro\/#primaryimage","url":"https:\/\/www.ghostysky.com\/wp-content\/uploads\/2025\/10\/GH_AgileAutowareKit_1.webp","contentUrl":"https:\/\/www.ghostysky.com\/wp-content\/uploads\/2025\/10\/GH_AgileAutowareKit_1.webp","width":551,"height":535},{"@type":"BreadcrumbList","@id":"https:\/\/www.ghostysky.com\/product\/agilex-auto-kit-pro\/#breadcrumb","itemListElement":[{"@type":"ListItem","position":1,"name":"Home","item":"https:\/\/www.ghostysky.com\/"},{"@type":"ListItem","position":2,"name":"Shop","item":"https:\/\/www.ghostysky.com\/shop\/"},{"@type":"ListItem","position":3,"name":"Agilex Auto Kit Pro"}]},{"@type":"WebSite","@id":"https:\/\/www.ghostysky.com\/#website","url":"https:\/\/www.ghostysky.com\/","name":"Ghostysky","description":"Entrega de drones y servicios profesionales","publisher":{"@id":"https:\/\/www.ghostysky.com\/#organization"},"potentialAction":[{"@type":"SearchAction","target":{"@type":"EntryPoint","urlTemplate":"https:\/\/www.ghostysky.com\/?s={search_term_string}"},"query-input":{"@type":"PropertyValueSpecification","valueRequired":true,"valueName":"search_term_string"}}],"inLanguage":"es"},{"@type":"Organization","@id":"https:\/\/www.ghostysky.com\/#organization","name":"Ghostysky","url":"https:\/\/www.ghostysky.com\/","logo":{"@type":"ImageObject","inLanguage":"es","@id":"https:\/\/www.ghostysky.com\/#\/schema\/logo\/image\/","url":"https:\/\/www.ghostysky.com\/wp-content\/uploads\/2020\/06\/cropped-ghostyskylogo_text_white2.png","contentUrl":"https:\/\/www.ghostysky.com\/wp-content\/uploads\/2020\/06\/cropped-ghostyskylogo_text_white2.png","width":169,"height":56,"caption":"Ghostysky"},"image":{"@id":"https:\/\/www.ghostysky.com\/#\/schema\/logo\/image\/"},"sameAs":["https:\/\/www.facebook.com\/people\/Ghostysky\/100057676170234\/","https:\/\/x.com\/Gh0stysky","https:\/\/www.linkedin.com\/company\/34739653","https:\/\/www.instagram.com\/gh0stysky"]}]}},"_links":{"self":[{"href":"https:\/\/www.ghostysky.com\/es\/wp-json\/wp\/v2\/product\/21176","targetHints":{"allow":["GET"]}}],"collection":[{"href":"https:\/\/www.ghostysky.com\/es\/wp-json\/wp\/v2\/product"}],"about":[{"href":"https:\/\/www.ghostysky.com\/es\/wp-json\/wp\/v2\/types\/product"}],"replies":[{"embeddable":true,"href":"https:\/\/www.ghostysky.com\/es\/wp-json\/wp\/v2\/comments?post=21176"}],"version-history":[{"count":0,"href":"https:\/\/www.ghostysky.com\/es\/wp-json\/wp\/v2\/product\/21176\/revisions"}],"wp:featuredmedia":[{"embeddable":true,"href":"https:\/\/www.ghostysky.com\/es\/wp-json\/wp\/v2\/media\/21175"}],"wp:attachment":[{"href":"https:\/\/www.ghostysky.com\/es\/wp-json\/wp\/v2\/media?parent=21176"}],"wp:term":[{"taxonomy":"product_brand","embeddable":true,"href":"https:\/\/www.ghostysky.com\/es\/wp-json\/wp\/v2\/product_brand?post=21176"},{"taxonomy":"product_cat","embeddable":true,"href":"https:\/\/www.ghostysky.com\/es\/wp-json\/wp\/v2\/product_cat?post=21176"},{"taxonomy":"product_tag","embeddable":true,"href":"https:\/\/www.ghostysky.com\/es\/wp-json\/wp\/v2\/product_tag?post=21176"}],"curies":[{"name":"wp","href":"https:\/\/api.w.org\/{rel}","templated":true}]}}