{"id":21178,"date":"2025-10-16T03:37:02","date_gmt":"2025-10-16T03:37:02","guid":{"rendered":"https:\/\/www.ghostysky.com\/?post_type=product&#038;p=21178"},"modified":"2025-10-16T03:42:13","modified_gmt":"2025-10-16T03:42:13","slug":"agilex-navis-kit","status":"publish","type":"product","link":"https:\/\/www.ghostysky.com\/es\/product\/agilex-navis-kit\/","title":{"rendered":"KIT NAVIS de Agilex"},"content":{"rendered":"<h2>Caracter\u00edsticas y capacidades clave<\/h2>\n<p><span class=\"citation-133 citation-end-133\">El sistema NAVIS ofrece un conjunto completo de funciones centradas en la precisi\u00f3n, la flexibilidad y la facilidad de integraci\u00f3n:<sup class=\"superscript\" data-turn-source-index=\"3\">3<\/sup><\/span><\/p>\n<ul>\n<li><b><span class=\"citation-132\">Percepci\u00f3n ambiental avanzada:<\/span><\/b><span class=\"citation-132\"> Utiliza una fusi\u00f3n de m\u00faltiples sensores, normalmente <\/span><b><span class=\"citation-132\">LiDAR, IMU (Unidad de medici\u00f3n inercial) y c\u00e1maras de profundidad<\/span><\/b><span class=\"citation-132 citation-end-132\">\u2014construir un mapa 3D preciso del entorno, que permita la reconstrucci\u00f3n precisa de la escena y el conocimiento del medio ambiente.<sup class=\"superscript\" data-turn-source-index=\"4\">4<\/sup><\/span><\/li>\n<li><b><span class=\"citation-131\">Navegaci\u00f3n de alta precisi\u00f3n:<\/span><\/b><span class=\"citation-131\"> Logra una alta precisi\u00f3n con un <\/span><b><span class=\"citation-131 citation-end-131\">precisi\u00f3n de posicionamiento de <sup class=\"superscript\" data-turn-source-index=\"5\">5<\/sup><\/span><span class=\"math-inline\" data-math=\"\\pm 3\">$\\pm 3$<\/span><span class=\"citation-130\"> cent\u00edmetro<\/span><\/b><span class=\"citation-130 citation-end-130\"> (o a veces <sup class=\"superscript\" data-turn-source-index=\"6\">6<\/sup><\/span><span class=\"math-inline\" data-math=\"\\pm 8\">$\\pm 8$<\/span><span class=\"citation-129 citation-end-129\"> cm dependiendo de la versi\u00f3n\/configuraci\u00f3n) y admite una gran \u00e1rea de mapeo (hasta 2 millones de metros cuadrados).<sup class=\"superscript\" data-turn-source-index=\"7\">7<\/sup><\/span> <span class=\"citation-128\">Utiliza tecnolog\u00eda propietaria <\/span><b><span class=\"citation-128\">Fusi\u00f3n de sensores LiDAR-IMU<\/span><\/b><span class=\"citation-128 citation-end-128\"> y admite posicionamiento asistido RTK-GPS para escenarios al aire libre.<sup class=\"superscript\" data-turn-source-index=\"8\">8<\/sup><\/span><\/li>\n<li><b>Planificaci\u00f3n din\u00e1mica de rutas:<\/b><span class=\"citation-127\"> Habilita <\/span><b><span class=\"citation-127\">Planificaci\u00f3n y ajuste de rutas en tiempo real<\/span><\/b><span class=\"citation-127\">, avanzado <\/span><b><span class=\"citation-127\">detecci\u00f3n y evitaci\u00f3n de obst\u00e1culos<\/span><\/b><span class=\"citation-127 citation-end-127\">y algoritmos inteligentes de toma de decisiones para la ejecuci\u00f3n flexible de planes de acci\u00f3n en entornos din\u00e1micos.<sup class=\"superscript\" data-turn-source-index=\"9\">9<\/sup><\/span><\/li>\n<li><b>Interfaz f\u00e1cil de usar (placa NAVIS):<\/b><span class=\"citation-126\"> Cuenta con una <\/span><b><span class=\"citation-126\">Interfaz de navegaci\u00f3n 3D intuitiva<\/span><\/b><span class=\"citation-126\"> y un <\/span><b><span class=\"citation-126\">panel de datos personalizable<\/span><\/b><span class=\"citation-126 citation-end-126\"> para obtener informaci\u00f3n en tiempo real y an\u00e1lisis sobre la marcha en computadoras de escritorio o dispositivos m\u00f3viles.<sup class=\"superscript\" data-turn-source-index=\"10\">10<\/sup><\/span> <span class=\"citation-125 citation-end-125\">Permite la creaci\u00f3n de mapas con un solo clic y la edici\u00f3n de mapas en tiempo real.<sup class=\"superscript\" data-turn-source-index=\"11\">11<\/sup><\/span><\/li>\n<li><b><span class=\"citation-124\">Sistema de gesti\u00f3n de tareas:<\/span><\/b><span class=\"citation-124 citation-end-124\"> Un sistema de control a bordo gestiona todos los aspectos operativos, incluida la navegaci\u00f3n, la planificaci\u00f3n de la misi\u00f3n, la configuraci\u00f3n r\u00e1pida de tareas y el diagn\u00f3stico del sistema.<sup class=\"superscript\" data-turn-source-index=\"12\">12<\/sup><\/span><\/li>\n<li><b><span class=\"citation-123\">Integraci\u00f3n perfecta:<\/span><\/b><span class=\"citation-123\"> Dise\u00f1ado para una f\u00e1cil integraci\u00f3n con robots industriales y AGV, es <\/span><b><span class=\"citation-123\">Compatible con todos los chasis AgileX Robotics<\/span><\/b><span class=\"citation-123\"> y proporciona una completa <\/span><b><span class=\"citation-123\">Compatibilidad con SDK, API y ROS\/ROS2<\/span><\/b><span class=\"citation-123 citation-end-123\"> para una r\u00e1pida implementaci\u00f3n y desarrollo.<sup class=\"superscript\" data-turn-source-index=\"13\">13<\/sup><\/span><\/li>\n<li><b><span class=\"citation-122\">Seguridad y control:<\/span><\/b><span class=\"citation-122\"> Ofrece una <\/span><b><span class=\"citation-122\">sistema de retroalimentaci\u00f3n visual<\/span><\/b><span class=\"citation-122\"> para una vista completa del entorno y las caracter\u00edsticas del robot <\/span><b><span class=\"citation-122\">Adquisici\u00f3n remota sin complicaciones<\/span><\/b><span class=\"citation-122 citation-end-122\"> funcionalidad, permitiendo la intervenci\u00f3n humana inmediata cuando sea necesario para garantizar la seguridad operativa.<sup class=\"superscript\" data-turn-source-index=\"14\">14<\/sup><\/span><\/li>\n<\/ul>\n<hr \/>\n<p>&nbsp;<\/p>\n<h2>Componentes del sistema (Arquitectura NAVIS)<\/h2>\n<p><span class=\"citation-121 citation-end-121\">El sistema NAVIS se compone de varios componentes principales que trabajan juntos para proporcionar una funcionalidad aut\u00f3noma:<sup class=\"superscript\" data-turn-source-index=\"15\">15<\/sup><\/span><\/p>\n<ol start=\"1\">\n<li><b>NAVIS Brain (Cerebro de navegaci\u00f3n):<\/b> La inteligencia central responsable del procesamiento de datos de sensores, mapeo, planificaci\u00f3n de rutas y toma de decisiones aut\u00f3noma.<\/li>\n<li><b>Puente NAVIS (Puente de datos):<\/b> Gestiona el flujo de datos entre los sensores, el cerebro y el sistema de control.<\/li>\n<li><b>Tablero NAVIS (Sistema de Interacci\u00f3n Inteligente):<\/b> La interfaz de usuario multiplataforma que proporciona visualizaci\u00f3n de datos, gesti\u00f3n de mapas, gesti\u00f3n del sistema de tareas y permite el control y monitoreo remotos.<\/li>\n<li><b>Hardware de detecci\u00f3n integrado:<\/b><span class=\"citation-120 citation-end-120\"> Los sensores f\u00edsicos (LiDAR, IMU, c\u00e1maras) integrados en la plataforma m\u00f3vil para la percepci\u00f3n y la seguridad.<\/span><\/li>\n<\/ol>","protected":false},"excerpt":{"rendered":"<p><span class=\"citation-135\">El <\/span><b><span class=\"citation-135\">Sistema de navegaci\u00f3n aut\u00f3nomo Agilex NAVIS<\/span><\/b><span class=\"citation-135\"> es una soluci\u00f3n profesional y completa dise\u00f1ada por AgileX Robotics para permitir <\/span><b><span class=\"citation-135\">Navegaci\u00f3n aut\u00f3noma a nivel de cent\u00edmetros<\/span><\/b><span class=\"citation-135 citation-end-135\"> para robots industriales y AGV (veh\u00edculos guiados autom\u00e1ticamente) en entornos semicerrados y completamente cerrados, incluidos posibles escenarios de fusi\u00f3n interior\/exterior.<\/span><\/p>\n<p><span class=\"citation-134\">Es un sistema avanzado integrado de software y hardware que proporciona operaciones de robot robustas y confiables para diversas aplicaciones como <\/span><b><span class=\"citation-134\">inspecci\u00f3n de seguridad, automatizaci\u00f3n industrial, log\u00edstica y transporte<\/span><\/b><span class=\"citation-134 citation-end-134\">.<\/span><\/p>\n<p><strong>NO incluye plataforma<\/strong><\/p>\n<p>EST\u00c1NDAR:<\/p>\n<ul>\n<li>LiDAR multil\u00ednea RS<\/li>\n<li>IMU de nueve ejes<\/li>\n<li>Computadora personal industrial x86<\/li>\n<\/ul>\n<p>OPCIONAL:<\/p>\n<ul>\n<li>C\u00e1mara de profundidad<\/li>\n<li>GPS RTK<\/li>\n<\/ul>","protected":false},"featured_media":21180,"comment_status":"open","ping_status":"closed","template":"","meta":[],"product_brand":[1046],"product_cat":[1045,1042,1037],"product_tag":[1047,1054,1080],"class_list":{"0":"post-21178","1":"product","2":"type-product","3":"status-publish","4":"has-post-thumbnail","6":"product_brand-agilex","7":"product_cat-agilex-accessories","8":"product_cat-chassis","9":"product_cat-robotics","10":"product_tag-agilex","11":"product_tag-agilex-accessories","12":"product_tag-agilex-navis-kit","14":"first","15":"onbackorder","16":"taxable","17":"shipping-taxable","18":"product-type-simple"},"yoast_head":"<!-- This site is optimized with the Yoast SEO plugin v27.1.1 - https:\/\/yoast.com\/product\/yoast-seo-wordpress\/ -->\n<title>Agilex NAVIS KIT - Ghostysky<\/title>\n<meta name=\"description\" content=\"The Agilex NAVIS Autonomous Navigation System is a professional, full-stack solution designed by AgileX Robotics to enable centimeter-level autonomous navigation for industrial robots and AGVs (Automated Guided Vehicles) in semi-enclosed and fully enclosed environments, including potential indoor\/outdoor fusion scenarios.It is an advanced software and hardware integrated system that provides robust and reliable robot operations for various applications like security inspection, industrial automation, logistics, and transport.\" \/>\n<meta name=\"robots\" content=\"index, follow, max-snippet:-1, max-image-preview:large, max-video-preview:-1\" \/>\n<link rel=\"canonical\" href=\"https:\/\/www.ghostysky.com\/es\/producto-2\/agilex-navis-kit\/\" \/>\n<meta property=\"og:locale\" content=\"es_ES\" \/>\n<meta property=\"og:type\" content=\"article\" \/>\n<meta property=\"og:title\" content=\"Agilex NAVIS KIT - Ghostysky\" \/>\n<meta property=\"og:description\" content=\"The Agilex NAVIS Autonomous Navigation System is a professional, full-stack solution designed by AgileX Robotics to enable centimeter-level autonomous navigation for industrial robots and AGVs (Automated Guided Vehicles) in semi-enclosed and fully enclosed environments, including potential indoor\/outdoor fusion scenarios.It is an advanced software and hardware integrated system that provides robust and reliable robot operations for various applications like security inspection, industrial automation, logistics, and transport.\" \/>\n<meta property=\"og:url\" content=\"https:\/\/www.ghostysky.com\/es\/producto-2\/agilex-navis-kit\/\" \/>\n<meta property=\"og:site_name\" content=\"Ghostysky\" \/>\n<meta property=\"article:publisher\" content=\"https:\/\/www.facebook.com\/people\/Ghostysky\/100057676170234\/\" \/>\n<meta property=\"article:modified_time\" content=\"2025-10-16T03:42:13+00:00\" \/>\n<meta property=\"og:image\" content=\"https:\/\/www.ghostysky.com\/wp-content\/uploads\/2025\/10\/GH_AgilexNAVIS_2.webp\" \/>\n\t<meta property=\"og:image:width\" content=\"2436\" \/>\n\t<meta property=\"og:image:height\" content=\"2437\" \/>\n\t<meta property=\"og:image:type\" content=\"image\/webp\" \/>\n<meta name=\"twitter:card\" content=\"summary_large_image\" \/>\n<meta name=\"twitter:site\" content=\"@Gh0stysky\" \/>\n<meta name=\"twitter:label1\" content=\"Tiempo de lectura\" \/>\n\t<meta name=\"twitter:data1\" content=\"2 minutos\" \/>\n<script type=\"application\/ld+json\" class=\"yoast-schema-graph\">{\"@context\":\"https:\/\/schema.org\",\"@graph\":[{\"@type\":\"WebPage\",\"@id\":\"https:\/\/www.ghostysky.com\/product\/agilex-navis-kit\/\",\"url\":\"https:\/\/www.ghostysky.com\/product\/agilex-navis-kit\/\",\"name\":\"Agilex NAVIS KIT - Ghostysky\",\"isPartOf\":{\"@id\":\"https:\/\/www.ghostysky.com\/#website\"},\"primaryImageOfPage\":{\"@id\":\"https:\/\/www.ghostysky.com\/product\/agilex-navis-kit\/#primaryimage\"},\"image\":{\"@id\":\"https:\/\/www.ghostysky.com\/product\/agilex-navis-kit\/#primaryimage\"},\"thumbnailUrl\":\"https:\/\/www.ghostysky.com\/wp-content\/uploads\/2025\/10\/GH_AgilexNAVIS_2.webp\",\"datePublished\":\"2025-10-16T03:37:02+00:00\",\"dateModified\":\"2025-10-16T03:42:13+00:00\",\"description\":\"The Agilex NAVIS Autonomous Navigation System is a professional, full-stack solution designed by AgileX Robotics to enable centimeter-level autonomous navigation for industrial robots and AGVs (Automated Guided Vehicles) in semi-enclosed and fully enclosed environments, including potential indoor\/outdoor fusion scenarios.It is an advanced software and hardware integrated system that provides robust and reliable robot operations for various applications like security inspection, industrial automation, logistics, and transport.\",\"breadcrumb\":{\"@id\":\"https:\/\/www.ghostysky.com\/product\/agilex-navis-kit\/#breadcrumb\"},\"inLanguage\":\"es\",\"potentialAction\":[{\"@type\":\"ReadAction\",\"target\":[\"https:\/\/www.ghostysky.com\/product\/agilex-navis-kit\/\"]}]},{\"@type\":\"ImageObject\",\"inLanguage\":\"es\",\"@id\":\"https:\/\/www.ghostysky.com\/product\/agilex-navis-kit\/#primaryimage\",\"url\":\"https:\/\/www.ghostysky.com\/wp-content\/uploads\/2025\/10\/GH_AgilexNAVIS_2.webp\",\"contentUrl\":\"https:\/\/www.ghostysky.com\/wp-content\/uploads\/2025\/10\/GH_AgilexNAVIS_2.webp\",\"width\":2436,\"height\":2437},{\"@type\":\"BreadcrumbList\",\"@id\":\"https:\/\/www.ghostysky.com\/product\/agilex-navis-kit\/#breadcrumb\",\"itemListElement\":[{\"@type\":\"ListItem\",\"position\":1,\"name\":\"Home\",\"item\":\"https:\/\/www.ghostysky.com\/\"},{\"@type\":\"ListItem\",\"position\":2,\"name\":\"Shop\",\"item\":\"https:\/\/www.ghostysky.com\/shop\/\"},{\"@type\":\"ListItem\",\"position\":3,\"name\":\"Agilex NAVIS KIT\"}]},{\"@type\":\"WebSite\",\"@id\":\"https:\/\/www.ghostysky.com\/#website\",\"url\":\"https:\/\/www.ghostysky.com\/\",\"name\":\"Ghostysky\",\"description\":\"Delivering professional drones and services\",\"publisher\":{\"@id\":\"https:\/\/www.ghostysky.com\/#organization\"},\"potentialAction\":[{\"@type\":\"SearchAction\",\"target\":{\"@type\":\"EntryPoint\",\"urlTemplate\":\"https:\/\/www.ghostysky.com\/?s={search_term_string}\"},\"query-input\":{\"@type\":\"PropertyValueSpecification\",\"valueRequired\":true,\"valueName\":\"search_term_string\"}}],\"inLanguage\":\"es\"},{\"@type\":\"Organization\",\"@id\":\"https:\/\/www.ghostysky.com\/#organization\",\"name\":\"Ghostysky\",\"url\":\"https:\/\/www.ghostysky.com\/\",\"logo\":{\"@type\":\"ImageObject\",\"inLanguage\":\"es\",\"@id\":\"https:\/\/www.ghostysky.com\/#\/schema\/logo\/image\/\",\"url\":\"https:\/\/www.ghostysky.com\/wp-content\/uploads\/2020\/06\/cropped-ghostyskylogo_text_white2.png\",\"contentUrl\":\"https:\/\/www.ghostysky.com\/wp-content\/uploads\/2020\/06\/cropped-ghostyskylogo_text_white2.png\",\"width\":169,\"height\":56,\"caption\":\"Ghostysky\"},\"image\":{\"@id\":\"https:\/\/www.ghostysky.com\/#\/schema\/logo\/image\/\"},\"sameAs\":[\"https:\/\/www.facebook.com\/people\/Ghostysky\/100057676170234\/\",\"https:\/\/x.com\/Gh0stysky\",\"https:\/\/www.linkedin.com\/company\/34739653\",\"https:\/\/www.instagram.com\/gh0stysky\"]}]}<\/script>\n<!-- \/ Yoast SEO plugin. -->","yoast_head_json":{"title":"KIT NAVIS Agilex - Ghostysky","description":"El sistema de navegaci\u00f3n aut\u00f3noma Agilex NAVIS es una soluci\u00f3n profesional integral dise\u00f1ada por AgileX Robotics para permitir la navegaci\u00f3n aut\u00f3noma a nivel de cent\u00edmetros para robots industriales y AGV (veh\u00edculos guiados automatizados) en entornos semicerrados y completamente cerrados, incluidos posibles escenarios de fusi\u00f3n interior\/exterior. Es un sistema integrado de software y hardware avanzado que proporciona operaciones de robot robustas y confiables para diversas aplicaciones como inspecci\u00f3n de seguridad, automatizaci\u00f3n industrial, log\u00edstica y transporte.","robots":{"index":"index","follow":"follow","max-snippet":"max-snippet:-1","max-image-preview":"max-image-preview:large","max-video-preview":"max-video-preview:-1"},"canonical":"https:\/\/www.ghostysky.com\/es\/producto-2\/agilex-navis-kit\/","og_locale":"es_ES","og_type":"article","og_title":"Agilex NAVIS KIT - Ghostysky","og_description":"The Agilex NAVIS Autonomous Navigation System is a professional, full-stack solution designed by AgileX Robotics to enable centimeter-level autonomous navigation for industrial robots and AGVs (Automated Guided Vehicles) in semi-enclosed and fully enclosed environments, including potential indoor\/outdoor fusion scenarios.It is an advanced software and hardware integrated system that provides robust and reliable robot operations for various applications like security inspection, industrial automation, logistics, and transport.","og_url":"https:\/\/www.ghostysky.com\/es\/producto-2\/agilex-navis-kit\/","og_site_name":"Ghostysky","article_publisher":"https:\/\/www.facebook.com\/people\/Ghostysky\/100057676170234\/","article_modified_time":"2025-10-16T03:42:13+00:00","og_image":[{"width":2436,"height":2437,"url":"https:\/\/www.ghostysky.com\/wp-content\/uploads\/2025\/10\/GH_AgilexNAVIS_2.webp","type":"image\/webp"}],"twitter_card":"summary_large_image","twitter_site":"@Gh0stysky","twitter_misc":{"Tiempo de lectura":"2 minutos"},"schema":{"@context":"https:\/\/schema.org","@graph":[{"@type":"WebPage","@id":"https:\/\/www.ghostysky.com\/product\/agilex-navis-kit\/","url":"https:\/\/www.ghostysky.com\/product\/agilex-navis-kit\/","name":"KIT NAVIS Agilex - Ghostysky","isPartOf":{"@id":"https:\/\/www.ghostysky.com\/#website"},"primaryImageOfPage":{"@id":"https:\/\/www.ghostysky.com\/product\/agilex-navis-kit\/#primaryimage"},"image":{"@id":"https:\/\/www.ghostysky.com\/product\/agilex-navis-kit\/#primaryimage"},"thumbnailUrl":"https:\/\/www.ghostysky.com\/wp-content\/uploads\/2025\/10\/GH_AgilexNAVIS_2.webp","datePublished":"2025-10-16T03:37:02+00:00","dateModified":"2025-10-16T03:42:13+00:00","description":"El sistema de navegaci\u00f3n aut\u00f3noma Agilex NAVIS es una soluci\u00f3n profesional integral dise\u00f1ada por AgileX Robotics para permitir la navegaci\u00f3n aut\u00f3noma a nivel de cent\u00edmetros para robots industriales y AGV (veh\u00edculos guiados automatizados) en entornos semicerrados y completamente cerrados, incluidos posibles escenarios de fusi\u00f3n interior\/exterior. Es un sistema integrado de software y hardware avanzado que proporciona operaciones de robot robustas y confiables para diversas aplicaciones como inspecci\u00f3n de seguridad, automatizaci\u00f3n industrial, log\u00edstica y transporte.","breadcrumb":{"@id":"https:\/\/www.ghostysky.com\/product\/agilex-navis-kit\/#breadcrumb"},"inLanguage":"es","potentialAction":[{"@type":"ReadAction","target":["https:\/\/www.ghostysky.com\/product\/agilex-navis-kit\/"]}]},{"@type":"ImageObject","inLanguage":"es","@id":"https:\/\/www.ghostysky.com\/product\/agilex-navis-kit\/#primaryimage","url":"https:\/\/www.ghostysky.com\/wp-content\/uploads\/2025\/10\/GH_AgilexNAVIS_2.webp","contentUrl":"https:\/\/www.ghostysky.com\/wp-content\/uploads\/2025\/10\/GH_AgilexNAVIS_2.webp","width":2436,"height":2437},{"@type":"BreadcrumbList","@id":"https:\/\/www.ghostysky.com\/product\/agilex-navis-kit\/#breadcrumb","itemListElement":[{"@type":"ListItem","position":1,"name":"Home","item":"https:\/\/www.ghostysky.com\/"},{"@type":"ListItem","position":2,"name":"Shop","item":"https:\/\/www.ghostysky.com\/shop\/"},{"@type":"ListItem","position":3,"name":"Agilex NAVIS KIT"}]},{"@type":"WebSite","@id":"https:\/\/www.ghostysky.com\/#website","url":"https:\/\/www.ghostysky.com\/","name":"Ghostysky","description":"Entrega de drones y servicios profesionales","publisher":{"@id":"https:\/\/www.ghostysky.com\/#organization"},"potentialAction":[{"@type":"SearchAction","target":{"@type":"EntryPoint","urlTemplate":"https:\/\/www.ghostysky.com\/?s={search_term_string}"},"query-input":{"@type":"PropertyValueSpecification","valueRequired":true,"valueName":"search_term_string"}}],"inLanguage":"es"},{"@type":"Organization","@id":"https:\/\/www.ghostysky.com\/#organization","name":"Ghostysky","url":"https:\/\/www.ghostysky.com\/","logo":{"@type":"ImageObject","inLanguage":"es","@id":"https:\/\/www.ghostysky.com\/#\/schema\/logo\/image\/","url":"https:\/\/www.ghostysky.com\/wp-content\/uploads\/2020\/06\/cropped-ghostyskylogo_text_white2.png","contentUrl":"https:\/\/www.ghostysky.com\/wp-content\/uploads\/2020\/06\/cropped-ghostyskylogo_text_white2.png","width":169,"height":56,"caption":"Ghostysky"},"image":{"@id":"https:\/\/www.ghostysky.com\/#\/schema\/logo\/image\/"},"sameAs":["https:\/\/www.facebook.com\/people\/Ghostysky\/100057676170234\/","https:\/\/x.com\/Gh0stysky","https:\/\/www.linkedin.com\/company\/34739653","https:\/\/www.instagram.com\/gh0stysky"]}]}},"_links":{"self":[{"href":"https:\/\/www.ghostysky.com\/es\/wp-json\/wp\/v2\/product\/21178","targetHints":{"allow":["GET"]}}],"collection":[{"href":"https:\/\/www.ghostysky.com\/es\/wp-json\/wp\/v2\/product"}],"about":[{"href":"https:\/\/www.ghostysky.com\/es\/wp-json\/wp\/v2\/types\/product"}],"replies":[{"embeddable":true,"href":"https:\/\/www.ghostysky.com\/es\/wp-json\/wp\/v2\/comments?post=21178"}],"wp:featuredmedia":[{"embeddable":true,"href":"https:\/\/www.ghostysky.com\/es\/wp-json\/wp\/v2\/media\/21180"}],"wp:attachment":[{"href":"https:\/\/www.ghostysky.com\/es\/wp-json\/wp\/v2\/media?parent=21178"}],"wp:term":[{"taxonomy":"product_brand","embeddable":true,"href":"https:\/\/www.ghostysky.com\/es\/wp-json\/wp\/v2\/product_brand?post=21178"},{"taxonomy":"product_cat","embeddable":true,"href":"https:\/\/www.ghostysky.com\/es\/wp-json\/wp\/v2\/product_cat?post=21178"},{"taxonomy":"product_tag","embeddable":true,"href":"https:\/\/www.ghostysky.com\/es\/wp-json\/wp\/v2\/product_tag?post=21178"}],"curies":[{"name":"wp","href":"https:\/\/api.w.org\/{rel}","templated":true}]}}