{"id":21182,"date":"2025-10-16T03:43:44","date_gmt":"2025-10-16T03:43:44","guid":{"rendered":"https:\/\/www.ghostysky.com\/?post_type=product&#038;p=21182"},"modified":"2026-01-10T10:03:02","modified_gmt":"2026-01-10T10:03:02","slug":"agilex-piper-gripper","status":"publish","type":"product","link":"https:\/\/www.ghostysky.com\/es\/product\/agilex-piper-gripper\/","title":{"rendered":"Pinza Agilex PiPER"},"content":{"rendered":"<h3><b>Caracter\u00edsticas clave<\/b><\/h3>\n<ul>\n<li><b><span class=\"citation-148\">Alta precisi\u00f3n:<\/span><\/b><span class=\"citation-148 citation-end-148\"> Dise\u00f1ado para un agarre preciso y repetible, lo que lo hace ideal para operaciones delicadas o complejas.<\/span><\/li>\n<li><b>Agarre adaptativo:<\/b><span class=\"citation-147 citation-end-147\"> Puede manipular objetos de diferentes formas, tama\u00f1os y materiales con facilidad, proporcionando versatilidad en diversas tareas.<\/span><\/li>\n<li><b>Ligero y compacto:<\/b><span class=\"citation-146 citation-end-146\"> Su dise\u00f1o minimiza el peso y el tama\u00f1o general del brazo, lo que lo hace adecuado para aplicaciones donde el espacio y el peso son cr\u00edticos.<\/span><\/li>\n<li><b>Control integrado:<\/b><span class=\"citation-145\"> Cuenta con un controlador integrado y utiliza un <\/span><b><span class=\"citation-145\">PODER<\/span><\/b><span class=\"citation-145 citation-end-145\"> Interfaz de comunicaci\u00f3n para un control y una integraci\u00f3n perfectos con el brazo PiPER.<\/span><\/li>\n<li><b>Modos de control f\u00e1ciles de usar:<\/b><span class=\"citation-144\"> Admite varios m\u00e9todos de programaci\u00f3n y control, incluidos <\/span><b><span class=\"citation-144\">Ense\u00f1anza del Drag<\/span><\/b><span class=\"citation-144\">, <\/span><b><span class=\"citation-144\">Trayectoria fuera de l\u00ednea<\/span><\/b><span class=\"citation-144\">, <\/span><b><span class=\"citation-144\">API<\/span><\/b><span class=\"citation-144\"> control (como Python), y <\/span><b><span class=\"citation-144\">Computadora host<\/span><\/b><span class=\"citation-144 citation-end-144\"> control.<\/span><\/li>\n<\/ul>\n<p>La pinza Agilex PiPER proporciona una soluci\u00f3n confiable y de alto rendimiento para los usuarios que buscan maximizar la funcionalidad de su brazo rob\u00f3tico PiPER en campos que requieren precisi\u00f3n y flexibilidad.<\/p>","protected":false},"excerpt":{"rendered":"<p><span class=\"citation-149\">El Agilex <\/span><b><span class=\"citation-149\">Pinza PiPER<\/span><\/b><span class=\"citation-149 citation-end-149\"> es un efector final vers\u00e1til e innovador dise\u00f1ado para complementar el brazo rob\u00f3tico Agilex PiPER, destac\u00e1ndose en tareas de manipulaci\u00f3n y manejo de precisi\u00f3n en aplicaciones de automatizaci\u00f3n industrial, investigaci\u00f3n y educaci\u00f3n.<\/span><\/p>\n<ul>\n<li>Tipo de dos dedos<\/li>\n<\/ul>","protected":false},"featured_media":21184,"comment_status":"open","ping_status":"closed","template":"","meta":[],"product_brand":[1046],"product_cat":[1043,1045,1042,1037],"product_tag":[1047,1054,1081],"class_list":{"0":"post-21182","1":"product","2":"type-product","3":"status-publish","4":"has-post-thumbnail","6":"product_brand-agilex","7":"product_cat-agilex","8":"product_cat-agilex-accessories","9":"product_cat-chassis","10":"product_cat-robotics","11":"product_tag-agilex","12":"product_tag-agilex-accessories","13":"product_tag-agilex-piper-gripper","15":"first","16":"onbackorder","17":"taxable","18":"shipping-taxable","19":"purchasable","20":"product-type-simple"},"yoast_head":"<!-- This site is optimized with the Yoast SEO plugin v27.1.1 - https:\/\/yoast.com\/product\/yoast-seo-wordpress\/ -->\n<title>Agilex PiPER Gripper - Ghostysky<\/title>\n<meta name=\"description\" content=\"The Agilex PiPER Gripper is a versatile and innovative end-effector designed to complement the Agilex PiPER Robotic Arm, excelling in precision handling and manipulation tasks across industrial automation, research, and educational applications.\" \/>\n<meta name=\"robots\" content=\"index, follow, max-snippet:-1, max-image-preview:large, max-video-preview:-1\" \/>\n<link rel=\"canonical\" href=\"https:\/\/www.ghostysky.com\/es\/producto-2\/agilex-piper-gripper\/\" \/>\n<meta property=\"og:locale\" content=\"es_ES\" \/>\n<meta property=\"og:type\" content=\"article\" \/>\n<meta property=\"og:title\" content=\"Agilex PiPER Gripper - Ghostysky\" \/>\n<meta property=\"og:description\" content=\"The Agilex PiPER Gripper is a versatile and innovative end-effector designed to complement the Agilex PiPER Robotic Arm, excelling in precision handling and manipulation tasks across industrial automation, research, and educational applications.\" \/>\n<meta property=\"og:url\" content=\"https:\/\/www.ghostysky.com\/es\/producto-2\/agilex-piper-gripper\/\" \/>\n<meta property=\"og:site_name\" content=\"Ghostysky\" \/>\n<meta property=\"article:publisher\" content=\"https:\/\/www.facebook.com\/people\/Ghostysky\/100057676170234\/\" \/>\n<meta property=\"article:modified_time\" content=\"2026-01-10T10:03:02+00:00\" \/>\n<meta property=\"og:image\" content=\"https:\/\/www.ghostysky.com\/wp-content\/uploads\/2025\/10\/GH_AgilexPiperGripper_1.jpg\" \/>\n\t<meta property=\"og:image:width\" content=\"520\" \/>\n\t<meta property=\"og:image:height\" content=\"520\" \/>\n\t<meta property=\"og:image:type\" content=\"image\/jpeg\" \/>\n<meta name=\"twitter:card\" content=\"summary_large_image\" \/>\n<meta name=\"twitter:site\" content=\"@Gh0stysky\" \/>\n<meta name=\"twitter:label1\" content=\"Tiempo de lectura\" \/>\n\t<meta name=\"twitter:data1\" content=\"1 minuto\" \/>\n<script type=\"application\/ld+json\" class=\"yoast-schema-graph\">{\"@context\":\"https:\/\/schema.org\",\"@graph\":[{\"@type\":\"WebPage\",\"@id\":\"https:\/\/www.ghostysky.com\/product\/agilex-piper-gripper\/\",\"url\":\"https:\/\/www.ghostysky.com\/product\/agilex-piper-gripper\/\",\"name\":\"Agilex PiPER Gripper - Ghostysky\",\"isPartOf\":{\"@id\":\"https:\/\/www.ghostysky.com\/#website\"},\"primaryImageOfPage\":{\"@id\":\"https:\/\/www.ghostysky.com\/product\/agilex-piper-gripper\/#primaryimage\"},\"image\":{\"@id\":\"https:\/\/www.ghostysky.com\/product\/agilex-piper-gripper\/#primaryimage\"},\"thumbnailUrl\":\"https:\/\/www.ghostysky.com\/wp-content\/uploads\/2025\/10\/GH_AgilexPiperGripper_1.jpg\",\"datePublished\":\"2025-10-16T03:43:44+00:00\",\"dateModified\":\"2026-01-10T10:03:02+00:00\",\"description\":\"The Agilex PiPER Gripper is a versatile and innovative end-effector designed to complement the Agilex PiPER Robotic Arm, excelling in precision handling and manipulation tasks across industrial automation, research, and educational applications.\",\"breadcrumb\":{\"@id\":\"https:\/\/www.ghostysky.com\/product\/agilex-piper-gripper\/#breadcrumb\"},\"inLanguage\":\"es\",\"potentialAction\":[{\"@type\":\"ReadAction\",\"target\":[\"https:\/\/www.ghostysky.com\/product\/agilex-piper-gripper\/\"]}]},{\"@type\":\"ImageObject\",\"inLanguage\":\"es\",\"@id\":\"https:\/\/www.ghostysky.com\/product\/agilex-piper-gripper\/#primaryimage\",\"url\":\"https:\/\/www.ghostysky.com\/wp-content\/uploads\/2025\/10\/GH_AgilexPiperGripper_1.jpg\",\"contentUrl\":\"https:\/\/www.ghostysky.com\/wp-content\/uploads\/2025\/10\/GH_AgilexPiperGripper_1.jpg\",\"width\":520,\"height\":520},{\"@type\":\"BreadcrumbList\",\"@id\":\"https:\/\/www.ghostysky.com\/product\/agilex-piper-gripper\/#breadcrumb\",\"itemListElement\":[{\"@type\":\"ListItem\",\"position\":1,\"name\":\"Home\",\"item\":\"https:\/\/www.ghostysky.com\/\"},{\"@type\":\"ListItem\",\"position\":2,\"name\":\"Shop\",\"item\":\"https:\/\/www.ghostysky.com\/shop\/\"},{\"@type\":\"ListItem\",\"position\":3,\"name\":\"Agilex PiPER Gripper\"}]},{\"@type\":\"WebSite\",\"@id\":\"https:\/\/www.ghostysky.com\/#website\",\"url\":\"https:\/\/www.ghostysky.com\/\",\"name\":\"Ghostysky\",\"description\":\"Delivering professional drones and services\",\"publisher\":{\"@id\":\"https:\/\/www.ghostysky.com\/#organization\"},\"potentialAction\":[{\"@type\":\"SearchAction\",\"target\":{\"@type\":\"EntryPoint\",\"urlTemplate\":\"https:\/\/www.ghostysky.com\/?s={search_term_string}\"},\"query-input\":{\"@type\":\"PropertyValueSpecification\",\"valueRequired\":true,\"valueName\":\"search_term_string\"}}],\"inLanguage\":\"es\"},{\"@type\":\"Organization\",\"@id\":\"https:\/\/www.ghostysky.com\/#organization\",\"name\":\"Ghostysky\",\"url\":\"https:\/\/www.ghostysky.com\/\",\"logo\":{\"@type\":\"ImageObject\",\"inLanguage\":\"es\",\"@id\":\"https:\/\/www.ghostysky.com\/#\/schema\/logo\/image\/\",\"url\":\"https:\/\/www.ghostysky.com\/wp-content\/uploads\/2020\/06\/cropped-ghostyskylogo_text_white2.png\",\"contentUrl\":\"https:\/\/www.ghostysky.com\/wp-content\/uploads\/2020\/06\/cropped-ghostyskylogo_text_white2.png\",\"width\":169,\"height\":56,\"caption\":\"Ghostysky\"},\"image\":{\"@id\":\"https:\/\/www.ghostysky.com\/#\/schema\/logo\/image\/\"},\"sameAs\":[\"https:\/\/www.facebook.com\/people\/Ghostysky\/100057676170234\/\",\"https:\/\/x.com\/Gh0stysky\",\"https:\/\/www.linkedin.com\/company\/34739653\",\"https:\/\/www.instagram.com\/gh0stysky\"]}]}<\/script>\n<!-- \/ Yoast SEO plugin. -->","yoast_head_json":{"title":"Pinza Agilex PiPER - Ghostysky","description":"La pinza Agilex PiPER es un efector final vers\u00e1til e innovador dise\u00f1ado para complementar el brazo rob\u00f3tico Agilex PiPER, destac\u00e1ndose en tareas de manipulaci\u00f3n y manejo de precisi\u00f3n en aplicaciones de automatizaci\u00f3n industrial, investigaci\u00f3n y educaci\u00f3n.","robots":{"index":"index","follow":"follow","max-snippet":"max-snippet:-1","max-image-preview":"max-image-preview:large","max-video-preview":"max-video-preview:-1"},"canonical":"https:\/\/www.ghostysky.com\/es\/producto-2\/agilex-piper-gripper\/","og_locale":"es_ES","og_type":"article","og_title":"Agilex PiPER Gripper - Ghostysky","og_description":"The Agilex PiPER Gripper is a versatile and innovative end-effector designed to complement the Agilex PiPER Robotic Arm, excelling in precision handling and manipulation tasks across industrial automation, research, and educational applications.","og_url":"https:\/\/www.ghostysky.com\/es\/producto-2\/agilex-piper-gripper\/","og_site_name":"Ghostysky","article_publisher":"https:\/\/www.facebook.com\/people\/Ghostysky\/100057676170234\/","article_modified_time":"2026-01-10T10:03:02+00:00","og_image":[{"width":520,"height":520,"url":"https:\/\/www.ghostysky.com\/wp-content\/uploads\/2025\/10\/GH_AgilexPiperGripper_1.jpg","type":"image\/jpeg"}],"twitter_card":"summary_large_image","twitter_site":"@Gh0stysky","twitter_misc":{"Tiempo de lectura":"1 minuto"},"schema":{"@context":"https:\/\/schema.org","@graph":[{"@type":"WebPage","@id":"https:\/\/www.ghostysky.com\/product\/agilex-piper-gripper\/","url":"https:\/\/www.ghostysky.com\/product\/agilex-piper-gripper\/","name":"Pinza Agilex PiPER - Ghostysky","isPartOf":{"@id":"https:\/\/www.ghostysky.com\/#website"},"primaryImageOfPage":{"@id":"https:\/\/www.ghostysky.com\/product\/agilex-piper-gripper\/#primaryimage"},"image":{"@id":"https:\/\/www.ghostysky.com\/product\/agilex-piper-gripper\/#primaryimage"},"thumbnailUrl":"https:\/\/www.ghostysky.com\/wp-content\/uploads\/2025\/10\/GH_AgilexPiperGripper_1.jpg","datePublished":"2025-10-16T03:43:44+00:00","dateModified":"2026-01-10T10:03:02+00:00","description":"La pinza Agilex PiPER es un efector final vers\u00e1til e innovador dise\u00f1ado para complementar el brazo rob\u00f3tico Agilex PiPER, destac\u00e1ndose en tareas de manipulaci\u00f3n y manejo de precisi\u00f3n en aplicaciones de automatizaci\u00f3n industrial, investigaci\u00f3n y educaci\u00f3n.","breadcrumb":{"@id":"https:\/\/www.ghostysky.com\/product\/agilex-piper-gripper\/#breadcrumb"},"inLanguage":"es","potentialAction":[{"@type":"ReadAction","target":["https:\/\/www.ghostysky.com\/product\/agilex-piper-gripper\/"]}]},{"@type":"ImageObject","inLanguage":"es","@id":"https:\/\/www.ghostysky.com\/product\/agilex-piper-gripper\/#primaryimage","url":"https:\/\/www.ghostysky.com\/wp-content\/uploads\/2025\/10\/GH_AgilexPiperGripper_1.jpg","contentUrl":"https:\/\/www.ghostysky.com\/wp-content\/uploads\/2025\/10\/GH_AgilexPiperGripper_1.jpg","width":520,"height":520},{"@type":"BreadcrumbList","@id":"https:\/\/www.ghostysky.com\/product\/agilex-piper-gripper\/#breadcrumb","itemListElement":[{"@type":"ListItem","position":1,"name":"Home","item":"https:\/\/www.ghostysky.com\/"},{"@type":"ListItem","position":2,"name":"Shop","item":"https:\/\/www.ghostysky.com\/shop\/"},{"@type":"ListItem","position":3,"name":"Agilex PiPER Gripper"}]},{"@type":"WebSite","@id":"https:\/\/www.ghostysky.com\/#website","url":"https:\/\/www.ghostysky.com\/","name":"Ghostysky","description":"Entrega de drones y servicios profesionales","publisher":{"@id":"https:\/\/www.ghostysky.com\/#organization"},"potentialAction":[{"@type":"SearchAction","target":{"@type":"EntryPoint","urlTemplate":"https:\/\/www.ghostysky.com\/?s={search_term_string}"},"query-input":{"@type":"PropertyValueSpecification","valueRequired":true,"valueName":"search_term_string"}}],"inLanguage":"es"},{"@type":"Organization","@id":"https:\/\/www.ghostysky.com\/#organization","name":"Ghostysky","url":"https:\/\/www.ghostysky.com\/","logo":{"@type":"ImageObject","inLanguage":"es","@id":"https:\/\/www.ghostysky.com\/#\/schema\/logo\/image\/","url":"https:\/\/www.ghostysky.com\/wp-content\/uploads\/2020\/06\/cropped-ghostyskylogo_text_white2.png","contentUrl":"https:\/\/www.ghostysky.com\/wp-content\/uploads\/2020\/06\/cropped-ghostyskylogo_text_white2.png","width":169,"height":56,"caption":"Ghostysky"},"image":{"@id":"https:\/\/www.ghostysky.com\/#\/schema\/logo\/image\/"},"sameAs":["https:\/\/www.facebook.com\/people\/Ghostysky\/100057676170234\/","https:\/\/x.com\/Gh0stysky","https:\/\/www.linkedin.com\/company\/34739653","https:\/\/www.instagram.com\/gh0stysky"]}]}},"_links":{"self":[{"href":"https:\/\/www.ghostysky.com\/es\/wp-json\/wp\/v2\/product\/21182","targetHints":{"allow":["GET"]}}],"collection":[{"href":"https:\/\/www.ghostysky.com\/es\/wp-json\/wp\/v2\/product"}],"about":[{"href":"https:\/\/www.ghostysky.com\/es\/wp-json\/wp\/v2\/types\/product"}],"replies":[{"embeddable":true,"href":"https:\/\/www.ghostysky.com\/es\/wp-json\/wp\/v2\/comments?post=21182"}],"wp:featuredmedia":[{"embeddable":true,"href":"https:\/\/www.ghostysky.com\/es\/wp-json\/wp\/v2\/media\/21184"}],"wp:attachment":[{"href":"https:\/\/www.ghostysky.com\/es\/wp-json\/wp\/v2\/media?parent=21182"}],"wp:term":[{"taxonomy":"product_brand","embeddable":true,"href":"https:\/\/www.ghostysky.com\/es\/wp-json\/wp\/v2\/product_brand?post=21182"},{"taxonomy":"product_cat","embeddable":true,"href":"https:\/\/www.ghostysky.com\/es\/wp-json\/wp\/v2\/product_cat?post=21182"},{"taxonomy":"product_tag","embeddable":true,"href":"https:\/\/www.ghostysky.com\/es\/wp-json\/wp\/v2\/product_tag?post=21182"}],"curies":[{"name":"wp","href":"https:\/\/api.w.org\/{rel}","templated":true}]}}