{"id":21185,"date":"2025-10-16T03:49:21","date_gmt":"2025-10-16T03:49:21","guid":{"rendered":"https:\/\/www.ghostysky.com\/?post_type=product&#038;p=21185"},"modified":"2025-10-16T03:49:55","modified_gmt":"2025-10-16T03:49:55","slug":"agilex-pika-sense","status":"publish","type":"product","link":"https:\/\/www.ghostysky.com\/es\/product\/agilex-pika-sense\/","title":{"rendered":"Agilex PiKA Sense"},"content":{"rendered":"<h3><b>Caracter\u00edsticas y beneficios clave<\/b><\/h3>\n<ul>\n<li><b>Unidad multisensor port\u00e1til:<\/b><span class=\"citation-178\"> El <\/span><b><span class=\"citation-178\">PiKA Sense<\/span><\/b><span class=\"citation-178 citation-end-178\"> es un peso ligero (aprox.<sup class=\"superscript\" data-turn-source-index=\"2\">2<\/sup><\/span> <span class=\"citation-177 citation-end-177\">550 g) y dispositivo port\u00e1til de dise\u00f1o ergon\u00f3mico para operaci\u00f3n manual intuitiva y recopilaci\u00f3n de datos m\u00f3vil.<sup class=\"superscript\" data-turn-source-index=\"3\">3<\/sup><\/span><\/li>\n<li><b>Captura de datos de alta precisi\u00f3n:<\/b><span class=\"citation-176 citation-end-176\"> Est\u00e1 dise\u00f1ado para una detecci\u00f3n ambiental multimodal precisa, que proporciona una precisi\u00f3n de posicionamiento espacial a nivel milim\u00e9trico (hasta <sup class=\"superscript\" data-turn-source-index=\"4\">4<\/sup><\/span><span class=\"math-inline\" data-math=\"\\pm 1.5\\text{ mm}\">$\\pm 1.5\\texto{ mm}$<\/span><span class=\"citation-175 citation-end-175\">).<sup class=\"superscript\" data-turn-source-index=\"5\">5<\/sup><\/span><\/li>\n<li><b>Conjunto de sensores integrados:<\/b> La unidad captura datos valiosos esenciales para el entrenamiento de modelos de IA y la manipulaci\u00f3n rob\u00f3tica, incluidos:\n<ul>\n<li><b><span class=\"citation-174\">Im\u00e1genes RGB:<\/span><\/b><span class=\"citation-174 citation-end-174\"> Contexto visual de alta calidad.<sup class=\"superscript\" data-turn-source-index=\"6\">6<\/sup><\/span><\/li>\n<li><b><span class=\"citation-173\">Datos de profundidad:<\/span><\/b><span class=\"citation-173 citation-end-173\"> Recopilados mediante una c\u00e1mara de profundidad binocular, que ofrece una percepci\u00f3n espacial de alta precisi\u00f3n (por ejemplo, <sup class=\"superscript\" data-turn-source-index=\"7\">7<\/sup><\/span><span class=\"math-inline\" data-math=\"\\pm 2\\%\">$\\pm 2\\%$<\/span><span class=\"citation-172 citation-end-172\"> precisi\u00f3n en <sup class=\"superscript\" data-turn-source-index=\"8\">8<\/sup><\/span><span class=\"math-inline\" data-math=\"50\\text{ cm}\">$50\\texto{ cm}$<\/span><span class=\"citation-171 citation-end-171\">).<sup class=\"superscript\" data-turn-source-index=\"9\">9<\/sup><\/span><\/li>\n<li><b><span class=\"citation-170\">C\u00e1mara gran angular:<\/span><\/b><span class=\"citation-170 citation-end-170\"> Proporciona un amplio campo de visi\u00f3n (hasta <sup class=\"superscript\" data-turn-source-index=\"10\">10<\/sup><\/span><span class=\"math-inline\" data-math=\"200^\\circ\">$200^\\circ$<\/span><span class=\"citation-169 citation-end-169\"> FOV diagonal) para un contexto ambiental integral.<sup class=\"superscript\" data-turn-source-index=\"11\">11<\/sup><\/span><\/li>\n<li><b><span class=\"citation-168\">Datos de la IMU:<\/span><\/b><span class=\"citation-168 citation-end-168\"> Una unidad de medici\u00f3n inercial (IMU) de 9 ejes para un seguimiento de movimiento preciso.<sup class=\"superscript\" data-turn-source-index=\"12\">12<\/sup><\/span><\/li>\n<\/ul>\n<\/li>\n<li><b><span class=\"citation-167\">Listo para el desarrollo:<\/span><\/b><span class=\"citation-167\"> Totalmente compatible con <\/span><b><span class=\"citation-167\">ROS1<\/span><\/b><span class=\"citation-167\"> y <\/span><b><span class=\"citation-167\">ROS2<\/span><\/b><span class=\"citation-167 citation-end-167\">, con un dise\u00f1o plug-and-play que permite la creaci\u00f3n r\u00e1pida de prototipos y una integraci\u00f3n perfecta en entornos de desarrollo existentes.<sup class=\"superscript\" data-turn-source-index=\"13\">13<\/sup><\/span><\/li>\n<li><b><span class=\"citation-166\">Aplicaci\u00f3n vers\u00e1til:<\/span><\/b><span class=\"citation-166 citation-end-166\"> Ideal para acelerar la adquisici\u00f3n de datos, la investigaci\u00f3n en manipulaci\u00f3n rob\u00f3tica, la interacci\u00f3n humano-robot y la implementaci\u00f3n en diversos entornos del mundo real (por ejemplo, oficinas, hogares, investigaci\u00f3n de campo).<sup class=\"superscript\" data-turn-source-index=\"14\">14<\/sup><\/span><\/li>\n<li><b><span class=\"citation-165\">Parte del sistema PiKA:<\/span><\/b><span class=\"citation-165\"> Si bien es potente por s\u00ed solo, funciona en conjunto con el <\/span><b><span class=\"citation-165\">Pinza PiKA<\/span><\/b><span class=\"citation-165\"> (un efector final rob\u00f3tico) y el <\/span><b><span class=\"citation-165\">Estaci\u00f3n PiKA<\/span><\/b><span class=\"citation-165 citation-end-165\"> (una base de posicionamiento de alta precisi\u00f3n) para formar una soluci\u00f3n completa, de calibraci\u00f3n cero y de implementaci\u00f3n r\u00e1pida para investigadores y desarrolladores.<sup class=\"superscript\" data-turn-source-index=\"15\">15<\/sup><\/span><\/li>\n<\/ul>\n<p>En resumen, AgileX PiKA Sense es su herramienta r\u00e1pida, liviana y precisa para capturar datos multimodales. <span class=\"math-inline\" data-math=\"3\\text{D}\">$3\\texto{D}$<\/span> Se requieren datos de sensores para ampliar los l\u00edmites del desarrollo de la inteligencia artificial y la rob\u00f3tica incorporadas.<\/p>","protected":false},"excerpt":{"rendered":"<p>AgileX PiKA Sense es una unidad multisensor port\u00e1til de alto rendimiento dise\u00f1ada como un componente central del sistema de recopilaci\u00f3n de datos AgileX PiKA para la investigaci\u00f3n en rob\u00f3tica e inteligencia incorporada.<\/p>\n<ul>\n<li>Pinza de mano<\/li>\n<li>Peso: 550g<\/li>\n<\/ul>","protected":false},"featured_media":21187,"comment_status":"open","ping_status":"closed","template":"","meta":[],"product_brand":[1046],"product_cat":[1043,1045,1042,1037],"product_tag":[1047,1054,1082],"class_list":{"0":"post-21185","1":"product","2":"type-product","3":"status-publish","4":"has-post-thumbnail","6":"product_brand-agilex","7":"product_cat-agilex","8":"product_cat-agilex-accessories","9":"product_cat-chassis","10":"product_cat-robotics","11":"product_tag-agilex","12":"product_tag-agilex-accessories","13":"product_tag-agilex-pika-sense","15":"first","16":"onbackorder","17":"taxable","18":"shipping-taxable","19":"purchasable","20":"product-type-simple"},"yoast_head":"<!-- This site is optimized with the Yoast SEO plugin v27.4 - https:\/\/yoast.com\/product\/yoast-seo-wordpress\/ -->\n<title>Agilex PiKA Sense - Ghostysky<\/title>\n<meta name=\"description\" content=\"The AgileX PiKA Sense is a high-performance, portable multi-sensor unit designed as a core component of the AgileX PiKA data collection system for embodied intelligence and robotics research.\" \/>\n<meta name=\"robots\" content=\"index, follow, max-snippet:-1, max-image-preview:large, max-video-preview:-1\" \/>\n<link rel=\"canonical\" href=\"https:\/\/www.ghostysky.com\/es\/producto-2\/agilex-pika-sense\/\" \/>\n<meta property=\"og:locale\" content=\"es_ES\" \/>\n<meta property=\"og:type\" content=\"article\" \/>\n<meta property=\"og:title\" content=\"Agilex PiKA Sense - Ghostysky\" \/>\n<meta property=\"og:description\" content=\"The AgileX PiKA Sense is a high-performance, portable multi-sensor unit designed as a core component of the AgileX PiKA data collection system for embodied intelligence and robotics research.\" \/>\n<meta property=\"og:url\" content=\"https:\/\/www.ghostysky.com\/es\/producto-2\/agilex-pika-sense\/\" \/>\n<meta property=\"og:site_name\" content=\"Ghostysky\" \/>\n<meta property=\"article:publisher\" content=\"https:\/\/www.facebook.com\/people\/Ghostysky\/100057676170234\/\" \/>\n<meta property=\"article:modified_time\" content=\"2025-10-16T03:49:55+00:00\" \/>\n<meta property=\"og:image\" content=\"https:\/\/www.ghostysky.com\/wp-content\/uploads\/2025\/10\/GH_AgilexPikaSense_1.jpg\" \/>\n\t<meta property=\"og:image:width\" content=\"520\" \/>\n\t<meta property=\"og:image:height\" content=\"520\" \/>\n\t<meta property=\"og:image:type\" content=\"image\/jpeg\" \/>\n<meta name=\"twitter:card\" content=\"summary_large_image\" \/>\n<meta name=\"twitter:site\" content=\"@Gh0stysky\" \/>\n<meta name=\"twitter:label1\" content=\"Tiempo de lectura\" \/>\n\t<meta name=\"twitter:data1\" content=\"2 minutos\" \/>\n<script type=\"application\/ld+json\" class=\"yoast-schema-graph\">{\"@context\":\"https:\\\/\\\/schema.org\",\"@graph\":[{\"@type\":\"WebPage\",\"@id\":\"https:\\\/\\\/www.ghostysky.com\\\/product\\\/agilex-pika-sense\\\/\",\"url\":\"https:\\\/\\\/www.ghostysky.com\\\/product\\\/agilex-pika-sense\\\/\",\"name\":\"Agilex PiKA Sense - Ghostysky\",\"isPartOf\":{\"@id\":\"https:\\\/\\\/www.ghostysky.com\\\/#website\"},\"primaryImageOfPage\":{\"@id\":\"https:\\\/\\\/www.ghostysky.com\\\/product\\\/agilex-pika-sense\\\/#primaryimage\"},\"image\":{\"@id\":\"https:\\\/\\\/www.ghostysky.com\\\/product\\\/agilex-pika-sense\\\/#primaryimage\"},\"thumbnailUrl\":\"https:\\\/\\\/www.ghostysky.com\\\/wp-content\\\/uploads\\\/2025\\\/10\\\/GH_AgilexPikaSense_1.jpg\",\"datePublished\":\"2025-10-16T03:49:21+00:00\",\"dateModified\":\"2025-10-16T03:49:55+00:00\",\"description\":\"The AgileX PiKA Sense is a high-performance, portable multi-sensor unit designed as a core component of the AgileX PiKA data collection system for embodied intelligence and robotics research.\",\"breadcrumb\":{\"@id\":\"https:\\\/\\\/www.ghostysky.com\\\/product\\\/agilex-pika-sense\\\/#breadcrumb\"},\"inLanguage\":\"es\",\"potentialAction\":[{\"@type\":\"ReadAction\",\"target\":[\"https:\\\/\\\/www.ghostysky.com\\\/product\\\/agilex-pika-sense\\\/\"]}]},{\"@type\":\"ImageObject\",\"inLanguage\":\"es\",\"@id\":\"https:\\\/\\\/www.ghostysky.com\\\/product\\\/agilex-pika-sense\\\/#primaryimage\",\"url\":\"https:\\\/\\\/www.ghostysky.com\\\/wp-content\\\/uploads\\\/2025\\\/10\\\/GH_AgilexPikaSense_1.jpg\",\"contentUrl\":\"https:\\\/\\\/www.ghostysky.com\\\/wp-content\\\/uploads\\\/2025\\\/10\\\/GH_AgilexPikaSense_1.jpg\",\"width\":520,\"height\":520},{\"@type\":\"BreadcrumbList\",\"@id\":\"https:\\\/\\\/www.ghostysky.com\\\/product\\\/agilex-pika-sense\\\/#breadcrumb\",\"itemListElement\":[{\"@type\":\"ListItem\",\"position\":1,\"name\":\"Home\",\"item\":\"https:\\\/\\\/www.ghostysky.com\\\/\"},{\"@type\":\"ListItem\",\"position\":2,\"name\":\"Shop\",\"item\":\"https:\\\/\\\/www.ghostysky.com\\\/shop\\\/\"},{\"@type\":\"ListItem\",\"position\":3,\"name\":\"Agilex PiKA Sense\"}]},{\"@type\":\"WebSite\",\"@id\":\"https:\\\/\\\/www.ghostysky.com\\\/#website\",\"url\":\"https:\\\/\\\/www.ghostysky.com\\\/\",\"name\":\"Ghostysky\",\"description\":\"Delivering professional drones and robotics solutions\",\"publisher\":{\"@id\":\"https:\\\/\\\/www.ghostysky.com\\\/#organization\"},\"potentialAction\":[{\"@type\":\"SearchAction\",\"target\":{\"@type\":\"EntryPoint\",\"urlTemplate\":\"https:\\\/\\\/www.ghostysky.com\\\/?s={search_term_string}\"},\"query-input\":{\"@type\":\"PropertyValueSpecification\",\"valueRequired\":true,\"valueName\":\"search_term_string\"}}],\"inLanguage\":\"es\"},{\"@type\":\"Organization\",\"@id\":\"https:\\\/\\\/www.ghostysky.com\\\/#organization\",\"name\":\"Ghostysky\",\"url\":\"https:\\\/\\\/www.ghostysky.com\\\/\",\"logo\":{\"@type\":\"ImageObject\",\"inLanguage\":\"es\",\"@id\":\"https:\\\/\\\/www.ghostysky.com\\\/#\\\/schema\\\/logo\\\/image\\\/\",\"url\":\"https:\\\/\\\/www.ghostysky.com\\\/wp-content\\\/uploads\\\/2020\\\/06\\\/cropped-ghostyskylogo_text_white2.png\",\"contentUrl\":\"https:\\\/\\\/www.ghostysky.com\\\/wp-content\\\/uploads\\\/2020\\\/06\\\/cropped-ghostyskylogo_text_white2.png\",\"width\":169,\"height\":56,\"caption\":\"Ghostysky\"},\"image\":{\"@id\":\"https:\\\/\\\/www.ghostysky.com\\\/#\\\/schema\\\/logo\\\/image\\\/\"},\"sameAs\":[\"https:\\\/\\\/www.facebook.com\\\/people\\\/Ghostysky\\\/100057676170234\\\/\",\"https:\\\/\\\/x.com\\\/Gh0stysky\",\"https:\\\/\\\/www.linkedin.com\\\/company\\\/34739653\",\"https:\\\/\\\/www.instagram.com\\\/gh0stysky\"]}]}<\/script>\n<!-- \/ Yoast SEO plugin. -->","yoast_head_json":{"title":"Agilex PiKA Sense - Ghostysky","description":"AgileX PiKA Sense es una unidad multisensor port\u00e1til de alto rendimiento dise\u00f1ada como un componente central del sistema de recopilaci\u00f3n de datos AgileX PiKA para la investigaci\u00f3n en rob\u00f3tica e inteligencia incorporada.","robots":{"index":"index","follow":"follow","max-snippet":"max-snippet:-1","max-image-preview":"max-image-preview:large","max-video-preview":"max-video-preview:-1"},"canonical":"https:\/\/www.ghostysky.com\/es\/producto-2\/agilex-pika-sense\/","og_locale":"es_ES","og_type":"article","og_title":"Agilex PiKA Sense - Ghostysky","og_description":"The AgileX PiKA Sense is a high-performance, portable multi-sensor unit designed as a core component of the AgileX PiKA data collection system for embodied intelligence and robotics research.","og_url":"https:\/\/www.ghostysky.com\/es\/producto-2\/agilex-pika-sense\/","og_site_name":"Ghostysky","article_publisher":"https:\/\/www.facebook.com\/people\/Ghostysky\/100057676170234\/","article_modified_time":"2025-10-16T03:49:55+00:00","og_image":[{"width":520,"height":520,"url":"https:\/\/www.ghostysky.com\/wp-content\/uploads\/2025\/10\/GH_AgilexPikaSense_1.jpg","type":"image\/jpeg"}],"twitter_card":"summary_large_image","twitter_site":"@Gh0stysky","twitter_misc":{"Tiempo de lectura":"2 minutos"},"schema":{"@context":"https:\/\/schema.org","@graph":[{"@type":"WebPage","@id":"https:\/\/www.ghostysky.com\/product\/agilex-pika-sense\/","url":"https:\/\/www.ghostysky.com\/product\/agilex-pika-sense\/","name":"Agilex PiKA Sense - Ghostysky","isPartOf":{"@id":"https:\/\/www.ghostysky.com\/#website"},"primaryImageOfPage":{"@id":"https:\/\/www.ghostysky.com\/product\/agilex-pika-sense\/#primaryimage"},"image":{"@id":"https:\/\/www.ghostysky.com\/product\/agilex-pika-sense\/#primaryimage"},"thumbnailUrl":"https:\/\/www.ghostysky.com\/wp-content\/uploads\/2025\/10\/GH_AgilexPikaSense_1.jpg","datePublished":"2025-10-16T03:49:21+00:00","dateModified":"2025-10-16T03:49:55+00:00","description":"AgileX PiKA Sense es una unidad multisensor port\u00e1til de alto rendimiento dise\u00f1ada como un componente central del sistema de recopilaci\u00f3n de datos AgileX PiKA para la investigaci\u00f3n en rob\u00f3tica e inteligencia incorporada.","breadcrumb":{"@id":"https:\/\/www.ghostysky.com\/product\/agilex-pika-sense\/#breadcrumb"},"inLanguage":"es","potentialAction":[{"@type":"ReadAction","target":["https:\/\/www.ghostysky.com\/product\/agilex-pika-sense\/"]}]},{"@type":"ImageObject","inLanguage":"es","@id":"https:\/\/www.ghostysky.com\/product\/agilex-pika-sense\/#primaryimage","url":"https:\/\/www.ghostysky.com\/wp-content\/uploads\/2025\/10\/GH_AgilexPikaSense_1.jpg","contentUrl":"https:\/\/www.ghostysky.com\/wp-content\/uploads\/2025\/10\/GH_AgilexPikaSense_1.jpg","width":520,"height":520},{"@type":"BreadcrumbList","@id":"https:\/\/www.ghostysky.com\/product\/agilex-pika-sense\/#breadcrumb","itemListElement":[{"@type":"ListItem","position":1,"name":"Home","item":"https:\/\/www.ghostysky.com\/"},{"@type":"ListItem","position":2,"name":"Shop","item":"https:\/\/www.ghostysky.com\/shop\/"},{"@type":"ListItem","position":3,"name":"Agilex PiKA Sense"}]},{"@type":"WebSite","@id":"https:\/\/www.ghostysky.com\/#website","url":"https:\/\/www.ghostysky.com\/","name":"Ghostysky","description":"Ofrecemos soluciones profesionales de drones y rob\u00f3tica.","publisher":{"@id":"https:\/\/www.ghostysky.com\/#organization"},"potentialAction":[{"@type":"SearchAction","target":{"@type":"EntryPoint","urlTemplate":"https:\/\/www.ghostysky.com\/?s={search_term_string}"},"query-input":{"@type":"PropertyValueSpecification","valueRequired":true,"valueName":"search_term_string"}}],"inLanguage":"es"},{"@type":"Organization","@id":"https:\/\/www.ghostysky.com\/#organization","name":"Ghostysky","url":"https:\/\/www.ghostysky.com\/","logo":{"@type":"ImageObject","inLanguage":"es","@id":"https:\/\/www.ghostysky.com\/#\/schema\/logo\/image\/","url":"https:\/\/www.ghostysky.com\/wp-content\/uploads\/2020\/06\/cropped-ghostyskylogo_text_white2.png","contentUrl":"https:\/\/www.ghostysky.com\/wp-content\/uploads\/2020\/06\/cropped-ghostyskylogo_text_white2.png","width":169,"height":56,"caption":"Ghostysky"},"image":{"@id":"https:\/\/www.ghostysky.com\/#\/schema\/logo\/image\/"},"sameAs":["https:\/\/www.facebook.com\/people\/Ghostysky\/100057676170234\/","https:\/\/x.com\/Gh0stysky","https:\/\/www.linkedin.com\/company\/34739653","https:\/\/www.instagram.com\/gh0stysky"]}]}},"_links":{"self":[{"href":"https:\/\/www.ghostysky.com\/es\/wp-json\/wp\/v2\/product\/21185","targetHints":{"allow":["GET"]}}],"collection":[{"href":"https:\/\/www.ghostysky.com\/es\/wp-json\/wp\/v2\/product"}],"about":[{"href":"https:\/\/www.ghostysky.com\/es\/wp-json\/wp\/v2\/types\/product"}],"replies":[{"embeddable":true,"href":"https:\/\/www.ghostysky.com\/es\/wp-json\/wp\/v2\/comments?post=21185"}],"version-history":[{"count":0,"href":"https:\/\/www.ghostysky.com\/es\/wp-json\/wp\/v2\/product\/21185\/revisions"}],"wp:featuredmedia":[{"embeddable":true,"href":"https:\/\/www.ghostysky.com\/es\/wp-json\/wp\/v2\/media\/21187"}],"wp:attachment":[{"href":"https:\/\/www.ghostysky.com\/es\/wp-json\/wp\/v2\/media?parent=21185"}],"wp:term":[{"taxonomy":"product_brand","embeddable":true,"href":"https:\/\/www.ghostysky.com\/es\/wp-json\/wp\/v2\/product_brand?post=21185"},{"taxonomy":"product_cat","embeddable":true,"href":"https:\/\/www.ghostysky.com\/es\/wp-json\/wp\/v2\/product_cat?post=21185"},{"taxonomy":"product_tag","embeddable":true,"href":"https:\/\/www.ghostysky.com\/es\/wp-json\/wp\/v2\/product_tag?post=21185"}],"curies":[{"name":"wp","href":"https:\/\/api.w.org\/{rel}","templated":true}]}}