{"id":21188,"date":"2025-10-16T03:54:12","date_gmt":"2025-10-16T03:54:12","guid":{"rendered":"https:\/\/www.ghostysky.com\/?post_type=product&#038;p=21188"},"modified":"2026-01-10T10:01:57","modified_gmt":"2026-01-10T10:01:57","slug":"agilex-pika-gripper","status":"publish","type":"product","link":"https:\/\/www.ghostysky.com\/es\/product\/agilex-pika-gripper\/","title":{"rendered":"Pinza Agilex PiKA"},"content":{"rendered":"<h3><b>Caracter\u00edsticas clave<\/b><\/h3>\n<ul>\n<li><b><span class=\"citation-211\">Actuaci\u00f3n de precisi\u00f3n:<\/span><\/b><span class=\"citation-211 citation-end-211\"> Proporciona una alta precisi\u00f3n de posicionamiento espacial de <sup class=\"superscript\" data-turn-source-index=\"3\">3<\/sup><\/span><b><span class=\"math-inline\" data-math=\"\\pm 1.5\">$\\pm 1.5$<\/span><span class=\"citation-210\"> mil\u00edmetros<\/span><\/b><span class=\"citation-210 citation-end-210\"> para un funcionamiento consistente y confiable.<sup class=\"superscript\" data-turn-source-index=\"4\">4<\/sup><\/span><\/li>\n<li><b>Agarre potente y flexible:<\/b><span class=\"citation-209\"> Una pinza paralela de dos dedos con una fuerza de agarre m\u00e1xima de <\/span><b><span class=\"citation-209 citation-end-209\">arriba a <sup class=\"superscript\" data-turn-source-index=\"5\">5<\/sup><\/span><span class=\"math-inline\" data-math=\"2\">$2$<\/span><span class=\"citation-208\"> kg<\/span><\/b><span class=\"citation-208 citation-end-208\"> y un rango de agarre ajustable desde <sup class=\"superscript\" data-turn-source-index=\"6\">6<\/sup><\/span><b><span class=\"math-inline\" data-math=\"0\">$0$<\/span><span class=\"citation-207 citation-end-207\"> a <sup class=\"superscript\" data-turn-source-index=\"7\">7<\/sup><\/span><span class=\"math-inline\" data-math=\"95\">$95$<\/span><span class=\"citation-206\"> mil\u00edmetros<\/span><\/b><span class=\"citation-206 citation-end-206\">, lo que le permite manejar una amplia variedad de objetos.<sup class=\"superscript\" data-turn-source-index=\"8\">8<\/sup><\/span><\/li>\n<li><b>Captura de datos multimodales:<\/b><span class=\"citation-205 citation-end-205\"> Integra sensores avanzados para una percepci\u00f3n ambiental integral:<sup class=\"superscript\" data-turn-source-index=\"9\">9<\/sup><\/span>\n<ul>\n<li><b><span class=\"citation-204\">Sistema de doble c\u00e1mara:<\/span><\/b><span class=\"citation-204\"> Incluye un <\/span><b><span class=\"citation-204\">c\u00e1mara de profundidad<\/span><\/b><span class=\"citation-204\"> y un <\/span><b><span class=\"citation-204\">c\u00e1mara gran angular (hasta 200$^{\\circ}$ FOV)<\/span><\/b><span class=\"citation-204 citation-end-204\"> para capturar el contexto visual, la percepci\u00f3n de profundidad y la inferencia de acci\u00f3n.<sup class=\"superscript\" data-turn-source-index=\"10\">10<\/sup><\/span><\/li>\n<li><b><span class=\"citation-203\">IMU (Unidad de medici\u00f3n inercial) de 9 ejes<\/span><\/b><span class=\"citation-203 citation-end-203\"> sensor.<sup class=\"superscript\" data-turn-source-index=\"11\">11<\/sup><\/span><\/li>\n<li><span class=\"citation-202\">Produce datos esenciales que incluyen: <\/span><b><span class=\"citation-202\">Coordenadas espaciales 6D, im\u00e1genes RGB, profundidad y datos IMU<\/span><\/b><span class=\"citation-202 citation-end-202\"> en tiempo real.<sup class=\"superscript\" data-turn-source-index=\"12\">12<\/sup><\/span><\/li>\n<\/ul>\n<\/li>\n<li><b><span class=\"citation-201\">Integraci\u00f3n rob\u00f3tica:<\/span><\/b><span class=\"citation-201\"> Cuenta con una <\/span><b><span class=\"citation-201\">interfaz de brida universal<\/span><\/b><span class=\"citation-201 citation-end-201\"> para un montaje perfecto en varios brazos rob\u00f3ticos.<sup class=\"superscript\" data-turn-source-index=\"13\">13<\/sup><\/span><\/li>\n<li><b><span class=\"citation-200\">Dise\u00f1o ligero:<\/span><\/b><span class=\"citation-200 citation-end-200\"> Con un peso aproximado <sup class=\"superscript\" data-turn-source-index=\"14\">14<\/sup><\/span><b><span class=\"math-inline\" data-math=\"690\">$690$<\/span><span class=\"citation-199\"> gramo<\/span><\/b><span class=\"citation-199 citation-end-199\">Su construcci\u00f3n compacta y ligera es ideal para plataformas de robots m\u00f3viles y sistemas rob\u00f3ticos colaborativos.<sup class=\"superscript\" data-turn-source-index=\"15\">15<\/sup><\/span><\/li>\n<li><b><span class=\"citation-198\">Listo para el desarrollo:<\/span><\/b><span class=\"citation-198\"> Ofrece compatibilidad total con <\/span><b><span class=\"citation-198\">ROS1 y ROS2<\/span><\/b><span class=\"citation-198 citation-end-198\"> a trav\u00e9s de una interfaz Tipo-C, lo que favorece un desarrollo r\u00e1pido y una f\u00e1cil integraci\u00f3n.<sup class=\"superscript\" data-turn-source-index=\"16\">16<\/sup><\/span><\/li>\n<\/ul>\n<p><span class=\"citation-197\">La pinza PiKA funciona como terminal de ejecuci\u00f3n en la soluci\u00f3n PiKA, a menudo emparejada con el dispositivo port\u00e1til <\/span><b><span class=\"citation-197\">PiKA Sense<\/span><\/b><span class=\"citation-197\"> unidad y <\/span><b><span class=\"citation-197\">Estaciones PiKA<\/span><\/b><span class=\"citation-197 citation-end-197\"> para un sistema completo, sin calibraci\u00f3n, que permite la recopilaci\u00f3n de datos r\u00e1pida y de alta calidad en diversos entornos, desde el laboratorio hasta el campo.<sup class=\"superscript\" data-turn-source-index=\"17\">17<\/sup><\/span> Es una herramienta poderosa para investigadores que buscan acelerar el entrenamiento de modelos de IA y la creaci\u00f3n r\u00e1pida de prototipos en \u00e1reas como la interacci\u00f3n humano-robot y la manipulaci\u00f3n aut\u00f3noma.<\/p>","protected":false},"excerpt":{"rendered":"<p><span class=\"citation-212\">El <\/span><b><span class=\"citation-212\">Pinza Agilex PiKA<\/span><\/b><span class=\"citation-212 citation-end-212\"> es un efector final de brazo rob\u00f3tico de \u00faltima generaci\u00f3n dise\u00f1ado para facilitar la manipulaci\u00f3n de alta precisi\u00f3n y la recopilaci\u00f3n de datos multimodales para la investigaci\u00f3n en rob\u00f3tica e inteligencia artificial incorporada.<\/span><\/p>\n<ul>\n<li>Efector final<\/li>\n<li>Carga \u00fatil: 2 kg<\/li>\n<\/ul>","protected":false},"featured_media":21186,"comment_status":"open","ping_status":"closed","template":"","meta":[],"product_brand":[1046],"product_cat":[1043,1045,1042,1037],"product_tag":[1047,1054,1083],"class_list":{"0":"post-21188","1":"product","2":"type-product","3":"status-publish","4":"has-post-thumbnail","6":"product_brand-agilex","7":"product_cat-agilex","8":"product_cat-agilex-accessories","9":"product_cat-chassis","10":"product_cat-robotics","11":"product_tag-agilex","12":"product_tag-agilex-accessories","13":"product_tag-agilex-pika-gripper","15":"first","16":"onbackorder","17":"taxable","18":"shipping-taxable","19":"purchasable","20":"product-type-simple"},"yoast_head":"<!-- This site is optimized with the Yoast SEO plugin v27.1.1 - https:\/\/yoast.com\/product\/yoast-seo-wordpress\/ -->\n<title>Agilex PiKA Gripper - Ghostysky<\/title>\n<meta name=\"description\" content=\"The Agilex PiKA Gripper is a state-of-the-art robotic arm end effector designed to facilitate high-precision manipulation and multimodal data collection for Embodied AI and robotics research.\" \/>\n<meta name=\"robots\" content=\"index, follow, max-snippet:-1, max-image-preview:large, max-video-preview:-1\" \/>\n<link rel=\"canonical\" href=\"https:\/\/www.ghostysky.com\/es\/producto-2\/agilex-pika-gripper\/\" \/>\n<meta property=\"og:locale\" content=\"es_ES\" \/>\n<meta property=\"og:type\" content=\"article\" \/>\n<meta property=\"og:title\" content=\"Agilex PiKA Gripper - Ghostysky\" \/>\n<meta property=\"og:description\" content=\"The Agilex PiKA Gripper is a state-of-the-art robotic arm end effector designed to facilitate high-precision manipulation and multimodal data collection for Embodied AI and robotics research.\" \/>\n<meta property=\"og:url\" content=\"https:\/\/www.ghostysky.com\/es\/producto-2\/agilex-pika-gripper\/\" \/>\n<meta property=\"og:site_name\" content=\"Ghostysky\" \/>\n<meta property=\"article:publisher\" content=\"https:\/\/www.facebook.com\/people\/Ghostysky\/100057676170234\/\" \/>\n<meta property=\"article:modified_time\" content=\"2026-01-10T10:01:57+00:00\" \/>\n<meta property=\"og:image\" content=\"https:\/\/www.ghostysky.com\/wp-content\/uploads\/2025\/10\/GH_AgilexPikaGripper_1.jpg\" \/>\n\t<meta property=\"og:image:width\" content=\"800\" \/>\n\t<meta property=\"og:image:height\" content=\"800\" \/>\n\t<meta property=\"og:image:type\" content=\"image\/jpeg\" \/>\n<meta name=\"twitter:card\" content=\"summary_large_image\" \/>\n<meta name=\"twitter:site\" content=\"@Gh0stysky\" \/>\n<meta name=\"twitter:label1\" content=\"Tiempo de lectura\" \/>\n\t<meta name=\"twitter:data1\" content=\"2 minutos\" \/>\n<script type=\"application\/ld+json\" class=\"yoast-schema-graph\">{\"@context\":\"https:\/\/schema.org\",\"@graph\":[{\"@type\":\"WebPage\",\"@id\":\"https:\/\/www.ghostysky.com\/product\/agilex-pika-gripper\/\",\"url\":\"https:\/\/www.ghostysky.com\/product\/agilex-pika-gripper\/\",\"name\":\"Agilex PiKA Gripper - Ghostysky\",\"isPartOf\":{\"@id\":\"https:\/\/www.ghostysky.com\/#website\"},\"primaryImageOfPage\":{\"@id\":\"https:\/\/www.ghostysky.com\/product\/agilex-pika-gripper\/#primaryimage\"},\"image\":{\"@id\":\"https:\/\/www.ghostysky.com\/product\/agilex-pika-gripper\/#primaryimage\"},\"thumbnailUrl\":\"https:\/\/www.ghostysky.com\/wp-content\/uploads\/2025\/10\/GH_AgilexPikaGripper_1.jpg\",\"datePublished\":\"2025-10-16T03:54:12+00:00\",\"dateModified\":\"2026-01-10T10:01:57+00:00\",\"description\":\"The Agilex PiKA Gripper is a state-of-the-art robotic arm end effector designed to facilitate high-precision manipulation and multimodal data collection for Embodied AI and robotics research.\",\"breadcrumb\":{\"@id\":\"https:\/\/www.ghostysky.com\/product\/agilex-pika-gripper\/#breadcrumb\"},\"inLanguage\":\"es\",\"potentialAction\":[{\"@type\":\"ReadAction\",\"target\":[\"https:\/\/www.ghostysky.com\/product\/agilex-pika-gripper\/\"]}]},{\"@type\":\"ImageObject\",\"inLanguage\":\"es\",\"@id\":\"https:\/\/www.ghostysky.com\/product\/agilex-pika-gripper\/#primaryimage\",\"url\":\"https:\/\/www.ghostysky.com\/wp-content\/uploads\/2025\/10\/GH_AgilexPikaGripper_1.jpg\",\"contentUrl\":\"https:\/\/www.ghostysky.com\/wp-content\/uploads\/2025\/10\/GH_AgilexPikaGripper_1.jpg\",\"width\":800,\"height\":800},{\"@type\":\"BreadcrumbList\",\"@id\":\"https:\/\/www.ghostysky.com\/product\/agilex-pika-gripper\/#breadcrumb\",\"itemListElement\":[{\"@type\":\"ListItem\",\"position\":1,\"name\":\"Home\",\"item\":\"https:\/\/www.ghostysky.com\/\"},{\"@type\":\"ListItem\",\"position\":2,\"name\":\"Shop\",\"item\":\"https:\/\/www.ghostysky.com\/shop\/\"},{\"@type\":\"ListItem\",\"position\":3,\"name\":\"Agilex PiKA Gripper\"}]},{\"@type\":\"WebSite\",\"@id\":\"https:\/\/www.ghostysky.com\/#website\",\"url\":\"https:\/\/www.ghostysky.com\/\",\"name\":\"Ghostysky\",\"description\":\"Delivering professional drones and services\",\"publisher\":{\"@id\":\"https:\/\/www.ghostysky.com\/#organization\"},\"potentialAction\":[{\"@type\":\"SearchAction\",\"target\":{\"@type\":\"EntryPoint\",\"urlTemplate\":\"https:\/\/www.ghostysky.com\/?s={search_term_string}\"},\"query-input\":{\"@type\":\"PropertyValueSpecification\",\"valueRequired\":true,\"valueName\":\"search_term_string\"}}],\"inLanguage\":\"es\"},{\"@type\":\"Organization\",\"@id\":\"https:\/\/www.ghostysky.com\/#organization\",\"name\":\"Ghostysky\",\"url\":\"https:\/\/www.ghostysky.com\/\",\"logo\":{\"@type\":\"ImageObject\",\"inLanguage\":\"es\",\"@id\":\"https:\/\/www.ghostysky.com\/#\/schema\/logo\/image\/\",\"url\":\"https:\/\/www.ghostysky.com\/wp-content\/uploads\/2020\/06\/cropped-ghostyskylogo_text_white2.png\",\"contentUrl\":\"https:\/\/www.ghostysky.com\/wp-content\/uploads\/2020\/06\/cropped-ghostyskylogo_text_white2.png\",\"width\":169,\"height\":56,\"caption\":\"Ghostysky\"},\"image\":{\"@id\":\"https:\/\/www.ghostysky.com\/#\/schema\/logo\/image\/\"},\"sameAs\":[\"https:\/\/www.facebook.com\/people\/Ghostysky\/100057676170234\/\",\"https:\/\/x.com\/Gh0stysky\",\"https:\/\/www.linkedin.com\/company\/34739653\",\"https:\/\/www.instagram.com\/gh0stysky\"]}]}<\/script>\n<!-- \/ Yoast SEO plugin. -->","yoast_head_json":{"title":"Pinza Agilex PiKA - Ghostysky","description":"La pinza Agilex PiKA es un efector final de brazo rob\u00f3tico de \u00faltima generaci\u00f3n dise\u00f1ado para facilitar la manipulaci\u00f3n de alta precisi\u00f3n y la recopilaci\u00f3n de datos multimodales para la investigaci\u00f3n en rob\u00f3tica e inteligencia artificial incorporada.","robots":{"index":"index","follow":"follow","max-snippet":"max-snippet:-1","max-image-preview":"max-image-preview:large","max-video-preview":"max-video-preview:-1"},"canonical":"https:\/\/www.ghostysky.com\/es\/producto-2\/agilex-pika-gripper\/","og_locale":"es_ES","og_type":"article","og_title":"Agilex PiKA Gripper - Ghostysky","og_description":"The Agilex PiKA Gripper is a state-of-the-art robotic arm end effector designed to facilitate high-precision manipulation and multimodal data collection for Embodied AI and robotics research.","og_url":"https:\/\/www.ghostysky.com\/es\/producto-2\/agilex-pika-gripper\/","og_site_name":"Ghostysky","article_publisher":"https:\/\/www.facebook.com\/people\/Ghostysky\/100057676170234\/","article_modified_time":"2026-01-10T10:01:57+00:00","og_image":[{"width":800,"height":800,"url":"https:\/\/www.ghostysky.com\/wp-content\/uploads\/2025\/10\/GH_AgilexPikaGripper_1.jpg","type":"image\/jpeg"}],"twitter_card":"summary_large_image","twitter_site":"@Gh0stysky","twitter_misc":{"Tiempo de lectura":"2 minutos"},"schema":{"@context":"https:\/\/schema.org","@graph":[{"@type":"WebPage","@id":"https:\/\/www.ghostysky.com\/product\/agilex-pika-gripper\/","url":"https:\/\/www.ghostysky.com\/product\/agilex-pika-gripper\/","name":"Pinza Agilex PiKA - Ghostysky","isPartOf":{"@id":"https:\/\/www.ghostysky.com\/#website"},"primaryImageOfPage":{"@id":"https:\/\/www.ghostysky.com\/product\/agilex-pika-gripper\/#primaryimage"},"image":{"@id":"https:\/\/www.ghostysky.com\/product\/agilex-pika-gripper\/#primaryimage"},"thumbnailUrl":"https:\/\/www.ghostysky.com\/wp-content\/uploads\/2025\/10\/GH_AgilexPikaGripper_1.jpg","datePublished":"2025-10-16T03:54:12+00:00","dateModified":"2026-01-10T10:01:57+00:00","description":"La pinza Agilex PiKA es un efector final de brazo rob\u00f3tico de \u00faltima generaci\u00f3n dise\u00f1ado para facilitar la manipulaci\u00f3n de alta precisi\u00f3n y la recopilaci\u00f3n de datos multimodales para la investigaci\u00f3n en rob\u00f3tica e inteligencia artificial incorporada.","breadcrumb":{"@id":"https:\/\/www.ghostysky.com\/product\/agilex-pika-gripper\/#breadcrumb"},"inLanguage":"es","potentialAction":[{"@type":"ReadAction","target":["https:\/\/www.ghostysky.com\/product\/agilex-pika-gripper\/"]}]},{"@type":"ImageObject","inLanguage":"es","@id":"https:\/\/www.ghostysky.com\/product\/agilex-pika-gripper\/#primaryimage","url":"https:\/\/www.ghostysky.com\/wp-content\/uploads\/2025\/10\/GH_AgilexPikaGripper_1.jpg","contentUrl":"https:\/\/www.ghostysky.com\/wp-content\/uploads\/2025\/10\/GH_AgilexPikaGripper_1.jpg","width":800,"height":800},{"@type":"BreadcrumbList","@id":"https:\/\/www.ghostysky.com\/product\/agilex-pika-gripper\/#breadcrumb","itemListElement":[{"@type":"ListItem","position":1,"name":"Home","item":"https:\/\/www.ghostysky.com\/"},{"@type":"ListItem","position":2,"name":"Shop","item":"https:\/\/www.ghostysky.com\/shop\/"},{"@type":"ListItem","position":3,"name":"Agilex PiKA Gripper"}]},{"@type":"WebSite","@id":"https:\/\/www.ghostysky.com\/#website","url":"https:\/\/www.ghostysky.com\/","name":"Ghostysky","description":"Entrega de drones y servicios profesionales","publisher":{"@id":"https:\/\/www.ghostysky.com\/#organization"},"potentialAction":[{"@type":"SearchAction","target":{"@type":"EntryPoint","urlTemplate":"https:\/\/www.ghostysky.com\/?s={search_term_string}"},"query-input":{"@type":"PropertyValueSpecification","valueRequired":true,"valueName":"search_term_string"}}],"inLanguage":"es"},{"@type":"Organization","@id":"https:\/\/www.ghostysky.com\/#organization","name":"Ghostysky","url":"https:\/\/www.ghostysky.com\/","logo":{"@type":"ImageObject","inLanguage":"es","@id":"https:\/\/www.ghostysky.com\/#\/schema\/logo\/image\/","url":"https:\/\/www.ghostysky.com\/wp-content\/uploads\/2020\/06\/cropped-ghostyskylogo_text_white2.png","contentUrl":"https:\/\/www.ghostysky.com\/wp-content\/uploads\/2020\/06\/cropped-ghostyskylogo_text_white2.png","width":169,"height":56,"caption":"Ghostysky"},"image":{"@id":"https:\/\/www.ghostysky.com\/#\/schema\/logo\/image\/"},"sameAs":["https:\/\/www.facebook.com\/people\/Ghostysky\/100057676170234\/","https:\/\/x.com\/Gh0stysky","https:\/\/www.linkedin.com\/company\/34739653","https:\/\/www.instagram.com\/gh0stysky"]}]}},"_links":{"self":[{"href":"https:\/\/www.ghostysky.com\/es\/wp-json\/wp\/v2\/product\/21188","targetHints":{"allow":["GET"]}}],"collection":[{"href":"https:\/\/www.ghostysky.com\/es\/wp-json\/wp\/v2\/product"}],"about":[{"href":"https:\/\/www.ghostysky.com\/es\/wp-json\/wp\/v2\/types\/product"}],"replies":[{"embeddable":true,"href":"https:\/\/www.ghostysky.com\/es\/wp-json\/wp\/v2\/comments?post=21188"}],"wp:featuredmedia":[{"embeddable":true,"href":"https:\/\/www.ghostysky.com\/es\/wp-json\/wp\/v2\/media\/21186"}],"wp:attachment":[{"href":"https:\/\/www.ghostysky.com\/es\/wp-json\/wp\/v2\/media?parent=21188"}],"wp:term":[{"taxonomy":"product_brand","embeddable":true,"href":"https:\/\/www.ghostysky.com\/es\/wp-json\/wp\/v2\/product_brand?post=21188"},{"taxonomy":"product_cat","embeddable":true,"href":"https:\/\/www.ghostysky.com\/es\/wp-json\/wp\/v2\/product_cat?post=21188"},{"taxonomy":"product_tag","embeddable":true,"href":"https:\/\/www.ghostysky.com\/es\/wp-json\/wp\/v2\/product_tag?post=21188"}],"curies":[{"name":"wp","href":"https:\/\/api.w.org\/{rel}","templated":true}]}}