{"id":21202,"date":"2025-10-16T04:33:26","date_gmt":"2025-10-16T04:33:26","guid":{"rendered":"https:\/\/www.ghostysky.com\/?post_type=product&#038;p=21202"},"modified":"2026-02-01T10:41:38","modified_gmt":"2026-02-01T10:41:38","slug":"unitree-go2-air","status":"publish","type":"product","link":"https:\/\/www.ghostysky.com\/es\/product\/unitree-go2-air\/","title":{"rendered":"Unitree GO2 Aire"},"content":{"rendered":"<p><b>Caracter\u00edsticas clave:<\/b><\/p>\n<ul>\n<li><b><span class=\"citation-252\">Percepci\u00f3n avanzada:<\/span><\/b><span class=\"citation-252\"> Est\u00e1 equipado con el desarrollo propio de Unitree. <\/span><b><span class=\"citation-252\">LiDAR 4D L1<\/span><\/b><span class=\"citation-252 citation-end-252\"> sistema, proporcionando cerca <sup class=\"superscript\" data-turn-source-index=\"2\">2<\/sup><\/span><span class=\"math-inline\" data-math=\"\\text{360}^{\\circ} \\times \\text{90}^{\\circ}\">$\\texto{360}^{\\circ} \\veces \\texto{90}^{\\circ}$<\/span><span class=\"citation-251 citation-end-251\"> Reconocimiento ultra amplio hemisf\u00e9rico con puntos ciegos m\u00ednimos.<sup class=\"superscript\" data-turn-source-index=\"3\">3<\/sup><\/span> <span class=\"citation-250 citation-end-250\">Esto permite una excelente navegaci\u00f3n todo terreno y evitaci\u00f3n de obst\u00e1culos.<sup class=\"superscript\" data-turn-source-index=\"4\">4<\/sup><\/span><\/li>\n<li><b><span class=\"citation-249\">Movimiento \u00e1gil:<\/span><\/b><span class=\"citation-249 citation-end-249\"> Impulsado por 12 motores articulados de aluminio de alto torque, el GO2 Air exhibe una locomoci\u00f3n din\u00e1mica y estable, capaz de realizar acciones b\u00e1sicas, correr, trepar, saltar y varias poses.<sup class=\"superscript\" data-turn-source-index=\"5\">5<\/sup><\/span><\/li>\n<li><b>Modo IA inteligente:<\/b><span class=\"citation-248 citation-end-248\"> El robot est\u00e1 construido con capacidades de inteligencia artificial avanzadas, lo que le permite realizar movimientos complejos como giros adaptativos y escalada de obst\u00e1culos, y admite detecci\u00f3n y evasi\u00f3n inteligentes.<sup class=\"superscript\" data-turn-source-index=\"6\">6<\/sup><\/span><\/li>\n<li><b><span class=\"citation-247\">Dise\u00f1o duradero:<\/span><\/b><span class=\"citation-247 citation-end-247\"> Construido con aleaci\u00f3n de aluminio y pl\u00e1stico de ingenier\u00eda de alta resistencia, el robot es liviano (aprox.<sup class=\"superscript\" data-turn-source-index=\"7\">7<\/sup><\/span> <span class=\"citation-246 citation-end-246\">15 kg con bater\u00eda) pero robusto.<sup class=\"superscript\" data-turn-source-index=\"8\">8<\/sup><\/span> <span class=\"citation-245 citation-end-245\">Cuenta con refrigeraci\u00f3n por tubo de calor conjunto para un rendimiento \u00f3ptimo.<sup class=\"superscript\" data-turn-source-index=\"9\">9<\/sup><\/span><\/li>\n<li><b>Resistencia decente:<\/b><span class=\"citation-244 citation-end-244\"> Viene de serie con un <sup class=\"superscript\" data-turn-source-index=\"10\">10<\/sup><\/span><span class=\"math-inline\" data-math=\"\\text{8,000 mAh}\">$\\texto{8000 mAh}$<\/span><span class=\"citation-243\"> bater\u00eda inteligente, que ofrece aproximadamente <\/span><b><span class=\"citation-243\">1-2 horas<\/span><\/b><span class=\"citation-243 citation-end-243\"> de funcionamiento continuo.<sup class=\"superscript\" data-turn-source-index=\"11\">11<\/sup><\/span><\/li>\n<li><b><span class=\"citation-242\">Conectividad:<\/span><\/b><span class=\"citation-242 citation-end-242\"> Las caracter\u00edsticas incluyen Wi-Fi 6 (doble banda) y Bluetooth 5.2 para un control y transmisi\u00f3n de datos perfectos a trav\u00e9s de la aplicaci\u00f3n m\u00f3vil dedicada.<sup class=\"superscript\" data-turn-source-index=\"12\">12<\/sup><\/span><\/li>\n<li><b><span class=\"citation-241\">Control f\u00e1cil de usar:<\/span><\/b><span class=\"citation-241 citation-end-241\"> El control se gestiona principalmente a trav\u00e9s de la aplicaci\u00f3n, que tambi\u00e9n ofrece programaci\u00f3n gr\u00e1fica para una f\u00e1cil personalizaci\u00f3n.<sup class=\"superscript\" data-turn-source-index=\"13\">13<\/sup><\/span><\/li>\n<\/ul>\n<p><b>Resumen de especificaciones (aproximado):<\/b><\/p>\n<ul>\n<li><b>Velocidad m\u00e1xima:<\/b><span class=\"citation-240 citation-end-240\"> Arriba a <sup class=\"superscript\" data-turn-source-index=\"14\">14<\/sup><\/span><span class=\"math-inline\" data-math=\"\\text{2.5 m\/s}\">$\\texto{2,5 m\/s}$<\/span><\/li>\n<li><b>Carga \u00fatil:<\/b><span class=\"citation-239 citation-end-239\"> Aproximadamente <sup class=\"superscript\" data-turn-source-index=\"15\">15<\/sup><\/span><span class=\"math-inline\" data-math=\"\\text{7 kg}\">$\\texto{7 kg}$<\/span><span class=\"citation-238 citation-end-238\"> (M\u00e1ximo <sup class=\"superscript\" data-turn-source-index=\"16\">16<\/sup><\/span><span class=\"math-inline\" data-math=\"\\text{10 kg}\">$\\texto{10 kg}$<\/span><span class=\"citation-237 citation-end-237\">)<sup class=\"superscript\" data-turn-source-index=\"17\">17<\/sup><\/span><\/li>\n<li><b><span class=\"citation-236\">Dimensiones (de pie):<\/span><\/b><span class=\"citation-236 citation-end-236\"> <sup class=\"superscript\" data-turn-source-index=\"18\">18<\/sup><\/span><span class=\"math-inline\" data-math=\"\\text{70 cm} \\times \\text{31 cm} \\times \\text{40 cm}\">$\\texto{70 cm} \\veces \\texto{31 cm} \\veces \\texto{40 cm}$<\/span><\/li>\n<li><b><span class=\"citation-235\">\u00c1ngulo m\u00e1ximo de ascenso:<\/span><\/b><span class=\"citation-235 citation-end-235\"> <sup class=\"superscript\" data-turn-source-index=\"19\">19<\/sup><\/span><span class=\"math-inline\" data-math=\"\\text{30}^{\\circ}\">$\\texto{30}^{\\circ}$<\/span><\/li>\n<\/ul>\n<p><span class=\"citation-234 citation-end-234 interactive-span-hovered\">El GO2 Air se posiciona como un compa\u00f1ero y plataforma rob\u00f3tico accesible y de alto rendimiento, que pone a disposici\u00f3n tecnolog\u00eda cuadr\u00fapeda avanzada para una amplia gama de aplicaciones civiles, de investigaci\u00f3n y educativas.<sup class=\"superscript\" data-turn-source-index=\"20\">20<\/sup><\/span><\/p>","protected":false},"excerpt":{"rendered":"<p>El Unitree GO2 Air es un perro robot cuadr\u00fapedo compacto, inteligente y \u00e1gil, dise\u00f1ado como una plataforma de nivel de entrada para entusiastas, educaci\u00f3n y aplicaciones ligeras.<\/p>","protected":false},"featured_media":21207,"comment_status":"open","ping_status":"closed","template":"","meta":[],"product_brand":[1087],"product_cat":[1039,1037,1085],"product_tag":[1088,1089,1090],"class_list":{"0":"post-21202","1":"product","2":"type-product","3":"status-publish","4":"has-post-thumbnail","6":"product_brand-unitree","7":"product_cat-quadruped","8":"product_cat-robotics","9":"product_cat-unitree-quad-robots","10":"product_tag-unitree","11":"product_tag-unitree-quadruped","12":"product_tag-unitree-quadruped-robots","14":"first","15":"onbackorder","16":"taxable","17":"shipping-taxable","18":"purchasable","19":"product-type-simple"},"yoast_head":"<!-- This site is optimized with the Yoast SEO plugin v27.1.1 - https:\/\/yoast.com\/product\/yoast-seo-wordpress\/ -->\n<title>Unitree GO2 Air - Ghostysky<\/title>\n<meta name=\"description\" content=\"The Unitree GO2 Air is a compact, intelligent, and agile quadruped robot dog designed as an entry-level platform for enthusiasts, education, and light applications.\" \/>\n<meta name=\"robots\" content=\"index, follow, max-snippet:-1, max-image-preview:large, max-video-preview:-1\" \/>\n<link rel=\"canonical\" href=\"https:\/\/www.ghostysky.com\/es\/producto-2\/unitree-go2-air\/\" \/>\n<meta property=\"og:locale\" content=\"es_ES\" \/>\n<meta property=\"og:type\" content=\"article\" \/>\n<meta property=\"og:title\" content=\"Unitree GO2 Air - Ghostysky\" \/>\n<meta property=\"og:description\" content=\"The Unitree GO2 Air is a compact, intelligent, and agile quadruped robot dog designed as an entry-level platform for enthusiasts, education, and light applications.\" \/>\n<meta property=\"og:url\" content=\"https:\/\/www.ghostysky.com\/es\/producto-2\/unitree-go2-air\/\" \/>\n<meta property=\"og:site_name\" content=\"Ghostysky\" \/>\n<meta property=\"article:publisher\" content=\"https:\/\/www.facebook.com\/people\/Ghostysky\/100057676170234\/\" \/>\n<meta property=\"article:modified_time\" content=\"2026-02-01T10:41:38+00:00\" \/>\n<meta property=\"og:image\" content=\"https:\/\/www.ghostysky.com\/wp-content\/uploads\/2025\/10\/GH_Unitree_GO2_1.webp\" \/>\n\t<meta property=\"og:image:width\" content=\"800\" \/>\n\t<meta property=\"og:image:height\" content=\"800\" \/>\n\t<meta property=\"og:image:type\" content=\"image\/webp\" \/>\n<meta name=\"twitter:card\" content=\"summary_large_image\" \/>\n<meta name=\"twitter:site\" content=\"@Gh0stysky\" \/>\n<meta name=\"twitter:label1\" content=\"Tiempo de lectura\" \/>\n\t<meta name=\"twitter:data1\" content=\"2 minutos\" \/>\n<script type=\"application\/ld+json\" class=\"yoast-schema-graph\">{\"@context\":\"https:\/\/schema.org\",\"@graph\":[{\"@type\":\"WebPage\",\"@id\":\"https:\/\/www.ghostysky.com\/product\/unitree-go2-air\/\",\"url\":\"https:\/\/www.ghostysky.com\/product\/unitree-go2-air\/\",\"name\":\"Unitree GO2 Air - Ghostysky\",\"isPartOf\":{\"@id\":\"https:\/\/www.ghostysky.com\/#website\"},\"primaryImageOfPage\":{\"@id\":\"https:\/\/www.ghostysky.com\/product\/unitree-go2-air\/#primaryimage\"},\"image\":{\"@id\":\"https:\/\/www.ghostysky.com\/product\/unitree-go2-air\/#primaryimage\"},\"thumbnailUrl\":\"https:\/\/www.ghostysky.com\/wp-content\/uploads\/2025\/10\/GH_Unitree_GO2_1.webp\",\"datePublished\":\"2025-10-16T04:33:26+00:00\",\"dateModified\":\"2026-02-01T10:41:38+00:00\",\"description\":\"The Unitree GO2 Air is a compact, intelligent, and agile quadruped robot dog designed as an entry-level platform for enthusiasts, education, and light applications.\",\"breadcrumb\":{\"@id\":\"https:\/\/www.ghostysky.com\/product\/unitree-go2-air\/#breadcrumb\"},\"inLanguage\":\"es\",\"potentialAction\":[{\"@type\":\"ReadAction\",\"target\":[\"https:\/\/www.ghostysky.com\/product\/unitree-go2-air\/\"]}]},{\"@type\":\"ImageObject\",\"inLanguage\":\"es\",\"@id\":\"https:\/\/www.ghostysky.com\/product\/unitree-go2-air\/#primaryimage\",\"url\":\"https:\/\/www.ghostysky.com\/wp-content\/uploads\/2025\/10\/GH_Unitree_GO2_1.webp\",\"contentUrl\":\"https:\/\/www.ghostysky.com\/wp-content\/uploads\/2025\/10\/GH_Unitree_GO2_1.webp\",\"width\":800,\"height\":800},{\"@type\":\"BreadcrumbList\",\"@id\":\"https:\/\/www.ghostysky.com\/product\/unitree-go2-air\/#breadcrumb\",\"itemListElement\":[{\"@type\":\"ListItem\",\"position\":1,\"name\":\"Home\",\"item\":\"https:\/\/www.ghostysky.com\/\"},{\"@type\":\"ListItem\",\"position\":2,\"name\":\"Shop\",\"item\":\"https:\/\/www.ghostysky.com\/shop\/\"},{\"@type\":\"ListItem\",\"position\":3,\"name\":\"Unitree GO2 Air\"}]},{\"@type\":\"WebSite\",\"@id\":\"https:\/\/www.ghostysky.com\/#website\",\"url\":\"https:\/\/www.ghostysky.com\/\",\"name\":\"Ghostysky\",\"description\":\"Delivering professional drones and services\",\"publisher\":{\"@id\":\"https:\/\/www.ghostysky.com\/#organization\"},\"potentialAction\":[{\"@type\":\"SearchAction\",\"target\":{\"@type\":\"EntryPoint\",\"urlTemplate\":\"https:\/\/www.ghostysky.com\/?s={search_term_string}\"},\"query-input\":{\"@type\":\"PropertyValueSpecification\",\"valueRequired\":true,\"valueName\":\"search_term_string\"}}],\"inLanguage\":\"es\"},{\"@type\":\"Organization\",\"@id\":\"https:\/\/www.ghostysky.com\/#organization\",\"name\":\"Ghostysky\",\"url\":\"https:\/\/www.ghostysky.com\/\",\"logo\":{\"@type\":\"ImageObject\",\"inLanguage\":\"es\",\"@id\":\"https:\/\/www.ghostysky.com\/#\/schema\/logo\/image\/\",\"url\":\"https:\/\/www.ghostysky.com\/wp-content\/uploads\/2020\/06\/cropped-ghostyskylogo_text_white2.png\",\"contentUrl\":\"https:\/\/www.ghostysky.com\/wp-content\/uploads\/2020\/06\/cropped-ghostyskylogo_text_white2.png\",\"width\":169,\"height\":56,\"caption\":\"Ghostysky\"},\"image\":{\"@id\":\"https:\/\/www.ghostysky.com\/#\/schema\/logo\/image\/\"},\"sameAs\":[\"https:\/\/www.facebook.com\/people\/Ghostysky\/100057676170234\/\",\"https:\/\/x.com\/Gh0stysky\",\"https:\/\/www.linkedin.com\/company\/34739653\",\"https:\/\/www.instagram.com\/gh0stysky\"]}]}<\/script>\n<!-- \/ Yoast SEO plugin. -->","yoast_head_json":{"title":"Unitree GO2 Air - Ghostysky","description":"El Unitree GO2 Air es un perro robot cuadr\u00fapedo compacto, inteligente y \u00e1gil, dise\u00f1ado como una plataforma de nivel de entrada para entusiastas, educaci\u00f3n y aplicaciones ligeras.","robots":{"index":"index","follow":"follow","max-snippet":"max-snippet:-1","max-image-preview":"max-image-preview:large","max-video-preview":"max-video-preview:-1"},"canonical":"https:\/\/www.ghostysky.com\/es\/producto-2\/unitree-go2-air\/","og_locale":"es_ES","og_type":"article","og_title":"Unitree GO2 Air - Ghostysky","og_description":"The Unitree GO2 Air is a compact, intelligent, and agile quadruped robot dog designed as an entry-level platform for enthusiasts, education, and light applications.","og_url":"https:\/\/www.ghostysky.com\/es\/producto-2\/unitree-go2-air\/","og_site_name":"Ghostysky","article_publisher":"https:\/\/www.facebook.com\/people\/Ghostysky\/100057676170234\/","article_modified_time":"2026-02-01T10:41:38+00:00","og_image":[{"width":800,"height":800,"url":"https:\/\/www.ghostysky.com\/wp-content\/uploads\/2025\/10\/GH_Unitree_GO2_1.webp","type":"image\/webp"}],"twitter_card":"summary_large_image","twitter_site":"@Gh0stysky","twitter_misc":{"Tiempo de lectura":"2 minutos"},"schema":{"@context":"https:\/\/schema.org","@graph":[{"@type":"WebPage","@id":"https:\/\/www.ghostysky.com\/product\/unitree-go2-air\/","url":"https:\/\/www.ghostysky.com\/product\/unitree-go2-air\/","name":"Unitree GO2 Air - Ghostysky","isPartOf":{"@id":"https:\/\/www.ghostysky.com\/#website"},"primaryImageOfPage":{"@id":"https:\/\/www.ghostysky.com\/product\/unitree-go2-air\/#primaryimage"},"image":{"@id":"https:\/\/www.ghostysky.com\/product\/unitree-go2-air\/#primaryimage"},"thumbnailUrl":"https:\/\/www.ghostysky.com\/wp-content\/uploads\/2025\/10\/GH_Unitree_GO2_1.webp","datePublished":"2025-10-16T04:33:26+00:00","dateModified":"2026-02-01T10:41:38+00:00","description":"El Unitree GO2 Air es un perro robot cuadr\u00fapedo compacto, inteligente y \u00e1gil, dise\u00f1ado como una plataforma de nivel de entrada para entusiastas, educaci\u00f3n y aplicaciones ligeras.","breadcrumb":{"@id":"https:\/\/www.ghostysky.com\/product\/unitree-go2-air\/#breadcrumb"},"inLanguage":"es","potentialAction":[{"@type":"ReadAction","target":["https:\/\/www.ghostysky.com\/product\/unitree-go2-air\/"]}]},{"@type":"ImageObject","inLanguage":"es","@id":"https:\/\/www.ghostysky.com\/product\/unitree-go2-air\/#primaryimage","url":"https:\/\/www.ghostysky.com\/wp-content\/uploads\/2025\/10\/GH_Unitree_GO2_1.webp","contentUrl":"https:\/\/www.ghostysky.com\/wp-content\/uploads\/2025\/10\/GH_Unitree_GO2_1.webp","width":800,"height":800},{"@type":"BreadcrumbList","@id":"https:\/\/www.ghostysky.com\/product\/unitree-go2-air\/#breadcrumb","itemListElement":[{"@type":"ListItem","position":1,"name":"Home","item":"https:\/\/www.ghostysky.com\/"},{"@type":"ListItem","position":2,"name":"Shop","item":"https:\/\/www.ghostysky.com\/shop\/"},{"@type":"ListItem","position":3,"name":"Unitree GO2 Air"}]},{"@type":"WebSite","@id":"https:\/\/www.ghostysky.com\/#website","url":"https:\/\/www.ghostysky.com\/","name":"Ghostysky","description":"Entrega de drones y servicios profesionales","publisher":{"@id":"https:\/\/www.ghostysky.com\/#organization"},"potentialAction":[{"@type":"SearchAction","target":{"@type":"EntryPoint","urlTemplate":"https:\/\/www.ghostysky.com\/?s={search_term_string}"},"query-input":{"@type":"PropertyValueSpecification","valueRequired":true,"valueName":"search_term_string"}}],"inLanguage":"es"},{"@type":"Organization","@id":"https:\/\/www.ghostysky.com\/#organization","name":"Ghostysky","url":"https:\/\/www.ghostysky.com\/","logo":{"@type":"ImageObject","inLanguage":"es","@id":"https:\/\/www.ghostysky.com\/#\/schema\/logo\/image\/","url":"https:\/\/www.ghostysky.com\/wp-content\/uploads\/2020\/06\/cropped-ghostyskylogo_text_white2.png","contentUrl":"https:\/\/www.ghostysky.com\/wp-content\/uploads\/2020\/06\/cropped-ghostyskylogo_text_white2.png","width":169,"height":56,"caption":"Ghostysky"},"image":{"@id":"https:\/\/www.ghostysky.com\/#\/schema\/logo\/image\/"},"sameAs":["https:\/\/www.facebook.com\/people\/Ghostysky\/100057676170234\/","https:\/\/x.com\/Gh0stysky","https:\/\/www.linkedin.com\/company\/34739653","https:\/\/www.instagram.com\/gh0stysky"]}]}},"_links":{"self":[{"href":"https:\/\/www.ghostysky.com\/es\/wp-json\/wp\/v2\/product\/21202","targetHints":{"allow":["GET"]}}],"collection":[{"href":"https:\/\/www.ghostysky.com\/es\/wp-json\/wp\/v2\/product"}],"about":[{"href":"https:\/\/www.ghostysky.com\/es\/wp-json\/wp\/v2\/types\/product"}],"replies":[{"embeddable":true,"href":"https:\/\/www.ghostysky.com\/es\/wp-json\/wp\/v2\/comments?post=21202"}],"wp:featuredmedia":[{"embeddable":true,"href":"https:\/\/www.ghostysky.com\/es\/wp-json\/wp\/v2\/media\/21207"}],"wp:attachment":[{"href":"https:\/\/www.ghostysky.com\/es\/wp-json\/wp\/v2\/media?parent=21202"}],"wp:term":[{"taxonomy":"product_brand","embeddable":true,"href":"https:\/\/www.ghostysky.com\/es\/wp-json\/wp\/v2\/product_brand?post=21202"},{"taxonomy":"product_cat","embeddable":true,"href":"https:\/\/www.ghostysky.com\/es\/wp-json\/wp\/v2\/product_cat?post=21202"},{"taxonomy":"product_tag","embeddable":true,"href":"https:\/\/www.ghostysky.com\/es\/wp-json\/wp\/v2\/product_tag?post=21202"}],"curies":[{"name":"wp","href":"https:\/\/api.w.org\/{rel}","templated":true}]}}