{"id":21211,"date":"2025-10-16T04:44:11","date_gmt":"2025-10-16T04:44:11","guid":{"rendered":"https:\/\/www.ghostysky.com\/?post_type=product&#038;p=21211"},"modified":"2026-02-05T11:04:10","modified_gmt":"2026-02-05T11:04:10","slug":"unitree-go2-pro","status":"publish","type":"product","link":"https:\/\/www.ghostysky.com\/es\/product\/unitree-go2-pro\/","title":{"rendered":"Unitree Go2 Pro"},"content":{"rendered":"<h3><b>Caracter\u00edsticas clave<\/b><\/h3>\n<ul>\n<li><b><span class=\"citation-291\">LiDAR 4D revolucionario L1:<\/span><\/b><span class=\"citation-291 citation-end-291\"> Equipado con el LiDAR 4D desarrollado por Unitree, el Go2 Pro ofrece una notable <\/span><b><span class=\"math-inline\" data-math=\"360^\\circ \\times 90^\\circ\">360\u00ba x 90\u00ba<\/span><span class=\"citation-290\"> reconocimiento ultra amplio hemisf\u00e9rico<\/span><\/b><span class=\"citation-290\"> con un punto ciego s\u00faper peque\u00f1o y detecci\u00f3n a partir de solo 0,05 m, lo que permite una detecci\u00f3n precisa <\/span><b><span class=\"citation-290\">navegaci\u00f3n todoterreno<\/span><\/b><span class=\"citation-290 citation-end-290\"> y evitaci\u00f3n de obst\u00e1culos.<\/span><\/li>\n<li><b>Mayor movilidad y velocidad:<\/b><span class=\"citation-289 citation-end-289\"> Impulsado por 12 potentes motores articulados con un par m\u00e1ximo de aproximadamente <\/span><b><span class=\"math-inline\" data-math=\"45\\text{ N}\\cdot\\text{m}\">45 Nm<\/span><\/b><span class=\"citation-288 citation-end-288\">, el robot puede alcanzar una velocidad m\u00e1xima de hasta <\/span><b><span class=\"math-inline\" data-math=\"3.5\\text{ m\/s}\">3,5 m\/s <\/span><\/b><span class=\"citation-287 citation-end-287\">(<\/span><span class=\"math-inline\" data-math=\"12.6\\text{ km\/h}\">12,6 km\/h<\/span><span class=\"citation-286 citation-end-286\">.<\/span>\u00a0<span class=\"citation-285 citation-end-285\">Puede realizar una variedad de pasos, posturas y trucos avanzados como saltar, dar vueltas adaptativas y escalar obst\u00e1culos.<\/span><\/li>\n<li><b><span class=\"citation-284\">Sistema inteligente de seguimiento lateral (ISS 2.0):<\/span><\/b><span class=\"citation-284 citation-end-284\"> Este sistema mejorado utiliza nueva tecnolog\u00eda de control y posicionamiento vectorial inal\u00e1mbrico para mejorar la precisi\u00f3n del posicionamiento <\/span><span class=\"math-inline\" data-math=\"50\\%\">50%<\/span><span class=\"citation-283\">\u00a0y ampliar el alcance del control remoto, lo que permite que el robot <\/span><b><span class=\"citation-283\">seguir inteligentemente<\/span><\/b><span class=\"citation-283 citation-end-283\"> su operador a trav\u00e9s de terrenos complejos con evitaci\u00f3n optimizada de obst\u00e1culos.<\/span><\/li>\n<li><b><span class=\"citation-282\">Dise\u00f1o robusto y modular:<\/span><\/b><span class=\"citation-282 citation-end-282\"> Construido con aleaci\u00f3n de aluminio y pl\u00e1sticos de ingenier\u00eda de alta resistencia, el Go2 Pro es duradero y soporta una carga \u00fatil significativa de aproximadamente\u00a0<\/span><b><span class=\"math-inline\" data-math=\"8\\text{ kg}\">8 kilos<\/span><\/b><span class=\"citation-281 citation-end-281\"> (l\u00edmite <\/span><span class=\"math-inline\" data-math=\"\\sim 10\\text{ kg}\">10 kg<\/span><span class=\"citation-280 citation-end-280\">), lo que lo hace adecuado para transportar sensores y equipos personalizados.<\/span><\/li>\n<li><b>IA y procesamiento avanzados:<\/b><span class=\"citation-279\"> El robot utiliza un alto rendimiento <\/span><b><span class=\"citation-279\">procesador de ocho n\u00facleos<\/span><\/b><span class=\"citation-279 citation-end-279\"> y se beneficia de un amplio entrenamiento en simulaci\u00f3n de IA.<sup class=\"superscript\" data-turn-source-index=\"15\">15<\/sup><\/span> <span class=\"citation-278\">Las caracter\u00edsticas opcionales pueden incluir: <\/span><b><span class=\"citation-278\">Compatibilidad con el modelo de lenguaje GPT<\/span><\/b><span class=\"citation-278 citation-end-278\"> para interacci\u00f3n y comando de voz.<\/span><\/li>\n<li><b><span class=\"citation-277\">Conectividad e interacci\u00f3n extendidas:<\/span><\/b><span class=\"citation-277\"> Las caracter\u00edsticas incluyen <\/span><b><span class=\"citation-277\">Wi-Fi 6, Bluetooth 5.2, eSIM 4G integrada<\/span><\/b><span class=\"citation-277 citation-end-277\">, interacci\u00f3n de voz, intercomunicador de voz y reproducci\u00f3n de m\u00fasica a trav\u00e9s de un altavoz incorporado.<\/span>\u00a0<span class=\"citation-276 citation-end-276\">Una aplicaci\u00f3n m\u00f3vil dedicada permite la transmisi\u00f3n de im\u00e1genes HD, monitoreo en tiempo real y programaci\u00f3n gr\u00e1fica.<\/span><\/li>\n<li><b>Mapeo LiDAR 3D:<\/b><span class=\"citation-275 citation-end-275\"> Los usuarios pueden aprovechar el LiDAR L1 y la aplicaci\u00f3n para construir mapas de nubes de puntos dentro de un \u00e1rea y establecer rutas de movimiento aut\u00f3nomas.<\/span><\/li>\n<\/ul>\n<p><span class=\"citation-274 citation-end-274\">Unitree Go2 Pro es una plataforma ideal para desarrolladores e investigadores de rob\u00f3tica que buscan un compa\u00f1ero rob\u00f3tico de alto rendimiento, \u00e1gil y rico en sensores, capaz de manejar tareas sofisticadas.<\/span><\/p>","protected":false},"excerpt":{"rendered":"<p><span class=\"citation-293\">El <\/span><b><span class=\"citation-293\">Unitree Go2 Pro<\/span><\/b><span class=\"citation-293\"> es un robot cuadr\u00fapedo avanzado e inteligente dise\u00f1ado para aplicaciones exigentes en <\/span><b><span class=\"citation-293\">investigaci\u00f3n, industria, educaci\u00f3n y entretenimiento<\/span><\/b><span class=\"citation-293 citation-end-293\">.<\/span> <span class=\"citation-292 citation-end-292\">Como evoluci\u00f3n de la plataforma Go2, el modelo Pro ofrece un rendimiento elevado, detecci\u00f3n superior y movilidad mejorada.<\/span><\/p>","protected":false},"featured_media":21207,"comment_status":"open","ping_status":"closed","template":"","meta":[],"product_brand":[1087],"product_cat":[1039,1037,1085],"product_tag":[1088,1091,1090],"class_list":{"0":"post-21211","1":"product","2":"type-product","3":"status-publish","4":"has-post-thumbnail","6":"product_brand-unitree","7":"product_cat-quadruped","8":"product_cat-robotics","9":"product_cat-unitree-quad-robots","10":"product_tag-unitree","11":"product_tag-unitree-quadru","12":"product_tag-unitree-quadruped-robots","14":"first","15":"onbackorder","16":"taxable","17":"shipping-taxable","18":"purchasable","19":"product-type-simple"},"yoast_head":"<!-- This site is optimized with the Yoast SEO plugin v27.1.1 - https:\/\/yoast.com\/product\/yoast-seo-wordpress\/ -->\n<title>Unitree Go2 Pro - Ghostysky<\/title>\n<meta name=\"description\" content=\"The Unitree Go2 Pro is an advanced and intelligent quadruped robot designed for demanding applications in research, industry, education, and entertainment. As an evolution of the Go2 platform, the Pro model offers elevated performance, superior sensing, and enhanced mobility.\" \/>\n<meta name=\"robots\" content=\"index, follow, max-snippet:-1, max-image-preview:large, max-video-preview:-1\" \/>\n<link rel=\"canonical\" href=\"https:\/\/www.ghostysky.com\/es\/producto-2\/unitree-go2-pro\/\" \/>\n<meta property=\"og:locale\" content=\"es_ES\" \/>\n<meta property=\"og:type\" content=\"article\" \/>\n<meta property=\"og:title\" content=\"Unitree Go2 Pro - Ghostysky\" \/>\n<meta property=\"og:description\" content=\"The Unitree Go2 Pro is an advanced and intelligent quadruped robot designed for demanding applications in research, industry, education, and entertainment. As an evolution of the Go2 platform, the Pro model offers elevated performance, superior sensing, and enhanced mobility.\" \/>\n<meta property=\"og:url\" content=\"https:\/\/www.ghostysky.com\/es\/producto-2\/unitree-go2-pro\/\" \/>\n<meta property=\"og:site_name\" content=\"Ghostysky\" \/>\n<meta property=\"article:publisher\" content=\"https:\/\/www.facebook.com\/people\/Ghostysky\/100057676170234\/\" \/>\n<meta property=\"article:modified_time\" content=\"2026-02-05T11:04:10+00:00\" \/>\n<meta property=\"og:image\" content=\"https:\/\/www.ghostysky.com\/wp-content\/uploads\/2025\/10\/GH_Unitree_GO2_1.webp\" \/>\n\t<meta property=\"og:image:width\" content=\"800\" \/>\n\t<meta property=\"og:image:height\" content=\"800\" \/>\n\t<meta property=\"og:image:type\" content=\"image\/webp\" \/>\n<meta name=\"twitter:card\" content=\"summary_large_image\" \/>\n<meta name=\"twitter:site\" content=\"@Gh0stysky\" \/>\n<meta name=\"twitter:label1\" content=\"Tiempo de lectura\" \/>\n\t<meta name=\"twitter:data1\" content=\"2 minutos\" \/>\n<script type=\"application\/ld+json\" class=\"yoast-schema-graph\">{\"@context\":\"https:\/\/schema.org\",\"@graph\":[{\"@type\":\"WebPage\",\"@id\":\"https:\/\/www.ghostysky.com\/product\/unitree-go2-pro\/\",\"url\":\"https:\/\/www.ghostysky.com\/product\/unitree-go2-pro\/\",\"name\":\"Unitree Go2 Pro - Ghostysky\",\"isPartOf\":{\"@id\":\"https:\/\/www.ghostysky.com\/#website\"},\"primaryImageOfPage\":{\"@id\":\"https:\/\/www.ghostysky.com\/product\/unitree-go2-pro\/#primaryimage\"},\"image\":{\"@id\":\"https:\/\/www.ghostysky.com\/product\/unitree-go2-pro\/#primaryimage\"},\"thumbnailUrl\":\"https:\/\/www.ghostysky.com\/wp-content\/uploads\/2025\/10\/GH_Unitree_GO2_1.webp\",\"datePublished\":\"2025-10-16T04:44:11+00:00\",\"dateModified\":\"2026-02-05T11:04:10+00:00\",\"description\":\"The Unitree Go2 Pro is an advanced and intelligent quadruped robot designed for demanding applications in research, industry, education, and entertainment. As an evolution of the Go2 platform, the Pro model offers elevated performance, superior sensing, and enhanced mobility.\",\"breadcrumb\":{\"@id\":\"https:\/\/www.ghostysky.com\/product\/unitree-go2-pro\/#breadcrumb\"},\"inLanguage\":\"es\",\"potentialAction\":[{\"@type\":\"ReadAction\",\"target\":[\"https:\/\/www.ghostysky.com\/product\/unitree-go2-pro\/\"]}]},{\"@type\":\"ImageObject\",\"inLanguage\":\"es\",\"@id\":\"https:\/\/www.ghostysky.com\/product\/unitree-go2-pro\/#primaryimage\",\"url\":\"https:\/\/www.ghostysky.com\/wp-content\/uploads\/2025\/10\/GH_Unitree_GO2_1.webp\",\"contentUrl\":\"https:\/\/www.ghostysky.com\/wp-content\/uploads\/2025\/10\/GH_Unitree_GO2_1.webp\",\"width\":800,\"height\":800},{\"@type\":\"BreadcrumbList\",\"@id\":\"https:\/\/www.ghostysky.com\/product\/unitree-go2-pro\/#breadcrumb\",\"itemListElement\":[{\"@type\":\"ListItem\",\"position\":1,\"name\":\"Home\",\"item\":\"https:\/\/www.ghostysky.com\/\"},{\"@type\":\"ListItem\",\"position\":2,\"name\":\"Shop\",\"item\":\"https:\/\/www.ghostysky.com\/shop\/\"},{\"@type\":\"ListItem\",\"position\":3,\"name\":\"Unitree Go2 Pro\"}]},{\"@type\":\"WebSite\",\"@id\":\"https:\/\/www.ghostysky.com\/#website\",\"url\":\"https:\/\/www.ghostysky.com\/\",\"name\":\"Ghostysky\",\"description\":\"Delivering professional drones and services\",\"publisher\":{\"@id\":\"https:\/\/www.ghostysky.com\/#organization\"},\"potentialAction\":[{\"@type\":\"SearchAction\",\"target\":{\"@type\":\"EntryPoint\",\"urlTemplate\":\"https:\/\/www.ghostysky.com\/?s={search_term_string}\"},\"query-input\":{\"@type\":\"PropertyValueSpecification\",\"valueRequired\":true,\"valueName\":\"search_term_string\"}}],\"inLanguage\":\"es\"},{\"@type\":\"Organization\",\"@id\":\"https:\/\/www.ghostysky.com\/#organization\",\"name\":\"Ghostysky\",\"url\":\"https:\/\/www.ghostysky.com\/\",\"logo\":{\"@type\":\"ImageObject\",\"inLanguage\":\"es\",\"@id\":\"https:\/\/www.ghostysky.com\/#\/schema\/logo\/image\/\",\"url\":\"https:\/\/www.ghostysky.com\/wp-content\/uploads\/2020\/06\/cropped-ghostyskylogo_text_white2.png\",\"contentUrl\":\"https:\/\/www.ghostysky.com\/wp-content\/uploads\/2020\/06\/cropped-ghostyskylogo_text_white2.png\",\"width\":169,\"height\":56,\"caption\":\"Ghostysky\"},\"image\":{\"@id\":\"https:\/\/www.ghostysky.com\/#\/schema\/logo\/image\/\"},\"sameAs\":[\"https:\/\/www.facebook.com\/people\/Ghostysky\/100057676170234\/\",\"https:\/\/x.com\/Gh0stysky\",\"https:\/\/www.linkedin.com\/company\/34739653\",\"https:\/\/www.instagram.com\/gh0stysky\"]}]}<\/script>\n<!-- \/ Yoast SEO plugin. -->","yoast_head_json":{"title":"Unitree Go2 Pro - Ghostysky","description":"El Unitree Go2 Pro es un robot cuadr\u00fapedo avanzado e inteligente, dise\u00f1ado para aplicaciones exigentes en investigaci\u00f3n, industria, educaci\u00f3n y entretenimiento. Como evoluci\u00f3n de la plataforma Go2, el modelo Pro ofrece un rendimiento superior, detecci\u00f3n superior y movilidad optimizada.","robots":{"index":"index","follow":"follow","max-snippet":"max-snippet:-1","max-image-preview":"max-image-preview:large","max-video-preview":"max-video-preview:-1"},"canonical":"https:\/\/www.ghostysky.com\/es\/producto-2\/unitree-go2-pro\/","og_locale":"es_ES","og_type":"article","og_title":"Unitree Go2 Pro - Ghostysky","og_description":"The Unitree Go2 Pro is an advanced and intelligent quadruped robot designed for demanding applications in research, industry, education, and entertainment. As an evolution of the Go2 platform, the Pro model offers elevated performance, superior sensing, and enhanced mobility.","og_url":"https:\/\/www.ghostysky.com\/es\/producto-2\/unitree-go2-pro\/","og_site_name":"Ghostysky","article_publisher":"https:\/\/www.facebook.com\/people\/Ghostysky\/100057676170234\/","article_modified_time":"2026-02-05T11:04:10+00:00","og_image":[{"width":800,"height":800,"url":"https:\/\/www.ghostysky.com\/wp-content\/uploads\/2025\/10\/GH_Unitree_GO2_1.webp","type":"image\/webp"}],"twitter_card":"summary_large_image","twitter_site":"@Gh0stysky","twitter_misc":{"Tiempo de lectura":"2 minutos"},"schema":{"@context":"https:\/\/schema.org","@graph":[{"@type":"WebPage","@id":"https:\/\/www.ghostysky.com\/product\/unitree-go2-pro\/","url":"https:\/\/www.ghostysky.com\/product\/unitree-go2-pro\/","name":"Unitree Go2 Pro - Ghostysky","isPartOf":{"@id":"https:\/\/www.ghostysky.com\/#website"},"primaryImageOfPage":{"@id":"https:\/\/www.ghostysky.com\/product\/unitree-go2-pro\/#primaryimage"},"image":{"@id":"https:\/\/www.ghostysky.com\/product\/unitree-go2-pro\/#primaryimage"},"thumbnailUrl":"https:\/\/www.ghostysky.com\/wp-content\/uploads\/2025\/10\/GH_Unitree_GO2_1.webp","datePublished":"2025-10-16T04:44:11+00:00","dateModified":"2026-02-05T11:04:10+00:00","description":"El Unitree Go2 Pro es un robot cuadr\u00fapedo avanzado e inteligente, dise\u00f1ado para aplicaciones exigentes en investigaci\u00f3n, industria, educaci\u00f3n y entretenimiento. Como evoluci\u00f3n de la plataforma Go2, el modelo Pro ofrece un rendimiento superior, detecci\u00f3n superior y movilidad optimizada.","breadcrumb":{"@id":"https:\/\/www.ghostysky.com\/product\/unitree-go2-pro\/#breadcrumb"},"inLanguage":"es","potentialAction":[{"@type":"ReadAction","target":["https:\/\/www.ghostysky.com\/product\/unitree-go2-pro\/"]}]},{"@type":"ImageObject","inLanguage":"es","@id":"https:\/\/www.ghostysky.com\/product\/unitree-go2-pro\/#primaryimage","url":"https:\/\/www.ghostysky.com\/wp-content\/uploads\/2025\/10\/GH_Unitree_GO2_1.webp","contentUrl":"https:\/\/www.ghostysky.com\/wp-content\/uploads\/2025\/10\/GH_Unitree_GO2_1.webp","width":800,"height":800},{"@type":"BreadcrumbList","@id":"https:\/\/www.ghostysky.com\/product\/unitree-go2-pro\/#breadcrumb","itemListElement":[{"@type":"ListItem","position":1,"name":"Home","item":"https:\/\/www.ghostysky.com\/"},{"@type":"ListItem","position":2,"name":"Shop","item":"https:\/\/www.ghostysky.com\/shop\/"},{"@type":"ListItem","position":3,"name":"Unitree Go2 Pro"}]},{"@type":"WebSite","@id":"https:\/\/www.ghostysky.com\/#website","url":"https:\/\/www.ghostysky.com\/","name":"Ghostysky","description":"Entrega de drones y servicios profesionales","publisher":{"@id":"https:\/\/www.ghostysky.com\/#organization"},"potentialAction":[{"@type":"SearchAction","target":{"@type":"EntryPoint","urlTemplate":"https:\/\/www.ghostysky.com\/?s={search_term_string}"},"query-input":{"@type":"PropertyValueSpecification","valueRequired":true,"valueName":"search_term_string"}}],"inLanguage":"es"},{"@type":"Organization","@id":"https:\/\/www.ghostysky.com\/#organization","name":"Ghostysky","url":"https:\/\/www.ghostysky.com\/","logo":{"@type":"ImageObject","inLanguage":"es","@id":"https:\/\/www.ghostysky.com\/#\/schema\/logo\/image\/","url":"https:\/\/www.ghostysky.com\/wp-content\/uploads\/2020\/06\/cropped-ghostyskylogo_text_white2.png","contentUrl":"https:\/\/www.ghostysky.com\/wp-content\/uploads\/2020\/06\/cropped-ghostyskylogo_text_white2.png","width":169,"height":56,"caption":"Ghostysky"},"image":{"@id":"https:\/\/www.ghostysky.com\/#\/schema\/logo\/image\/"},"sameAs":["https:\/\/www.facebook.com\/people\/Ghostysky\/100057676170234\/","https:\/\/x.com\/Gh0stysky","https:\/\/www.linkedin.com\/company\/34739653","https:\/\/www.instagram.com\/gh0stysky"]}]}},"_links":{"self":[{"href":"https:\/\/www.ghostysky.com\/es\/wp-json\/wp\/v2\/product\/21211","targetHints":{"allow":["GET"]}}],"collection":[{"href":"https:\/\/www.ghostysky.com\/es\/wp-json\/wp\/v2\/product"}],"about":[{"href":"https:\/\/www.ghostysky.com\/es\/wp-json\/wp\/v2\/types\/product"}],"replies":[{"embeddable":true,"href":"https:\/\/www.ghostysky.com\/es\/wp-json\/wp\/v2\/comments?post=21211"}],"wp:featuredmedia":[{"embeddable":true,"href":"https:\/\/www.ghostysky.com\/es\/wp-json\/wp\/v2\/media\/21207"}],"wp:attachment":[{"href":"https:\/\/www.ghostysky.com\/es\/wp-json\/wp\/v2\/media?parent=21211"}],"wp:term":[{"taxonomy":"product_brand","embeddable":true,"href":"https:\/\/www.ghostysky.com\/es\/wp-json\/wp\/v2\/product_brand?post=21211"},{"taxonomy":"product_cat","embeddable":true,"href":"https:\/\/www.ghostysky.com\/es\/wp-json\/wp\/v2\/product_cat?post=21211"},{"taxonomy":"product_tag","embeddable":true,"href":"https:\/\/www.ghostysky.com\/es\/wp-json\/wp\/v2\/product_tag?post=21211"}],"curies":[{"name":"wp","href":"https:\/\/api.w.org\/{rel}","templated":true}]}}