{"id":21218,"date":"2025-10-16T04:54:50","date_gmt":"2025-10-16T04:54:50","guid":{"rendered":"https:\/\/www.ghostysky.com\/?post_type=product&#038;p=21218"},"modified":"2026-04-13T14:17:39","modified_gmt":"2026-04-13T14:17:39","slug":"unitree-go2-edu-standard-40-tops-computing","status":"publish","type":"product","link":"https:\/\/www.ghostysky.com\/es\/product\/unitree-go2-edu-standard-40-tops-computing\/","title":{"rendered":"Est\u00e1ndar Unitree Go2 EDU (40 Tops Computing)"},"content":{"rendered":"<h3>Caracter\u00edsticas clave<\/h3>\n<ul>\n<li><b>Computaci\u00f3n de IA potente:<\/b><span class=\"citation-321\"> Equipado con un <\/span><b><span class=\"citation-321\">M\u00f3dulo NVIDIA Jetson Orin Nano que proporciona 40 TOPS (Teraoperaciones por segundo)<\/span><\/b><span class=\"citation-321 citation-end-321\"> del poder computacional de la IA.<\/span> <span class=\"citation-320 citation-end-320\">Esto lo hace ideal para la introducci\u00f3n a la investigaci\u00f3n de IA intermedia, mecatr\u00f3nica b\u00e1sica e integraci\u00f3n de LiDAR.<\/span><\/li>\n<li><b>Plataforma de grado de investigaci\u00f3n:<\/b><span class=\"citation-319\"> Construido espec\u00edficamente para <\/span><b><span class=\"citation-319\">desarrollo secundario<\/span><\/b><span class=\"citation-319\">, con contenido completo <\/span><b><span class=\"citation-319\">Acceso a SDK\/API<\/span><\/b><span class=\"citation-319\"> (Python y C++), y compatibilidad con <\/span><b><span class=\"citation-319\">ROS (Sistema operativo rob\u00f3tico)<\/span><\/b><span class=\"citation-319\"> en un <\/span><b><span class=\"citation-319\">Arquitectura de sistema operativo dual<\/span><\/b><span class=\"citation-319 citation-end-319\"> (Control en tiempo real y conocimiento del entorno), empoderando a estudiantes e investigadores.<\/span><\/li>\n<li><b><span class=\"citation-318\">Percepci\u00f3n avanzada:<\/span><\/b><span class=\"citation-318\"> Incluye el <\/span><b><span class=\"citation-318\">LiDAR 3D de gran angular<\/span><\/b><span class=\"citation-318\"> (a menudo el Unitree desarrollado por s\u00ed mismo <\/span><b><span class=\"citation-318\">LiDAR 4D L1<\/span><\/b><span class=\"citation-318 citation-end-318\">) para <\/span><span class=\"math-inline\" data-math=\"360^{\\circ} \\times 90^{\\circ}\">360\u00ba x 90\u00ba<\/span><span class=\"citation-317 citation-end-317\"> Reconocimiento ultra amplio, que permite reconocimiento todo terreno, mapeo ambiental detallado y evitaci\u00f3n inteligente de obst\u00e1culos.<\/span> <span class=\"citation-316\">Tambi\u00e9n cuenta con un <\/span><b><span class=\"citation-316\">C\u00e1mara gran angular HD<\/span><\/b><span class=\"citation-316\"> y <\/span><b><span class=\"citation-316\">Sensores de fuerza del pie<\/span><\/b><span class=\"citation-316 citation-end-316\">.<\/span><\/li>\n<li><b>Movilidad y rendimiento mejorados:<\/b>\n<ul>\n<li><b><span class=\"citation-315\">12 motores articulados de alto rendimiento<\/span><\/b><span class=\"citation-315\"> con un par articular m\u00e1ximo de aproximadamente <\/span><b><span class=\"citation-315\">45 Nm<\/span><\/b><span class=\"citation-315 citation-end-315\">, lo que permite una velocidad m\u00e1xima de funcionamiento de hasta aproximadamente <\/span><b><span class=\"math-inline\" data-math=\"3.7 \\text{ m\/s}\">3,7 m\/s<\/span><\/b><span class=\"citation-314 citation-end-314\"> y la capacidad de realizar acciones complejas como saltar y escalar obst\u00e1culos hasta <\/span><b><span class=\"math-inline\" data-math=\"16 \\text{ cm}\">16 cent\u00edmetros<\/span><\/b><span class=\"citation-313 citation-end-313\">\u00a0alto.<\/span><\/li>\n<li><span class=\"citation-312\">Cuenta con una <\/span><b><span class=\"citation-312\">Sistema inteligente de seguimiento lateral (ISS 2.0)<\/span><\/b><span class=\"citation-312 citation-end-312\"> para un seguimiento aut\u00f3nomo preciso y una mejor evitaci\u00f3n de obst\u00e1culos.<\/span><\/li>\n<\/ul>\n<\/li>\n<li><b>Resistencia extendida:<\/b><span class=\"citation-311\"> Viene de serie con el <\/span><b><span class=\"citation-311\">Bater\u00eda inteligente de larga duraci\u00f3n de 15.000 mAh<\/span><\/b><span class=\"citation-311\">, proporcionando un tiempo de funcionamiento de aproximadamente <\/span><b><span class=\"citation-311\">2\u20134 horas<\/span><\/b><span class=\"citation-311\">, junto con un <\/span><b><span class=\"citation-311\">cargador r\u00e1pido<\/span><\/b><span class=\"citation-311 citation-end-311\">.<\/span><\/li>\n<li><b><span class=\"citation-310\">Integraci\u00f3n Educativa:<\/span><\/b><span class=\"citation-310 citation-end-310\"> Dise\u00f1ado para el aula y el laboratorio, admite una variedad de lenguajes de codificaci\u00f3n (Python, C++, codificaci\u00f3n en bloques) y ofrece un plan de estudios llave en mano a trav\u00e9s de socios como DroneBlocks.<\/span><\/li>\n<\/ul>\n<p><span class=\"citation-309 citation-end-309\">El est\u00e1ndar Go2 EDU (40 TOPS) es la opci\u00f3n principal para universidades, laboratorios de investigaci\u00f3n y programas avanzados de bachillerato que buscan una plataforma s\u00f3lida y preparada para el futuro que sirva de puente entre la imaginaci\u00f3n y la aplicaci\u00f3n pr\u00e1ctica de la IA y la rob\u00f3tica.<\/span><\/p>","protected":false},"excerpt":{"rendered":"<p><span class=\"citation-323\">El <\/span><b><span class=\"citation-323\">Est\u00e1ndar Unitree Go2 EDU (40 TOPS de computaci\u00f3n)<\/span><\/b><span class=\"citation-323 citation-end-323\"> es un robot cuadr\u00fapedo inteligente y altamente avanzado, dise\u00f1ado como una plataforma vers\u00e1til para la educaci\u00f3n, la investigaci\u00f3n y el desarrollo en rob\u00f3tica de alto nivel.<\/span><\/p>\n<p><span class=\"citation-322 citation-end-322\">Este modelo supone un cambio radical para las instituciones y los investigadores que buscan explorar la IA, los sistemas aut\u00f3nomos y la mecatr\u00f3nica, ofreciendo una combinaci\u00f3n excepcional de hardware sofisticado y acceso completo a la programaci\u00f3n.<\/span><\/p>","protected":false},"featured_media":21221,"comment_status":"open","ping_status":"closed","template":"","meta":[],"product_brand":[1087],"product_cat":[1039,1037,1085],"product_tag":[1088,1089,1090],"class_list":{"0":"post-21218","1":"product","2":"type-product","3":"status-publish","4":"has-post-thumbnail","6":"product_brand-unitree","7":"product_cat-quadruped","8":"product_cat-robotics","9":"product_cat-unitree-quad-robots","10":"product_tag-unitree","11":"product_tag-unitree-quadruped","12":"product_tag-unitree-quadruped-robots","14":"first","15":"onbackorder","16":"taxable","17":"shipping-taxable","18":"purchasable","19":"product-type-simple"},"yoast_head":"<!-- This site is optimized with the Yoast SEO plugin v27.4 - https:\/\/yoast.com\/product\/yoast-seo-wordpress\/ -->\n<title>Unitree Go2 EDU Standard (40 Tops computing) - Ghostysky<\/title>\n<meta name=\"description\" content=\"The Unitree Go2 EDU Standard (40 TOPS computing) is a highly advanced, intelligent quadruped robot designed as a versatile platform for high-level robotics education, research, and development.This model is a game-changer for institutions and researchers looking to explore AI, autonomous systems, and mechatronics, offering an exceptional blend of sophisticated hardware and full programming access.\" \/>\n<meta name=\"robots\" content=\"index, follow, max-snippet:-1, max-image-preview:large, max-video-preview:-1\" \/>\n<link rel=\"canonical\" href=\"https:\/\/www.ghostysky.com\/es\/producto-2\/unitree-go2-edu-standard-40-tops-computing\/\" \/>\n<meta property=\"og:locale\" content=\"es_ES\" \/>\n<meta property=\"og:type\" content=\"article\" \/>\n<meta property=\"og:title\" content=\"Unitree Go2 EDU Standard (40 Tops computing) - Ghostysky\" \/>\n<meta property=\"og:description\" content=\"The Unitree Go2 EDU Standard (40 TOPS computing) is a highly advanced, intelligent quadruped robot designed as a versatile platform for high-level robotics education, research, and development.This model is a game-changer for institutions and researchers looking to explore AI, autonomous systems, and mechatronics, offering an exceptional blend of sophisticated hardware and full programming access.\" \/>\n<meta property=\"og:url\" content=\"https:\/\/www.ghostysky.com\/es\/producto-2\/unitree-go2-edu-standard-40-tops-computing\/\" \/>\n<meta property=\"og:site_name\" content=\"Ghostysky\" \/>\n<meta property=\"article:publisher\" content=\"https:\/\/www.facebook.com\/people\/Ghostysky\/100057676170234\/\" \/>\n<meta property=\"article:modified_time\" content=\"2026-04-13T14:17:39+00:00\" \/>\n<meta property=\"og:image\" content=\"https:\/\/www.ghostysky.com\/wp-content\/uploads\/2025\/10\/GH_Unitree_GO2_EDU_1.webp\" \/>\n\t<meta property=\"og:image:width\" content=\"800\" \/>\n\t<meta property=\"og:image:height\" content=\"800\" \/>\n\t<meta property=\"og:image:type\" content=\"image\/webp\" \/>\n<meta name=\"twitter:card\" content=\"summary_large_image\" \/>\n<meta name=\"twitter:site\" content=\"@Gh0stysky\" \/>\n<meta name=\"twitter:label1\" content=\"Tiempo de lectura\" \/>\n\t<meta name=\"twitter:data1\" content=\"2 minutos\" \/>\n<script type=\"application\/ld+json\" class=\"yoast-schema-graph\">{\"@context\":\"https:\\\/\\\/schema.org\",\"@graph\":[{\"@type\":\"WebPage\",\"@id\":\"https:\\\/\\\/www.ghostysky.com\\\/product\\\/unitree-go2-edu-standard-40-tops-computing\\\/\",\"url\":\"https:\\\/\\\/www.ghostysky.com\\\/product\\\/unitree-go2-edu-standard-40-tops-computing\\\/\",\"name\":\"Unitree Go2 EDU Standard (40 Tops computing) - Ghostysky\",\"isPartOf\":{\"@id\":\"https:\\\/\\\/www.ghostysky.com\\\/#website\"},\"primaryImageOfPage\":{\"@id\":\"https:\\\/\\\/www.ghostysky.com\\\/product\\\/unitree-go2-edu-standard-40-tops-computing\\\/#primaryimage\"},\"image\":{\"@id\":\"https:\\\/\\\/www.ghostysky.com\\\/product\\\/unitree-go2-edu-standard-40-tops-computing\\\/#primaryimage\"},\"thumbnailUrl\":\"https:\\\/\\\/www.ghostysky.com\\\/wp-content\\\/uploads\\\/2025\\\/10\\\/GH_Unitree_GO2_EDU_1.webp\",\"datePublished\":\"2025-10-16T04:54:50+00:00\",\"dateModified\":\"2026-04-13T14:17:39+00:00\",\"description\":\"The Unitree Go2 EDU Standard (40 TOPS computing) is a highly advanced, intelligent quadruped robot designed as a versatile platform for high-level robotics education, research, and development.This model is a game-changer for institutions and researchers looking to explore AI, autonomous systems, and mechatronics, offering an exceptional blend of sophisticated hardware and full programming access.\",\"breadcrumb\":{\"@id\":\"https:\\\/\\\/www.ghostysky.com\\\/product\\\/unitree-go2-edu-standard-40-tops-computing\\\/#breadcrumb\"},\"inLanguage\":\"es\",\"potentialAction\":[{\"@type\":\"ReadAction\",\"target\":[\"https:\\\/\\\/www.ghostysky.com\\\/product\\\/unitree-go2-edu-standard-40-tops-computing\\\/\"]}]},{\"@type\":\"ImageObject\",\"inLanguage\":\"es\",\"@id\":\"https:\\\/\\\/www.ghostysky.com\\\/product\\\/unitree-go2-edu-standard-40-tops-computing\\\/#primaryimage\",\"url\":\"https:\\\/\\\/www.ghostysky.com\\\/wp-content\\\/uploads\\\/2025\\\/10\\\/GH_Unitree_GO2_EDU_1.webp\",\"contentUrl\":\"https:\\\/\\\/www.ghostysky.com\\\/wp-content\\\/uploads\\\/2025\\\/10\\\/GH_Unitree_GO2_EDU_1.webp\",\"width\":800,\"height\":800},{\"@type\":\"BreadcrumbList\",\"@id\":\"https:\\\/\\\/www.ghostysky.com\\\/product\\\/unitree-go2-edu-standard-40-tops-computing\\\/#breadcrumb\",\"itemListElement\":[{\"@type\":\"ListItem\",\"position\":1,\"name\":\"Home\",\"item\":\"https:\\\/\\\/www.ghostysky.com\\\/\"},{\"@type\":\"ListItem\",\"position\":2,\"name\":\"Shop\",\"item\":\"https:\\\/\\\/www.ghostysky.com\\\/shop\\\/\"},{\"@type\":\"ListItem\",\"position\":3,\"name\":\"Unitree Go2 EDU Standard (40 Tops computing)\"}]},{\"@type\":\"WebSite\",\"@id\":\"https:\\\/\\\/www.ghostysky.com\\\/#website\",\"url\":\"https:\\\/\\\/www.ghostysky.com\\\/\",\"name\":\"Ghostysky\",\"description\":\"Delivering professional drones and robotics solutions\",\"publisher\":{\"@id\":\"https:\\\/\\\/www.ghostysky.com\\\/#organization\"},\"potentialAction\":[{\"@type\":\"SearchAction\",\"target\":{\"@type\":\"EntryPoint\",\"urlTemplate\":\"https:\\\/\\\/www.ghostysky.com\\\/?s={search_term_string}\"},\"query-input\":{\"@type\":\"PropertyValueSpecification\",\"valueRequired\":true,\"valueName\":\"search_term_string\"}}],\"inLanguage\":\"es\"},{\"@type\":\"Organization\",\"@id\":\"https:\\\/\\\/www.ghostysky.com\\\/#organization\",\"name\":\"Ghostysky\",\"url\":\"https:\\\/\\\/www.ghostysky.com\\\/\",\"logo\":{\"@type\":\"ImageObject\",\"inLanguage\":\"es\",\"@id\":\"https:\\\/\\\/www.ghostysky.com\\\/#\\\/schema\\\/logo\\\/image\\\/\",\"url\":\"https:\\\/\\\/www.ghostysky.com\\\/wp-content\\\/uploads\\\/2020\\\/06\\\/cropped-ghostyskylogo_text_white2.png\",\"contentUrl\":\"https:\\\/\\\/www.ghostysky.com\\\/wp-content\\\/uploads\\\/2020\\\/06\\\/cropped-ghostyskylogo_text_white2.png\",\"width\":169,\"height\":56,\"caption\":\"Ghostysky\"},\"image\":{\"@id\":\"https:\\\/\\\/www.ghostysky.com\\\/#\\\/schema\\\/logo\\\/image\\\/\"},\"sameAs\":[\"https:\\\/\\\/www.facebook.com\\\/people\\\/Ghostysky\\\/100057676170234\\\/\",\"https:\\\/\\\/x.com\\\/Gh0stysky\",\"https:\\\/\\\/www.linkedin.com\\\/company\\\/34739653\",\"https:\\\/\\\/www.instagram.com\\\/gh0stysky\"]}]}<\/script>\n<!-- \/ Yoast SEO plugin. -->","yoast_head_json":{"title":"Est\u00e1ndar Unitree Go2 EDU (40 Tops Computing) - Ghostysky","description":"El Unitree Go2 EDU Standard (con una capacidad de procesamiento de 40 TOPS) es un robot cuadr\u00fapedo inteligente y de alta tecnolog\u00eda, dise\u00f1ado como una plataforma vers\u00e1til para la educaci\u00f3n, la investigaci\u00f3n y el desarrollo de rob\u00f3tica de alto nivel. Este modelo supone un cambio radical para las instituciones e investigadores que buscan explorar la IA, los sistemas aut\u00f3nomos y la mecatr\u00f3nica, ya que ofrece una combinaci\u00f3n excepcional de hardware sofisticado y acceso completo a la programaci\u00f3n.","robots":{"index":"index","follow":"follow","max-snippet":"max-snippet:-1","max-image-preview":"max-image-preview:large","max-video-preview":"max-video-preview:-1"},"canonical":"https:\/\/www.ghostysky.com\/es\/producto-2\/unitree-go2-edu-standard-40-tops-computing\/","og_locale":"es_ES","og_type":"article","og_title":"Unitree Go2 EDU Standard (40 Tops computing) - Ghostysky","og_description":"The Unitree Go2 EDU Standard (40 TOPS computing) is a highly advanced, intelligent quadruped robot designed as a versatile platform for high-level robotics education, research, and development.This model is a game-changer for institutions and researchers looking to explore AI, autonomous systems, and mechatronics, offering an exceptional blend of sophisticated hardware and full programming access.","og_url":"https:\/\/www.ghostysky.com\/es\/producto-2\/unitree-go2-edu-standard-40-tops-computing\/","og_site_name":"Ghostysky","article_publisher":"https:\/\/www.facebook.com\/people\/Ghostysky\/100057676170234\/","article_modified_time":"2026-04-13T14:17:39+00:00","og_image":[{"width":800,"height":800,"url":"https:\/\/www.ghostysky.com\/wp-content\/uploads\/2025\/10\/GH_Unitree_GO2_EDU_1.webp","type":"image\/webp"}],"twitter_card":"summary_large_image","twitter_site":"@Gh0stysky","twitter_misc":{"Tiempo de lectura":"2 minutos"},"schema":{"@context":"https:\/\/schema.org","@graph":[{"@type":"WebPage","@id":"https:\/\/www.ghostysky.com\/product\/unitree-go2-edu-standard-40-tops-computing\/","url":"https:\/\/www.ghostysky.com\/product\/unitree-go2-edu-standard-40-tops-computing\/","name":"Est\u00e1ndar Unitree Go2 EDU (40 Tops Computing) - Ghostysky","isPartOf":{"@id":"https:\/\/www.ghostysky.com\/#website"},"primaryImageOfPage":{"@id":"https:\/\/www.ghostysky.com\/product\/unitree-go2-edu-standard-40-tops-computing\/#primaryimage"},"image":{"@id":"https:\/\/www.ghostysky.com\/product\/unitree-go2-edu-standard-40-tops-computing\/#primaryimage"},"thumbnailUrl":"https:\/\/www.ghostysky.com\/wp-content\/uploads\/2025\/10\/GH_Unitree_GO2_EDU_1.webp","datePublished":"2025-10-16T04:54:50+00:00","dateModified":"2026-04-13T14:17:39+00:00","description":"El Unitree Go2 EDU Standard (con una capacidad de procesamiento de 40 TOPS) es un robot cuadr\u00fapedo inteligente y de alta tecnolog\u00eda, dise\u00f1ado como una plataforma vers\u00e1til para la educaci\u00f3n, la investigaci\u00f3n y el desarrollo de rob\u00f3tica de alto nivel. Este modelo supone un cambio radical para las instituciones e investigadores que buscan explorar la IA, los sistemas aut\u00f3nomos y la mecatr\u00f3nica, ya que ofrece una combinaci\u00f3n excepcional de hardware sofisticado y acceso completo a la programaci\u00f3n.","breadcrumb":{"@id":"https:\/\/www.ghostysky.com\/product\/unitree-go2-edu-standard-40-tops-computing\/#breadcrumb"},"inLanguage":"es","potentialAction":[{"@type":"ReadAction","target":["https:\/\/www.ghostysky.com\/product\/unitree-go2-edu-standard-40-tops-computing\/"]}]},{"@type":"ImageObject","inLanguage":"es","@id":"https:\/\/www.ghostysky.com\/product\/unitree-go2-edu-standard-40-tops-computing\/#primaryimage","url":"https:\/\/www.ghostysky.com\/wp-content\/uploads\/2025\/10\/GH_Unitree_GO2_EDU_1.webp","contentUrl":"https:\/\/www.ghostysky.com\/wp-content\/uploads\/2025\/10\/GH_Unitree_GO2_EDU_1.webp","width":800,"height":800},{"@type":"BreadcrumbList","@id":"https:\/\/www.ghostysky.com\/product\/unitree-go2-edu-standard-40-tops-computing\/#breadcrumb","itemListElement":[{"@type":"ListItem","position":1,"name":"Home","item":"https:\/\/www.ghostysky.com\/"},{"@type":"ListItem","position":2,"name":"Shop","item":"https:\/\/www.ghostysky.com\/shop\/"},{"@type":"ListItem","position":3,"name":"Unitree Go2 EDU Standard (40 Tops computing)"}]},{"@type":"WebSite","@id":"https:\/\/www.ghostysky.com\/#website","url":"https:\/\/www.ghostysky.com\/","name":"Ghostysky","description":"Ofrecemos soluciones profesionales de drones y rob\u00f3tica.","publisher":{"@id":"https:\/\/www.ghostysky.com\/#organization"},"potentialAction":[{"@type":"SearchAction","target":{"@type":"EntryPoint","urlTemplate":"https:\/\/www.ghostysky.com\/?s={search_term_string}"},"query-input":{"@type":"PropertyValueSpecification","valueRequired":true,"valueName":"search_term_string"}}],"inLanguage":"es"},{"@type":"Organization","@id":"https:\/\/www.ghostysky.com\/#organization","name":"Ghostysky","url":"https:\/\/www.ghostysky.com\/","logo":{"@type":"ImageObject","inLanguage":"es","@id":"https:\/\/www.ghostysky.com\/#\/schema\/logo\/image\/","url":"https:\/\/www.ghostysky.com\/wp-content\/uploads\/2020\/06\/cropped-ghostyskylogo_text_white2.png","contentUrl":"https:\/\/www.ghostysky.com\/wp-content\/uploads\/2020\/06\/cropped-ghostyskylogo_text_white2.png","width":169,"height":56,"caption":"Ghostysky"},"image":{"@id":"https:\/\/www.ghostysky.com\/#\/schema\/logo\/image\/"},"sameAs":["https:\/\/www.facebook.com\/people\/Ghostysky\/100057676170234\/","https:\/\/x.com\/Gh0stysky","https:\/\/www.linkedin.com\/company\/34739653","https:\/\/www.instagram.com\/gh0stysky"]}]}},"_links":{"self":[{"href":"https:\/\/www.ghostysky.com\/es\/wp-json\/wp\/v2\/product\/21218","targetHints":{"allow":["GET"]}}],"collection":[{"href":"https:\/\/www.ghostysky.com\/es\/wp-json\/wp\/v2\/product"}],"about":[{"href":"https:\/\/www.ghostysky.com\/es\/wp-json\/wp\/v2\/types\/product"}],"replies":[{"embeddable":true,"href":"https:\/\/www.ghostysky.com\/es\/wp-json\/wp\/v2\/comments?post=21218"}],"version-history":[{"count":1,"href":"https:\/\/www.ghostysky.com\/es\/wp-json\/wp\/v2\/product\/21218\/revisions"}],"predecessor-version":[{"id":25265,"href":"https:\/\/www.ghostysky.com\/es\/wp-json\/wp\/v2\/product\/21218\/revisions\/25265"}],"wp:featuredmedia":[{"embeddable":true,"href":"https:\/\/www.ghostysky.com\/es\/wp-json\/wp\/v2\/media\/21221"}],"wp:attachment":[{"href":"https:\/\/www.ghostysky.com\/es\/wp-json\/wp\/v2\/media?parent=21218"}],"wp:term":[{"taxonomy":"product_brand","embeddable":true,"href":"https:\/\/www.ghostysky.com\/es\/wp-json\/wp\/v2\/product_brand?post=21218"},{"taxonomy":"product_cat","embeddable":true,"href":"https:\/\/www.ghostysky.com\/es\/wp-json\/wp\/v2\/product_cat?post=21218"},{"taxonomy":"product_tag","embeddable":true,"href":"https:\/\/www.ghostysky.com\/es\/wp-json\/wp\/v2\/product_tag?post=21218"}],"curies":[{"name":"wp","href":"https:\/\/api.w.org\/{rel}","templated":true}]}}