{"id":21225,"date":"2025-10-16T05:11:24","date_gmt":"2025-10-16T05:11:24","guid":{"rendered":"https:\/\/www.ghostysky.com\/?post_type=product&#038;p=21225"},"modified":"2026-02-05T11:09:15","modified_gmt":"2026-02-05T11:09:15","slug":"unitree-go2-edu-plus-mid-360-lidar","status":"publish","type":"product","link":"https:\/\/www.ghostysky.com\/es\/product\/unitree-go2-edu-plus-mid-360-lidar\/","title":{"rendered":"Unitree Go2 EDU Plus (Mid- 360 LiDAR)"},"content":{"rendered":"<h3><b>Caracter\u00edsticas clave<\/b><\/h3>\n<ul>\n<li><b><span class=\"citation-413 citation-end-413\">LiDAR de 360 grados para mapeo 3D de alta precisi\u00f3n:<\/span><\/b><span class=\"citation-412 citation-end-412\">\u00a0Integrada con un m\u00f3dulo LiDAR Livox Mid-360, esta versi\u00f3n destaca en la percepci\u00f3n 3D.<\/span> <span class=\"citation-411 citation-end-411\">Ofrece una <\/span><span class=\"math-inline\" data-math=\"360^{\\circ}\">360\u00ba<\/span><span class=\"citation-410 citation-end-410\"> horizontal y <\/span><span class=\"math-inline\" data-math=\"-7^{\\circ}\">-7\u00ba<\/span><span class=\"citation-409 citation-end-409\"> a <\/span><span class=\"math-inline\" data-math=\"52^{\\circ}\">52\u00ba<\/span><span class=\"citation-408\"> Campo de visi\u00f3n (FOV) vertical, lo que permite una visi\u00f3n detallada <\/span><b><span class=\"citation-408\">Localizaci\u00f3n y mapeo simult\u00e1neos (SLAM)<\/span><\/b><span class=\"citation-408\">, y preciso <\/span><b><span class=\"citation-408\">evitaci\u00f3n de obst\u00e1culos<\/span><\/b><span class=\"citation-408 citation-end-408\"> para navegar en entornos interiores y exteriores diversos y complejos.<\/span><\/li>\n<li><b>Megapotencia computacional:<\/b><span class=\"citation-407\"> La variante EDU Plus presenta una mejora significativa <\/span><b><span class=\"citation-407\">100 TOPS<\/span><\/b><span class=\"citation-407\"> (Tera Operaciones Por Segundo) de potencia de c\u00e1lculo, impulsada por un m\u00f3dulo como el <\/span><b><span class=\"citation-407\">NVIDIA Orin NX<\/span><\/b><span class=\"citation-407 citation-end-407\">.<\/span> <span class=\"citation-406\">Esta robusta capacidad de procesamiento es ideal para ejecutar aplicaciones de \u00faltima generaci\u00f3n. <\/span><b><span class=\"citation-406\">algoritmos de IA<\/span><\/b><span class=\"citation-406 citation-end-406\">, aplicaciones de aprendizaje profundo en tiempo real y reconocimiento espacial avanzado.<\/span><\/li>\n<li><b>Movilidad y rendimiento avanzados:<\/b><span class=\"citation-405 citation-end-405\"> El robot est\u00e1 construido con 12 motores de articulaci\u00f3n de rodilla de aluminio de alto torque, logrando una velocidad m\u00e1xima de funcionamiento de hasta <\/span><span class=\"math-inline\" data-math=\"\\text{3.7 m\/s}\">3,7 m\/s<\/span><span class=\"citation-404 citation-end-404\"> (arriba a <\/span><span class=\"math-inline\" data-math=\"\\text{5 m\/s}\">5 m\/s<\/span><span class=\"citation-403 citation-end-403\">\u00a0en condiciones de laboratorio) y un \u00e1ngulo m\u00e1ximo de ascenso de\u00a0<\/span><span class=\"math-inline\" data-math=\"40^{\\circ}\">40\u00ba<\/span><span class=\"citation-402 citation-end-402\">.<\/span>\u00a0<span class=\"citation-401 citation-end-401\">Su entrenamiento con simulaci\u00f3n de IA permite realizar movimientos complejos como caminar boca abajo y darse la vuelta de forma adaptativa.<\/span><\/li>\n<li><b>Suite sensorial mejorada:<\/b><span class=\"citation-400\"> Adem\u00e1s del LiDAR Mid-360, incluye el desarrollo propio de Unitree <\/span><b><span class=\"citation-400\">LiDAR 4D L1<\/span><\/b><span class=\"citation-400 citation-end-400\"> para <\/span><span class=\"math-inline\" data-math=\"360^{\\circ} \\times 90^{\\circ}\">360\u00ba x 90\u00ba<\/span><span class=\"citation-399 citation-end-399\"> reconocimiento ultra amplio con puntos ciegos m\u00ednimos, una c\u00e1mara gran angular HD y sensores de fuerza en el extremo del pie.<\/span><\/li>\n<li><b>Sistema inteligente de seguimiento lateral (ISS 2.0):<\/b><span class=\"citation-398 citation-end-398\"> Utiliza nueva tecnolog\u00eda de control y posicionamiento vectorial inal\u00e1mbrico para mejorar la precisi\u00f3n del posicionamiento\u00a0 <\/span><span class=\"math-inline\" data-math=\"50\\%\">50%<\/span><span class=\"citation-397 citation-end-397\">\u00a0y optimizar la evitaci\u00f3n de obst\u00e1culos, lo que permite que el robot siga a un usuario con precisi\u00f3n en un rango de\u00a0 <\/span><span class=\"math-inline\" data-math=\"\\text{30m}\">30 metros<\/span><span class=\"citation-396 citation-end-396\">.<\/span><\/li>\n<li><b>Bater\u00eda inteligente de larga duraci\u00f3n:<\/b><span class=\"citation-395 citation-end-395\"> Equipado con un\u00a0<\/span><span class=\"math-inline\" data-math=\"\\text{15000 mAh}\">15000 mAh<\/span><span class=\"citation-394 citation-end-394\"> bater\u00eda inteligente, que proporciona una duraci\u00f3n ultralarga de aproximadamente <\/span><span class=\"math-inline\" data-math=\"\\text{2-4 hours}\">2-4 horas<\/span><span class=\"citation-393 citation-end-393\">\u00a0de funcionamiento, emparejado con una unidad de carga r\u00e1pida.<\/span><\/li>\n<li><b><span class=\"citation-392\">Plataforma abierta y vers\u00e1til:<\/span><\/b><span class=\"citation-392\"> Dise\u00f1ado para <\/span><b><span class=\"citation-392\">desarrollo secundario<\/span><\/b><span class=\"citation-392\">, admite personalizaci\u00f3n, es compatible con <\/span><b><span class=\"citation-392\">ROS (Sistema operativo rob\u00f3tico)<\/span><\/b><span class=\"citation-392 citation-end-392\">, y permite la programaci\u00f3n a trav\u00e9s de m\u00faltiples lenguajes (Python, C++), convirti\u00e9ndolo en una herramienta integral tanto para la investigaci\u00f3n acad\u00e9mica como profesional.<\/span><\/li>\n<li><b>Mejora continua:<\/b><span class=\"citation-391\"> Soportes <\/span><b><span class=\"citation-391\">Actualizaciones OTA (Over-The-Air)<\/span><\/b><span class=\"citation-391 citation-end-391\"> para garantizar que el rendimiento y la inteligencia del robot mejoren continuamente mediante actualizaciones basadas en la nube.<\/span><\/li>\n<\/ul>\n<p><span class=\"citation-390\">El <\/span><b><span class=\"citation-390\">Unitree Go2 EDU Plus (LiDAR medio 360)<\/span><\/b><span class=\"citation-390 citation-end-390\"> es la elecci\u00f3n perfecta para investigadores y desarrolladores centrados en el mapeo 3D en interiores y exteriores, la navegaci\u00f3n aut\u00f3noma de rango medio y la integraci\u00f3n de IA de alto rendimiento en rob\u00f3tica.<\/span><\/p>","protected":false},"excerpt":{"rendered":"<p><span class=\"citation-415\">El <\/span><b><span class=\"citation-415\">Unitree Go2 EDU Plus (LiDAR medio 360)<\/span><\/b><span class=\"citation-415 citation-end-415\"> es un robot cuadr\u00fapedo inteligente avanzado dise\u00f1ado como la plataforma definitiva para la investigaci\u00f3n rob\u00f3tica, la educaci\u00f3n avanzada y el desarrollo sofisticado.<\/span> <span class=\"citation-414 citation-end-414\">Combina computaci\u00f3n potente, detecci\u00f3n de alta precisi\u00f3n y movilidad excepcional para abordar tareas complejas de inteligencia artificial y navegaci\u00f3n aut\u00f3noma.<\/span><\/p>\n<div class=\"source-inline-chip-container ng-star-inserted\"><\/div>\n<div class=\"source-inline-chip-container ng-star-inserted\"><\/div>\n<p>&nbsp;<\/p>","protected":false},"featured_media":21221,"comment_status":"open","ping_status":"closed","template":"","meta":[],"product_brand":[1087],"product_cat":[1039,1037,1085],"product_tag":[1088,1092,1089,1090],"class_list":{"0":"post-21225","1":"product","2":"type-product","3":"status-publish","4":"has-post-thumbnail","6":"product_brand-unitree","7":"product_cat-quadruped","8":"product_cat-robotics","9":"product_cat-unitree-quad-robots","10":"product_tag-unitree","11":"product_tag-unitree-go2-series","12":"product_tag-unitree-quadruped","13":"product_tag-unitree-quadruped-robots","15":"first","16":"onbackorder","17":"taxable","18":"shipping-taxable","19":"purchasable","20":"product-type-simple"},"yoast_head":"<!-- This site is optimized with the Yoast SEO plugin v27.1.1 - https:\/\/yoast.com\/product\/yoast-seo-wordpress\/ -->\n<title>Unitree Go2 EDU Plus (Mid- 360 LiDAR) - Ghostysky<\/title>\n<meta name=\"description\" content=\"The Unitree Go2 EDU Plus (Mid-360 LiDAR) is an advanced intelligent quadruped robot designed as the ultimate platform for robotics research, advanced education, and sophisticated development. It combines powerful computing, high-precision sensing, and exceptional mobility to tackle complex AI and autonomous navigation tasks.\" \/>\n<meta name=\"robots\" content=\"index, follow, max-snippet:-1, max-image-preview:large, max-video-preview:-1\" \/>\n<link rel=\"canonical\" href=\"https:\/\/www.ghostysky.com\/es\/producto-2\/unitree-go2-edu-plus-mid-360-lidar\/\" \/>\n<meta property=\"og:locale\" content=\"es_ES\" \/>\n<meta property=\"og:type\" content=\"article\" \/>\n<meta property=\"og:title\" content=\"Unitree Go2 EDU Plus (Mid- 360 LiDAR) - Ghostysky\" \/>\n<meta property=\"og:description\" content=\"The Unitree Go2 EDU Plus (Mid-360 LiDAR) is an advanced intelligent quadruped robot designed as the ultimate platform for robotics research, advanced education, and sophisticated development. It combines powerful computing, high-precision sensing, and exceptional mobility to tackle complex AI and autonomous navigation tasks.\" \/>\n<meta property=\"og:url\" content=\"https:\/\/www.ghostysky.com\/es\/producto-2\/unitree-go2-edu-plus-mid-360-lidar\/\" \/>\n<meta property=\"og:site_name\" content=\"Ghostysky\" \/>\n<meta property=\"article:publisher\" content=\"https:\/\/www.facebook.com\/people\/Ghostysky\/100057676170234\/\" \/>\n<meta property=\"article:modified_time\" content=\"2026-02-05T11:09:15+00:00\" \/>\n<meta property=\"og:image\" content=\"https:\/\/www.ghostysky.com\/wp-content\/uploads\/2025\/10\/GH_Unitree_GO2_EDU_1.webp\" \/>\n\t<meta property=\"og:image:width\" content=\"800\" \/>\n\t<meta property=\"og:image:height\" content=\"800\" \/>\n\t<meta property=\"og:image:type\" content=\"image\/webp\" \/>\n<meta name=\"twitter:card\" content=\"summary_large_image\" \/>\n<meta name=\"twitter:site\" content=\"@Gh0stysky\" \/>\n<meta name=\"twitter:label1\" content=\"Tiempo de lectura\" \/>\n\t<meta name=\"twitter:data1\" content=\"2 minutos\" \/>\n<script type=\"application\/ld+json\" class=\"yoast-schema-graph\">{\"@context\":\"https:\/\/schema.org\",\"@graph\":[{\"@type\":\"WebPage\",\"@id\":\"https:\/\/www.ghostysky.com\/product\/unitree-go2-edu-plus-mid-360-lidar\/\",\"url\":\"https:\/\/www.ghostysky.com\/product\/unitree-go2-edu-plus-mid-360-lidar\/\",\"name\":\"Unitree Go2 EDU Plus (Mid- 360 LiDAR) - Ghostysky\",\"isPartOf\":{\"@id\":\"https:\/\/www.ghostysky.com\/#website\"},\"primaryImageOfPage\":{\"@id\":\"https:\/\/www.ghostysky.com\/product\/unitree-go2-edu-plus-mid-360-lidar\/#primaryimage\"},\"image\":{\"@id\":\"https:\/\/www.ghostysky.com\/product\/unitree-go2-edu-plus-mid-360-lidar\/#primaryimage\"},\"thumbnailUrl\":\"https:\/\/www.ghostysky.com\/wp-content\/uploads\/2025\/10\/GH_Unitree_GO2_EDU_1.webp\",\"datePublished\":\"2025-10-16T05:11:24+00:00\",\"dateModified\":\"2026-02-05T11:09:15+00:00\",\"description\":\"The Unitree Go2 EDU Plus (Mid-360 LiDAR) is an advanced intelligent quadruped robot designed as the ultimate platform for robotics research, advanced education, and sophisticated development. It combines powerful computing, high-precision sensing, and exceptional mobility to tackle complex AI and autonomous navigation tasks.\",\"breadcrumb\":{\"@id\":\"https:\/\/www.ghostysky.com\/product\/unitree-go2-edu-plus-mid-360-lidar\/#breadcrumb\"},\"inLanguage\":\"es\",\"potentialAction\":[{\"@type\":\"ReadAction\",\"target\":[\"https:\/\/www.ghostysky.com\/product\/unitree-go2-edu-plus-mid-360-lidar\/\"]}]},{\"@type\":\"ImageObject\",\"inLanguage\":\"es\",\"@id\":\"https:\/\/www.ghostysky.com\/product\/unitree-go2-edu-plus-mid-360-lidar\/#primaryimage\",\"url\":\"https:\/\/www.ghostysky.com\/wp-content\/uploads\/2025\/10\/GH_Unitree_GO2_EDU_1.webp\",\"contentUrl\":\"https:\/\/www.ghostysky.com\/wp-content\/uploads\/2025\/10\/GH_Unitree_GO2_EDU_1.webp\",\"width\":800,\"height\":800},{\"@type\":\"BreadcrumbList\",\"@id\":\"https:\/\/www.ghostysky.com\/product\/unitree-go2-edu-plus-mid-360-lidar\/#breadcrumb\",\"itemListElement\":[{\"@type\":\"ListItem\",\"position\":1,\"name\":\"Home\",\"item\":\"https:\/\/www.ghostysky.com\/\"},{\"@type\":\"ListItem\",\"position\":2,\"name\":\"Shop\",\"item\":\"https:\/\/www.ghostysky.com\/shop\/\"},{\"@type\":\"ListItem\",\"position\":3,\"name\":\"Unitree Go2 EDU Plus (Mid- 360 LiDAR)\"}]},{\"@type\":\"WebSite\",\"@id\":\"https:\/\/www.ghostysky.com\/#website\",\"url\":\"https:\/\/www.ghostysky.com\/\",\"name\":\"Ghostysky\",\"description\":\"Delivering professional drones and services\",\"publisher\":{\"@id\":\"https:\/\/www.ghostysky.com\/#organization\"},\"potentialAction\":[{\"@type\":\"SearchAction\",\"target\":{\"@type\":\"EntryPoint\",\"urlTemplate\":\"https:\/\/www.ghostysky.com\/?s={search_term_string}\"},\"query-input\":{\"@type\":\"PropertyValueSpecification\",\"valueRequired\":true,\"valueName\":\"search_term_string\"}}],\"inLanguage\":\"es\"},{\"@type\":\"Organization\",\"@id\":\"https:\/\/www.ghostysky.com\/#organization\",\"name\":\"Ghostysky\",\"url\":\"https:\/\/www.ghostysky.com\/\",\"logo\":{\"@type\":\"ImageObject\",\"inLanguage\":\"es\",\"@id\":\"https:\/\/www.ghostysky.com\/#\/schema\/logo\/image\/\",\"url\":\"https:\/\/www.ghostysky.com\/wp-content\/uploads\/2020\/06\/cropped-ghostyskylogo_text_white2.png\",\"contentUrl\":\"https:\/\/www.ghostysky.com\/wp-content\/uploads\/2020\/06\/cropped-ghostyskylogo_text_white2.png\",\"width\":169,\"height\":56,\"caption\":\"Ghostysky\"},\"image\":{\"@id\":\"https:\/\/www.ghostysky.com\/#\/schema\/logo\/image\/\"},\"sameAs\":[\"https:\/\/www.facebook.com\/people\/Ghostysky\/100057676170234\/\",\"https:\/\/x.com\/Gh0stysky\",\"https:\/\/www.linkedin.com\/company\/34739653\",\"https:\/\/www.instagram.com\/gh0stysky\"]}]}<\/script>\n<!-- \/ Yoast SEO plugin. -->","yoast_head_json":{"title":"Unitree Go2 EDU Plus (LiDAR medio 360) - Ghostysky","description":"El Unitree Go2 EDU Plus (LiDAR Mid-360) es un robot cuadr\u00fapedo inteligente avanzado, dise\u00f1ado como la plataforma definitiva para la investigaci\u00f3n rob\u00f3tica, la educaci\u00f3n avanzada y el desarrollo sofisticado. Combina computaci\u00f3n potente, detecci\u00f3n de alta precisi\u00f3n y una movilidad excepcional para abordar tareas complejas de IA y navegaci\u00f3n aut\u00f3noma.","robots":{"index":"index","follow":"follow","max-snippet":"max-snippet:-1","max-image-preview":"max-image-preview:large","max-video-preview":"max-video-preview:-1"},"canonical":"https:\/\/www.ghostysky.com\/es\/producto-2\/unitree-go2-edu-plus-mid-360-lidar\/","og_locale":"es_ES","og_type":"article","og_title":"Unitree Go2 EDU Plus (Mid- 360 LiDAR) - Ghostysky","og_description":"The Unitree Go2 EDU Plus (Mid-360 LiDAR) is an advanced intelligent quadruped robot designed as the ultimate platform for robotics research, advanced education, and sophisticated development. It combines powerful computing, high-precision sensing, and exceptional mobility to tackle complex AI and autonomous navigation tasks.","og_url":"https:\/\/www.ghostysky.com\/es\/producto-2\/unitree-go2-edu-plus-mid-360-lidar\/","og_site_name":"Ghostysky","article_publisher":"https:\/\/www.facebook.com\/people\/Ghostysky\/100057676170234\/","article_modified_time":"2026-02-05T11:09:15+00:00","og_image":[{"width":800,"height":800,"url":"https:\/\/www.ghostysky.com\/wp-content\/uploads\/2025\/10\/GH_Unitree_GO2_EDU_1.webp","type":"image\/webp"}],"twitter_card":"summary_large_image","twitter_site":"@Gh0stysky","twitter_misc":{"Tiempo de lectura":"2 minutos"},"schema":{"@context":"https:\/\/schema.org","@graph":[{"@type":"WebPage","@id":"https:\/\/www.ghostysky.com\/product\/unitree-go2-edu-plus-mid-360-lidar\/","url":"https:\/\/www.ghostysky.com\/product\/unitree-go2-edu-plus-mid-360-lidar\/","name":"Unitree Go2 EDU Plus (LiDAR medio 360) - Ghostysky","isPartOf":{"@id":"https:\/\/www.ghostysky.com\/#website"},"primaryImageOfPage":{"@id":"https:\/\/www.ghostysky.com\/product\/unitree-go2-edu-plus-mid-360-lidar\/#primaryimage"},"image":{"@id":"https:\/\/www.ghostysky.com\/product\/unitree-go2-edu-plus-mid-360-lidar\/#primaryimage"},"thumbnailUrl":"https:\/\/www.ghostysky.com\/wp-content\/uploads\/2025\/10\/GH_Unitree_GO2_EDU_1.webp","datePublished":"2025-10-16T05:11:24+00:00","dateModified":"2026-02-05T11:09:15+00:00","description":"El Unitree Go2 EDU Plus (LiDAR Mid-360) es un robot cuadr\u00fapedo inteligente avanzado, dise\u00f1ado como la plataforma definitiva para la investigaci\u00f3n rob\u00f3tica, la educaci\u00f3n avanzada y el desarrollo sofisticado. Combina computaci\u00f3n potente, detecci\u00f3n de alta precisi\u00f3n y una movilidad excepcional para abordar tareas complejas de IA y navegaci\u00f3n aut\u00f3noma.","breadcrumb":{"@id":"https:\/\/www.ghostysky.com\/product\/unitree-go2-edu-plus-mid-360-lidar\/#breadcrumb"},"inLanguage":"es","potentialAction":[{"@type":"ReadAction","target":["https:\/\/www.ghostysky.com\/product\/unitree-go2-edu-plus-mid-360-lidar\/"]}]},{"@type":"ImageObject","inLanguage":"es","@id":"https:\/\/www.ghostysky.com\/product\/unitree-go2-edu-plus-mid-360-lidar\/#primaryimage","url":"https:\/\/www.ghostysky.com\/wp-content\/uploads\/2025\/10\/GH_Unitree_GO2_EDU_1.webp","contentUrl":"https:\/\/www.ghostysky.com\/wp-content\/uploads\/2025\/10\/GH_Unitree_GO2_EDU_1.webp","width":800,"height":800},{"@type":"BreadcrumbList","@id":"https:\/\/www.ghostysky.com\/product\/unitree-go2-edu-plus-mid-360-lidar\/#breadcrumb","itemListElement":[{"@type":"ListItem","position":1,"name":"Home","item":"https:\/\/www.ghostysky.com\/"},{"@type":"ListItem","position":2,"name":"Shop","item":"https:\/\/www.ghostysky.com\/shop\/"},{"@type":"ListItem","position":3,"name":"Unitree Go2 EDU Plus (Mid- 360 LiDAR)"}]},{"@type":"WebSite","@id":"https:\/\/www.ghostysky.com\/#website","url":"https:\/\/www.ghostysky.com\/","name":"Ghostysky","description":"Entrega de drones y servicios profesionales","publisher":{"@id":"https:\/\/www.ghostysky.com\/#organization"},"potentialAction":[{"@type":"SearchAction","target":{"@type":"EntryPoint","urlTemplate":"https:\/\/www.ghostysky.com\/?s={search_term_string}"},"query-input":{"@type":"PropertyValueSpecification","valueRequired":true,"valueName":"search_term_string"}}],"inLanguage":"es"},{"@type":"Organization","@id":"https:\/\/www.ghostysky.com\/#organization","name":"Ghostysky","url":"https:\/\/www.ghostysky.com\/","logo":{"@type":"ImageObject","inLanguage":"es","@id":"https:\/\/www.ghostysky.com\/#\/schema\/logo\/image\/","url":"https:\/\/www.ghostysky.com\/wp-content\/uploads\/2020\/06\/cropped-ghostyskylogo_text_white2.png","contentUrl":"https:\/\/www.ghostysky.com\/wp-content\/uploads\/2020\/06\/cropped-ghostyskylogo_text_white2.png","width":169,"height":56,"caption":"Ghostysky"},"image":{"@id":"https:\/\/www.ghostysky.com\/#\/schema\/logo\/image\/"},"sameAs":["https:\/\/www.facebook.com\/people\/Ghostysky\/100057676170234\/","https:\/\/x.com\/Gh0stysky","https:\/\/www.linkedin.com\/company\/34739653","https:\/\/www.instagram.com\/gh0stysky"]}]}},"_links":{"self":[{"href":"https:\/\/www.ghostysky.com\/es\/wp-json\/wp\/v2\/product\/21225","targetHints":{"allow":["GET"]}}],"collection":[{"href":"https:\/\/www.ghostysky.com\/es\/wp-json\/wp\/v2\/product"}],"about":[{"href":"https:\/\/www.ghostysky.com\/es\/wp-json\/wp\/v2\/types\/product"}],"replies":[{"embeddable":true,"href":"https:\/\/www.ghostysky.com\/es\/wp-json\/wp\/v2\/comments?post=21225"}],"wp:featuredmedia":[{"embeddable":true,"href":"https:\/\/www.ghostysky.com\/es\/wp-json\/wp\/v2\/media\/21221"}],"wp:attachment":[{"href":"https:\/\/www.ghostysky.com\/es\/wp-json\/wp\/v2\/media?parent=21225"}],"wp:term":[{"taxonomy":"product_brand","embeddable":true,"href":"https:\/\/www.ghostysky.com\/es\/wp-json\/wp\/v2\/product_brand?post=21225"},{"taxonomy":"product_cat","embeddable":true,"href":"https:\/\/www.ghostysky.com\/es\/wp-json\/wp\/v2\/product_cat?post=21225"},{"taxonomy":"product_tag","embeddable":true,"href":"https:\/\/www.ghostysky.com\/es\/wp-json\/wp\/v2\/product_tag?post=21225"}],"curies":[{"name":"wp","href":"https:\/\/api.w.org\/{rel}","templated":true}]}}