{"id":21229,"date":"2025-10-16T05:16:29","date_gmt":"2025-10-16T05:16:29","guid":{"rendered":"https:\/\/www.ghostysky.com\/?post_type=product&#038;p=21229"},"modified":"2026-02-05T11:10:28","modified_gmt":"2026-02-05T11:10:28","slug":"unitree-go2-edu-plus-xt16-lidar","status":"publish","type":"product","link":"https:\/\/www.ghostysky.com\/es\/product\/unitree-go2-edu-plus-xt16-lidar\/","title":{"rendered":"Unitree Go2 EDU Plus (XT16 LiDAR)"},"content":{"rendered":"<h3><b>Caracter\u00edsticas y capacidades clave<\/b><\/h3>\n<ul>\n<li><b>Potencia inform\u00e1tica excepcional:<\/b><span class=\"citation-456\"> La versi\u00f3n EDU Plus est\u00e1 equipada con un potente <\/span><b><span class=\"citation-456\">100 TOPS (NVIDIA Orin NX)<\/span><\/b><span class=\"citation-456 citation-end-456\"> M\u00f3dulo inform\u00e1tico que proporciona robustas capacidades de megacomputaci\u00f3n para algoritmos de IA avanzados y tareas computacionales complejas.<\/span><\/li>\n<li><b><span class=\"citation-455\">LiDAR 3D Hesai XT16:<\/span><\/b><span class=\"citation-455 citation-end-455\"> Esta configuraci\u00f3n incluye el LiDAR giratorio Hesai XT16 de rango medio y alta precisi\u00f3n, que mejora significativamente la conciencia espacial del robot.<\/span>\u00a0<span class=\"citation-454 citation-end-454\">Ofrece una <\/span><b><span class=\"math-inline\" data-math=\"360^\\circ\">360\u00ba<\/span><span class=\"citation-453\"> horizontal<\/span><\/b><span class=\"citation-453 citation-end-453\"> y <\/span><b><span class=\"math-inline\" data-math=\"30^\\circ\">30\u00ba<\/span><span class=\"citation-452\"> vertical<\/span><\/b><span class=\"citation-452\"> Campo de visi\u00f3n (FoV) con un rango de detecci\u00f3n de <\/span><b><span class=\"citation-452\">0,05 m hasta 120 m<\/span><\/b><span class=\"citation-452 citation-end-452\">, lo que permite realizar un mapeo ambiental y detectar obst\u00e1culos con gran precisi\u00f3n.<\/span><\/li>\n<li><b><span class=\"citation-451\">Navegaci\u00f3n y percepci\u00f3n avanzadas:<\/span><\/b><span class=\"citation-451\"> Adem\u00e1s del XT16, cuenta con el desarrollo propio de Unitree. <\/span><b><span class=\"citation-451\">LiDAR 4D L1<\/span><\/b><span class=\"citation-451 citation-end-451\"> para <\/span><b><span class=\"math-inline\" data-math=\"360^\\circ \\times 90^\\circ\">360\u00ba x 90\u00ba<\/span><span class=\"citation-450\"> reconocimiento ultra amplio y todoterreno<\/span><\/b><span class=\"citation-450 citation-end-450\">, minimizando los puntos ciegos.<sup class=\"superscript\" data-turn-source-index=\"8\">8<\/sup><\/span> <span class=\"citation-449\">Esta configuraci\u00f3n de doble LiDAR permite <\/span><b><span class=\"citation-449\">Mapeo LiDAR 3D<\/span><\/b><span class=\"citation-449 citation-end-449\"> y la creaci\u00f3n de mapas detallados de nubes de puntos para establecer rutas de movimiento aut\u00f3nomas.<\/span><\/li>\n<li><b><span class=\"citation-448\">Sistema inteligente de seguimiento lateral (ISS 2.0):<\/span><\/b><span class=\"citation-448\"> La tecnolog\u00eda de posicionamiento vectorial inal\u00e1mbrico mejorada mejora la precisi\u00f3n del posicionamiento al <\/span><b><span class=\"citation-448\">50%<\/span><\/b><span class=\"citation-448\"> y extiende la distancia del control remoto m\u00e1s all\u00e1 <\/span><b><span class=\"citation-448\">30 metros<\/span><\/b><span class=\"citation-448 citation-end-448\">, optimizando la evitaci\u00f3n de obst\u00e1culos y la navegaci\u00f3n estable a trav\u00e9s de entornos complejos.<\/span><\/li>\n<li><b>Rendimiento rob\u00f3tico de alta gama:<\/b>\n<ul>\n<li><b>Velocidad:<\/b><span class=\"citation-447\"> Velocidad m\u00e1xima de carrera de aproximadamente <\/span><b><span class=\"citation-447\">3,7 m\/s<\/span><\/b><span class=\"citation-447 citation-end-447\"> (hasta l\u00edmite de 5 m\/s).<\/span><\/li>\n<li><b>Resistencia:<\/b><span class=\"citation-446\"> Cuenta con una <\/span><b><span class=\"citation-446\">Bater\u00eda inteligente de ultra larga duraci\u00f3n de 15.000 mAh<\/span><\/b><span class=\"citation-446\"> proporcionando aproximadamente <\/span><b><span class=\"citation-446\">2-4 horas<\/span><\/b><span class=\"citation-446 citation-end-446\"> de operaci\u00f3n.<\/span><\/li>\n<li><b>Carga \u00fatil:<\/b><span class=\"citation-445 citation-end-445\"> Capaz de transportar una carga \u00fatil continua de hasta\u00a0<\/span><b><span class=\"math-inline\" data-math=\"\\approx 8\">aproximadamente 8<\/span><span class=\"citation-444 citation-end-444\"> kg (m\u00e1x. <\/span><span class=\"math-inline\" data-math=\"\\approx 12\">aproximadamente 12<\/span><span class=\"citation-443\">\u00a0kilogramos)<\/span><\/b><span class=\"citation-443 citation-end-443\">.<\/span><\/li>\n<li><b>Agilidad:<\/b><span class=\"citation-442\"> Se beneficia de un amplio entrenamiento de simulaci\u00f3n de IA, lo que le permite realizar movimientos complejos y estables, como caminar boca abajo, darse la vuelta de forma adaptativa y escalar obst\u00e1culos de hasta <\/span><b><span class=\"citation-442\">16 cent\u00edmetros<\/span><\/b><span class=\"citation-442 citation-end-442\"> alto.<\/span><\/li>\n<\/ul>\n<\/li>\n<li><b>Desarrollo y conectividad:<\/b>\n<ul>\n<li><span class=\"citation-441\">Lleno <\/span><b><span class=\"citation-441\">apoyo al desarrollo secundario<\/span><\/b><span class=\"citation-441\"> con compatibilidad para <\/span><b><span class=\"citation-441\">ROS, Python, C++,<\/span><\/b><span class=\"citation-441 citation-end-441\"> y programaci\u00f3n gr\u00e1fica.<\/span><\/li>\n<li><span class=\"citation-440\">Incluye un <\/span><b><span class=\"citation-440\">Estaci\u00f3n de acoplamiento<\/span><\/b><span class=\"citation-440 citation-end-440\"> con puertos de E\/S adicionales para expansi\u00f3n.<\/span><\/li>\n<li><span class=\"citation-439\">La conectividad incluye <\/span><b><span class=\"citation-439\">Wi-Fi 6<\/span><\/b><span class=\"citation-439\">, <\/span><b><span class=\"citation-439\">Bluetooth 5.2<\/span><\/b><span class=\"citation-439\">, y un <\/span><b><span class=\"citation-439\">m\u00f3dulo 4G incorporado<\/span><\/b><span class=\"citation-439 citation-end-439\"> para conexiones estables y monitoreo remoto en tiempo real a trav\u00e9s de una aplicaci\u00f3n.<\/span><\/li>\n<li><span class=\"citation-438\">Soportes <\/span><b><span class=\"citation-438\">Actualizaciones por aire (OTA)<\/span><\/b><span class=\"citation-438 citation-end-438\"> para mejoras continuas del software y del rendimiento.<\/span><\/li>\n<\/ul>\n<\/li>\n<\/ul>\n<p><span class=\"citation-437 citation-end-437\">Esta configuraci\u00f3n es una herramienta ideal para investigadores y estudiantes que buscan superar los l\u00edmites de la navegaci\u00f3n aut\u00f3noma, la visi\u00f3n artificial y la rob\u00f3tica con inteligencia artificial avanzada.<\/span><\/p>","protected":false},"excerpt":{"rendered":"<p>El Unitree Go2 EDU Plus (XT16 LiDAR) es un robot cuadr\u00fapedo inteligente de alto rendimiento dise\u00f1ado como la plataforma definitiva para investigaci\u00f3n avanzada, educaci\u00f3n en rob\u00f3tica y proyectos de desarrollo complejos.<\/p>","protected":false},"featured_media":21221,"comment_status":"open","ping_status":"closed","template":"","meta":[],"product_brand":[1087],"product_cat":[1039,1037,1085],"product_tag":[1088,1092,1089,1090],"class_list":{"0":"post-21229","1":"product","2":"type-product","3":"status-publish","4":"has-post-thumbnail","6":"product_brand-unitree","7":"product_cat-quadruped","8":"product_cat-robotics","9":"product_cat-unitree-quad-robots","10":"product_tag-unitree","11":"product_tag-unitree-go2-series","12":"product_tag-unitree-quadruped","13":"product_tag-unitree-quadruped-robots","15":"first","16":"onbackorder","17":"taxable","18":"shipping-taxable","19":"purchasable","20":"product-type-simple"},"yoast_head":"<!-- This site is optimized with the Yoast SEO plugin v27.1.1 - https:\/\/yoast.com\/product\/yoast-seo-wordpress\/ -->\n<title>Unitree Go2 EDU Plus (XT16 LiDAR) - Ghostysky<\/title>\n<meta name=\"description\" content=\"The Unitree Go2 EDU Plus (XT16 LiDAR) is a high-performance, intelligent quadruped robot designed as the ultimate platform for advanced research, robotics education, and complex development projects.\" \/>\n<meta name=\"robots\" content=\"index, follow, max-snippet:-1, max-image-preview:large, max-video-preview:-1\" \/>\n<link rel=\"canonical\" href=\"https:\/\/www.ghostysky.com\/es\/producto-2\/unitree-go2-edu-plus-xt16-lidar\/\" \/>\n<meta property=\"og:locale\" content=\"es_ES\" \/>\n<meta property=\"og:type\" content=\"article\" \/>\n<meta property=\"og:title\" content=\"Unitree Go2 EDU Plus (XT16 LiDAR) - Ghostysky\" \/>\n<meta property=\"og:description\" content=\"The Unitree Go2 EDU Plus (XT16 LiDAR) is a high-performance, intelligent quadruped robot designed as the ultimate platform for advanced research, robotics education, and complex development projects.\" \/>\n<meta property=\"og:url\" content=\"https:\/\/www.ghostysky.com\/es\/producto-2\/unitree-go2-edu-plus-xt16-lidar\/\" \/>\n<meta property=\"og:site_name\" content=\"Ghostysky\" \/>\n<meta property=\"article:publisher\" content=\"https:\/\/www.facebook.com\/people\/Ghostysky\/100057676170234\/\" \/>\n<meta property=\"article:modified_time\" content=\"2026-02-05T11:10:28+00:00\" \/>\n<meta property=\"og:image\" content=\"https:\/\/www.ghostysky.com\/wp-content\/uploads\/2025\/10\/GH_Unitree_GO2_EDU_1.webp\" \/>\n\t<meta property=\"og:image:width\" content=\"800\" \/>\n\t<meta property=\"og:image:height\" content=\"800\" \/>\n\t<meta property=\"og:image:type\" content=\"image\/webp\" \/>\n<meta name=\"twitter:card\" content=\"summary_large_image\" \/>\n<meta name=\"twitter:site\" content=\"@Gh0stysky\" \/>\n<meta name=\"twitter:label1\" content=\"Tiempo de lectura\" \/>\n\t<meta name=\"twitter:data1\" content=\"2 minutos\" \/>\n<script type=\"application\/ld+json\" class=\"yoast-schema-graph\">{\"@context\":\"https:\/\/schema.org\",\"@graph\":[{\"@type\":\"WebPage\",\"@id\":\"https:\/\/www.ghostysky.com\/product\/unitree-go2-edu-plus-xt16-lidar\/\",\"url\":\"https:\/\/www.ghostysky.com\/product\/unitree-go2-edu-plus-xt16-lidar\/\",\"name\":\"Unitree Go2 EDU Plus (XT16 LiDAR) - Ghostysky\",\"isPartOf\":{\"@id\":\"https:\/\/www.ghostysky.com\/#website\"},\"primaryImageOfPage\":{\"@id\":\"https:\/\/www.ghostysky.com\/product\/unitree-go2-edu-plus-xt16-lidar\/#primaryimage\"},\"image\":{\"@id\":\"https:\/\/www.ghostysky.com\/product\/unitree-go2-edu-plus-xt16-lidar\/#primaryimage\"},\"thumbnailUrl\":\"https:\/\/www.ghostysky.com\/wp-content\/uploads\/2025\/10\/GH_Unitree_GO2_EDU_1.webp\",\"datePublished\":\"2025-10-16T05:16:29+00:00\",\"dateModified\":\"2026-02-05T11:10:28+00:00\",\"description\":\"The Unitree Go2 EDU Plus (XT16 LiDAR) is a high-performance, intelligent quadruped robot designed as the ultimate platform for advanced research, robotics education, and complex development projects.\",\"breadcrumb\":{\"@id\":\"https:\/\/www.ghostysky.com\/product\/unitree-go2-edu-plus-xt16-lidar\/#breadcrumb\"},\"inLanguage\":\"es\",\"potentialAction\":[{\"@type\":\"ReadAction\",\"target\":[\"https:\/\/www.ghostysky.com\/product\/unitree-go2-edu-plus-xt16-lidar\/\"]}]},{\"@type\":\"ImageObject\",\"inLanguage\":\"es\",\"@id\":\"https:\/\/www.ghostysky.com\/product\/unitree-go2-edu-plus-xt16-lidar\/#primaryimage\",\"url\":\"https:\/\/www.ghostysky.com\/wp-content\/uploads\/2025\/10\/GH_Unitree_GO2_EDU_1.webp\",\"contentUrl\":\"https:\/\/www.ghostysky.com\/wp-content\/uploads\/2025\/10\/GH_Unitree_GO2_EDU_1.webp\",\"width\":800,\"height\":800},{\"@type\":\"BreadcrumbList\",\"@id\":\"https:\/\/www.ghostysky.com\/product\/unitree-go2-edu-plus-xt16-lidar\/#breadcrumb\",\"itemListElement\":[{\"@type\":\"ListItem\",\"position\":1,\"name\":\"Home\",\"item\":\"https:\/\/www.ghostysky.com\/\"},{\"@type\":\"ListItem\",\"position\":2,\"name\":\"Shop\",\"item\":\"https:\/\/www.ghostysky.com\/shop\/\"},{\"@type\":\"ListItem\",\"position\":3,\"name\":\"Unitree Go2 EDU Plus (XT16 LiDAR)\"}]},{\"@type\":\"WebSite\",\"@id\":\"https:\/\/www.ghostysky.com\/#website\",\"url\":\"https:\/\/www.ghostysky.com\/\",\"name\":\"Ghostysky\",\"description\":\"Delivering professional drones and services\",\"publisher\":{\"@id\":\"https:\/\/www.ghostysky.com\/#organization\"},\"potentialAction\":[{\"@type\":\"SearchAction\",\"target\":{\"@type\":\"EntryPoint\",\"urlTemplate\":\"https:\/\/www.ghostysky.com\/?s={search_term_string}\"},\"query-input\":{\"@type\":\"PropertyValueSpecification\",\"valueRequired\":true,\"valueName\":\"search_term_string\"}}],\"inLanguage\":\"es\"},{\"@type\":\"Organization\",\"@id\":\"https:\/\/www.ghostysky.com\/#organization\",\"name\":\"Ghostysky\",\"url\":\"https:\/\/www.ghostysky.com\/\",\"logo\":{\"@type\":\"ImageObject\",\"inLanguage\":\"es\",\"@id\":\"https:\/\/www.ghostysky.com\/#\/schema\/logo\/image\/\",\"url\":\"https:\/\/www.ghostysky.com\/wp-content\/uploads\/2020\/06\/cropped-ghostyskylogo_text_white2.png\",\"contentUrl\":\"https:\/\/www.ghostysky.com\/wp-content\/uploads\/2020\/06\/cropped-ghostyskylogo_text_white2.png\",\"width\":169,\"height\":56,\"caption\":\"Ghostysky\"},\"image\":{\"@id\":\"https:\/\/www.ghostysky.com\/#\/schema\/logo\/image\/\"},\"sameAs\":[\"https:\/\/www.facebook.com\/people\/Ghostysky\/100057676170234\/\",\"https:\/\/x.com\/Gh0stysky\",\"https:\/\/www.linkedin.com\/company\/34739653\",\"https:\/\/www.instagram.com\/gh0stysky\"]}]}<\/script>\n<!-- \/ Yoast SEO plugin. -->","yoast_head_json":{"title":"Unitree Go2 EDU Plus (XT16 LiDAR) - Ghostysky","description":"El Unitree Go2 EDU Plus (XT16 LiDAR) es un robot cuadr\u00fapedo inteligente de alto rendimiento dise\u00f1ado como la plataforma definitiva para investigaci\u00f3n avanzada, educaci\u00f3n en rob\u00f3tica y proyectos de desarrollo complejos.","robots":{"index":"index","follow":"follow","max-snippet":"max-snippet:-1","max-image-preview":"max-image-preview:large","max-video-preview":"max-video-preview:-1"},"canonical":"https:\/\/www.ghostysky.com\/es\/producto-2\/unitree-go2-edu-plus-xt16-lidar\/","og_locale":"es_ES","og_type":"article","og_title":"Unitree Go2 EDU Plus (XT16 LiDAR) - Ghostysky","og_description":"The Unitree Go2 EDU Plus (XT16 LiDAR) is a high-performance, intelligent quadruped robot designed as the ultimate platform for advanced research, robotics education, and complex development projects.","og_url":"https:\/\/www.ghostysky.com\/es\/producto-2\/unitree-go2-edu-plus-xt16-lidar\/","og_site_name":"Ghostysky","article_publisher":"https:\/\/www.facebook.com\/people\/Ghostysky\/100057676170234\/","article_modified_time":"2026-02-05T11:10:28+00:00","og_image":[{"width":800,"height":800,"url":"https:\/\/www.ghostysky.com\/wp-content\/uploads\/2025\/10\/GH_Unitree_GO2_EDU_1.webp","type":"image\/webp"}],"twitter_card":"summary_large_image","twitter_site":"@Gh0stysky","twitter_misc":{"Tiempo de lectura":"2 minutos"},"schema":{"@context":"https:\/\/schema.org","@graph":[{"@type":"WebPage","@id":"https:\/\/www.ghostysky.com\/product\/unitree-go2-edu-plus-xt16-lidar\/","url":"https:\/\/www.ghostysky.com\/product\/unitree-go2-edu-plus-xt16-lidar\/","name":"Unitree Go2 EDU Plus (XT16 LiDAR) - Ghostysky","isPartOf":{"@id":"https:\/\/www.ghostysky.com\/#website"},"primaryImageOfPage":{"@id":"https:\/\/www.ghostysky.com\/product\/unitree-go2-edu-plus-xt16-lidar\/#primaryimage"},"image":{"@id":"https:\/\/www.ghostysky.com\/product\/unitree-go2-edu-plus-xt16-lidar\/#primaryimage"},"thumbnailUrl":"https:\/\/www.ghostysky.com\/wp-content\/uploads\/2025\/10\/GH_Unitree_GO2_EDU_1.webp","datePublished":"2025-10-16T05:16:29+00:00","dateModified":"2026-02-05T11:10:28+00:00","description":"El Unitree Go2 EDU Plus (XT16 LiDAR) es un robot cuadr\u00fapedo inteligente de alto rendimiento dise\u00f1ado como la plataforma definitiva para investigaci\u00f3n avanzada, educaci\u00f3n en rob\u00f3tica y proyectos de desarrollo complejos.","breadcrumb":{"@id":"https:\/\/www.ghostysky.com\/product\/unitree-go2-edu-plus-xt16-lidar\/#breadcrumb"},"inLanguage":"es","potentialAction":[{"@type":"ReadAction","target":["https:\/\/www.ghostysky.com\/product\/unitree-go2-edu-plus-xt16-lidar\/"]}]},{"@type":"ImageObject","inLanguage":"es","@id":"https:\/\/www.ghostysky.com\/product\/unitree-go2-edu-plus-xt16-lidar\/#primaryimage","url":"https:\/\/www.ghostysky.com\/wp-content\/uploads\/2025\/10\/GH_Unitree_GO2_EDU_1.webp","contentUrl":"https:\/\/www.ghostysky.com\/wp-content\/uploads\/2025\/10\/GH_Unitree_GO2_EDU_1.webp","width":800,"height":800},{"@type":"BreadcrumbList","@id":"https:\/\/www.ghostysky.com\/product\/unitree-go2-edu-plus-xt16-lidar\/#breadcrumb","itemListElement":[{"@type":"ListItem","position":1,"name":"Home","item":"https:\/\/www.ghostysky.com\/"},{"@type":"ListItem","position":2,"name":"Shop","item":"https:\/\/www.ghostysky.com\/shop\/"},{"@type":"ListItem","position":3,"name":"Unitree Go2 EDU Plus (XT16 LiDAR)"}]},{"@type":"WebSite","@id":"https:\/\/www.ghostysky.com\/#website","url":"https:\/\/www.ghostysky.com\/","name":"Ghostysky","description":"Entrega de drones y servicios profesionales","publisher":{"@id":"https:\/\/www.ghostysky.com\/#organization"},"potentialAction":[{"@type":"SearchAction","target":{"@type":"EntryPoint","urlTemplate":"https:\/\/www.ghostysky.com\/?s={search_term_string}"},"query-input":{"@type":"PropertyValueSpecification","valueRequired":true,"valueName":"search_term_string"}}],"inLanguage":"es"},{"@type":"Organization","@id":"https:\/\/www.ghostysky.com\/#organization","name":"Ghostysky","url":"https:\/\/www.ghostysky.com\/","logo":{"@type":"ImageObject","inLanguage":"es","@id":"https:\/\/www.ghostysky.com\/#\/schema\/logo\/image\/","url":"https:\/\/www.ghostysky.com\/wp-content\/uploads\/2020\/06\/cropped-ghostyskylogo_text_white2.png","contentUrl":"https:\/\/www.ghostysky.com\/wp-content\/uploads\/2020\/06\/cropped-ghostyskylogo_text_white2.png","width":169,"height":56,"caption":"Ghostysky"},"image":{"@id":"https:\/\/www.ghostysky.com\/#\/schema\/logo\/image\/"},"sameAs":["https:\/\/www.facebook.com\/people\/Ghostysky\/100057676170234\/","https:\/\/x.com\/Gh0stysky","https:\/\/www.linkedin.com\/company\/34739653","https:\/\/www.instagram.com\/gh0stysky"]}]}},"_links":{"self":[{"href":"https:\/\/www.ghostysky.com\/es\/wp-json\/wp\/v2\/product\/21229","targetHints":{"allow":["GET"]}}],"collection":[{"href":"https:\/\/www.ghostysky.com\/es\/wp-json\/wp\/v2\/product"}],"about":[{"href":"https:\/\/www.ghostysky.com\/es\/wp-json\/wp\/v2\/types\/product"}],"replies":[{"embeddable":true,"href":"https:\/\/www.ghostysky.com\/es\/wp-json\/wp\/v2\/comments?post=21229"}],"wp:featuredmedia":[{"embeddable":true,"href":"https:\/\/www.ghostysky.com\/es\/wp-json\/wp\/v2\/media\/21221"}],"wp:attachment":[{"href":"https:\/\/www.ghostysky.com\/es\/wp-json\/wp\/v2\/media?parent=21229"}],"wp:term":[{"taxonomy":"product_brand","embeddable":true,"href":"https:\/\/www.ghostysky.com\/es\/wp-json\/wp\/v2\/product_brand?post=21229"},{"taxonomy":"product_cat","embeddable":true,"href":"https:\/\/www.ghostysky.com\/es\/wp-json\/wp\/v2\/product_cat?post=21229"},{"taxonomy":"product_tag","embeddable":true,"href":"https:\/\/www.ghostysky.com\/es\/wp-json\/wp\/v2\/product_tag?post=21229"}],"curies":[{"name":"wp","href":"https:\/\/api.w.org\/{rel}","templated":true}]}}