{"id":21230,"date":"2025-10-16T05:21:52","date_gmt":"2025-10-16T05:21:52","guid":{"rendered":"https:\/\/www.ghostysky.com\/?post_type=product&#038;p=21230"},"modified":"2026-02-06T14:27:18","modified_gmt":"2026-02-06T14:27:18","slug":"unitree-go2-w-smart-edition","status":"publish","type":"product","link":"https:\/\/www.ghostysky.com\/es\/product\/unitree-go2-w-smart-edition\/","title":{"rendered":"Unitree Go2 W Smart Edition"},"content":{"rendered":"<h3><b>Caracter\u00edsticas principales y aspectos destacados<\/b><\/h3>\n<ul>\n<li><b>Movilidad h\u00edbrida:<\/b><span class=\"citation-499 citation-end-499\"> Equipado con neum\u00e1ticos de 7 pulgadas en sus patas, el Go2-W puede rodar r\u00e1pidamente sobre superficies lisas y bloquear sus ruedas para cambiar a un modo de caminata tradicional para navegar por terrenos dif\u00edciles, subir escaleras (hasta un <\/span><span class=\"math-inline\" data-math=\"35^\\circ\">35\u00ba <\/span><span class=\"citation-498 citation-end-498\">\u00e1ngulo y <\/span><span class=\"math-inline\" data-math=\"70 \\text{cm}\">70 cent\u00edmetros<\/span><span class=\"citation-497 citation-end-497\">\u00a0altura de ca\u00edda) y superar obst\u00e1culos.<\/span><\/li>\n<li><b>Detecci\u00f3n avanzada:<\/b><span class=\"citation-496\"> La edici\u00f3n inteligente generalmente incluye una <\/span><b><span class=\"citation-496\">LiDAR 3D de gran angular<\/span><\/b><span class=\"citation-496 citation-end-496\"> (Detecci\u00f3n y medici\u00f3n de distancia por luz) para un conocimiento ambiental integral, detecci\u00f3n de obst\u00e1culos y la capacidad de construir mapas de nubes de puntos en 3D.<\/span> <span class=\"citation-495\">Tambi\u00e9n cuenta con un <\/span><b><span class=\"citation-495\">C\u00e1mara gran angular HD<\/span><\/b><span class=\"citation-495 citation-end-495\">.<\/span><\/li>\n<li><b>Rendimiento y potencia:<\/b><span class=\"citation-494 citation-end-494\"> Cuenta con una velocidad m\u00e1xima de hasta <\/span><span class=\"math-inline\" data-math=\"2.5 \\text{m\/s}\">2,5 m\/s<\/span><span class=\"citation-493 citation-end-493\"> (acerca de <\/span><span class=\"math-inline\" data-math=\"5.6 \\text{mph}\">5,6 mph<\/span><span class=\"citation-492\">) y est\u00e1 alimentado por un <\/span><b><span class=\"citation-492\">Bater\u00eda de larga duraci\u00f3n de 15.000 mAh<\/span><\/b><span class=\"citation-492 citation-end-492\">, ofreciendo un tiempo de funcionamiento de aproximadamente <\/span><span class=\"math-inline\" data-math=\"1.5\">1.5<\/span><span class=\"citation-491 citation-end-491\"> a <\/span><span class=\"math-inline\" data-math=\"3\">3<\/span><span class=\"citation-490 citation-end-490\">\u00a0horas.<\/span>\u00a0<span class=\"citation-489 citation-end-489\">Tiene una capacidad de carga \u00fatil de alrededor de <\/span><span class=\"math-inline\" data-math=\"3 \\text{kg}\">3 kilos<\/span><span class=\"citation-488 citation-end-488\"> (<\/span><span class=\"math-inline\" data-math=\"6.6 \\text{lb}\">6,6 libras<\/span><span class=\"citation-487 citation-end-487\">) y est\u00e1 accionado por 16 motores de articulaci\u00f3n de rodilla de aluminio.<\/span><\/li>\n<li><b><span class=\"citation-486\">Interacci\u00f3n inteligente:<\/span><\/b><span class=\"citation-486\"> El robot est\u00e1 construido con algoritmos de IA avanzados, incluido un <\/span><b><span class=\"citation-486\">Sistema inteligente de seguimiento lateral (ISS 2.0)<\/span><\/b><span class=\"citation-486\"> para un mejor seguimiento y <\/span><b><span class=\"citation-486\">Funcionalidad de voz<\/span><\/b><span class=\"citation-486 citation-end-486\"> para mando y control.<\/span><\/li>\n<li><b><span class=\"citation-485\">Conectividad:<\/span><\/b><span class=\"citation-485 citation-end-485\"> Las caracter\u00edsticas incluyen Wi-Fi 6, conectividad 4G y Bluetooth, adem\u00e1s de admitir control remoto a trav\u00e9s de una aplicaci\u00f3n dedicada y un controlador manual.<sup class=\"superscript\" data-turn-source-index=\"17\">17<\/sup><\/span> <span class=\"citation-484\">El sistema tambi\u00e9n admite <\/span><b><span class=\"citation-484\">Actualizaciones OTA (por aire)<\/span><\/b><span class=\"citation-484 citation-end-484\"> para mantener el software del robot mejorando continuamente.<\/span><\/li>\n<\/ul>\n<p><b>Aplicaciones ideales:<\/b><\/p>\n<p>La Go2 W Smart Edition es perfecta para:<\/p>\n<ul>\n<li><b><span class=\"citation-483\">Patrullas de seguridad e inspecciones:<\/span><\/b><span class=\"citation-483 citation-end-483\"> Su velocidad y capacidades todoterreno lo hacen excelente para monitorear grandes instalaciones, navegar en entornos industriales complejos y realizar controles de seguridad.<\/span><\/li>\n<li><b><span class=\"citation-482\">Investigaci\u00f3n y desarrollo (I+D):<\/span><\/b><span class=\"citation-482 citation-end-482\"> La plataforma es adecuada para la investigaci\u00f3n avanzada en rob\u00f3tica e inteligencia artificial.<\/span><\/li>\n<li><b><span class=\"citation-481\">Educaci\u00f3n:<\/span><\/b><span class=\"citation-481 citation-end-481\"> Sirve como una plataforma de vanguardia para estudios acad\u00e9micos y programas educativos en rob\u00f3tica e inteligencia artificial.<\/span><\/li>\n<\/ul>\n<p><span class=\"citation-480 citation-end-480\">El Unitree Go2 W Smart Edition ofrece un equilibrio entre velocidad, agilidad e inteligencia, lo que lo convierte en una plataforma potente y vers\u00e1til para uso profesional y acad\u00e9mico.<\/span><\/p>","protected":false},"excerpt":{"rendered":"<p><span class=\"citation-501\">El <\/span><b><span class=\"citation-501\">Unitree Go2 W Smart Edition<\/span><\/b><span class=\"citation-501 citation-end-501\"> es un robot cuadr\u00fapedo con ruedas de gran capacidad, dise\u00f1ado para ser vers\u00e1til en diversas aplicaciones, fusionando la agilidad de las piernas con la eficiencia de las ruedas motorizadas.<\/span> <span class=\"citation-500 citation-end-500\">Esta versi\u00f3n \u201cW\u201d (con ruedas) de la popular serie Go2 est\u00e1 optimizada para un movimiento m\u00e1s r\u00e1pido en carreteras y un deslizamiento m\u00e1s suave en pendientes, manteniendo al mismo tiempo una capacidad excepcional para subir escaleras y navegar por terrenos diversos.<\/span><\/p>","protected":false},"featured_media":21233,"comment_status":"open","ping_status":"closed","template":"","meta":[],"product_brand":[1087],"product_cat":[1039,1037,1085],"product_tag":[1088,1092,1089,1090],"class_list":{"0":"post-21230","1":"product","2":"type-product","3":"status-publish","4":"has-post-thumbnail","6":"product_brand-unitree","7":"product_cat-quadruped","8":"product_cat-robotics","9":"product_cat-unitree-quad-robots","10":"product_tag-unitree","11":"product_tag-unitree-go2-series","12":"product_tag-unitree-quadruped","13":"product_tag-unitree-quadruped-robots","15":"first","16":"onbackorder","17":"taxable","18":"shipping-taxable","19":"purchasable","20":"product-type-simple"},"yoast_head":"<!-- This site is optimized with the Yoast SEO plugin v27.1.1 - https:\/\/yoast.com\/product\/yoast-seo-wordpress\/ -->\n<title>Unitree Go2 W Smart Edition - Ghostysky<\/title>\n<meta name=\"description\" content=\"The Unitree Go2 W Smart Edition is a highly capable, wheeled quadruped robot designed for versatility across various applications, merging the agility of legs with the efficiency of motorized wheels. This &quot;W&quot; (Wheeled) version of the popular Go2 series is optimized for faster movement on roads and smoother gliding on slopes while maintaining exceptional capability for stair climbing and navigating diverse terrain.\" \/>\n<meta name=\"robots\" content=\"index, follow, max-snippet:-1, max-image-preview:large, max-video-preview:-1\" \/>\n<link rel=\"canonical\" href=\"https:\/\/www.ghostysky.com\/es\/producto-2\/unitree-go2-w-smart-edition\/\" \/>\n<meta property=\"og:locale\" content=\"es_ES\" \/>\n<meta property=\"og:type\" content=\"article\" \/>\n<meta property=\"og:title\" content=\"Unitree Go2 W Smart Edition - Ghostysky\" \/>\n<meta property=\"og:description\" content=\"The Unitree Go2 W Smart Edition is a highly capable, wheeled quadruped robot designed for versatility across various applications, merging the agility of legs with the efficiency of motorized wheels. This &quot;W&quot; (Wheeled) version of the popular Go2 series is optimized for faster movement on roads and smoother gliding on slopes while maintaining exceptional capability for stair climbing and navigating diverse terrain.\" \/>\n<meta property=\"og:url\" content=\"https:\/\/www.ghostysky.com\/es\/producto-2\/unitree-go2-w-smart-edition\/\" \/>\n<meta property=\"og:site_name\" content=\"Ghostysky\" \/>\n<meta property=\"article:publisher\" content=\"https:\/\/www.facebook.com\/people\/Ghostysky\/100057676170234\/\" \/>\n<meta property=\"article:modified_time\" content=\"2026-02-06T14:27:18+00:00\" \/>\n<meta property=\"og:image\" content=\"https:\/\/www.ghostysky.com\/wp-content\/uploads\/2025\/10\/GH_Unitree_GO2_W_1.png\" \/>\n\t<meta property=\"og:image:width\" content=\"650\" \/>\n\t<meta property=\"og:image:height\" content=\"650\" \/>\n\t<meta property=\"og:image:type\" content=\"image\/png\" \/>\n<meta name=\"twitter:card\" content=\"summary_large_image\" \/>\n<meta name=\"twitter:site\" content=\"@Gh0stysky\" \/>\n<meta name=\"twitter:label1\" content=\"Tiempo de lectura\" \/>\n\t<meta name=\"twitter:data1\" content=\"2 minutos\" \/>\n<script type=\"application\/ld+json\" class=\"yoast-schema-graph\">{\"@context\":\"https:\/\/schema.org\",\"@graph\":[{\"@type\":\"WebPage\",\"@id\":\"https:\/\/www.ghostysky.com\/product\/unitree-go2-w-smart-edition\/\",\"url\":\"https:\/\/www.ghostysky.com\/product\/unitree-go2-w-smart-edition\/\",\"name\":\"Unitree Go2 W Smart Edition - Ghostysky\",\"isPartOf\":{\"@id\":\"https:\/\/www.ghostysky.com\/#website\"},\"primaryImageOfPage\":{\"@id\":\"https:\/\/www.ghostysky.com\/product\/unitree-go2-w-smart-edition\/#primaryimage\"},\"image\":{\"@id\":\"https:\/\/www.ghostysky.com\/product\/unitree-go2-w-smart-edition\/#primaryimage\"},\"thumbnailUrl\":\"https:\/\/www.ghostysky.com\/wp-content\/uploads\/2025\/10\/GH_Unitree_GO2_W_1.png\",\"datePublished\":\"2025-10-16T05:21:52+00:00\",\"dateModified\":\"2026-02-06T14:27:18+00:00\",\"description\":\"The Unitree Go2 W Smart Edition is a highly capable, wheeled quadruped robot designed for versatility across various applications, merging the agility of legs with the efficiency of motorized wheels. This \\\"W\\\" (Wheeled) version of the popular Go2 series is optimized for faster movement on roads and smoother gliding on slopes while maintaining exceptional capability for stair climbing and navigating diverse terrain.\",\"breadcrumb\":{\"@id\":\"https:\/\/www.ghostysky.com\/product\/unitree-go2-w-smart-edition\/#breadcrumb\"},\"inLanguage\":\"es\",\"potentialAction\":[{\"@type\":\"ReadAction\",\"target\":[\"https:\/\/www.ghostysky.com\/product\/unitree-go2-w-smart-edition\/\"]}]},{\"@type\":\"ImageObject\",\"inLanguage\":\"es\",\"@id\":\"https:\/\/www.ghostysky.com\/product\/unitree-go2-w-smart-edition\/#primaryimage\",\"url\":\"https:\/\/www.ghostysky.com\/wp-content\/uploads\/2025\/10\/GH_Unitree_GO2_W_1.png\",\"contentUrl\":\"https:\/\/www.ghostysky.com\/wp-content\/uploads\/2025\/10\/GH_Unitree_GO2_W_1.png\",\"width\":650,\"height\":650},{\"@type\":\"BreadcrumbList\",\"@id\":\"https:\/\/www.ghostysky.com\/product\/unitree-go2-w-smart-edition\/#breadcrumb\",\"itemListElement\":[{\"@type\":\"ListItem\",\"position\":1,\"name\":\"Home\",\"item\":\"https:\/\/www.ghostysky.com\/\"},{\"@type\":\"ListItem\",\"position\":2,\"name\":\"Shop\",\"item\":\"https:\/\/www.ghostysky.com\/shop\/\"},{\"@type\":\"ListItem\",\"position\":3,\"name\":\"Unitree Go2 W Smart Edition\"}]},{\"@type\":\"WebSite\",\"@id\":\"https:\/\/www.ghostysky.com\/#website\",\"url\":\"https:\/\/www.ghostysky.com\/\",\"name\":\"Ghostysky\",\"description\":\"Delivering professional drones and services\",\"publisher\":{\"@id\":\"https:\/\/www.ghostysky.com\/#organization\"},\"potentialAction\":[{\"@type\":\"SearchAction\",\"target\":{\"@type\":\"EntryPoint\",\"urlTemplate\":\"https:\/\/www.ghostysky.com\/?s={search_term_string}\"},\"query-input\":{\"@type\":\"PropertyValueSpecification\",\"valueRequired\":true,\"valueName\":\"search_term_string\"}}],\"inLanguage\":\"es\"},{\"@type\":\"Organization\",\"@id\":\"https:\/\/www.ghostysky.com\/#organization\",\"name\":\"Ghostysky\",\"url\":\"https:\/\/www.ghostysky.com\/\",\"logo\":{\"@type\":\"ImageObject\",\"inLanguage\":\"es\",\"@id\":\"https:\/\/www.ghostysky.com\/#\/schema\/logo\/image\/\",\"url\":\"https:\/\/www.ghostysky.com\/wp-content\/uploads\/2020\/06\/cropped-ghostyskylogo_text_white2.png\",\"contentUrl\":\"https:\/\/www.ghostysky.com\/wp-content\/uploads\/2020\/06\/cropped-ghostyskylogo_text_white2.png\",\"width\":169,\"height\":56,\"caption\":\"Ghostysky\"},\"image\":{\"@id\":\"https:\/\/www.ghostysky.com\/#\/schema\/logo\/image\/\"},\"sameAs\":[\"https:\/\/www.facebook.com\/people\/Ghostysky\/100057676170234\/\",\"https:\/\/x.com\/Gh0stysky\",\"https:\/\/www.linkedin.com\/company\/34739653\",\"https:\/\/www.instagram.com\/gh0stysky\"]}]}<\/script>\n<!-- \/ Yoast SEO plugin. -->","yoast_head_json":{"title":"Unitree Go2 W Edici\u00f3n Inteligente - Ghostysky","description":"El Unitree Go2 W Smart Edition es un robot cuadr\u00fapedo con ruedas de gran capacidad, dise\u00f1ado para ofrecer versatilidad en diversas aplicaciones, combinando la agilidad de las piernas con la eficiencia de las ruedas motorizadas. Esta versi\u00f3n &quot;W&quot; (con ruedas) de la popular serie Go2 est\u00e1 optimizada para un desplazamiento m\u00e1s r\u00e1pido en carretera y un deslizamiento m\u00e1s suave en pendientes, manteniendo una capacidad excepcional para subir escaleras y desplazarse por terrenos diversos.","robots":{"index":"index","follow":"follow","max-snippet":"max-snippet:-1","max-image-preview":"max-image-preview:large","max-video-preview":"max-video-preview:-1"},"canonical":"https:\/\/www.ghostysky.com\/es\/producto-2\/unitree-go2-w-smart-edition\/","og_locale":"es_ES","og_type":"article","og_title":"Unitree Go2 W Smart Edition - Ghostysky","og_description":"The Unitree Go2 W Smart Edition is a highly capable, wheeled quadruped robot designed for versatility across various applications, merging the agility of legs with the efficiency of motorized wheels. This \"W\" (Wheeled) version of the popular Go2 series is optimized for faster movement on roads and smoother gliding on slopes while maintaining exceptional capability for stair climbing and navigating diverse terrain.","og_url":"https:\/\/www.ghostysky.com\/es\/producto-2\/unitree-go2-w-smart-edition\/","og_site_name":"Ghostysky","article_publisher":"https:\/\/www.facebook.com\/people\/Ghostysky\/100057676170234\/","article_modified_time":"2026-02-06T14:27:18+00:00","og_image":[{"width":650,"height":650,"url":"https:\/\/www.ghostysky.com\/wp-content\/uploads\/2025\/10\/GH_Unitree_GO2_W_1.png","type":"image\/png"}],"twitter_card":"summary_large_image","twitter_site":"@Gh0stysky","twitter_misc":{"Tiempo de lectura":"2 minutos"},"schema":{"@context":"https:\/\/schema.org","@graph":[{"@type":"WebPage","@id":"https:\/\/www.ghostysky.com\/product\/unitree-go2-w-smart-edition\/","url":"https:\/\/www.ghostysky.com\/product\/unitree-go2-w-smart-edition\/","name":"Unitree Go2 W Edici\u00f3n Inteligente - Ghostysky","isPartOf":{"@id":"https:\/\/www.ghostysky.com\/#website"},"primaryImageOfPage":{"@id":"https:\/\/www.ghostysky.com\/product\/unitree-go2-w-smart-edition\/#primaryimage"},"image":{"@id":"https:\/\/www.ghostysky.com\/product\/unitree-go2-w-smart-edition\/#primaryimage"},"thumbnailUrl":"https:\/\/www.ghostysky.com\/wp-content\/uploads\/2025\/10\/GH_Unitree_GO2_W_1.png","datePublished":"2025-10-16T05:21:52+00:00","dateModified":"2026-02-06T14:27:18+00:00","description":"El Unitree Go2 W Smart Edition es un robot cuadr\u00fapedo con ruedas de gran capacidad, dise\u00f1ado para ofrecer versatilidad en diversas aplicaciones, combinando la agilidad de las piernas con la eficiencia de las ruedas motorizadas. Esta versi\u00f3n &quot;W&quot; (con ruedas) de la popular serie Go2 est\u00e1 optimizada para un desplazamiento m\u00e1s r\u00e1pido en carretera y un deslizamiento m\u00e1s suave en pendientes, manteniendo una capacidad excepcional para subir escaleras y desplazarse por terrenos diversos.","breadcrumb":{"@id":"https:\/\/www.ghostysky.com\/product\/unitree-go2-w-smart-edition\/#breadcrumb"},"inLanguage":"es","potentialAction":[{"@type":"ReadAction","target":["https:\/\/www.ghostysky.com\/product\/unitree-go2-w-smart-edition\/"]}]},{"@type":"ImageObject","inLanguage":"es","@id":"https:\/\/www.ghostysky.com\/product\/unitree-go2-w-smart-edition\/#primaryimage","url":"https:\/\/www.ghostysky.com\/wp-content\/uploads\/2025\/10\/GH_Unitree_GO2_W_1.png","contentUrl":"https:\/\/www.ghostysky.com\/wp-content\/uploads\/2025\/10\/GH_Unitree_GO2_W_1.png","width":650,"height":650},{"@type":"BreadcrumbList","@id":"https:\/\/www.ghostysky.com\/product\/unitree-go2-w-smart-edition\/#breadcrumb","itemListElement":[{"@type":"ListItem","position":1,"name":"Home","item":"https:\/\/www.ghostysky.com\/"},{"@type":"ListItem","position":2,"name":"Shop","item":"https:\/\/www.ghostysky.com\/shop\/"},{"@type":"ListItem","position":3,"name":"Unitree Go2 W Smart Edition"}]},{"@type":"WebSite","@id":"https:\/\/www.ghostysky.com\/#website","url":"https:\/\/www.ghostysky.com\/","name":"Ghostysky","description":"Entrega de drones y servicios profesionales","publisher":{"@id":"https:\/\/www.ghostysky.com\/#organization"},"potentialAction":[{"@type":"SearchAction","target":{"@type":"EntryPoint","urlTemplate":"https:\/\/www.ghostysky.com\/?s={search_term_string}"},"query-input":{"@type":"PropertyValueSpecification","valueRequired":true,"valueName":"search_term_string"}}],"inLanguage":"es"},{"@type":"Organization","@id":"https:\/\/www.ghostysky.com\/#organization","name":"Ghostysky","url":"https:\/\/www.ghostysky.com\/","logo":{"@type":"ImageObject","inLanguage":"es","@id":"https:\/\/www.ghostysky.com\/#\/schema\/logo\/image\/","url":"https:\/\/www.ghostysky.com\/wp-content\/uploads\/2020\/06\/cropped-ghostyskylogo_text_white2.png","contentUrl":"https:\/\/www.ghostysky.com\/wp-content\/uploads\/2020\/06\/cropped-ghostyskylogo_text_white2.png","width":169,"height":56,"caption":"Ghostysky"},"image":{"@id":"https:\/\/www.ghostysky.com\/#\/schema\/logo\/image\/"},"sameAs":["https:\/\/www.facebook.com\/people\/Ghostysky\/100057676170234\/","https:\/\/x.com\/Gh0stysky","https:\/\/www.linkedin.com\/company\/34739653","https:\/\/www.instagram.com\/gh0stysky"]}]}},"_links":{"self":[{"href":"https:\/\/www.ghostysky.com\/es\/wp-json\/wp\/v2\/product\/21230","targetHints":{"allow":["GET"]}}],"collection":[{"href":"https:\/\/www.ghostysky.com\/es\/wp-json\/wp\/v2\/product"}],"about":[{"href":"https:\/\/www.ghostysky.com\/es\/wp-json\/wp\/v2\/types\/product"}],"replies":[{"embeddable":true,"href":"https:\/\/www.ghostysky.com\/es\/wp-json\/wp\/v2\/comments?post=21230"}],"wp:featuredmedia":[{"embeddable":true,"href":"https:\/\/www.ghostysky.com\/es\/wp-json\/wp\/v2\/media\/21233"}],"wp:attachment":[{"href":"https:\/\/www.ghostysky.com\/es\/wp-json\/wp\/v2\/media?parent=21230"}],"wp:term":[{"taxonomy":"product_brand","embeddable":true,"href":"https:\/\/www.ghostysky.com\/es\/wp-json\/wp\/v2\/product_brand?post=21230"},{"taxonomy":"product_cat","embeddable":true,"href":"https:\/\/www.ghostysky.com\/es\/wp-json\/wp\/v2\/product_cat?post=21230"},{"taxonomy":"product_tag","embeddable":true,"href":"https:\/\/www.ghostysky.com\/es\/wp-json\/wp\/v2\/product_tag?post=21230"}],"curies":[{"name":"wp","href":"https:\/\/api.w.org\/{rel}","templated":true}]}}