{"id":21234,"date":"2025-10-16T05:26:30","date_gmt":"2025-10-16T05:26:30","guid":{"rendered":"https:\/\/www.ghostysky.com\/?post_type=product&#038;p=21234"},"modified":"2026-02-06T14:29:10","modified_gmt":"2026-02-06T14:29:10","slug":"unitree-go2-w-ultimate","status":"publish","type":"product","link":"https:\/\/www.ghostysky.com\/es\/product\/unitree-go2-w-ultimate\/","title":{"rendered":"Unitree Go2 W Ultimate"},"content":{"rendered":"<p><b>Caracter\u00edsticas principales del Go2 W Ultimate:<\/b><\/p>\n<ul>\n<li><b>Dominio de la movilidad h\u00edbrida (plataforma Go2-W):<\/b><span class=\"citation-539 citation-end-539\"> Equipado con ruedas motorizadas en sus cuatro patas y neum\u00e1ticos neum\u00e1ticos de 7 pulgadas, pasa sin problemas entre dos modos:<\/span>\n<ul>\n<li><b><span class=\"citation-538\">Modo de rodadura:<\/span><\/b><span class=\"citation-538 citation-end-538\"> Alcanza una velocidad m\u00e1xima de hasta <\/span><span class=\"math-inline\" data-math=\"2.5 \\text{ m\/s}\">2,5 m\/s<\/span><span class=\"citation-537 citation-end-537\">\u00a0en superficies planas con consumo energ\u00e9tico reducido.<\/span><\/li>\n<li><b>Modo caminar:<\/b><span class=\"citation-536 citation-end-536\"> Utiliza sus patas para navegar con destreza por terrenos desafiantes y escalar obst\u00e1culos de hasta <\/span><span class=\"math-inline\" data-math=\"70 \\text{ cm}\">70 cent\u00edmetros<\/span><span class=\"citation-535 citation-end-535\"> alto y maneja pendientes con un \u00e1ngulo m\u00e1ximo de ascenso de <\/span><span class=\"math-inline\" data-math=\"35^\\circ\">35\u00ba<\/span><span class=\"citation-534 citation-end-534\">.<\/span><\/li>\n<\/ul>\n<\/li>\n<li><b>Suite de percepci\u00f3n definitiva:<\/b> El <b>\u00daltimo<\/b> La versi\u00f3n se distingue por su sistema de percepci\u00f3n de alta gama:\n<ul>\n<li><b><span class=\"citation-533\">LiDAR 3D de alta gama (Hesai XT16):<\/span><\/b><span class=\"citation-533 citation-end-533\"> Proporciona navegaci\u00f3n y mapeo ambiental 3D de alta precisi\u00f3n y superior, crucial para la operaci\u00f3n aut\u00f3noma y la recopilaci\u00f3n de datos detallados.<\/span><\/li>\n<li><b><span class=\"citation-532\">C\u00e1mara de profundidad Intel RealSense D435i:<\/span><\/b><span class=\"citation-532 citation-end-532\"> Mejora la conciencia ambiental y el control preciso del movimiento.<\/span><\/li>\n<\/ul>\n<\/li>\n<li><b>Rendimiento robusto:<\/b>\n<ul>\n<li><b><span class=\"citation-531\">Bater\u00eda de larga duraci\u00f3n:<\/span><\/b><span class=\"citation-531 citation-end-531\"> Cuenta con una <\/span><span class=\"math-inline\" data-math=\"15,000 \\text{ mAh}\">15.000 mAh<\/span><span class=\"citation-530 citation-end-530\"> capacidad, oferta <\/span><span class=\"math-inline\" data-math=\"1.5 \\text{ to } 3 \\text{ hours}\">1,5 a 3 horas<\/span><span class=\"citation-529 citation-end-529\">\u00a0de funcionamiento continuo.<\/span><\/li>\n<li><b><span class=\"citation-528\">Capacidad de carga \u00fatil:<\/span><\/b><span class=\"citation-528 citation-end-528\"> Puede transportar una carga \u00fatil sustancial de aproximadamente <\/span><span class=\"math-inline\" data-math=\"8 \\text{ kg}\">8 kilos<\/span><span class=\"citation-527 citation-end-527\"> (m\u00e1ximo <\/span><span class=\"math-inline\" data-math=\"\\sim 12 \\text{ kg}\">12 kilos<\/span><span class=\"citation-526 citation-end-526\">).<\/span><\/li>\n<li><b>Procesamiento de alto rendimiento:<\/b> Construido alrededor de una CPU de alto rendimiento de 8 n\u00facleos.<\/li>\n<\/ul>\n<\/li>\n<li><b>Plataforma preparada para desarrolladores:<\/b>\n<ul>\n<li><b>Desarrollo secundario:<\/b><span class=\"citation-525\"> Admite programaci\u00f3n y control avanzados, incluido un m\u00f3dulo de expansi\u00f3n con un <\/span><b><span class=\"citation-525\">NVIDIA Jetson Orin NX<\/span><\/b><span class=\"citation-525 citation-end-525\"> m\u00f3dulo aritm\u00e9tico (<\/span><span class=\"math-inline\" data-math=\"100 \\text{ TOPS}\">100 TOPS<\/span><span class=\"citation-524 citation-end-524\">) para el desarrollo de inteligencia artificial, aprendizaje autom\u00e1tico y ROS 2 de vanguardia.<\/span><\/li>\n<li><b><span class=\"citation-523\">Control flexible:<\/span><\/b><span class=\"citation-523 citation-end-523\"> Ofrece API y SDK abiertos para control de alto y bajo nivel utilizando Python y C++.<\/span><\/li>\n<\/ul>\n<\/li>\n<li><b><span class=\"citation-522\">Control e interacci\u00f3n intuitivos:<\/span><\/b><span class=\"citation-522 citation-end-522\"> Se puede controlar a trav\u00e9s de un controlador manual, una aplicaci\u00f3n m\u00f3vil y cuenta con funcionalidad de voz para interactuar.<\/span><\/li>\n<\/ul>\n<p>El <b>Unitree Go2 W Ultimate<\/b> es la opci\u00f3n definitiva para profesionales e investigadores que requieren una plataforma rob\u00f3tica robusta, altamente aut\u00f3noma y adaptable con capacidades de detecci\u00f3n de primera l\u00ednea.<\/p>","protected":false},"excerpt":{"rendered":"<p><span class=\"citation-541\">El <\/span><b><span class=\"citation-541\">Unitree Go2 W Ultimate<\/span><\/b><span class=\"citation-541 citation-end-541\"> es la versi\u00f3n de primer nivel del avanzado robot cuadr\u00fapedo con ruedas de Unitree Robotics, que combina la agilidad de un robot parecido a un perro con la velocidad y eficiencia del movimiento con ruedas.<\/span><\/p>\n<p><span class=\"citation-540\">Este robot h\u00edbrido est\u00e1 dise\u00f1ado para tareas exigentes y ofrece una versatilidad incomparable para <\/span><b><span class=\"citation-540 citation-end-540\">inspecciones industriales, investigaci\u00f3n y desarrollo, patrullas de seguridad y educaci\u00f3n avanzada en IA y rob\u00f3tica.<\/span><\/b><\/p>","protected":false},"featured_media":21233,"comment_status":"open","ping_status":"closed","template":"","meta":[],"product_brand":[1087],"product_cat":[1039,1037,1085],"product_tag":[1088,1092,1089,1090],"class_list":{"0":"post-21234","1":"product","2":"type-product","3":"status-publish","4":"has-post-thumbnail","6":"product_brand-unitree","7":"product_cat-quadruped","8":"product_cat-robotics","9":"product_cat-unitree-quad-robots","10":"product_tag-unitree","11":"product_tag-unitree-go2-series","12":"product_tag-unitree-quadruped","13":"product_tag-unitree-quadruped-robots","15":"first","16":"onbackorder","17":"taxable","18":"shipping-taxable","19":"purchasable","20":"product-type-simple"},"yoast_head":"<!-- This site is optimized with the Yoast SEO plugin v27.1.1 - https:\/\/yoast.com\/product\/yoast-seo-wordpress\/ -->\n<title>Unitree Go2 W Ultimate - Ghostysky<\/title>\n<meta name=\"description\" content=\"The Unitree Go2 W Ultimate is the top-tier version of Unitree Robotics&#039; advanced wheeled quadruped robot, combining the agility of a dog-like robot with the speed and efficiency of wheeled movement.This hybrid robot is engineered for demanding tasks, offering unparalleled versatility for industrial inspections, research and development, safety patrols, and advanced education in AI and robotics.\" \/>\n<meta name=\"robots\" content=\"index, follow, max-snippet:-1, max-image-preview:large, max-video-preview:-1\" \/>\n<link rel=\"canonical\" href=\"https:\/\/www.ghostysky.com\/es\/producto-2\/unitree-go2-w-ultimate\/\" \/>\n<meta property=\"og:locale\" content=\"es_ES\" \/>\n<meta property=\"og:type\" content=\"article\" \/>\n<meta property=\"og:title\" content=\"Unitree Go2 W Ultimate - Ghostysky\" \/>\n<meta property=\"og:description\" content=\"The Unitree Go2 W Ultimate is the top-tier version of Unitree Robotics&#039; advanced wheeled quadruped robot, combining the agility of a dog-like robot with the speed and efficiency of wheeled movement.This hybrid robot is engineered for demanding tasks, offering unparalleled versatility for industrial inspections, research and development, safety patrols, and advanced education in AI and robotics.\" \/>\n<meta property=\"og:url\" content=\"https:\/\/www.ghostysky.com\/es\/producto-2\/unitree-go2-w-ultimate\/\" \/>\n<meta property=\"og:site_name\" content=\"Ghostysky\" \/>\n<meta property=\"article:publisher\" content=\"https:\/\/www.facebook.com\/people\/Ghostysky\/100057676170234\/\" \/>\n<meta property=\"article:modified_time\" content=\"2026-02-06T14:29:10+00:00\" \/>\n<meta property=\"og:image\" content=\"https:\/\/www.ghostysky.com\/wp-content\/uploads\/2025\/10\/GH_Unitree_GO2_W_1.png\" \/>\n\t<meta property=\"og:image:width\" content=\"650\" \/>\n\t<meta property=\"og:image:height\" content=\"650\" \/>\n\t<meta property=\"og:image:type\" content=\"image\/png\" \/>\n<meta name=\"twitter:card\" content=\"summary_large_image\" \/>\n<meta name=\"twitter:site\" content=\"@Gh0stysky\" \/>\n<meta name=\"twitter:label1\" content=\"Tiempo de lectura\" \/>\n\t<meta name=\"twitter:data1\" content=\"2 minutos\" \/>\n<script type=\"application\/ld+json\" class=\"yoast-schema-graph\">{\"@context\":\"https:\/\/schema.org\",\"@graph\":[{\"@type\":\"WebPage\",\"@id\":\"https:\/\/www.ghostysky.com\/product\/unitree-go2-w-ultimate\/\",\"url\":\"https:\/\/www.ghostysky.com\/product\/unitree-go2-w-ultimate\/\",\"name\":\"Unitree Go2 W Ultimate - Ghostysky\",\"isPartOf\":{\"@id\":\"https:\/\/www.ghostysky.com\/#website\"},\"primaryImageOfPage\":{\"@id\":\"https:\/\/www.ghostysky.com\/product\/unitree-go2-w-ultimate\/#primaryimage\"},\"image\":{\"@id\":\"https:\/\/www.ghostysky.com\/product\/unitree-go2-w-ultimate\/#primaryimage\"},\"thumbnailUrl\":\"https:\/\/www.ghostysky.com\/wp-content\/uploads\/2025\/10\/GH_Unitree_GO2_W_1.png\",\"datePublished\":\"2025-10-16T05:26:30+00:00\",\"dateModified\":\"2026-02-06T14:29:10+00:00\",\"description\":\"The Unitree Go2 W Ultimate is the top-tier version of Unitree Robotics' advanced wheeled quadruped robot, combining the agility of a dog-like robot with the speed and efficiency of wheeled movement.This hybrid robot is engineered for demanding tasks, offering unparalleled versatility for industrial inspections, research and development, safety patrols, and advanced education in AI and robotics.\",\"breadcrumb\":{\"@id\":\"https:\/\/www.ghostysky.com\/product\/unitree-go2-w-ultimate\/#breadcrumb\"},\"inLanguage\":\"es\",\"potentialAction\":[{\"@type\":\"ReadAction\",\"target\":[\"https:\/\/www.ghostysky.com\/product\/unitree-go2-w-ultimate\/\"]}]},{\"@type\":\"ImageObject\",\"inLanguage\":\"es\",\"@id\":\"https:\/\/www.ghostysky.com\/product\/unitree-go2-w-ultimate\/#primaryimage\",\"url\":\"https:\/\/www.ghostysky.com\/wp-content\/uploads\/2025\/10\/GH_Unitree_GO2_W_1.png\",\"contentUrl\":\"https:\/\/www.ghostysky.com\/wp-content\/uploads\/2025\/10\/GH_Unitree_GO2_W_1.png\",\"width\":650,\"height\":650},{\"@type\":\"BreadcrumbList\",\"@id\":\"https:\/\/www.ghostysky.com\/product\/unitree-go2-w-ultimate\/#breadcrumb\",\"itemListElement\":[{\"@type\":\"ListItem\",\"position\":1,\"name\":\"Home\",\"item\":\"https:\/\/www.ghostysky.com\/\"},{\"@type\":\"ListItem\",\"position\":2,\"name\":\"Shop\",\"item\":\"https:\/\/www.ghostysky.com\/shop\/\"},{\"@type\":\"ListItem\",\"position\":3,\"name\":\"Unitree Go2 W Ultimate\"}]},{\"@type\":\"WebSite\",\"@id\":\"https:\/\/www.ghostysky.com\/#website\",\"url\":\"https:\/\/www.ghostysky.com\/\",\"name\":\"Ghostysky\",\"description\":\"Delivering professional drones and services\",\"publisher\":{\"@id\":\"https:\/\/www.ghostysky.com\/#organization\"},\"potentialAction\":[{\"@type\":\"SearchAction\",\"target\":{\"@type\":\"EntryPoint\",\"urlTemplate\":\"https:\/\/www.ghostysky.com\/?s={search_term_string}\"},\"query-input\":{\"@type\":\"PropertyValueSpecification\",\"valueRequired\":true,\"valueName\":\"search_term_string\"}}],\"inLanguage\":\"es\"},{\"@type\":\"Organization\",\"@id\":\"https:\/\/www.ghostysky.com\/#organization\",\"name\":\"Ghostysky\",\"url\":\"https:\/\/www.ghostysky.com\/\",\"logo\":{\"@type\":\"ImageObject\",\"inLanguage\":\"es\",\"@id\":\"https:\/\/www.ghostysky.com\/#\/schema\/logo\/image\/\",\"url\":\"https:\/\/www.ghostysky.com\/wp-content\/uploads\/2020\/06\/cropped-ghostyskylogo_text_white2.png\",\"contentUrl\":\"https:\/\/www.ghostysky.com\/wp-content\/uploads\/2020\/06\/cropped-ghostyskylogo_text_white2.png\",\"width\":169,\"height\":56,\"caption\":\"Ghostysky\"},\"image\":{\"@id\":\"https:\/\/www.ghostysky.com\/#\/schema\/logo\/image\/\"},\"sameAs\":[\"https:\/\/www.facebook.com\/people\/Ghostysky\/100057676170234\/\",\"https:\/\/x.com\/Gh0stysky\",\"https:\/\/www.linkedin.com\/company\/34739653\",\"https:\/\/www.instagram.com\/gh0stysky\"]}]}<\/script>\n<!-- \/ Yoast SEO plugin. -->","yoast_head_json":{"title":"Unitree Go2 W Ultimate - Ghostysky","description":"El Unitree Go2 W Ultimate es la versi\u00f3n de primer nivel del avanzado robot cuadr\u00fapedo con ruedas de Unitree Robotics, que combina la agilidad de un robot similar a un perro con la velocidad y la eficiencia del movimiento con ruedas. Este robot h\u00edbrido est\u00e1 dise\u00f1ado para tareas exigentes y ofrece una versatilidad incomparable para inspecciones industriales, investigaci\u00f3n y desarrollo, patrullas de seguridad y educaci\u00f3n avanzada en IA y rob\u00f3tica.","robots":{"index":"index","follow":"follow","max-snippet":"max-snippet:-1","max-image-preview":"max-image-preview:large","max-video-preview":"max-video-preview:-1"},"canonical":"https:\/\/www.ghostysky.com\/es\/producto-2\/unitree-go2-w-ultimate\/","og_locale":"es_ES","og_type":"article","og_title":"Unitree Go2 W Ultimate - Ghostysky","og_description":"The Unitree Go2 W Ultimate is the top-tier version of Unitree Robotics' advanced wheeled quadruped robot, combining the agility of a dog-like robot with the speed and efficiency of wheeled movement.This hybrid robot is engineered for demanding tasks, offering unparalleled versatility for industrial inspections, research and development, safety patrols, and advanced education in AI and robotics.","og_url":"https:\/\/www.ghostysky.com\/es\/producto-2\/unitree-go2-w-ultimate\/","og_site_name":"Ghostysky","article_publisher":"https:\/\/www.facebook.com\/people\/Ghostysky\/100057676170234\/","article_modified_time":"2026-02-06T14:29:10+00:00","og_image":[{"width":650,"height":650,"url":"https:\/\/www.ghostysky.com\/wp-content\/uploads\/2025\/10\/GH_Unitree_GO2_W_1.png","type":"image\/png"}],"twitter_card":"summary_large_image","twitter_site":"@Gh0stysky","twitter_misc":{"Tiempo de lectura":"2 minutos"},"schema":{"@context":"https:\/\/schema.org","@graph":[{"@type":"WebPage","@id":"https:\/\/www.ghostysky.com\/product\/unitree-go2-w-ultimate\/","url":"https:\/\/www.ghostysky.com\/product\/unitree-go2-w-ultimate\/","name":"Unitree Go2 W Ultimate - Ghostysky","isPartOf":{"@id":"https:\/\/www.ghostysky.com\/#website"},"primaryImageOfPage":{"@id":"https:\/\/www.ghostysky.com\/product\/unitree-go2-w-ultimate\/#primaryimage"},"image":{"@id":"https:\/\/www.ghostysky.com\/product\/unitree-go2-w-ultimate\/#primaryimage"},"thumbnailUrl":"https:\/\/www.ghostysky.com\/wp-content\/uploads\/2025\/10\/GH_Unitree_GO2_W_1.png","datePublished":"2025-10-16T05:26:30+00:00","dateModified":"2026-02-06T14:29:10+00:00","description":"El Unitree Go2 W Ultimate es la versi\u00f3n de primer nivel del avanzado robot cuadr\u00fapedo con ruedas de Unitree Robotics, que combina la agilidad de un robot similar a un perro con la velocidad y la eficiencia del movimiento con ruedas. Este robot h\u00edbrido est\u00e1 dise\u00f1ado para tareas exigentes y ofrece una versatilidad incomparable para inspecciones industriales, investigaci\u00f3n y desarrollo, patrullas de seguridad y educaci\u00f3n avanzada en IA y rob\u00f3tica.","breadcrumb":{"@id":"https:\/\/www.ghostysky.com\/product\/unitree-go2-w-ultimate\/#breadcrumb"},"inLanguage":"es","potentialAction":[{"@type":"ReadAction","target":["https:\/\/www.ghostysky.com\/product\/unitree-go2-w-ultimate\/"]}]},{"@type":"ImageObject","inLanguage":"es","@id":"https:\/\/www.ghostysky.com\/product\/unitree-go2-w-ultimate\/#primaryimage","url":"https:\/\/www.ghostysky.com\/wp-content\/uploads\/2025\/10\/GH_Unitree_GO2_W_1.png","contentUrl":"https:\/\/www.ghostysky.com\/wp-content\/uploads\/2025\/10\/GH_Unitree_GO2_W_1.png","width":650,"height":650},{"@type":"BreadcrumbList","@id":"https:\/\/www.ghostysky.com\/product\/unitree-go2-w-ultimate\/#breadcrumb","itemListElement":[{"@type":"ListItem","position":1,"name":"Home","item":"https:\/\/www.ghostysky.com\/"},{"@type":"ListItem","position":2,"name":"Shop","item":"https:\/\/www.ghostysky.com\/shop\/"},{"@type":"ListItem","position":3,"name":"Unitree Go2 W Ultimate"}]},{"@type":"WebSite","@id":"https:\/\/www.ghostysky.com\/#website","url":"https:\/\/www.ghostysky.com\/","name":"Ghostysky","description":"Entrega de drones y servicios profesionales","publisher":{"@id":"https:\/\/www.ghostysky.com\/#organization"},"potentialAction":[{"@type":"SearchAction","target":{"@type":"EntryPoint","urlTemplate":"https:\/\/www.ghostysky.com\/?s={search_term_string}"},"query-input":{"@type":"PropertyValueSpecification","valueRequired":true,"valueName":"search_term_string"}}],"inLanguage":"es"},{"@type":"Organization","@id":"https:\/\/www.ghostysky.com\/#organization","name":"Ghostysky","url":"https:\/\/www.ghostysky.com\/","logo":{"@type":"ImageObject","inLanguage":"es","@id":"https:\/\/www.ghostysky.com\/#\/schema\/logo\/image\/","url":"https:\/\/www.ghostysky.com\/wp-content\/uploads\/2020\/06\/cropped-ghostyskylogo_text_white2.png","contentUrl":"https:\/\/www.ghostysky.com\/wp-content\/uploads\/2020\/06\/cropped-ghostyskylogo_text_white2.png","width":169,"height":56,"caption":"Ghostysky"},"image":{"@id":"https:\/\/www.ghostysky.com\/#\/schema\/logo\/image\/"},"sameAs":["https:\/\/www.facebook.com\/people\/Ghostysky\/100057676170234\/","https:\/\/x.com\/Gh0stysky","https:\/\/www.linkedin.com\/company\/34739653","https:\/\/www.instagram.com\/gh0stysky"]}]}},"_links":{"self":[{"href":"https:\/\/www.ghostysky.com\/es\/wp-json\/wp\/v2\/product\/21234","targetHints":{"allow":["GET"]}}],"collection":[{"href":"https:\/\/www.ghostysky.com\/es\/wp-json\/wp\/v2\/product"}],"about":[{"href":"https:\/\/www.ghostysky.com\/es\/wp-json\/wp\/v2\/types\/product"}],"replies":[{"embeddable":true,"href":"https:\/\/www.ghostysky.com\/es\/wp-json\/wp\/v2\/comments?post=21234"}],"wp:featuredmedia":[{"embeddable":true,"href":"https:\/\/www.ghostysky.com\/es\/wp-json\/wp\/v2\/media\/21233"}],"wp:attachment":[{"href":"https:\/\/www.ghostysky.com\/es\/wp-json\/wp\/v2\/media?parent=21234"}],"wp:term":[{"taxonomy":"product_brand","embeddable":true,"href":"https:\/\/www.ghostysky.com\/es\/wp-json\/wp\/v2\/product_brand?post=21234"},{"taxonomy":"product_cat","embeddable":true,"href":"https:\/\/www.ghostysky.com\/es\/wp-json\/wp\/v2\/product_cat?post=21234"},{"taxonomy":"product_tag","embeddable":true,"href":"https:\/\/www.ghostysky.com\/es\/wp-json\/wp\/v2\/product_tag?post=21234"}],"curies":[{"name":"wp","href":"https:\/\/api.w.org\/{rel}","templated":true}]}}