{"id":21270,"date":"2025-10-16T06:18:07","date_gmt":"2025-10-16T06:18:07","guid":{"rendered":"https:\/\/www.ghostysky.com\/?post_type=product&#038;p=21270"},"modified":"2025-10-16T06:18:47","modified_gmt":"2025-10-16T06:18:47","slug":"unitree-go2-self-charging-board","status":"publish","type":"product","link":"https:\/\/www.ghostysky.com\/es\/product\/unitree-go2-self-charging-board\/","title":{"rendered":"Placa de carga autom\u00e1tica Unitree Go2"},"content":{"rendered":"<div id=\"model-response-message-contentr_35644eaf74ef367d\" class=\"markdown markdown-main-panel stronger enable-updated-hr-color\" dir=\"ltr\">\n<h3><b>Caracter\u00edsticas clave<\/b><\/h3>\n<ul>\n<li><b>Recarga aut\u00f3noma:<\/b><span class=\"citation-815 citation-end-815\"> Elimina la necesidad de cambios manuales de bater\u00eda.<\/span> <span class=\"citation-814 citation-end-814\">Cuando la bater\u00eda del Go2 se agota, puede navegar de forma aut\u00f3noma hasta la placa de carga autom\u00e1tica y acoplarse a ella para recargarse, lo que garantiza un funcionamiento continuo.<\/span><\/li>\n<li><b>Carga inal\u00e1mbrica:<\/b><span class=\"citation-813 citation-end-813\"> Ofrece una carga sin complicaciones simplemente recost\u00e1ndose sobre la base, lo que proporciona una transferencia de energ\u00eda r\u00e1pida y eficiente.<\/span><\/li>\n<li><b>Carga de alta eficiencia:<\/b><span class=\"citation-812\"> Soporta un alto <\/span><b><span class=\"citation-812\">Voltaje de carga de 33,6 V<\/span><\/b><span class=\"citation-812\"> y un r\u00e1pido <\/span><b><span class=\"citation-812\">Corriente de carga de 9 A<\/span><\/b><span class=\"citation-812 citation-end-812\"> para recargar r\u00e1pidamente la bater\u00eda del robot.<\/span><\/li>\n<li><b><span class=\"citation-811\">Compatibilidad de navegaci\u00f3n aut\u00f3noma:<\/span><\/b><span class=\"citation-811\"> Fundamentalmente, este tablero est\u00e1 dise\u00f1ado para habilitar la funci\u00f3n de navegaci\u00f3n autom\u00e1tica cuando se usa con el <\/span><b><span class=\"citation-811\">Go2 EDU Plus<\/span><\/b><span class=\"citation-811\"> modelos equipados con el <\/span><b><span class=\"citation-811\">LiDAR de 360 grados<\/span><\/b><span class=\"citation-811\"> o <\/span><b><span class=\"citation-811\">LiDAR XT16<\/span><\/b><span class=\"citation-811 citation-end-811\"> sistemas.<\/span> <i><span class=\"citation-810\">(Nota: Su uso con otras versiones puede permitir \u00fanicamente la carga directa sin la capacidad de acoplamiento aut\u00f3nomo).<\/span><\/i><\/li>\n<li><b><span class=\"citation-809\">Dise\u00f1o duradero:<\/span><\/b><span class=\"citation-809 citation-end-809\"> Dise\u00f1ado para funcionar dentro de un amplio rango de temperatura ambiente de trabajo (normalmente <\/span><span class=\"math-inline\" data-math=\"5^\\circ\\text{C}\"><span class=\"katex\"><span class=\"katex-html\" aria-hidden=\"true\"><span class=\"base\"><span class=\"mord\">5<span class=\"msupsub\"><span class=\"vlist-t\"><span class=\"vlist-r\"><span class=\"vlist\"><span class=\"\"><span class=\"sizing reset-size6 size3 mtight\"><span class=\"mbin mtight\">\u2218<\/span><\/span><\/span><\/span><\/span><\/span><\/span><\/span><span class=\"mord text\"><span class=\"mord\">do<\/span><\/span><\/span><\/span><\/span><\/span><span class=\"citation-808 citation-end-808\"> a <\/span><span class=\"math-inline\" data-math=\"40^\\circ\\text{C}\"><span class=\"katex\"><span class=\"katex-html\" aria-hidden=\"true\"><span class=\"base\"><span class=\"mord\">4<\/span><span class=\"mord\">0<span class=\"msupsub\"><span class=\"vlist-t\"><span class=\"vlist-r\"><span class=\"vlist\"><span class=\"\"><span class=\"sizing reset-size6 size3 mtight\"><span class=\"mbin mtight\">\u2218<\/span><\/span><\/span><\/span><\/span><\/span><\/span><\/span><span class=\"mord text\"><span class=\"mord\">do<\/span><\/span><\/span><\/span><\/span><\/span><span class=\"citation-807 citation-end-807\">) y soportar una humedad relativa de hasta <\/span><span class=\"math-inline\" data-math=\"\\le 95\\%\"><span class=\"katex\"><span class=\"katex-html\" aria-hidden=\"true\"><span class=\"base\"><span class=\"mrel\">\u2264<\/span><\/span><span class=\"base\"><span class=\"mord\">95%<\/span><\/span><\/span><\/span><\/span><span class=\"citation-806 citation-end-806\">, lo que lo hace confiable en diversos entornos.<\/span><\/li>\n<li><b>Ideal para I+D:<\/b> Un accesorio imprescindible para laboratorios de rob\u00f3tica, investigaciones de IA y proyectos de automatizaci\u00f3n que requieren un tiempo de funcionamiento prolongado e ininterrumpido del robot Go2.<\/li>\n<\/ul>\n<\/div>","protected":false},"excerpt":{"rendered":"<p><span class=\"citation-817\">La placa de carga autom\u00e1tica Unitree Go2 es un accesorio de actualizaci\u00f3n esencial que transforma el robot cuadr\u00fapedo Unitree Go2 (espec\u00edficamente el <\/span><b><span class=\"citation-817\">Go2 EDU Plus<\/span><\/b><span class=\"citation-817 citation-end-817\"> versiones) en una m\u00e1quina aut\u00f3noma autosuficiente.<\/span> <span class=\"citation-816\">Esta base de carga dedicada est\u00e1 dise\u00f1ada para brindar un rendimiento y una comodidad \u00f3ptimos, y proporciona una <\/span><b><span class=\"citation-816\">soluci\u00f3n de energ\u00eda inal\u00e1mbrica<\/span><\/b><span class=\"citation-816 citation-end-816\"> Para una recarga fluida y con manos libres.<\/span><\/p>","protected":false},"featured_media":21271,"comment_status":"open","ping_status":"closed","template":"","meta":[],"product_brand":[1087],"product_cat":[1039,1037,1086],"product_tag":[1095,1088,1094],"class_list":{"0":"post-21270","1":"product","2":"type-product","3":"status-publish","4":"has-post-thumbnail","6":"product_brand-unitree","7":"product_cat-quadruped","8":"product_cat-robotics","9":"product_cat-unitree-quad-accessories","10":"product_tag-unitre","11":"product_tag-unitree","12":"product_tag-unitree-go2-accessories","14":"first","15":"onbackorder","16":"taxable","17":"shipping-taxable","18":"purchasable","19":"product-type-simple"},"yoast_head":"<!-- This site is optimized with the Yoast SEO plugin v27.4 - https:\/\/yoast.com\/product\/yoast-seo-wordpress\/ -->\n<title>Unitree Go2 self-charging board - Ghostysky<\/title>\n<meta name=\"description\" content=\"The Unitree Go2 Self-Charging Board is an essential upgrade accessory, transforming the Unitree Go2 quadruped robot (specifically the Go2 EDU Plus versions) into a self-sustaining autonomous machine. This dedicated charging base is engineered for optimal performance and convenience, providing a wireless power solution for seamless, hands-free recharging.\" \/>\n<meta name=\"robots\" content=\"index, follow, max-snippet:-1, max-image-preview:large, max-video-preview:-1\" \/>\n<link rel=\"canonical\" href=\"https:\/\/www.ghostysky.com\/es\/producto-2\/unitree-go2-self-charging-board\/\" \/>\n<meta property=\"og:locale\" content=\"es_ES\" \/>\n<meta property=\"og:type\" content=\"article\" \/>\n<meta property=\"og:title\" content=\"Unitree Go2 self-charging board - Ghostysky\" \/>\n<meta property=\"og:description\" content=\"The Unitree Go2 Self-Charging Board is an essential upgrade accessory, transforming the Unitree Go2 quadruped robot (specifically the Go2 EDU Plus versions) into a self-sustaining autonomous machine. This dedicated charging base is engineered for optimal performance and convenience, providing a wireless power solution for seamless, hands-free recharging.\" \/>\n<meta property=\"og:url\" content=\"https:\/\/www.ghostysky.com\/es\/producto-2\/unitree-go2-self-charging-board\/\" \/>\n<meta property=\"og:site_name\" content=\"Ghostysky\" \/>\n<meta property=\"article:publisher\" content=\"https:\/\/www.facebook.com\/people\/Ghostysky\/100057676170234\/\" \/>\n<meta property=\"article:modified_time\" content=\"2025-10-16T06:18:47+00:00\" \/>\n<meta property=\"og:image\" content=\"https:\/\/www.ghostysky.com\/wp-content\/uploads\/2025\/10\/GH_Go2-self-charging-board_1.webp\" \/>\n\t<meta property=\"og:image:width\" content=\"2048\" \/>\n\t<meta property=\"og:image:height\" content=\"2048\" \/>\n\t<meta property=\"og:image:type\" content=\"image\/webp\" \/>\n<meta name=\"twitter:card\" content=\"summary_large_image\" \/>\n<meta name=\"twitter:site\" content=\"@Gh0stysky\" \/>\n<meta name=\"twitter:label1\" content=\"Tiempo de lectura\" \/>\n\t<meta name=\"twitter:data1\" content=\"1 minuto\" \/>\n<script type=\"application\/ld+json\" class=\"yoast-schema-graph\">{\"@context\":\"https:\\\/\\\/schema.org\",\"@graph\":[{\"@type\":\"WebPage\",\"@id\":\"https:\\\/\\\/www.ghostysky.com\\\/product\\\/unitree-go2-self-charging-board\\\/\",\"url\":\"https:\\\/\\\/www.ghostysky.com\\\/product\\\/unitree-go2-self-charging-board\\\/\",\"name\":\"Unitree Go2 self-charging board - Ghostysky\",\"isPartOf\":{\"@id\":\"https:\\\/\\\/www.ghostysky.com\\\/#website\"},\"primaryImageOfPage\":{\"@id\":\"https:\\\/\\\/www.ghostysky.com\\\/product\\\/unitree-go2-self-charging-board\\\/#primaryimage\"},\"image\":{\"@id\":\"https:\\\/\\\/www.ghostysky.com\\\/product\\\/unitree-go2-self-charging-board\\\/#primaryimage\"},\"thumbnailUrl\":\"https:\\\/\\\/www.ghostysky.com\\\/wp-content\\\/uploads\\\/2025\\\/10\\\/GH_Go2-self-charging-board_1.webp\",\"datePublished\":\"2025-10-16T06:18:07+00:00\",\"dateModified\":\"2025-10-16T06:18:47+00:00\",\"description\":\"The Unitree Go2 Self-Charging Board is an essential upgrade accessory, transforming the Unitree Go2 quadruped robot (specifically the Go2 EDU Plus versions) into a self-sustaining autonomous machine. This dedicated charging base is engineered for optimal performance and convenience, providing a wireless power solution for seamless, hands-free recharging.\",\"breadcrumb\":{\"@id\":\"https:\\\/\\\/www.ghostysky.com\\\/product\\\/unitree-go2-self-charging-board\\\/#breadcrumb\"},\"inLanguage\":\"es\",\"potentialAction\":[{\"@type\":\"ReadAction\",\"target\":[\"https:\\\/\\\/www.ghostysky.com\\\/product\\\/unitree-go2-self-charging-board\\\/\"]}]},{\"@type\":\"ImageObject\",\"inLanguage\":\"es\",\"@id\":\"https:\\\/\\\/www.ghostysky.com\\\/product\\\/unitree-go2-self-charging-board\\\/#primaryimage\",\"url\":\"https:\\\/\\\/www.ghostysky.com\\\/wp-content\\\/uploads\\\/2025\\\/10\\\/GH_Go2-self-charging-board_1.webp\",\"contentUrl\":\"https:\\\/\\\/www.ghostysky.com\\\/wp-content\\\/uploads\\\/2025\\\/10\\\/GH_Go2-self-charging-board_1.webp\",\"width\":2048,\"height\":2048},{\"@type\":\"BreadcrumbList\",\"@id\":\"https:\\\/\\\/www.ghostysky.com\\\/product\\\/unitree-go2-self-charging-board\\\/#breadcrumb\",\"itemListElement\":[{\"@type\":\"ListItem\",\"position\":1,\"name\":\"Home\",\"item\":\"https:\\\/\\\/www.ghostysky.com\\\/\"},{\"@type\":\"ListItem\",\"position\":2,\"name\":\"Shop\",\"item\":\"https:\\\/\\\/www.ghostysky.com\\\/shop\\\/\"},{\"@type\":\"ListItem\",\"position\":3,\"name\":\"Unitree Go2 self-charging board\"}]},{\"@type\":\"WebSite\",\"@id\":\"https:\\\/\\\/www.ghostysky.com\\\/#website\",\"url\":\"https:\\\/\\\/www.ghostysky.com\\\/\",\"name\":\"Ghostysky\",\"description\":\"Delivering professional drones and services\",\"publisher\":{\"@id\":\"https:\\\/\\\/www.ghostysky.com\\\/#organization\"},\"potentialAction\":[{\"@type\":\"SearchAction\",\"target\":{\"@type\":\"EntryPoint\",\"urlTemplate\":\"https:\\\/\\\/www.ghostysky.com\\\/?s={search_term_string}\"},\"query-input\":{\"@type\":\"PropertyValueSpecification\",\"valueRequired\":true,\"valueName\":\"search_term_string\"}}],\"inLanguage\":\"es\"},{\"@type\":\"Organization\",\"@id\":\"https:\\\/\\\/www.ghostysky.com\\\/#organization\",\"name\":\"Ghostysky\",\"url\":\"https:\\\/\\\/www.ghostysky.com\\\/\",\"logo\":{\"@type\":\"ImageObject\",\"inLanguage\":\"es\",\"@id\":\"https:\\\/\\\/www.ghostysky.com\\\/#\\\/schema\\\/logo\\\/image\\\/\",\"url\":\"https:\\\/\\\/www.ghostysky.com\\\/wp-content\\\/uploads\\\/2020\\\/06\\\/cropped-ghostyskylogo_text_white2.png\",\"contentUrl\":\"https:\\\/\\\/www.ghostysky.com\\\/wp-content\\\/uploads\\\/2020\\\/06\\\/cropped-ghostyskylogo_text_white2.png\",\"width\":169,\"height\":56,\"caption\":\"Ghostysky\"},\"image\":{\"@id\":\"https:\\\/\\\/www.ghostysky.com\\\/#\\\/schema\\\/logo\\\/image\\\/\"},\"sameAs\":[\"https:\\\/\\\/www.facebook.com\\\/people\\\/Ghostysky\\\/100057676170234\\\/\",\"https:\\\/\\\/x.com\\\/Gh0stysky\",\"https:\\\/\\\/www.linkedin.com\\\/company\\\/34739653\",\"https:\\\/\\\/www.instagram.com\\\/gh0stysky\"]}]}<\/script>\n<!-- \/ Yoast SEO plugin. -->","yoast_head_json":{"title":"Placa de carga autom\u00e1tica Unitree Go2 - Ghostysky","description":"La base de carga autom\u00e1tica Unitree Go2 es un accesorio de actualizaci\u00f3n esencial que transforma el robot cuadr\u00fapedo Unitree Go2 (en concreto, las versiones Go2 EDU Plus) en una m\u00e1quina aut\u00f3noma y autosuficiente. Esta base de carga est\u00e1 dise\u00f1ada para un rendimiento y una comodidad \u00f3ptimos, ofreciendo una soluci\u00f3n de alimentaci\u00f3n inal\u00e1mbrica para una recarga fluida y sin contacto.","robots":{"index":"index","follow":"follow","max-snippet":"max-snippet:-1","max-image-preview":"max-image-preview:large","max-video-preview":"max-video-preview:-1"},"canonical":"https:\/\/www.ghostysky.com\/es\/producto-2\/unitree-go2-self-charging-board\/","og_locale":"es_ES","og_type":"article","og_title":"Unitree Go2 self-charging board - Ghostysky","og_description":"The Unitree Go2 Self-Charging Board is an essential upgrade accessory, transforming the Unitree Go2 quadruped robot (specifically the Go2 EDU Plus versions) into a self-sustaining autonomous machine. This dedicated charging base is engineered for optimal performance and convenience, providing a wireless power solution for seamless, hands-free recharging.","og_url":"https:\/\/www.ghostysky.com\/es\/producto-2\/unitree-go2-self-charging-board\/","og_site_name":"Ghostysky","article_publisher":"https:\/\/www.facebook.com\/people\/Ghostysky\/100057676170234\/","article_modified_time":"2025-10-16T06:18:47+00:00","og_image":[{"width":2048,"height":2048,"url":"https:\/\/www.ghostysky.com\/wp-content\/uploads\/2025\/10\/GH_Go2-self-charging-board_1.webp","type":"image\/webp"}],"twitter_card":"summary_large_image","twitter_site":"@Gh0stysky","twitter_misc":{"Tiempo de lectura":"1 minuto"},"schema":{"@context":"https:\/\/schema.org","@graph":[{"@type":"WebPage","@id":"https:\/\/www.ghostysky.com\/product\/unitree-go2-self-charging-board\/","url":"https:\/\/www.ghostysky.com\/product\/unitree-go2-self-charging-board\/","name":"Placa de carga autom\u00e1tica Unitree Go2 - Ghostysky","isPartOf":{"@id":"https:\/\/www.ghostysky.com\/#website"},"primaryImageOfPage":{"@id":"https:\/\/www.ghostysky.com\/product\/unitree-go2-self-charging-board\/#primaryimage"},"image":{"@id":"https:\/\/www.ghostysky.com\/product\/unitree-go2-self-charging-board\/#primaryimage"},"thumbnailUrl":"https:\/\/www.ghostysky.com\/wp-content\/uploads\/2025\/10\/GH_Go2-self-charging-board_1.webp","datePublished":"2025-10-16T06:18:07+00:00","dateModified":"2025-10-16T06:18:47+00:00","description":"La base de carga autom\u00e1tica Unitree Go2 es un accesorio de actualizaci\u00f3n esencial que transforma el robot cuadr\u00fapedo Unitree Go2 (en concreto, las versiones Go2 EDU Plus) en una m\u00e1quina aut\u00f3noma y autosuficiente. Esta base de carga est\u00e1 dise\u00f1ada para un rendimiento y una comodidad \u00f3ptimos, ofreciendo una soluci\u00f3n de alimentaci\u00f3n inal\u00e1mbrica para una recarga fluida y sin contacto.","breadcrumb":{"@id":"https:\/\/www.ghostysky.com\/product\/unitree-go2-self-charging-board\/#breadcrumb"},"inLanguage":"es","potentialAction":[{"@type":"ReadAction","target":["https:\/\/www.ghostysky.com\/product\/unitree-go2-self-charging-board\/"]}]},{"@type":"ImageObject","inLanguage":"es","@id":"https:\/\/www.ghostysky.com\/product\/unitree-go2-self-charging-board\/#primaryimage","url":"https:\/\/www.ghostysky.com\/wp-content\/uploads\/2025\/10\/GH_Go2-self-charging-board_1.webp","contentUrl":"https:\/\/www.ghostysky.com\/wp-content\/uploads\/2025\/10\/GH_Go2-self-charging-board_1.webp","width":2048,"height":2048},{"@type":"BreadcrumbList","@id":"https:\/\/www.ghostysky.com\/product\/unitree-go2-self-charging-board\/#breadcrumb","itemListElement":[{"@type":"ListItem","position":1,"name":"Home","item":"https:\/\/www.ghostysky.com\/"},{"@type":"ListItem","position":2,"name":"Shop","item":"https:\/\/www.ghostysky.com\/shop\/"},{"@type":"ListItem","position":3,"name":"Unitree Go2 self-charging board"}]},{"@type":"WebSite","@id":"https:\/\/www.ghostysky.com\/#website","url":"https:\/\/www.ghostysky.com\/","name":"Ghostysky","description":"Entrega de drones y servicios profesionales","publisher":{"@id":"https:\/\/www.ghostysky.com\/#organization"},"potentialAction":[{"@type":"SearchAction","target":{"@type":"EntryPoint","urlTemplate":"https:\/\/www.ghostysky.com\/?s={search_term_string}"},"query-input":{"@type":"PropertyValueSpecification","valueRequired":true,"valueName":"search_term_string"}}],"inLanguage":"es"},{"@type":"Organization","@id":"https:\/\/www.ghostysky.com\/#organization","name":"Ghostysky","url":"https:\/\/www.ghostysky.com\/","logo":{"@type":"ImageObject","inLanguage":"es","@id":"https:\/\/www.ghostysky.com\/#\/schema\/logo\/image\/","url":"https:\/\/www.ghostysky.com\/wp-content\/uploads\/2020\/06\/cropped-ghostyskylogo_text_white2.png","contentUrl":"https:\/\/www.ghostysky.com\/wp-content\/uploads\/2020\/06\/cropped-ghostyskylogo_text_white2.png","width":169,"height":56,"caption":"Ghostysky"},"image":{"@id":"https:\/\/www.ghostysky.com\/#\/schema\/logo\/image\/"},"sameAs":["https:\/\/www.facebook.com\/people\/Ghostysky\/100057676170234\/","https:\/\/x.com\/Gh0stysky","https:\/\/www.linkedin.com\/company\/34739653","https:\/\/www.instagram.com\/gh0stysky"]}]}},"_links":{"self":[{"href":"https:\/\/www.ghostysky.com\/es\/wp-json\/wp\/v2\/product\/21270","targetHints":{"allow":["GET"]}}],"collection":[{"href":"https:\/\/www.ghostysky.com\/es\/wp-json\/wp\/v2\/product"}],"about":[{"href":"https:\/\/www.ghostysky.com\/es\/wp-json\/wp\/v2\/types\/product"}],"replies":[{"embeddable":true,"href":"https:\/\/www.ghostysky.com\/es\/wp-json\/wp\/v2\/comments?post=21270"}],"wp:featuredmedia":[{"embeddable":true,"href":"https:\/\/www.ghostysky.com\/es\/wp-json\/wp\/v2\/media\/21271"}],"wp:attachment":[{"href":"https:\/\/www.ghostysky.com\/es\/wp-json\/wp\/v2\/media?parent=21270"}],"wp:term":[{"taxonomy":"product_brand","embeddable":true,"href":"https:\/\/www.ghostysky.com\/es\/wp-json\/wp\/v2\/product_brand?post=21270"},{"taxonomy":"product_cat","embeddable":true,"href":"https:\/\/www.ghostysky.com\/es\/wp-json\/wp\/v2\/product_cat?post=21270"},{"taxonomy":"product_tag","embeddable":true,"href":"https:\/\/www.ghostysky.com\/es\/wp-json\/wp\/v2\/product_tag?post=21270"}],"curies":[{"name":"wp","href":"https:\/\/api.w.org\/{rel}","templated":true}]}}