{"id":21272,"date":"2025-10-16T06:22:23","date_gmt":"2025-10-16T06:22:23","guid":{"rendered":"https:\/\/www.ghostysky.com\/?post_type=product&#038;p=21272"},"modified":"2025-10-16T06:22:52","modified_gmt":"2025-10-16T06:22:52","slug":"unitree-go2-servo-robotic-arm","status":"publish","type":"product","link":"https:\/\/www.ghostysky.com\/es\/product\/unitree-go2-servo-robotic-arm\/","title":{"rendered":"Brazo rob\u00f3tico servo Unitree Go2"},"content":{"rendered":"<div id=\"model-response-message-contentr_6b44aec62b532e7d\" class=\"markdown markdown-main-panel stronger enable-updated-hr-color\" dir=\"ltr\">\n<h3><b>Caracter\u00edsticas y especificaciones clave<\/b><\/h3>\n<ul>\n<li><b>Grados de libertad (GDL):<\/b><span class=\"citation-848\"> Caracter\u00edsticas <\/span><b><span class=\"citation-848\">6 articulaciones totalmente articuladas<\/span><\/b><span class=\"citation-848\"> m\u00e1s <\/span><b><span class=\"citation-848\">1 mordaza\/pinza de mand\u00edbula<\/span><\/b><span class=\"citation-848 citation-end-848\">, que ofrece un verdadero movimiento de seis ejes para tareas de manipulaci\u00f3n flexibles y complejas.<\/span><\/li>\n<li><b><span class=\"citation-847\">Capacidad de carga \u00fatil:<\/span><\/b><span class=\"citation-847\"> Dise\u00f1ado para una manipulaci\u00f3n ligera con un agarre ideal. <\/span><b><span class=\"citation-847\">carga \u00fatil de 500 gramos (0,5 kg)<\/span><\/b><span class=\"citation-847 citation-end-847\">.<\/span><\/li>\n<li><b><span class=\"citation-846\">Alcance del brazo:<\/span><\/b><span class=\"citation-846\"> Proporciona un alcance generoso, con una extensi\u00f3n m\u00e1xima del brazo de aproximadamente <\/span><b><span class=\"citation-846\">550 mil\u00edmetros<\/span><\/b><span class=\"citation-846\"> (excluyendo la longitud de la mand\u00edbula) y hasta <\/span><b><span class=\"citation-846\">670 mil\u00edmetros<\/span><\/b><span class=\"citation-846 citation-end-846\"> (incluyendo la longitud de las mand\u00edbulas).<\/span><\/li>\n<li><b><span class=\"citation-845\">Precisi\u00f3n:<\/span><\/b><span class=\"citation-845 citation-end-845\"> Admite un funcionamiento preciso en una amplia gama de tareas, ideal para investigaci\u00f3n acad\u00e9mica, exploraci\u00f3n basada en IA y educaci\u00f3n pr\u00e1ctica en rob\u00f3tica.<\/span><\/li>\n<li><b>Flexibilidad articular:<\/b><span class=\"citation-844 citation-end-844\"> Cada una de las seis articulaciones tiene un rango de movimiento impresionante, por ejemplo: J1 (<\/span><span class=\"math-inline\" data-math=\"\\pm 135^\\circ\"><span class=\"katex\"><span class=\"katex-html\" aria-hidden=\"true\"><span class=\"base\"><span class=\"mord\">\u00b1<\/span><span class=\"mord\">13<\/span><span class=\"mord\">5<span class=\"msupsub\"><span class=\"vlist-t\"><span class=\"vlist-r\"><span class=\"vlist\"><span class=\"\"><span class=\"sizing reset-size6 size3 mtight\"><span class=\"mbin mtight\">\u2218<\/span><\/span><\/span><\/span><\/span><\/span><\/span><\/span><\/span><\/span><\/span><\/span><span class=\"citation-843 citation-end-843\">), J2 (<\/span><span class=\"math-inline\" data-math=\"\\pm 90^\\circ\"><span class=\"katex\"><span class=\"katex-html\" aria-hidden=\"true\"><span class=\"base\"><span class=\"mord\">\u00b1<\/span><span class=\"mord\">9<\/span><span class=\"mord\">0<span class=\"msupsub\"><span class=\"vlist-t\"><span class=\"vlist-r\"><span class=\"vlist\"><span class=\"\"><span class=\"sizing reset-size6 size3 mtight\"><span class=\"mbin mtight\">\u2218<\/span><\/span><\/span><\/span><\/span><\/span><\/span><\/span><\/span><\/span><\/span><\/span><span class=\"citation-842 citation-end-842\">), J3 (<\/span><span class=\"math-inline\" data-math=\"\\pm 90^\\circ\"><span class=\"katex\"><span class=\"katex-html\" aria-hidden=\"true\"><span class=\"base\"><span class=\"mord\">\u00b1<\/span><span class=\"mord\">9<\/span><span class=\"mord\">0<span class=\"msupsub\"><span class=\"vlist-t\"><span class=\"vlist-r\"><span class=\"vlist\"><span class=\"\"><span class=\"sizing reset-size6 size3 mtight\"><span class=\"mbin mtight\">\u2218<\/span><\/span><\/span><\/span><\/span><\/span><\/span><\/span><\/span><\/span><\/span><\/span><span class=\"citation-841 citation-end-841\">), J4 (<\/span><span class=\"math-inline\" data-math=\"\\pm 135^\\circ\"><span class=\"katex\"><span class=\"katex-html\" aria-hidden=\"true\"><span class=\"base\"><span class=\"mord\">\u00b1<\/span><span class=\"mord\">13<\/span><span class=\"mord\">5<span class=\"msupsub\"><span class=\"vlist-t\"><span class=\"vlist-r\"><span class=\"vlist\"><span class=\"\"><span class=\"sizing reset-size6 size3 mtight\"><span class=\"mbin mtight\">\u2218<\/span><\/span><\/span><\/span><\/span><\/span><\/span><\/span><\/span><\/span><\/span><\/span><span class=\"citation-840 citation-end-840\">), J5 (<\/span><span class=\"math-inline\" data-math=\"\\pm 90^\\circ\"><span class=\"katex\"><span class=\"katex-html\" aria-hidden=\"true\"><span class=\"base\"><span class=\"mord\">\u00b1<\/span><span class=\"mord\">9<\/span><span class=\"mord\">0<span class=\"msupsub\"><span class=\"vlist-t\"><span class=\"vlist-r\"><span class=\"vlist\"><span class=\"\"><span class=\"sizing reset-size6 size3 mtight\"><span class=\"mbin mtight\">\u2218<\/span><\/span><\/span><\/span><\/span><\/span><\/span><\/span><\/span><\/span><\/span><\/span><span class=\"citation-839 citation-end-839\">), y J6 (<\/span><span class=\"math-inline\" data-math=\"\\pm 135^\\circ\"><span class=\"katex\"><span class=\"katex-html\" aria-hidden=\"true\"><span class=\"base\"><span class=\"mord\">\u00b1<\/span><span class=\"mord\">13<\/span><span class=\"mord\">5<span class=\"msupsub\"><span class=\"vlist-t\"><span class=\"vlist-r\"><span class=\"vlist\"><span class=\"\"><span class=\"sizing reset-size6 size3 mtight\"><span class=\"mbin mtight\">\u2218<\/span><\/span><\/span><\/span><\/span><\/span><\/span><\/span><\/span><\/span><\/span><\/span><span class=\"citation-838 citation-end-838\">).<\/span><\/li>\n<li><b>Control y potencia:<\/b><span class=\"citation-837\"> Opera en <\/span><b><span class=\"citation-837\">24 V<\/span><\/b><span class=\"citation-837\"> con una potencia de salida de <\/span><b><span class=\"citation-837\">60 W<\/span><\/b><span class=\"citation-837 citation-end-837\"> (Corriente m\u00e1xima 5A).<\/span> <span class=\"citation-836\">El brazo utiliza un <\/span><b><span class=\"citation-836\">Servo de bus<\/span><\/b><span class=\"citation-836 citation-end-836\"> tipo de motor.<\/span><\/li>\n<li><b>Interfaz:<\/b><span class=\"citation-835\"> La comunicaci\u00f3n y el control se gestionan a trav\u00e9s de un <\/span><b><span class=\"citation-835\">RJ45 (ETH)<\/span><\/b><span class=\"citation-835\"> Interfaz de comunicaci\u00f3n de control, con una <\/span><b><span class=\"citation-835\">DC5.5-2.1<\/span><\/b><span class=\"citation-835 citation-end-835\"> Interfaz para fuente de alimentaci\u00f3n.<\/span><\/li>\n<\/ul>\n<p><span class=\"citation-834 citation-end-834\">Construido a partir de una aleaci\u00f3n de aluminio liviano, el brazo D1 est\u00e1 dise\u00f1ado para complementar la agilidad de la plataforma Go2, lo que permite una variedad de aplicaciones, desde agarre y manipulaci\u00f3n de objetos hasta servoaccionamiento visual y demostraciones din\u00e1micas en entornos de investigaci\u00f3n y educativos.<\/span><\/p>\n<div class=\"source-inline-chip-container ng-star-inserted\"><\/div>\n<\/div>","protected":false},"excerpt":{"rendered":"<p><span class=\"citation-849\">El <\/span><b><span class=\"citation-849\">Brazo rob\u00f3tico servo Unitree Go2 (modelo D1)<\/span><\/b><span class=\"citation-849 citation-end-849\"> es un manipulador rob\u00f3tico de alto rendimiento de 6 grados de libertad (DOF) dise\u00f1ado para una integraci\u00f3n perfecta con el robot cuadr\u00fapedo Unitree Go2, ampliando significativamente su funcionalidad.<\/span><\/p>","protected":false},"featured_media":21274,"comment_status":"open","ping_status":"closed","template":"","meta":[],"product_brand":[1087],"product_cat":[1039,1037,1086],"product_tag":[1088,1094,1092,1089],"class_list":{"0":"post-21272","1":"product","2":"type-product","3":"status-publish","4":"has-post-thumbnail","6":"product_brand-unitree","7":"product_cat-quadruped","8":"product_cat-robotics","9":"product_cat-unitree-quad-accessories","10":"product_tag-unitree","11":"product_tag-unitree-go2-accessories","12":"product_tag-unitree-go2-series","13":"product_tag-unitree-quadruped","15":"first","16":"onbackorder","17":"taxable","18":"shipping-taxable","19":"purchasable","20":"product-type-simple"},"yoast_head":"<!-- This site is optimized with the Yoast SEO plugin v27.1.1 - https:\/\/yoast.com\/product\/yoast-seo-wordpress\/ -->\n<title>Unitree Go2 Servo Robotic Arm - Ghostysky<\/title>\n<meta name=\"description\" content=\"The Unitree Go2 Servo Robotic Arm (Model D1) is a high-performance, 6-Degree-of-Freedom (DOF) robotic manipulator designed for seamless integration with the Unitree Go2 Quadruped Robot, significantly expanding its functionality.\" \/>\n<meta name=\"robots\" content=\"index, follow, max-snippet:-1, max-image-preview:large, max-video-preview:-1\" \/>\n<link rel=\"canonical\" href=\"https:\/\/www.ghostysky.com\/es\/producto-2\/unitree-go2-servo-robotic-arm\/\" \/>\n<meta property=\"og:locale\" content=\"es_ES\" \/>\n<meta property=\"og:type\" content=\"article\" \/>\n<meta property=\"og:title\" content=\"Unitree Go2 Servo Robotic Arm - Ghostysky\" \/>\n<meta property=\"og:description\" content=\"The Unitree Go2 Servo Robotic Arm (Model D1) is a high-performance, 6-Degree-of-Freedom (DOF) robotic manipulator designed for seamless integration with the Unitree Go2 Quadruped Robot, significantly expanding its functionality.\" \/>\n<meta property=\"og:url\" content=\"https:\/\/www.ghostysky.com\/es\/producto-2\/unitree-go2-servo-robotic-arm\/\" \/>\n<meta property=\"og:site_name\" content=\"Ghostysky\" \/>\n<meta property=\"article:publisher\" content=\"https:\/\/www.facebook.com\/people\/Ghostysky\/100057676170234\/\" \/>\n<meta property=\"article:modified_time\" content=\"2025-10-16T06:22:52+00:00\" \/>\n<meta property=\"og:image\" content=\"https:\/\/www.ghostysky.com\/wp-content\/uploads\/2025\/10\/GH_Go2-Servo-Robotic-Arm_1.webp\" \/>\n\t<meta property=\"og:image:width\" content=\"1000\" \/>\n\t<meta property=\"og:image:height\" content=\"1000\" \/>\n\t<meta property=\"og:image:type\" content=\"image\/webp\" \/>\n<meta name=\"twitter:card\" content=\"summary_large_image\" \/>\n<meta name=\"twitter:site\" content=\"@Gh0stysky\" \/>\n<meta name=\"twitter:label1\" content=\"Tiempo de lectura\" \/>\n\t<meta name=\"twitter:data1\" content=\"2 minutos\" \/>\n<script type=\"application\/ld+json\" class=\"yoast-schema-graph\">{\"@context\":\"https:\/\/schema.org\",\"@graph\":[{\"@type\":\"WebPage\",\"@id\":\"https:\/\/www.ghostysky.com\/product\/unitree-go2-servo-robotic-arm\/\",\"url\":\"https:\/\/www.ghostysky.com\/product\/unitree-go2-servo-robotic-arm\/\",\"name\":\"Unitree Go2 Servo Robotic Arm - Ghostysky\",\"isPartOf\":{\"@id\":\"https:\/\/www.ghostysky.com\/#website\"},\"primaryImageOfPage\":{\"@id\":\"https:\/\/www.ghostysky.com\/product\/unitree-go2-servo-robotic-arm\/#primaryimage\"},\"image\":{\"@id\":\"https:\/\/www.ghostysky.com\/product\/unitree-go2-servo-robotic-arm\/#primaryimage\"},\"thumbnailUrl\":\"https:\/\/www.ghostysky.com\/wp-content\/uploads\/2025\/10\/GH_Go2-Servo-Robotic-Arm_1.webp\",\"datePublished\":\"2025-10-16T06:22:23+00:00\",\"dateModified\":\"2025-10-16T06:22:52+00:00\",\"description\":\"The Unitree Go2 Servo Robotic Arm (Model D1) is a high-performance, 6-Degree-of-Freedom (DOF) robotic manipulator designed for seamless integration with the Unitree Go2 Quadruped Robot, significantly expanding its functionality.\",\"breadcrumb\":{\"@id\":\"https:\/\/www.ghostysky.com\/product\/unitree-go2-servo-robotic-arm\/#breadcrumb\"},\"inLanguage\":\"es\",\"potentialAction\":[{\"@type\":\"ReadAction\",\"target\":[\"https:\/\/www.ghostysky.com\/product\/unitree-go2-servo-robotic-arm\/\"]}]},{\"@type\":\"ImageObject\",\"inLanguage\":\"es\",\"@id\":\"https:\/\/www.ghostysky.com\/product\/unitree-go2-servo-robotic-arm\/#primaryimage\",\"url\":\"https:\/\/www.ghostysky.com\/wp-content\/uploads\/2025\/10\/GH_Go2-Servo-Robotic-Arm_1.webp\",\"contentUrl\":\"https:\/\/www.ghostysky.com\/wp-content\/uploads\/2025\/10\/GH_Go2-Servo-Robotic-Arm_1.webp\",\"width\":1000,\"height\":1000},{\"@type\":\"BreadcrumbList\",\"@id\":\"https:\/\/www.ghostysky.com\/product\/unitree-go2-servo-robotic-arm\/#breadcrumb\",\"itemListElement\":[{\"@type\":\"ListItem\",\"position\":1,\"name\":\"Home\",\"item\":\"https:\/\/www.ghostysky.com\/\"},{\"@type\":\"ListItem\",\"position\":2,\"name\":\"Shop\",\"item\":\"https:\/\/www.ghostysky.com\/shop\/\"},{\"@type\":\"ListItem\",\"position\":3,\"name\":\"Unitree Go2 Servo Robotic Arm\"}]},{\"@type\":\"WebSite\",\"@id\":\"https:\/\/www.ghostysky.com\/#website\",\"url\":\"https:\/\/www.ghostysky.com\/\",\"name\":\"Ghostysky\",\"description\":\"Delivering professional drones and services\",\"publisher\":{\"@id\":\"https:\/\/www.ghostysky.com\/#organization\"},\"potentialAction\":[{\"@type\":\"SearchAction\",\"target\":{\"@type\":\"EntryPoint\",\"urlTemplate\":\"https:\/\/www.ghostysky.com\/?s={search_term_string}\"},\"query-input\":{\"@type\":\"PropertyValueSpecification\",\"valueRequired\":true,\"valueName\":\"search_term_string\"}}],\"inLanguage\":\"es\"},{\"@type\":\"Organization\",\"@id\":\"https:\/\/www.ghostysky.com\/#organization\",\"name\":\"Ghostysky\",\"url\":\"https:\/\/www.ghostysky.com\/\",\"logo\":{\"@type\":\"ImageObject\",\"inLanguage\":\"es\",\"@id\":\"https:\/\/www.ghostysky.com\/#\/schema\/logo\/image\/\",\"url\":\"https:\/\/www.ghostysky.com\/wp-content\/uploads\/2020\/06\/cropped-ghostyskylogo_text_white2.png\",\"contentUrl\":\"https:\/\/www.ghostysky.com\/wp-content\/uploads\/2020\/06\/cropped-ghostyskylogo_text_white2.png\",\"width\":169,\"height\":56,\"caption\":\"Ghostysky\"},\"image\":{\"@id\":\"https:\/\/www.ghostysky.com\/#\/schema\/logo\/image\/\"},\"sameAs\":[\"https:\/\/www.facebook.com\/people\/Ghostysky\/100057676170234\/\",\"https:\/\/x.com\/Gh0stysky\",\"https:\/\/www.linkedin.com\/company\/34739653\",\"https:\/\/www.instagram.com\/gh0stysky\"]}]}<\/script>\n<!-- \/ Yoast SEO plugin. -->","yoast_head_json":{"title":"Brazo rob\u00f3tico servo Unitree Go2 - Ghostysky","description":"El brazo rob\u00f3tico servo Unitree Go2 (modelo D1) es un manipulador rob\u00f3tico de alto rendimiento y 6 grados de libertad (DOF) dise\u00f1ado para una integraci\u00f3n perfecta con el robot cuadr\u00fapedo Unitree Go2, ampliando significativamente su funcionalidad.","robots":{"index":"index","follow":"follow","max-snippet":"max-snippet:-1","max-image-preview":"max-image-preview:large","max-video-preview":"max-video-preview:-1"},"canonical":"https:\/\/www.ghostysky.com\/es\/producto-2\/unitree-go2-servo-robotic-arm\/","og_locale":"es_ES","og_type":"article","og_title":"Unitree Go2 Servo Robotic Arm - Ghostysky","og_description":"The Unitree Go2 Servo Robotic Arm (Model D1) is a high-performance, 6-Degree-of-Freedom (DOF) robotic manipulator designed for seamless integration with the Unitree Go2 Quadruped Robot, significantly expanding its functionality.","og_url":"https:\/\/www.ghostysky.com\/es\/producto-2\/unitree-go2-servo-robotic-arm\/","og_site_name":"Ghostysky","article_publisher":"https:\/\/www.facebook.com\/people\/Ghostysky\/100057676170234\/","article_modified_time":"2025-10-16T06:22:52+00:00","og_image":[{"width":1000,"height":1000,"url":"https:\/\/www.ghostysky.com\/wp-content\/uploads\/2025\/10\/GH_Go2-Servo-Robotic-Arm_1.webp","type":"image\/webp"}],"twitter_card":"summary_large_image","twitter_site":"@Gh0stysky","twitter_misc":{"Tiempo de lectura":"2 minutos"},"schema":{"@context":"https:\/\/schema.org","@graph":[{"@type":"WebPage","@id":"https:\/\/www.ghostysky.com\/product\/unitree-go2-servo-robotic-arm\/","url":"https:\/\/www.ghostysky.com\/product\/unitree-go2-servo-robotic-arm\/","name":"Brazo rob\u00f3tico servo Unitree Go2 - Ghostysky","isPartOf":{"@id":"https:\/\/www.ghostysky.com\/#website"},"primaryImageOfPage":{"@id":"https:\/\/www.ghostysky.com\/product\/unitree-go2-servo-robotic-arm\/#primaryimage"},"image":{"@id":"https:\/\/www.ghostysky.com\/product\/unitree-go2-servo-robotic-arm\/#primaryimage"},"thumbnailUrl":"https:\/\/www.ghostysky.com\/wp-content\/uploads\/2025\/10\/GH_Go2-Servo-Robotic-Arm_1.webp","datePublished":"2025-10-16T06:22:23+00:00","dateModified":"2025-10-16T06:22:52+00:00","description":"El brazo rob\u00f3tico servo Unitree Go2 (modelo D1) es un manipulador rob\u00f3tico de alto rendimiento y 6 grados de libertad (DOF) dise\u00f1ado para una integraci\u00f3n perfecta con el robot cuadr\u00fapedo Unitree Go2, ampliando significativamente su funcionalidad.","breadcrumb":{"@id":"https:\/\/www.ghostysky.com\/product\/unitree-go2-servo-robotic-arm\/#breadcrumb"},"inLanguage":"es","potentialAction":[{"@type":"ReadAction","target":["https:\/\/www.ghostysky.com\/product\/unitree-go2-servo-robotic-arm\/"]}]},{"@type":"ImageObject","inLanguage":"es","@id":"https:\/\/www.ghostysky.com\/product\/unitree-go2-servo-robotic-arm\/#primaryimage","url":"https:\/\/www.ghostysky.com\/wp-content\/uploads\/2025\/10\/GH_Go2-Servo-Robotic-Arm_1.webp","contentUrl":"https:\/\/www.ghostysky.com\/wp-content\/uploads\/2025\/10\/GH_Go2-Servo-Robotic-Arm_1.webp","width":1000,"height":1000},{"@type":"BreadcrumbList","@id":"https:\/\/www.ghostysky.com\/product\/unitree-go2-servo-robotic-arm\/#breadcrumb","itemListElement":[{"@type":"ListItem","position":1,"name":"Home","item":"https:\/\/www.ghostysky.com\/"},{"@type":"ListItem","position":2,"name":"Shop","item":"https:\/\/www.ghostysky.com\/shop\/"},{"@type":"ListItem","position":3,"name":"Unitree Go2 Servo Robotic Arm"}]},{"@type":"WebSite","@id":"https:\/\/www.ghostysky.com\/#website","url":"https:\/\/www.ghostysky.com\/","name":"Ghostysky","description":"Entrega de drones y servicios profesionales","publisher":{"@id":"https:\/\/www.ghostysky.com\/#organization"},"potentialAction":[{"@type":"SearchAction","target":{"@type":"EntryPoint","urlTemplate":"https:\/\/www.ghostysky.com\/?s={search_term_string}"},"query-input":{"@type":"PropertyValueSpecification","valueRequired":true,"valueName":"search_term_string"}}],"inLanguage":"es"},{"@type":"Organization","@id":"https:\/\/www.ghostysky.com\/#organization","name":"Ghostysky","url":"https:\/\/www.ghostysky.com\/","logo":{"@type":"ImageObject","inLanguage":"es","@id":"https:\/\/www.ghostysky.com\/#\/schema\/logo\/image\/","url":"https:\/\/www.ghostysky.com\/wp-content\/uploads\/2020\/06\/cropped-ghostyskylogo_text_white2.png","contentUrl":"https:\/\/www.ghostysky.com\/wp-content\/uploads\/2020\/06\/cropped-ghostyskylogo_text_white2.png","width":169,"height":56,"caption":"Ghostysky"},"image":{"@id":"https:\/\/www.ghostysky.com\/#\/schema\/logo\/image\/"},"sameAs":["https:\/\/www.facebook.com\/people\/Ghostysky\/100057676170234\/","https:\/\/x.com\/Gh0stysky","https:\/\/www.linkedin.com\/company\/34739653","https:\/\/www.instagram.com\/gh0stysky"]}]}},"_links":{"self":[{"href":"https:\/\/www.ghostysky.com\/es\/wp-json\/wp\/v2\/product\/21272","targetHints":{"allow":["GET"]}}],"collection":[{"href":"https:\/\/www.ghostysky.com\/es\/wp-json\/wp\/v2\/product"}],"about":[{"href":"https:\/\/www.ghostysky.com\/es\/wp-json\/wp\/v2\/types\/product"}],"replies":[{"embeddable":true,"href":"https:\/\/www.ghostysky.com\/es\/wp-json\/wp\/v2\/comments?post=21272"}],"wp:featuredmedia":[{"embeddable":true,"href":"https:\/\/www.ghostysky.com\/es\/wp-json\/wp\/v2\/media\/21274"}],"wp:attachment":[{"href":"https:\/\/www.ghostysky.com\/es\/wp-json\/wp\/v2\/media?parent=21272"}],"wp:term":[{"taxonomy":"product_brand","embeddable":true,"href":"https:\/\/www.ghostysky.com\/es\/wp-json\/wp\/v2\/product_brand?post=21272"},{"taxonomy":"product_cat","embeddable":true,"href":"https:\/\/www.ghostysky.com\/es\/wp-json\/wp\/v2\/product_cat?post=21272"},{"taxonomy":"product_tag","embeddable":true,"href":"https:\/\/www.ghostysky.com\/es\/wp-json\/wp\/v2\/product_tag?post=21272"}],"curies":[{"name":"wp","href":"https:\/\/api.w.org\/{rel}","templated":true}]}}