{"id":21279,"date":"2025-10-16T06:30:38","date_gmt":"2025-10-16T06:30:38","guid":{"rendered":"https:\/\/www.ghostysky.com\/?post_type=product&#038;p=21279"},"modified":"2025-11-05T12:18:59","modified_gmt":"2025-11-05T12:18:59","slug":"go2-battery-long-range-version","status":"publish","type":"product","link":"https:\/\/www.ghostysky.com\/es\/product\/go2-battery-long-range-version\/","title":{"rendered":"Bater\u00eda Go2 (versi\u00f3n de largo alcance)"},"content":{"rendered":"<p><b>Caracter\u00edsticas y especificaciones principales:<\/b><\/p>\n<ul>\n<li><b>Resistencia extendida:<\/b> Proporciona un tiempo de funcionamiento significativamente m\u00e1s largo que la bater\u00eda est\u00e1ndar y, por lo general, ofrece <b>3 a 5 horas de funcionamiento continuo<\/b> (en comparaci\u00f3n con 1-2 horas para la versi\u00f3n est\u00e1ndar).<\/li>\n<li><b><span class=\"citation-890\">Alta capacidad:<\/span><\/b><span class=\"citation-890\"> Cuenta con una enorme <\/span><b><span class=\"citation-890\">15000 mAh<\/span><\/b><span class=\"citation-890\"> Capacidad nominal (miliamperios-hora) con <\/span><b><span class=\"citation-890\">432 Wh<\/span><\/b><span class=\"citation-890 citation-end-890\"> (vatios-hora) de energ\u00eda nominal, lo que garantiza un suministro de energ\u00eda robusto y sostenido.<\/span><\/li>\n<li><b>Gesti\u00f3n inteligente de energ\u00eda:<\/b><span class=\"citation-889\"> Equipado con el desarrollo propio de Unitree <\/span><b><span class=\"citation-889\">Sistema de gesti\u00f3n de bater\u00edas (BMS)<\/span><\/b><span class=\"citation-889 citation-end-889\">, que integra m\u00faltiples capas de protecci\u00f3n para mayor seguridad y longevidad.<\/span><\/li>\n<li><b>Funciones de seguridad integradas:<\/b> Incluye protecci\u00f3n contra:\n<ul>\n<li><span class=\"citation-888 citation-end-888\">Sobrecarga y sobredescarga<\/span><\/li>\n<li>Cortocircuitos<\/li>\n<li>Temperatura excesivamente alta\/baja<\/li>\n<li><span class=\"citation-887 citation-end-887\">Protecci\u00f3n de carga de equilibrio<\/span><\/li>\n<li>Protecci\u00f3n contra autodescarga del almacenamiento de la bater\u00eda<\/li>\n<\/ul>\n<\/li>\n<li><b>Detalles t\u00e9cnicos:<\/b>\n<ul>\n<li><b><span class=\"citation-886\">Voltaje nominal:<\/span><\/b><span class=\"citation-886 citation-end-886\"> CC 28,8 V<\/span><\/li>\n<li><b>Voltaje l\u00edmite de carga:<\/b> CC 33,6 V<\/li>\n<li><b>Soporte de carga r\u00e1pida:<\/b> Compatible con un cargador r\u00e1pido para un tiempo de carga reducido de aproximadamente <b>1,5 horas<\/b> (en comparaci\u00f3n con las 4 horas con un cargador est\u00e1ndar).<\/li>\n<\/ul>\n<\/li>\n<li><b>Especificaciones f\u00edsicas:<\/b>\n<ul>\n<li><b>Modelo:<\/b> BT2-06<\/li>\n<li><b><span class=\"citation-885\">Tama\u00f1o del producto:<\/span><\/b><span class=\"citation-885 citation-end-885\"> 120 mm x 80 mm x 182 mm<\/span><\/li>\n<\/ul>\n<\/li>\n<li><b><span class=\"citation-884\">Compatibilidad:<\/span><\/b><span class=\"citation-884 citation-end-884\"> Dise\u00f1ado espec\u00edficamente para una integraci\u00f3n perfecta con todas las versiones del robot cuadr\u00fapedo Unitree Go2.<\/span><\/li>\n<\/ul>\n<p>La bater\u00eda de largo alcance es el accesorio perfecto para profesionales y entusiastas que exigen el m\u00e1ximo tiempo en el campo, transformando su Go2 en un robot de ultra resistencia.<\/p>","protected":false},"excerpt":{"rendered":"<p>Libera todo el potencial de tu robot cuadr\u00fapedo Unitree Go2 con el software oficial <b>Paquete de bater\u00edas de largo alcance (BT2-06)<\/b>. <span class=\"citation-891 citation-end-891\">Dise\u00f1ada para operaciones prolongadas, esta actualizaci\u00f3n de potencia de alta capacidad es esencial para trabajo de campo, inspecciones prolongadas, proyectos de I+D y misiones remotas donde el m\u00e1ximo tiempo de actividad es crucial.<\/span><\/p>","protected":false},"featured_media":21278,"comment_status":"open","ping_status":"closed","template":"","meta":[],"product_brand":[1087],"product_cat":[1039,1037,1086],"product_tag":[1088,1094,1096],"class_list":{"0":"post-21279","1":"product","2":"type-product","3":"status-publish","4":"has-post-thumbnail","6":"product_brand-unitree","7":"product_cat-quadruped","8":"product_cat-robotics","9":"product_cat-unitree-quad-accessories","10":"product_tag-unitree","11":"product_tag-unitree-go2-accessories","12":"product_tag-unitree-series","14":"first","15":"instock","16":"taxable","17":"shipping-taxable","18":"purchasable","19":"product-type-simple"},"yoast_head":"<!-- This site is optimized with the Yoast SEO plugin v27.4 - https:\/\/yoast.com\/product\/yoast-seo-wordpress\/ -->\n<title>Go2 battery (long range version) - Ghostysky<\/title>\n<meta name=\"description\" content=\"Unleash the full potential of your Unitree Go2 quadruped robot with the official Long Range Battery Pack (BT2-06). Engineered for extended operations, this high-capacity power upgrade is essential for fieldwork, extended inspections, R&amp;D projects, and remote missions where maximum uptime is crucial.\" \/>\n<meta name=\"robots\" content=\"index, follow, max-snippet:-1, max-image-preview:large, max-video-preview:-1\" \/>\n<link rel=\"canonical\" href=\"https:\/\/www.ghostysky.com\/es\/producto-2\/go2-battery-long-range-version\/\" \/>\n<meta property=\"og:locale\" content=\"es_ES\" \/>\n<meta property=\"og:type\" content=\"article\" \/>\n<meta property=\"og:title\" content=\"Go2 battery (long range version) - Ghostysky\" \/>\n<meta property=\"og:description\" content=\"Unleash the full potential of your Unitree Go2 quadruped robot with the official Long Range Battery Pack (BT2-06). Engineered for extended operations, this high-capacity power upgrade is essential for fieldwork, extended inspections, R&amp;D projects, and remote missions where maximum uptime is crucial.\" \/>\n<meta property=\"og:url\" content=\"https:\/\/www.ghostysky.com\/es\/producto-2\/go2-battery-long-range-version\/\" \/>\n<meta property=\"og:site_name\" content=\"Ghostysky\" \/>\n<meta property=\"article:publisher\" content=\"https:\/\/www.facebook.com\/people\/Ghostysky\/100057676170234\/\" \/>\n<meta property=\"article:modified_time\" content=\"2025-11-05T12:18:59+00:00\" \/>\n<meta property=\"og:image\" content=\"https:\/\/www.ghostysky.com\/wp-content\/uploads\/2025\/10\/GH_Go2-battery-standard-version_1.jpg\" \/>\n\t<meta property=\"og:image:width\" content=\"800\" \/>\n\t<meta property=\"og:image:height\" content=\"800\" \/>\n\t<meta property=\"og:image:type\" content=\"image\/jpeg\" \/>\n<meta name=\"twitter:card\" content=\"summary_large_image\" \/>\n<meta name=\"twitter:site\" content=\"@Gh0stysky\" \/>\n<meta name=\"twitter:label1\" content=\"Tiempo de lectura\" \/>\n\t<meta name=\"twitter:data1\" content=\"2 minutos\" \/>\n<script type=\"application\/ld+json\" class=\"yoast-schema-graph\">{\"@context\":\"https:\\\/\\\/schema.org\",\"@graph\":[{\"@type\":\"WebPage\",\"@id\":\"https:\\\/\\\/www.ghostysky.com\\\/product\\\/go2-battery-long-range-version\\\/\",\"url\":\"https:\\\/\\\/www.ghostysky.com\\\/product\\\/go2-battery-long-range-version\\\/\",\"name\":\"Go2 battery (long range version) - Ghostysky\",\"isPartOf\":{\"@id\":\"https:\\\/\\\/www.ghostysky.com\\\/#website\"},\"primaryImageOfPage\":{\"@id\":\"https:\\\/\\\/www.ghostysky.com\\\/product\\\/go2-battery-long-range-version\\\/#primaryimage\"},\"image\":{\"@id\":\"https:\\\/\\\/www.ghostysky.com\\\/product\\\/go2-battery-long-range-version\\\/#primaryimage\"},\"thumbnailUrl\":\"https:\\\/\\\/www.ghostysky.com\\\/wp-content\\\/uploads\\\/2025\\\/10\\\/GH_Go2-battery-standard-version_1.jpg\",\"datePublished\":\"2025-10-16T06:30:38+00:00\",\"dateModified\":\"2025-11-05T12:18:59+00:00\",\"description\":\"Unleash the full potential of your Unitree Go2 quadruped robot with the official Long Range Battery Pack (BT2-06). Engineered for extended operations, this high-capacity power upgrade is essential for fieldwork, extended inspections, R&D projects, and remote missions where maximum uptime is crucial.\",\"breadcrumb\":{\"@id\":\"https:\\\/\\\/www.ghostysky.com\\\/product\\\/go2-battery-long-range-version\\\/#breadcrumb\"},\"inLanguage\":\"es\",\"potentialAction\":[{\"@type\":\"ReadAction\",\"target\":[\"https:\\\/\\\/www.ghostysky.com\\\/product\\\/go2-battery-long-range-version\\\/\"]}]},{\"@type\":\"ImageObject\",\"inLanguage\":\"es\",\"@id\":\"https:\\\/\\\/www.ghostysky.com\\\/product\\\/go2-battery-long-range-version\\\/#primaryimage\",\"url\":\"https:\\\/\\\/www.ghostysky.com\\\/wp-content\\\/uploads\\\/2025\\\/10\\\/GH_Go2-battery-standard-version_1.jpg\",\"contentUrl\":\"https:\\\/\\\/www.ghostysky.com\\\/wp-content\\\/uploads\\\/2025\\\/10\\\/GH_Go2-battery-standard-version_1.jpg\",\"width\":800,\"height\":800},{\"@type\":\"BreadcrumbList\",\"@id\":\"https:\\\/\\\/www.ghostysky.com\\\/product\\\/go2-battery-long-range-version\\\/#breadcrumb\",\"itemListElement\":[{\"@type\":\"ListItem\",\"position\":1,\"name\":\"Home\",\"item\":\"https:\\\/\\\/www.ghostysky.com\\\/\"},{\"@type\":\"ListItem\",\"position\":2,\"name\":\"Shop\",\"item\":\"https:\\\/\\\/www.ghostysky.com\\\/shop\\\/\"},{\"@type\":\"ListItem\",\"position\":3,\"name\":\"Go2 battery (long range version)\"}]},{\"@type\":\"WebSite\",\"@id\":\"https:\\\/\\\/www.ghostysky.com\\\/#website\",\"url\":\"https:\\\/\\\/www.ghostysky.com\\\/\",\"name\":\"Ghostysky\",\"description\":\"Delivering professional drones and robotics solutions\",\"publisher\":{\"@id\":\"https:\\\/\\\/www.ghostysky.com\\\/#organization\"},\"potentialAction\":[{\"@type\":\"SearchAction\",\"target\":{\"@type\":\"EntryPoint\",\"urlTemplate\":\"https:\\\/\\\/www.ghostysky.com\\\/?s={search_term_string}\"},\"query-input\":{\"@type\":\"PropertyValueSpecification\",\"valueRequired\":true,\"valueName\":\"search_term_string\"}}],\"inLanguage\":\"es\"},{\"@type\":\"Organization\",\"@id\":\"https:\\\/\\\/www.ghostysky.com\\\/#organization\",\"name\":\"Ghostysky\",\"url\":\"https:\\\/\\\/www.ghostysky.com\\\/\",\"logo\":{\"@type\":\"ImageObject\",\"inLanguage\":\"es\",\"@id\":\"https:\\\/\\\/www.ghostysky.com\\\/#\\\/schema\\\/logo\\\/image\\\/\",\"url\":\"https:\\\/\\\/www.ghostysky.com\\\/wp-content\\\/uploads\\\/2020\\\/06\\\/cropped-ghostyskylogo_text_white2.png\",\"contentUrl\":\"https:\\\/\\\/www.ghostysky.com\\\/wp-content\\\/uploads\\\/2020\\\/06\\\/cropped-ghostyskylogo_text_white2.png\",\"width\":169,\"height\":56,\"caption\":\"Ghostysky\"},\"image\":{\"@id\":\"https:\\\/\\\/www.ghostysky.com\\\/#\\\/schema\\\/logo\\\/image\\\/\"},\"sameAs\":[\"https:\\\/\\\/www.facebook.com\\\/people\\\/Ghostysky\\\/100057676170234\\\/\",\"https:\\\/\\\/x.com\\\/Gh0stysky\",\"https:\\\/\\\/www.linkedin.com\\\/company\\\/34739653\",\"https:\\\/\\\/www.instagram.com\\\/gh0stysky\"]}]}<\/script>\n<!-- \/ Yoast SEO plugin. -->","yoast_head_json":{"title":"Bater\u00eda Go2 (versi\u00f3n de largo alcance) - Ghostysky","description":"Libere todo el potencial de su robot cuadr\u00fapedo Unitree Go2 con la bater\u00eda oficial de largo alcance (BT2-06). Dise\u00f1ada para operaciones prolongadas, esta actualizaci\u00f3n de alta capacidad es esencial para trabajo de campo, inspecciones prolongadas, proyectos de I+D y misiones remotas donde la m\u00e1xima autonom\u00eda es crucial.","robots":{"index":"index","follow":"follow","max-snippet":"max-snippet:-1","max-image-preview":"max-image-preview:large","max-video-preview":"max-video-preview:-1"},"canonical":"https:\/\/www.ghostysky.com\/es\/producto-2\/go2-battery-long-range-version\/","og_locale":"es_ES","og_type":"article","og_title":"Go2 battery (long range version) - Ghostysky","og_description":"Unleash the full potential of your Unitree Go2 quadruped robot with the official Long Range Battery Pack (BT2-06). Engineered for extended operations, this high-capacity power upgrade is essential for fieldwork, extended inspections, R&D projects, and remote missions where maximum uptime is crucial.","og_url":"https:\/\/www.ghostysky.com\/es\/producto-2\/go2-battery-long-range-version\/","og_site_name":"Ghostysky","article_publisher":"https:\/\/www.facebook.com\/people\/Ghostysky\/100057676170234\/","article_modified_time":"2025-11-05T12:18:59+00:00","og_image":[{"width":800,"height":800,"url":"https:\/\/www.ghostysky.com\/wp-content\/uploads\/2025\/10\/GH_Go2-battery-standard-version_1.jpg","type":"image\/jpeg"}],"twitter_card":"summary_large_image","twitter_site":"@Gh0stysky","twitter_misc":{"Tiempo de lectura":"2 minutos"},"schema":{"@context":"https:\/\/schema.org","@graph":[{"@type":"WebPage","@id":"https:\/\/www.ghostysky.com\/product\/go2-battery-long-range-version\/","url":"https:\/\/www.ghostysky.com\/product\/go2-battery-long-range-version\/","name":"Bater\u00eda Go2 (versi\u00f3n de largo alcance) - Ghostysky","isPartOf":{"@id":"https:\/\/www.ghostysky.com\/#website"},"primaryImageOfPage":{"@id":"https:\/\/www.ghostysky.com\/product\/go2-battery-long-range-version\/#primaryimage"},"image":{"@id":"https:\/\/www.ghostysky.com\/product\/go2-battery-long-range-version\/#primaryimage"},"thumbnailUrl":"https:\/\/www.ghostysky.com\/wp-content\/uploads\/2025\/10\/GH_Go2-battery-standard-version_1.jpg","datePublished":"2025-10-16T06:30:38+00:00","dateModified":"2025-11-05T12:18:59+00:00","description":"Libere todo el potencial de su robot cuadr\u00fapedo Unitree Go2 con la bater\u00eda oficial de largo alcance (BT2-06). Dise\u00f1ada para operaciones prolongadas, esta actualizaci\u00f3n de alta capacidad es esencial para trabajo de campo, inspecciones prolongadas, proyectos de I+D y misiones remotas donde la m\u00e1xima autonom\u00eda es crucial.","breadcrumb":{"@id":"https:\/\/www.ghostysky.com\/product\/go2-battery-long-range-version\/#breadcrumb"},"inLanguage":"es","potentialAction":[{"@type":"ReadAction","target":["https:\/\/www.ghostysky.com\/product\/go2-battery-long-range-version\/"]}]},{"@type":"ImageObject","inLanguage":"es","@id":"https:\/\/www.ghostysky.com\/product\/go2-battery-long-range-version\/#primaryimage","url":"https:\/\/www.ghostysky.com\/wp-content\/uploads\/2025\/10\/GH_Go2-battery-standard-version_1.jpg","contentUrl":"https:\/\/www.ghostysky.com\/wp-content\/uploads\/2025\/10\/GH_Go2-battery-standard-version_1.jpg","width":800,"height":800},{"@type":"BreadcrumbList","@id":"https:\/\/www.ghostysky.com\/product\/go2-battery-long-range-version\/#breadcrumb","itemListElement":[{"@type":"ListItem","position":1,"name":"Home","item":"https:\/\/www.ghostysky.com\/"},{"@type":"ListItem","position":2,"name":"Shop","item":"https:\/\/www.ghostysky.com\/shop\/"},{"@type":"ListItem","position":3,"name":"Go2 battery (long range version)"}]},{"@type":"WebSite","@id":"https:\/\/www.ghostysky.com\/#website","url":"https:\/\/www.ghostysky.com\/","name":"Ghostysky","description":"Ofrecemos soluciones profesionales de drones y rob\u00f3tica.","publisher":{"@id":"https:\/\/www.ghostysky.com\/#organization"},"potentialAction":[{"@type":"SearchAction","target":{"@type":"EntryPoint","urlTemplate":"https:\/\/www.ghostysky.com\/?s={search_term_string}"},"query-input":{"@type":"PropertyValueSpecification","valueRequired":true,"valueName":"search_term_string"}}],"inLanguage":"es"},{"@type":"Organization","@id":"https:\/\/www.ghostysky.com\/#organization","name":"Ghostysky","url":"https:\/\/www.ghostysky.com\/","logo":{"@type":"ImageObject","inLanguage":"es","@id":"https:\/\/www.ghostysky.com\/#\/schema\/logo\/image\/","url":"https:\/\/www.ghostysky.com\/wp-content\/uploads\/2020\/06\/cropped-ghostyskylogo_text_white2.png","contentUrl":"https:\/\/www.ghostysky.com\/wp-content\/uploads\/2020\/06\/cropped-ghostyskylogo_text_white2.png","width":169,"height":56,"caption":"Ghostysky"},"image":{"@id":"https:\/\/www.ghostysky.com\/#\/schema\/logo\/image\/"},"sameAs":["https:\/\/www.facebook.com\/people\/Ghostysky\/100057676170234\/","https:\/\/x.com\/Gh0stysky","https:\/\/www.linkedin.com\/company\/34739653","https:\/\/www.instagram.com\/gh0stysky"]}]}},"_links":{"self":[{"href":"https:\/\/www.ghostysky.com\/es\/wp-json\/wp\/v2\/product\/21279","targetHints":{"allow":["GET"]}}],"collection":[{"href":"https:\/\/www.ghostysky.com\/es\/wp-json\/wp\/v2\/product"}],"about":[{"href":"https:\/\/www.ghostysky.com\/es\/wp-json\/wp\/v2\/types\/product"}],"replies":[{"embeddable":true,"href":"https:\/\/www.ghostysky.com\/es\/wp-json\/wp\/v2\/comments?post=21279"}],"version-history":[{"count":0,"href":"https:\/\/www.ghostysky.com\/es\/wp-json\/wp\/v2\/product\/21279\/revisions"}],"wp:featuredmedia":[{"embeddable":true,"href":"https:\/\/www.ghostysky.com\/es\/wp-json\/wp\/v2\/media\/21278"}],"wp:attachment":[{"href":"https:\/\/www.ghostysky.com\/es\/wp-json\/wp\/v2\/media?parent=21279"}],"wp:term":[{"taxonomy":"product_brand","embeddable":true,"href":"https:\/\/www.ghostysky.com\/es\/wp-json\/wp\/v2\/product_brand?post=21279"},{"taxonomy":"product_cat","embeddable":true,"href":"https:\/\/www.ghostysky.com\/es\/wp-json\/wp\/v2\/product_cat?post=21279"},{"taxonomy":"product_tag","embeddable":true,"href":"https:\/\/www.ghostysky.com\/es\/wp-json\/wp\/v2\/product_tag?post=21279"}],"curies":[{"name":"wp","href":"https:\/\/api.w.org\/{rel}","templated":true}]}}