{"id":21280,"date":"2025-10-16T06:33:59","date_gmt":"2025-10-16T06:33:59","guid":{"rendered":"https:\/\/www.ghostysky.com\/?post_type=product&#038;p=21280"},"modified":"2025-10-16T06:39:32","modified_gmt":"2025-10-16T06:39:32","slug":"unitree-go2-battery-charger-standard-charge-version","status":"publish","type":"product","link":"https:\/\/www.ghostysky.com\/es\/product\/unitree-go2-battery-charger-standard-charge-version\/","title":{"rendered":"Cargador de bater\u00eda Unitree Go2 (versi\u00f3n de carga est\u00e1ndar)"},"content":{"rendered":"<div id=\"model-response-message-contentr_eca1ee9a5853af87\" class=\"markdown markdown-main-panel stronger enable-updated-hr-color\" dir=\"ltr\">\n<h3><b>Caracter\u00edsticas clave<\/b><\/h3>\n<ul>\n<li><b>Compatibilidad de bater\u00eda Go2 dedicada:<\/b><span class=\"citation-924 citation-end-924\"> Dise\u00f1ado espec\u00edficamente para la bater\u00eda inteligente Unitree Go2 (versiones est\u00e1ndar y de larga duraci\u00f3n), garantiza un rendimiento de carga \u00f3ptimo y una buena salud de la bater\u00eda.<\/span><\/li>\n<li><b><span class=\"citation-923\">Rendimiento de carga confiable:<\/span><\/b><span class=\"citation-923 citation-end-923\"> Proporciona una salida de energ\u00eda estable esencial para mantener la longevidad y confiabilidad de la bater\u00eda de su robot avanzado.<\/span>\n<ul>\n<li><b><span class=\"citation-922\">Potencia de salida:<\/span><\/b> <span class=\"math-inline\" data-math=\"34.0 \\text{V}, 3.5 \\text{A}, 119.0 \\text{W}\"><span class=\"katex\"><span class=\"katex-html\" aria-hidden=\"true\"><span class=\"base\"><span class=\"mord\">34.0<\/span><span class=\"mord text\"><span class=\"mord\">V<\/span><\/span><span class=\"mpunct\">,<\/span><span class=\"mord\">3.5<\/span><span class=\"mord text\"><span class=\"mord\">A<\/span><\/span><span class=\"mpunct\">,<\/span><span class=\"mord\">119.0<\/span><span class=\"mord text\"><span class=\"mord\">O<\/span><\/span><\/span><\/span><\/span><\/span><\/li>\n<\/ul>\n<\/li>\n<li><b>Tiempos de carga est\u00e1ndar convenientes:<\/b>\n<ul>\n<li><b><span class=\"citation-921 citation-end-921\">Bater\u00eda est\u00e1ndar (8000 mAh):<\/span><\/b><span class=\"citation-920 citation-end-920\"> Aproximadamente <\/span><span class=\"math-inline\" data-math=\"\\mathbf{2}\"><span class=\"katex\"><span class=\"katex-html\" aria-hidden=\"true\"><span class=\"base\"><span class=\"mord mathbf\">2<\/span><\/span><\/span><\/span><\/span><span class=\"citation-919 citation-end-919\"> horas<\/span><\/li>\n<li><b>Bater\u00eda de larga duraci\u00f3n (15000 mAh):<\/b><span class=\"citation-918 citation-end-918\"> Aproximadamente <\/span><span class=\"math-inline\" data-math=\"\\mathbf{4}\"><span class=\"katex\"><span class=\"katex-html\" aria-hidden=\"true\"><span class=\"base\"><span class=\"mord mathbf\">4<\/span><\/span><\/span><\/span><\/span><span class=\"citation-917 citation-end-917\"> horas<\/span><\/li>\n<\/ul>\n<\/li>\n<li><b><span class=\"citation-916\">Protecci\u00f3n de alta seguridad:<\/span><\/b><span class=\"citation-916 citation-end-916\"> Funciona en conjunto con el sistema de gesti\u00f3n de bater\u00eda (BMS) desarrollado internamente por la bater\u00eda inteligente Go2 para ofrecer m\u00faltiples capas de seguridad, que incluyen:<\/span>\n<ul>\n<li>Protecci\u00f3n contra sobrecargas<\/li>\n<li><span class=\"citation-915 citation-end-915\">Protecci\u00f3n de la temperatura de carga<\/span><\/li>\n<li>Protecci\u00f3n de la corriente de carga<\/li>\n<li><span class=\"citation-914 citation-end-914\">Protecci\u00f3n contra cortocircuitos<\/span><\/li>\n<li><span class=\"citation-913 citation-end-913\">Y m\u00e1s, garantizando la seguridad tanto de la bater\u00eda como del cargador.<\/span><\/li>\n<\/ul>\n<\/li>\n<li><b>Entrada universal:<\/b><span class=\"citation-912 citation-end-912\"> Admite una amplia gama de fuentes de alimentaci\u00f3n de entrada, lo que lo hace vers\u00e1til para uso internacional.<\/span>\n<ul>\n<li><b>Aporte:<\/b> <span class=\"math-inline\" data-math=\"100-240 \\text{V} \\sim 50\/60 \\text{Hz}, 4 \\text{A}, 350 \\text{VA}\"><span class=\"katex\"><span class=\"katex-html\" aria-hidden=\"true\"><span class=\"base\"><span class=\"mord\">100<\/span><span class=\"mbin\">\u2212<\/span><\/span><span class=\"base\"><span class=\"mord\">240<\/span><span class=\"mord text\"><span class=\"mord\">V<\/span><\/span><span class=\"mrel\">\u223c<\/span><\/span><span class=\"base\"><span class=\"mord\">50\/60<\/span><span class=\"mord text\"><span class=\"mord\">Hz<\/span><\/span><span class=\"mpunct\">,<\/span><span class=\"mord\">4<\/span><span class=\"mord text\"><span class=\"mord\">A<\/span><\/span><span class=\"mpunct\">,<\/span><span class=\"mord\">350<\/span><span class=\"mord text\"><span class=\"mord\">Virginia<\/span><\/span><\/span><\/span><\/span><\/span><\/li>\n<\/ul>\n<\/li>\n<li><b><span class=\"citation-910\">Dise\u00f1o port\u00e1til:<\/span><\/b><span class=\"citation-910 citation-end-910\"> Su peque\u00f1o tama\u00f1o y peso ligero hacen que sea f\u00e1cil de transportar con su robot Go2, lo que garantiza que siempre tendr\u00e1 una fuente de energ\u00eda confiable dondequiera que lo lleve su misi\u00f3n.<\/span>\n<ul>\n<li><b><span class=\"citation-909\">Tama\u00f1o del producto:<\/span><\/b> <span class=\"math-inline\" data-math=\"210 \\text{mm} \\times 108 \\text{mm} \\times 48.2 \\text{mm}\"><span class=\"katex\"><span class=\"katex-html\" aria-hidden=\"true\"><span class=\"base\"><span class=\"mord\">210<\/span><span class=\"mord text\"><span class=\"mord\">mil\u00edmetros<\/span><\/span><span class=\"mbin\">\u00d7<\/span><\/span><span class=\"base\"><span class=\"mord\">108<\/span><span class=\"mord text\"><span class=\"mord\">mil\u00edmetros<\/span><\/span><span class=\"mbin\">\u00d7<\/span><\/span><span class=\"base\"><span class=\"mord\">48.2<\/span><span class=\"mord text\"><span class=\"mord\">mil\u00edmetros<\/span><\/span><\/span><\/span><\/span><\/span><\/li>\n<\/ul>\n<\/li>\n<\/ul>\n<p>Mantenga su Unitree Go2 funcionando sin problemas con el cargador de bater\u00eda de versi\u00f3n de carga est\u00e1ndar genuino y de alta calidad.<\/p>\n<\/div>","protected":false},"excerpt":{"rendered":"<p>El cargador de bater\u00eda Unitree Go2 (versi\u00f3n de carga est\u00e1ndar) es la soluci\u00f3n de energ\u00eda esencial y dedicada, dise\u00f1ada para recargar de manera confiable y segura las bater\u00edas inteligentes de su robot cuadr\u00fapedo Unitree Go2. <span class=\"citation-925 citation-end-925\">Con un dise\u00f1o compacto, liviano y port\u00e1til, este cargador garantiza que su robot mantenga el m\u00e1ximo tiempo de funcionamiento con energ\u00eda estable y constante.<\/span><\/p>","protected":false},"featured_media":21283,"comment_status":"open","ping_status":"closed","template":"","meta":[],"product_brand":[1087],"product_cat":[1039,1037,1086],"product_tag":[1088,1094,1092],"class_list":{"0":"post-21280","1":"product","2":"type-product","3":"status-publish","4":"has-post-thumbnail","6":"product_brand-unitree","7":"product_cat-quadruped","8":"product_cat-robotics","9":"product_cat-unitree-quad-accessories","10":"product_tag-unitree","11":"product_tag-unitree-go2-accessories","12":"product_tag-unitree-go2-series","14":"first","15":"onbackorder","16":"taxable","17":"shipping-taxable","18":"purchasable","19":"product-type-simple"},"yoast_head":"<!-- This site is optimized with the Yoast SEO plugin v27.1.1 - https:\/\/yoast.com\/product\/yoast-seo-wordpress\/ -->\n<title>Unitree Go2 Battery Charger (standard charge version) - Ghostysky<\/title>\n<meta name=\"description\" content=\"The Unitree Go2 Battery Charger (Standard Charge Version) is the essential, dedicated power solution designed to reliably and safely recharge your Unitree Go2 quadruped robot&#039;s smart batteries. Featuring a compact, lightweight, and portable design, this charger ensures your robot maintains maximum uptime with stable, consistent power.\" \/>\n<meta name=\"robots\" content=\"index, follow, max-snippet:-1, max-image-preview:large, max-video-preview:-1\" \/>\n<link rel=\"canonical\" href=\"https:\/\/www.ghostysky.com\/es\/producto-2\/unitree-go2-battery-charger-standard-charge-version\/\" \/>\n<meta property=\"og:locale\" content=\"es_ES\" \/>\n<meta property=\"og:type\" content=\"article\" \/>\n<meta property=\"og:title\" content=\"Unitree Go2 Battery Charger (standard charge version) - Ghostysky\" \/>\n<meta property=\"og:description\" content=\"The Unitree Go2 Battery Charger (Standard Charge Version) is the essential, dedicated power solution designed to reliably and safely recharge your Unitree Go2 quadruped robot&#039;s smart batteries. Featuring a compact, lightweight, and portable design, this charger ensures your robot maintains maximum uptime with stable, consistent power.\" \/>\n<meta property=\"og:url\" content=\"https:\/\/www.ghostysky.com\/es\/producto-2\/unitree-go2-battery-charger-standard-charge-version\/\" \/>\n<meta property=\"og:site_name\" content=\"Ghostysky\" \/>\n<meta property=\"article:publisher\" content=\"https:\/\/www.facebook.com\/people\/Ghostysky\/100057676170234\/\" \/>\n<meta property=\"article:modified_time\" content=\"2025-10-16T06:39:32+00:00\" \/>\n<meta property=\"og:image\" content=\"https:\/\/www.ghostysky.com\/wp-content\/uploads\/2025\/10\/GH_Go2-Battery-Charger-standard-charge-version_1.jpg\" \/>\n\t<meta property=\"og:image:width\" content=\"800\" \/>\n\t<meta property=\"og:image:height\" content=\"800\" \/>\n\t<meta property=\"og:image:type\" content=\"image\/jpeg\" \/>\n<meta name=\"twitter:card\" content=\"summary_large_image\" \/>\n<meta name=\"twitter:site\" content=\"@Gh0stysky\" \/>\n<meta name=\"twitter:label1\" content=\"Tiempo de lectura\" \/>\n\t<meta name=\"twitter:data1\" content=\"2 minutos\" \/>\n<script type=\"application\/ld+json\" class=\"yoast-schema-graph\">{\"@context\":\"https:\/\/schema.org\",\"@graph\":[{\"@type\":\"WebPage\",\"@id\":\"https:\/\/www.ghostysky.com\/product\/unitree-go2-battery-charger-standard-charge-version\/\",\"url\":\"https:\/\/www.ghostysky.com\/product\/unitree-go2-battery-charger-standard-charge-version\/\",\"name\":\"Unitree Go2 Battery Charger (standard charge version) - Ghostysky\",\"isPartOf\":{\"@id\":\"https:\/\/www.ghostysky.com\/#website\"},\"primaryImageOfPage\":{\"@id\":\"https:\/\/www.ghostysky.com\/product\/unitree-go2-battery-charger-standard-charge-version\/#primaryimage\"},\"image\":{\"@id\":\"https:\/\/www.ghostysky.com\/product\/unitree-go2-battery-charger-standard-charge-version\/#primaryimage\"},\"thumbnailUrl\":\"https:\/\/www.ghostysky.com\/wp-content\/uploads\/2025\/10\/GH_Go2-Battery-Charger-standard-charge-version_1.jpg\",\"datePublished\":\"2025-10-16T06:33:59+00:00\",\"dateModified\":\"2025-10-16T06:39:32+00:00\",\"description\":\"The Unitree Go2 Battery Charger (Standard Charge Version) is the essential, dedicated power solution designed to reliably and safely recharge your Unitree Go2 quadruped robot's smart batteries. Featuring a compact, lightweight, and portable design, this charger ensures your robot maintains maximum uptime with stable, consistent power.\",\"breadcrumb\":{\"@id\":\"https:\/\/www.ghostysky.com\/product\/unitree-go2-battery-charger-standard-charge-version\/#breadcrumb\"},\"inLanguage\":\"es\",\"potentialAction\":[{\"@type\":\"ReadAction\",\"target\":[\"https:\/\/www.ghostysky.com\/product\/unitree-go2-battery-charger-standard-charge-version\/\"]}]},{\"@type\":\"ImageObject\",\"inLanguage\":\"es\",\"@id\":\"https:\/\/www.ghostysky.com\/product\/unitree-go2-battery-charger-standard-charge-version\/#primaryimage\",\"url\":\"https:\/\/www.ghostysky.com\/wp-content\/uploads\/2025\/10\/GH_Go2-Battery-Charger-standard-charge-version_1.jpg\",\"contentUrl\":\"https:\/\/www.ghostysky.com\/wp-content\/uploads\/2025\/10\/GH_Go2-Battery-Charger-standard-charge-version_1.jpg\",\"width\":800,\"height\":800},{\"@type\":\"BreadcrumbList\",\"@id\":\"https:\/\/www.ghostysky.com\/product\/unitree-go2-battery-charger-standard-charge-version\/#breadcrumb\",\"itemListElement\":[{\"@type\":\"ListItem\",\"position\":1,\"name\":\"Home\",\"item\":\"https:\/\/www.ghostysky.com\/\"},{\"@type\":\"ListItem\",\"position\":2,\"name\":\"Shop\",\"item\":\"https:\/\/www.ghostysky.com\/shop\/\"},{\"@type\":\"ListItem\",\"position\":3,\"name\":\"Unitree Go2 Battery Charger (standard charge version)\"}]},{\"@type\":\"WebSite\",\"@id\":\"https:\/\/www.ghostysky.com\/#website\",\"url\":\"https:\/\/www.ghostysky.com\/\",\"name\":\"Ghostysky\",\"description\":\"Delivering professional drones and services\",\"publisher\":{\"@id\":\"https:\/\/www.ghostysky.com\/#organization\"},\"potentialAction\":[{\"@type\":\"SearchAction\",\"target\":{\"@type\":\"EntryPoint\",\"urlTemplate\":\"https:\/\/www.ghostysky.com\/?s={search_term_string}\"},\"query-input\":{\"@type\":\"PropertyValueSpecification\",\"valueRequired\":true,\"valueName\":\"search_term_string\"}}],\"inLanguage\":\"es\"},{\"@type\":\"Organization\",\"@id\":\"https:\/\/www.ghostysky.com\/#organization\",\"name\":\"Ghostysky\",\"url\":\"https:\/\/www.ghostysky.com\/\",\"logo\":{\"@type\":\"ImageObject\",\"inLanguage\":\"es\",\"@id\":\"https:\/\/www.ghostysky.com\/#\/schema\/logo\/image\/\",\"url\":\"https:\/\/www.ghostysky.com\/wp-content\/uploads\/2020\/06\/cropped-ghostyskylogo_text_white2.png\",\"contentUrl\":\"https:\/\/www.ghostysky.com\/wp-content\/uploads\/2020\/06\/cropped-ghostyskylogo_text_white2.png\",\"width\":169,\"height\":56,\"caption\":\"Ghostysky\"},\"image\":{\"@id\":\"https:\/\/www.ghostysky.com\/#\/schema\/logo\/image\/\"},\"sameAs\":[\"https:\/\/www.facebook.com\/people\/Ghostysky\/100057676170234\/\",\"https:\/\/x.com\/Gh0stysky\",\"https:\/\/www.linkedin.com\/company\/34739653\",\"https:\/\/www.instagram.com\/gh0stysky\"]}]}<\/script>\n<!-- \/ Yoast SEO plugin. -->","yoast_head_json":{"title":"Cargador de bater\u00eda Unitree Go2 (versi\u00f3n de carga est\u00e1ndar) - Ghostysky","description":"El cargador de bater\u00eda Unitree Go2 (versi\u00f3n de carga est\u00e1ndar) es la soluci\u00f3n de alimentaci\u00f3n esencial y dedicada, dise\u00f1ada para recargar de forma fiable y segura las bater\u00edas inteligentes de su robot cuadr\u00fapedo Unitree Go2. Con un dise\u00f1o compacto, ligero y port\u00e1til, este cargador garantiza que su robot mantenga el m\u00e1ximo tiempo de funcionamiento con una alimentaci\u00f3n estable y constante.","robots":{"index":"index","follow":"follow","max-snippet":"max-snippet:-1","max-image-preview":"max-image-preview:large","max-video-preview":"max-video-preview:-1"},"canonical":"https:\/\/www.ghostysky.com\/es\/producto-2\/unitree-go2-battery-charger-standard-charge-version\/","og_locale":"es_ES","og_type":"article","og_title":"Unitree Go2 Battery Charger (standard charge version) - Ghostysky","og_description":"The Unitree Go2 Battery Charger (Standard Charge Version) is the essential, dedicated power solution designed to reliably and safely recharge your Unitree Go2 quadruped robot's smart batteries. Featuring a compact, lightweight, and portable design, this charger ensures your robot maintains maximum uptime with stable, consistent power.","og_url":"https:\/\/www.ghostysky.com\/es\/producto-2\/unitree-go2-battery-charger-standard-charge-version\/","og_site_name":"Ghostysky","article_publisher":"https:\/\/www.facebook.com\/people\/Ghostysky\/100057676170234\/","article_modified_time":"2025-10-16T06:39:32+00:00","og_image":[{"width":800,"height":800,"url":"https:\/\/www.ghostysky.com\/wp-content\/uploads\/2025\/10\/GH_Go2-Battery-Charger-standard-charge-version_1.jpg","type":"image\/jpeg"}],"twitter_card":"summary_large_image","twitter_site":"@Gh0stysky","twitter_misc":{"Tiempo de lectura":"2 minutos"},"schema":{"@context":"https:\/\/schema.org","@graph":[{"@type":"WebPage","@id":"https:\/\/www.ghostysky.com\/product\/unitree-go2-battery-charger-standard-charge-version\/","url":"https:\/\/www.ghostysky.com\/product\/unitree-go2-battery-charger-standard-charge-version\/","name":"Cargador de bater\u00eda Unitree Go2 (versi\u00f3n de carga est\u00e1ndar) - Ghostysky","isPartOf":{"@id":"https:\/\/www.ghostysky.com\/#website"},"primaryImageOfPage":{"@id":"https:\/\/www.ghostysky.com\/product\/unitree-go2-battery-charger-standard-charge-version\/#primaryimage"},"image":{"@id":"https:\/\/www.ghostysky.com\/product\/unitree-go2-battery-charger-standard-charge-version\/#primaryimage"},"thumbnailUrl":"https:\/\/www.ghostysky.com\/wp-content\/uploads\/2025\/10\/GH_Go2-Battery-Charger-standard-charge-version_1.jpg","datePublished":"2025-10-16T06:33:59+00:00","dateModified":"2025-10-16T06:39:32+00:00","description":"El cargador de bater\u00eda Unitree Go2 (versi\u00f3n de carga est\u00e1ndar) es la soluci\u00f3n de alimentaci\u00f3n esencial y dedicada, dise\u00f1ada para recargar de forma fiable y segura las bater\u00edas inteligentes de su robot cuadr\u00fapedo Unitree Go2. Con un dise\u00f1o compacto, ligero y port\u00e1til, este cargador garantiza que su robot mantenga el m\u00e1ximo tiempo de funcionamiento con una alimentaci\u00f3n estable y constante.","breadcrumb":{"@id":"https:\/\/www.ghostysky.com\/product\/unitree-go2-battery-charger-standard-charge-version\/#breadcrumb"},"inLanguage":"es","potentialAction":[{"@type":"ReadAction","target":["https:\/\/www.ghostysky.com\/product\/unitree-go2-battery-charger-standard-charge-version\/"]}]},{"@type":"ImageObject","inLanguage":"es","@id":"https:\/\/www.ghostysky.com\/product\/unitree-go2-battery-charger-standard-charge-version\/#primaryimage","url":"https:\/\/www.ghostysky.com\/wp-content\/uploads\/2025\/10\/GH_Go2-Battery-Charger-standard-charge-version_1.jpg","contentUrl":"https:\/\/www.ghostysky.com\/wp-content\/uploads\/2025\/10\/GH_Go2-Battery-Charger-standard-charge-version_1.jpg","width":800,"height":800},{"@type":"BreadcrumbList","@id":"https:\/\/www.ghostysky.com\/product\/unitree-go2-battery-charger-standard-charge-version\/#breadcrumb","itemListElement":[{"@type":"ListItem","position":1,"name":"Home","item":"https:\/\/www.ghostysky.com\/"},{"@type":"ListItem","position":2,"name":"Shop","item":"https:\/\/www.ghostysky.com\/shop\/"},{"@type":"ListItem","position":3,"name":"Unitree Go2 Battery Charger (standard charge version)"}]},{"@type":"WebSite","@id":"https:\/\/www.ghostysky.com\/#website","url":"https:\/\/www.ghostysky.com\/","name":"Ghostysky","description":"Entrega de drones y servicios profesionales","publisher":{"@id":"https:\/\/www.ghostysky.com\/#organization"},"potentialAction":[{"@type":"SearchAction","target":{"@type":"EntryPoint","urlTemplate":"https:\/\/www.ghostysky.com\/?s={search_term_string}"},"query-input":{"@type":"PropertyValueSpecification","valueRequired":true,"valueName":"search_term_string"}}],"inLanguage":"es"},{"@type":"Organization","@id":"https:\/\/www.ghostysky.com\/#organization","name":"Ghostysky","url":"https:\/\/www.ghostysky.com\/","logo":{"@type":"ImageObject","inLanguage":"es","@id":"https:\/\/www.ghostysky.com\/#\/schema\/logo\/image\/","url":"https:\/\/www.ghostysky.com\/wp-content\/uploads\/2020\/06\/cropped-ghostyskylogo_text_white2.png","contentUrl":"https:\/\/www.ghostysky.com\/wp-content\/uploads\/2020\/06\/cropped-ghostyskylogo_text_white2.png","width":169,"height":56,"caption":"Ghostysky"},"image":{"@id":"https:\/\/www.ghostysky.com\/#\/schema\/logo\/image\/"},"sameAs":["https:\/\/www.facebook.com\/people\/Ghostysky\/100057676170234\/","https:\/\/x.com\/Gh0stysky","https:\/\/www.linkedin.com\/company\/34739653","https:\/\/www.instagram.com\/gh0stysky"]}]}},"_links":{"self":[{"href":"https:\/\/www.ghostysky.com\/es\/wp-json\/wp\/v2\/product\/21280","targetHints":{"allow":["GET"]}}],"collection":[{"href":"https:\/\/www.ghostysky.com\/es\/wp-json\/wp\/v2\/product"}],"about":[{"href":"https:\/\/www.ghostysky.com\/es\/wp-json\/wp\/v2\/types\/product"}],"replies":[{"embeddable":true,"href":"https:\/\/www.ghostysky.com\/es\/wp-json\/wp\/v2\/comments?post=21280"}],"wp:featuredmedia":[{"embeddable":true,"href":"https:\/\/www.ghostysky.com\/es\/wp-json\/wp\/v2\/media\/21283"}],"wp:attachment":[{"href":"https:\/\/www.ghostysky.com\/es\/wp-json\/wp\/v2\/media?parent=21280"}],"wp:term":[{"taxonomy":"product_brand","embeddable":true,"href":"https:\/\/www.ghostysky.com\/es\/wp-json\/wp\/v2\/product_brand?post=21280"},{"taxonomy":"product_cat","embeddable":true,"href":"https:\/\/www.ghostysky.com\/es\/wp-json\/wp\/v2\/product_cat?post=21280"},{"taxonomy":"product_tag","embeddable":true,"href":"https:\/\/www.ghostysky.com\/es\/wp-json\/wp\/v2\/product_tag?post=21280"}],"curies":[{"name":"wp","href":"https:\/\/api.w.org\/{rel}","templated":true}]}}