{"id":21287,"date":"2025-10-16T06:50:26","date_gmt":"2025-10-16T06:50:26","guid":{"rendered":"https:\/\/www.ghostysky.com\/?post_type=product&#038;p=21287"},"modified":"2025-10-16T06:51:01","modified_gmt":"2025-10-16T06:51:01","slug":"unitree-l1-pm-lidar-precision-measurement","status":"publish","type":"product","link":"https:\/\/www.ghostysky.com\/es\/product\/unitree-l1-pm-lidar-precision-measurement\/","title":{"rendered":"Unitree L1 PM LiDAR (Medici\u00f3n de precisi\u00f3n)"},"content":{"rendered":"<p><b>Caracter\u00edsticas clave:<\/b><\/p>\n<ul>\n<li><b>Escaneo ultra gran angular omnidireccional:<\/b><span class=\"citation-1063 citation-end-1063\"> Logra una forma casi hemisf\u00e9rica <sup class=\"superscript\" data-turn-source-index=\"3\">3<\/sup><\/span><b><span class=\"math-inline\" data-math=\"360^\\circ \\times 90^\\circ\">$360^\\circ \\veces 90^\\circ$<\/span><span class=\"citation-1062\"> Campo de visi\u00f3n (FOV)<\/span><\/b><span class=\"citation-1062 citation-end-1062\">, proporcionando una cobertura ambiental integral con puntos ciegos m\u00ednimos para una navegaci\u00f3n segura y eficaz.<\/span><\/li>\n<li><b>Medici\u00f3n de precisi\u00f3n:<\/b><span class=\"citation-1061\"> Proporciona datos confiables con una <\/span><b><span class=\"citation-1061 citation-end-1061\">precisi\u00f3n de la medici\u00f3n de <sup class=\"superscript\" data-turn-source-index=\"5\">5<\/sup><\/span><span class=\"math-inline\" data-math=\"\\pm2.0 \\text{ cm}\">$\\pm2.0 \\texto{ cm}$<\/span><\/b><span class=\"citation-1060 citation-end-1060\">.<\/span><\/li>\n<li><b><span class=\"citation-1059\">Excelente detecci\u00f3n a corta distancia:<\/span><\/b><span class=\"citation-1059\"> Cuenta con un dise\u00f1o ultrabaja <\/span><b><span class=\"citation-1059 citation-end-1059\">zona ciega cercana de solamente <sup class=\"superscript\" data-turn-source-index=\"7\">7<\/sup><\/span><span class=\"math-inline\" data-math=\"0.05 \\text{ m}\">$0.05 \\texto{ m}$<\/span><\/b><span class=\"citation-1058 citation-end-1058\">, lo que lo hace ideal para la detecci\u00f3n de proximidad y la navegaci\u00f3n en espacios restringidos.<\/span><\/li>\n<li><b>Distancia de escaneo efectiva:<\/b><span class=\"citation-1057 citation-end-1057\"> Ofrece una distancia m\u00e1xima de escaneo de <sup class=\"superscript\" data-turn-source-index=\"9\">9<\/sup><\/span><b><span class=\"math-inline\" data-math=\"20 \\text{ m}\">$20 \\texto{ m}$<\/span><\/b><span class=\"citation-1056 citation-end-1056\"> (en <sup class=\"superscript\" data-turn-source-index=\"10\">10<\/sup><\/span><span class=\"math-inline\" data-math=\"90\\%\">$90\\%$<\/span><span class=\"citation-1055 citation-end-1055\"> reflectividad) y <sup class=\"superscript\" data-turn-source-index=\"11\">11<\/sup><\/span><span class=\"math-inline\" data-math=\"10 \\text{ m}\">$10 \\texto{ m}$<\/span><span class=\"citation-1054 citation-end-1054\"> (en <sup class=\"superscript\" data-turn-source-index=\"12\">12<\/sup><\/span><span class=\"math-inline\" data-math=\"10\\%\">$10\\%$<\/span><span class=\"citation-1053 citation-end-1053\"> reflectividad).<\/span><\/li>\n<li><b>Alta velocidad de datos:<\/b><span class=\"citation-1052 citation-end-1052\"> Capaz de una frecuencia de muestreo efectiva de alta velocidad de <sup class=\"superscript\" data-turn-source-index=\"14\">14<\/sup><\/span><b><span class=\"math-inline\" data-math=\"21,600 \\text{ points\/s}\">$21,600 puntos de texto\/s $<\/span><\/b><span class=\"citation-1051 citation-end-1051\">, garantizando datos de nubes de puntos de alta densidad para un mapeo y reconocimiento detallados.<\/span><\/li>\n<li><b><span class=\"citation-1050\">IMU integrada:<\/span><\/b><span class=\"citation-1050\"> Incorporado <\/span><b><span class=\"citation-1050\">Aceleraci\u00f3n de 3 ejes y giroscopio de 3 ejes<\/span><\/b><span class=\"citation-1050 citation-end-1050\"> (IMU) admite algoritmos avanzados como SLAM (localizaci\u00f3n y mapeo simult\u00e1neos) utilizando solo la nube de puntos y los datos IMU.<\/span><\/li>\n<li><b><span class=\"citation-1049\">Dise\u00f1o compacto y ligero:<\/span><\/b><span class=\"citation-1049 citation-end-1049\"> Con un tama\u00f1o de <sup class=\"superscript\" data-turn-source-index=\"17\">17<\/sup><\/span><b><span class=\"math-inline\" data-math=\"75 \\times 75 \\times 65 \\text{ mm}\">$75 \\por 75 \\por 65 \\texto{ mm}$<\/span><\/b><span class=\"citation-1048 citation-end-1048\"> y pesando solo <sup class=\"superscript\" data-turn-source-index=\"18\">18<\/sup><\/span><b><span class=\"math-inline\" data-math=\"230 \\text{ g}\">$230 \\texto{ g}$<\/span><\/b><span class=\"citation-1047 citation-end-1047\">Es muy adecuado para una integraci\u00f3n flexible en plataformas m\u00f3viles peque\u00f1as y medianas.<\/span><\/li>\n<li><b>Rendimiento robusto:<\/b><span class=\"citation-1046 citation-end-1046\"> Cuenta con una capacidad antideslumbrante eficaz (<sup class=\"superscript\" data-turn-source-index=\"20\">20<\/sup><\/span><span class=\"math-inline\" data-math=\"&gt;100 \\text{ Klux}\">$&gt;100 \\texto{ Klux}$<\/span><span class=\"citation-1045\">) y resistencia a la luz ambiental compleja, lo que permite un alcance estable y un mapeo de alta precisi\u00f3n. <\/span><b><span class=\"citation-1045\">Interior y exterior<\/span><\/b><span class=\"citation-1045 citation-end-1045\">.<\/span><\/li>\n<li><b><span class=\"citation-1044\">Seguridad y versatilidad:<\/span><\/b><span class=\"citation-1044\"> Clasificado como <\/span><b><span class=\"citation-1044\">Clase 1<\/span><\/b><span class=\"citation-1044 citation-end-1044\"> Seguro para el ojo humano (IEC60825-1:2014) y capaz de detectar objetos desafiantes como el vidrio.<\/span><\/li>\n<\/ul>\n<p>El LiDAR Unitree L1 PM es una excelente opci\u00f3n para aplicaciones que requieren localizaci\u00f3n precisa, mapeo, evitaci\u00f3n de obst\u00e1culos y reconstrucci\u00f3n 3D en campos como:<\/p>\n<ul>\n<li><span class=\"citation-1043 citation-end-1043\">Robots m\u00f3viles aut\u00f3nomos (como los robots cuadr\u00fapedos de Unitree)<\/span><\/li>\n<li><span class=\"citation-1042 citation-end-1042\">Automatizaci\u00f3n de log\u00edstica y almacenamiento<\/span><\/li>\n<li><span class=\"citation-1041 citation-end-1041\">Industria y agricultura inteligentes<\/span><\/li>\n<li><span class=\"citation-1040 citation-end-1040\">Robots de barrido y limpieza<\/span><\/li>\n<li><span class=\"citation-1039 citation-end-1039\">patrullaje de seguridad<\/span><\/li>\n<\/ul>","protected":false},"excerpt":{"rendered":"<p><span class=\"citation-1065\">El <\/span><b><span class=\"citation-1065\">Unitree L1 PM LiDAR (Medici\u00f3n de precisi\u00f3n)<\/span><\/b><span class=\"citation-1065 citation-end-1065\"> es una soluci\u00f3n LiDAR 4D compacta y de alto rendimiento (posici\u00f3n 3D + escala de grises 1D) dise\u00f1ada para acelerar el desarrollo de robots m\u00f3viles de alto rendimiento.<\/span> <span class=\"citation-1064 citation-end-1064\">Espec\u00edficamente optimizado para aplicaciones de precisi\u00f3n, el modelo L1 PM ofrece una combinaci\u00f3n equilibrada de cobertura de gran angular y alta precisi\u00f3n.<\/span><\/p>","protected":false},"featured_media":21289,"comment_status":"open","ping_status":"closed","template":"","meta":[],"product_brand":[1087],"product_cat":[1039,1037,1086],"product_tag":[1088,1094,1092],"class_list":{"0":"post-21287","1":"product","2":"type-product","3":"status-publish","4":"has-post-thumbnail","6":"product_brand-unitree","7":"product_cat-quadruped","8":"product_cat-robotics","9":"product_cat-unitree-quad-accessories","10":"product_tag-unitree","11":"product_tag-unitree-go2-accessories","12":"product_tag-unitree-go2-series","14":"first","15":"onbackorder","16":"taxable","17":"shipping-taxable","18":"purchasable","19":"product-type-simple"},"yoast_head":"<!-- This site is optimized with the Yoast SEO plugin v27.1.1 - https:\/\/yoast.com\/product\/yoast-seo-wordpress\/ -->\n<title>Unitree L1 PM LiDAR (Precision Measurement) - Ghostysky<\/title>\n<meta name=\"description\" content=\"The Unitree L1 PM LiDAR (Precision Measurement) is a compact, high-performance 4D LiDAR (3D position + 1D grayscale) solution engineered to accelerate the development of high-performance mobile robots. Specifically optimized for precision applications, the L1 PM model offers a balanced combination of wide-angle coverage and high accuracy.\" \/>\n<meta name=\"robots\" content=\"index, follow, max-snippet:-1, max-image-preview:large, max-video-preview:-1\" \/>\n<link rel=\"canonical\" href=\"https:\/\/www.ghostysky.com\/es\/producto-2\/unitree-l1-pm-lidar-precision-measurement\/\" \/>\n<meta property=\"og:locale\" content=\"es_ES\" \/>\n<meta property=\"og:type\" content=\"article\" \/>\n<meta property=\"og:title\" content=\"Unitree L1 PM LiDAR (Precision Measurement) - Ghostysky\" \/>\n<meta property=\"og:description\" content=\"The Unitree L1 PM LiDAR (Precision Measurement) is a compact, high-performance 4D LiDAR (3D position + 1D grayscale) solution engineered to accelerate the development of high-performance mobile robots. Specifically optimized for precision applications, the L1 PM model offers a balanced combination of wide-angle coverage and high accuracy.\" \/>\n<meta property=\"og:url\" content=\"https:\/\/www.ghostysky.com\/es\/producto-2\/unitree-l1-pm-lidar-precision-measurement\/\" \/>\n<meta property=\"og:site_name\" content=\"Ghostysky\" \/>\n<meta property=\"article:publisher\" content=\"https:\/\/www.facebook.com\/people\/Ghostysky\/100057676170234\/\" \/>\n<meta property=\"article:modified_time\" content=\"2025-10-16T06:51:01+00:00\" \/>\n<meta property=\"og:image\" content=\"https:\/\/www.ghostysky.com\/wp-content\/uploads\/2025\/10\/GH_L1-PM-LiDAR-Precision-Measurement_1.jpg\" \/>\n\t<meta property=\"og:image:width\" content=\"225\" \/>\n\t<meta property=\"og:image:height\" content=\"225\" \/>\n\t<meta property=\"og:image:type\" content=\"image\/jpeg\" \/>\n<meta name=\"twitter:card\" content=\"summary_large_image\" \/>\n<meta name=\"twitter:site\" content=\"@Gh0stysky\" \/>\n<meta name=\"twitter:label1\" content=\"Tiempo de lectura\" \/>\n\t<meta name=\"twitter:data1\" content=\"2 minutos\" \/>\n<script type=\"application\/ld+json\" class=\"yoast-schema-graph\">{\"@context\":\"https:\/\/schema.org\",\"@graph\":[{\"@type\":\"WebPage\",\"@id\":\"https:\/\/www.ghostysky.com\/product\/unitree-l1-pm-lidar-precision-measurement\/\",\"url\":\"https:\/\/www.ghostysky.com\/product\/unitree-l1-pm-lidar-precision-measurement\/\",\"name\":\"Unitree L1 PM LiDAR (Precision Measurement) - Ghostysky\",\"isPartOf\":{\"@id\":\"https:\/\/www.ghostysky.com\/#website\"},\"primaryImageOfPage\":{\"@id\":\"https:\/\/www.ghostysky.com\/product\/unitree-l1-pm-lidar-precision-measurement\/#primaryimage\"},\"image\":{\"@id\":\"https:\/\/www.ghostysky.com\/product\/unitree-l1-pm-lidar-precision-measurement\/#primaryimage\"},\"thumbnailUrl\":\"https:\/\/www.ghostysky.com\/wp-content\/uploads\/2025\/10\/GH_L1-PM-LiDAR-Precision-Measurement_1.jpg\",\"datePublished\":\"2025-10-16T06:50:26+00:00\",\"dateModified\":\"2025-10-16T06:51:01+00:00\",\"description\":\"The Unitree L1 PM LiDAR (Precision Measurement) is a compact, high-performance 4D LiDAR (3D position + 1D grayscale) solution engineered to accelerate the development of high-performance mobile robots. Specifically optimized for precision applications, the L1 PM model offers a balanced combination of wide-angle coverage and high accuracy.\",\"breadcrumb\":{\"@id\":\"https:\/\/www.ghostysky.com\/product\/unitree-l1-pm-lidar-precision-measurement\/#breadcrumb\"},\"inLanguage\":\"es\",\"potentialAction\":[{\"@type\":\"ReadAction\",\"target\":[\"https:\/\/www.ghostysky.com\/product\/unitree-l1-pm-lidar-precision-measurement\/\"]}]},{\"@type\":\"ImageObject\",\"inLanguage\":\"es\",\"@id\":\"https:\/\/www.ghostysky.com\/product\/unitree-l1-pm-lidar-precision-measurement\/#primaryimage\",\"url\":\"https:\/\/www.ghostysky.com\/wp-content\/uploads\/2025\/10\/GH_L1-PM-LiDAR-Precision-Measurement_1.jpg\",\"contentUrl\":\"https:\/\/www.ghostysky.com\/wp-content\/uploads\/2025\/10\/GH_L1-PM-LiDAR-Precision-Measurement_1.jpg\",\"width\":225,\"height\":225},{\"@type\":\"BreadcrumbList\",\"@id\":\"https:\/\/www.ghostysky.com\/product\/unitree-l1-pm-lidar-precision-measurement\/#breadcrumb\",\"itemListElement\":[{\"@type\":\"ListItem\",\"position\":1,\"name\":\"Home\",\"item\":\"https:\/\/www.ghostysky.com\/\"},{\"@type\":\"ListItem\",\"position\":2,\"name\":\"Shop\",\"item\":\"https:\/\/www.ghostysky.com\/shop\/\"},{\"@type\":\"ListItem\",\"position\":3,\"name\":\"Unitree L1 PM LiDAR (Precision Measurement)\"}]},{\"@type\":\"WebSite\",\"@id\":\"https:\/\/www.ghostysky.com\/#website\",\"url\":\"https:\/\/www.ghostysky.com\/\",\"name\":\"Ghostysky\",\"description\":\"Delivering professional drones and services\",\"publisher\":{\"@id\":\"https:\/\/www.ghostysky.com\/#organization\"},\"potentialAction\":[{\"@type\":\"SearchAction\",\"target\":{\"@type\":\"EntryPoint\",\"urlTemplate\":\"https:\/\/www.ghostysky.com\/?s={search_term_string}\"},\"query-input\":{\"@type\":\"PropertyValueSpecification\",\"valueRequired\":true,\"valueName\":\"search_term_string\"}}],\"inLanguage\":\"es\"},{\"@type\":\"Organization\",\"@id\":\"https:\/\/www.ghostysky.com\/#organization\",\"name\":\"Ghostysky\",\"url\":\"https:\/\/www.ghostysky.com\/\",\"logo\":{\"@type\":\"ImageObject\",\"inLanguage\":\"es\",\"@id\":\"https:\/\/www.ghostysky.com\/#\/schema\/logo\/image\/\",\"url\":\"https:\/\/www.ghostysky.com\/wp-content\/uploads\/2020\/06\/cropped-ghostyskylogo_text_white2.png\",\"contentUrl\":\"https:\/\/www.ghostysky.com\/wp-content\/uploads\/2020\/06\/cropped-ghostyskylogo_text_white2.png\",\"width\":169,\"height\":56,\"caption\":\"Ghostysky\"},\"image\":{\"@id\":\"https:\/\/www.ghostysky.com\/#\/schema\/logo\/image\/\"},\"sameAs\":[\"https:\/\/www.facebook.com\/people\/Ghostysky\/100057676170234\/\",\"https:\/\/x.com\/Gh0stysky\",\"https:\/\/www.linkedin.com\/company\/34739653\",\"https:\/\/www.instagram.com\/gh0stysky\"]}]}<\/script>\n<!-- \/ Yoast SEO plugin. -->","yoast_head_json":{"title":"LiDAR Unitree L1 PM (Medici\u00f3n de Precisi\u00f3n) - Ghostysky","description":"El LiDAR Unitree L1 PM (Medici\u00f3n de Precisi\u00f3n) es una soluci\u00f3n LiDAR 4D compacta y de alto rendimiento (posici\u00f3n 3D + escala de grises 1D), dise\u00f1ada para acelerar el desarrollo de robots m\u00f3viles de alto rendimiento. Espec\u00edficamente optimizado para aplicaciones de precisi\u00f3n, el modelo L1 PM ofrece una combinaci\u00f3n equilibrada de cobertura de gran angular y alta precisi\u00f3n.","robots":{"index":"index","follow":"follow","max-snippet":"max-snippet:-1","max-image-preview":"max-image-preview:large","max-video-preview":"max-video-preview:-1"},"canonical":"https:\/\/www.ghostysky.com\/es\/producto-2\/unitree-l1-pm-lidar-precision-measurement\/","og_locale":"es_ES","og_type":"article","og_title":"Unitree L1 PM LiDAR (Precision Measurement) - Ghostysky","og_description":"The Unitree L1 PM LiDAR (Precision Measurement) is a compact, high-performance 4D LiDAR (3D position + 1D grayscale) solution engineered to accelerate the development of high-performance mobile robots. Specifically optimized for precision applications, the L1 PM model offers a balanced combination of wide-angle coverage and high accuracy.","og_url":"https:\/\/www.ghostysky.com\/es\/producto-2\/unitree-l1-pm-lidar-precision-measurement\/","og_site_name":"Ghostysky","article_publisher":"https:\/\/www.facebook.com\/people\/Ghostysky\/100057676170234\/","article_modified_time":"2025-10-16T06:51:01+00:00","og_image":[{"width":225,"height":225,"url":"https:\/\/www.ghostysky.com\/wp-content\/uploads\/2025\/10\/GH_L1-PM-LiDAR-Precision-Measurement_1.jpg","type":"image\/jpeg"}],"twitter_card":"summary_large_image","twitter_site":"@Gh0stysky","twitter_misc":{"Tiempo de lectura":"2 minutos"},"schema":{"@context":"https:\/\/schema.org","@graph":[{"@type":"WebPage","@id":"https:\/\/www.ghostysky.com\/product\/unitree-l1-pm-lidar-precision-measurement\/","url":"https:\/\/www.ghostysky.com\/product\/unitree-l1-pm-lidar-precision-measurement\/","name":"LiDAR Unitree L1 PM (Medici\u00f3n de Precisi\u00f3n) - Ghostysky","isPartOf":{"@id":"https:\/\/www.ghostysky.com\/#website"},"primaryImageOfPage":{"@id":"https:\/\/www.ghostysky.com\/product\/unitree-l1-pm-lidar-precision-measurement\/#primaryimage"},"image":{"@id":"https:\/\/www.ghostysky.com\/product\/unitree-l1-pm-lidar-precision-measurement\/#primaryimage"},"thumbnailUrl":"https:\/\/www.ghostysky.com\/wp-content\/uploads\/2025\/10\/GH_L1-PM-LiDAR-Precision-Measurement_1.jpg","datePublished":"2025-10-16T06:50:26+00:00","dateModified":"2025-10-16T06:51:01+00:00","description":"El LiDAR Unitree L1 PM (Medici\u00f3n de Precisi\u00f3n) es una soluci\u00f3n LiDAR 4D compacta y de alto rendimiento (posici\u00f3n 3D + escala de grises 1D), dise\u00f1ada para acelerar el desarrollo de robots m\u00f3viles de alto rendimiento. Espec\u00edficamente optimizado para aplicaciones de precisi\u00f3n, el modelo L1 PM ofrece una combinaci\u00f3n equilibrada de cobertura de gran angular y alta precisi\u00f3n.","breadcrumb":{"@id":"https:\/\/www.ghostysky.com\/product\/unitree-l1-pm-lidar-precision-measurement\/#breadcrumb"},"inLanguage":"es","potentialAction":[{"@type":"ReadAction","target":["https:\/\/www.ghostysky.com\/product\/unitree-l1-pm-lidar-precision-measurement\/"]}]},{"@type":"ImageObject","inLanguage":"es","@id":"https:\/\/www.ghostysky.com\/product\/unitree-l1-pm-lidar-precision-measurement\/#primaryimage","url":"https:\/\/www.ghostysky.com\/wp-content\/uploads\/2025\/10\/GH_L1-PM-LiDAR-Precision-Measurement_1.jpg","contentUrl":"https:\/\/www.ghostysky.com\/wp-content\/uploads\/2025\/10\/GH_L1-PM-LiDAR-Precision-Measurement_1.jpg","width":225,"height":225},{"@type":"BreadcrumbList","@id":"https:\/\/www.ghostysky.com\/product\/unitree-l1-pm-lidar-precision-measurement\/#breadcrumb","itemListElement":[{"@type":"ListItem","position":1,"name":"Home","item":"https:\/\/www.ghostysky.com\/"},{"@type":"ListItem","position":2,"name":"Shop","item":"https:\/\/www.ghostysky.com\/shop\/"},{"@type":"ListItem","position":3,"name":"Unitree L1 PM LiDAR (Precision Measurement)"}]},{"@type":"WebSite","@id":"https:\/\/www.ghostysky.com\/#website","url":"https:\/\/www.ghostysky.com\/","name":"Ghostysky","description":"Entrega de drones y servicios profesionales","publisher":{"@id":"https:\/\/www.ghostysky.com\/#organization"},"potentialAction":[{"@type":"SearchAction","target":{"@type":"EntryPoint","urlTemplate":"https:\/\/www.ghostysky.com\/?s={search_term_string}"},"query-input":{"@type":"PropertyValueSpecification","valueRequired":true,"valueName":"search_term_string"}}],"inLanguage":"es"},{"@type":"Organization","@id":"https:\/\/www.ghostysky.com\/#organization","name":"Ghostysky","url":"https:\/\/www.ghostysky.com\/","logo":{"@type":"ImageObject","inLanguage":"es","@id":"https:\/\/www.ghostysky.com\/#\/schema\/logo\/image\/","url":"https:\/\/www.ghostysky.com\/wp-content\/uploads\/2020\/06\/cropped-ghostyskylogo_text_white2.png","contentUrl":"https:\/\/www.ghostysky.com\/wp-content\/uploads\/2020\/06\/cropped-ghostyskylogo_text_white2.png","width":169,"height":56,"caption":"Ghostysky"},"image":{"@id":"https:\/\/www.ghostysky.com\/#\/schema\/logo\/image\/"},"sameAs":["https:\/\/www.facebook.com\/people\/Ghostysky\/100057676170234\/","https:\/\/x.com\/Gh0stysky","https:\/\/www.linkedin.com\/company\/34739653","https:\/\/www.instagram.com\/gh0stysky"]}]}},"_links":{"self":[{"href":"https:\/\/www.ghostysky.com\/es\/wp-json\/wp\/v2\/product\/21287","targetHints":{"allow":["GET"]}}],"collection":[{"href":"https:\/\/www.ghostysky.com\/es\/wp-json\/wp\/v2\/product"}],"about":[{"href":"https:\/\/www.ghostysky.com\/es\/wp-json\/wp\/v2\/types\/product"}],"replies":[{"embeddable":true,"href":"https:\/\/www.ghostysky.com\/es\/wp-json\/wp\/v2\/comments?post=21287"}],"wp:featuredmedia":[{"embeddable":true,"href":"https:\/\/www.ghostysky.com\/es\/wp-json\/wp\/v2\/media\/21289"}],"wp:attachment":[{"href":"https:\/\/www.ghostysky.com\/es\/wp-json\/wp\/v2\/media?parent=21287"}],"wp:term":[{"taxonomy":"product_brand","embeddable":true,"href":"https:\/\/www.ghostysky.com\/es\/wp-json\/wp\/v2\/product_brand?post=21287"},{"taxonomy":"product_cat","embeddable":true,"href":"https:\/\/www.ghostysky.com\/es\/wp-json\/wp\/v2\/product_cat?post=21287"},{"taxonomy":"product_tag","embeddable":true,"href":"https:\/\/www.ghostysky.com\/es\/wp-json\/wp\/v2\/product_tag?post=21287"}],"curies":[{"name":"wp","href":"https:\/\/api.w.org\/{rel}","templated":true}]}}