{"id":21309,"date":"2025-10-16T07:19:55","date_gmt":"2025-10-16T07:19:55","guid":{"rendered":"https:\/\/www.ghostysky.com\/?post_type=product&#038;p=21309"},"modified":"2025-10-16T07:20:40","modified_gmt":"2025-10-16T07:20:40","slug":"aliengo-with-2d-lidar","status":"publish","type":"product","link":"https:\/\/www.ghostysky.com\/es\/product\/aliengo-with-2d-lidar\/","title":{"rendered":"Aliengo con lidar 2D"},"content":{"rendered":"<div id=\"model-response-message-contentr_a0bc0d7c3461447c\" class=\"markdown markdown-main-panel stronger enable-updated-hr-color\" dir=\"ltr\">\n<p><b>Caracter\u00edsticas y capacidades clave:<\/b><\/p>\n<ul>\n<li><b><span class=\"citation-1190\">Percepci\u00f3n ambiental mejorada:<\/span><\/b><span class=\"citation-1190\"> El integrado <\/span><b><span class=\"citation-1190\">Lidar 2D<\/span><\/b><span class=\"citation-1190 citation-end-1190\"> Mejora dr\u00e1sticamente las capacidades de detecci\u00f3n del robot, habilitando cuatro funciones de percepci\u00f3n cr\u00edticas:<\/span>\n<ul>\n<li><b>Evitaci\u00f3n din\u00e1mica de obst\u00e1culos:<\/b><span class=\"citation-1189 citation-end-1189\"> Navegue con seguridad por entornos complejos y en movimiento.<\/span><\/li>\n<li><b>Planificaci\u00f3n de la navegaci\u00f3n:<\/b> Calcular y ejecutar rutas eficientes e inteligentes.<\/li>\n<li><b><span class=\"citation-1188\">Construcci\u00f3n de mapas (SLAM):<\/span><\/b><span class=\"citation-1188 citation-end-1188\"> Cree mapas ambientales 2D en tiempo real.<\/span><\/li>\n<li><b>Autoposicionamiento:<\/b><span class=\"citation-1187 citation-end-1187\"> Determinar con precisi\u00f3n su ubicaci\u00f3n dentro del mapa generado.<\/span><\/li>\n<\/ul>\n<\/li>\n<li><b>Movilidad superior:<\/b><span class=\"citation-1186\"> Equipado con 12 servomotores de alto rendimiento, Aliengo ofrece <\/span><b><span class=\"citation-1186\">rendimiento atl\u00e9tico altamente explosivo<\/span><\/b><span class=\"citation-1186 citation-end-1186\">.<\/span> <span class=\"citation-1185\">Puede funcionar a velocidades superiores <\/span><b><span class=\"citation-1185\">1,5 m\/s<\/span><\/b><span class=\"citation-1185 citation-end-1185\">, maneja pendientes de hasta <\/span><b><span class=\"math-inline\" data-math=\"25^\\circ\"><span class=\"katex\"><span class=\"katex-html\" aria-hidden=\"true\"><span class=\"base\"><span class=\"mord\">2<\/span><span class=\"mord\">5<span class=\"msupsub\"><span class=\"vlist-t\"><span class=\"vlist-r\"><span class=\"vlist\"><span class=\"\"><span class=\"sizing reset-size6 size3 mtight\"><span class=\"mbin mtight\">\u2218<\/span><\/span><\/span><\/span><\/span><\/span><\/span><\/span><\/span><\/span><\/span><\/span><\/b><span class=\"citation-1184 citation-end-1184\">y realizar movimientos complejos como correr, saltar, hacer volteretas hacia atr\u00e1s y recuperarse de una ca\u00edda.<\/span><\/li>\n<li><b>Adaptabilidad a m\u00faltiples terrenos:<\/b><span class=\"citation-1183\"> Gracias a la tecnolog\u00eda avanzada de control de fuerza y su \u00e1gil dise\u00f1o cuadr\u00fapedo, Aliengo mantiene <\/span><b><span class=\"citation-1183\">incre\u00edble estabilidad<\/span><\/b><span class=\"citation-1183 citation-end-1183\"> y puede funcionar de manera confiable en caminos de grava accidentados, c\u00e9sped y otras superficies irregulares.<\/span><\/li>\n<li><b>Conjunto de sensores robustos:<\/b><span class=\"citation-1182\"> M\u00e1s all\u00e1 del Lidar 2D, incluye <\/span><b><span class=\"citation-1182\">dos c\u00e1maras de profundidad<\/span><\/b><span class=\"citation-1182\"> y un <\/span><b><span class=\"citation-1182\">c\u00e1mara de od\u00f3metro visual<\/span><\/b><span class=\"citation-1182 citation-end-1182\"> para percepci\u00f3n profunda, transmisi\u00f3n de video HD en tiempo real, V-SLAM, reconocimiento de postura humana y seguimiento.<\/span><\/li>\n<li><b>Plataforma amigable para desarrolladores:<\/b><span class=\"citation-1181\"> Soportes <\/span><b><span class=\"citation-1181\">C\/C++, ROS<\/span><\/b><span class=\"citation-1181 citation-end-1181\">y proporciona API de control tanto de alto como de bajo nivel, lo que permite una amplia personalizaci\u00f3n e integraci\u00f3n de m\u00f3dulos externos como brazos rob\u00f3ticos o sensores adicionales a trav\u00e9s de sus ricas interfaces externas (Ethernet, USB, RS485).<\/span><\/li>\n<li><b>Resistencia operativa:<\/b><span class=\"citation-1180\"> Cuenta con una bater\u00eda de larga duraci\u00f3n (12600 mAh) que proporciona un tiempo de funcionamiento de <\/span><b><span class=\"citation-1180\">2,5 a 4,6 horas<\/span><\/b><span class=\"citation-1180 citation-end-1180\">, dependiendo del escenario de uso.<\/span><\/li>\n<li><b><span class=\"citation-1179\">Aplicaciones:<\/span><\/b><span class=\"citation-1179\"> Ideal para <\/span><b><span class=\"citation-1179\">investigaci\u00f3n y desarrollo<\/span><\/b><span class=\"citation-1179\">, aut\u00f3nomo <\/span><b><span class=\"citation-1179\">inspecci\u00f3n y vigilancia<\/span><\/b><span class=\"citation-1179 citation-end-1179\"> en entornos industriales o todoterreno (f\u00e1bricas, obras de construcci\u00f3n), seguridad e incluso entretenimiento.<\/span><\/li>\n<\/ul>\n<p><span class=\"citation-1178 citation-end-1178\">Con su combinaci\u00f3n de agilidad, potencia y autonom\u00eda basada en Lidar de alta precisi\u00f3n, Aliengo es una plataforma m\u00f3vil de vanguardia lista para abordar tareas complejas del mundo real.<\/span><\/p>\n<div class=\"source-inline-chip-container ng-star-inserted\"><\/div>\n<\/div>","protected":false},"excerpt":{"rendered":"<p><span class=\"citation-1191\">El <\/span><b><span class=\"citation-1191\">Unitree Aliengo con Lidar 2D<\/span><\/b><span class=\"citation-1191 citation-end-1191\"> es una plataforma rob\u00f3tica cuadr\u00fapeda de alto rendimiento y grado industrial dise\u00f1ada para brindar versatilidad en entornos desafiantes y aplicaciones de investigaci\u00f3n avanzadas.<\/span><\/p>","protected":false},"featured_media":21310,"comment_status":"open","ping_status":"closed","template":"","meta":[],"product_brand":[1087],"product_cat":[1039,1037,1085],"product_tag":[1088,1097,1089,1090],"class_list":{"0":"post-21309","1":"product","2":"type-product","3":"status-publish","4":"has-post-thumbnail","6":"product_brand-unitree","7":"product_cat-quadruped","8":"product_cat-robotics","9":"product_cat-unitree-quad-robots","10":"product_tag-unitree","11":"product_tag-unitree-aliengo-series","12":"product_tag-unitree-quadruped","13":"product_tag-unitree-quadruped-robots","15":"first","16":"onbackorder","17":"taxable","18":"shipping-taxable","19":"purchasable","20":"product-type-simple"},"yoast_head":"<!-- This site is optimized with the Yoast SEO plugin v27.4 - https:\/\/yoast.com\/product\/yoast-seo-wordpress\/ -->\n<title>Aliengo with 2D lidar - Ghostysky<\/title>\n<meta name=\"robots\" content=\"index, follow, max-snippet:-1, max-image-preview:large, max-video-preview:-1\" \/>\n<link rel=\"canonical\" href=\"https:\/\/www.ghostysky.com\/es\/producto-2\/aliengo-with-2d-lidar\/\" \/>\n<meta property=\"og:locale\" content=\"es_ES\" \/>\n<meta property=\"og:type\" content=\"article\" \/>\n<meta property=\"og:title\" content=\"Aliengo with 2D lidar - Ghostysky\" \/>\n<meta property=\"og:description\" content=\"The Unitree Aliengo with 2D Lidar is a high-performance, industrial-grade quadruped robot platform designed for versatility in challenging environments and advanced research applications.\" \/>\n<meta property=\"og:url\" content=\"https:\/\/www.ghostysky.com\/es\/producto-2\/aliengo-with-2d-lidar\/\" \/>\n<meta property=\"og:site_name\" content=\"Ghostysky\" \/>\n<meta property=\"article:publisher\" content=\"https:\/\/www.facebook.com\/people\/Ghostysky\/100057676170234\/\" \/>\n<meta property=\"article:modified_time\" content=\"2025-10-16T07:20:40+00:00\" \/>\n<meta property=\"og:image\" content=\"https:\/\/www.ghostysky.com\/wp-content\/uploads\/2025\/10\/GH_Aliengo-add-2D-lidar_1.jpg\" \/>\n\t<meta property=\"og:image:width\" content=\"224\" \/>\n\t<meta property=\"og:image:height\" content=\"224\" \/>\n\t<meta property=\"og:image:type\" content=\"image\/jpeg\" \/>\n<meta name=\"twitter:card\" content=\"summary_large_image\" \/>\n<meta name=\"twitter:site\" content=\"@Gh0stysky\" \/>\n<meta name=\"twitter:label1\" content=\"Tiempo de lectura\" \/>\n\t<meta name=\"twitter:data1\" content=\"2 minutos\" \/>\n<script type=\"application\/ld+json\" class=\"yoast-schema-graph\">{\"@context\":\"https:\\\/\\\/schema.org\",\"@graph\":[{\"@type\":\"WebPage\",\"@id\":\"https:\\\/\\\/www.ghostysky.com\\\/product\\\/aliengo-with-2d-lidar\\\/\",\"url\":\"https:\\\/\\\/www.ghostysky.com\\\/product\\\/aliengo-with-2d-lidar\\\/\",\"name\":\"Aliengo with 2D lidar - Ghostysky\",\"isPartOf\":{\"@id\":\"https:\\\/\\\/www.ghostysky.com\\\/#website\"},\"primaryImageOfPage\":{\"@id\":\"https:\\\/\\\/www.ghostysky.com\\\/product\\\/aliengo-with-2d-lidar\\\/#primaryimage\"},\"image\":{\"@id\":\"https:\\\/\\\/www.ghostysky.com\\\/product\\\/aliengo-with-2d-lidar\\\/#primaryimage\"},\"thumbnailUrl\":\"https:\\\/\\\/www.ghostysky.com\\\/wp-content\\\/uploads\\\/2025\\\/10\\\/GH_Aliengo-add-2D-lidar_1.jpg\",\"datePublished\":\"2025-10-16T07:19:55+00:00\",\"dateModified\":\"2025-10-16T07:20:40+00:00\",\"breadcrumb\":{\"@id\":\"https:\\\/\\\/www.ghostysky.com\\\/product\\\/aliengo-with-2d-lidar\\\/#breadcrumb\"},\"inLanguage\":\"es\",\"potentialAction\":[{\"@type\":\"ReadAction\",\"target\":[\"https:\\\/\\\/www.ghostysky.com\\\/product\\\/aliengo-with-2d-lidar\\\/\"]}]},{\"@type\":\"ImageObject\",\"inLanguage\":\"es\",\"@id\":\"https:\\\/\\\/www.ghostysky.com\\\/product\\\/aliengo-with-2d-lidar\\\/#primaryimage\",\"url\":\"https:\\\/\\\/www.ghostysky.com\\\/wp-content\\\/uploads\\\/2025\\\/10\\\/GH_Aliengo-add-2D-lidar_1.jpg\",\"contentUrl\":\"https:\\\/\\\/www.ghostysky.com\\\/wp-content\\\/uploads\\\/2025\\\/10\\\/GH_Aliengo-add-2D-lidar_1.jpg\",\"width\":224,\"height\":224},{\"@type\":\"BreadcrumbList\",\"@id\":\"https:\\\/\\\/www.ghostysky.com\\\/product\\\/aliengo-with-2d-lidar\\\/#breadcrumb\",\"itemListElement\":[{\"@type\":\"ListItem\",\"position\":1,\"name\":\"Home\",\"item\":\"https:\\\/\\\/www.ghostysky.com\\\/\"},{\"@type\":\"ListItem\",\"position\":2,\"name\":\"Shop\",\"item\":\"https:\\\/\\\/www.ghostysky.com\\\/shop\\\/\"},{\"@type\":\"ListItem\",\"position\":3,\"name\":\"Aliengo with 2D lidar\"}]},{\"@type\":\"WebSite\",\"@id\":\"https:\\\/\\\/www.ghostysky.com\\\/#website\",\"url\":\"https:\\\/\\\/www.ghostysky.com\\\/\",\"name\":\"Ghostysky\",\"description\":\"Delivering professional drones and services\",\"publisher\":{\"@id\":\"https:\\\/\\\/www.ghostysky.com\\\/#organization\"},\"potentialAction\":[{\"@type\":\"SearchAction\",\"target\":{\"@type\":\"EntryPoint\",\"urlTemplate\":\"https:\\\/\\\/www.ghostysky.com\\\/?s={search_term_string}\"},\"query-input\":{\"@type\":\"PropertyValueSpecification\",\"valueRequired\":true,\"valueName\":\"search_term_string\"}}],\"inLanguage\":\"es\"},{\"@type\":\"Organization\",\"@id\":\"https:\\\/\\\/www.ghostysky.com\\\/#organization\",\"name\":\"Ghostysky\",\"url\":\"https:\\\/\\\/www.ghostysky.com\\\/\",\"logo\":{\"@type\":\"ImageObject\",\"inLanguage\":\"es\",\"@id\":\"https:\\\/\\\/www.ghostysky.com\\\/#\\\/schema\\\/logo\\\/image\\\/\",\"url\":\"https:\\\/\\\/www.ghostysky.com\\\/wp-content\\\/uploads\\\/2020\\\/06\\\/cropped-ghostyskylogo_text_white2.png\",\"contentUrl\":\"https:\\\/\\\/www.ghostysky.com\\\/wp-content\\\/uploads\\\/2020\\\/06\\\/cropped-ghostyskylogo_text_white2.png\",\"width\":169,\"height\":56,\"caption\":\"Ghostysky\"},\"image\":{\"@id\":\"https:\\\/\\\/www.ghostysky.com\\\/#\\\/schema\\\/logo\\\/image\\\/\"},\"sameAs\":[\"https:\\\/\\\/www.facebook.com\\\/people\\\/Ghostysky\\\/100057676170234\\\/\",\"https:\\\/\\\/x.com\\\/Gh0stysky\",\"https:\\\/\\\/www.linkedin.com\\\/company\\\/34739653\",\"https:\\\/\\\/www.instagram.com\\\/gh0stysky\"]}]}<\/script>\n<!-- \/ Yoast SEO plugin. -->","yoast_head_json":{"title":"Aliengo con lidar 2D - Ghostysky","robots":{"index":"index","follow":"follow","max-snippet":"max-snippet:-1","max-image-preview":"max-image-preview:large","max-video-preview":"max-video-preview:-1"},"canonical":"https:\/\/www.ghostysky.com\/es\/producto-2\/aliengo-with-2d-lidar\/","og_locale":"es_ES","og_type":"article","og_title":"Aliengo with 2D lidar - Ghostysky","og_description":"The Unitree Aliengo with 2D Lidar is a high-performance, industrial-grade quadruped robot platform designed for versatility in challenging environments and advanced research applications.","og_url":"https:\/\/www.ghostysky.com\/es\/producto-2\/aliengo-with-2d-lidar\/","og_site_name":"Ghostysky","article_publisher":"https:\/\/www.facebook.com\/people\/Ghostysky\/100057676170234\/","article_modified_time":"2025-10-16T07:20:40+00:00","og_image":[{"width":224,"height":224,"url":"https:\/\/www.ghostysky.com\/wp-content\/uploads\/2025\/10\/GH_Aliengo-add-2D-lidar_1.jpg","type":"image\/jpeg"}],"twitter_card":"summary_large_image","twitter_site":"@Gh0stysky","twitter_misc":{"Tiempo de lectura":"2 minutos"},"schema":{"@context":"https:\/\/schema.org","@graph":[{"@type":"WebPage","@id":"https:\/\/www.ghostysky.com\/product\/aliengo-with-2d-lidar\/","url":"https:\/\/www.ghostysky.com\/product\/aliengo-with-2d-lidar\/","name":"Aliengo con lidar 2D - Ghostysky","isPartOf":{"@id":"https:\/\/www.ghostysky.com\/#website"},"primaryImageOfPage":{"@id":"https:\/\/www.ghostysky.com\/product\/aliengo-with-2d-lidar\/#primaryimage"},"image":{"@id":"https:\/\/www.ghostysky.com\/product\/aliengo-with-2d-lidar\/#primaryimage"},"thumbnailUrl":"https:\/\/www.ghostysky.com\/wp-content\/uploads\/2025\/10\/GH_Aliengo-add-2D-lidar_1.jpg","datePublished":"2025-10-16T07:19:55+00:00","dateModified":"2025-10-16T07:20:40+00:00","breadcrumb":{"@id":"https:\/\/www.ghostysky.com\/product\/aliengo-with-2d-lidar\/#breadcrumb"},"inLanguage":"es","potentialAction":[{"@type":"ReadAction","target":["https:\/\/www.ghostysky.com\/product\/aliengo-with-2d-lidar\/"]}]},{"@type":"ImageObject","inLanguage":"es","@id":"https:\/\/www.ghostysky.com\/product\/aliengo-with-2d-lidar\/#primaryimage","url":"https:\/\/www.ghostysky.com\/wp-content\/uploads\/2025\/10\/GH_Aliengo-add-2D-lidar_1.jpg","contentUrl":"https:\/\/www.ghostysky.com\/wp-content\/uploads\/2025\/10\/GH_Aliengo-add-2D-lidar_1.jpg","width":224,"height":224},{"@type":"BreadcrumbList","@id":"https:\/\/www.ghostysky.com\/product\/aliengo-with-2d-lidar\/#breadcrumb","itemListElement":[{"@type":"ListItem","position":1,"name":"Home","item":"https:\/\/www.ghostysky.com\/"},{"@type":"ListItem","position":2,"name":"Shop","item":"https:\/\/www.ghostysky.com\/shop\/"},{"@type":"ListItem","position":3,"name":"Aliengo with 2D lidar"}]},{"@type":"WebSite","@id":"https:\/\/www.ghostysky.com\/#website","url":"https:\/\/www.ghostysky.com\/","name":"Ghostysky","description":"Entrega de drones y servicios profesionales","publisher":{"@id":"https:\/\/www.ghostysky.com\/#organization"},"potentialAction":[{"@type":"SearchAction","target":{"@type":"EntryPoint","urlTemplate":"https:\/\/www.ghostysky.com\/?s={search_term_string}"},"query-input":{"@type":"PropertyValueSpecification","valueRequired":true,"valueName":"search_term_string"}}],"inLanguage":"es"},{"@type":"Organization","@id":"https:\/\/www.ghostysky.com\/#organization","name":"Ghostysky","url":"https:\/\/www.ghostysky.com\/","logo":{"@type":"ImageObject","inLanguage":"es","@id":"https:\/\/www.ghostysky.com\/#\/schema\/logo\/image\/","url":"https:\/\/www.ghostysky.com\/wp-content\/uploads\/2020\/06\/cropped-ghostyskylogo_text_white2.png","contentUrl":"https:\/\/www.ghostysky.com\/wp-content\/uploads\/2020\/06\/cropped-ghostyskylogo_text_white2.png","width":169,"height":56,"caption":"Ghostysky"},"image":{"@id":"https:\/\/www.ghostysky.com\/#\/schema\/logo\/image\/"},"sameAs":["https:\/\/www.facebook.com\/people\/Ghostysky\/100057676170234\/","https:\/\/x.com\/Gh0stysky","https:\/\/www.linkedin.com\/company\/34739653","https:\/\/www.instagram.com\/gh0stysky"]}]}},"_links":{"self":[{"href":"https:\/\/www.ghostysky.com\/es\/wp-json\/wp\/v2\/product\/21309","targetHints":{"allow":["GET"]}}],"collection":[{"href":"https:\/\/www.ghostysky.com\/es\/wp-json\/wp\/v2\/product"}],"about":[{"href":"https:\/\/www.ghostysky.com\/es\/wp-json\/wp\/v2\/types\/product"}],"replies":[{"embeddable":true,"href":"https:\/\/www.ghostysky.com\/es\/wp-json\/wp\/v2\/comments?post=21309"}],"version-history":[{"count":0,"href":"https:\/\/www.ghostysky.com\/es\/wp-json\/wp\/v2\/product\/21309\/revisions"}],"wp:featuredmedia":[{"embeddable":true,"href":"https:\/\/www.ghostysky.com\/es\/wp-json\/wp\/v2\/media\/21310"}],"wp:attachment":[{"href":"https:\/\/www.ghostysky.com\/es\/wp-json\/wp\/v2\/media?parent=21309"}],"wp:term":[{"taxonomy":"product_brand","embeddable":true,"href":"https:\/\/www.ghostysky.com\/es\/wp-json\/wp\/v2\/product_brand?post=21309"},{"taxonomy":"product_cat","embeddable":true,"href":"https:\/\/www.ghostysky.com\/es\/wp-json\/wp\/v2\/product_cat?post=21309"},{"taxonomy":"product_tag","embeddable":true,"href":"https:\/\/www.ghostysky.com\/es\/wp-json\/wp\/v2\/product_tag?post=21309"}],"curies":[{"name":"wp","href":"https:\/\/api.w.org\/{rel}","templated":true}]}}