{"id":21331,"date":"2025-10-16T11:25:41","date_gmt":"2025-10-16T11:25:41","guid":{"rendered":"https:\/\/www.ghostysky.com\/?post_type=product&#038;p=21331"},"modified":"2025-10-16T11:26:10","modified_gmt":"2025-10-16T11:26:10","slug":"unitree-aliengos-battery-charge","status":"publish","type":"product","link":"https:\/\/www.ghostysky.com\/es\/product\/unitree-aliengos-battery-charge\/","title":{"rendered":"Carga de la bater\u00eda de Unitree Aliengo"},"content":{"rendered":"<p><b>Especificaciones clave de bater\u00eda y carga:<\/b><\/p>\n<ul>\n<li><b><span class=\"citation-56\">Tipo de bater\u00eda:<\/span><\/b><span class=\"citation-56 citation-end-56\"> Pol\u00edmero de iones de litio.<\/span><\/li>\n<li><b>Capacidad nominal:<\/b><span class=\"citation-55 citation-end-55\"> <sup class=\"superscript\" data-turn-source-index=\"3\">3<\/sup><\/span><span class=\"math-inline\" data-math=\"12,600 \\text{ mAh}\">$12,600 \\texto{ mAh}$<\/span><span class=\"citation-54 citation-end-54\"> o <sup class=\"superscript\" data-turn-source-index=\"4\">4<\/sup><\/span><span class=\"math-inline\" data-math=\"317.52 \\text{ Wh}\">$317.52 \\texto{ Wh}$<\/span><span class=\"citation-53 citation-end-53\">.<\/span><\/li>\n<li><b><span class=\"citation-52\">Voltaje nominal:<\/span><\/b><span class=\"citation-52 citation-end-52\"> <sup class=\"superscript\" data-turn-source-index=\"6\">6<\/sup><\/span><span class=\"math-inline\" data-math=\"25.2 \\text{ V}\">$25.2 \\texto{ V}$<\/span><span class=\"citation-51 citation-end-51\">.<\/span><\/li>\n<li><b><span class=\"citation-50\">Voltaje l\u00edmite de carga:<\/span><\/b><span class=\"citation-50 citation-end-50\"> <sup class=\"superscript\" data-turn-source-index=\"8\">8<\/sup><\/span><span class=\"math-inline\" data-math=\"29.4 \\text{ V}\">$29.4 \\texto{ V}$<\/span><span class=\"citation-49 citation-end-49\">.<\/span><\/li>\n<li><b>M\u00e1x. <span class=\"citation-48\">Potencia de carga:<\/span><\/b><span class=\"citation-48 citation-end-48\"> <sup class=\"superscript\" data-turn-source-index=\"10\">10<\/sup><\/span><span class=\"math-inline\" data-math=\"352.8 \\text{ W}\">$352.8 \\texto{ W}$<\/span><span class=\"citation-47 citation-end-47\">.<\/span><\/li>\n<li><b><span class=\"citation-46\">Tiempo de carga:<\/span><\/b><span class=\"citation-46 citation-end-46\"> Aproximadamente <sup class=\"superscript\" data-turn-source-index=\"12\">12<\/sup><\/span><b><span class=\"math-inline\" data-math=\"100 \\text{ minutes}\">$100 \\texto{ minutos}$<\/span><\/b><span class=\"citation-45 citation-end-45\"> usando un cargador con par\u00e1metros <sup class=\"superscript\" data-turn-source-index=\"13\">13<\/sup><\/span><span class=\"math-inline\" data-math=\"29.4 \\text{ V}\">$29.4 \\texto{ V}$<\/span><span class=\"citation-44 citation-end-44\"> y <sup class=\"superscript\" data-turn-source-index=\"14\">14<\/sup><\/span><span class=\"math-inline\" data-math=\"12 \\text{ A}\">$12 \\texto{ A}$<\/span><span class=\"citation-43 citation-end-43\">.<\/span><\/li>\n<li><b>Resistencia\/Tiempo de carrera:<\/b><span class=\"citation-42 citation-end-42\"> La bater\u00eda proporciona una autonom\u00eda de funcionamiento de hasta <sup class=\"superscript\" data-turn-source-index=\"16\">16<\/sup><\/span><b><span class=\"math-inline\" data-math=\"4.5 \\text{ hours}\">$4.5 \\text{ horas}$<\/span><\/b><span class=\"citation-41 citation-end-41\"> para operaciones rutinarias, con un rango establecido de <sup class=\"superscript\" data-turn-source-index=\"17\">17<\/sup><\/span><span class=\"math-inline\" data-math=\"2.5 \\text{ to } 4.5 \\text{ hours}\">$2.5 \\text{ a } 4.5 \\text{ horas}$<\/span><span class=\"citation-40 citation-end-40\">.<\/span><\/li>\n<\/ul>\n<p><b>Funciones avanzadas:<\/b><\/p>\n<ul>\n<li><b>BMS inteligente:<\/b><span class=\"citation-39 citation-end-39\"> La bater\u00eda cuenta con un sistema de gesti\u00f3n de bater\u00eda (BMS) inteligente que monitorea constantemente el estado de la bater\u00eda para un funcionamiento estable y brinda protecci\u00f3n contra sobrecarga, sobredescarga, problemas de circuito y sobretemperatura.<\/span><\/li>\n<li><b><span class=\"citation-38\">Proteccion:<\/span><\/b><span class=\"citation-38 citation-end-38\"> La bater\u00eda tambi\u00e9n cuenta con varios sistemas de alarma por bajo voltaje, sobretemperatura, cortocircuito y sobrecarga.<\/span><\/li>\n<li><b><span class=\"citation-37\">Protecci\u00f3n contra autodescarga:<\/span><\/b><span class=\"citation-37 citation-end-37\"> La bater\u00eda puede autodescargarse autom\u00e1ticamente hasta un <sup class=\"superscript\" data-turn-source-index=\"21\">21<\/sup><\/span><span class=\"math-inline\" data-math=\"65\\%\">$65\\%$<\/span><span class=\"citation-36 citation-end-36\"> nivel de carga si se almacena durante <sup class=\"superscript\" data-turn-source-index=\"22\">22<\/sup><\/span><span class=\"math-inline\" data-math=\"10 \\text{ days}\">$10 \\texto{ d\u00edas}$<\/span><span class=\"citation-35 citation-end-35\"> arriba <sup class=\"superscript\" data-turn-source-index=\"23\">23<\/sup><\/span><span class=\"math-inline\" data-math=\"65\\%\">$65\\%$<\/span><span class=\"citation-34 citation-end-34\"> sin operaci\u00f3n para proteger la bater\u00eda.<\/span><\/li>\n<\/ul>","protected":false},"excerpt":{"rendered":"<p><span class=\"citation-57\">El Unitree Aliengo est\u00e1 alimentado por una bater\u00eda de iones de litio especialmente desarrollada, modelo <\/span><b><span class=\"citation-57\">AL01-BT01<\/span><\/b><span class=\"citation-57 citation-end-57\">.<\/span><\/p>","protected":false},"featured_media":21333,"comment_status":"open","ping_status":"closed","template":"","meta":[],"product_brand":[1087],"product_cat":[1039,1037,1086],"product_tag":[1088,1098,1097],"class_list":{"0":"post-21331","1":"product","2":"type-product","3":"status-publish","4":"has-post-thumbnail","6":"product_brand-unitree","7":"product_cat-quadruped","8":"product_cat-robotics","9":"product_cat-unitree-quad-accessories","10":"product_tag-unitree","11":"product_tag-unitree-aliengo-accessories","12":"product_tag-unitree-aliengo-series","14":"first","15":"onbackorder","16":"taxable","17":"shipping-taxable","18":"purchasable","19":"product-type-simple"},"yoast_head":"<!-- This site is optimized with the Yoast SEO plugin v27.4 - https:\/\/yoast.com\/product\/yoast-seo-wordpress\/ -->\n<title>Unitree Aliengo&#039;s battery charge - Ghostysky<\/title>\n<meta name=\"description\" content=\"The Unitree Aliengo is powered by a specially developed Li-Ion battery, model AL01-BT01.\" \/>\n<meta name=\"robots\" content=\"index, follow, max-snippet:-1, max-image-preview:large, max-video-preview:-1\" \/>\n<link rel=\"canonical\" href=\"https:\/\/www.ghostysky.com\/es\/producto-2\/unitree-aliengos-battery-charge\/\" \/>\n<meta property=\"og:locale\" content=\"es_ES\" \/>\n<meta property=\"og:type\" content=\"article\" \/>\n<meta property=\"og:title\" content=\"Unitree Aliengo&#039;s battery charge - Ghostysky\" \/>\n<meta property=\"og:description\" content=\"The Unitree Aliengo is powered by a specially developed Li-Ion battery, model AL01-BT01.\" \/>\n<meta property=\"og:url\" content=\"https:\/\/www.ghostysky.com\/es\/producto-2\/unitree-aliengos-battery-charge\/\" \/>\n<meta property=\"og:site_name\" content=\"Ghostysky\" \/>\n<meta property=\"article:publisher\" content=\"https:\/\/www.facebook.com\/people\/Ghostysky\/100057676170234\/\" \/>\n<meta property=\"article:modified_time\" content=\"2025-10-16T11:26:10+00:00\" \/>\n<meta property=\"og:image\" content=\"https:\/\/www.ghostysky.com\/wp-content\/uploads\/2020\/06\/ghostyskylogo_text.png\" \/>\n\t<meta property=\"og:image:width\" content=\"1368\" \/>\n\t<meta property=\"og:image:height\" content=\"454\" \/>\n\t<meta property=\"og:image:type\" content=\"image\/png\" \/>\n<meta name=\"twitter:card\" content=\"summary_large_image\" \/>\n<meta name=\"twitter:site\" content=\"@Gh0stysky\" \/>\n<meta name=\"twitter:label1\" content=\"Tiempo de lectura\" \/>\n\t<meta name=\"twitter:data1\" content=\"1 minuto\" \/>\n<script type=\"application\/ld+json\" class=\"yoast-schema-graph\">{\"@context\":\"https:\\\/\\\/schema.org\",\"@graph\":[{\"@type\":\"WebPage\",\"@id\":\"https:\\\/\\\/www.ghostysky.com\\\/product\\\/unitree-aliengos-battery-charge\\\/\",\"url\":\"https:\\\/\\\/www.ghostysky.com\\\/product\\\/unitree-aliengos-battery-charge\\\/\",\"name\":\"Unitree Aliengo's battery charge - Ghostysky\",\"isPartOf\":{\"@id\":\"https:\\\/\\\/www.ghostysky.com\\\/#website\"},\"primaryImageOfPage\":{\"@id\":\"https:\\\/\\\/www.ghostysky.com\\\/product\\\/unitree-aliengos-battery-charge\\\/#primaryimage\"},\"image\":{\"@id\":\"https:\\\/\\\/www.ghostysky.com\\\/product\\\/unitree-aliengos-battery-charge\\\/#primaryimage\"},\"thumbnailUrl\":\"https:\\\/\\\/www.ghostysky.com\\\/wp-content\\\/uploads\\\/2025\\\/10\\\/GH_Aliengo_Charger.avif\",\"datePublished\":\"2025-10-16T11:25:41+00:00\",\"dateModified\":\"2025-10-16T11:26:10+00:00\",\"description\":\"The Unitree Aliengo is powered by a specially developed Li-Ion battery, model AL01-BT01.\",\"breadcrumb\":{\"@id\":\"https:\\\/\\\/www.ghostysky.com\\\/product\\\/unitree-aliengos-battery-charge\\\/#breadcrumb\"},\"inLanguage\":\"es\",\"potentialAction\":[{\"@type\":\"ReadAction\",\"target\":[\"https:\\\/\\\/www.ghostysky.com\\\/product\\\/unitree-aliengos-battery-charge\\\/\"]}]},{\"@type\":\"ImageObject\",\"inLanguage\":\"es\",\"@id\":\"https:\\\/\\\/www.ghostysky.com\\\/product\\\/unitree-aliengos-battery-charge\\\/#primaryimage\",\"url\":\"https:\\\/\\\/www.ghostysky.com\\\/wp-content\\\/uploads\\\/2025\\\/10\\\/GH_Aliengo_Charger.avif\",\"contentUrl\":\"https:\\\/\\\/www.ghostysky.com\\\/wp-content\\\/uploads\\\/2025\\\/10\\\/GH_Aliengo_Charger.avif\",\"width\":282,\"height\":277},{\"@type\":\"BreadcrumbList\",\"@id\":\"https:\\\/\\\/www.ghostysky.com\\\/product\\\/unitree-aliengos-battery-charge\\\/#breadcrumb\",\"itemListElement\":[{\"@type\":\"ListItem\",\"position\":1,\"name\":\"Home\",\"item\":\"https:\\\/\\\/www.ghostysky.com\\\/\"},{\"@type\":\"ListItem\",\"position\":2,\"name\":\"Shop\",\"item\":\"https:\\\/\\\/www.ghostysky.com\\\/shop\\\/\"},{\"@type\":\"ListItem\",\"position\":3,\"name\":\"Unitree Aliengo&#8217;s battery charge\"}]},{\"@type\":\"WebSite\",\"@id\":\"https:\\\/\\\/www.ghostysky.com\\\/#website\",\"url\":\"https:\\\/\\\/www.ghostysky.com\\\/\",\"name\":\"Ghostysky\",\"description\":\"Delivering professional drones and robotics solutions\",\"publisher\":{\"@id\":\"https:\\\/\\\/www.ghostysky.com\\\/#organization\"},\"potentialAction\":[{\"@type\":\"SearchAction\",\"target\":{\"@type\":\"EntryPoint\",\"urlTemplate\":\"https:\\\/\\\/www.ghostysky.com\\\/?s={search_term_string}\"},\"query-input\":{\"@type\":\"PropertyValueSpecification\",\"valueRequired\":true,\"valueName\":\"search_term_string\"}}],\"inLanguage\":\"es\"},{\"@type\":\"Organization\",\"@id\":\"https:\\\/\\\/www.ghostysky.com\\\/#organization\",\"name\":\"Ghostysky\",\"url\":\"https:\\\/\\\/www.ghostysky.com\\\/\",\"logo\":{\"@type\":\"ImageObject\",\"inLanguage\":\"es\",\"@id\":\"https:\\\/\\\/www.ghostysky.com\\\/#\\\/schema\\\/logo\\\/image\\\/\",\"url\":\"https:\\\/\\\/www.ghostysky.com\\\/wp-content\\\/uploads\\\/2020\\\/06\\\/cropped-ghostyskylogo_text_white2.png\",\"contentUrl\":\"https:\\\/\\\/www.ghostysky.com\\\/wp-content\\\/uploads\\\/2020\\\/06\\\/cropped-ghostyskylogo_text_white2.png\",\"width\":169,\"height\":56,\"caption\":\"Ghostysky\"},\"image\":{\"@id\":\"https:\\\/\\\/www.ghostysky.com\\\/#\\\/schema\\\/logo\\\/image\\\/\"},\"sameAs\":[\"https:\\\/\\\/www.facebook.com\\\/people\\\/Ghostysky\\\/100057676170234\\\/\",\"https:\\\/\\\/x.com\\\/Gh0stysky\",\"https:\\\/\\\/www.linkedin.com\\\/company\\\/34739653\",\"https:\\\/\\\/www.instagram.com\\\/gh0stysky\"]}]}<\/script>\n<!-- \/ Yoast SEO plugin. -->","yoast_head_json":{"title":"Carga de bater\u00eda de Unitree Aliengo - Ghostysky","description":"El Unitree Aliengo funciona con una bater\u00eda de iones de litio especialmente desarrollada, modelo AL01-BT01.","robots":{"index":"index","follow":"follow","max-snippet":"max-snippet:-1","max-image-preview":"max-image-preview:large","max-video-preview":"max-video-preview:-1"},"canonical":"https:\/\/www.ghostysky.com\/es\/producto-2\/unitree-aliengos-battery-charge\/","og_locale":"es_ES","og_type":"article","og_title":"Unitree Aliengo's battery charge - Ghostysky","og_description":"The Unitree Aliengo is powered by a specially developed Li-Ion battery, model AL01-BT01.","og_url":"https:\/\/www.ghostysky.com\/es\/producto-2\/unitree-aliengos-battery-charge\/","og_site_name":"Ghostysky","article_publisher":"https:\/\/www.facebook.com\/people\/Ghostysky\/100057676170234\/","article_modified_time":"2025-10-16T11:26:10+00:00","og_image":[{"width":1368,"height":454,"url":"https:\/\/www.ghostysky.com\/wp-content\/uploads\/2020\/06\/ghostyskylogo_text.png","type":"image\/png"}],"twitter_card":"summary_large_image","twitter_site":"@Gh0stysky","twitter_misc":{"Tiempo de lectura":"1 minuto"},"schema":{"@context":"https:\/\/schema.org","@graph":[{"@type":"WebPage","@id":"https:\/\/www.ghostysky.com\/product\/unitree-aliengos-battery-charge\/","url":"https:\/\/www.ghostysky.com\/product\/unitree-aliengos-battery-charge\/","name":"Carga de bater\u00eda de Unitree Aliengo - Ghostysky","isPartOf":{"@id":"https:\/\/www.ghostysky.com\/#website"},"primaryImageOfPage":{"@id":"https:\/\/www.ghostysky.com\/product\/unitree-aliengos-battery-charge\/#primaryimage"},"image":{"@id":"https:\/\/www.ghostysky.com\/product\/unitree-aliengos-battery-charge\/#primaryimage"},"thumbnailUrl":"https:\/\/www.ghostysky.com\/wp-content\/uploads\/2025\/10\/GH_Aliengo_Charger.avif","datePublished":"2025-10-16T11:25:41+00:00","dateModified":"2025-10-16T11:26:10+00:00","description":"El Unitree Aliengo funciona con una bater\u00eda de iones de litio especialmente desarrollada, modelo AL01-BT01.","breadcrumb":{"@id":"https:\/\/www.ghostysky.com\/product\/unitree-aliengos-battery-charge\/#breadcrumb"},"inLanguage":"es","potentialAction":[{"@type":"ReadAction","target":["https:\/\/www.ghostysky.com\/product\/unitree-aliengos-battery-charge\/"]}]},{"@type":"ImageObject","inLanguage":"es","@id":"https:\/\/www.ghostysky.com\/product\/unitree-aliengos-battery-charge\/#primaryimage","url":"https:\/\/www.ghostysky.com\/wp-content\/uploads\/2025\/10\/GH_Aliengo_Charger.avif","contentUrl":"https:\/\/www.ghostysky.com\/wp-content\/uploads\/2025\/10\/GH_Aliengo_Charger.avif","width":282,"height":277},{"@type":"BreadcrumbList","@id":"https:\/\/www.ghostysky.com\/product\/unitree-aliengos-battery-charge\/#breadcrumb","itemListElement":[{"@type":"ListItem","position":1,"name":"Home","item":"https:\/\/www.ghostysky.com\/"},{"@type":"ListItem","position":2,"name":"Shop","item":"https:\/\/www.ghostysky.com\/shop\/"},{"@type":"ListItem","position":3,"name":"Unitree Aliengo&#8217;s battery charge"}]},{"@type":"WebSite","@id":"https:\/\/www.ghostysky.com\/#website","url":"https:\/\/www.ghostysky.com\/","name":"Ghostysky","description":"Ofrecemos soluciones profesionales de drones y rob\u00f3tica.","publisher":{"@id":"https:\/\/www.ghostysky.com\/#organization"},"potentialAction":[{"@type":"SearchAction","target":{"@type":"EntryPoint","urlTemplate":"https:\/\/www.ghostysky.com\/?s={search_term_string}"},"query-input":{"@type":"PropertyValueSpecification","valueRequired":true,"valueName":"search_term_string"}}],"inLanguage":"es"},{"@type":"Organization","@id":"https:\/\/www.ghostysky.com\/#organization","name":"Ghostysky","url":"https:\/\/www.ghostysky.com\/","logo":{"@type":"ImageObject","inLanguage":"es","@id":"https:\/\/www.ghostysky.com\/#\/schema\/logo\/image\/","url":"https:\/\/www.ghostysky.com\/wp-content\/uploads\/2020\/06\/cropped-ghostyskylogo_text_white2.png","contentUrl":"https:\/\/www.ghostysky.com\/wp-content\/uploads\/2020\/06\/cropped-ghostyskylogo_text_white2.png","width":169,"height":56,"caption":"Ghostysky"},"image":{"@id":"https:\/\/www.ghostysky.com\/#\/schema\/logo\/image\/"},"sameAs":["https:\/\/www.facebook.com\/people\/Ghostysky\/100057676170234\/","https:\/\/x.com\/Gh0stysky","https:\/\/www.linkedin.com\/company\/34739653","https:\/\/www.instagram.com\/gh0stysky"]}]}},"_links":{"self":[{"href":"https:\/\/www.ghostysky.com\/es\/wp-json\/wp\/v2\/product\/21331","targetHints":{"allow":["GET"]}}],"collection":[{"href":"https:\/\/www.ghostysky.com\/es\/wp-json\/wp\/v2\/product"}],"about":[{"href":"https:\/\/www.ghostysky.com\/es\/wp-json\/wp\/v2\/types\/product"}],"replies":[{"embeddable":true,"href":"https:\/\/www.ghostysky.com\/es\/wp-json\/wp\/v2\/comments?post=21331"}],"version-history":[{"count":0,"href":"https:\/\/www.ghostysky.com\/es\/wp-json\/wp\/v2\/product\/21331\/revisions"}],"wp:featuredmedia":[{"embeddable":true,"href":"https:\/\/www.ghostysky.com\/es\/wp-json\/wp\/v2\/media\/21333"}],"wp:attachment":[{"href":"https:\/\/www.ghostysky.com\/es\/wp-json\/wp\/v2\/media?parent=21331"}],"wp:term":[{"taxonomy":"product_brand","embeddable":true,"href":"https:\/\/www.ghostysky.com\/es\/wp-json\/wp\/v2\/product_brand?post=21331"},{"taxonomy":"product_cat","embeddable":true,"href":"https:\/\/www.ghostysky.com\/es\/wp-json\/wp\/v2\/product_cat?post=21331"},{"taxonomy":"product_tag","embeddable":true,"href":"https:\/\/www.ghostysky.com\/es\/wp-json\/wp\/v2\/product_tag?post=21331"}],"curies":[{"name":"wp","href":"https:\/\/api.w.org\/{rel}","templated":true}]}}