{"id":21334,"date":"2025-10-16T11:30:58","date_gmt":"2025-10-16T11:30:58","guid":{"rendered":"https:\/\/www.ghostysky.com\/?post_type=product&#038;p=21334"},"modified":"2025-10-16T11:42:13","modified_gmt":"2025-10-16T11:42:13","slug":"unitree-z1-pro","status":"publish","type":"product","link":"https:\/\/www.ghostysky.com\/es\/product\/unitree-z1-pro\/","title":{"rendered":"Unitree Z1 Pro"},"content":{"rendered":"<h3><b>Caracter\u00edsticas y aplicaciones clave<\/b><\/h3>\n<ul>\n<li><b>Optimizado para plataformas m\u00f3viles:<\/b><span class=\"citation-86 citation-end-86\"> Dise\u00f1ado espec\u00edficamente para ser liviano (aprox.<sup class=\"superscript\" data-turn-source-index=\"2\">2<\/sup><\/span> <span class=\"math-inline\" data-math=\"4.3-4.5\\text{ kg}\">$4.3-4.5\\texto{ kg}$<\/span><span class=\"citation-85 citation-end-85\">) y f\u00e1cilmente integrables, transformando robots cuadr\u00fapedos en manipuladores m\u00f3viles altamente funcionales capaces de realizar tareas complejas en diversos entornos.<\/span><\/li>\n<li><b><span class=\"citation-84\">Alta destreza y precisi\u00f3n:<\/span><\/b><span class=\"citation-84 citation-end-84\"> Con 6 ejes de movimiento y un alcance m\u00e1ximo de <sup class=\"superscript\" data-turn-source-index=\"4\">4<\/sup><\/span><span class=\"math-inline\" data-math=\"740\\text{ mm}\">$740\\texto{ mm}$<\/span><span class=\"citation-83 citation-end-83\">El Z1 Pro ofrece una repetibilidad de <sup class=\"superscript\" data-turn-source-index=\"5\">5<\/sup><\/span><span class=\"math-inline\" data-math=\"\\pm 0.1\\text{ mm}\">$\\pm 0.1\\texto{ mm}$<\/span><span class=\"citation-82 citation-end-82\">, adecuado para tareas de precisi\u00f3n.<\/span><\/li>\n<li><b>Capacidad de carga \u00fatil suficiente:<\/b><span class=\"citation-81 citation-end-81\"> La versi\u00f3n Pro admite una carga \u00fatil robusta de <sup class=\"superscript\" data-turn-source-index=\"7\">7<\/sup><\/span><span class=\"math-inline\" data-math=\"3\\text{ kg}\">$3\\texto{ kg}$<\/span><span class=\"citation-80 citation-end-80\"> arriba a <sup class=\"superscript\" data-turn-source-index=\"8\">8<\/sup><\/span><span class=\"math-inline\" data-math=\"5\\text{ kg}\">$5\\texto{ kg}$<\/span><span class=\"citation-79 citation-end-79\"> (dependiendo de la configuraci\u00f3n).<\/span><\/li>\n<li><b>Seguridad y control:<\/b><span class=\"citation-78 citation-end-78\"> Cuenta con control de fuerza conjunta y protecci\u00f3n contra colisiones sensible, lo que garantiza un funcionamiento seguro junto a las personas (brazo rob\u00f3tico colaborativo).<sup class=\"superscript\" data-turn-source-index=\"10\">10<\/sup><\/span> <span class=\"citation-77 citation-end-77\">Tambi\u00e9n admite la ense\u00f1anza de arrastre manual para una f\u00e1cil programaci\u00f3n.<\/span><\/li>\n<li><b>Abierto y vers\u00e1til:<\/b><span class=\"citation-76\"> Opera en un <\/span><b><span class=\"citation-76\">Ubuntu<\/span><\/b><span class=\"citation-76\"> sistema operativo, proporcionando una <\/span><b><span class=\"citation-76\">interfaz de programaci\u00f3n abierta<\/span><\/b><span class=\"citation-76 citation-end-76\"> (compatible con C++, ROS, etc.) y una interfaz extendida que permite el reemplazo r\u00e1pido de varios efectores finales (como pinzas, destornilladores, ventosas).<\/span><\/li>\n<li><b><span class=\"citation-75\">Componentes de grado industrial:<\/span><\/b><span class=\"citation-75 citation-end-75\"> Construido con potentes motores (hasta <sup class=\"superscript\" data-turn-source-index=\"13\">13<\/sup><\/span><span class=\"math-inline\" data-math=\"33\\text{ N}\\cdot\\text{m}\">$33\\texto{ N}\\cdot\\texto{m}$<\/span><span class=\"citation-74 citation-end-74\"> par m\u00e1ximo), reductores arm\u00f3nicos y codificadores de 15 bits de alta resoluci\u00f3n.<\/span><\/li>\n<li><b><span class=\"citation-73\">Ideal para:<\/span><\/b><span class=\"citation-73 citation-end-73\"> Investigaci\u00f3n y desarrollo, log\u00edstica de comercio electr\u00f3nico (selecci\u00f3n y clasificaci\u00f3n), inspecci\u00f3n industrial (cuando se monta sobre un cuadr\u00fapedo) y aplicaciones de rob\u00f3tica de servicio.<\/span><\/li>\n<\/ul>","protected":false},"excerpt":{"rendered":"<p><span class=\"citation-87\">El Unitree <\/span><b><span class=\"citation-87\">Brazo rob\u00f3tico Z1 Pro<\/span><\/b><span class=\"citation-87 citation-end-87\"> Es un manipulador compacto y de alto rendimiento de 6 grados de libertad (DOF) dise\u00f1ado para mejorar significativamente las capacidades de las plataformas de robots m\u00f3viles, en particular los robots cuadr\u00fapedos Unitree Aliengo y B1.<\/span><\/p>","protected":false},"featured_media":21335,"comment_status":"open","ping_status":"closed","template":"","meta":[],"product_brand":[1087],"product_cat":[1039,1037,1086],"product_tag":[1088,1098,1097],"class_list":{"0":"post-21334","1":"product","2":"type-product","3":"status-publish","4":"has-post-thumbnail","6":"product_brand-unitree","7":"product_cat-quadruped","8":"product_cat-robotics","9":"product_cat-unitree-quad-accessories","10":"product_tag-unitree","11":"product_tag-unitree-aliengo-accessories","12":"product_tag-unitree-aliengo-series","14":"first","15":"onbackorder","16":"taxable","17":"shipping-taxable","18":"purchasable","19":"product-type-simple"},"yoast_head":"<!-- This site is optimized with the Yoast SEO plugin v27.1.1 - https:\/\/yoast.com\/product\/yoast-seo-wordpress\/ -->\n<title>Unitree Z1 Pro - Ghostysky<\/title>\n<meta name=\"description\" content=\"The Unitree Z1 Pro Robotic Arm is a compact, high-performance 6-Degree-of-Freedom (DOF) manipulator designed to significantly enhance the capabilities of mobile robot platforms, particularly the Unitree Aliengo and B1 quadruped robots\" \/>\n<meta name=\"robots\" content=\"index, follow, max-snippet:-1, max-image-preview:large, max-video-preview:-1\" \/>\n<link rel=\"canonical\" href=\"https:\/\/www.ghostysky.com\/es\/producto-2\/unitree-z1-pro\/\" \/>\n<meta property=\"og:locale\" content=\"es_ES\" \/>\n<meta property=\"og:type\" content=\"article\" \/>\n<meta property=\"og:title\" content=\"Unitree Z1 Pro - Ghostysky\" \/>\n<meta property=\"og:description\" content=\"The Unitree Z1 Pro Robotic Arm is a compact, high-performance 6-Degree-of-Freedom (DOF) manipulator designed to significantly enhance the capabilities of mobile robot platforms, particularly the Unitree Aliengo and B1 quadruped robots\" \/>\n<meta property=\"og:url\" content=\"https:\/\/www.ghostysky.com\/es\/producto-2\/unitree-z1-pro\/\" \/>\n<meta property=\"og:site_name\" content=\"Ghostysky\" \/>\n<meta property=\"article:publisher\" content=\"https:\/\/www.facebook.com\/people\/Ghostysky\/100057676170234\/\" \/>\n<meta property=\"article:modified_time\" content=\"2025-10-16T11:42:13+00:00\" \/>\n<meta property=\"og:image\" content=\"https:\/\/www.ghostysky.com\/wp-content\/uploads\/2025\/10\/GH_UnitreeZ1Pro_1.png\" \/>\n\t<meta property=\"og:image:width\" content=\"650\" \/>\n\t<meta property=\"og:image:height\" content=\"650\" \/>\n\t<meta property=\"og:image:type\" content=\"image\/png\" \/>\n<meta name=\"twitter:card\" content=\"summary_large_image\" \/>\n<meta name=\"twitter:site\" content=\"@Gh0stysky\" \/>\n<meta name=\"twitter:label1\" content=\"Tiempo de lectura\" \/>\n\t<meta name=\"twitter:data1\" content=\"2 minutos\" \/>\n<script type=\"application\/ld+json\" class=\"yoast-schema-graph\">{\"@context\":\"https:\/\/schema.org\",\"@graph\":[{\"@type\":\"WebPage\",\"@id\":\"https:\/\/www.ghostysky.com\/product\/unitree-z1-pro\/\",\"url\":\"https:\/\/www.ghostysky.com\/product\/unitree-z1-pro\/\",\"name\":\"Unitree Z1 Pro - Ghostysky\",\"isPartOf\":{\"@id\":\"https:\/\/www.ghostysky.com\/#website\"},\"primaryImageOfPage\":{\"@id\":\"https:\/\/www.ghostysky.com\/product\/unitree-z1-pro\/#primaryimage\"},\"image\":{\"@id\":\"https:\/\/www.ghostysky.com\/product\/unitree-z1-pro\/#primaryimage\"},\"thumbnailUrl\":\"https:\/\/www.ghostysky.com\/wp-content\/uploads\/2025\/10\/GH_UnitreeZ1Pro_1.png\",\"datePublished\":\"2025-10-16T11:30:58+00:00\",\"dateModified\":\"2025-10-16T11:42:13+00:00\",\"description\":\"The Unitree Z1 Pro Robotic Arm is a compact, high-performance 6-Degree-of-Freedom (DOF) manipulator designed to significantly enhance the capabilities of mobile robot platforms, particularly the Unitree Aliengo and B1 quadruped robots\",\"breadcrumb\":{\"@id\":\"https:\/\/www.ghostysky.com\/product\/unitree-z1-pro\/#breadcrumb\"},\"inLanguage\":\"es\",\"potentialAction\":[{\"@type\":\"ReadAction\",\"target\":[\"https:\/\/www.ghostysky.com\/product\/unitree-z1-pro\/\"]}]},{\"@type\":\"ImageObject\",\"inLanguage\":\"es\",\"@id\":\"https:\/\/www.ghostysky.com\/product\/unitree-z1-pro\/#primaryimage\",\"url\":\"https:\/\/www.ghostysky.com\/wp-content\/uploads\/2025\/10\/GH_UnitreeZ1Pro_1.png\",\"contentUrl\":\"https:\/\/www.ghostysky.com\/wp-content\/uploads\/2025\/10\/GH_UnitreeZ1Pro_1.png\",\"width\":650,\"height\":650},{\"@type\":\"BreadcrumbList\",\"@id\":\"https:\/\/www.ghostysky.com\/product\/unitree-z1-pro\/#breadcrumb\",\"itemListElement\":[{\"@type\":\"ListItem\",\"position\":1,\"name\":\"Home\",\"item\":\"https:\/\/www.ghostysky.com\/\"},{\"@type\":\"ListItem\",\"position\":2,\"name\":\"Shop\",\"item\":\"https:\/\/www.ghostysky.com\/shop\/\"},{\"@type\":\"ListItem\",\"position\":3,\"name\":\"Unitree Z1 Pro\"}]},{\"@type\":\"WebSite\",\"@id\":\"https:\/\/www.ghostysky.com\/#website\",\"url\":\"https:\/\/www.ghostysky.com\/\",\"name\":\"Ghostysky\",\"description\":\"Delivering professional drones and services\",\"publisher\":{\"@id\":\"https:\/\/www.ghostysky.com\/#organization\"},\"potentialAction\":[{\"@type\":\"SearchAction\",\"target\":{\"@type\":\"EntryPoint\",\"urlTemplate\":\"https:\/\/www.ghostysky.com\/?s={search_term_string}\"},\"query-input\":{\"@type\":\"PropertyValueSpecification\",\"valueRequired\":true,\"valueName\":\"search_term_string\"}}],\"inLanguage\":\"es\"},{\"@type\":\"Organization\",\"@id\":\"https:\/\/www.ghostysky.com\/#organization\",\"name\":\"Ghostysky\",\"url\":\"https:\/\/www.ghostysky.com\/\",\"logo\":{\"@type\":\"ImageObject\",\"inLanguage\":\"es\",\"@id\":\"https:\/\/www.ghostysky.com\/#\/schema\/logo\/image\/\",\"url\":\"https:\/\/www.ghostysky.com\/wp-content\/uploads\/2020\/06\/cropped-ghostyskylogo_text_white2.png\",\"contentUrl\":\"https:\/\/www.ghostysky.com\/wp-content\/uploads\/2020\/06\/cropped-ghostyskylogo_text_white2.png\",\"width\":169,\"height\":56,\"caption\":\"Ghostysky\"},\"image\":{\"@id\":\"https:\/\/www.ghostysky.com\/#\/schema\/logo\/image\/\"},\"sameAs\":[\"https:\/\/www.facebook.com\/people\/Ghostysky\/100057676170234\/\",\"https:\/\/x.com\/Gh0stysky\",\"https:\/\/www.linkedin.com\/company\/34739653\",\"https:\/\/www.instagram.com\/gh0stysky\"]}]}<\/script>\n<!-- \/ Yoast SEO plugin. -->","yoast_head_json":{"title":"Unitree Z1 Pro - Ghostysky","description":"El brazo rob\u00f3tico Unitree Z1 Pro es un manipulador compacto y de alto rendimiento de 6 grados de libertad (DOF) dise\u00f1ado para mejorar significativamente las capacidades de las plataformas de robots m\u00f3viles, en particular los robots cuadr\u00fapedos Unitree Aliengo y B1.","robots":{"index":"index","follow":"follow","max-snippet":"max-snippet:-1","max-image-preview":"max-image-preview:large","max-video-preview":"max-video-preview:-1"},"canonical":"https:\/\/www.ghostysky.com\/es\/producto-2\/unitree-z1-pro\/","og_locale":"es_ES","og_type":"article","og_title":"Unitree Z1 Pro - Ghostysky","og_description":"The Unitree Z1 Pro Robotic Arm is a compact, high-performance 6-Degree-of-Freedom (DOF) manipulator designed to significantly enhance the capabilities of mobile robot platforms, particularly the Unitree Aliengo and B1 quadruped robots","og_url":"https:\/\/www.ghostysky.com\/es\/producto-2\/unitree-z1-pro\/","og_site_name":"Ghostysky","article_publisher":"https:\/\/www.facebook.com\/people\/Ghostysky\/100057676170234\/","article_modified_time":"2025-10-16T11:42:13+00:00","og_image":[{"width":650,"height":650,"url":"https:\/\/www.ghostysky.com\/wp-content\/uploads\/2025\/10\/GH_UnitreeZ1Pro_1.png","type":"image\/png"}],"twitter_card":"summary_large_image","twitter_site":"@Gh0stysky","twitter_misc":{"Tiempo de lectura":"2 minutos"},"schema":{"@context":"https:\/\/schema.org","@graph":[{"@type":"WebPage","@id":"https:\/\/www.ghostysky.com\/product\/unitree-z1-pro\/","url":"https:\/\/www.ghostysky.com\/product\/unitree-z1-pro\/","name":"Unitree Z1 Pro - Ghostysky","isPartOf":{"@id":"https:\/\/www.ghostysky.com\/#website"},"primaryImageOfPage":{"@id":"https:\/\/www.ghostysky.com\/product\/unitree-z1-pro\/#primaryimage"},"image":{"@id":"https:\/\/www.ghostysky.com\/product\/unitree-z1-pro\/#primaryimage"},"thumbnailUrl":"https:\/\/www.ghostysky.com\/wp-content\/uploads\/2025\/10\/GH_UnitreeZ1Pro_1.png","datePublished":"2025-10-16T11:30:58+00:00","dateModified":"2025-10-16T11:42:13+00:00","description":"El brazo rob\u00f3tico Unitree Z1 Pro es un manipulador compacto y de alto rendimiento de 6 grados de libertad (DOF) dise\u00f1ado para mejorar significativamente las capacidades de las plataformas de robots m\u00f3viles, en particular los robots cuadr\u00fapedos Unitree Aliengo y B1.","breadcrumb":{"@id":"https:\/\/www.ghostysky.com\/product\/unitree-z1-pro\/#breadcrumb"},"inLanguage":"es","potentialAction":[{"@type":"ReadAction","target":["https:\/\/www.ghostysky.com\/product\/unitree-z1-pro\/"]}]},{"@type":"ImageObject","inLanguage":"es","@id":"https:\/\/www.ghostysky.com\/product\/unitree-z1-pro\/#primaryimage","url":"https:\/\/www.ghostysky.com\/wp-content\/uploads\/2025\/10\/GH_UnitreeZ1Pro_1.png","contentUrl":"https:\/\/www.ghostysky.com\/wp-content\/uploads\/2025\/10\/GH_UnitreeZ1Pro_1.png","width":650,"height":650},{"@type":"BreadcrumbList","@id":"https:\/\/www.ghostysky.com\/product\/unitree-z1-pro\/#breadcrumb","itemListElement":[{"@type":"ListItem","position":1,"name":"Home","item":"https:\/\/www.ghostysky.com\/"},{"@type":"ListItem","position":2,"name":"Shop","item":"https:\/\/www.ghostysky.com\/shop\/"},{"@type":"ListItem","position":3,"name":"Unitree Z1 Pro"}]},{"@type":"WebSite","@id":"https:\/\/www.ghostysky.com\/#website","url":"https:\/\/www.ghostysky.com\/","name":"Ghostysky","description":"Entrega de drones y servicios profesionales","publisher":{"@id":"https:\/\/www.ghostysky.com\/#organization"},"potentialAction":[{"@type":"SearchAction","target":{"@type":"EntryPoint","urlTemplate":"https:\/\/www.ghostysky.com\/?s={search_term_string}"},"query-input":{"@type":"PropertyValueSpecification","valueRequired":true,"valueName":"search_term_string"}}],"inLanguage":"es"},{"@type":"Organization","@id":"https:\/\/www.ghostysky.com\/#organization","name":"Ghostysky","url":"https:\/\/www.ghostysky.com\/","logo":{"@type":"ImageObject","inLanguage":"es","@id":"https:\/\/www.ghostysky.com\/#\/schema\/logo\/image\/","url":"https:\/\/www.ghostysky.com\/wp-content\/uploads\/2020\/06\/cropped-ghostyskylogo_text_white2.png","contentUrl":"https:\/\/www.ghostysky.com\/wp-content\/uploads\/2020\/06\/cropped-ghostyskylogo_text_white2.png","width":169,"height":56,"caption":"Ghostysky"},"image":{"@id":"https:\/\/www.ghostysky.com\/#\/schema\/logo\/image\/"},"sameAs":["https:\/\/www.facebook.com\/people\/Ghostysky\/100057676170234\/","https:\/\/x.com\/Gh0stysky","https:\/\/www.linkedin.com\/company\/34739653","https:\/\/www.instagram.com\/gh0stysky"]}]}},"_links":{"self":[{"href":"https:\/\/www.ghostysky.com\/es\/wp-json\/wp\/v2\/product\/21334","targetHints":{"allow":["GET"]}}],"collection":[{"href":"https:\/\/www.ghostysky.com\/es\/wp-json\/wp\/v2\/product"}],"about":[{"href":"https:\/\/www.ghostysky.com\/es\/wp-json\/wp\/v2\/types\/product"}],"replies":[{"embeddable":true,"href":"https:\/\/www.ghostysky.com\/es\/wp-json\/wp\/v2\/comments?post=21334"}],"wp:featuredmedia":[{"embeddable":true,"href":"https:\/\/www.ghostysky.com\/es\/wp-json\/wp\/v2\/media\/21335"}],"wp:attachment":[{"href":"https:\/\/www.ghostysky.com\/es\/wp-json\/wp\/v2\/media?parent=21334"}],"wp:term":[{"taxonomy":"product_brand","embeddable":true,"href":"https:\/\/www.ghostysky.com\/es\/wp-json\/wp\/v2\/product_brand?post=21334"},{"taxonomy":"product_cat","embeddable":true,"href":"https:\/\/www.ghostysky.com\/es\/wp-json\/wp\/v2\/product_cat?post=21334"},{"taxonomy":"product_tag","embeddable":true,"href":"https:\/\/www.ghostysky.com\/es\/wp-json\/wp\/v2\/product_tag?post=21334"}],"curies":[{"name":"wp","href":"https:\/\/api.w.org\/{rel}","templated":true}]}}