{"id":21336,"date":"2025-10-16T11:42:54","date_gmt":"2025-10-16T11:42:54","guid":{"rendered":"https:\/\/www.ghostysky.com\/?post_type=product&#038;p=21336"},"modified":"2025-10-16T11:43:31","modified_gmt":"2025-10-16T11:43:31","slug":"unitree-z1-gripper","status":"publish","type":"product","link":"https:\/\/www.ghostysky.com\/es\/product\/unitree-z1-gripper\/","title":{"rendered":"Pinza Unitree Z1"},"content":{"rendered":"<h3><b>Caracter\u00edsticas y capacidades clave<\/b><\/h3>\n<ul>\n<li><b>Agarre potente y preciso:<\/b><span class=\"citation-108\"> La pinza ofrece una robusta fuerza de agarre m\u00e1xima de <\/span><b><span class=\"citation-108\">150N a 200N<\/span><\/b><span class=\"citation-108\"> y puede manejar una carga \u00fatil m\u00e1xima de <\/span><b><span class=\"citation-108\">2 kilos<\/span><\/b><span class=\"citation-108 citation-end-108\">, garantizando un agarre seguro en diversos objetos.<\/span><\/li>\n<li><b><span class=\"citation-107\">Operaci\u00f3n r\u00e1pida:<\/span><\/b><span class=\"citation-107\"> Cuenta con un tiempo de apertura y cierre r\u00e1pido de tan solo <\/span><b><span class=\"citation-107\">0,5 segundos<\/span><\/b><span class=\"citation-107 citation-end-107\">, mejorando la velocidad operativa y la productividad en entornos din\u00e1micos.<\/span><\/li>\n<li><b><span class=\"citation-106\">Aplicaci\u00f3n vers\u00e1til:<\/span><\/b><span class=\"citation-106 citation-end-106\"> El Z1-Gripper es ideal para una amplia gama de tareas en automatizaci\u00f3n industrial, investigaci\u00f3n y log\u00edstica, incluyendo recoger objetos, abrir y cerrar puertas, realizar montajes sencillos como fijar tornillos y mucho m\u00e1s.<\/span><\/li>\n<li><b><span class=\"citation-105\">Dise\u00f1o compacto y liviano:<\/span><\/b><span class=\"citation-105 citation-end-105\"> Con dimensiones de aproximadamente <sup class=\"superscript\" data-turn-source-index=\"5\">5<\/sup><\/span><span class=\"math-inline\" data-math=\"139 \\text{ mm} \\times 80 \\text{ mm} \\times 68 \\text{ mm}\">$139 \\texto{ mm} \\times 80 \\texto{ mm} \\times 68 \\texto{ mm}$<\/span><span class=\"citation-104 citation-end-104\"> y un peso de solo <sup class=\"superscript\" data-turn-source-index=\"6\">6<\/sup><\/span><b><span class=\"math-inline\" data-math=\"700 \\text{g} \\sim 750 \\text{g}\">$700 \\texto{g} \\sim 750 \\texto{g}$<\/span><\/b><span class=\"citation-103 citation-end-103\">, mantiene la agilidad y portabilidad del sistema rob\u00f3tico.<\/span><\/li>\n<li><b><span class=\"citation-102\">Amplio rango de movimiento:<\/span><\/b><span class=\"citation-102 citation-end-102\"> Proporciona un \u00e1ngulo m\u00e1ximo de apertura\/cierre de <sup class=\"superscript\" data-turn-source-index=\"8\">8<\/sup><\/span><b><span class=\"math-inline\" data-math=\"90^\\circ\">$90^\\circ$<\/span><\/b><span class=\"citation-101 citation-end-101\">, lo que le permite adaptarse a diferentes formas y tama\u00f1os de art\u00edculos.<\/span><\/li>\n<li><b>Compatibilidad del sistema:<\/b><span class=\"citation-100\"> La pinza es totalmente compatible con el brazo rob\u00f3tico Unitree Z1 y se puede utilizar con plataformas m\u00f3viles de Unitree como la <\/span><b><span class=\"citation-100\">Aliengo<\/span><\/b><span class=\"citation-100\"> y <\/span><b><span class=\"citation-100\">B1<\/span><\/b><span class=\"citation-100 citation-end-100\"> robots cuadr\u00fapedos, as\u00ed como otros sistemas rob\u00f3ticos m\u00f3viles.<\/span><\/li>\n<li><b><span class=\"citation-99\">Integraci\u00f3n t\u00e9cnica:<\/span><\/b><span class=\"citation-99\"> Opera en <\/span><b><span class=\"citation-99\">24 V<\/span><\/b><span class=\"citation-99\"> con un consumo m\u00e1ximo de energ\u00eda de <\/span><b><span class=\"citation-99\">70 W<\/span><\/b><span class=\"citation-99\"> y usos <\/span><b><span class=\"citation-99\">RS485<\/span><\/b><span class=\"citation-99 citation-end-99\"> para una comunicaci\u00f3n confiable.<\/span><\/li>\n<\/ul>\n<p>El Unitree Z1-Gripper es una herramienta esencial para ampliar la funcionalidad del brazo rob\u00f3tico Z1, transform\u00e1ndolo en un manipulador capaz para aplicaciones del mundo real que requieren un manejo de objetos eficiente y confiable.<\/p>","protected":false},"excerpt":{"rendered":"<p><span class=\"citation-109\">El <\/span><b><span class=\"citation-109\">Pinza Unitree Z1<\/span><\/b><span class=\"citation-109 citation-end-109\"> es un efector final rob\u00f3tico compacto y de alto rendimiento dise\u00f1ado para tareas de manipulaci\u00f3n de precisi\u00f3n y que sirve como accesorio vers\u00e1til para el brazo rob\u00f3tico Unitree Z1.<\/span><\/p>","protected":false},"featured_media":21337,"comment_status":"open","ping_status":"closed","template":"","meta":[],"product_brand":[1087],"product_cat":[1039,1037,1086],"product_tag":[1095,1098,1089],"class_list":{"0":"post-21336","1":"product","2":"type-product","3":"status-publish","4":"has-post-thumbnail","6":"product_brand-unitree","7":"product_cat-quadruped","8":"product_cat-robotics","9":"product_cat-unitree-quad-accessories","10":"product_tag-unitre","11":"product_tag-unitree-aliengo-accessories","12":"product_tag-unitree-quadruped","14":"first","15":"onbackorder","16":"taxable","17":"shipping-taxable","18":"purchasable","19":"product-type-simple"},"yoast_head":"<!-- This site is optimized with the Yoast SEO plugin v27.4 - https:\/\/yoast.com\/product\/yoast-seo-wordpress\/ -->\n<title>Unitree Z1-Gripper - Ghostysky<\/title>\n<meta name=\"description\" content=\"The Unitree Z1-Gripper is a compact, high-performance robotic end-effector designed for precision manipulation tasks, serving as a versatile accessory for the Unitree Z1 robotic arm.\" \/>\n<meta name=\"robots\" content=\"index, follow, max-snippet:-1, max-image-preview:large, max-video-preview:-1\" \/>\n<link rel=\"canonical\" href=\"https:\/\/www.ghostysky.com\/es\/producto-2\/unitree-z1-gripper\/\" \/>\n<meta property=\"og:locale\" content=\"es_ES\" \/>\n<meta property=\"og:type\" content=\"article\" \/>\n<meta property=\"og:title\" content=\"Unitree Z1-Gripper - Ghostysky\" \/>\n<meta property=\"og:description\" content=\"The Unitree Z1-Gripper is a compact, high-performance robotic end-effector designed for precision manipulation tasks, serving as a versatile accessory for the Unitree Z1 robotic arm.\" \/>\n<meta property=\"og:url\" content=\"https:\/\/www.ghostysky.com\/es\/producto-2\/unitree-z1-gripper\/\" \/>\n<meta property=\"og:site_name\" content=\"Ghostysky\" \/>\n<meta property=\"article:publisher\" content=\"https:\/\/www.facebook.com\/people\/Ghostysky\/100057676170234\/\" \/>\n<meta property=\"article:modified_time\" content=\"2025-10-16T11:43:31+00:00\" \/>\n<meta property=\"og:image\" content=\"https:\/\/www.ghostysky.com\/wp-content\/uploads\/2025\/10\/GH_Z1-Gripper_1.webp\" \/>\n\t<meta property=\"og:image:width\" content=\"800\" \/>\n\t<meta property=\"og:image:height\" content=\"800\" \/>\n\t<meta property=\"og:image:type\" content=\"image\/webp\" \/>\n<meta name=\"twitter:card\" content=\"summary_large_image\" \/>\n<meta name=\"twitter:site\" content=\"@Gh0stysky\" \/>\n<meta name=\"twitter:label1\" content=\"Tiempo de lectura\" \/>\n\t<meta name=\"twitter:data1\" content=\"2 minutos\" \/>\n<script type=\"application\/ld+json\" class=\"yoast-schema-graph\">{\"@context\":\"https:\\\/\\\/schema.org\",\"@graph\":[{\"@type\":\"WebPage\",\"@id\":\"https:\\\/\\\/www.ghostysky.com\\\/product\\\/unitree-z1-gripper\\\/\",\"url\":\"https:\\\/\\\/www.ghostysky.com\\\/product\\\/unitree-z1-gripper\\\/\",\"name\":\"Unitree Z1-Gripper - Ghostysky\",\"isPartOf\":{\"@id\":\"https:\\\/\\\/www.ghostysky.com\\\/#website\"},\"primaryImageOfPage\":{\"@id\":\"https:\\\/\\\/www.ghostysky.com\\\/product\\\/unitree-z1-gripper\\\/#primaryimage\"},\"image\":{\"@id\":\"https:\\\/\\\/www.ghostysky.com\\\/product\\\/unitree-z1-gripper\\\/#primaryimage\"},\"thumbnailUrl\":\"https:\\\/\\\/www.ghostysky.com\\\/wp-content\\\/uploads\\\/2025\\\/10\\\/GH_Z1-Gripper_1.webp\",\"datePublished\":\"2025-10-16T11:42:54+00:00\",\"dateModified\":\"2025-10-16T11:43:31+00:00\",\"description\":\"The Unitree Z1-Gripper is a compact, high-performance robotic end-effector designed for precision manipulation tasks, serving as a versatile accessory for the Unitree Z1 robotic arm.\",\"breadcrumb\":{\"@id\":\"https:\\\/\\\/www.ghostysky.com\\\/product\\\/unitree-z1-gripper\\\/#breadcrumb\"},\"inLanguage\":\"es\",\"potentialAction\":[{\"@type\":\"ReadAction\",\"target\":[\"https:\\\/\\\/www.ghostysky.com\\\/product\\\/unitree-z1-gripper\\\/\"]}]},{\"@type\":\"ImageObject\",\"inLanguage\":\"es\",\"@id\":\"https:\\\/\\\/www.ghostysky.com\\\/product\\\/unitree-z1-gripper\\\/#primaryimage\",\"url\":\"https:\\\/\\\/www.ghostysky.com\\\/wp-content\\\/uploads\\\/2025\\\/10\\\/GH_Z1-Gripper_1.webp\",\"contentUrl\":\"https:\\\/\\\/www.ghostysky.com\\\/wp-content\\\/uploads\\\/2025\\\/10\\\/GH_Z1-Gripper_1.webp\",\"width\":800,\"height\":800},{\"@type\":\"BreadcrumbList\",\"@id\":\"https:\\\/\\\/www.ghostysky.com\\\/product\\\/unitree-z1-gripper\\\/#breadcrumb\",\"itemListElement\":[{\"@type\":\"ListItem\",\"position\":1,\"name\":\"Home\",\"item\":\"https:\\\/\\\/www.ghostysky.com\\\/\"},{\"@type\":\"ListItem\",\"position\":2,\"name\":\"Shop\",\"item\":\"https:\\\/\\\/www.ghostysky.com\\\/shop\\\/\"},{\"@type\":\"ListItem\",\"position\":3,\"name\":\"Unitree Z1-Gripper\"}]},{\"@type\":\"WebSite\",\"@id\":\"https:\\\/\\\/www.ghostysky.com\\\/#website\",\"url\":\"https:\\\/\\\/www.ghostysky.com\\\/\",\"name\":\"Ghostysky\",\"description\":\"Delivering professional drones and robotics solutions\",\"publisher\":{\"@id\":\"https:\\\/\\\/www.ghostysky.com\\\/#organization\"},\"potentialAction\":[{\"@type\":\"SearchAction\",\"target\":{\"@type\":\"EntryPoint\",\"urlTemplate\":\"https:\\\/\\\/www.ghostysky.com\\\/?s={search_term_string}\"},\"query-input\":{\"@type\":\"PropertyValueSpecification\",\"valueRequired\":true,\"valueName\":\"search_term_string\"}}],\"inLanguage\":\"es\"},{\"@type\":\"Organization\",\"@id\":\"https:\\\/\\\/www.ghostysky.com\\\/#organization\",\"name\":\"Ghostysky\",\"url\":\"https:\\\/\\\/www.ghostysky.com\\\/\",\"logo\":{\"@type\":\"ImageObject\",\"inLanguage\":\"es\",\"@id\":\"https:\\\/\\\/www.ghostysky.com\\\/#\\\/schema\\\/logo\\\/image\\\/\",\"url\":\"https:\\\/\\\/www.ghostysky.com\\\/wp-content\\\/uploads\\\/2020\\\/06\\\/cropped-ghostyskylogo_text_white2.png\",\"contentUrl\":\"https:\\\/\\\/www.ghostysky.com\\\/wp-content\\\/uploads\\\/2020\\\/06\\\/cropped-ghostyskylogo_text_white2.png\",\"width\":169,\"height\":56,\"caption\":\"Ghostysky\"},\"image\":{\"@id\":\"https:\\\/\\\/www.ghostysky.com\\\/#\\\/schema\\\/logo\\\/image\\\/\"},\"sameAs\":[\"https:\\\/\\\/www.facebook.com\\\/people\\\/Ghostysky\\\/100057676170234\\\/\",\"https:\\\/\\\/x.com\\\/Gh0stysky\",\"https:\\\/\\\/www.linkedin.com\\\/company\\\/34739653\",\"https:\\\/\\\/www.instagram.com\\\/gh0stysky\"]}]}<\/script>\n<!-- \/ Yoast SEO plugin. -->","yoast_head_json":{"title":"Pinza Unitree Z1 - Ghostysky","description":"El Unitree Z1-Gripper es un efector final rob\u00f3tico compacto y de alto rendimiento dise\u00f1ado para tareas de manipulaci\u00f3n de precisi\u00f3n y que sirve como accesorio vers\u00e1til para el brazo rob\u00f3tico Unitree Z1.","robots":{"index":"index","follow":"follow","max-snippet":"max-snippet:-1","max-image-preview":"max-image-preview:large","max-video-preview":"max-video-preview:-1"},"canonical":"https:\/\/www.ghostysky.com\/es\/producto-2\/unitree-z1-gripper\/","og_locale":"es_ES","og_type":"article","og_title":"Unitree Z1-Gripper - Ghostysky","og_description":"The Unitree Z1-Gripper is a compact, high-performance robotic end-effector designed for precision manipulation tasks, serving as a versatile accessory for the Unitree Z1 robotic arm.","og_url":"https:\/\/www.ghostysky.com\/es\/producto-2\/unitree-z1-gripper\/","og_site_name":"Ghostysky","article_publisher":"https:\/\/www.facebook.com\/people\/Ghostysky\/100057676170234\/","article_modified_time":"2025-10-16T11:43:31+00:00","og_image":[{"width":800,"height":800,"url":"https:\/\/www.ghostysky.com\/wp-content\/uploads\/2025\/10\/GH_Z1-Gripper_1.webp","type":"image\/webp"}],"twitter_card":"summary_large_image","twitter_site":"@Gh0stysky","twitter_misc":{"Tiempo de lectura":"2 minutos"},"schema":{"@context":"https:\/\/schema.org","@graph":[{"@type":"WebPage","@id":"https:\/\/www.ghostysky.com\/product\/unitree-z1-gripper\/","url":"https:\/\/www.ghostysky.com\/product\/unitree-z1-gripper\/","name":"Pinza Unitree Z1 - Ghostysky","isPartOf":{"@id":"https:\/\/www.ghostysky.com\/#website"},"primaryImageOfPage":{"@id":"https:\/\/www.ghostysky.com\/product\/unitree-z1-gripper\/#primaryimage"},"image":{"@id":"https:\/\/www.ghostysky.com\/product\/unitree-z1-gripper\/#primaryimage"},"thumbnailUrl":"https:\/\/www.ghostysky.com\/wp-content\/uploads\/2025\/10\/GH_Z1-Gripper_1.webp","datePublished":"2025-10-16T11:42:54+00:00","dateModified":"2025-10-16T11:43:31+00:00","description":"El Unitree Z1-Gripper es un efector final rob\u00f3tico compacto y de alto rendimiento dise\u00f1ado para tareas de manipulaci\u00f3n de precisi\u00f3n y que sirve como accesorio vers\u00e1til para el brazo rob\u00f3tico Unitree Z1.","breadcrumb":{"@id":"https:\/\/www.ghostysky.com\/product\/unitree-z1-gripper\/#breadcrumb"},"inLanguage":"es","potentialAction":[{"@type":"ReadAction","target":["https:\/\/www.ghostysky.com\/product\/unitree-z1-gripper\/"]}]},{"@type":"ImageObject","inLanguage":"es","@id":"https:\/\/www.ghostysky.com\/product\/unitree-z1-gripper\/#primaryimage","url":"https:\/\/www.ghostysky.com\/wp-content\/uploads\/2025\/10\/GH_Z1-Gripper_1.webp","contentUrl":"https:\/\/www.ghostysky.com\/wp-content\/uploads\/2025\/10\/GH_Z1-Gripper_1.webp","width":800,"height":800},{"@type":"BreadcrumbList","@id":"https:\/\/www.ghostysky.com\/product\/unitree-z1-gripper\/#breadcrumb","itemListElement":[{"@type":"ListItem","position":1,"name":"Home","item":"https:\/\/www.ghostysky.com\/"},{"@type":"ListItem","position":2,"name":"Shop","item":"https:\/\/www.ghostysky.com\/shop\/"},{"@type":"ListItem","position":3,"name":"Unitree Z1-Gripper"}]},{"@type":"WebSite","@id":"https:\/\/www.ghostysky.com\/#website","url":"https:\/\/www.ghostysky.com\/","name":"Ghostysky","description":"Ofrecemos soluciones profesionales de drones y rob\u00f3tica.","publisher":{"@id":"https:\/\/www.ghostysky.com\/#organization"},"potentialAction":[{"@type":"SearchAction","target":{"@type":"EntryPoint","urlTemplate":"https:\/\/www.ghostysky.com\/?s={search_term_string}"},"query-input":{"@type":"PropertyValueSpecification","valueRequired":true,"valueName":"search_term_string"}}],"inLanguage":"es"},{"@type":"Organization","@id":"https:\/\/www.ghostysky.com\/#organization","name":"Ghostysky","url":"https:\/\/www.ghostysky.com\/","logo":{"@type":"ImageObject","inLanguage":"es","@id":"https:\/\/www.ghostysky.com\/#\/schema\/logo\/image\/","url":"https:\/\/www.ghostysky.com\/wp-content\/uploads\/2020\/06\/cropped-ghostyskylogo_text_white2.png","contentUrl":"https:\/\/www.ghostysky.com\/wp-content\/uploads\/2020\/06\/cropped-ghostyskylogo_text_white2.png","width":169,"height":56,"caption":"Ghostysky"},"image":{"@id":"https:\/\/www.ghostysky.com\/#\/schema\/logo\/image\/"},"sameAs":["https:\/\/www.facebook.com\/people\/Ghostysky\/100057676170234\/","https:\/\/x.com\/Gh0stysky","https:\/\/www.linkedin.com\/company\/34739653","https:\/\/www.instagram.com\/gh0stysky"]}]}},"_links":{"self":[{"href":"https:\/\/www.ghostysky.com\/es\/wp-json\/wp\/v2\/product\/21336","targetHints":{"allow":["GET"]}}],"collection":[{"href":"https:\/\/www.ghostysky.com\/es\/wp-json\/wp\/v2\/product"}],"about":[{"href":"https:\/\/www.ghostysky.com\/es\/wp-json\/wp\/v2\/types\/product"}],"replies":[{"embeddable":true,"href":"https:\/\/www.ghostysky.com\/es\/wp-json\/wp\/v2\/comments?post=21336"}],"version-history":[{"count":0,"href":"https:\/\/www.ghostysky.com\/es\/wp-json\/wp\/v2\/product\/21336\/revisions"}],"wp:featuredmedia":[{"embeddable":true,"href":"https:\/\/www.ghostysky.com\/es\/wp-json\/wp\/v2\/media\/21337"}],"wp:attachment":[{"href":"https:\/\/www.ghostysky.com\/es\/wp-json\/wp\/v2\/media?parent=21336"}],"wp:term":[{"taxonomy":"product_brand","embeddable":true,"href":"https:\/\/www.ghostysky.com\/es\/wp-json\/wp\/v2\/product_brand?post=21336"},{"taxonomy":"product_cat","embeddable":true,"href":"https:\/\/www.ghostysky.com\/es\/wp-json\/wp\/v2\/product_cat?post=21336"},{"taxonomy":"product_tag","embeddable":true,"href":"https:\/\/www.ghostysky.com\/es\/wp-json\/wp\/v2\/product_tag?post=21336"}],"curies":[{"name":"wp","href":"https:\/\/api.w.org\/{rel}","templated":true}]}}